{"id":33056,"date":"2025-05-08T07:12:08","date_gmt":"2025-05-08T07:12:08","guid":{"rendered":"https:\/\/meteoquebec.ca\/?post_type=product&#038;p=33056"},"modified":"2025-12-05T05:10:30","modified_gmt":"2025-12-05T09:10:30","slug":"d762943-15-botte-de-travail-purofort","status":"publish","type":"product","link":"https:\/\/autravail.ca\/en\/product\/d762943-15-botte-de-travail-purofort\/","title":{"rendered":"D762943-15 - WORK boots - PUROFORT"},"content":{"rendered":"<p>Safety boots, Purofort - Dunlop <\/p>\n<ul>\n<li>The Purofort + Dunlop boots is warmer, lighter and longer than traditional rubber boots. The Purofort PU sole is both oil and seawater resistant, remaining flexible even at low temperatures. The outer sole has an ultra anti-slip TPU insert and resists numerous chemical products and various external conditions. It includes steel CSA class 1 fittings. Other features include:\n<\/li>\n<li>The flexible Purofort tree resists minerals, animal and vegetable oils and fats, fertilizers, acids, disinfectants, solvents, various chemical products, etc.\n<\/li>\n<li>Thermal isolation up to -20 C. Remains flexible and supple at low temperature.\n<\/li>\n<li>Antislip for a protection against storms\n<\/li>\n<li>Comfortable and shock-absorbing inner sole\n<\/li>\n<li>Flange and steel plate CSA class 1\n<\/li>\n<\/ul>","protected":false},"excerpt":{"rendered":"<p>Safety Boot, Purofort  Dunlop The Dunlop Purofort + boot is warmer, lighter, and longer-lasting than traditional rubber boots. The Purofort PU upper is resistant to oil and seawater, remaining flexible even at low temperatures. The outsole has a TPU insert []<\/p>","protected":false},"featured_media":17933,"comment_status":"open","ping_status":"closed","template":"","meta":[],"product_cat":[685,602],"product_tag":[251,252,242,253],"class_list":{"0":"post-33056","1":"product","2":"type-product","3":"status-publish","4":"has-post-thumbnail","6":"product_brand-dunlop","7":"product_cat-bottes-de-pluie","8":"product_cat-hommes","9":"product_tag-bottes-de-travail","10":"product_tag-electric-shock-resistant","11":"product_tag-homme","12":"product_tag-sole-protection","14":"first","15":"instock","16":"taxable","17":"shipping-taxable","18":"purchasable","19":"product-type-variable"},"yoast_head":"<!-- This site is optimized with the Yoast SEO plugin v25.3.1 - https:\/\/yoast.com\/wordpress\/plugins\/seo\/ -->\n<title>D762943-15 - BOTTE DE TRAVAIL - PUROFORT - Le Magasin Industriel<\/title>\n<meta name=\"robots\" content=\"index, follow, max-snippet:-1, max-image-preview:large, max-video-preview:-1\" \/>\n<link rel=\"canonical\" href=\"https:\/\/autravail.ca\/en\/product\/d762943-15-botte-de-travail-purofort\/\" \/>\n<meta property=\"og:locale\" content=\"en_US\" \/>\n<meta property=\"og:type\" content=\"article\" \/>\n<meta property=\"og:title\" content=\"D762943-15 - BOTTE DE TRAVAIL - PUROFORT - Le Magasin Industriel\" \/>\n<meta property=\"og:description\" content=\"Botte de s\u00e9curit\u00e9, Purofort &#8211; Dunlop La botte Purofort + de Dunlop est plus chaude, plus l\u00e9g\u00e8re et plus longue que les bottes en caoutchouc traditionnelles. L&#8217;empeigne Purofort PU est \u00e0 la fois r\u00e9sistante \u00e0 l&rsquo;huile et \u00e0 l&rsquo;eau de mer, restant flexible m\u00eame \u00e0 basses temp\u00e9ratures. La semelle ext\u00e9rieure a un insert en TPU [&hellip;]\" \/>\n<meta property=\"og:url\" content=\"https:\/\/autravail.ca\/en\/product\/d762943-15-botte-de-travail-purofort\/\" \/>\n<meta property=\"og:site_name\" content=\"Le Magasin Industriel\" \/>\n<meta property=\"article:publisher\" content=\"https:\/\/www.facebook.com\/lemagasinindustriel\/?locale=fr_FR\" \/>\n<meta property=\"article:modified_time\" content=\"2025-12-05T09:10:30+00:00\" \/>\n<meta property=\"og:image\" content=\"https:\/\/autravail.ca\/wp-content\/uploads\/2025\/05\/D762943-15_A001.jpg\" \/>\n\t<meta property=\"og:image:width\" content=\"1000\" \/>\n\t<meta property=\"og:image:height\" content=\"1000\" \/>\n\t<meta property=\"og:image:type\" content=\"image\/jpeg\" \/>\n<meta name=\"twitter:card\" content=\"summary_large_image\" \/>\n<meta name=\"twitter:label1\" content=\"Est. reading time\" \/>\n\t<meta name=\"twitter:data1\" content=\"1 minute\" \/>\n<script type=\"application\/ld+json\" class=\"yoast-schema-graph\">{\"@context\":\"https:\/\/schema.org\",\"@graph\":[{\"@type\":\"WebPage\",\"@id\":\"https:\/\/autravail.ca\/product\/d762943-15-botte-de-travail-purofort\/\",\"url\":\"https:\/\/autravail.ca\/product\/d762943-15-botte-de-travail-purofort\/\",\"name\":\"D762943-15 - BOTTE DE TRAVAIL - PUROFORT - Le Magasin Industriel\",\"isPartOf\":{\"@id\":\"https:\/\/autravail.ca\/#website\"},\"primaryImageOfPage\":{\"@id\":\"https:\/\/autravail.ca\/product\/d762943-15-botte-de-travail-purofort\/#primaryimage\"},\"image\":{\"@id\":\"https:\/\/autravail.ca\/product\/d762943-15-botte-de-travail-purofort\/#primaryimage\"},\"thumbnailUrl\":\"https:\/\/autravail.ca\/wp-content\/uploads\/2025\/05\/D762943-15_A001.jpg\",\"datePublished\":\"2025-05-08T07:12:08+00:00\",\"dateModified\":\"2025-12-05T09:10:30+00:00\",\"breadcrumb\":{\"@id\":\"https:\/\/autravail.ca\/product\/d762943-15-botte-de-travail-purofort\/#breadcrumb\"},\"inLanguage\":\"en-CA\",\"potentialAction\":[{\"@type\":\"ReadAction\",\"target\":[\"https:\/\/autravail.ca\/product\/d762943-15-botte-de-travail-purofort\/\"]}]},{\"@type\":\"ImageObject\",\"inLanguage\":\"en-CA\",\"@id\":\"https:\/\/autravail.ca\/product\/d762943-15-botte-de-travail-purofort\/#primaryimage\",\"url\":\"https:\/\/autravail.ca\/wp-content\/uploads\/2025\/05\/D762943-15_A001.jpg\",\"contentUrl\":\"https:\/\/autravail.ca\/wp-content\/uploads\/2025\/05\/D762943-15_A001.jpg\",\"width\":1000,\"height\":1000},{\"@type\":\"BreadcrumbList\",\"@id\":\"https:\/\/autravail.ca\/product\/d762943-15-botte-de-travail-purofort\/#breadcrumb\",\"itemListElement\":[{\"@type\":\"ListItem\",\"position\":1,\"name\":\"Accueil\",\"item\":\"https:\/\/autravail.ca\/\"},{\"@type\":\"ListItem\",\"position\":2,\"name\":\"Magasin\",\"item\":\"https:\/\/autravail.ca\/en\/shop\/\"},{\"@type\":\"ListItem\",\"position\":3,\"name\":\"D762943-15 &#8211; BOTTE DE TRAVAIL &#8211; PUROFORT\"}]},{\"@type\":\"WebSite\",\"@id\":\"https:\/\/autravail.ca\/#website\",\"url\":\"https:\/\/autravail.ca\/\",\"name\":\"Le Magasin Industriel\",\"description\":\"50 ans de tradition de s\u00e9curit\u00e9 au travail\",\"publisher\":{\"@id\":\"https:\/\/autravail.ca\/#organization\"},\"potentialAction\":[{\"@type\":\"SearchAction\",\"target\":{\"@type\":\"EntryPoint\",\"urlTemplate\":\"https:\/\/autravail.ca\/?s={search_term_string}\"},\"query-input\":{\"@type\":\"PropertyValueSpecification\",\"valueRequired\":true,\"valueName\":\"search_term_string\"}}],\"inLanguage\":\"en-CA\"},{\"@type\":\"Organization\",\"@id\":\"https:\/\/autravail.ca\/#organization\",\"name\":\"Le Magasin Industriel\",\"url\":\"https:\/\/autravail.ca\/\",\"logo\":{\"@type\":\"ImageObject\",\"inLanguage\":\"en-CA\",\"@id\":\"https:\/\/autravail.ca\/#\/schema\/logo\/image\/\",\"url\":\"https:\/\/autravail.ca\/wp-content\/uploads\/2025\/05\/cropped-magasin_industriel_120x.avif\",\"contentUrl\":\"https:\/\/autravail.ca\/wp-content\/uploads\/2025\/05\/cropped-magasin_industriel_120x.avif\",\"width\":120,\"height\":24,\"caption\":\"Le Magasin Industriel\"},\"image\":{\"@id\":\"https:\/\/autravail.ca\/#\/schema\/logo\/image\/\"},\"sameAs\":[\"https:\/\/www.facebook.com\/lemagasinindustriel\/?locale=fr_FR\"]}]}<\/script>\n<!-- \/ Yoast SEO plugin. -->","yoast_head_json":{"title":"D762943-15 - BOTTE DE TRAVAIL - PUROFORT - Le Magasin Industriel","robots":{"index":"index","follow":"follow","max-snippet":"max-snippet:-1","max-image-preview":"max-image-preview:large","max-video-preview":"max-video-preview:-1"},"canonical":"https:\/\/autravail.ca\/en\/product\/d762943-15-botte-de-travail-purofort\/","og_locale":"en_US","og_type":"article","og_title":"D762943-15 - BOTTE DE TRAVAIL - PUROFORT - Le Magasin Industriel","og_description":"Botte de s\u00e9curit\u00e9, Purofort &#8211; Dunlop La botte Purofort + de Dunlop est plus chaude, plus l\u00e9g\u00e8re et plus longue que les bottes en caoutchouc traditionnelles. L&#8217;empeigne Purofort PU est \u00e0 la fois r\u00e9sistante \u00e0 l&rsquo;huile et \u00e0 l&rsquo;eau de mer, restant flexible m\u00eame \u00e0 basses temp\u00e9ratures. La semelle ext\u00e9rieure a un insert en TPU [&hellip;]","og_url":"https:\/\/autravail.ca\/en\/product\/d762943-15-botte-de-travail-purofort\/","og_site_name":"Le Magasin Industriel","article_publisher":"https:\/\/www.facebook.com\/lemagasinindustriel\/?locale=fr_FR","article_modified_time":"2025-12-05T09:10:30+00:00","og_image":[{"width":1000,"height":1000,"url":"https:\/\/autravail.ca\/wp-content\/uploads\/2025\/05\/D762943-15_A001.jpg","type":"image\/jpeg"}],"twitter_card":"summary_large_image","twitter_misc":{"Est. reading time":"1 minute"},"schema":{"@context":"https:\/\/schema.org","@graph":[{"@type":"WebPage","@id":"https:\/\/autravail.ca\/product\/d762943-15-botte-de-travail-purofort\/","url":"https:\/\/autravail.ca\/product\/d762943-15-botte-de-travail-purofort\/","name":"D762943-15 - BOTTE DE TRAVAIL - PUROFORT - Le Magasin Industriel","isPartOf":{"@id":"https:\/\/autravail.ca\/#website"},"primaryImageOfPage":{"@id":"https:\/\/autravail.ca\/product\/d762943-15-botte-de-travail-purofort\/#primaryimage"},"image":{"@id":"https:\/\/autravail.ca\/product\/d762943-15-botte-de-travail-purofort\/#primaryimage"},"thumbnailUrl":"https:\/\/autravail.ca\/wp-content\/uploads\/2025\/05\/D762943-15_A001.jpg","datePublished":"2025-05-08T07:12:08+00:00","dateModified":"2025-12-05T09:10:30+00:00","breadcrumb":{"@id":"https:\/\/autravail.ca\/product\/d762943-15-botte-de-travail-purofort\/#breadcrumb"},"inLanguage":"en-CA","potentialAction":[{"@type":"ReadAction","target":["https:\/\/autravail.ca\/product\/d762943-15-botte-de-travail-purofort\/"]}]},{"@type":"ImageObject","inLanguage":"en-CA","@id":"https:\/\/autravail.ca\/product\/d762943-15-botte-de-travail-purofort\/#primaryimage","url":"https:\/\/autravail.ca\/wp-content\/uploads\/2025\/05\/D762943-15_A001.jpg","contentUrl":"https:\/\/autravail.ca\/wp-content\/uploads\/2025\/05\/D762943-15_A001.jpg","width":1000,"height":1000},{"@type":"BreadcrumbList","@id":"https:\/\/autravail.ca\/product\/d762943-15-botte-de-travail-purofort\/#breadcrumb","itemListElement":[{"@type":"ListItem","position":1,"name":"Accueil","item":"https:\/\/autravail.ca\/"},{"@type":"ListItem","position":2,"name":"Magasin","item":"https:\/\/autravail.ca\/en\/shop\/"},{"@type":"ListItem","position":3,"name":"D762943-15 &#8211; BOTTE DE TRAVAIL &#8211; PUROFORT"}]},{"@type":"WebSite","@id":"https:\/\/autravail.ca\/#website","url":"https:\/\/autravail.ca\/","name":"Le Magasin Industriel","description":"50 ans de tradition de s\u00e9curit\u00e9 au travail","publisher":{"@id":"https:\/\/autravail.ca\/#organization"},"potentialAction":[{"@type":"SearchAction","target":{"@type":"EntryPoint","urlTemplate":"https:\/\/autravail.ca\/?s={search_term_string}"},"query-input":{"@type":"PropertyValueSpecification","valueRequired":true,"valueName":"search_term_string"}}],"inLanguage":"en-CA"},{"@type":"Organization","@id":"https:\/\/autravail.ca\/#organization","name":"Le Magasin Industriel","url":"https:\/\/autravail.ca\/","logo":{"@type":"ImageObject","inLanguage":"en-CA","@id":"https:\/\/autravail.ca\/#\/schema\/logo\/image\/","url":"https:\/\/autravail.ca\/wp-content\/uploads\/2025\/05\/cropped-magasin_industriel_120x.avif","contentUrl":"https:\/\/autravail.ca\/wp-content\/uploads\/2025\/05\/cropped-magasin_industriel_120x.avif","width":120,"height":24,"caption":"Le Magasin Industriel"},"image":{"@id":"https:\/\/autravail.ca\/#\/schema\/logo\/image\/"},"sameAs":["https:\/\/www.facebook.com\/lemagasinindustriel\/?locale=fr_FR"]}]}},"jetpack_sharing_enabled":true,"_links":{"self":[{"href":"https:\/\/autravail.ca\/en\/wp-json\/wp\/v2\/product\/33056","targetHints":{"allow":["GET"]}}],"collection":[{"href":"https:\/\/autravail.ca\/en\/wp-json\/wp\/v2\/product"}],"about":[{"href":"https:\/\/autravail.ca\/en\/wp-json\/wp\/v2\/types\/product"}],"replies":[{"embeddable":true,"href":"https:\/\/autravail.ca\/en\/wp-json\/wp\/v2\/comments?post=33056"}],"wp:featuredmedia":[{"embeddable":true,"href":"https:\/\/autravail.ca\/en\/wp-json\/wp\/v2\/media\/17933"}],"wp:attachment":[{"href":"https:\/\/autravail.ca\/en\/wp-json\/wp\/v2\/media?parent=33056"}],"wp:term":[{"taxonomy":"product_cat","embeddable":true,"href":"https:\/\/autravail.ca\/en\/wp-json\/wp\/v2\/product_cat?post=33056"},{"taxonomy":"product_tag","embeddable":true,"href":"https:\/\/autravail.ca\/en\/wp-json\/wp\/v2\/product_tag?post=33056"}],"curies":[{"name":"wp","href":"https:\/\/api.w.org\/{rel}","templated":true}]}}