{"id":33037,"date":"2025-05-08T07:11:43","date_gmt":"2025-05-08T07:11:43","guid":{"rendered":"https:\/\/meteoquebec.ca\/?post_type=product&#038;p=33037"},"modified":"2026-03-31T12:27:22","modified_gmt":"2026-03-31T16:27:22","slug":"botte-de-travail-dhiver-crossbeam-4nqubk","status":"publish","type":"product","link":"https:\/\/autravail.ca\/en\/product\/botte-de-travail-dhiver-crossbeam-4nqubk\/","title":{"rendered":"Botte de travail d&rsquo;hiver Crossbeam &#8211; 4NQUBK"},"content":{"rendered":"<h3>Botte de travail d&rsquo;hiver Crossbeam &#8211; 4NQUBK<\/h3>\n<p>Botte de travail d&rsquo;hiver Crossbeam &#8211; 4NQUBK. Affrontez le froid avec la <a href=\"https:\/\/autravail.ca\/en\/product-brand\/terra\/\">TERRA<\/a>\u00ae Crossbeam. Cette botte de travail pour climats froids est dot\u00e9e d&rsquo;une doublure amovible \u00e0 3 couches et d&rsquo;une isolation Thinsulate\u2122 Ultra de 400 grammes pour vous garder au chaud jusqu&rsquo;\u00e0 -40 \u00b0C. La tige en cuir pleine fleur d\u00e9perlant est triple couture et \u00e9tanche gr\u00e2ce \u00e0 des coutures scell\u00e9es. La semelle ext\u00e9rieure en PU reste flexible m\u00eame par temps extr\u00eame. La protection est assur\u00e9e par un embout et une plaque composites, mont\u00e9s sur une semelle ext\u00e9rieure en caoutchouc haute adh\u00e9rence avec un motif \u00e0 crampons en losange con\u00e7u pour une traction optimale par temps froid.<\/p>\n<p><img decoding=\"async\" class=\"alignnone size-full wp-image-40117\" src=\"https:\/\/autravail.ca\/wp-content\/uploads\/2025\/09\/Certification-Omega-Triangle-vert.jpg\" alt=\"Certifications Om\u00e9ga Triangle vert\" width=\"193\" height=\"110\" srcset=\"https:\/\/autravail.ca\/wp-content\/uploads\/2025\/09\/Certification-Omega-Triangle-vert.jpg 193w, https:\/\/autravail.ca\/wp-content\/uploads\/2025\/09\/Certification-Omega-Triangle-vert-150x85.jpg 150w, https:\/\/autravail.ca\/wp-content\/uploads\/2025\/09\/Certification-Omega-Triangle-vert-18x10.jpg 18w\" sizes=\"(max-width: 193px) 100vw, 193px\" \/><\/p>\n<h6>Characteristics:<\/h6>\n<ul>\n<li><span dir=\"auto\"><span dir=\"auto\">Tige en cuir pleine fleur d\u00e9perlant avec coutures \u00e9tanches et languette int\u00e9gr\u00e9e<\/span><\/span><\/li>\n<li><span dir=\"auto\"><span dir=\"auto\">Syst\u00e8me de doublure amovible \u00e0 3 couches<\/span><\/span><\/li>\n<li><span dir=\"auto\"><span dir=\"auto\">Isolation Thinsulate\u2122 Ultra de 400 g et doublure Cambrelle\u00ae trait\u00e9e antimicrobienne AGION\u00ae<\/span><\/span><\/li>\n<li><span dir=\"auto\"><span dir=\"auto\">Semelle ext\u00e9rieure en caoutchouc \u00e0 haute adh\u00e9rence et test\u00e9e thermiquement, avec motif \u00e0 crampons en losange<\/span><\/span><\/li>\n<li><span dir=\"auto\"><span dir=\"auto\">Semelle ext\u00e9rieure en polyur\u00e9thane inject\u00e9 \u00e0 froid avec syst\u00e8me d&rsquo;aide au d\u00e9chaussage.<\/span><\/span><\/li>\n<li><span dir=\"auto\"><span dir=\"auto\">Semelle int\u00e9rieure en mesh double couche et EVA absorbant l&rsquo;humidit\u00e9 et isolante.<\/span><\/span><\/li>\n<li><span dir=\"auto\"><span dir=\"auto\">Embout de s\u00e9curit\u00e9 composite homologu\u00e9 CSA, plaque composite, ESR<\/span><\/span><\/li>\n<li><span dir=\"auto\"><span dir=\"auto\">Temp\u00e9rature de confort : -40 \u00b0C \/ -40 \u00b0F<\/span><\/span><\/li>\n<li><span dir=\"auto\"><span dir=\"auto\">Poids : 1193 grammes \/ 2,63 livres par botte de pointure 9<\/span><\/span><\/li>\n<\/ul>\n<p><strong><em>Possible slight additional delivery delay for this model.<\/em><\/strong><\/p>\n<p><em><span style=\"color: #fa0b0b;\">Unisex U.S. men's sizes presented. To convert to U.S. women's size, add 2 sizes. Example: 5 U.S. men = 7 U.S. women<\/span><\/em><\/p>\n<p><img decoding=\"async\" class=\"alignnone wp-image-40620\" src=\"https:\/\/autravail.ca\/wp-content\/uploads\/2025\/09\/Jachete-quebec-et-canada.jpg\" alt=\"Logo de l'achat local\" width=\"162\" height=\"139\" \/>Merci d&rsquo;encourager une entreprise 100% d&rsquo;ici!<\/p>\n<p>TS2603H<\/p>","protected":false},"excerpt":{"rendered":"<p>Botte de travail d&rsquo;hiver Crossbeam &#8211; 4NQUBK Botte de travail d&rsquo;hiver Crossbeam &#8211; 4NQUBK. Affrontez le froid avec la TERRA\u00ae Crossbeam. Cette botte de travail pour climats froids est dot\u00e9e d&rsquo;une doublure amovible \u00e0 3 couches et d&rsquo;une isolation Thinsulate\u2122 Ultra de 400 grammes pour vous garder au chaud jusqu&rsquo;\u00e0 -40 \u00b0C. La tige en [&hellip;]<\/p>","protected":false},"featured_media":17904,"comment_status":"open","ping_status":"closed","template":"","meta":[],"product_cat":[670,671,642,602],"product_tag":[251,309,252,255,242,261,253],"class_list":{"0":"post-33037","1":"product","2":"type-product","3":"status-publish","4":"has-post-thumbnail","6":"product_brand-terra","7":"product_cat-bottes-dhiver","8":"product_cat-bottes-dhiver-csa","9":"product_cat-bottes-de-travail-femme","10":"product_cat-hommes","11":"product_tag-bottes-de-travail","12":"product_tag-csa-hiver","13":"product_tag-electric-shock-resistant","14":"product_tag-femme","15":"product_tag-homme","16":"product_tag-novago","17":"product_tag-sole-protection","19":"first","20":"instock","21":"taxable","22":"shipping-taxable","23":"purchasable","24":"product-type-variable"},"yoast_head":"<!-- This site is optimized with the Yoast SEO plugin v25.3.1 - https:\/\/yoast.com\/wordpress\/plugins\/seo\/ -->\n<title>Botte de travail d&#039;hiver Crossbeam - 4NQUBK - Le Magasin Industriel<\/title>\n<meta name=\"description\" content=\"Botte de travail d&#039;hiver Crossbeam - 4NQUBK pour climats froids est dot\u00e9e d&#039;une doublure amovible \u00e0 3 couches et d&#039;une isolation Thinsulate\" \/>\n<meta name=\"robots\" content=\"index, follow, max-snippet:-1, max-image-preview:large, max-video-preview:-1\" \/>\n<link rel=\"canonical\" href=\"https:\/\/autravail.ca\/en\/product\/botte-de-travail-dhiver-crossbeam-4nqubk\/\" \/>\n<meta property=\"og:locale\" content=\"en_US\" \/>\n<meta property=\"og:type\" content=\"article\" \/>\n<meta property=\"og:title\" content=\"Botte de travail d&#039;hiver Crossbeam - 4NQUBK - Le Magasin Industriel\" \/>\n<meta property=\"og:description\" content=\"Botte de travail d&#039;hiver Crossbeam - 4NQUBK pour climats froids est dot\u00e9e d&#039;une doublure amovible \u00e0 3 couches et d&#039;une isolation Thinsulate\" \/>\n<meta property=\"og:url\" content=\"https:\/\/autravail.ca\/en\/product\/botte-de-travail-dhiver-crossbeam-4nqubk\/\" \/>\n<meta property=\"og:site_name\" content=\"Le Magasin Industriel\" \/>\n<meta property=\"article:publisher\" content=\"https:\/\/www.facebook.com\/lemagasinindustriel\/?locale=fr_FR\" \/>\n<meta property=\"article:modified_time\" content=\"2026-03-31T16:27:22+00:00\" \/>\n<meta property=\"og:image\" content=\"https:\/\/autravail.ca\/wp-content\/uploads\/2025\/05\/4NQUBK_A01.jpg\" \/>\n\t<meta property=\"og:image:width\" content=\"1000\" \/>\n\t<meta property=\"og:image:height\" content=\"1000\" \/>\n\t<meta property=\"og:image:type\" content=\"image\/jpeg\" \/>\n<meta name=\"twitter:card\" content=\"summary_large_image\" \/>\n<meta name=\"twitter:label1\" content=\"Est. reading time\" \/>\n\t<meta name=\"twitter:data1\" content=\"2 minutes\" \/>\n<script type=\"application\/ld+json\" class=\"yoast-schema-graph\">{\"@context\":\"https:\/\/schema.org\",\"@graph\":[{\"@type\":\"WebPage\",\"@id\":\"https:\/\/autravail.ca\/product\/botte-de-travail-dhiver-crossbeam-4nqubk\/\",\"url\":\"https:\/\/autravail.ca\/product\/botte-de-travail-dhiver-crossbeam-4nqubk\/\",\"name\":\"Botte de travail d'hiver Crossbeam - 4NQUBK - Le Magasin Industriel\",\"isPartOf\":{\"@id\":\"https:\/\/autravail.ca\/#website\"},\"primaryImageOfPage\":{\"@id\":\"https:\/\/autravail.ca\/product\/botte-de-travail-dhiver-crossbeam-4nqubk\/#primaryimage\"},\"image\":{\"@id\":\"https:\/\/autravail.ca\/product\/botte-de-travail-dhiver-crossbeam-4nqubk\/#primaryimage\"},\"thumbnailUrl\":\"https:\/\/autravail.ca\/wp-content\/uploads\/2025\/05\/4NQUBK_A01.jpg\",\"datePublished\":\"2025-05-08T07:11:43+00:00\",\"dateModified\":\"2026-03-31T16:27:22+00:00\",\"description\":\"Botte de travail d'hiver Crossbeam - 4NQUBK pour climats froids est dot\u00e9e d'une doublure amovible \u00e0 3 couches et d'une isolation Thinsulate\",\"breadcrumb\":{\"@id\":\"https:\/\/autravail.ca\/product\/botte-de-travail-dhiver-crossbeam-4nqubk\/#breadcrumb\"},\"inLanguage\":\"en-CA\",\"potentialAction\":[{\"@type\":\"ReadAction\",\"target\":[\"https:\/\/autravail.ca\/product\/botte-de-travail-dhiver-crossbeam-4nqubk\/\"]}]},{\"@type\":\"ImageObject\",\"inLanguage\":\"en-CA\",\"@id\":\"https:\/\/autravail.ca\/product\/botte-de-travail-dhiver-crossbeam-4nqubk\/#primaryimage\",\"url\":\"https:\/\/autravail.ca\/wp-content\/uploads\/2025\/05\/4NQUBK_A01.jpg\",\"contentUrl\":\"https:\/\/autravail.ca\/wp-content\/uploads\/2025\/05\/4NQUBK_A01.jpg\",\"width\":1000,\"height\":1000,\"caption\":\"Botte de travail d'hiver Crossbeam - 4NQUBK\"},{\"@type\":\"BreadcrumbList\",\"@id\":\"https:\/\/autravail.ca\/product\/botte-de-travail-dhiver-crossbeam-4nqubk\/#breadcrumb\",\"itemListElement\":[{\"@type\":\"ListItem\",\"position\":1,\"name\":\"Accueil\",\"item\":\"https:\/\/autravail.ca\/\"},{\"@type\":\"ListItem\",\"position\":2,\"name\":\"Magasin\",\"item\":\"https:\/\/autravail.ca\/en\/shop\/\"},{\"@type\":\"ListItem\",\"position\":3,\"name\":\"Botte de travail d&rsquo;hiver Crossbeam &#8211; 4NQUBK\"}]},{\"@type\":\"WebSite\",\"@id\":\"https:\/\/autravail.ca\/#website\",\"url\":\"https:\/\/autravail.ca\/\",\"name\":\"Le Magasin Industriel\",\"description\":\"50 ans de tradition de s\u00e9curit\u00e9 au travail\",\"publisher\":{\"@id\":\"https:\/\/autravail.ca\/#organization\"},\"potentialAction\":[{\"@type\":\"SearchAction\",\"target\":{\"@type\":\"EntryPoint\",\"urlTemplate\":\"https:\/\/autravail.ca\/?s={search_term_string}\"},\"query-input\":{\"@type\":\"PropertyValueSpecification\",\"valueRequired\":true,\"valueName\":\"search_term_string\"}}],\"inLanguage\":\"en-CA\"},{\"@type\":\"Organization\",\"@id\":\"https:\/\/autravail.ca\/#organization\",\"name\":\"Le Magasin Industriel\",\"url\":\"https:\/\/autravail.ca\/\",\"logo\":{\"@type\":\"ImageObject\",\"inLanguage\":\"en-CA\",\"@id\":\"https:\/\/autravail.ca\/#\/schema\/logo\/image\/\",\"url\":\"https:\/\/autravail.ca\/wp-content\/uploads\/2025\/05\/cropped-magasin_industriel_120x.avif\",\"contentUrl\":\"https:\/\/autravail.ca\/wp-content\/uploads\/2025\/05\/cropped-magasin_industriel_120x.avif\",\"width\":120,\"height\":24,\"caption\":\"Le Magasin Industriel\"},\"image\":{\"@id\":\"https:\/\/autravail.ca\/#\/schema\/logo\/image\/\"},\"sameAs\":[\"https:\/\/www.facebook.com\/lemagasinindustriel\/?locale=fr_FR\"]}]}<\/script>\n<!-- \/ Yoast SEO plugin. -->","yoast_head_json":{"title":"Botte de travail d'hiver Crossbeam - 4NQUBK - Le Magasin Industriel","description":"Botte de travail d'hiver Crossbeam - 4NQUBK pour climats froids est dot\u00e9e d'une doublure amovible \u00e0 3 couches et d'une isolation Thinsulate","robots":{"index":"index","follow":"follow","max-snippet":"max-snippet:-1","max-image-preview":"max-image-preview:large","max-video-preview":"max-video-preview:-1"},"canonical":"https:\/\/autravail.ca\/en\/product\/botte-de-travail-dhiver-crossbeam-4nqubk\/","og_locale":"en_US","og_type":"article","og_title":"Botte de travail d'hiver Crossbeam - 4NQUBK - Le Magasin Industriel","og_description":"Botte de travail d'hiver Crossbeam - 4NQUBK pour climats froids est dot\u00e9e d'une doublure amovible \u00e0 3 couches et d'une isolation Thinsulate","og_url":"https:\/\/autravail.ca\/en\/product\/botte-de-travail-dhiver-crossbeam-4nqubk\/","og_site_name":"Le Magasin Industriel","article_publisher":"https:\/\/www.facebook.com\/lemagasinindustriel\/?locale=fr_FR","article_modified_time":"2026-03-31T16:27:22+00:00","og_image":[{"width":1000,"height":1000,"url":"https:\/\/autravail.ca\/wp-content\/uploads\/2025\/05\/4NQUBK_A01.jpg","type":"image\/jpeg"}],"twitter_card":"summary_large_image","twitter_misc":{"Est. reading time":"2 minutes"},"schema":{"@context":"https:\/\/schema.org","@graph":[{"@type":"WebPage","@id":"https:\/\/autravail.ca\/product\/botte-de-travail-dhiver-crossbeam-4nqubk\/","url":"https:\/\/autravail.ca\/product\/botte-de-travail-dhiver-crossbeam-4nqubk\/","name":"Botte de travail d'hiver Crossbeam - 4NQUBK - Le Magasin Industriel","isPartOf":{"@id":"https:\/\/autravail.ca\/#website"},"primaryImageOfPage":{"@id":"https:\/\/autravail.ca\/product\/botte-de-travail-dhiver-crossbeam-4nqubk\/#primaryimage"},"image":{"@id":"https:\/\/autravail.ca\/product\/botte-de-travail-dhiver-crossbeam-4nqubk\/#primaryimage"},"thumbnailUrl":"https:\/\/autravail.ca\/wp-content\/uploads\/2025\/05\/4NQUBK_A01.jpg","datePublished":"2025-05-08T07:11:43+00:00","dateModified":"2026-03-31T16:27:22+00:00","description":"Botte de travail d'hiver Crossbeam - 4NQUBK pour climats froids est dot\u00e9e d'une doublure amovible \u00e0 3 couches et d'une isolation Thinsulate","breadcrumb":{"@id":"https:\/\/autravail.ca\/product\/botte-de-travail-dhiver-crossbeam-4nqubk\/#breadcrumb"},"inLanguage":"en-CA","potentialAction":[{"@type":"ReadAction","target":["https:\/\/autravail.ca\/product\/botte-de-travail-dhiver-crossbeam-4nqubk\/"]}]},{"@type":"ImageObject","inLanguage":"en-CA","@id":"https:\/\/autravail.ca\/product\/botte-de-travail-dhiver-crossbeam-4nqubk\/#primaryimage","url":"https:\/\/autravail.ca\/wp-content\/uploads\/2025\/05\/4NQUBK_A01.jpg","contentUrl":"https:\/\/autravail.ca\/wp-content\/uploads\/2025\/05\/4NQUBK_A01.jpg","width":1000,"height":1000,"caption":"Botte de travail d'hiver Crossbeam - 4NQUBK"},{"@type":"BreadcrumbList","@id":"https:\/\/autravail.ca\/product\/botte-de-travail-dhiver-crossbeam-4nqubk\/#breadcrumb","itemListElement":[{"@type":"ListItem","position":1,"name":"Accueil","item":"https:\/\/autravail.ca\/"},{"@type":"ListItem","position":2,"name":"Magasin","item":"https:\/\/autravail.ca\/en\/shop\/"},{"@type":"ListItem","position":3,"name":"Botte de travail d&rsquo;hiver Crossbeam &#8211; 4NQUBK"}]},{"@type":"WebSite","@id":"https:\/\/autravail.ca\/#website","url":"https:\/\/autravail.ca\/","name":"Le Magasin Industriel","description":"50 ans de tradition de s\u00e9curit\u00e9 au travail","publisher":{"@id":"https:\/\/autravail.ca\/#organization"},"potentialAction":[{"@type":"SearchAction","target":{"@type":"EntryPoint","urlTemplate":"https:\/\/autravail.ca\/?s={search_term_string}"},"query-input":{"@type":"PropertyValueSpecification","valueRequired":true,"valueName":"search_term_string"}}],"inLanguage":"en-CA"},{"@type":"Organization","@id":"https:\/\/autravail.ca\/#organization","name":"Le Magasin Industriel","url":"https:\/\/autravail.ca\/","logo":{"@type":"ImageObject","inLanguage":"en-CA","@id":"https:\/\/autravail.ca\/#\/schema\/logo\/image\/","url":"https:\/\/autravail.ca\/wp-content\/uploads\/2025\/05\/cropped-magasin_industriel_120x.avif","contentUrl":"https:\/\/autravail.ca\/wp-content\/uploads\/2025\/05\/cropped-magasin_industriel_120x.avif","width":120,"height":24,"caption":"Le Magasin Industriel"},"image":{"@id":"https:\/\/autravail.ca\/#\/schema\/logo\/image\/"},"sameAs":["https:\/\/www.facebook.com\/lemagasinindustriel\/?locale=fr_FR"]}]}},"jetpack_sharing_enabled":true,"_links":{"self":[{"href":"https:\/\/autravail.ca\/en\/wp-json\/wp\/v2\/product\/33037","targetHints":{"allow":["GET"]}}],"collection":[{"href":"https:\/\/autravail.ca\/en\/wp-json\/wp\/v2\/product"}],"about":[{"href":"https:\/\/autravail.ca\/en\/wp-json\/wp\/v2\/types\/product"}],"replies":[{"embeddable":true,"href":"https:\/\/autravail.ca\/en\/wp-json\/wp\/v2\/comments?post=33037"}],"wp:featuredmedia":[{"embeddable":true,"href":"https:\/\/autravail.ca\/en\/wp-json\/wp\/v2\/media\/17904"}],"wp:attachment":[{"href":"https:\/\/autravail.ca\/en\/wp-json\/wp\/v2\/media?parent=33037"}],"wp:term":[{"taxonomy":"product_cat","embeddable":true,"href":"https:\/\/autravail.ca\/en\/wp-json\/wp\/v2\/product_cat?post=33037"},{"taxonomy":"product_tag","embeddable":true,"href":"https:\/\/autravail.ca\/en\/wp-json\/wp\/v2\/product_tag?post=33037"}],"curies":[{"name":"wp","href":"https:\/\/api.w.org\/{rel}","templated":true}]}}