{"id":33031,"date":"2025-05-08T07:11:40","date_gmt":"2025-05-08T07:11:40","guid":{"rendered":"https:\/\/meteoquebec.ca\/?post_type=product&#038;p=33031"},"modified":"2026-01-05T17:52:20","modified_gmt":"2026-01-05T21:52:20","slug":"soft-m006-botte-dhiver-zone","status":"publish","type":"product","link":"https:\/\/autravail.ca\/en\/product\/soft-m006-botte-dhiver-zone\/","title":{"rendered":"SOFT-M006 - WINTER boots - ZONE"},"content":{"rendered":"<ul><\/ul>\n<h3><span style=\"color: #262626; font-family: Helvetica;\">Winter Boots - Baffin - Zone<\/span><\/h3>\n<ul>\n<li>Temperature Grade: From 10C to 50F to -20C to -4F<\/li>\n<li>Slipper: Fixed adjustable shoe with removable inner sole (antimicrobial)<\/li>\n<li>Base: Polyurathane thermoplastic plate and tendon protector with intermediate EVA sole and rubber Polar sole<\/li>\n<li>Flexible zipper<\/li>\n<li>Closure before and rapid latching system<\/li>\n<li>Hydrophobic and air permeable soft-shelled pipe<\/li>\n<\/ul>\n<p><\/p>","protected":false},"excerpt":{"rendered":"<p>Winter Boots - Baffin - Temperature Zone: 10C 50F to -20C -4F. Sock: Adjustable fixed sock with removable antimicrobial inner sole. Base: Polyurethane thermoplastic plate and tendon protector with EVA intermediate sole and rubber Polar outsole. Flexible stitch construction. Front closure and quick lacing system.<\/p>","protected":false},"featured_media":17868,"comment_status":"open","ping_status":"closed","template":"","meta":[],"product_cat":[670],"product_tag":[307,242],"class_list":{"0":"post-33031","1":"product","2":"type-product","3":"status-publish","4":"has-post-thumbnail","6":"product_brand-baffin-plein-air","7":"product_cat-bottes-dhiver","8":"product_tag-bottes-dhiver","9":"product_tag-homme","11":"first","12":"instock","13":"taxable","14":"shipping-taxable","15":"purchasable","16":"product-type-variable"},"yoast_head":"<!-- This site is optimized with the Yoast SEO plugin v25.3.1 - https:\/\/yoast.com\/wordpress\/plugins\/seo\/ -->\n<title>SOFT-M006 - BOTTE D&#039;HIVER - ZONE - Le Magasin Industriel<\/title>\n<meta name=\"robots\" content=\"index, follow, max-snippet:-1, max-image-preview:large, max-video-preview:-1\" \/>\n<link rel=\"canonical\" href=\"https:\/\/autravail.ca\/en\/product\/soft-m006-botte-dhiver-zone\/\" \/>\n<meta property=\"og:locale\" content=\"en_US\" \/>\n<meta property=\"og:type\" content=\"article\" \/>\n<meta property=\"og:title\" content=\"SOFT-M006 - BOTTE D&#039;HIVER - ZONE - Le Magasin Industriel\" \/>\n<meta property=\"og:description\" content=\"Bottes d&rsquo;hiver &#8211; Baffin &#8211;\u00a0Zone Cote De Temp\u00e9rature: De 10C 50F \u00e0 -20C -4F. Chausson: Chausson ajuste fixe avec semelle int\u00e9rieure amovible antimicrobienne. Base: Plaque en polyur\u00e9thane thermoplastique et protecteur de tendon avec semelle interm\u00e9diaire d\u2019EVA et semelle d\u2019usure en caoutchouc Polar. Tige couture pour une souplesse accrue. Fermeture avant et syst\u00e8me de la\u00e7age rapide. [&hellip;]\" \/>\n<meta property=\"og:url\" content=\"https:\/\/autravail.ca\/en\/product\/soft-m006-botte-dhiver-zone\/\" \/>\n<meta property=\"og:site_name\" content=\"Le Magasin Industriel\" \/>\n<meta property=\"article:publisher\" content=\"https:\/\/www.facebook.com\/lemagasinindustriel\/?locale=fr_FR\" \/>\n<meta property=\"article:modified_time\" content=\"2026-01-05T21:52:20+00:00\" \/>\n<meta property=\"og:image\" content=\"https:\/\/autravail.ca\/wp-content\/uploads\/2025\/05\/SOFT-M006_A01.jpg\" \/>\n\t<meta property=\"og:image:width\" content=\"1000\" \/>\n\t<meta property=\"og:image:height\" content=\"1000\" \/>\n\t<meta property=\"og:image:type\" content=\"image\/jpeg\" \/>\n<meta name=\"twitter:card\" content=\"summary_large_image\" \/>\n<script type=\"application\/ld+json\" class=\"yoast-schema-graph\">{\"@context\":\"https:\/\/schema.org\",\"@graph\":[{\"@type\":\"WebPage\",\"@id\":\"https:\/\/autravail.ca\/product\/soft-m006-botte-dhiver-zone\/\",\"url\":\"https:\/\/autravail.ca\/product\/soft-m006-botte-dhiver-zone\/\",\"name\":\"SOFT-M006 - BOTTE D'HIVER - ZONE - Le Magasin Industriel\",\"isPartOf\":{\"@id\":\"https:\/\/autravail.ca\/#website\"},\"primaryImageOfPage\":{\"@id\":\"https:\/\/autravail.ca\/product\/soft-m006-botte-dhiver-zone\/#primaryimage\"},\"image\":{\"@id\":\"https:\/\/autravail.ca\/product\/soft-m006-botte-dhiver-zone\/#primaryimage\"},\"thumbnailUrl\":\"https:\/\/autravail.ca\/wp-content\/uploads\/2025\/05\/SOFT-M006_A01.jpg\",\"datePublished\":\"2025-05-08T07:11:40+00:00\",\"dateModified\":\"2026-01-05T21:52:20+00:00\",\"breadcrumb\":{\"@id\":\"https:\/\/autravail.ca\/product\/soft-m006-botte-dhiver-zone\/#breadcrumb\"},\"inLanguage\":\"en-CA\",\"potentialAction\":[{\"@type\":\"ReadAction\",\"target\":[\"https:\/\/autravail.ca\/product\/soft-m006-botte-dhiver-zone\/\"]}]},{\"@type\":\"ImageObject\",\"inLanguage\":\"en-CA\",\"@id\":\"https:\/\/autravail.ca\/product\/soft-m006-botte-dhiver-zone\/#primaryimage\",\"url\":\"https:\/\/autravail.ca\/wp-content\/uploads\/2025\/05\/SOFT-M006_A01.jpg\",\"contentUrl\":\"https:\/\/autravail.ca\/wp-content\/uploads\/2025\/05\/SOFT-M006_A01.jpg\",\"width\":1000,\"height\":1000},{\"@type\":\"BreadcrumbList\",\"@id\":\"https:\/\/autravail.ca\/product\/soft-m006-botte-dhiver-zone\/#breadcrumb\",\"itemListElement\":[{\"@type\":\"ListItem\",\"position\":1,\"name\":\"Accueil\",\"item\":\"https:\/\/autravail.ca\/\"},{\"@type\":\"ListItem\",\"position\":2,\"name\":\"Magasin\",\"item\":\"https:\/\/autravail.ca\/en\/shop\/\"},{\"@type\":\"ListItem\",\"position\":3,\"name\":\"SOFT-M006 &#8211; BOTTE D&rsquo;HIVER &#8211; ZONE\"}]},{\"@type\":\"WebSite\",\"@id\":\"https:\/\/autravail.ca\/#website\",\"url\":\"https:\/\/autravail.ca\/\",\"name\":\"Le Magasin Industriel\",\"description\":\"50 ans de tradition de s\u00e9curit\u00e9 au travail\",\"publisher\":{\"@id\":\"https:\/\/autravail.ca\/#organization\"},\"potentialAction\":[{\"@type\":\"SearchAction\",\"target\":{\"@type\":\"EntryPoint\",\"urlTemplate\":\"https:\/\/autravail.ca\/?s={search_term_string}\"},\"query-input\":{\"@type\":\"PropertyValueSpecification\",\"valueRequired\":true,\"valueName\":\"search_term_string\"}}],\"inLanguage\":\"en-CA\"},{\"@type\":\"Organization\",\"@id\":\"https:\/\/autravail.ca\/#organization\",\"name\":\"Le Magasin Industriel\",\"url\":\"https:\/\/autravail.ca\/\",\"logo\":{\"@type\":\"ImageObject\",\"inLanguage\":\"en-CA\",\"@id\":\"https:\/\/autravail.ca\/#\/schema\/logo\/image\/\",\"url\":\"https:\/\/autravail.ca\/wp-content\/uploads\/2025\/05\/cropped-magasin_industriel_120x.avif\",\"contentUrl\":\"https:\/\/autravail.ca\/wp-content\/uploads\/2025\/05\/cropped-magasin_industriel_120x.avif\",\"width\":120,\"height\":24,\"caption\":\"Le Magasin Industriel\"},\"image\":{\"@id\":\"https:\/\/autravail.ca\/#\/schema\/logo\/image\/\"},\"sameAs\":[\"https:\/\/www.facebook.com\/lemagasinindustriel\/?locale=fr_FR\"]}]}<\/script>\n<!-- \/ Yoast SEO plugin. -->","yoast_head_json":{"title":"SOFT-M006 - BOTTE D'HIVER - ZONE - Le Magasin Industriel","robots":{"index":"index","follow":"follow","max-snippet":"max-snippet:-1","max-image-preview":"max-image-preview:large","max-video-preview":"max-video-preview:-1"},"canonical":"https:\/\/autravail.ca\/en\/product\/soft-m006-botte-dhiver-zone\/","og_locale":"en_US","og_type":"article","og_title":"SOFT-M006 - BOTTE D'HIVER - ZONE - Le Magasin Industriel","og_description":"Bottes d&rsquo;hiver &#8211; Baffin &#8211;\u00a0Zone Cote De Temp\u00e9rature: De 10C 50F \u00e0 -20C -4F. Chausson: Chausson ajuste fixe avec semelle int\u00e9rieure amovible antimicrobienne. Base: Plaque en polyur\u00e9thane thermoplastique et protecteur de tendon avec semelle interm\u00e9diaire d\u2019EVA et semelle d\u2019usure en caoutchouc Polar. Tige couture pour une souplesse accrue. Fermeture avant et syst\u00e8me de la\u00e7age rapide. [&hellip;]","og_url":"https:\/\/autravail.ca\/en\/product\/soft-m006-botte-dhiver-zone\/","og_site_name":"Le Magasin Industriel","article_publisher":"https:\/\/www.facebook.com\/lemagasinindustriel\/?locale=fr_FR","article_modified_time":"2026-01-05T21:52:20+00:00","og_image":[{"width":1000,"height":1000,"url":"https:\/\/autravail.ca\/wp-content\/uploads\/2025\/05\/SOFT-M006_A01.jpg","type":"image\/jpeg"}],"twitter_card":"summary_large_image","schema":{"@context":"https:\/\/schema.org","@graph":[{"@type":"WebPage","@id":"https:\/\/autravail.ca\/product\/soft-m006-botte-dhiver-zone\/","url":"https:\/\/autravail.ca\/product\/soft-m006-botte-dhiver-zone\/","name":"SOFT-M006 - BOTTE D'HIVER - ZONE - Le Magasin Industriel","isPartOf":{"@id":"https:\/\/autravail.ca\/#website"},"primaryImageOfPage":{"@id":"https:\/\/autravail.ca\/product\/soft-m006-botte-dhiver-zone\/#primaryimage"},"image":{"@id":"https:\/\/autravail.ca\/product\/soft-m006-botte-dhiver-zone\/#primaryimage"},"thumbnailUrl":"https:\/\/autravail.ca\/wp-content\/uploads\/2025\/05\/SOFT-M006_A01.jpg","datePublished":"2025-05-08T07:11:40+00:00","dateModified":"2026-01-05T21:52:20+00:00","breadcrumb":{"@id":"https:\/\/autravail.ca\/product\/soft-m006-botte-dhiver-zone\/#breadcrumb"},"inLanguage":"en-CA","potentialAction":[{"@type":"ReadAction","target":["https:\/\/autravail.ca\/product\/soft-m006-botte-dhiver-zone\/"]}]},{"@type":"ImageObject","inLanguage":"en-CA","@id":"https:\/\/autravail.ca\/product\/soft-m006-botte-dhiver-zone\/#primaryimage","url":"https:\/\/autravail.ca\/wp-content\/uploads\/2025\/05\/SOFT-M006_A01.jpg","contentUrl":"https:\/\/autravail.ca\/wp-content\/uploads\/2025\/05\/SOFT-M006_A01.jpg","width":1000,"height":1000},{"@type":"BreadcrumbList","@id":"https:\/\/autravail.ca\/product\/soft-m006-botte-dhiver-zone\/#breadcrumb","itemListElement":[{"@type":"ListItem","position":1,"name":"Accueil","item":"https:\/\/autravail.ca\/"},{"@type":"ListItem","position":2,"name":"Magasin","item":"https:\/\/autravail.ca\/en\/shop\/"},{"@type":"ListItem","position":3,"name":"SOFT-M006 &#8211; BOTTE D&rsquo;HIVER &#8211; ZONE"}]},{"@type":"WebSite","@id":"https:\/\/autravail.ca\/#website","url":"https:\/\/autravail.ca\/","name":"Le Magasin Industriel","description":"50 ans de tradition de s\u00e9curit\u00e9 au travail","publisher":{"@id":"https:\/\/autravail.ca\/#organization"},"potentialAction":[{"@type":"SearchAction","target":{"@type":"EntryPoint","urlTemplate":"https:\/\/autravail.ca\/?s={search_term_string}"},"query-input":{"@type":"PropertyValueSpecification","valueRequired":true,"valueName":"search_term_string"}}],"inLanguage":"en-CA"},{"@type":"Organization","@id":"https:\/\/autravail.ca\/#organization","name":"Le Magasin Industriel","url":"https:\/\/autravail.ca\/","logo":{"@type":"ImageObject","inLanguage":"en-CA","@id":"https:\/\/autravail.ca\/#\/schema\/logo\/image\/","url":"https:\/\/autravail.ca\/wp-content\/uploads\/2025\/05\/cropped-magasin_industriel_120x.avif","contentUrl":"https:\/\/autravail.ca\/wp-content\/uploads\/2025\/05\/cropped-magasin_industriel_120x.avif","width":120,"height":24,"caption":"Le Magasin Industriel"},"image":{"@id":"https:\/\/autravail.ca\/#\/schema\/logo\/image\/"},"sameAs":["https:\/\/www.facebook.com\/lemagasinindustriel\/?locale=fr_FR"]}]}},"jetpack_sharing_enabled":true,"_links":{"self":[{"href":"https:\/\/autravail.ca\/en\/wp-json\/wp\/v2\/product\/33031","targetHints":{"allow":["GET"]}}],"collection":[{"href":"https:\/\/autravail.ca\/en\/wp-json\/wp\/v2\/product"}],"about":[{"href":"https:\/\/autravail.ca\/en\/wp-json\/wp\/v2\/types\/product"}],"replies":[{"embeddable":true,"href":"https:\/\/autravail.ca\/en\/wp-json\/wp\/v2\/comments?post=33031"}],"wp:featuredmedia":[{"embeddable":true,"href":"https:\/\/autravail.ca\/en\/wp-json\/wp\/v2\/media\/17868"}],"wp:attachment":[{"href":"https:\/\/autravail.ca\/en\/wp-json\/wp\/v2\/media?parent=33031"}],"wp:term":[{"taxonomy":"product_cat","embeddable":true,"href":"https:\/\/autravail.ca\/en\/wp-json\/wp\/v2\/product_cat?post=33031"},{"taxonomy":"product_tag","embeddable":true,"href":"https:\/\/autravail.ca\/en\/wp-json\/wp\/v2\/product_tag?post=33031"}],"curies":[{"name":"wp","href":"https:\/\/api.w.org\/{rel}","templated":true}]}}