{"id":33001,"date":"2025-05-08T07:11:15","date_gmt":"2025-05-08T07:11:15","guid":{"rendered":"https:\/\/meteoquebec.ca\/?post_type=product&#038;p=33001"},"modified":"2025-12-05T05:10:31","modified_gmt":"2025-12-05T09:10:31","slug":"rpd714n95-respirateurs-jetables","status":"publish","type":"product","link":"https:\/\/autravail.ca\/en\/product\/rpd714n95-respirateurs-jetables\/","title":{"rendered":"RPD714N95 - Disposable Respirators"},"content":{"rendered":"<p>Disposable Respirators - Dynamic<\/p>\n<ul>\n<li>These disposable respirators are powerful tools for work that you have always been searching for. Ideal for workers who must wear a mask for extended periods.<\/li>\n<li>These N95 respirators are NIOSH approved for use in non-oily environments.<\/li>\n<li>Closed cell foam nasal bridge cushion with a smoother surface, creating a pillow between the nose and mask to improve comfort and provide better sealing.<\/li>\n<li>Nasal bridge covering a larger surface for a better fit to various face shapes.<\/li>\n<li>Nasal Pins that help adjust the mask according to the user's nose shape for superior sealing, reducing fogging in glasses.<\/li>\n<li>Without latex or any common allergen, and therefore no trouble for you and your workers.<\/li>\n<li>Model with an exhale valve for more comfort and thus improve workers' productivity.<\/li>\n<\/ul>","protected":false},"excerpt":{"rendered":"<p>Respirateurs jetables &#8211; Dynamic Ces respirateurs jetables sont de puissants outils de travail que vous avez toujours recherch\u00e9. Id\u00e9al pour les travailleurs qui doivent porter un masque pendant de longues p\u00e9riodes. Ces respirateurs N95 sont approuv\u00e9s NIOSH pour utilisation dans des environnements non-huileux. Coussinet nasal en mousse \u00e0 alv\u00e9oles ferm\u00e9e avec surface plus lisse qui [&hellip;]<\/p>","protected":false},"featured_media":17846,"comment_status":"open","ping_status":"closed","template":"","meta":[],"product_cat":[702,599,633,602,701],"product_tag":[255,242,383],"class_list":{"0":"post-33001","1":"product","2":"type-product","3":"status-publish","4":"has-post-thumbnail","6":"product_brand-dynamic","7":"product_cat-accessoires-de-securite","8":"product_cat-apparel-accessories","9":"product_cat-femmes","10":"product_cat-hommes","11":"product_cat-protection-voies-respiratoires","12":"product_tag-femme","13":"product_tag-homme","14":"product_tag-protection-voies-respiratoires","16":"first","17":"instock","18":"taxable","19":"shipping-taxable","20":"purchasable","21":"product-type-variable"},"yoast_head":"<!-- This site is optimized with the Yoast SEO plugin v25.3.1 - https:\/\/yoast.com\/wordpress\/plugins\/seo\/ -->\n<title>RPD714N95 - Respirateurs jetables - Le Magasin Industriel<\/title>\n<meta name=\"robots\" content=\"index, follow, max-snippet:-1, max-image-preview:large, max-video-preview:-1\" \/>\n<link rel=\"canonical\" href=\"https:\/\/autravail.ca\/en\/product\/rpd714n95-respirateurs-jetables\/\" \/>\n<meta property=\"og:locale\" content=\"en_US\" \/>\n<meta property=\"og:type\" content=\"article\" \/>\n<meta property=\"og:title\" content=\"RPD714N95 - Respirateurs jetables - Le Magasin Industriel\" \/>\n<meta property=\"og:description\" content=\"Respirateurs jetables &#8211; Dynamic Ces respirateurs jetables sont de puissants outils de travail que vous avez toujours recherch\u00e9. Id\u00e9al pour les travailleurs qui doivent porter un masque pendant de longues p\u00e9riodes. Ces respirateurs N95 sont approuv\u00e9s NIOSH pour utilisation dans des environnements non-huileux. Coussinet nasal en mousse \u00e0 alv\u00e9oles ferm\u00e9e avec surface plus lisse qui [&hellip;]\" \/>\n<meta property=\"og:url\" content=\"https:\/\/autravail.ca\/en\/product\/rpd714n95-respirateurs-jetables\/\" \/>\n<meta property=\"og:site_name\" content=\"Le Magasin Industriel\" \/>\n<meta property=\"article:publisher\" content=\"https:\/\/www.facebook.com\/lemagasinindustriel\/?locale=fr_FR\" \/>\n<meta property=\"article:modified_time\" content=\"2025-12-05T09:10:31+00:00\" \/>\n<meta property=\"og:image\" content=\"https:\/\/autravail.ca\/wp-content\/uploads\/2025\/05\/RPD714N95_A01.jpg\" \/>\n\t<meta property=\"og:image:width\" content=\"800\" \/>\n\t<meta property=\"og:image:height\" content=\"720\" \/>\n\t<meta property=\"og:image:type\" content=\"image\/jpeg\" \/>\n<meta name=\"twitter:card\" content=\"summary_large_image\" \/>\n<meta name=\"twitter:label1\" content=\"Est. reading time\" \/>\n\t<meta name=\"twitter:data1\" content=\"1 minute\" \/>\n<script type=\"application\/ld+json\" class=\"yoast-schema-graph\">{\"@context\":\"https:\/\/schema.org\",\"@graph\":[{\"@type\":\"WebPage\",\"@id\":\"https:\/\/autravail.ca\/product\/rpd714n95-respirateurs-jetables\/\",\"url\":\"https:\/\/autravail.ca\/product\/rpd714n95-respirateurs-jetables\/\",\"name\":\"RPD714N95 - Respirateurs jetables - Le Magasin Industriel\",\"isPartOf\":{\"@id\":\"https:\/\/autravail.ca\/#website\"},\"primaryImageOfPage\":{\"@id\":\"https:\/\/autravail.ca\/product\/rpd714n95-respirateurs-jetables\/#primaryimage\"},\"image\":{\"@id\":\"https:\/\/autravail.ca\/product\/rpd714n95-respirateurs-jetables\/#primaryimage\"},\"thumbnailUrl\":\"https:\/\/autravail.ca\/wp-content\/uploads\/2025\/05\/RPD714N95_A01.jpg\",\"datePublished\":\"2025-05-08T07:11:15+00:00\",\"dateModified\":\"2025-12-05T09:10:31+00:00\",\"breadcrumb\":{\"@id\":\"https:\/\/autravail.ca\/product\/rpd714n95-respirateurs-jetables\/#breadcrumb\"},\"inLanguage\":\"en-CA\",\"potentialAction\":[{\"@type\":\"ReadAction\",\"target\":[\"https:\/\/autravail.ca\/product\/rpd714n95-respirateurs-jetables\/\"]}]},{\"@type\":\"ImageObject\",\"inLanguage\":\"en-CA\",\"@id\":\"https:\/\/autravail.ca\/product\/rpd714n95-respirateurs-jetables\/#primaryimage\",\"url\":\"https:\/\/autravail.ca\/wp-content\/uploads\/2025\/05\/RPD714N95_A01.jpg\",\"contentUrl\":\"https:\/\/autravail.ca\/wp-content\/uploads\/2025\/05\/RPD714N95_A01.jpg\",\"width\":800,\"height\":720},{\"@type\":\"BreadcrumbList\",\"@id\":\"https:\/\/autravail.ca\/product\/rpd714n95-respirateurs-jetables\/#breadcrumb\",\"itemListElement\":[{\"@type\":\"ListItem\",\"position\":1,\"name\":\"Accueil\",\"item\":\"https:\/\/autravail.ca\/\"},{\"@type\":\"ListItem\",\"position\":2,\"name\":\"Magasin\",\"item\":\"https:\/\/autravail.ca\/en\/shop\/\"},{\"@type\":\"ListItem\",\"position\":3,\"name\":\"RPD714N95 &#8211; Respirateurs jetables\"}]},{\"@type\":\"WebSite\",\"@id\":\"https:\/\/autravail.ca\/#website\",\"url\":\"https:\/\/autravail.ca\/\",\"name\":\"Le Magasin Industriel\",\"description\":\"50 ans de tradition de s\u00e9curit\u00e9 au travail\",\"publisher\":{\"@id\":\"https:\/\/autravail.ca\/#organization\"},\"potentialAction\":[{\"@type\":\"SearchAction\",\"target\":{\"@type\":\"EntryPoint\",\"urlTemplate\":\"https:\/\/autravail.ca\/?s={search_term_string}\"},\"query-input\":{\"@type\":\"PropertyValueSpecification\",\"valueRequired\":true,\"valueName\":\"search_term_string\"}}],\"inLanguage\":\"en-CA\"},{\"@type\":\"Organization\",\"@id\":\"https:\/\/autravail.ca\/#organization\",\"name\":\"Le Magasin Industriel\",\"url\":\"https:\/\/autravail.ca\/\",\"logo\":{\"@type\":\"ImageObject\",\"inLanguage\":\"en-CA\",\"@id\":\"https:\/\/autravail.ca\/#\/schema\/logo\/image\/\",\"url\":\"https:\/\/autravail.ca\/wp-content\/uploads\/2025\/05\/cropped-magasin_industriel_120x.avif\",\"contentUrl\":\"https:\/\/autravail.ca\/wp-content\/uploads\/2025\/05\/cropped-magasin_industriel_120x.avif\",\"width\":120,\"height\":24,\"caption\":\"Le Magasin Industriel\"},\"image\":{\"@id\":\"https:\/\/autravail.ca\/#\/schema\/logo\/image\/\"},\"sameAs\":[\"https:\/\/www.facebook.com\/lemagasinindustriel\/?locale=fr_FR\"]}]}<\/script>\n<!-- \/ Yoast SEO plugin. -->","yoast_head_json":{"title":"RPD714N95 - Respirateurs jetables - Le Magasin Industriel","robots":{"index":"index","follow":"follow","max-snippet":"max-snippet:-1","max-image-preview":"max-image-preview:large","max-video-preview":"max-video-preview:-1"},"canonical":"https:\/\/autravail.ca\/en\/product\/rpd714n95-respirateurs-jetables\/","og_locale":"en_US","og_type":"article","og_title":"RPD714N95 - Respirateurs jetables - Le Magasin Industriel","og_description":"Respirateurs jetables &#8211; Dynamic Ces respirateurs jetables sont de puissants outils de travail que vous avez toujours recherch\u00e9. Id\u00e9al pour les travailleurs qui doivent porter un masque pendant de longues p\u00e9riodes. Ces respirateurs N95 sont approuv\u00e9s NIOSH pour utilisation dans des environnements non-huileux. Coussinet nasal en mousse \u00e0 alv\u00e9oles ferm\u00e9e avec surface plus lisse qui [&hellip;]","og_url":"https:\/\/autravail.ca\/en\/product\/rpd714n95-respirateurs-jetables\/","og_site_name":"Le Magasin Industriel","article_publisher":"https:\/\/www.facebook.com\/lemagasinindustriel\/?locale=fr_FR","article_modified_time":"2025-12-05T09:10:31+00:00","og_image":[{"width":800,"height":720,"url":"https:\/\/autravail.ca\/wp-content\/uploads\/2025\/05\/RPD714N95_A01.jpg","type":"image\/jpeg"}],"twitter_card":"summary_large_image","twitter_misc":{"Est. reading time":"1 minute"},"schema":{"@context":"https:\/\/schema.org","@graph":[{"@type":"WebPage","@id":"https:\/\/autravail.ca\/product\/rpd714n95-respirateurs-jetables\/","url":"https:\/\/autravail.ca\/product\/rpd714n95-respirateurs-jetables\/","name":"RPD714N95 - Respirateurs jetables - Le Magasin Industriel","isPartOf":{"@id":"https:\/\/autravail.ca\/#website"},"primaryImageOfPage":{"@id":"https:\/\/autravail.ca\/product\/rpd714n95-respirateurs-jetables\/#primaryimage"},"image":{"@id":"https:\/\/autravail.ca\/product\/rpd714n95-respirateurs-jetables\/#primaryimage"},"thumbnailUrl":"https:\/\/autravail.ca\/wp-content\/uploads\/2025\/05\/RPD714N95_A01.jpg","datePublished":"2025-05-08T07:11:15+00:00","dateModified":"2025-12-05T09:10:31+00:00","breadcrumb":{"@id":"https:\/\/autravail.ca\/product\/rpd714n95-respirateurs-jetables\/#breadcrumb"},"inLanguage":"en-CA","potentialAction":[{"@type":"ReadAction","target":["https:\/\/autravail.ca\/product\/rpd714n95-respirateurs-jetables\/"]}]},{"@type":"ImageObject","inLanguage":"en-CA","@id":"https:\/\/autravail.ca\/product\/rpd714n95-respirateurs-jetables\/#primaryimage","url":"https:\/\/autravail.ca\/wp-content\/uploads\/2025\/05\/RPD714N95_A01.jpg","contentUrl":"https:\/\/autravail.ca\/wp-content\/uploads\/2025\/05\/RPD714N95_A01.jpg","width":800,"height":720},{"@type":"BreadcrumbList","@id":"https:\/\/autravail.ca\/product\/rpd714n95-respirateurs-jetables\/#breadcrumb","itemListElement":[{"@type":"ListItem","position":1,"name":"Accueil","item":"https:\/\/autravail.ca\/"},{"@type":"ListItem","position":2,"name":"Magasin","item":"https:\/\/autravail.ca\/en\/shop\/"},{"@type":"ListItem","position":3,"name":"RPD714N95 &#8211; Respirateurs jetables"}]},{"@type":"WebSite","@id":"https:\/\/autravail.ca\/#website","url":"https:\/\/autravail.ca\/","name":"Le Magasin Industriel","description":"50 ans de tradition de s\u00e9curit\u00e9 au travail","publisher":{"@id":"https:\/\/autravail.ca\/#organization"},"potentialAction":[{"@type":"SearchAction","target":{"@type":"EntryPoint","urlTemplate":"https:\/\/autravail.ca\/?s={search_term_string}"},"query-input":{"@type":"PropertyValueSpecification","valueRequired":true,"valueName":"search_term_string"}}],"inLanguage":"en-CA"},{"@type":"Organization","@id":"https:\/\/autravail.ca\/#organization","name":"Le Magasin Industriel","url":"https:\/\/autravail.ca\/","logo":{"@type":"ImageObject","inLanguage":"en-CA","@id":"https:\/\/autravail.ca\/#\/schema\/logo\/image\/","url":"https:\/\/autravail.ca\/wp-content\/uploads\/2025\/05\/cropped-magasin_industriel_120x.avif","contentUrl":"https:\/\/autravail.ca\/wp-content\/uploads\/2025\/05\/cropped-magasin_industriel_120x.avif","width":120,"height":24,"caption":"Le Magasin Industriel"},"image":{"@id":"https:\/\/autravail.ca\/#\/schema\/logo\/image\/"},"sameAs":["https:\/\/www.facebook.com\/lemagasinindustriel\/?locale=fr_FR"]}]}},"jetpack_sharing_enabled":true,"_links":{"self":[{"href":"https:\/\/autravail.ca\/en\/wp-json\/wp\/v2\/product\/33001","targetHints":{"allow":["GET"]}}],"collection":[{"href":"https:\/\/autravail.ca\/en\/wp-json\/wp\/v2\/product"}],"about":[{"href":"https:\/\/autravail.ca\/en\/wp-json\/wp\/v2\/types\/product"}],"replies":[{"embeddable":true,"href":"https:\/\/autravail.ca\/en\/wp-json\/wp\/v2\/comments?post=33001"}],"wp:featuredmedia":[{"embeddable":true,"href":"https:\/\/autravail.ca\/en\/wp-json\/wp\/v2\/media\/17846"}],"wp:attachment":[{"href":"https:\/\/autravail.ca\/en\/wp-json\/wp\/v2\/media?parent=33001"}],"wp:term":[{"taxonomy":"product_cat","embeddable":true,"href":"https:\/\/autravail.ca\/en\/wp-json\/wp\/v2\/product_cat?post=33001"},{"taxonomy":"product_tag","embeddable":true,"href":"https:\/\/autravail.ca\/en\/wp-json\/wp\/v2\/product_tag?post=33001"}],"curies":[{"name":"wp","href":"https:\/\/api.w.org\/{rel}","templated":true}]}}