{"id":32875,"date":"2025-05-08T07:09:29","date_gmt":"2025-05-08T07:09:29","guid":{"rendered":"https:\/\/meteoquebec.ca\/?post_type=product&#038;p=32875"},"modified":"2025-12-30T14:46:19","modified_gmt":"2025-12-30T18:46:19","slug":"casque-de-securite-hp241r","status":"publish","type":"product","link":"https:\/\/autravail.ca\/en\/product\/casque-de-securite-hp241r\/","title":{"rendered":"Casque de s\u00e9curit\u00e9 &#8211; HP241R"},"content":{"rendered":"<h3>Casque de s\u00e9curit\u00e9 &#8211; HP241R, Whistler<\/h3>\n<p>Le casque de s\u00e9curit\u00e9<strong class=\"Yjhzub\" data-complete=\"true\" data-processed=\"true\"> &#8211; HP241R de PIP Canada,<\/strong>\u00a0commercialis\u00e9 sous la gamme\u00a0<strong class=\"Yjhzub\" data-complete=\"true\" data-processed=\"true\">Whistler\u2122<\/strong>,\u00a0<mark class=\"HxTRcb\" data-complete=\"true\" data-sae=\"\">est con\u00e7u pour offrir une protection fiable tout en maximisant le confort de l&rsquo;utilisateur<\/mark>. Il est fi\u00e8rement fabriqu\u00e9 au Canada.<span class=\"uJ19be notranslate\" data-wiz-uids=\"gPDByd_f,gPDByd_g,gPDByd_h\" data-complete=\"true\" data-processed=\"true\"><span class=\"vKEkVd\" data-animation-atomic=\"\" data-wiz-attrbind=\"class=gPDByd_f\/TKHnVd;\" data-sae=\"\">\u00a0<\/span><\/span><\/p>\n<div class=\"Fsg96\" data-sfc-cp=\"\" data-complete=\"true\" data-processed=\"true\"><\/div>\n<h6 class=\"otQkpb\" role=\"heading\" aria-level=\"3\" data-processed=\"true\" data-complete=\"true\">Caract\u00e9ristiques Principales<\/h6>\n<ul class=\"KsbFXc U6u95\" data-complete=\"true\" data-processed=\"true\">\n<li data-hveid=\"CAEIBBAA\" data-complete=\"true\" data-sae=\"\"><span class=\"T286Pc\" data-sfc-cp=\"\" data-complete=\"true\">Fabriqu\u00e9 en poly\u00e9thyl\u00e8ne haute densit\u00e9 (PEHD) stabilis\u00e9 aux UV, ce qui le rend l\u00e9ger et durable, r\u00e9duisant la fatigue du travailleur.<\/span><\/li>\n<li data-hveid=\"CAEIBBAB\" data-complete=\"true\" data-sae=\"\"><span class=\"T286Pc\" data-sfc-cp=\"\" data-complete=\"true\">Certifi\u00e9 <strong class=\"Yjhzub\" data-complete=\"true\">CSA Z94.1 Type 1<\/strong>\u00a0et\u00a0<strong class=\"Yjhzub\" data-complete=\"true\">ANSI\/ISEA Z89.1 Type I<\/strong>, garantissant une protection contre les chocs verticaux (sur le dessus de la t\u00eate).<\/span><\/li>\n<li data-hveid=\"CAEIBBAC\" data-complete=\"true\" data-sae=\"\"><span class=\"T286Pc\" data-sfc-cp=\"\" data-complete=\"true\">Certifi\u00e9 <strong class=\"Yjhzub\" data-complete=\"true\">Classe E<\/strong>\u00a0(Electric), ce qui signifie qu&rsquo;il offre une isolation \u00e9lectrique jusqu&rsquo;\u00e0 20 000 volts.<\/span><\/li>\n<li data-hveid=\"CAEIBBAD\" data-complete=\"true\" data-sae=\"\"><span class=\"T286Pc\" data-sfc-cp=\"\" data-complete=\"true\">Dispose d&rsquo;une suspension \u00e0 4 points avec des sangles textiles solides en nylon.<\/span><\/li>\n<li data-hveid=\"CAEIBBAE\" data-complete=\"true\" data-sae=\"\"><span class=\"T286Pc\" data-sfc-cp=\"\" data-complete=\"true\">Syst\u00e8me d&rsquo;ajustement \u00e0 rochet (<strong class=\"Yjhzub\" data-complete=\"true\">\u00ab\u00a0Sure-Lock\u00a0\u00bb Wheel Ratchet<\/strong>) pour un r\u00e9glage facile, d&rsquo;une seule main, assurant un ajustement pr\u00e9cis et s\u00e9curis\u00e9 pour diff\u00e9rentes tailles de t\u00eate (6-1\/2 \u00e0 8).<\/span><\/li>\n<li data-hveid=\"CAEIBBAF\" data-complete=\"true\" data-sae=\"\"><span class=\"T286Pc\" data-sfc-cp=\"\" data-complete=\"true\">Goutti\u00e8re de pluie int\u00e9gr\u00e9e pour plus de commodit\u00e9 par mauvais temps.<\/span><\/li>\n<li data-hveid=\"CAEIBBAG\" data-complete=\"true\" data-sae=\"\"><span class=\"T286Pc\" data-sfc-cp=\"\" data-complete=\"true\">Comprend des fentes universelles pour accueillir une vari\u00e9t\u00e9 d&rsquo;accessoires (protections auditives, \u00e9crans faciaux, etc.) et 4 points d&rsquo;ancrage pour une jugulaire.<\/span><\/li>\n<\/ul>\n<div class=\"Fsg96\" data-sfc-cp=\"\" data-complete=\"true\" data-processed=\"true\"><\/div>\n<h6 class=\"otQkpb\" role=\"heading\" aria-level=\"3\" data-processed=\"true\" data-complete=\"true\">Avantages pour l&rsquo;utilisateur<\/h6>\n<ul class=\"KsbFXc U6u95\" data-complete=\"true\" data-processed=\"true\">\n<li data-hveid=\"CAEIBhAA\" data-complete=\"true\" data-sae=\"\"><span class=\"T286Pc\" data-sfc-cp=\"\" data-complete=\"true\">Sa l\u00e9g\u00e8ret\u00e9 et son bandeau anti-transpiration en mousse rempla\u00e7able permettent un port prolong\u00e9 sans inconfort.<\/span><\/li>\n<li data-hveid=\"CAEIBhAB\" data-complete=\"true\" data-sae=\"\">Gr\u00e2ce \u00e0 son syst\u00e8me de r\u00e9glage \u00e0 rochet et sa sangle de nuque surbaiss\u00e9e, ce casque offre un maintien optimal et s\u00e9curitaire, m\u00eame en position pench\u00e9e.<\/li>\n<li data-hveid=\"CAEIBhAC\" data-complete=\"true\" data-sae=\"\"><span class=\"T286Pc\" data-sfc-cp=\"\" data-complete=\"true\">Les fentes universelles facilitent l&rsquo;ajout d&rsquo;EPI suppl\u00e9mentaires, ce qui le rend adaptable \u00e0 divers environnements de travail.<\/span><\/li>\n<li data-hveid=\"CAEIBhAD\" data-complete=\"true\" data-sae=\"\"><span class=\"T286Pc\" data-sfc-cp=\"\" data-complete=\"true\">Disponible dans des options haute visibilit\u00e9 (jaune ou orange) pour une s\u00e9curit\u00e9 accrue sur le lieu de travail.<\/span><span class=\"uJ19be notranslate\" data-wiz-uids=\"gPDByd_26,gPDByd_27,gPDByd_28\" data-complete=\"true\"><span class=\"vKEkVd\" data-animation-atomic=\"\" data-wiz-attrbind=\"class=gPDByd_26\/TKHnVd;\" data-sae=\"\">\u00a0<\/span><\/span><\/li>\n<\/ul>\n<div data-sfc-cp=\"\" data-hveid=\"CAEIBxAA\" data-complete=\"true\" data-processed=\"true\"><\/div>\n<div data-sfc-cp=\"\" data-hveid=\"CAEIBxAA\" data-complete=\"true\" data-processed=\"true\">\n<p><img decoding=\"async\" class=\"alignnone wp-image-40620\" src=\"https:\/\/autravail.ca\/wp-content\/uploads\/2025\/09\/Jachete-quebec-et-canada.jpg\" alt=\"Logo de l'achat local\" width=\"162\" height=\"139\" \/>Merci d&rsquo;encourager une entreprise 100% d&rsquo;ici!<\/p>\n<p>TS3012H<\/p>\n<\/div>\n<div data-xid=\"Gd7Hsc\" data-sfc-cp=\"\" data-wiz-uids=\"gPDByd_2h\" data-complete=\"true\" data-processed=\"true\">\n<div class=\"DBd2Wb\" data-complete=\"true\" data-processed=\"true\">\n<div data-complete=\"true\" data-processed=\"true\"><\/div>\n<div class=\"zkL70c\" data-complete=\"true\" data-processed=\"true\">\n<div class=\"\" data-complete=\"true\" data-processed=\"true\">\n<div class=\"csTa2e\" data-sfc-cp=\"\" data-wiz-uids=\"gPDByd_2k,gPDByd_2j,gPDByd_2l,gPDByd_2m\" data-signal-inputs=\"\" data-complete=\"true\" data-processed=\"true\">\n<div id=\"shrproxywBVUaf3uHOquiLMPzNi34Q8_1\" class=\"bQ0Yzc\" data-sfc-cp=\"\" data-wiz-uids=\"gPDByd_2n,gPDByd_2o,gPDByd_2p,gPDByd_2q\" data-signal-inputs=\"N7abZd=gPDByd_2h\/N7abZd;;\" data-ved=\"2ahUKEwj9zqDH9OWRAxVqF2IAHUzsLfwQp4QQegYIAQgIEAA\" data-hveid=\"CAEICBAA\" data-complete=\"true\" data-processed=\"true\"><\/div>\n<\/div>\n<\/div>\n<\/div>\n<\/div>\n<\/div>","protected":false},"excerpt":{"rendered":"<p>Casque de s\u00e9curit\u00e9 &#8211; HP241R, Whistler Le casque de s\u00e9curit\u00e9 &#8211; HP241R de PIP Canada,\u00a0commercialis\u00e9 sous la gamme\u00a0Whistler\u2122,\u00a0est con\u00e7u pour offrir une protection fiable tout en maximisant le confort de l&rsquo;utilisateur. Il est fi\u00e8rement fabriqu\u00e9 au Canada.\u00a0 Caract\u00e9ristiques Principales Fabriqu\u00e9 en poly\u00e9thyl\u00e8ne haute densit\u00e9 (PEHD) stabilis\u00e9 aux UV, ce qui le rend l\u00e9ger et durable, [&hellip;]<\/p>","protected":false},"featured_media":17686,"comment_status":"open","ping_status":"closed","template":"","meta":[],"product_cat":[702,602,681],"product_tag":[242,284],"class_list":{"0":"post-32875","1":"product","2":"type-product","3":"status-publish","4":"has-post-thumbnail","6":"product_brand-dynamic","7":"product_cat-accessoires-de-securite","8":"product_cat-hommes","9":"product_cat-protection-de-la-tete","10":"product_tag-homme","11":"product_tag-protection-de-la-tete","13":"first","14":"instock","15":"taxable","16":"shipping-taxable","17":"purchasable","18":"product-type-variable"},"yoast_head":"<!-- This site is optimized with the Yoast SEO plugin v25.3.1 - https:\/\/yoast.com\/wordpress\/plugins\/seo\/ -->\n<title>Casque de s\u00e9curit\u00e9 - HP241R - Le Magasin Industriel<\/title>\n<meta name=\"description\" content=\"Casque de s\u00e9curit\u00e9 - HP241R, Whistler, l\u00e9ger de Type 1, fabriqu\u00e9 au Canada en poly\u00e9thyl\u00e8ne haute densit\u00e9 (PEHD) suspension \u00e0 4 points\" \/>\n<meta name=\"robots\" content=\"index, follow, max-snippet:-1, max-image-preview:large, max-video-preview:-1\" \/>\n<link rel=\"canonical\" href=\"https:\/\/autravail.ca\/en\/product\/casque-de-securite-hp241r\/\" \/>\n<meta property=\"og:locale\" content=\"en_US\" \/>\n<meta property=\"og:type\" content=\"article\" \/>\n<meta property=\"og:title\" content=\"Casque de s\u00e9curit\u00e9 - HP241R - Le Magasin Industriel\" \/>\n<meta property=\"og:description\" content=\"Casque de s\u00e9curit\u00e9 - HP241R, Whistler, l\u00e9ger de Type 1, fabriqu\u00e9 au Canada en poly\u00e9thyl\u00e8ne haute densit\u00e9 (PEHD) suspension \u00e0 4 points\" \/>\n<meta property=\"og:url\" content=\"https:\/\/autravail.ca\/en\/product\/casque-de-securite-hp241r\/\" \/>\n<meta property=\"og:site_name\" content=\"Le Magasin Industriel\" \/>\n<meta property=\"article:publisher\" content=\"https:\/\/www.facebook.com\/lemagasinindustriel\/?locale=fr_FR\" \/>\n<meta property=\"article:modified_time\" content=\"2025-12-30T18:46:19+00:00\" \/>\n<meta property=\"og:image\" content=\"https:\/\/autravail.ca\/wp-content\/uploads\/2025\/05\/HP241R_A01_blanc.jpg\" \/>\n\t<meta property=\"og:image:width\" content=\"800\" \/>\n\t<meta property=\"og:image:height\" content=\"720\" \/>\n\t<meta property=\"og:image:type\" content=\"image\/jpeg\" \/>\n<meta name=\"twitter:card\" content=\"summary_large_image\" \/>\n<meta name=\"twitter:label1\" content=\"Est. reading time\" \/>\n\t<meta name=\"twitter:data1\" content=\"2 minutes\" \/>\n<script type=\"application\/ld+json\" class=\"yoast-schema-graph\">{\"@context\":\"https:\/\/schema.org\",\"@graph\":[{\"@type\":\"WebPage\",\"@id\":\"https:\/\/autravail.ca\/product\/casque-de-securite-hp241r\/\",\"url\":\"https:\/\/autravail.ca\/product\/casque-de-securite-hp241r\/\",\"name\":\"Casque de s\u00e9curit\u00e9 - HP241R - Le Magasin Industriel\",\"isPartOf\":{\"@id\":\"https:\/\/autravail.ca\/#website\"},\"primaryImageOfPage\":{\"@id\":\"https:\/\/autravail.ca\/product\/casque-de-securite-hp241r\/#primaryimage\"},\"image\":{\"@id\":\"https:\/\/autravail.ca\/product\/casque-de-securite-hp241r\/#primaryimage\"},\"thumbnailUrl\":\"https:\/\/autravail.ca\/wp-content\/uploads\/2025\/05\/HP241R_A01_blanc.jpg\",\"datePublished\":\"2025-05-08T07:09:29+00:00\",\"dateModified\":\"2025-12-30T18:46:19+00:00\",\"description\":\"Casque de s\u00e9curit\u00e9 - HP241R, Whistler, l\u00e9ger de Type 1, fabriqu\u00e9 au Canada en poly\u00e9thyl\u00e8ne haute densit\u00e9 (PEHD) suspension \u00e0 4 points\",\"breadcrumb\":{\"@id\":\"https:\/\/autravail.ca\/product\/casque-de-securite-hp241r\/#breadcrumb\"},\"inLanguage\":\"en-CA\",\"potentialAction\":[{\"@type\":\"ReadAction\",\"target\":[\"https:\/\/autravail.ca\/product\/casque-de-securite-hp241r\/\"]}]},{\"@type\":\"ImageObject\",\"inLanguage\":\"en-CA\",\"@id\":\"https:\/\/autravail.ca\/product\/casque-de-securite-hp241r\/#primaryimage\",\"url\":\"https:\/\/autravail.ca\/wp-content\/uploads\/2025\/05\/HP241R_A01_blanc.jpg\",\"contentUrl\":\"https:\/\/autravail.ca\/wp-content\/uploads\/2025\/05\/HP241R_A01_blanc.jpg\",\"width\":800,\"height\":720},{\"@type\":\"BreadcrumbList\",\"@id\":\"https:\/\/autravail.ca\/product\/casque-de-securite-hp241r\/#breadcrumb\",\"itemListElement\":[{\"@type\":\"ListItem\",\"position\":1,\"name\":\"Accueil\",\"item\":\"https:\/\/autravail.ca\/\"},{\"@type\":\"ListItem\",\"position\":2,\"name\":\"Magasin\",\"item\":\"https:\/\/autravail.ca\/en\/shop\/\"},{\"@type\":\"ListItem\",\"position\":3,\"name\":\"Casque de s\u00e9curit\u00e9 &#8211; HP241R\"}]},{\"@type\":\"WebSite\",\"@id\":\"https:\/\/autravail.ca\/#website\",\"url\":\"https:\/\/autravail.ca\/\",\"name\":\"Le Magasin Industriel\",\"description\":\"50 ans de tradition de s\u00e9curit\u00e9 au travail\",\"publisher\":{\"@id\":\"https:\/\/autravail.ca\/#organization\"},\"potentialAction\":[{\"@type\":\"SearchAction\",\"target\":{\"@type\":\"EntryPoint\",\"urlTemplate\":\"https:\/\/autravail.ca\/?s={search_term_string}\"},\"query-input\":{\"@type\":\"PropertyValueSpecification\",\"valueRequired\":true,\"valueName\":\"search_term_string\"}}],\"inLanguage\":\"en-CA\"},{\"@type\":\"Organization\",\"@id\":\"https:\/\/autravail.ca\/#organization\",\"name\":\"Le Magasin Industriel\",\"url\":\"https:\/\/autravail.ca\/\",\"logo\":{\"@type\":\"ImageObject\",\"inLanguage\":\"en-CA\",\"@id\":\"https:\/\/autravail.ca\/#\/schema\/logo\/image\/\",\"url\":\"https:\/\/autravail.ca\/wp-content\/uploads\/2025\/05\/cropped-magasin_industriel_120x.avif\",\"contentUrl\":\"https:\/\/autravail.ca\/wp-content\/uploads\/2025\/05\/cropped-magasin_industriel_120x.avif\",\"width\":120,\"height\":24,\"caption\":\"Le Magasin Industriel\"},\"image\":{\"@id\":\"https:\/\/autravail.ca\/#\/schema\/logo\/image\/\"},\"sameAs\":[\"https:\/\/www.facebook.com\/lemagasinindustriel\/?locale=fr_FR\"]}]}<\/script>\n<!-- \/ Yoast SEO plugin. -->","yoast_head_json":{"title":"Casque de s\u00e9curit\u00e9 - HP241R - Le Magasin Industriel","description":"Casque de s\u00e9curit\u00e9 - HP241R, Whistler, l\u00e9ger de Type 1, fabriqu\u00e9 au Canada en poly\u00e9thyl\u00e8ne haute densit\u00e9 (PEHD) suspension \u00e0 4 points","robots":{"index":"index","follow":"follow","max-snippet":"max-snippet:-1","max-image-preview":"max-image-preview:large","max-video-preview":"max-video-preview:-1"},"canonical":"https:\/\/autravail.ca\/en\/product\/casque-de-securite-hp241r\/","og_locale":"en_US","og_type":"article","og_title":"Casque de s\u00e9curit\u00e9 - HP241R - Le Magasin Industriel","og_description":"Casque de s\u00e9curit\u00e9 - HP241R, Whistler, l\u00e9ger de Type 1, fabriqu\u00e9 au Canada en poly\u00e9thyl\u00e8ne haute densit\u00e9 (PEHD) suspension \u00e0 4 points","og_url":"https:\/\/autravail.ca\/en\/product\/casque-de-securite-hp241r\/","og_site_name":"Le Magasin Industriel","article_publisher":"https:\/\/www.facebook.com\/lemagasinindustriel\/?locale=fr_FR","article_modified_time":"2025-12-30T18:46:19+00:00","og_image":[{"width":800,"height":720,"url":"https:\/\/autravail.ca\/wp-content\/uploads\/2025\/05\/HP241R_A01_blanc.jpg","type":"image\/jpeg"}],"twitter_card":"summary_large_image","twitter_misc":{"Est. reading time":"2 minutes"},"schema":{"@context":"https:\/\/schema.org","@graph":[{"@type":"WebPage","@id":"https:\/\/autravail.ca\/product\/casque-de-securite-hp241r\/","url":"https:\/\/autravail.ca\/product\/casque-de-securite-hp241r\/","name":"Casque de s\u00e9curit\u00e9 - HP241R - Le Magasin Industriel","isPartOf":{"@id":"https:\/\/autravail.ca\/#website"},"primaryImageOfPage":{"@id":"https:\/\/autravail.ca\/product\/casque-de-securite-hp241r\/#primaryimage"},"image":{"@id":"https:\/\/autravail.ca\/product\/casque-de-securite-hp241r\/#primaryimage"},"thumbnailUrl":"https:\/\/autravail.ca\/wp-content\/uploads\/2025\/05\/HP241R_A01_blanc.jpg","datePublished":"2025-05-08T07:09:29+00:00","dateModified":"2025-12-30T18:46:19+00:00","description":"Casque de s\u00e9curit\u00e9 - HP241R, Whistler, l\u00e9ger de Type 1, fabriqu\u00e9 au Canada en poly\u00e9thyl\u00e8ne haute densit\u00e9 (PEHD) suspension \u00e0 4 points","breadcrumb":{"@id":"https:\/\/autravail.ca\/product\/casque-de-securite-hp241r\/#breadcrumb"},"inLanguage":"en-CA","potentialAction":[{"@type":"ReadAction","target":["https:\/\/autravail.ca\/product\/casque-de-securite-hp241r\/"]}]},{"@type":"ImageObject","inLanguage":"en-CA","@id":"https:\/\/autravail.ca\/product\/casque-de-securite-hp241r\/#primaryimage","url":"https:\/\/autravail.ca\/wp-content\/uploads\/2025\/05\/HP241R_A01_blanc.jpg","contentUrl":"https:\/\/autravail.ca\/wp-content\/uploads\/2025\/05\/HP241R_A01_blanc.jpg","width":800,"height":720},{"@type":"BreadcrumbList","@id":"https:\/\/autravail.ca\/product\/casque-de-securite-hp241r\/#breadcrumb","itemListElement":[{"@type":"ListItem","position":1,"name":"Accueil","item":"https:\/\/autravail.ca\/"},{"@type":"ListItem","position":2,"name":"Magasin","item":"https:\/\/autravail.ca\/en\/shop\/"},{"@type":"ListItem","position":3,"name":"Casque de s\u00e9curit\u00e9 &#8211; HP241R"}]},{"@type":"WebSite","@id":"https:\/\/autravail.ca\/#website","url":"https:\/\/autravail.ca\/","name":"Le Magasin Industriel","description":"50 ans de tradition de s\u00e9curit\u00e9 au travail","publisher":{"@id":"https:\/\/autravail.ca\/#organization"},"potentialAction":[{"@type":"SearchAction","target":{"@type":"EntryPoint","urlTemplate":"https:\/\/autravail.ca\/?s={search_term_string}"},"query-input":{"@type":"PropertyValueSpecification","valueRequired":true,"valueName":"search_term_string"}}],"inLanguage":"en-CA"},{"@type":"Organization","@id":"https:\/\/autravail.ca\/#organization","name":"Le Magasin Industriel","url":"https:\/\/autravail.ca\/","logo":{"@type":"ImageObject","inLanguage":"en-CA","@id":"https:\/\/autravail.ca\/#\/schema\/logo\/image\/","url":"https:\/\/autravail.ca\/wp-content\/uploads\/2025\/05\/cropped-magasin_industriel_120x.avif","contentUrl":"https:\/\/autravail.ca\/wp-content\/uploads\/2025\/05\/cropped-magasin_industriel_120x.avif","width":120,"height":24,"caption":"Le Magasin Industriel"},"image":{"@id":"https:\/\/autravail.ca\/#\/schema\/logo\/image\/"},"sameAs":["https:\/\/www.facebook.com\/lemagasinindustriel\/?locale=fr_FR"]}]}},"jetpack_sharing_enabled":true,"_links":{"self":[{"href":"https:\/\/autravail.ca\/en\/wp-json\/wp\/v2\/product\/32875","targetHints":{"allow":["GET"]}}],"collection":[{"href":"https:\/\/autravail.ca\/en\/wp-json\/wp\/v2\/product"}],"about":[{"href":"https:\/\/autravail.ca\/en\/wp-json\/wp\/v2\/types\/product"}],"replies":[{"embeddable":true,"href":"https:\/\/autravail.ca\/en\/wp-json\/wp\/v2\/comments?post=32875"}],"wp:featuredmedia":[{"embeddable":true,"href":"https:\/\/autravail.ca\/en\/wp-json\/wp\/v2\/media\/17686"}],"wp:attachment":[{"href":"https:\/\/autravail.ca\/en\/wp-json\/wp\/v2\/media?parent=32875"}],"wp:term":[{"taxonomy":"product_cat","embeddable":true,"href":"https:\/\/autravail.ca\/en\/wp-json\/wp\/v2\/product_cat?post=32875"},{"taxonomy":"product_tag","embeddable":true,"href":"https:\/\/autravail.ca\/en\/wp-json\/wp\/v2\/product_tag?post=32875"}],"curies":[{"name":"wp","href":"https:\/\/api.w.org\/{rel}","templated":true}]}}