{"id":32789,"date":"2025-05-08T07:08:19","date_gmt":"2025-05-08T07:08:19","guid":{"rendered":"https:\/\/meteoquebec.ca\/?post_type=product&#038;p=32789"},"modified":"2025-12-05T05:10:33","modified_gmt":"2025-12-05T09:10:33","slug":"b405ful-gr-ranpro-pioneer","status":"publish","type":"product","link":"https:\/\/autravail.ca\/en\/product\/b405ful-gr-ranpro-pioneer\/","title":{"rendered":"B405FUL.GR, RANPRO - PIONEER"},"content":{"rendered":"<p>Airlok Polyurethane boots, Ranpro - Pioneer<\/p>\n<ul>\n<li>Resists oil, gas, and mineral, organic and chemical matter<\/li>\n<li>Lightweight and very comfortable<\/li>\n<li>Innovative removable tongue at the heel<\/li>\n<li>Large and reinforced at the ankle for better protection while avoiding friction.<\/li>\n<li>Stacking at the top of the boots allows for easy loading.<\/li>\n<li>Cutting line for personalizing boots height<\/li>\n<li>Ergonomic design at knee height to facilitate movements<\/li>\n<li>Sculpted sole for draining water similar to tires<\/li>\n<li>A sole that does not stick<\/li>\n<li>-20C Nominal Factor<\/li>\n<\/ul>","protected":false},"excerpt":{"rendered":"<p>Polyurethane Airlok boots, Ranpro - Pioneer Resists oil, gas, and mineral, organic, and chemical materials. Lightweight and very comfortable. Innovative tongue at the heel for easy removal. Wide and reinforced boots at the ankle for better protection while avoiding friction. Upper part of the boots allows for [...]<\/p>","protected":false},"featured_media":17590,"comment_status":"open","ping_status":"closed","template":"","meta":[],"product_cat":[685,699],"product_tag":[265,252,242,253],"class_list":{"0":"post-32789","1":"product","2":"type-product","3":"status-publish","4":"has-post-thumbnail","6":"product_brand-pioneer","7":"product_cat-bottes-de-pluie","8":"product_cat-pioneer-surewerx","9":"product_tag-chaussures-specialisees","10":"product_tag-electric-shock-resistant","11":"product_tag-homme","12":"product_tag-sole-protection","14":"first","15":"instock","16":"taxable","17":"shipping-taxable","18":"purchasable","19":"product-type-variable"},"yoast_head":"<!-- This site is optimized with the Yoast SEO plugin v25.3.1 - https:\/\/yoast.com\/wordpress\/plugins\/seo\/ -->\n<title>B405FUL.GR, RANPRO - PIONEER - Le Magasin Industriel<\/title>\n<meta name=\"robots\" content=\"index, follow, max-snippet:-1, max-image-preview:large, max-video-preview:-1\" \/>\n<link rel=\"canonical\" href=\"https:\/\/autravail.ca\/en\/product\/b405ful-gr-ranpro-pioneer\/\" \/>\n<meta property=\"og:locale\" content=\"en_US\" \/>\n<meta property=\"og:type\" content=\"article\" \/>\n<meta property=\"og:title\" content=\"B405FUL.GR, RANPRO - PIONEER - Le Magasin Industriel\" \/>\n<meta property=\"og:description\" content=\"Botte de polyur\u00e9thane Airlok,\u00a0Ranpro &#8211; Pioneer R\u00e9siste \u00e0 l&rsquo;huile, au gaz, et aux mati\u00e8res min\u00e9rales, organiques et chimiques. L\u00e9g\u00e8re et tr\u00e8s confortable. Languette innovante au talon pour l\u2019enlever facilement. Botte ample et renforc\u00e9e au niveau de la cheville pour une meilleure protection tout en \u00e9vitant les frottements. Empi\u00e8cement au haut de la botte permet un [&hellip;]\" \/>\n<meta property=\"og:url\" content=\"https:\/\/autravail.ca\/en\/product\/b405ful-gr-ranpro-pioneer\/\" \/>\n<meta property=\"og:site_name\" content=\"Le Magasin Industriel\" \/>\n<meta property=\"article:publisher\" content=\"https:\/\/www.facebook.com\/lemagasinindustriel\/?locale=fr_FR\" \/>\n<meta property=\"article:modified_time\" content=\"2025-12-05T09:10:33+00:00\" \/>\n<meta property=\"og:image\" content=\"https:\/\/autravail.ca\/wp-content\/uploads\/2025\/05\/b405_a.jpg\" \/>\n\t<meta property=\"og:image:width\" content=\"540\" \/>\n\t<meta property=\"og:image:height\" content=\"600\" \/>\n\t<meta property=\"og:image:type\" content=\"image\/jpeg\" \/>\n<meta name=\"twitter:card\" content=\"summary_large_image\" \/>\n<meta name=\"twitter:label1\" content=\"Est. reading time\" \/>\n\t<meta name=\"twitter:data1\" content=\"1 minute\" \/>\n<script type=\"application\/ld+json\" class=\"yoast-schema-graph\">{\"@context\":\"https:\/\/schema.org\",\"@graph\":[{\"@type\":\"WebPage\",\"@id\":\"https:\/\/autravail.ca\/product\/b405ful-gr-ranpro-pioneer\/\",\"url\":\"https:\/\/autravail.ca\/product\/b405ful-gr-ranpro-pioneer\/\",\"name\":\"B405FUL.GR, RANPRO - PIONEER - Le Magasin Industriel\",\"isPartOf\":{\"@id\":\"https:\/\/autravail.ca\/#website\"},\"primaryImageOfPage\":{\"@id\":\"https:\/\/autravail.ca\/product\/b405ful-gr-ranpro-pioneer\/#primaryimage\"},\"image\":{\"@id\":\"https:\/\/autravail.ca\/product\/b405ful-gr-ranpro-pioneer\/#primaryimage\"},\"thumbnailUrl\":\"https:\/\/autravail.ca\/wp-content\/uploads\/2025\/05\/b405_a.jpg\",\"datePublished\":\"2025-05-08T07:08:19+00:00\",\"dateModified\":\"2025-12-05T09:10:33+00:00\",\"breadcrumb\":{\"@id\":\"https:\/\/autravail.ca\/product\/b405ful-gr-ranpro-pioneer\/#breadcrumb\"},\"inLanguage\":\"en-CA\",\"potentialAction\":[{\"@type\":\"ReadAction\",\"target\":[\"https:\/\/autravail.ca\/product\/b405ful-gr-ranpro-pioneer\/\"]}]},{\"@type\":\"ImageObject\",\"inLanguage\":\"en-CA\",\"@id\":\"https:\/\/autravail.ca\/product\/b405ful-gr-ranpro-pioneer\/#primaryimage\",\"url\":\"https:\/\/autravail.ca\/wp-content\/uploads\/2025\/05\/b405_a.jpg\",\"contentUrl\":\"https:\/\/autravail.ca\/wp-content\/uploads\/2025\/05\/b405_a.jpg\",\"width\":540,\"height\":600},{\"@type\":\"BreadcrumbList\",\"@id\":\"https:\/\/autravail.ca\/product\/b405ful-gr-ranpro-pioneer\/#breadcrumb\",\"itemListElement\":[{\"@type\":\"ListItem\",\"position\":1,\"name\":\"Accueil\",\"item\":\"https:\/\/autravail.ca\/\"},{\"@type\":\"ListItem\",\"position\":2,\"name\":\"Magasin\",\"item\":\"https:\/\/autravail.ca\/en\/shop\/\"},{\"@type\":\"ListItem\",\"position\":3,\"name\":\"B405FUL.GR, RANPRO &#8211; PIONEER\"}]},{\"@type\":\"WebSite\",\"@id\":\"https:\/\/autravail.ca\/#website\",\"url\":\"https:\/\/autravail.ca\/\",\"name\":\"Le Magasin Industriel\",\"description\":\"50 ans de tradition de s\u00e9curit\u00e9 au travail\",\"publisher\":{\"@id\":\"https:\/\/autravail.ca\/#organization\"},\"potentialAction\":[{\"@type\":\"SearchAction\",\"target\":{\"@type\":\"EntryPoint\",\"urlTemplate\":\"https:\/\/autravail.ca\/?s={search_term_string}\"},\"query-input\":{\"@type\":\"PropertyValueSpecification\",\"valueRequired\":true,\"valueName\":\"search_term_string\"}}],\"inLanguage\":\"en-CA\"},{\"@type\":\"Organization\",\"@id\":\"https:\/\/autravail.ca\/#organization\",\"name\":\"Le Magasin Industriel\",\"url\":\"https:\/\/autravail.ca\/\",\"logo\":{\"@type\":\"ImageObject\",\"inLanguage\":\"en-CA\",\"@id\":\"https:\/\/autravail.ca\/#\/schema\/logo\/image\/\",\"url\":\"https:\/\/autravail.ca\/wp-content\/uploads\/2025\/05\/cropped-magasin_industriel_120x.avif\",\"contentUrl\":\"https:\/\/autravail.ca\/wp-content\/uploads\/2025\/05\/cropped-magasin_industriel_120x.avif\",\"width\":120,\"height\":24,\"caption\":\"Le Magasin Industriel\"},\"image\":{\"@id\":\"https:\/\/autravail.ca\/#\/schema\/logo\/image\/\"},\"sameAs\":[\"https:\/\/www.facebook.com\/lemagasinindustriel\/?locale=fr_FR\"]}]}<\/script>\n<!-- \/ Yoast SEO plugin. -->","yoast_head_json":{"title":"B405FUL.GR, RANPRO - PIONEER - Le Magasin Industriel","robots":{"index":"index","follow":"follow","max-snippet":"max-snippet:-1","max-image-preview":"max-image-preview:large","max-video-preview":"max-video-preview:-1"},"canonical":"https:\/\/autravail.ca\/en\/product\/b405ful-gr-ranpro-pioneer\/","og_locale":"en_US","og_type":"article","og_title":"B405FUL.GR, RANPRO - PIONEER - Le Magasin Industriel","og_description":"Botte de polyur\u00e9thane Airlok,\u00a0Ranpro &#8211; Pioneer R\u00e9siste \u00e0 l&rsquo;huile, au gaz, et aux mati\u00e8res min\u00e9rales, organiques et chimiques. L\u00e9g\u00e8re et tr\u00e8s confortable. Languette innovante au talon pour l\u2019enlever facilement. Botte ample et renforc\u00e9e au niveau de la cheville pour une meilleure protection tout en \u00e9vitant les frottements. Empi\u00e8cement au haut de la botte permet un [&hellip;]","og_url":"https:\/\/autravail.ca\/en\/product\/b405ful-gr-ranpro-pioneer\/","og_site_name":"Le Magasin Industriel","article_publisher":"https:\/\/www.facebook.com\/lemagasinindustriel\/?locale=fr_FR","article_modified_time":"2025-12-05T09:10:33+00:00","og_image":[{"width":540,"height":600,"url":"https:\/\/autravail.ca\/wp-content\/uploads\/2025\/05\/b405_a.jpg","type":"image\/jpeg"}],"twitter_card":"summary_large_image","twitter_misc":{"Est. reading time":"1 minute"},"schema":{"@context":"https:\/\/schema.org","@graph":[{"@type":"WebPage","@id":"https:\/\/autravail.ca\/product\/b405ful-gr-ranpro-pioneer\/","url":"https:\/\/autravail.ca\/product\/b405ful-gr-ranpro-pioneer\/","name":"B405FUL.GR, RANPRO - PIONEER - Le Magasin Industriel","isPartOf":{"@id":"https:\/\/autravail.ca\/#website"},"primaryImageOfPage":{"@id":"https:\/\/autravail.ca\/product\/b405ful-gr-ranpro-pioneer\/#primaryimage"},"image":{"@id":"https:\/\/autravail.ca\/product\/b405ful-gr-ranpro-pioneer\/#primaryimage"},"thumbnailUrl":"https:\/\/autravail.ca\/wp-content\/uploads\/2025\/05\/b405_a.jpg","datePublished":"2025-05-08T07:08:19+00:00","dateModified":"2025-12-05T09:10:33+00:00","breadcrumb":{"@id":"https:\/\/autravail.ca\/product\/b405ful-gr-ranpro-pioneer\/#breadcrumb"},"inLanguage":"en-CA","potentialAction":[{"@type":"ReadAction","target":["https:\/\/autravail.ca\/product\/b405ful-gr-ranpro-pioneer\/"]}]},{"@type":"ImageObject","inLanguage":"en-CA","@id":"https:\/\/autravail.ca\/product\/b405ful-gr-ranpro-pioneer\/#primaryimage","url":"https:\/\/autravail.ca\/wp-content\/uploads\/2025\/05\/b405_a.jpg","contentUrl":"https:\/\/autravail.ca\/wp-content\/uploads\/2025\/05\/b405_a.jpg","width":540,"height":600},{"@type":"BreadcrumbList","@id":"https:\/\/autravail.ca\/product\/b405ful-gr-ranpro-pioneer\/#breadcrumb","itemListElement":[{"@type":"ListItem","position":1,"name":"Accueil","item":"https:\/\/autravail.ca\/"},{"@type":"ListItem","position":2,"name":"Magasin","item":"https:\/\/autravail.ca\/en\/shop\/"},{"@type":"ListItem","position":3,"name":"B405FUL.GR, RANPRO &#8211; PIONEER"}]},{"@type":"WebSite","@id":"https:\/\/autravail.ca\/#website","url":"https:\/\/autravail.ca\/","name":"Le Magasin Industriel","description":"50 ans de tradition de s\u00e9curit\u00e9 au travail","publisher":{"@id":"https:\/\/autravail.ca\/#organization"},"potentialAction":[{"@type":"SearchAction","target":{"@type":"EntryPoint","urlTemplate":"https:\/\/autravail.ca\/?s={search_term_string}"},"query-input":{"@type":"PropertyValueSpecification","valueRequired":true,"valueName":"search_term_string"}}],"inLanguage":"en-CA"},{"@type":"Organization","@id":"https:\/\/autravail.ca\/#organization","name":"Le Magasin Industriel","url":"https:\/\/autravail.ca\/","logo":{"@type":"ImageObject","inLanguage":"en-CA","@id":"https:\/\/autravail.ca\/#\/schema\/logo\/image\/","url":"https:\/\/autravail.ca\/wp-content\/uploads\/2025\/05\/cropped-magasin_industriel_120x.avif","contentUrl":"https:\/\/autravail.ca\/wp-content\/uploads\/2025\/05\/cropped-magasin_industriel_120x.avif","width":120,"height":24,"caption":"Le Magasin Industriel"},"image":{"@id":"https:\/\/autravail.ca\/#\/schema\/logo\/image\/"},"sameAs":["https:\/\/www.facebook.com\/lemagasinindustriel\/?locale=fr_FR"]}]}},"jetpack_sharing_enabled":true,"_links":{"self":[{"href":"https:\/\/autravail.ca\/en\/wp-json\/wp\/v2\/product\/32789","targetHints":{"allow":["GET"]}}],"collection":[{"href":"https:\/\/autravail.ca\/en\/wp-json\/wp\/v2\/product"}],"about":[{"href":"https:\/\/autravail.ca\/en\/wp-json\/wp\/v2\/types\/product"}],"replies":[{"embeddable":true,"href":"https:\/\/autravail.ca\/en\/wp-json\/wp\/v2\/comments?post=32789"}],"wp:featuredmedia":[{"embeddable":true,"href":"https:\/\/autravail.ca\/en\/wp-json\/wp\/v2\/media\/17590"}],"wp:attachment":[{"href":"https:\/\/autravail.ca\/en\/wp-json\/wp\/v2\/media?parent=32789"}],"wp:term":[{"taxonomy":"product_cat","embeddable":true,"href":"https:\/\/autravail.ca\/en\/wp-json\/wp\/v2\/product_cat?post=32789"},{"taxonomy":"product_tag","embeddable":true,"href":"https:\/\/autravail.ca\/en\/wp-json\/wp\/v2\/product_tag?post=32789"}],"curies":[{"name":"wp","href":"https:\/\/api.w.org\/{rel}","templated":true}]}}