{"id":32762,"date":"2025-05-08T07:07:54","date_gmt":"2025-05-08T07:07:54","guid":{"rendered":"https:\/\/meteoquebec.ca\/?post_type=product&#038;p=32762"},"modified":"2026-03-27T13:36:21","modified_gmt":"2026-03-27T17:36:21","slug":"botte-de-travail-g2e-a9077b-11","status":"publish","type":"product","link":"https:\/\/autravail.ca\/en\/product\/botte-de-travail-g2e-a9077b-11\/","title":{"rendered":"Botte de travail G2E &#8211; A9077B-11"},"content":{"rendered":"<h3>Botte de travail G2E &#8211; A9077B-11<\/h3>\n<p>Botte de travail G2E &#8211; A9077B-11 de <a href=\"https:\/\/autravail.ca\/en\/product-brand\/acton\/\">Acton<\/a> 8&Prime; en cuir imperm\u00e9able, au chaussant extra large, avec protection m\u00e9tatarsienne externe, embout et semelle de protection en composite. D\u00e9couvrez la performance de sa semelle antid\u00e9rapante 4Grip double densit\u00e9 en caoutchouc naturel et avec noyau de PU.<\/p>\n<p><img decoding=\"async\" class=\"alignnone size-full wp-image-40117\" src=\"https:\/\/autravail.ca\/wp-content\/uploads\/2025\/09\/Certification-Omega-Triangle-vert.jpg\" alt=\"Certifications Om\u00e9ga Triangle vert\" width=\"193\" height=\"110\" srcset=\"https:\/\/autravail.ca\/wp-content\/uploads\/2025\/09\/Certification-Omega-Triangle-vert.jpg 193w, https:\/\/autravail.ca\/wp-content\/uploads\/2025\/09\/Certification-Omega-Triangle-vert-150x85.jpg 150w, https:\/\/autravail.ca\/wp-content\/uploads\/2025\/09\/Certification-Omega-Triangle-vert-18x10.jpg 18w\" sizes=\"(max-width: 193px) 100vw, 193px\" \/><\/p>\n<h6>Characteristics:<\/h6>\n<ul>\n<li>Hauteur : 8&Prime;\u00a0\/\u00a020.4 cm<\/li>\n<li>Tige de cuir pleine fleur 2 mm imperm\u00e9able \u00e0 triple coutures scell\u00e9es avec fil Nomex r\u00e9sistant au feu.<\/li>\n<li>Protection cap and perforation-resistant sole made of light and non-conductive composite.<\/li>\n<li>Protection m\u00e9tatarsienne externe recouverte de cuir avec rivets.<\/li>\n<li>Breathable Lining made of Cambrelle, abrasion resistant and with an antimicrobial treatment.<\/li>\n<li>Inner removable sole made of PU and memory foam offering breathability, comfort, and excellent shock absorption.<\/li>\n<li>Chaussant extra large offrant espace et confort.<\/li>\n<li>Cambrion en nylon.<\/li>\n<li>Protective corner guard made of PU for increased protection.<\/li>\n<li>Pi\u00e8ce de cuir Triton Tectuff ultra r\u00e9sistante cousue sur le c\u00f4t\u00e9 int\u00e9rieur de la botte.<\/li>\n<li>Sole with double density made of natural rubber and a light PU core.<\/li>\n<li>Natural Rubber 4Grip anti-slip sole on dry, wet, oily and frozen surfaces, resistant to wear and oils.<\/li>\n<li>Thoughtful insertions high visibility<\/li>\n<li>Talon Absorb+, absorbant les chocs lors d\u2019impacts et am\u00e9liorant l\u2019adh\u00e9rence.<\/li>\n<li>90 degree heel<\/li>\n<li>Padded collar and tongue for more comfort<\/li>\n<li>Polymeric eyelets.<\/li>\n<\/ul>\n<p><em><span style=\"color: #fa0b0b;\">Unisex U.S. men's sizes presented. To convert to U.S. women's size, add 2 sizes. Example: 5 U.S. men = 7 U.S. women<\/span><\/em><\/p>\n<p><img decoding=\"async\" class=\"alignnone wp-image-40620\" src=\"https:\/\/autravail.ca\/wp-content\/uploads\/2025\/09\/Jachete-quebec-et-canada.jpg\" alt=\"Logo de l'achat local\" width=\"162\" height=\"139\" \/>Merci d&rsquo;encourager une entreprise 100% d&rsquo;ici!<\/p>\n<p>TS2603H<\/p>","protected":false},"excerpt":{"rendered":"<p>Botte de travail G2E &#8211; A9077B-11 Botte de travail G2E &#8211; A9077B-11 de Acton 8&Prime; en cuir imperm\u00e9able, au chaussant extra large, avec protection m\u00e9tatarsienne externe, embout et semelle de protection en composite. D\u00e9couvrez la performance de sa semelle antid\u00e9rapante 4Grip double densit\u00e9 en caoutchouc naturel et avec noyau de PU. Caract\u00e9ristiques: Hauteur : 8&Prime;\u00a0\/\u00a020.4 [&hellip;]<\/p>","protected":false},"featured_media":17561,"comment_status":"open","ping_status":"closed","template":"","meta":[],"product_cat":[811,633,602,626],"product_tag":[357,251,265,252,255,242,267,253],"class_list":{"0":"post-32762","1":"product","2":"type-product","3":"status-publish","4":"has-post-thumbnail","6":"product_brand-acton","7":"product_cat-chaussures-de-securite","8":"product_cat-femmes","9":"product_cat-hommes","10":"product_cat-protection-metatarsienne","11":"product_tag-acton-shoes","12":"product_tag-bottes-de-travail","13":"product_tag-chaussures-specialisees","14":"product_tag-electric-shock-resistant","15":"product_tag-femme","16":"product_tag-homme","17":"product_tag-metatarse-externe","18":"product_tag-sole-protection","20":"first","21":"instock","22":"taxable","23":"shipping-taxable","24":"purchasable","25":"product-type-variable"},"yoast_head":"<!-- This site is optimized with the Yoast SEO plugin v25.3.1 - https:\/\/yoast.com\/wordpress\/plugins\/seo\/ -->\n<title>Botte de travail G2E - A9077B-11 - Le Magasin Industriel<\/title>\n<meta name=\"description\" content=\"Botte de travail G2E - A9077B-11 pour soudeur, 8&quot; en cuir imperm\u00e9able, embout et semelle de protection en composite, m\u00e9tatarse\" \/>\n<meta name=\"robots\" content=\"index, follow, max-snippet:-1, max-image-preview:large, max-video-preview:-1\" \/>\n<link rel=\"canonical\" href=\"https:\/\/autravail.ca\/en\/product\/botte-de-travail-g2e-a9077b-11\/\" \/>\n<meta property=\"og:locale\" content=\"en_US\" \/>\n<meta property=\"og:type\" content=\"article\" \/>\n<meta property=\"og:title\" content=\"Botte de travail G2E - A9077B-11 - Le Magasin Industriel\" \/>\n<meta property=\"og:description\" content=\"Botte de travail G2E - A9077B-11 pour soudeur, 8&quot; en cuir imperm\u00e9able, embout et semelle de protection en composite, m\u00e9tatarse\" \/>\n<meta property=\"og:url\" content=\"https:\/\/autravail.ca\/en\/product\/botte-de-travail-g2e-a9077b-11\/\" \/>\n<meta property=\"og:site_name\" content=\"Le Magasin Industriel\" \/>\n<meta property=\"article:publisher\" content=\"https:\/\/www.facebook.com\/lemagasinindustriel\/?locale=fr_FR\" \/>\n<meta property=\"article:modified_time\" content=\"2026-03-27T17:36:21+00:00\" \/>\n<meta property=\"og:image\" content=\"https:\/\/autravail.ca\/wp-content\/uploads\/2025\/05\/A9077B-11_A01.jpg\" \/>\n\t<meta property=\"og:image:width\" content=\"1000\" \/>\n\t<meta property=\"og:image:height\" content=\"1000\" \/>\n\t<meta property=\"og:image:type\" content=\"image\/jpeg\" \/>\n<meta name=\"twitter:card\" content=\"summary_large_image\" \/>\n<meta name=\"twitter:label1\" content=\"Est. reading time\" \/>\n\t<meta name=\"twitter:data1\" content=\"2 minutes\" \/>\n<script type=\"application\/ld+json\" class=\"yoast-schema-graph\">{\"@context\":\"https:\/\/schema.org\",\"@graph\":[{\"@type\":\"WebPage\",\"@id\":\"https:\/\/autravail.ca\/product\/botte-de-travail-g2e-a9077b-11\/\",\"url\":\"https:\/\/autravail.ca\/product\/botte-de-travail-g2e-a9077b-11\/\",\"name\":\"Botte de travail G2E - A9077B-11 - Le Magasin Industriel\",\"isPartOf\":{\"@id\":\"https:\/\/autravail.ca\/#website\"},\"primaryImageOfPage\":{\"@id\":\"https:\/\/autravail.ca\/product\/botte-de-travail-g2e-a9077b-11\/#primaryimage\"},\"image\":{\"@id\":\"https:\/\/autravail.ca\/product\/botte-de-travail-g2e-a9077b-11\/#primaryimage\"},\"thumbnailUrl\":\"https:\/\/autravail.ca\/wp-content\/uploads\/2025\/05\/A9077B-11_A01.jpg\",\"datePublished\":\"2025-05-08T07:07:54+00:00\",\"dateModified\":\"2026-03-27T17:36:21+00:00\",\"description\":\"Botte de travail G2E - A9077B-11 pour soudeur, 8\\\" en cuir imperm\u00e9able, embout et semelle de protection en composite, m\u00e9tatarse\",\"breadcrumb\":{\"@id\":\"https:\/\/autravail.ca\/product\/botte-de-travail-g2e-a9077b-11\/#breadcrumb\"},\"inLanguage\":\"en-CA\",\"potentialAction\":[{\"@type\":\"ReadAction\",\"target\":[\"https:\/\/autravail.ca\/product\/botte-de-travail-g2e-a9077b-11\/\"]}]},{\"@type\":\"ImageObject\",\"inLanguage\":\"en-CA\",\"@id\":\"https:\/\/autravail.ca\/product\/botte-de-travail-g2e-a9077b-11\/#primaryimage\",\"url\":\"https:\/\/autravail.ca\/wp-content\/uploads\/2025\/05\/A9077B-11_A01.jpg\",\"contentUrl\":\"https:\/\/autravail.ca\/wp-content\/uploads\/2025\/05\/A9077B-11_A01.jpg\",\"width\":1000,\"height\":1000,\"caption\":\"Botte de travail G2E - A9077B-11\"},{\"@type\":\"BreadcrumbList\",\"@id\":\"https:\/\/autravail.ca\/product\/botte-de-travail-g2e-a9077b-11\/#breadcrumb\",\"itemListElement\":[{\"@type\":\"ListItem\",\"position\":1,\"name\":\"Accueil\",\"item\":\"https:\/\/autravail.ca\/\"},{\"@type\":\"ListItem\",\"position\":2,\"name\":\"Magasin\",\"item\":\"https:\/\/autravail.ca\/en\/shop\/\"},{\"@type\":\"ListItem\",\"position\":3,\"name\":\"Botte de travail G2E &#8211; A9077B-11\"}]},{\"@type\":\"WebSite\",\"@id\":\"https:\/\/autravail.ca\/#website\",\"url\":\"https:\/\/autravail.ca\/\",\"name\":\"Le Magasin Industriel\",\"description\":\"50 ans de tradition de s\u00e9curit\u00e9 au travail\",\"publisher\":{\"@id\":\"https:\/\/autravail.ca\/#organization\"},\"potentialAction\":[{\"@type\":\"SearchAction\",\"target\":{\"@type\":\"EntryPoint\",\"urlTemplate\":\"https:\/\/autravail.ca\/?s={search_term_string}\"},\"query-input\":{\"@type\":\"PropertyValueSpecification\",\"valueRequired\":true,\"valueName\":\"search_term_string\"}}],\"inLanguage\":\"en-CA\"},{\"@type\":\"Organization\",\"@id\":\"https:\/\/autravail.ca\/#organization\",\"name\":\"Le Magasin Industriel\",\"url\":\"https:\/\/autravail.ca\/\",\"logo\":{\"@type\":\"ImageObject\",\"inLanguage\":\"en-CA\",\"@id\":\"https:\/\/autravail.ca\/#\/schema\/logo\/image\/\",\"url\":\"https:\/\/autravail.ca\/wp-content\/uploads\/2025\/05\/cropped-magasin_industriel_120x.avif\",\"contentUrl\":\"https:\/\/autravail.ca\/wp-content\/uploads\/2025\/05\/cropped-magasin_industriel_120x.avif\",\"width\":120,\"height\":24,\"caption\":\"Le Magasin Industriel\"},\"image\":{\"@id\":\"https:\/\/autravail.ca\/#\/schema\/logo\/image\/\"},\"sameAs\":[\"https:\/\/www.facebook.com\/lemagasinindustriel\/?locale=fr_FR\"]}]}<\/script>\n<!-- \/ Yoast SEO plugin. -->","yoast_head_json":{"title":"Botte de travail G2E - A9077B-11 - Le Magasin Industriel","description":"Botte de travail G2E - A9077B-11 pour soudeur, 8\" en cuir imperm\u00e9able, embout et semelle de protection en composite, m\u00e9tatarse","robots":{"index":"index","follow":"follow","max-snippet":"max-snippet:-1","max-image-preview":"max-image-preview:large","max-video-preview":"max-video-preview:-1"},"canonical":"https:\/\/autravail.ca\/en\/product\/botte-de-travail-g2e-a9077b-11\/","og_locale":"en_US","og_type":"article","og_title":"Botte de travail G2E - A9077B-11 - Le Magasin Industriel","og_description":"Botte de travail G2E - A9077B-11 pour soudeur, 8\" en cuir imperm\u00e9able, embout et semelle de protection en composite, m\u00e9tatarse","og_url":"https:\/\/autravail.ca\/en\/product\/botte-de-travail-g2e-a9077b-11\/","og_site_name":"Le Magasin Industriel","article_publisher":"https:\/\/www.facebook.com\/lemagasinindustriel\/?locale=fr_FR","article_modified_time":"2026-03-27T17:36:21+00:00","og_image":[{"width":1000,"height":1000,"url":"https:\/\/autravail.ca\/wp-content\/uploads\/2025\/05\/A9077B-11_A01.jpg","type":"image\/jpeg"}],"twitter_card":"summary_large_image","twitter_misc":{"Est. reading time":"2 minutes"},"schema":{"@context":"https:\/\/schema.org","@graph":[{"@type":"WebPage","@id":"https:\/\/autravail.ca\/product\/botte-de-travail-g2e-a9077b-11\/","url":"https:\/\/autravail.ca\/product\/botte-de-travail-g2e-a9077b-11\/","name":"Botte de travail G2E - A9077B-11 - Le Magasin Industriel","isPartOf":{"@id":"https:\/\/autravail.ca\/#website"},"primaryImageOfPage":{"@id":"https:\/\/autravail.ca\/product\/botte-de-travail-g2e-a9077b-11\/#primaryimage"},"image":{"@id":"https:\/\/autravail.ca\/product\/botte-de-travail-g2e-a9077b-11\/#primaryimage"},"thumbnailUrl":"https:\/\/autravail.ca\/wp-content\/uploads\/2025\/05\/A9077B-11_A01.jpg","datePublished":"2025-05-08T07:07:54+00:00","dateModified":"2026-03-27T17:36:21+00:00","description":"Botte de travail G2E - A9077B-11 pour soudeur, 8\" en cuir imperm\u00e9able, embout et semelle de protection en composite, m\u00e9tatarse","breadcrumb":{"@id":"https:\/\/autravail.ca\/product\/botte-de-travail-g2e-a9077b-11\/#breadcrumb"},"inLanguage":"en-CA","potentialAction":[{"@type":"ReadAction","target":["https:\/\/autravail.ca\/product\/botte-de-travail-g2e-a9077b-11\/"]}]},{"@type":"ImageObject","inLanguage":"en-CA","@id":"https:\/\/autravail.ca\/product\/botte-de-travail-g2e-a9077b-11\/#primaryimage","url":"https:\/\/autravail.ca\/wp-content\/uploads\/2025\/05\/A9077B-11_A01.jpg","contentUrl":"https:\/\/autravail.ca\/wp-content\/uploads\/2025\/05\/A9077B-11_A01.jpg","width":1000,"height":1000,"caption":"Botte de travail G2E - A9077B-11"},{"@type":"BreadcrumbList","@id":"https:\/\/autravail.ca\/product\/botte-de-travail-g2e-a9077b-11\/#breadcrumb","itemListElement":[{"@type":"ListItem","position":1,"name":"Accueil","item":"https:\/\/autravail.ca\/"},{"@type":"ListItem","position":2,"name":"Magasin","item":"https:\/\/autravail.ca\/en\/shop\/"},{"@type":"ListItem","position":3,"name":"Botte de travail G2E &#8211; A9077B-11"}]},{"@type":"WebSite","@id":"https:\/\/autravail.ca\/#website","url":"https:\/\/autravail.ca\/","name":"Le Magasin Industriel","description":"50 ans de tradition de s\u00e9curit\u00e9 au travail","publisher":{"@id":"https:\/\/autravail.ca\/#organization"},"potentialAction":[{"@type":"SearchAction","target":{"@type":"EntryPoint","urlTemplate":"https:\/\/autravail.ca\/?s={search_term_string}"},"query-input":{"@type":"PropertyValueSpecification","valueRequired":true,"valueName":"search_term_string"}}],"inLanguage":"en-CA"},{"@type":"Organization","@id":"https:\/\/autravail.ca\/#organization","name":"Le Magasin Industriel","url":"https:\/\/autravail.ca\/","logo":{"@type":"ImageObject","inLanguage":"en-CA","@id":"https:\/\/autravail.ca\/#\/schema\/logo\/image\/","url":"https:\/\/autravail.ca\/wp-content\/uploads\/2025\/05\/cropped-magasin_industriel_120x.avif","contentUrl":"https:\/\/autravail.ca\/wp-content\/uploads\/2025\/05\/cropped-magasin_industriel_120x.avif","width":120,"height":24,"caption":"Le Magasin Industriel"},"image":{"@id":"https:\/\/autravail.ca\/#\/schema\/logo\/image\/"},"sameAs":["https:\/\/www.facebook.com\/lemagasinindustriel\/?locale=fr_FR"]}]}},"jetpack_sharing_enabled":true,"_links":{"self":[{"href":"https:\/\/autravail.ca\/en\/wp-json\/wp\/v2\/product\/32762","targetHints":{"allow":["GET"]}}],"collection":[{"href":"https:\/\/autravail.ca\/en\/wp-json\/wp\/v2\/product"}],"about":[{"href":"https:\/\/autravail.ca\/en\/wp-json\/wp\/v2\/types\/product"}],"replies":[{"embeddable":true,"href":"https:\/\/autravail.ca\/en\/wp-json\/wp\/v2\/comments?post=32762"}],"wp:featuredmedia":[{"embeddable":true,"href":"https:\/\/autravail.ca\/en\/wp-json\/wp\/v2\/media\/17561"}],"wp:attachment":[{"href":"https:\/\/autravail.ca\/en\/wp-json\/wp\/v2\/media?parent=32762"}],"wp:term":[{"taxonomy":"product_cat","embeddable":true,"href":"https:\/\/autravail.ca\/en\/wp-json\/wp\/v2\/product_cat?post=32762"},{"taxonomy":"product_tag","embeddable":true,"href":"https:\/\/autravail.ca\/en\/wp-json\/wp\/v2\/product_tag?post=32762"}],"curies":[{"name":"wp","href":"https:\/\/api.w.org\/{rel}","templated":true}]}}