{"id":32761,"date":"2025-05-08T07:07:54","date_gmt":"2025-05-08T07:07:54","guid":{"rendered":"https:\/\/meteoquebec.ca\/?post_type=product&#038;p=32761"},"modified":"2026-03-11T16:15:29","modified_gmt":"2026-03-11T20:15:29","slug":"bas-isolant-neo-sox-a0962b11","status":"publish","type":"product","link":"https:\/\/autravail.ca\/en\/product\/bas-isolant-neo-sox-a0962b11\/","title":{"rendered":"Bas isolant Neo Sox &#8211; A0962B11"},"content":{"rendered":"<h3>Bas isolant Neo Sox &#8211; A0962B11<\/h3>\n<p>Bas isolant Neo Sox &#8211; A0962B11 de <a href=\"https:\/\/autravail.ca\/en\/product-brand\/acton\/\">Acton<\/a> sont des chaussons isolants en n\u00e9opr\u00e8ne de 8 pouces con\u00e7us pour accro\u00eetre le confort et la gestion de la temp\u00e9rature dans les bottes. Contrairement au chausson en feutre traditionnel,\u00a0le\u00a0<strong class=\"Yjhzub\" data-complete=\"true\" data-processed=\"true\">Neo Sox<\/strong>\u00a0est un accessoire sp\u00e9cialis\u00e9 souvent achet\u00e9 s\u00e9par\u00e9ment ou utilis\u00e9 comme doublure de performance.<\/p>\n<p>Characteristics:<\/p>\n<ul>\n<li>Bas isolant respirant fait en n\u00e9opr\u00e8ne.<\/li>\n<li>Antimicrobial Treatment<\/li>\n<li>Coutures \u00e0 plat extensibles pour un meilleur confort.<\/li>\n<li>\u00c9pouse la forme du pied.<\/li>\n<li>Increases comfort<\/li>\n<li>Conserve la temp\u00e9rature du corps qu&rsquo;il fasse chaud ou froid.<\/li>\n<li>Id\u00e9al pour porter dans les bottes de caoutchouc et de PU.<\/li>\n<li>Le n\u00e9opr\u00e8ne conserve la temp\u00e9rature corporelle, que les conditions soient chaudes ou froides, ce qui en fait un excellent choix pour les bottes de pluie ou de caoutchouc non isol\u00e9es.<\/li>\n<li>Fabriqu\u00e9 avec des\u00a0<strong class=\"Yjhzub\" data-complete=\"true\">coutures \u00e0 plat extensibles<\/strong>, il \u00e9pouse la forme du pied pour \u00e9viter les points de pression et am\u00e9liorer le confort global dans la botte.<\/li>\n<li>L<strong class=\"Yjhzub\" data-complete=\"true\">avable \u00e0 la machine<\/strong>.<\/li>\n<li>Bien que le n\u00e9opr\u00e8ne soit \u00e9tanche, Acton con\u00e7oit ces bas pour \u00eatre respirants afin d&rsquo;\u00e9vacuer l&rsquo;humidit\u00e9 r\u00e9siduelle du pied.<\/li>\n<\/ul>\n<p><img decoding=\"async\" class=\"alignnone wp-image-40620\" src=\"https:\/\/autravail.ca\/wp-content\/uploads\/2025\/09\/Jachete-quebec-et-canada.jpg\" alt=\"Logo de l'achat local\" width=\"162\" height=\"139\" \/>Merci d&rsquo;encourager une entreprise 100% d&rsquo;ici!<\/p>\n<p>TS2602H<\/p>","protected":false},"excerpt":{"rendered":"<p>Bas isolant Neo Sox &#8211; A0962B11 Bas isolant Neo Sox &#8211; A0962B11 de Acton sont des chaussons isolants en n\u00e9opr\u00e8ne de 8 pouces con\u00e7us pour accro\u00eetre le confort et la gestion de la temp\u00e9rature dans les bottes. Contrairement au chausson en feutre traditionnel,\u00a0le\u00a0Neo Sox\u00a0est un accessoire sp\u00e9cialis\u00e9 souvent achet\u00e9 s\u00e9par\u00e9ment ou utilis\u00e9 comme doublure de [&hellip;]<\/p>","protected":false},"featured_media":44835,"comment_status":"open","ping_status":"closed","template":"","meta":[],"product_cat":[657],"product_tag":[255,242],"class_list":{"0":"post-32761","1":"product","2":"type-product","3":"status-publish","4":"has-post-thumbnail","6":"product_brand-acton","7":"product_cat-accessoires-de-chaussures","8":"product_tag-femme","9":"product_tag-homme","11":"first","12":"instock","13":"taxable","14":"shipping-taxable","15":"purchasable","16":"product-type-variable"},"yoast_head":"<!-- This site is optimized with the Yoast SEO plugin v25.3.1 - https:\/\/yoast.com\/wordpress\/plugins\/seo\/ -->\n<title>Bas isolant Neo Sox - A0962B11 - Le Magasin Industriel<\/title>\n<meta name=\"description\" content=\"Bas isolant Neo Sox - A0962B11 des chaussons isolants en n\u00e9opr\u00e8ne de 8 pouces con\u00e7us pour le confort et la gestion de la temp\u00e9rature dans les bottes.\" \/>\n<meta name=\"robots\" content=\"index, follow, max-snippet:-1, max-image-preview:large, max-video-preview:-1\" \/>\n<link rel=\"canonical\" href=\"https:\/\/autravail.ca\/en\/product\/bas-isolant-neo-sox-a0962b11\/\" \/>\n<meta property=\"og:locale\" content=\"en_US\" \/>\n<meta property=\"og:type\" content=\"article\" \/>\n<meta property=\"og:title\" content=\"Bas isolant Neo Sox - A0962B11 - Le Magasin Industriel\" \/>\n<meta property=\"og:description\" content=\"Bas isolant Neo Sox - A0962B11 des chaussons isolants en n\u00e9opr\u00e8ne de 8 pouces con\u00e7us pour le confort et la gestion de la temp\u00e9rature dans les bottes.\" \/>\n<meta property=\"og:url\" content=\"https:\/\/autravail.ca\/en\/product\/bas-isolant-neo-sox-a0962b11\/\" \/>\n<meta property=\"og:site_name\" content=\"Le Magasin Industriel\" \/>\n<meta property=\"article:publisher\" content=\"https:\/\/www.facebook.com\/lemagasinindustriel\/?locale=fr_FR\" \/>\n<meta property=\"article:modified_time\" content=\"2026-03-11T20:15:29+00:00\" \/>\n<meta property=\"og:image\" content=\"https:\/\/autravail.ca\/wp-content\/uploads\/2025\/05\/A0962B11_A01-1.jpg\" \/>\n\t<meta property=\"og:image:width\" content=\"1502\" \/>\n\t<meta property=\"og:image:height\" content=\"1502\" \/>\n\t<meta property=\"og:image:type\" content=\"image\/jpeg\" \/>\n<meta name=\"twitter:card\" content=\"summary_large_image\" \/>\n<meta name=\"twitter:label1\" content=\"Est. reading time\" \/>\n\t<meta name=\"twitter:data1\" content=\"2 minutes\" \/>\n<script type=\"application\/ld+json\" class=\"yoast-schema-graph\">{\"@context\":\"https:\/\/schema.org\",\"@graph\":[{\"@type\":\"WebPage\",\"@id\":\"https:\/\/autravail.ca\/product\/bas-isolant-neo-sox-a0962b11\/\",\"url\":\"https:\/\/autravail.ca\/product\/bas-isolant-neo-sox-a0962b11\/\",\"name\":\"Bas isolant Neo Sox - A0962B11 - Le Magasin Industriel\",\"isPartOf\":{\"@id\":\"https:\/\/autravail.ca\/#website\"},\"primaryImageOfPage\":{\"@id\":\"https:\/\/autravail.ca\/product\/bas-isolant-neo-sox-a0962b11\/#primaryimage\"},\"image\":{\"@id\":\"https:\/\/autravail.ca\/product\/bas-isolant-neo-sox-a0962b11\/#primaryimage\"},\"thumbnailUrl\":\"https:\/\/autravail.ca\/wp-content\/uploads\/2025\/05\/A0962B11_A01-1.jpg\",\"datePublished\":\"2025-05-08T07:07:54+00:00\",\"dateModified\":\"2026-03-11T20:15:29+00:00\",\"description\":\"Bas isolant Neo Sox - A0962B11 des chaussons isolants en n\u00e9opr\u00e8ne de 8 pouces con\u00e7us pour le confort et la gestion de la temp\u00e9rature dans les bottes.\",\"breadcrumb\":{\"@id\":\"https:\/\/autravail.ca\/product\/bas-isolant-neo-sox-a0962b11\/#breadcrumb\"},\"inLanguage\":\"en-CA\",\"potentialAction\":[{\"@type\":\"ReadAction\",\"target\":[\"https:\/\/autravail.ca\/product\/bas-isolant-neo-sox-a0962b11\/\"]}]},{\"@type\":\"ImageObject\",\"inLanguage\":\"en-CA\",\"@id\":\"https:\/\/autravail.ca\/product\/bas-isolant-neo-sox-a0962b11\/#primaryimage\",\"url\":\"https:\/\/autravail.ca\/wp-content\/uploads\/2025\/05\/A0962B11_A01-1.jpg\",\"contentUrl\":\"https:\/\/autravail.ca\/wp-content\/uploads\/2025\/05\/A0962B11_A01-1.jpg\",\"width\":1502,\"height\":1502,\"caption\":\"Bas isolant Neo Sox - A0962B11\"},{\"@type\":\"BreadcrumbList\",\"@id\":\"https:\/\/autravail.ca\/product\/bas-isolant-neo-sox-a0962b11\/#breadcrumb\",\"itemListElement\":[{\"@type\":\"ListItem\",\"position\":1,\"name\":\"Accueil\",\"item\":\"https:\/\/autravail.ca\/\"},{\"@type\":\"ListItem\",\"position\":2,\"name\":\"Magasin\",\"item\":\"https:\/\/autravail.ca\/en\/shop\/\"},{\"@type\":\"ListItem\",\"position\":3,\"name\":\"Bas isolant Neo Sox &#8211; A0962B11\"}]},{\"@type\":\"WebSite\",\"@id\":\"https:\/\/autravail.ca\/#website\",\"url\":\"https:\/\/autravail.ca\/\",\"name\":\"Le Magasin Industriel\",\"description\":\"50 ans de tradition de s\u00e9curit\u00e9 au travail\",\"publisher\":{\"@id\":\"https:\/\/autravail.ca\/#organization\"},\"potentialAction\":[{\"@type\":\"SearchAction\",\"target\":{\"@type\":\"EntryPoint\",\"urlTemplate\":\"https:\/\/autravail.ca\/?s={search_term_string}\"},\"query-input\":{\"@type\":\"PropertyValueSpecification\",\"valueRequired\":true,\"valueName\":\"search_term_string\"}}],\"inLanguage\":\"en-CA\"},{\"@type\":\"Organization\",\"@id\":\"https:\/\/autravail.ca\/#organization\",\"name\":\"Le Magasin Industriel\",\"url\":\"https:\/\/autravail.ca\/\",\"logo\":{\"@type\":\"ImageObject\",\"inLanguage\":\"en-CA\",\"@id\":\"https:\/\/autravail.ca\/#\/schema\/logo\/image\/\",\"url\":\"https:\/\/autravail.ca\/wp-content\/uploads\/2025\/05\/cropped-magasin_industriel_120x.avif\",\"contentUrl\":\"https:\/\/autravail.ca\/wp-content\/uploads\/2025\/05\/cropped-magasin_industriel_120x.avif\",\"width\":120,\"height\":24,\"caption\":\"Le Magasin Industriel\"},\"image\":{\"@id\":\"https:\/\/autravail.ca\/#\/schema\/logo\/image\/\"},\"sameAs\":[\"https:\/\/www.facebook.com\/lemagasinindustriel\/?locale=fr_FR\"]}]}<\/script>\n<!-- \/ Yoast SEO plugin. -->","yoast_head_json":{"title":"Bas isolant Neo Sox - A0962B11 - Le Magasin Industriel","description":"Bas isolant Neo Sox - A0962B11 des chaussons isolants en n\u00e9opr\u00e8ne de 8 pouces con\u00e7us pour le confort et la gestion de la temp\u00e9rature dans les bottes.","robots":{"index":"index","follow":"follow","max-snippet":"max-snippet:-1","max-image-preview":"max-image-preview:large","max-video-preview":"max-video-preview:-1"},"canonical":"https:\/\/autravail.ca\/en\/product\/bas-isolant-neo-sox-a0962b11\/","og_locale":"en_US","og_type":"article","og_title":"Bas isolant Neo Sox - A0962B11 - Le Magasin Industriel","og_description":"Bas isolant Neo Sox - A0962B11 des chaussons isolants en n\u00e9opr\u00e8ne de 8 pouces con\u00e7us pour le confort et la gestion de la temp\u00e9rature dans les bottes.","og_url":"https:\/\/autravail.ca\/en\/product\/bas-isolant-neo-sox-a0962b11\/","og_site_name":"Le Magasin Industriel","article_publisher":"https:\/\/www.facebook.com\/lemagasinindustriel\/?locale=fr_FR","article_modified_time":"2026-03-11T20:15:29+00:00","og_image":[{"width":1502,"height":1502,"url":"https:\/\/autravail.ca\/wp-content\/uploads\/2025\/05\/A0962B11_A01-1.jpg","type":"image\/jpeg"}],"twitter_card":"summary_large_image","twitter_misc":{"Est. reading time":"2 minutes"},"schema":{"@context":"https:\/\/schema.org","@graph":[{"@type":"WebPage","@id":"https:\/\/autravail.ca\/product\/bas-isolant-neo-sox-a0962b11\/","url":"https:\/\/autravail.ca\/product\/bas-isolant-neo-sox-a0962b11\/","name":"Bas isolant Neo Sox - A0962B11 - Le Magasin Industriel","isPartOf":{"@id":"https:\/\/autravail.ca\/#website"},"primaryImageOfPage":{"@id":"https:\/\/autravail.ca\/product\/bas-isolant-neo-sox-a0962b11\/#primaryimage"},"image":{"@id":"https:\/\/autravail.ca\/product\/bas-isolant-neo-sox-a0962b11\/#primaryimage"},"thumbnailUrl":"https:\/\/autravail.ca\/wp-content\/uploads\/2025\/05\/A0962B11_A01-1.jpg","datePublished":"2025-05-08T07:07:54+00:00","dateModified":"2026-03-11T20:15:29+00:00","description":"Bas isolant Neo Sox - A0962B11 des chaussons isolants en n\u00e9opr\u00e8ne de 8 pouces con\u00e7us pour le confort et la gestion de la temp\u00e9rature dans les bottes.","breadcrumb":{"@id":"https:\/\/autravail.ca\/product\/bas-isolant-neo-sox-a0962b11\/#breadcrumb"},"inLanguage":"en-CA","potentialAction":[{"@type":"ReadAction","target":["https:\/\/autravail.ca\/product\/bas-isolant-neo-sox-a0962b11\/"]}]},{"@type":"ImageObject","inLanguage":"en-CA","@id":"https:\/\/autravail.ca\/product\/bas-isolant-neo-sox-a0962b11\/#primaryimage","url":"https:\/\/autravail.ca\/wp-content\/uploads\/2025\/05\/A0962B11_A01-1.jpg","contentUrl":"https:\/\/autravail.ca\/wp-content\/uploads\/2025\/05\/A0962B11_A01-1.jpg","width":1502,"height":1502,"caption":"Bas isolant Neo Sox - A0962B11"},{"@type":"BreadcrumbList","@id":"https:\/\/autravail.ca\/product\/bas-isolant-neo-sox-a0962b11\/#breadcrumb","itemListElement":[{"@type":"ListItem","position":1,"name":"Accueil","item":"https:\/\/autravail.ca\/"},{"@type":"ListItem","position":2,"name":"Magasin","item":"https:\/\/autravail.ca\/en\/shop\/"},{"@type":"ListItem","position":3,"name":"Bas isolant Neo Sox &#8211; A0962B11"}]},{"@type":"WebSite","@id":"https:\/\/autravail.ca\/#website","url":"https:\/\/autravail.ca\/","name":"Le Magasin Industriel","description":"50 ans de tradition de s\u00e9curit\u00e9 au travail","publisher":{"@id":"https:\/\/autravail.ca\/#organization"},"potentialAction":[{"@type":"SearchAction","target":{"@type":"EntryPoint","urlTemplate":"https:\/\/autravail.ca\/?s={search_term_string}"},"query-input":{"@type":"PropertyValueSpecification","valueRequired":true,"valueName":"search_term_string"}}],"inLanguage":"en-CA"},{"@type":"Organization","@id":"https:\/\/autravail.ca\/#organization","name":"Le Magasin Industriel","url":"https:\/\/autravail.ca\/","logo":{"@type":"ImageObject","inLanguage":"en-CA","@id":"https:\/\/autravail.ca\/#\/schema\/logo\/image\/","url":"https:\/\/autravail.ca\/wp-content\/uploads\/2025\/05\/cropped-magasin_industriel_120x.avif","contentUrl":"https:\/\/autravail.ca\/wp-content\/uploads\/2025\/05\/cropped-magasin_industriel_120x.avif","width":120,"height":24,"caption":"Le Magasin Industriel"},"image":{"@id":"https:\/\/autravail.ca\/#\/schema\/logo\/image\/"},"sameAs":["https:\/\/www.facebook.com\/lemagasinindustriel\/?locale=fr_FR"]}]}},"jetpack_sharing_enabled":true,"_links":{"self":[{"href":"https:\/\/autravail.ca\/en\/wp-json\/wp\/v2\/product\/32761","targetHints":{"allow":["GET"]}}],"collection":[{"href":"https:\/\/autravail.ca\/en\/wp-json\/wp\/v2\/product"}],"about":[{"href":"https:\/\/autravail.ca\/en\/wp-json\/wp\/v2\/types\/product"}],"replies":[{"embeddable":true,"href":"https:\/\/autravail.ca\/en\/wp-json\/wp\/v2\/comments?post=32761"}],"wp:featuredmedia":[{"embeddable":true,"href":"https:\/\/autravail.ca\/en\/wp-json\/wp\/v2\/media\/44835"}],"wp:attachment":[{"href":"https:\/\/autravail.ca\/en\/wp-json\/wp\/v2\/media?parent=32761"}],"wp:term":[{"taxonomy":"product_cat","embeddable":true,"href":"https:\/\/autravail.ca\/en\/wp-json\/wp\/v2\/product_cat?post=32761"},{"taxonomy":"product_tag","embeddable":true,"href":"https:\/\/autravail.ca\/en\/wp-json\/wp\/v2\/product_tag?post=32761"}],"curies":[{"name":"wp","href":"https:\/\/api.w.org\/{rel}","templated":true}]}}