{"id":32580,"date":"2025-05-08T07:05:50","date_gmt":"2025-05-08T07:05:50","guid":{"rendered":"https:\/\/meteoquebec.ca\/?post_type=product&#038;p=32580"},"modified":"2026-02-18T17:02:50","modified_gmt":"2026-02-18T21:02:50","slug":"soulier-de-travail-patrick-5142","status":"publish","type":"product","link":"https:\/\/autravail.ca\/en\/product\/soulier-de-travail-patrick-5142\/","title":{"rendered":"Soulier de travail Patrick &#8211; 5142"},"content":{"rendered":"<h3>Soulier de travail Patrick &#8211; 5142<\/h3>\n<p>Soulier de travail Patrick &#8211; 5142 <strong class=\"Yjhzub\" data-complete=\"true\" aria-owns=\"action-menu-parent-container\">For <a href=\"https:\/\/autravail.ca\/wp-admin\/edit-tags.php?taxonomy=product_brand&amp;post_type=product\">Mellow Walk<\/a> est une\u00a0<strong class=\"Yjhzub\" data-complete=\"true\">chaussure de s\u00e9curit\u00e9 basse \u00e0 enfiler (style loafer\/Oxford d\u00e9contract\u00e9) pour homme<\/strong> qui offre un confort orthop\u00e9dique et une protection statique, con\u00e7ue pour les environnements de travail int\u00e9rieurs et l\u00e9gers. <span dir=\"auto\">Le mod\u00e8le Patrick classique de Mellow Walk offre toujours aux hommes un confort in\u00e9gal\u00e9 dans une chaussure de s\u00e9curit\u00e9 d\u00e9contract\u00e9e \u00e0 enfiler. <\/span><span dir=\"auto\">Avec sa largeur g\u00e9n\u00e9reuse et son embout en acier pour un confort optimal, le Patrick reste fid\u00e8le \u00e0 son style d&rsquo;inspiration europ\u00e9enne.\u00a0<\/span><\/strong><\/p>\n<p><img decoding=\"async\" class=\"alignnone size-full wp-image-40140\" src=\"https:\/\/autravail.ca\/wp-content\/uploads\/2025\/05\/Certification-SD-Carre-bleu.jpg\" alt=\"Logo de la certification CSA carr\u00e9 bleu et SD\" width=\"222\" height=\"124\" srcset=\"https:\/\/autravail.ca\/wp-content\/uploads\/2025\/05\/Certification-SD-Carre-bleu.jpg 222w, https:\/\/autravail.ca\/wp-content\/uploads\/2025\/05\/Certification-SD-Carre-bleu-150x84.jpg 150w, https:\/\/autravail.ca\/wp-content\/uploads\/2025\/05\/Certification-SD-Carre-bleu-18x10.jpg 18w\" sizes=\"(max-width: 222px) 100vw, 222px\" \/><\/p>\n<h6>Characteristics:<\/h6>\n<ul>\n<li><span dir=\"auto\"><span dir=\"auto\">Chaussure basse, style loafer\/Oxford \u00e0 enfiler, avec double bande \u00e9lastique<\/span><\/span><\/li>\n<li><span dir=\"auto\"><span dir=\"auto\">Dissipatif statique (SD+) : (moins de 35 m\u00e9gaohms)<\/span><\/span><\/li>\n<li><span dir=\"auto\"><span dir=\"auto\">R\u00e9sistant aux huiles et aux acides<\/span><\/span><\/li>\n<li><span dir=\"auto\"><span dir=\"auto\">Antid\u00e9rapant<\/span><\/span><\/li>\n<li>Made in Canada.<\/li>\n<li>Largeur : EE (moyenne \u00e0 large)<\/li>\n<li>Ajustement : Orthop\u00e9dique confort<\/li>\n<li><strong class=\"Yjhzub\" data-complete=\"true\">Cuir pleine fleur<\/strong>\u00a0(\u00ab\u00a0Milan dress leather\u00a0\u00bb)<\/li>\n<li><strong class=\"Yjhzub\" data-complete=\"true\">Semelle int\u00e9rieure amovible Dreamfit<\/strong>\u00a0en PU, antibact\u00e9rienne, pour un confort accru<\/li>\n<li>Semelle ext\u00e9rieure : <strong class=\"Yjhzub\" data-complete=\"true\" aria-owns=\"action-menu-parent-container\">Polyur\u00e9thane (PU) bi-densit\u00e9 absorbant les chocs, antid\u00e9rapante et r\u00e9sistante \u00e0 l&rsquo;huile et aux acides, non marquante<\/strong><\/li>\n<li>Embout d&rsquo;acier (Grade 1), approuv\u00e9 CSA et ASTM, sans semelle anti-perforation<\/li>\n<li>Demi-chaussette antistatique en PU<\/li>\n<li>Construction : Semelle coll\u00e9e\/cousue cousue<\/li>\n<li>Non marquante : Oui<\/li>\n<\/ul>\n<h6 class=\"otQkpb\" role=\"heading\" aria-level=\"3\" data-complete=\"true\" data-processed=\"true\">Avis et utilisation<\/h6>\n<div class=\"Y3BBE\" data-sfc-cp=\"\" data-hveid=\"CAEIBxAA\" data-complete=\"true\" data-processed=\"true\" aria-owns=\"action-menu-parent-container\">Le mod\u00e8le\u00a0<strong class=\"Yjhzub\" data-complete=\"true\">Patrick<\/strong>\u00a0est souvent d\u00e9crit comme le \u00ab\u00a0nec plus ultra du confort\u00a0\u00bb parmi les chaussures de s\u00e9curit\u00e9, avec des utilisateurs rapportant qu&rsquo;elles sont\u00a0<strong class=\"Yjhzub\" data-complete=\"true\">confortables d\u00e8s la sortie de la bo\u00eete<\/strong>\u00a0et ne n\u00e9cessitent aucune p\u00e9riode de rodage.<\/div>\n<div data-sfc-cp=\"\" data-hveid=\"CAEIBxAA\" data-complete=\"true\" data-processed=\"true\" aria-owns=\"action-menu-parent-container\"><\/div>\n<div data-sfc-cp=\"\" data-hveid=\"CAEIBxAA\" data-complete=\"true\" data-processed=\"true\" aria-owns=\"action-menu-parent-container\">\n<h6 class=\"Y3BBE\" data-hveid=\"CAEICBAA\" data-complete=\"true\" data-processed=\"true\">Ces chaussures sont recommand\u00e9es pour une utilisation dans des environnements de travail int\u00e9rieurs et secs \u00e0 faible impact, tels que :<span class=\"uJ19be notranslate\" data-wiz-uids=\"tXgRff_46,tXgRff_47\" data-complete=\"true\"><span class=\"vKEkVd\" data-animation-atomic=\"\" data-wiz-attrbind=\"class=tXgRff_45\/TKHnVd\" data-sae=\"\"><span aria-hidden=\"true\">\u00a0<\/span><\/span><\/span><\/h6>\n<ul class=\"KsbFXc U6u95\" data-complete=\"true\" data-processed=\"true\">\n<li data-hveid=\"CAEICRAA\" data-complete=\"true\" data-sae=\"\"><span class=\"T286Pc\" data-sfc-cp=\"\" data-complete=\"true\">Les industries \u00e9lectroniques et informatiques<\/span><\/li>\n<li data-hveid=\"CAEICRAB\" data-complete=\"true\" data-sae=\"\"><span class=\"T286Pc\" data-sfc-cp=\"\" data-complete=\"true\">La fabrication l\u00e9g\u00e8re<\/span><\/li>\n<li data-hveid=\"CAEICRAC\" data-complete=\"true\" data-sae=\"\"><span class=\"T286Pc\" data-sfc-cp=\"\" data-complete=\"true\">Les installations de peinture<\/span><\/li>\n<li data-hveid=\"CAEICRAD\" data-complete=\"true\" data-sae=\"\"><span class=\"T286Pc\" data-sfc-cp=\"\" data-complete=\"true\">L&rsquo;h\u00f4tellerie et les services alimentaires<\/span><\/li>\n<li data-hveid=\"CAEICRAE\" data-complete=\"true\" data-sae=\"\"><span class=\"T286Pc\" data-sfc-cp=\"\" data-complete=\"true\" aria-owns=\"action-menu-parent-container\">La distribution et le travail de bureau<\/span><\/li>\n<\/ul>\n<p><img decoding=\"async\" class=\"alignnone wp-image-40620\" src=\"https:\/\/autravail.ca\/wp-content\/uploads\/2025\/09\/Jachete-quebec-et-canada.jpg\" alt=\"Logo de l'achat local\" width=\"162\" height=\"139\" \/>Merci d&rsquo;encourager une entreprise 100% d&rsquo;ici!<\/p>\n<p>TS2602H<\/p>\n<\/div>","protected":false},"excerpt":{"rendered":"<p>Soulier de travail Patrick &#8211; 5142 Soulier de travail Patrick &#8211; 5142 de Mellow Walk est une\u00a0chaussure de s\u00e9curit\u00e9 basse \u00e0 enfiler (style loafer\/Oxford d\u00e9contract\u00e9) pour homme qui offre un confort orthop\u00e9dique et une protection statique, con\u00e7ue pour les environnements de travail int\u00e9rieurs et l\u00e9gers. Le mod\u00e8le Patrick classique de Mellow Walk offre toujours aux [&hellip;]<\/p>","protected":false},"featured_media":17320,"comment_status":"open","ping_status":"closed","template":"","meta":[],"product_cat":[602,619],"product_tag":[242,257,283],"class_list":{"0":"post-32580","1":"product","2":"type-product","3":"status-publish","4":"has-post-thumbnail","6":"product_brand-mellow-walk","7":"product_cat-hommes","8":"product_cat-souliers-de-travail","9":"product_tag-homme","10":"product_tag-souliers-de-travail","11":"product_tag-static-dissipative","13":"first","14":"instock","15":"taxable","16":"shipping-taxable","17":"purchasable","18":"product-type-variable"},"yoast_head":"<!-- This site is optimized with the Yoast SEO plugin v25.3.1 - https:\/\/yoast.com\/wordpress\/plugins\/seo\/ -->\n<title>Soulier de travail Patrick - 5142 - Le Magasin Industriel<\/title>\n<meta name=\"description\" content=\"Soulier de travail Patrick - 5142 est une chaussure de s\u00e9curit\u00e9 basse \u00e0 enfiler (style loafer\/Oxford d\u00e9contract\u00e9) pour homme\" \/>\n<meta name=\"robots\" content=\"index, follow, max-snippet:-1, max-image-preview:large, max-video-preview:-1\" \/>\n<link rel=\"canonical\" href=\"https:\/\/autravail.ca\/en\/product\/soulier-de-travail-patrick-5142\/\" \/>\n<meta property=\"og:locale\" content=\"en_US\" \/>\n<meta property=\"og:type\" content=\"article\" \/>\n<meta property=\"og:title\" content=\"Soulier de travail Patrick - 5142 - Le Magasin Industriel\" \/>\n<meta property=\"og:description\" content=\"Soulier de travail Patrick - 5142 est une chaussure de s\u00e9curit\u00e9 basse \u00e0 enfiler (style loafer\/Oxford d\u00e9contract\u00e9) pour homme\" \/>\n<meta property=\"og:url\" content=\"https:\/\/autravail.ca\/en\/product\/soulier-de-travail-patrick-5142\/\" \/>\n<meta property=\"og:site_name\" content=\"Le Magasin Industriel\" \/>\n<meta property=\"article:publisher\" content=\"https:\/\/www.facebook.com\/lemagasinindustriel\/?locale=fr_FR\" \/>\n<meta property=\"article:modified_time\" content=\"2026-02-18T21:02:50+00:00\" \/>\n<meta property=\"og:image\" content=\"https:\/\/autravail.ca\/wp-content\/uploads\/2025\/05\/5142_A01.jpg\" \/>\n\t<meta property=\"og:image:width\" content=\"1000\" \/>\n\t<meta property=\"og:image:height\" content=\"1000\" \/>\n\t<meta property=\"og:image:type\" content=\"image\/jpeg\" \/>\n<meta name=\"twitter:card\" content=\"summary_large_image\" \/>\n<meta name=\"twitter:label1\" content=\"Est. reading time\" \/>\n\t<meta name=\"twitter:data1\" content=\"2 minutes\" \/>\n<script type=\"application\/ld+json\" class=\"yoast-schema-graph\">{\"@context\":\"https:\/\/schema.org\",\"@graph\":[{\"@type\":\"WebPage\",\"@id\":\"https:\/\/autravail.ca\/product\/soulier-de-travail-patrick-5142\/\",\"url\":\"https:\/\/autravail.ca\/product\/soulier-de-travail-patrick-5142\/\",\"name\":\"Soulier de travail Patrick - 5142 - Le Magasin Industriel\",\"isPartOf\":{\"@id\":\"https:\/\/autravail.ca\/#website\"},\"primaryImageOfPage\":{\"@id\":\"https:\/\/autravail.ca\/product\/soulier-de-travail-patrick-5142\/#primaryimage\"},\"image\":{\"@id\":\"https:\/\/autravail.ca\/product\/soulier-de-travail-patrick-5142\/#primaryimage\"},\"thumbnailUrl\":\"https:\/\/autravail.ca\/wp-content\/uploads\/2025\/05\/5142_A01.jpg\",\"datePublished\":\"2025-05-08T07:05:50+00:00\",\"dateModified\":\"2026-02-18T21:02:50+00:00\",\"description\":\"Soulier de travail Patrick - 5142 est une chaussure de s\u00e9curit\u00e9 basse \u00e0 enfiler (style loafer\/Oxford d\u00e9contract\u00e9) pour homme\",\"breadcrumb\":{\"@id\":\"https:\/\/autravail.ca\/product\/soulier-de-travail-patrick-5142\/#breadcrumb\"},\"inLanguage\":\"en-CA\",\"potentialAction\":[{\"@type\":\"ReadAction\",\"target\":[\"https:\/\/autravail.ca\/product\/soulier-de-travail-patrick-5142\/\"]}]},{\"@type\":\"ImageObject\",\"inLanguage\":\"en-CA\",\"@id\":\"https:\/\/autravail.ca\/product\/soulier-de-travail-patrick-5142\/#primaryimage\",\"url\":\"https:\/\/autravail.ca\/wp-content\/uploads\/2025\/05\/5142_A01.jpg\",\"contentUrl\":\"https:\/\/autravail.ca\/wp-content\/uploads\/2025\/05\/5142_A01.jpg\",\"width\":1000,\"height\":1000,\"caption\":\"Soulier de travail Patrick - 5142\"},{\"@type\":\"BreadcrumbList\",\"@id\":\"https:\/\/autravail.ca\/product\/soulier-de-travail-patrick-5142\/#breadcrumb\",\"itemListElement\":[{\"@type\":\"ListItem\",\"position\":1,\"name\":\"Accueil\",\"item\":\"https:\/\/autravail.ca\/\"},{\"@type\":\"ListItem\",\"position\":2,\"name\":\"Magasin\",\"item\":\"https:\/\/autravail.ca\/en\/shop\/\"},{\"@type\":\"ListItem\",\"position\":3,\"name\":\"Soulier de travail Patrick &#8211; 5142\"}]},{\"@type\":\"WebSite\",\"@id\":\"https:\/\/autravail.ca\/#website\",\"url\":\"https:\/\/autravail.ca\/\",\"name\":\"Le Magasin Industriel\",\"description\":\"50 ans de tradition de s\u00e9curit\u00e9 au travail\",\"publisher\":{\"@id\":\"https:\/\/autravail.ca\/#organization\"},\"potentialAction\":[{\"@type\":\"SearchAction\",\"target\":{\"@type\":\"EntryPoint\",\"urlTemplate\":\"https:\/\/autravail.ca\/?s={search_term_string}\"},\"query-input\":{\"@type\":\"PropertyValueSpecification\",\"valueRequired\":true,\"valueName\":\"search_term_string\"}}],\"inLanguage\":\"en-CA\"},{\"@type\":\"Organization\",\"@id\":\"https:\/\/autravail.ca\/#organization\",\"name\":\"Le Magasin Industriel\",\"url\":\"https:\/\/autravail.ca\/\",\"logo\":{\"@type\":\"ImageObject\",\"inLanguage\":\"en-CA\",\"@id\":\"https:\/\/autravail.ca\/#\/schema\/logo\/image\/\",\"url\":\"https:\/\/autravail.ca\/wp-content\/uploads\/2025\/05\/cropped-magasin_industriel_120x.avif\",\"contentUrl\":\"https:\/\/autravail.ca\/wp-content\/uploads\/2025\/05\/cropped-magasin_industriel_120x.avif\",\"width\":120,\"height\":24,\"caption\":\"Le Magasin Industriel\"},\"image\":{\"@id\":\"https:\/\/autravail.ca\/#\/schema\/logo\/image\/\"},\"sameAs\":[\"https:\/\/www.facebook.com\/lemagasinindustriel\/?locale=fr_FR\"]}]}<\/script>\n<!-- \/ Yoast SEO plugin. -->","yoast_head_json":{"title":"Soulier de travail Patrick - 5142 - Le Magasin Industriel","description":"Soulier de travail Patrick - 5142 est une chaussure de s\u00e9curit\u00e9 basse \u00e0 enfiler (style loafer\/Oxford d\u00e9contract\u00e9) pour homme","robots":{"index":"index","follow":"follow","max-snippet":"max-snippet:-1","max-image-preview":"max-image-preview:large","max-video-preview":"max-video-preview:-1"},"canonical":"https:\/\/autravail.ca\/en\/product\/soulier-de-travail-patrick-5142\/","og_locale":"en_US","og_type":"article","og_title":"Soulier de travail Patrick - 5142 - Le Magasin Industriel","og_description":"Soulier de travail Patrick - 5142 est une chaussure de s\u00e9curit\u00e9 basse \u00e0 enfiler (style loafer\/Oxford d\u00e9contract\u00e9) pour homme","og_url":"https:\/\/autravail.ca\/en\/product\/soulier-de-travail-patrick-5142\/","og_site_name":"Le Magasin Industriel","article_publisher":"https:\/\/www.facebook.com\/lemagasinindustriel\/?locale=fr_FR","article_modified_time":"2026-02-18T21:02:50+00:00","og_image":[{"width":1000,"height":1000,"url":"https:\/\/autravail.ca\/wp-content\/uploads\/2025\/05\/5142_A01.jpg","type":"image\/jpeg"}],"twitter_card":"summary_large_image","twitter_misc":{"Est. reading time":"2 minutes"},"schema":{"@context":"https:\/\/schema.org","@graph":[{"@type":"WebPage","@id":"https:\/\/autravail.ca\/product\/soulier-de-travail-patrick-5142\/","url":"https:\/\/autravail.ca\/product\/soulier-de-travail-patrick-5142\/","name":"Soulier de travail Patrick - 5142 - Le Magasin Industriel","isPartOf":{"@id":"https:\/\/autravail.ca\/#website"},"primaryImageOfPage":{"@id":"https:\/\/autravail.ca\/product\/soulier-de-travail-patrick-5142\/#primaryimage"},"image":{"@id":"https:\/\/autravail.ca\/product\/soulier-de-travail-patrick-5142\/#primaryimage"},"thumbnailUrl":"https:\/\/autravail.ca\/wp-content\/uploads\/2025\/05\/5142_A01.jpg","datePublished":"2025-05-08T07:05:50+00:00","dateModified":"2026-02-18T21:02:50+00:00","description":"Soulier de travail Patrick - 5142 est une chaussure de s\u00e9curit\u00e9 basse \u00e0 enfiler (style loafer\/Oxford d\u00e9contract\u00e9) pour homme","breadcrumb":{"@id":"https:\/\/autravail.ca\/product\/soulier-de-travail-patrick-5142\/#breadcrumb"},"inLanguage":"en-CA","potentialAction":[{"@type":"ReadAction","target":["https:\/\/autravail.ca\/product\/soulier-de-travail-patrick-5142\/"]}]},{"@type":"ImageObject","inLanguage":"en-CA","@id":"https:\/\/autravail.ca\/product\/soulier-de-travail-patrick-5142\/#primaryimage","url":"https:\/\/autravail.ca\/wp-content\/uploads\/2025\/05\/5142_A01.jpg","contentUrl":"https:\/\/autravail.ca\/wp-content\/uploads\/2025\/05\/5142_A01.jpg","width":1000,"height":1000,"caption":"Soulier de travail Patrick - 5142"},{"@type":"BreadcrumbList","@id":"https:\/\/autravail.ca\/product\/soulier-de-travail-patrick-5142\/#breadcrumb","itemListElement":[{"@type":"ListItem","position":1,"name":"Accueil","item":"https:\/\/autravail.ca\/"},{"@type":"ListItem","position":2,"name":"Magasin","item":"https:\/\/autravail.ca\/en\/shop\/"},{"@type":"ListItem","position":3,"name":"Soulier de travail Patrick &#8211; 5142"}]},{"@type":"WebSite","@id":"https:\/\/autravail.ca\/#website","url":"https:\/\/autravail.ca\/","name":"Le Magasin Industriel","description":"50 ans de tradition de s\u00e9curit\u00e9 au travail","publisher":{"@id":"https:\/\/autravail.ca\/#organization"},"potentialAction":[{"@type":"SearchAction","target":{"@type":"EntryPoint","urlTemplate":"https:\/\/autravail.ca\/?s={search_term_string}"},"query-input":{"@type":"PropertyValueSpecification","valueRequired":true,"valueName":"search_term_string"}}],"inLanguage":"en-CA"},{"@type":"Organization","@id":"https:\/\/autravail.ca\/#organization","name":"Le Magasin Industriel","url":"https:\/\/autravail.ca\/","logo":{"@type":"ImageObject","inLanguage":"en-CA","@id":"https:\/\/autravail.ca\/#\/schema\/logo\/image\/","url":"https:\/\/autravail.ca\/wp-content\/uploads\/2025\/05\/cropped-magasin_industriel_120x.avif","contentUrl":"https:\/\/autravail.ca\/wp-content\/uploads\/2025\/05\/cropped-magasin_industriel_120x.avif","width":120,"height":24,"caption":"Le Magasin Industriel"},"image":{"@id":"https:\/\/autravail.ca\/#\/schema\/logo\/image\/"},"sameAs":["https:\/\/www.facebook.com\/lemagasinindustriel\/?locale=fr_FR"]}]}},"jetpack_sharing_enabled":true,"_links":{"self":[{"href":"https:\/\/autravail.ca\/en\/wp-json\/wp\/v2\/product\/32580","targetHints":{"allow":["GET"]}}],"collection":[{"href":"https:\/\/autravail.ca\/en\/wp-json\/wp\/v2\/product"}],"about":[{"href":"https:\/\/autravail.ca\/en\/wp-json\/wp\/v2\/types\/product"}],"replies":[{"embeddable":true,"href":"https:\/\/autravail.ca\/en\/wp-json\/wp\/v2\/comments?post=32580"}],"wp:featuredmedia":[{"embeddable":true,"href":"https:\/\/autravail.ca\/en\/wp-json\/wp\/v2\/media\/17320"}],"wp:attachment":[{"href":"https:\/\/autravail.ca\/en\/wp-json\/wp\/v2\/media?parent=32580"}],"wp:term":[{"taxonomy":"product_cat","embeddable":true,"href":"https:\/\/autravail.ca\/en\/wp-json\/wp\/v2\/product_cat?post=32580"},{"taxonomy":"product_tag","embeddable":true,"href":"https:\/\/autravail.ca\/en\/wp-json\/wp\/v2\/product_tag?post=32580"}],"curies":[{"name":"wp","href":"https:\/\/api.w.org\/{rel}","templated":true}]}}