{"id":32407,"date":"2025-05-08T07:03:31","date_gmt":"2025-05-08T07:03:31","guid":{"rendered":"https:\/\/meteoquebec.ca\/?post_type=product&#038;p=32407"},"modified":"2026-04-01T12:51:15","modified_gmt":"2026-04-01T16:51:15","slug":"botte-de-travail-rebel-3107sm","status":"publish","type":"product","link":"https:\/\/autravail.ca\/en\/product\/botte-de-travail-rebel-3107sm\/","title":{"rendered":"Botte de travail Rebel &#8211; 3107SM"},"content":{"rendered":"<h3>Botte de travail Rebel &#8211; 3107SM<\/h3>\n<p>Botte de travail Rebel &#8211; 3107SM de <a href=\"https:\/\/autravail.ca\/en\/product-brand\/kodiak\/\">Kodiak<\/a>. Une protection robuste pour les travaux de travail, dans un mod\u00e8le plus haut, flexible et l\u00e9ger\u00a0: telle est la philosophie d\u2019ing\u00e9nierie de la botte de travail Rebel 8&Prime;. Pour une respirabilit\u00e9 optimale en toutes saisons, la tige en cuir nubuck durable est dot\u00e9e d\u2019empi\u00e8cements en nylon qui favorisent la ventilation. Un renfort de talon en cuir moul\u00e9 haute fr\u00e9quence, un embout renforc\u00e9 en caoutchouc et une bride de stabilit\u00e9 offrent maintien et protection.<\/p>\n<p><img decoding=\"async\" class=\"alignnone size-full wp-image-40117\" src=\"https:\/\/autravail.ca\/wp-content\/uploads\/2025\/09\/Certification-Omega-Triangle-vert.jpg\" alt=\"Certifications Om\u00e9ga Triangle vert\" width=\"193\" height=\"110\" srcset=\"https:\/\/autravail.ca\/wp-content\/uploads\/2025\/09\/Certification-Omega-Triangle-vert.jpg 193w, https:\/\/autravail.ca\/wp-content\/uploads\/2025\/09\/Certification-Omega-Triangle-vert-150x85.jpg 150w, https:\/\/autravail.ca\/wp-content\/uploads\/2025\/09\/Certification-Omega-Triangle-vert-18x10.jpg 18w\" sizes=\"(max-width: 193px) 100vw, 193px\" \/><\/p>\n<h6>Characteristics:<\/h6>\n<ul>\n<li><span dir=\"auto\"><span dir=\"auto\">Tige en cuir nubuck associ\u00e9e \u00e0 des empi\u00e8cements en nylon r\u00e9sistant \u00e0 l&rsquo;abrasion<\/span><\/span><\/li>\n<li><span dir=\"auto\"><span dir=\"auto\">Renfort de talon en cuir moul\u00e9 haute fr\u00e9quence et sangle de stabilit\u00e9<\/span><\/span><\/li>\n<li><span dir=\"auto\"><span dir=\"auto\">\u0153illet inf\u00e9rieur renforc\u00e9 en caoutchouc<\/span><\/span><\/li>\n<li><span dir=\"auto\"><span dir=\"auto\">Protection des orteils en caoutchouc r\u00e9sistant \u00e0 l&rsquo;abrasion<\/span><\/span><\/li>\n<li><span dir=\"auto\"><span dir=\"auto\">Langue anatomique rembourr\u00e9e brevet\u00e9e<\/span><\/span><\/li>\n<li><span dir=\"auto\"><span dir=\"auto\">Ajustement anatomique large<\/span><\/span><\/li>\n<li><span dir=\"auto\"><span dir=\"auto\">Semelle int\u00e9rieure amovible anti-fatigue avec coussinets de transfert d&rsquo;\u00e9nergie au talon et \u00e0 l&rsquo;avant-pied<\/span><\/span><\/li>\n<li><span dir=\"auto\"><span dir=\"auto\">Semelle interm\u00e9diaire l\u00e9g\u00e8re en polyur\u00e9thane inject\u00e9 directement pour un amorti et un soutien optimaux<\/span><\/span><\/li>\n<li><span dir=\"auto\"><span dir=\"auto\">Semelle ext\u00e9rieure exclusive KODIAK\u00ae avec semelle ext\u00e9rieure en TPU<\/span><\/span><\/li>\n<li><span dir=\"auto\"><span dir=\"auto\">Embout en acier homologu\u00e9 CSA, plaque d&rsquo;acier, ESR<\/span><\/span><\/li>\n<li><span dir=\"auto\"><span dir=\"auto\">Poids : 903 grammes \/ 1,99 lb par botte de pointure 9<\/span><\/span><\/li>\n<\/ul>\n<p><em><span style=\"color: #fa0b0b;\">Unisex U.S. men's sizes presented. To convert to U.S. women's size, add 2 sizes. Example: 5 U.S. men = 7 U.S. women<\/span><\/em><\/p>\n<p><img decoding=\"async\" class=\"alignnone wp-image-40620\" src=\"https:\/\/autravail.ca\/wp-content\/uploads\/2025\/09\/Jachete-quebec-et-canada.jpg\" alt=\"Logo de l'achat local\" width=\"162\" height=\"139\" \/>Merci d&rsquo;encourager une entreprise 100% d&rsquo;ici!<\/p>\n<p>TS2604H<\/p>","protected":false},"excerpt":{"rendered":"<p>Botte de travail Rebel &#8211; 3107SM Botte de travail Rebel &#8211; 3107SM de Kodiak. Une protection robuste pour les travaux de travail, dans un mod\u00e8le plus haut, flexible et l\u00e9ger\u00a0: telle est la philosophie d\u2019ing\u00e9nierie de la botte de travail Rebel 8&Prime;. Pour une respirabilit\u00e9 optimale en toutes saisons, la tige en cuir nubuck durable [&hellip;]<\/p>","protected":false},"featured_media":17111,"comment_status":"open","ping_status":"closed","template":"","meta":[],"product_cat":[613,805,602,848],"product_tag":[251,252,242,261,253],"class_list":{"0":"post-32407","1":"product","2":"type-product","3":"status-publish","4":"has-post-thumbnail","6":"product_brand-kodiak","7":"product_cat-bottes-de-travail","8":"product_cat-bottes-de-travail-homme","9":"product_cat-hommes","10":"product_cat-top-choix-des-travailleurs","11":"product_tag-bottes-de-travail","12":"product_tag-electric-shock-resistant","13":"product_tag-homme","14":"product_tag-novago","15":"product_tag-sole-protection","17":"first","18":"instock","19":"taxable","20":"shipping-taxable","21":"purchasable","22":"product-type-variable"},"yoast_head":"<!-- This site is optimized with the Yoast SEO plugin v25.3.1 - https:\/\/yoast.com\/wordpress\/plugins\/seo\/ -->\n<title>Botte de travail Rebel - 3107SM - Le Magasin Industriel<\/title>\n<meta name=\"description\" content=\"Botte de travail Rebel - 3107SM une protection robuste pour les travaux de travail, flexible et l\u00e9ger, embout de s\u00e9curit\u00e9 en acier\" \/>\n<meta name=\"robots\" content=\"index, follow, max-snippet:-1, max-image-preview:large, max-video-preview:-1\" \/>\n<link rel=\"canonical\" href=\"https:\/\/autravail.ca\/en\/product\/botte-de-travail-rebel-3107sm\/\" \/>\n<meta property=\"og:locale\" content=\"en_US\" \/>\n<meta property=\"og:type\" content=\"article\" \/>\n<meta property=\"og:title\" content=\"Botte de travail Rebel - 3107SM - Le Magasin Industriel\" \/>\n<meta property=\"og:description\" content=\"Botte de travail Rebel - 3107SM une protection robuste pour les travaux de travail, flexible et l\u00e9ger, embout de s\u00e9curit\u00e9 en acier\" \/>\n<meta property=\"og:url\" content=\"https:\/\/autravail.ca\/en\/product\/botte-de-travail-rebel-3107sm\/\" \/>\n<meta property=\"og:site_name\" content=\"Le Magasin Industriel\" \/>\n<meta property=\"article:publisher\" content=\"https:\/\/www.facebook.com\/lemagasinindustriel\/?locale=fr_FR\" \/>\n<meta property=\"article:modified_time\" content=\"2026-04-01T16:51:15+00:00\" \/>\n<meta property=\"og:image\" content=\"https:\/\/autravail.ca\/wp-content\/uploads\/2025\/05\/3107SM_A01.jpg\" \/>\n\t<meta property=\"og:image:width\" content=\"1000\" \/>\n\t<meta property=\"og:image:height\" content=\"1000\" \/>\n\t<meta property=\"og:image:type\" content=\"image\/jpeg\" \/>\n<meta name=\"twitter:card\" content=\"summary_large_image\" \/>\n<meta name=\"twitter:label1\" content=\"Est. reading time\" \/>\n\t<meta name=\"twitter:data1\" content=\"2 minutes\" \/>\n<script type=\"application\/ld+json\" class=\"yoast-schema-graph\">{\"@context\":\"https:\/\/schema.org\",\"@graph\":[{\"@type\":\"WebPage\",\"@id\":\"https:\/\/autravail.ca\/product\/botte-de-travail-rebel-3107sm\/\",\"url\":\"https:\/\/autravail.ca\/product\/botte-de-travail-rebel-3107sm\/\",\"name\":\"Botte de travail Rebel - 3107SM - Le Magasin Industriel\",\"isPartOf\":{\"@id\":\"https:\/\/autravail.ca\/#website\"},\"primaryImageOfPage\":{\"@id\":\"https:\/\/autravail.ca\/product\/botte-de-travail-rebel-3107sm\/#primaryimage\"},\"image\":{\"@id\":\"https:\/\/autravail.ca\/product\/botte-de-travail-rebel-3107sm\/#primaryimage\"},\"thumbnailUrl\":\"https:\/\/autravail.ca\/wp-content\/uploads\/2025\/05\/3107SM_A01.jpg\",\"datePublished\":\"2025-05-08T07:03:31+00:00\",\"dateModified\":\"2026-04-01T16:51:15+00:00\",\"description\":\"Botte de travail Rebel - 3107SM une protection robuste pour les travaux de travail, flexible et l\u00e9ger, embout de s\u00e9curit\u00e9 en acier\",\"breadcrumb\":{\"@id\":\"https:\/\/autravail.ca\/product\/botte-de-travail-rebel-3107sm\/#breadcrumb\"},\"inLanguage\":\"en-CA\",\"potentialAction\":[{\"@type\":\"ReadAction\",\"target\":[\"https:\/\/autravail.ca\/product\/botte-de-travail-rebel-3107sm\/\"]}]},{\"@type\":\"ImageObject\",\"inLanguage\":\"en-CA\",\"@id\":\"https:\/\/autravail.ca\/product\/botte-de-travail-rebel-3107sm\/#primaryimage\",\"url\":\"https:\/\/autravail.ca\/wp-content\/uploads\/2025\/05\/3107SM_A01.jpg\",\"contentUrl\":\"https:\/\/autravail.ca\/wp-content\/uploads\/2025\/05\/3107SM_A01.jpg\",\"width\":1000,\"height\":1000,\"caption\":\"Botte de travail Rebel - 3107SM\"},{\"@type\":\"BreadcrumbList\",\"@id\":\"https:\/\/autravail.ca\/product\/botte-de-travail-rebel-3107sm\/#breadcrumb\",\"itemListElement\":[{\"@type\":\"ListItem\",\"position\":1,\"name\":\"Accueil\",\"item\":\"https:\/\/autravail.ca\/\"},{\"@type\":\"ListItem\",\"position\":2,\"name\":\"Magasin\",\"item\":\"https:\/\/autravail.ca\/en\/shop\/\"},{\"@type\":\"ListItem\",\"position\":3,\"name\":\"Botte de travail Rebel &#8211; 3107SM\"}]},{\"@type\":\"WebSite\",\"@id\":\"https:\/\/autravail.ca\/#website\",\"url\":\"https:\/\/autravail.ca\/\",\"name\":\"Le Magasin Industriel\",\"description\":\"50 ans de tradition de s\u00e9curit\u00e9 au travail\",\"publisher\":{\"@id\":\"https:\/\/autravail.ca\/#organization\"},\"potentialAction\":[{\"@type\":\"SearchAction\",\"target\":{\"@type\":\"EntryPoint\",\"urlTemplate\":\"https:\/\/autravail.ca\/?s={search_term_string}\"},\"query-input\":{\"@type\":\"PropertyValueSpecification\",\"valueRequired\":true,\"valueName\":\"search_term_string\"}}],\"inLanguage\":\"en-CA\"},{\"@type\":\"Organization\",\"@id\":\"https:\/\/autravail.ca\/#organization\",\"name\":\"Le Magasin Industriel\",\"url\":\"https:\/\/autravail.ca\/\",\"logo\":{\"@type\":\"ImageObject\",\"inLanguage\":\"en-CA\",\"@id\":\"https:\/\/autravail.ca\/#\/schema\/logo\/image\/\",\"url\":\"https:\/\/autravail.ca\/wp-content\/uploads\/2025\/05\/cropped-magasin_industriel_120x.avif\",\"contentUrl\":\"https:\/\/autravail.ca\/wp-content\/uploads\/2025\/05\/cropped-magasin_industriel_120x.avif\",\"width\":120,\"height\":24,\"caption\":\"Le Magasin Industriel\"},\"image\":{\"@id\":\"https:\/\/autravail.ca\/#\/schema\/logo\/image\/\"},\"sameAs\":[\"https:\/\/www.facebook.com\/lemagasinindustriel\/?locale=fr_FR\"]}]}<\/script>\n<!-- \/ Yoast SEO plugin. -->","yoast_head_json":{"title":"Botte de travail Rebel - 3107SM - Le Magasin Industriel","description":"Botte de travail Rebel - 3107SM une protection robuste pour les travaux de travail, flexible et l\u00e9ger, embout de s\u00e9curit\u00e9 en acier","robots":{"index":"index","follow":"follow","max-snippet":"max-snippet:-1","max-image-preview":"max-image-preview:large","max-video-preview":"max-video-preview:-1"},"canonical":"https:\/\/autravail.ca\/en\/product\/botte-de-travail-rebel-3107sm\/","og_locale":"en_US","og_type":"article","og_title":"Botte de travail Rebel - 3107SM - Le Magasin Industriel","og_description":"Botte de travail Rebel - 3107SM une protection robuste pour les travaux de travail, flexible et l\u00e9ger, embout de s\u00e9curit\u00e9 en acier","og_url":"https:\/\/autravail.ca\/en\/product\/botte-de-travail-rebel-3107sm\/","og_site_name":"Le Magasin Industriel","article_publisher":"https:\/\/www.facebook.com\/lemagasinindustriel\/?locale=fr_FR","article_modified_time":"2026-04-01T16:51:15+00:00","og_image":[{"width":1000,"height":1000,"url":"https:\/\/autravail.ca\/wp-content\/uploads\/2025\/05\/3107SM_A01.jpg","type":"image\/jpeg"}],"twitter_card":"summary_large_image","twitter_misc":{"Est. reading time":"2 minutes"},"schema":{"@context":"https:\/\/schema.org","@graph":[{"@type":"WebPage","@id":"https:\/\/autravail.ca\/product\/botte-de-travail-rebel-3107sm\/","url":"https:\/\/autravail.ca\/product\/botte-de-travail-rebel-3107sm\/","name":"Botte de travail Rebel - 3107SM - Le Magasin Industriel","isPartOf":{"@id":"https:\/\/autravail.ca\/#website"},"primaryImageOfPage":{"@id":"https:\/\/autravail.ca\/product\/botte-de-travail-rebel-3107sm\/#primaryimage"},"image":{"@id":"https:\/\/autravail.ca\/product\/botte-de-travail-rebel-3107sm\/#primaryimage"},"thumbnailUrl":"https:\/\/autravail.ca\/wp-content\/uploads\/2025\/05\/3107SM_A01.jpg","datePublished":"2025-05-08T07:03:31+00:00","dateModified":"2026-04-01T16:51:15+00:00","description":"Botte de travail Rebel - 3107SM une protection robuste pour les travaux de travail, flexible et l\u00e9ger, embout de s\u00e9curit\u00e9 en acier","breadcrumb":{"@id":"https:\/\/autravail.ca\/product\/botte-de-travail-rebel-3107sm\/#breadcrumb"},"inLanguage":"en-CA","potentialAction":[{"@type":"ReadAction","target":["https:\/\/autravail.ca\/product\/botte-de-travail-rebel-3107sm\/"]}]},{"@type":"ImageObject","inLanguage":"en-CA","@id":"https:\/\/autravail.ca\/product\/botte-de-travail-rebel-3107sm\/#primaryimage","url":"https:\/\/autravail.ca\/wp-content\/uploads\/2025\/05\/3107SM_A01.jpg","contentUrl":"https:\/\/autravail.ca\/wp-content\/uploads\/2025\/05\/3107SM_A01.jpg","width":1000,"height":1000,"caption":"Botte de travail Rebel - 3107SM"},{"@type":"BreadcrumbList","@id":"https:\/\/autravail.ca\/product\/botte-de-travail-rebel-3107sm\/#breadcrumb","itemListElement":[{"@type":"ListItem","position":1,"name":"Accueil","item":"https:\/\/autravail.ca\/"},{"@type":"ListItem","position":2,"name":"Magasin","item":"https:\/\/autravail.ca\/en\/shop\/"},{"@type":"ListItem","position":3,"name":"Botte de travail Rebel &#8211; 3107SM"}]},{"@type":"WebSite","@id":"https:\/\/autravail.ca\/#website","url":"https:\/\/autravail.ca\/","name":"Le Magasin Industriel","description":"50 ans de tradition de s\u00e9curit\u00e9 au travail","publisher":{"@id":"https:\/\/autravail.ca\/#organization"},"potentialAction":[{"@type":"SearchAction","target":{"@type":"EntryPoint","urlTemplate":"https:\/\/autravail.ca\/?s={search_term_string}"},"query-input":{"@type":"PropertyValueSpecification","valueRequired":true,"valueName":"search_term_string"}}],"inLanguage":"en-CA"},{"@type":"Organization","@id":"https:\/\/autravail.ca\/#organization","name":"Le Magasin Industriel","url":"https:\/\/autravail.ca\/","logo":{"@type":"ImageObject","inLanguage":"en-CA","@id":"https:\/\/autravail.ca\/#\/schema\/logo\/image\/","url":"https:\/\/autravail.ca\/wp-content\/uploads\/2025\/05\/cropped-magasin_industriel_120x.avif","contentUrl":"https:\/\/autravail.ca\/wp-content\/uploads\/2025\/05\/cropped-magasin_industriel_120x.avif","width":120,"height":24,"caption":"Le Magasin Industriel"},"image":{"@id":"https:\/\/autravail.ca\/#\/schema\/logo\/image\/"},"sameAs":["https:\/\/www.facebook.com\/lemagasinindustriel\/?locale=fr_FR"]}]}},"jetpack_sharing_enabled":true,"_links":{"self":[{"href":"https:\/\/autravail.ca\/en\/wp-json\/wp\/v2\/product\/32407","targetHints":{"allow":["GET"]}}],"collection":[{"href":"https:\/\/autravail.ca\/en\/wp-json\/wp\/v2\/product"}],"about":[{"href":"https:\/\/autravail.ca\/en\/wp-json\/wp\/v2\/types\/product"}],"replies":[{"embeddable":true,"href":"https:\/\/autravail.ca\/en\/wp-json\/wp\/v2\/comments?post=32407"}],"wp:featuredmedia":[{"embeddable":true,"href":"https:\/\/autravail.ca\/en\/wp-json\/wp\/v2\/media\/17111"}],"wp:attachment":[{"href":"https:\/\/autravail.ca\/en\/wp-json\/wp\/v2\/media?parent=32407"}],"wp:term":[{"taxonomy":"product_cat","embeddable":true,"href":"https:\/\/autravail.ca\/en\/wp-json\/wp\/v2\/product_cat?post=32407"},{"taxonomy":"product_tag","embeddable":true,"href":"https:\/\/autravail.ca\/en\/wp-json\/wp\/v2\/product_tag?post=32407"}],"curies":[{"name":"wp","href":"https:\/\/api.w.org\/{rel}","templated":true}]}}