{"id":32381,"date":"2025-05-08T07:03:06","date_gmt":"2025-05-08T07:03:06","guid":{"rendered":"https:\/\/meteoquebec.ca\/?post_type=product&#038;p=32381"},"modified":"2026-04-01T12:21:38","modified_gmt":"2026-04-01T16:21:38","slug":"soulier-de-travail-trail-3020bn","status":"publish","type":"product","link":"https:\/\/autravail.ca\/en\/product\/soulier-de-travail-trail-3020bn\/","title":{"rendered":"Soulier de travail Trail &#8211; 3020BN"},"content":{"rendered":"<h3>Soulier de travail Trail &#8211; 3020BN<\/h3>\n<p>Soulier de travail Trail &#8211; 3020BN de <a href=\"https:\/\/autravail.ca\/en\/product-brand\/kodiak\/\">Kodiak<\/a>. Dans des conditions impr\u00e9visibles, vous avez besoin d&rsquo;une chaussure de travail fiable qui vous garde au sec, vous prot\u00e8ge et vous permette de rester concentr\u00e9 sur votre t\u00e2che. Enti\u00e8rement imperm\u00e9able, le cuir aux coutures \u00e9tanches est doubl\u00e9 d&rsquo;une membrane imperm\u00e9able pour vous prot\u00e9ger des intemp\u00e9ries. Pour les chantiers les plus exigeants, l&#8217;embout composite ROCKFIBRE\u00ae sans m\u00e9tal est renforc\u00e9 par un embout en caoutchouc r\u00e9sistant \u00e0 l&rsquo;abrasion pour une durabilit\u00e9 accrue.<\/p>\n<p><img decoding=\"async\" class=\"alignnone size-full wp-image-40117\" src=\"https:\/\/autravail.ca\/wp-content\/uploads\/2025\/09\/Certification-Omega-Triangle-vert.jpg\" alt=\"Certifications Om\u00e9ga Triangle vert\" width=\"193\" height=\"110\" srcset=\"https:\/\/autravail.ca\/wp-content\/uploads\/2025\/09\/Certification-Omega-Triangle-vert.jpg 193w, https:\/\/autravail.ca\/wp-content\/uploads\/2025\/09\/Certification-Omega-Triangle-vert-150x85.jpg 150w, https:\/\/autravail.ca\/wp-content\/uploads\/2025\/09\/Certification-Omega-Triangle-vert-18x10.jpg 18w\" sizes=\"(max-width: 193px) 100vw, 193px\" \/><\/p>\n<h6>Characteristics:<\/h6>\n<ul>\n<li><span dir=\"auto\"><span dir=\"auto\">Tige en cuir pleine fleur imperm\u00e9able avec membrane imperm\u00e9able<\/span><\/span><\/li>\n<li><span dir=\"auto\"><span dir=\"auto\">Languette rembourr\u00e9e et confortable \u00e0 soufflet emp\u00eachant les d\u00e9bris de p\u00e9n\u00e9trer<\/span><\/span><\/li>\n<li><span dir=\"auto\"><span dir=\"auto\">doublure en maille de nylon respirante<\/span><\/span><\/li>\n<li><span dir=\"auto\"><span dir=\"auto\">Protection en caoutchouc r\u00e9sistant \u00e0 l&rsquo;abrasion au niveau des orteils et du talon<\/span><\/span><\/li>\n<li><span dir=\"auto\"><span dir=\"auto\">La semelle int\u00e9rieure amovible en polyur\u00e9thane offre un amorti et un confort optimaux.<\/span><\/span><\/li>\n<li><span dir=\"auto\"><span dir=\"auto\">Semelle interm\u00e9diaire l\u00e9g\u00e8re en EVA moul\u00e9e par compression<\/span><\/span><\/li>\n<li><span dir=\"auto\"><span dir=\"auto\">Semelle ext\u00e9rieure en caoutchouc antid\u00e9rapante et r\u00e9sistante \u00e0 l&rsquo;huile<\/span><\/span><\/li>\n<li><span dir=\"auto\"><span dir=\"auto\">Technologie ROCKFIBRE\u00ae sans m\u00e9tal<\/span><\/span><\/li>\n<li><span dir=\"auto\"><span dir=\"auto\">Embout composite homologu\u00e9 CSA, plaque composite, ESR<\/span><\/span><\/li>\n<li><span dir=\"auto\"><span dir=\"auto\">Poids : 575 grammes \/ 1,27 lb par chaussure de pointure 9<\/span><\/span><\/li>\n<\/ul>\n<p><em><span style=\"color: #fa0b0b;\">Unisex U.S. men's sizes presented. To convert to U.S. women's size, add 2 sizes. Example: 5 U.S. men = 7 U.S. women<\/span><\/em><\/p>\n<p><img decoding=\"async\" class=\"alignnone wp-image-40620\" src=\"https:\/\/autravail.ca\/wp-content\/uploads\/2025\/09\/Jachete-quebec-et-canada.jpg\" alt=\"Logo de l'achat local\" width=\"162\" height=\"139\" \/>Merci d&rsquo;encourager une entreprise 100% d&rsquo;ici!<\/p>\n<p>TS2604H<\/p>","protected":false},"excerpt":{"rendered":"<p>Soulier de travail Trail &#8211; 3020BN Soulier de travail Trail &#8211; 3020BN de Kodiak. Dans des conditions impr\u00e9visibles, vous avez besoin d&rsquo;une chaussure de travail fiable qui vous garde au sec, vous prot\u00e8ge et vous permette de rester concentr\u00e9 sur votre t\u00e2che. Enti\u00e8rement imperm\u00e9able, le cuir aux coutures \u00e9tanches est doubl\u00e9 d&rsquo;une membrane imperm\u00e9able pour [&hellip;]<\/p>","protected":false},"featured_media":17063,"comment_status":"open","ping_status":"closed","template":"","meta":[],"product_cat":[602],"product_tag":[252,242,261,253,257],"class_list":{"0":"post-32381","1":"product","2":"type-product","3":"status-publish","4":"has-post-thumbnail","6":"product_brand-kodiak","7":"product_cat-hommes","8":"product_tag-electric-shock-resistant","9":"product_tag-homme","10":"product_tag-novago","11":"product_tag-sole-protection","12":"product_tag-souliers-de-travail","14":"first","15":"instock","16":"taxable","17":"shipping-taxable","18":"purchasable","19":"product-type-variable"},"yoast_head":"<!-- This site is optimized with the Yoast SEO plugin v25.3.1 - https:\/\/yoast.com\/wordpress\/plugins\/seo\/ -->\n<title>Soulier de travail Trail - 3020BN - Le Magasin Industriel<\/title>\n<meta name=\"description\" content=\"Soulier de travail Trail - 3020BN le cuir aux coutures \u00e9tanches est doubl\u00e9 d&#039;une membrane imperm\u00e9able, embout en composite\" \/>\n<meta name=\"robots\" content=\"index, follow, max-snippet:-1, max-image-preview:large, max-video-preview:-1\" \/>\n<link rel=\"canonical\" href=\"https:\/\/autravail.ca\/en\/product\/soulier-de-travail-trail-3020bn\/\" \/>\n<meta property=\"og:locale\" content=\"en_US\" \/>\n<meta property=\"og:type\" content=\"article\" \/>\n<meta property=\"og:title\" content=\"Soulier de travail Trail - 3020BN - Le Magasin Industriel\" \/>\n<meta property=\"og:description\" content=\"Soulier de travail Trail - 3020BN le cuir aux coutures \u00e9tanches est doubl\u00e9 d&#039;une membrane imperm\u00e9able, embout en composite\" \/>\n<meta property=\"og:url\" content=\"https:\/\/autravail.ca\/en\/product\/soulier-de-travail-trail-3020bn\/\" \/>\n<meta property=\"og:site_name\" content=\"Le Magasin Industriel\" \/>\n<meta property=\"article:publisher\" content=\"https:\/\/www.facebook.com\/lemagasinindustriel\/?locale=fr_FR\" \/>\n<meta property=\"article:modified_time\" content=\"2026-04-01T16:21:38+00:00\" \/>\n<meta property=\"og:image\" content=\"https:\/\/autravail.ca\/wp-content\/uploads\/2025\/05\/3020BN_A01_540d1ca7-4970-4010-b25d-b3ced33b7286.jpg\" \/>\n\t<meta property=\"og:image:width\" content=\"1000\" \/>\n\t<meta property=\"og:image:height\" content=\"1000\" \/>\n\t<meta property=\"og:image:type\" content=\"image\/jpeg\" \/>\n<meta name=\"twitter:card\" content=\"summary_large_image\" \/>\n<meta name=\"twitter:label1\" content=\"Est. reading time\" \/>\n\t<meta name=\"twitter:data1\" content=\"2 minutes\" \/>\n<script type=\"application\/ld+json\" class=\"yoast-schema-graph\">{\"@context\":\"https:\/\/schema.org\",\"@graph\":[{\"@type\":\"WebPage\",\"@id\":\"https:\/\/autravail.ca\/product\/soulier-de-travail-trail-3020bn\/\",\"url\":\"https:\/\/autravail.ca\/product\/soulier-de-travail-trail-3020bn\/\",\"name\":\"Soulier de travail Trail - 3020BN - Le Magasin Industriel\",\"isPartOf\":{\"@id\":\"https:\/\/autravail.ca\/#website\"},\"primaryImageOfPage\":{\"@id\":\"https:\/\/autravail.ca\/product\/soulier-de-travail-trail-3020bn\/#primaryimage\"},\"image\":{\"@id\":\"https:\/\/autravail.ca\/product\/soulier-de-travail-trail-3020bn\/#primaryimage\"},\"thumbnailUrl\":\"https:\/\/autravail.ca\/wp-content\/uploads\/2025\/05\/3020BN_A01_540d1ca7-4970-4010-b25d-b3ced33b7286.jpg\",\"datePublished\":\"2025-05-08T07:03:06+00:00\",\"dateModified\":\"2026-04-01T16:21:38+00:00\",\"description\":\"Soulier de travail Trail - 3020BN le cuir aux coutures \u00e9tanches est doubl\u00e9 d'une membrane imperm\u00e9able, embout en composite\",\"breadcrumb\":{\"@id\":\"https:\/\/autravail.ca\/product\/soulier-de-travail-trail-3020bn\/#breadcrumb\"},\"inLanguage\":\"en-CA\",\"potentialAction\":[{\"@type\":\"ReadAction\",\"target\":[\"https:\/\/autravail.ca\/product\/soulier-de-travail-trail-3020bn\/\"]}]},{\"@type\":\"ImageObject\",\"inLanguage\":\"en-CA\",\"@id\":\"https:\/\/autravail.ca\/product\/soulier-de-travail-trail-3020bn\/#primaryimage\",\"url\":\"https:\/\/autravail.ca\/wp-content\/uploads\/2025\/05\/3020BN_A01_540d1ca7-4970-4010-b25d-b3ced33b7286.jpg\",\"contentUrl\":\"https:\/\/autravail.ca\/wp-content\/uploads\/2025\/05\/3020BN_A01_540d1ca7-4970-4010-b25d-b3ced33b7286.jpg\",\"width\":1000,\"height\":1000,\"caption\":\"Soulier de travail Trail - 3020BN\"},{\"@type\":\"BreadcrumbList\",\"@id\":\"https:\/\/autravail.ca\/product\/soulier-de-travail-trail-3020bn\/#breadcrumb\",\"itemListElement\":[{\"@type\":\"ListItem\",\"position\":1,\"name\":\"Accueil\",\"item\":\"https:\/\/autravail.ca\/\"},{\"@type\":\"ListItem\",\"position\":2,\"name\":\"Magasin\",\"item\":\"https:\/\/autravail.ca\/en\/shop\/\"},{\"@type\":\"ListItem\",\"position\":3,\"name\":\"Soulier de travail Trail &#8211; 3020BN\"}]},{\"@type\":\"WebSite\",\"@id\":\"https:\/\/autravail.ca\/#website\",\"url\":\"https:\/\/autravail.ca\/\",\"name\":\"Le Magasin Industriel\",\"description\":\"50 ans de tradition de s\u00e9curit\u00e9 au travail\",\"publisher\":{\"@id\":\"https:\/\/autravail.ca\/#organization\"},\"potentialAction\":[{\"@type\":\"SearchAction\",\"target\":{\"@type\":\"EntryPoint\",\"urlTemplate\":\"https:\/\/autravail.ca\/?s={search_term_string}\"},\"query-input\":{\"@type\":\"PropertyValueSpecification\",\"valueRequired\":true,\"valueName\":\"search_term_string\"}}],\"inLanguage\":\"en-CA\"},{\"@type\":\"Organization\",\"@id\":\"https:\/\/autravail.ca\/#organization\",\"name\":\"Le Magasin Industriel\",\"url\":\"https:\/\/autravail.ca\/\",\"logo\":{\"@type\":\"ImageObject\",\"inLanguage\":\"en-CA\",\"@id\":\"https:\/\/autravail.ca\/#\/schema\/logo\/image\/\",\"url\":\"https:\/\/autravail.ca\/wp-content\/uploads\/2025\/05\/cropped-magasin_industriel_120x.avif\",\"contentUrl\":\"https:\/\/autravail.ca\/wp-content\/uploads\/2025\/05\/cropped-magasin_industriel_120x.avif\",\"width\":120,\"height\":24,\"caption\":\"Le Magasin Industriel\"},\"image\":{\"@id\":\"https:\/\/autravail.ca\/#\/schema\/logo\/image\/\"},\"sameAs\":[\"https:\/\/www.facebook.com\/lemagasinindustriel\/?locale=fr_FR\"]}]}<\/script>\n<!-- \/ Yoast SEO plugin. -->","yoast_head_json":{"title":"Soulier de travail Trail - 3020BN - Le Magasin Industriel","description":"Soulier de travail Trail - 3020BN le cuir aux coutures \u00e9tanches est doubl\u00e9 d'une membrane imperm\u00e9able, embout en composite","robots":{"index":"index","follow":"follow","max-snippet":"max-snippet:-1","max-image-preview":"max-image-preview:large","max-video-preview":"max-video-preview:-1"},"canonical":"https:\/\/autravail.ca\/en\/product\/soulier-de-travail-trail-3020bn\/","og_locale":"en_US","og_type":"article","og_title":"Soulier de travail Trail - 3020BN - Le Magasin Industriel","og_description":"Soulier de travail Trail - 3020BN le cuir aux coutures \u00e9tanches est doubl\u00e9 d'une membrane imperm\u00e9able, embout en composite","og_url":"https:\/\/autravail.ca\/en\/product\/soulier-de-travail-trail-3020bn\/","og_site_name":"Le Magasin Industriel","article_publisher":"https:\/\/www.facebook.com\/lemagasinindustriel\/?locale=fr_FR","article_modified_time":"2026-04-01T16:21:38+00:00","og_image":[{"width":1000,"height":1000,"url":"https:\/\/autravail.ca\/wp-content\/uploads\/2025\/05\/3020BN_A01_540d1ca7-4970-4010-b25d-b3ced33b7286.jpg","type":"image\/jpeg"}],"twitter_card":"summary_large_image","twitter_misc":{"Est. reading time":"2 minutes"},"schema":{"@context":"https:\/\/schema.org","@graph":[{"@type":"WebPage","@id":"https:\/\/autravail.ca\/product\/soulier-de-travail-trail-3020bn\/","url":"https:\/\/autravail.ca\/product\/soulier-de-travail-trail-3020bn\/","name":"Soulier de travail Trail - 3020BN - Le Magasin Industriel","isPartOf":{"@id":"https:\/\/autravail.ca\/#website"},"primaryImageOfPage":{"@id":"https:\/\/autravail.ca\/product\/soulier-de-travail-trail-3020bn\/#primaryimage"},"image":{"@id":"https:\/\/autravail.ca\/product\/soulier-de-travail-trail-3020bn\/#primaryimage"},"thumbnailUrl":"https:\/\/autravail.ca\/wp-content\/uploads\/2025\/05\/3020BN_A01_540d1ca7-4970-4010-b25d-b3ced33b7286.jpg","datePublished":"2025-05-08T07:03:06+00:00","dateModified":"2026-04-01T16:21:38+00:00","description":"Soulier de travail Trail - 3020BN le cuir aux coutures \u00e9tanches est doubl\u00e9 d'une membrane imperm\u00e9able, embout en composite","breadcrumb":{"@id":"https:\/\/autravail.ca\/product\/soulier-de-travail-trail-3020bn\/#breadcrumb"},"inLanguage":"en-CA","potentialAction":[{"@type":"ReadAction","target":["https:\/\/autravail.ca\/product\/soulier-de-travail-trail-3020bn\/"]}]},{"@type":"ImageObject","inLanguage":"en-CA","@id":"https:\/\/autravail.ca\/product\/soulier-de-travail-trail-3020bn\/#primaryimage","url":"https:\/\/autravail.ca\/wp-content\/uploads\/2025\/05\/3020BN_A01_540d1ca7-4970-4010-b25d-b3ced33b7286.jpg","contentUrl":"https:\/\/autravail.ca\/wp-content\/uploads\/2025\/05\/3020BN_A01_540d1ca7-4970-4010-b25d-b3ced33b7286.jpg","width":1000,"height":1000,"caption":"Soulier de travail Trail - 3020BN"},{"@type":"BreadcrumbList","@id":"https:\/\/autravail.ca\/product\/soulier-de-travail-trail-3020bn\/#breadcrumb","itemListElement":[{"@type":"ListItem","position":1,"name":"Accueil","item":"https:\/\/autravail.ca\/"},{"@type":"ListItem","position":2,"name":"Magasin","item":"https:\/\/autravail.ca\/en\/shop\/"},{"@type":"ListItem","position":3,"name":"Soulier de travail Trail &#8211; 3020BN"}]},{"@type":"WebSite","@id":"https:\/\/autravail.ca\/#website","url":"https:\/\/autravail.ca\/","name":"Le Magasin Industriel","description":"50 ans de tradition de s\u00e9curit\u00e9 au travail","publisher":{"@id":"https:\/\/autravail.ca\/#organization"},"potentialAction":[{"@type":"SearchAction","target":{"@type":"EntryPoint","urlTemplate":"https:\/\/autravail.ca\/?s={search_term_string}"},"query-input":{"@type":"PropertyValueSpecification","valueRequired":true,"valueName":"search_term_string"}}],"inLanguage":"en-CA"},{"@type":"Organization","@id":"https:\/\/autravail.ca\/#organization","name":"Le Magasin Industriel","url":"https:\/\/autravail.ca\/","logo":{"@type":"ImageObject","inLanguage":"en-CA","@id":"https:\/\/autravail.ca\/#\/schema\/logo\/image\/","url":"https:\/\/autravail.ca\/wp-content\/uploads\/2025\/05\/cropped-magasin_industriel_120x.avif","contentUrl":"https:\/\/autravail.ca\/wp-content\/uploads\/2025\/05\/cropped-magasin_industriel_120x.avif","width":120,"height":24,"caption":"Le Magasin Industriel"},"image":{"@id":"https:\/\/autravail.ca\/#\/schema\/logo\/image\/"},"sameAs":["https:\/\/www.facebook.com\/lemagasinindustriel\/?locale=fr_FR"]}]}},"jetpack_sharing_enabled":true,"_links":{"self":[{"href":"https:\/\/autravail.ca\/en\/wp-json\/wp\/v2\/product\/32381","targetHints":{"allow":["GET"]}}],"collection":[{"href":"https:\/\/autravail.ca\/en\/wp-json\/wp\/v2\/product"}],"about":[{"href":"https:\/\/autravail.ca\/en\/wp-json\/wp\/v2\/types\/product"}],"replies":[{"embeddable":true,"href":"https:\/\/autravail.ca\/en\/wp-json\/wp\/v2\/comments?post=32381"}],"wp:featuredmedia":[{"embeddable":true,"href":"https:\/\/autravail.ca\/en\/wp-json\/wp\/v2\/media\/17063"}],"wp:attachment":[{"href":"https:\/\/autravail.ca\/en\/wp-json\/wp\/v2\/media?parent=32381"}],"wp:term":[{"taxonomy":"product_cat","embeddable":true,"href":"https:\/\/autravail.ca\/en\/wp-json\/wp\/v2\/product_cat?post=32381"},{"taxonomy":"product_tag","embeddable":true,"href":"https:\/\/autravail.ca\/en\/wp-json\/wp\/v2\/product_tag?post=32381"}],"curies":[{"name":"wp","href":"https:\/\/api.w.org\/{rel}","templated":true}]}}