{"id":32351,"date":"2025-05-08T07:02:42","date_gmt":"2025-05-08T07:02:42","guid":{"rendered":"https:\/\/meteoquebec.ca\/?post_type=product&#038;p=32351"},"modified":"2026-03-09T16:42:52","modified_gmt":"2026-03-09T20:42:52","slug":"bermudas-de-travail-ripstop-2967rs","status":"publish","type":"product","link":"https:\/\/autravail.ca\/en\/product\/bermudas-de-travail-ripstop-2967rs\/","title":{"rendered":"Bermudas de travail Ripstop &#8211; 2967RS"},"content":{"rendered":"<h3>Bermudas de travail Ripstop &#8211; 2967RS<\/h3>\n<p>Bermudas de travail Ripstop &#8211; 2967RS de <a href=\"https:\/\/autravail.ca\/en\/product-brand\/big-bill\/\">Big Bill<\/a>. Le short Regular Fit Ripstop allie confort au quotidien et robustesse \u00e0 toute \u00e9preuve. Son tissu ripstop ind\u00e9chirable conserve sa forme et sa couleur m\u00eame en cas d&rsquo;utilisation intensive, tandis que ses coutures doubles et ses poches renforc\u00e9es garantissent une fiabilit\u00e9 durable. Son s\u00e9chage rapide le rend id\u00e9al par temps chaud.<\/p>\n<h6>Characteristics:<\/h6>\n<ul>\n<li style=\"list-style-type: none;\">\n<ul>\n<li><span dir=\"auto\"><span dir=\"auto\">R\u00e9sistant aux d\u00e9chirures<\/span><\/span><\/li>\n<li><span dir=\"auto\"><span dir=\"auto\">Tiss\u00e9 \u00e0 l&rsquo;aide d&rsquo;une technique renforc\u00e9e<\/span><\/span><\/li>\n<li>Sa composition synth\u00e9tique lui permet de s\u00e9cher beaucoup plus rapidement qu&rsquo;un coton standard et de mieux pr\u00e9server sa couleur au fil des lavages.<\/li>\n<li><span dir=\"auto\"><span dir=\"auto\">Couleur durable<\/span><\/span><\/li>\n<li><span dir=\"auto\"><span dir=\"auto\">Fermeture \u00e9clair en laiton et agrafe sur le devant<\/span><\/span><\/li>\n<li><span dir=\"auto\"><span dir=\"auto\">2 poches avant renforc\u00e9es<\/span><\/span><\/li>\n<li><span dir=\"auto\"><span dir=\"auto\">Deux poches passepoil\u00e9es arri\u00e8re avec fermeture \u00e0 boucle et bouton sur le c\u00f4t\u00e9 gauche<\/span><\/span><\/li>\n<li><span dir=\"auto\"><span dir=\"auto\">Fil haute r\u00e9sistance<\/span><\/span><\/li>\n<li><span dir=\"auto\"><span dir=\"auto\">Points d&rsquo;arr\u00eat renforc\u00e9s \u00e0 tous les points de tension<\/span><\/span><\/li>\n<li><span dir=\"auto\"><span dir=\"auto\">Entretien\u00a0: Lavage industriel<\/span><\/span><\/li>\n<li>Serg\u00e9 6 oz, 65 % polyester \/ 35 % coton, tissu ripstop 4 oz, 100 % polyester. La technique de tissage renforc\u00e9 emp\u00eache les d\u00e9chirures et les accrocs de se propager, ce qui est id\u00e9al pour les environnements de travail rudes.<\/li>\n<li>Fabriqu\u00e9 au Canada<\/li>\n<\/ul>\n<\/li>\n<\/ul>\n<p>Il est con\u00e7u sp\u00e9cifiquement pour offrir une durabilit\u00e9 extr\u00eame lors de travaux par temps chaud.<\/p>\n<p><img decoding=\"async\" class=\"alignnone wp-image-40620\" src=\"https:\/\/autravail.ca\/wp-content\/uploads\/2025\/09\/Jachete-quebec-et-canada.jpg\" alt=\"Logo de l'achat local\" width=\"162\" height=\"139\" \/>Merci d&rsquo;encourager une entreprise 100% d&rsquo;ici!<\/p>\n<p>TS2603H<\/p>","protected":false},"excerpt":{"rendered":"<p>Bermudas de travail Ripstop &#8211; 2967RS Bermudas de travail Ripstop &#8211; 2967RS de Big Bill. Le short Regular Fit Ripstop allie confort au quotidien et robustesse \u00e0 toute \u00e9preuve. Son tissu ripstop ind\u00e9chirable conserve sa forme et sa couleur m\u00eame en cas d&rsquo;utilisation intensive, tandis que ses coutures doubles et ses poches renforc\u00e9es garantissent une [&hellip;]<\/p>","protected":false},"featured_media":17031,"comment_status":"open","ping_status":"closed","template":"","meta":[],"product_cat":[599,602,604],"product_tag":[314,242],"class_list":{"0":"post-32351","1":"product","2":"type-product","3":"status-publish","4":"has-post-thumbnail","6":"product_brand-big-bill","7":"product_cat-apparel-accessories","8":"product_cat-hommes","9":"product_cat-vetements-de-travail","10":"product_tag-bermudas","11":"product_tag-homme","13":"first","14":"instock","15":"taxable","16":"shipping-taxable","17":"purchasable","18":"product-type-variable"},"yoast_head":"<!-- This site is optimized with the Yoast SEO plugin v25.3.1 - https:\/\/yoast.com\/wordpress\/plugins\/seo\/ -->\n<title>Bermudas de travail Ripstop - 2967RS - Le Magasin Industriel<\/title>\n<meta name=\"description\" content=\"Bermudas de travail Ripstop - 2967RS Regular Fit Ripstop allie confort au quotidien et robustesse \u00e0 toute \u00e9preuve. Fabriqu\u00e9 au Canada\" \/>\n<meta name=\"robots\" content=\"index, follow, max-snippet:-1, max-image-preview:large, max-video-preview:-1\" \/>\n<link rel=\"canonical\" href=\"https:\/\/autravail.ca\/en\/product\/bermudas-de-travail-ripstop-2967rs\/\" \/>\n<meta property=\"og:locale\" content=\"en_US\" \/>\n<meta property=\"og:type\" content=\"article\" \/>\n<meta property=\"og:title\" content=\"Bermudas de travail Ripstop - 2967RS - Le Magasin Industriel\" \/>\n<meta property=\"og:description\" content=\"Bermudas de travail Ripstop - 2967RS Regular Fit Ripstop allie confort au quotidien et robustesse \u00e0 toute \u00e9preuve. Fabriqu\u00e9 au Canada\" \/>\n<meta property=\"og:url\" content=\"https:\/\/autravail.ca\/en\/product\/bermudas-de-travail-ripstop-2967rs\/\" \/>\n<meta property=\"og:site_name\" content=\"Le Magasin Industriel\" \/>\n<meta property=\"article:publisher\" content=\"https:\/\/www.facebook.com\/lemagasinindustriel\/?locale=fr_FR\" \/>\n<meta property=\"article:modified_time\" content=\"2026-03-09T20:42:52+00:00\" \/>\n<meta property=\"og:image\" content=\"https:\/\/autravail.ca\/wp-content\/uploads\/2025\/05\/2967RS_NAY_A01.jpg\" \/>\n\t<meta property=\"og:image:width\" content=\"1000\" \/>\n\t<meta property=\"og:image:height\" content=\"1000\" \/>\n\t<meta property=\"og:image:type\" content=\"image\/jpeg\" \/>\n<meta name=\"twitter:card\" content=\"summary_large_image\" \/>\n<meta name=\"twitter:label1\" content=\"Est. reading time\" \/>\n\t<meta name=\"twitter:data1\" content=\"2 minutes\" \/>\n<script type=\"application\/ld+json\" class=\"yoast-schema-graph\">{\"@context\":\"https:\/\/schema.org\",\"@graph\":[{\"@type\":\"WebPage\",\"@id\":\"https:\/\/autravail.ca\/product\/bermudas-de-travail-ripstop-2967rs\/\",\"url\":\"https:\/\/autravail.ca\/product\/bermudas-de-travail-ripstop-2967rs\/\",\"name\":\"Bermudas de travail Ripstop - 2967RS - Le Magasin Industriel\",\"isPartOf\":{\"@id\":\"https:\/\/autravail.ca\/#website\"},\"primaryImageOfPage\":{\"@id\":\"https:\/\/autravail.ca\/product\/bermudas-de-travail-ripstop-2967rs\/#primaryimage\"},\"image\":{\"@id\":\"https:\/\/autravail.ca\/product\/bermudas-de-travail-ripstop-2967rs\/#primaryimage\"},\"thumbnailUrl\":\"https:\/\/autravail.ca\/wp-content\/uploads\/2025\/05\/2967RS_NAY_A01.jpg\",\"datePublished\":\"2025-05-08T07:02:42+00:00\",\"dateModified\":\"2026-03-09T20:42:52+00:00\",\"description\":\"Bermudas de travail Ripstop - 2967RS Regular Fit Ripstop allie confort au quotidien et robustesse \u00e0 toute \u00e9preuve. Fabriqu\u00e9 au Canada\",\"breadcrumb\":{\"@id\":\"https:\/\/autravail.ca\/product\/bermudas-de-travail-ripstop-2967rs\/#breadcrumb\"},\"inLanguage\":\"en-CA\",\"potentialAction\":[{\"@type\":\"ReadAction\",\"target\":[\"https:\/\/autravail.ca\/product\/bermudas-de-travail-ripstop-2967rs\/\"]}]},{\"@type\":\"ImageObject\",\"inLanguage\":\"en-CA\",\"@id\":\"https:\/\/autravail.ca\/product\/bermudas-de-travail-ripstop-2967rs\/#primaryimage\",\"url\":\"https:\/\/autravail.ca\/wp-content\/uploads\/2025\/05\/2967RS_NAY_A01.jpg\",\"contentUrl\":\"https:\/\/autravail.ca\/wp-content\/uploads\/2025\/05\/2967RS_NAY_A01.jpg\",\"width\":1000,\"height\":1000,\"caption\":\"Bermudas de travail Ripstop - 2967RS\"},{\"@type\":\"BreadcrumbList\",\"@id\":\"https:\/\/autravail.ca\/product\/bermudas-de-travail-ripstop-2967rs\/#breadcrumb\",\"itemListElement\":[{\"@type\":\"ListItem\",\"position\":1,\"name\":\"Accueil\",\"item\":\"https:\/\/autravail.ca\/\"},{\"@type\":\"ListItem\",\"position\":2,\"name\":\"Magasin\",\"item\":\"https:\/\/autravail.ca\/en\/shop\/\"},{\"@type\":\"ListItem\",\"position\":3,\"name\":\"Bermudas de travail Ripstop &#8211; 2967RS\"}]},{\"@type\":\"WebSite\",\"@id\":\"https:\/\/autravail.ca\/#website\",\"url\":\"https:\/\/autravail.ca\/\",\"name\":\"Le Magasin Industriel\",\"description\":\"50 ans de tradition de s\u00e9curit\u00e9 au travail\",\"publisher\":{\"@id\":\"https:\/\/autravail.ca\/#organization\"},\"potentialAction\":[{\"@type\":\"SearchAction\",\"target\":{\"@type\":\"EntryPoint\",\"urlTemplate\":\"https:\/\/autravail.ca\/?s={search_term_string}\"},\"query-input\":{\"@type\":\"PropertyValueSpecification\",\"valueRequired\":true,\"valueName\":\"search_term_string\"}}],\"inLanguage\":\"en-CA\"},{\"@type\":\"Organization\",\"@id\":\"https:\/\/autravail.ca\/#organization\",\"name\":\"Le Magasin Industriel\",\"url\":\"https:\/\/autravail.ca\/\",\"logo\":{\"@type\":\"ImageObject\",\"inLanguage\":\"en-CA\",\"@id\":\"https:\/\/autravail.ca\/#\/schema\/logo\/image\/\",\"url\":\"https:\/\/autravail.ca\/wp-content\/uploads\/2025\/05\/cropped-magasin_industriel_120x.avif\",\"contentUrl\":\"https:\/\/autravail.ca\/wp-content\/uploads\/2025\/05\/cropped-magasin_industriel_120x.avif\",\"width\":120,\"height\":24,\"caption\":\"Le Magasin Industriel\"},\"image\":{\"@id\":\"https:\/\/autravail.ca\/#\/schema\/logo\/image\/\"},\"sameAs\":[\"https:\/\/www.facebook.com\/lemagasinindustriel\/?locale=fr_FR\"]}]}<\/script>\n<!-- \/ Yoast SEO plugin. -->","yoast_head_json":{"title":"Bermudas de travail Ripstop - 2967RS - Le Magasin Industriel","description":"Bermudas de travail Ripstop - 2967RS Regular Fit Ripstop allie confort au quotidien et robustesse \u00e0 toute \u00e9preuve. Fabriqu\u00e9 au Canada","robots":{"index":"index","follow":"follow","max-snippet":"max-snippet:-1","max-image-preview":"max-image-preview:large","max-video-preview":"max-video-preview:-1"},"canonical":"https:\/\/autravail.ca\/en\/product\/bermudas-de-travail-ripstop-2967rs\/","og_locale":"en_US","og_type":"article","og_title":"Bermudas de travail Ripstop - 2967RS - Le Magasin Industriel","og_description":"Bermudas de travail Ripstop - 2967RS Regular Fit Ripstop allie confort au quotidien et robustesse \u00e0 toute \u00e9preuve. Fabriqu\u00e9 au Canada","og_url":"https:\/\/autravail.ca\/en\/product\/bermudas-de-travail-ripstop-2967rs\/","og_site_name":"Le Magasin Industriel","article_publisher":"https:\/\/www.facebook.com\/lemagasinindustriel\/?locale=fr_FR","article_modified_time":"2026-03-09T20:42:52+00:00","og_image":[{"width":1000,"height":1000,"url":"https:\/\/autravail.ca\/wp-content\/uploads\/2025\/05\/2967RS_NAY_A01.jpg","type":"image\/jpeg"}],"twitter_card":"summary_large_image","twitter_misc":{"Est. reading time":"2 minutes"},"schema":{"@context":"https:\/\/schema.org","@graph":[{"@type":"WebPage","@id":"https:\/\/autravail.ca\/product\/bermudas-de-travail-ripstop-2967rs\/","url":"https:\/\/autravail.ca\/product\/bermudas-de-travail-ripstop-2967rs\/","name":"Bermudas de travail Ripstop - 2967RS - Le Magasin Industriel","isPartOf":{"@id":"https:\/\/autravail.ca\/#website"},"primaryImageOfPage":{"@id":"https:\/\/autravail.ca\/product\/bermudas-de-travail-ripstop-2967rs\/#primaryimage"},"image":{"@id":"https:\/\/autravail.ca\/product\/bermudas-de-travail-ripstop-2967rs\/#primaryimage"},"thumbnailUrl":"https:\/\/autravail.ca\/wp-content\/uploads\/2025\/05\/2967RS_NAY_A01.jpg","datePublished":"2025-05-08T07:02:42+00:00","dateModified":"2026-03-09T20:42:52+00:00","description":"Bermudas de travail Ripstop - 2967RS Regular Fit Ripstop allie confort au quotidien et robustesse \u00e0 toute \u00e9preuve. Fabriqu\u00e9 au Canada","breadcrumb":{"@id":"https:\/\/autravail.ca\/product\/bermudas-de-travail-ripstop-2967rs\/#breadcrumb"},"inLanguage":"en-CA","potentialAction":[{"@type":"ReadAction","target":["https:\/\/autravail.ca\/product\/bermudas-de-travail-ripstop-2967rs\/"]}]},{"@type":"ImageObject","inLanguage":"en-CA","@id":"https:\/\/autravail.ca\/product\/bermudas-de-travail-ripstop-2967rs\/#primaryimage","url":"https:\/\/autravail.ca\/wp-content\/uploads\/2025\/05\/2967RS_NAY_A01.jpg","contentUrl":"https:\/\/autravail.ca\/wp-content\/uploads\/2025\/05\/2967RS_NAY_A01.jpg","width":1000,"height":1000,"caption":"Bermudas de travail Ripstop - 2967RS"},{"@type":"BreadcrumbList","@id":"https:\/\/autravail.ca\/product\/bermudas-de-travail-ripstop-2967rs\/#breadcrumb","itemListElement":[{"@type":"ListItem","position":1,"name":"Accueil","item":"https:\/\/autravail.ca\/"},{"@type":"ListItem","position":2,"name":"Magasin","item":"https:\/\/autravail.ca\/en\/shop\/"},{"@type":"ListItem","position":3,"name":"Bermudas de travail Ripstop &#8211; 2967RS"}]},{"@type":"WebSite","@id":"https:\/\/autravail.ca\/#website","url":"https:\/\/autravail.ca\/","name":"Le Magasin Industriel","description":"50 ans de tradition de s\u00e9curit\u00e9 au travail","publisher":{"@id":"https:\/\/autravail.ca\/#organization"},"potentialAction":[{"@type":"SearchAction","target":{"@type":"EntryPoint","urlTemplate":"https:\/\/autravail.ca\/?s={search_term_string}"},"query-input":{"@type":"PropertyValueSpecification","valueRequired":true,"valueName":"search_term_string"}}],"inLanguage":"en-CA"},{"@type":"Organization","@id":"https:\/\/autravail.ca\/#organization","name":"Le Magasin Industriel","url":"https:\/\/autravail.ca\/","logo":{"@type":"ImageObject","inLanguage":"en-CA","@id":"https:\/\/autravail.ca\/#\/schema\/logo\/image\/","url":"https:\/\/autravail.ca\/wp-content\/uploads\/2025\/05\/cropped-magasin_industriel_120x.avif","contentUrl":"https:\/\/autravail.ca\/wp-content\/uploads\/2025\/05\/cropped-magasin_industriel_120x.avif","width":120,"height":24,"caption":"Le Magasin Industriel"},"image":{"@id":"https:\/\/autravail.ca\/#\/schema\/logo\/image\/"},"sameAs":["https:\/\/www.facebook.com\/lemagasinindustriel\/?locale=fr_FR"]}]}},"jetpack_sharing_enabled":true,"_links":{"self":[{"href":"https:\/\/autravail.ca\/en\/wp-json\/wp\/v2\/product\/32351","targetHints":{"allow":["GET"]}}],"collection":[{"href":"https:\/\/autravail.ca\/en\/wp-json\/wp\/v2\/product"}],"about":[{"href":"https:\/\/autravail.ca\/en\/wp-json\/wp\/v2\/types\/product"}],"replies":[{"embeddable":true,"href":"https:\/\/autravail.ca\/en\/wp-json\/wp\/v2\/comments?post=32351"}],"wp:featuredmedia":[{"embeddable":true,"href":"https:\/\/autravail.ca\/en\/wp-json\/wp\/v2\/media\/17031"}],"wp:attachment":[{"href":"https:\/\/autravail.ca\/en\/wp-json\/wp\/v2\/media?parent=32351"}],"wp:term":[{"taxonomy":"product_cat","embeddable":true,"href":"https:\/\/autravail.ca\/en\/wp-json\/wp\/v2\/product_cat?post=32351"},{"taxonomy":"product_tag","embeddable":true,"href":"https:\/\/autravail.ca\/en\/wp-json\/wp\/v2\/product_tag?post=32351"}],"curies":[{"name":"wp","href":"https:\/\/api.w.org\/{rel}","templated":true}]}}