{"id":32321,"date":"2025-05-08T07:02:23","date_gmt":"2025-05-08T07:02:23","guid":{"rendered":"https:\/\/meteoquebec.ca\/?post_type=product&#038;p=32321"},"modified":"2026-03-09T12:55:31","modified_gmt":"2026-03-09T16:55:31","slug":"pantalon-de-travail-1900","status":"publish","type":"product","link":"https:\/\/autravail.ca\/en\/product\/pantalon-de-travail-1900\/","title":{"rendered":"Pantalon de travail &#8211; 1900"},"content":{"rendered":"<h3>Pantalon de travail &#8211; 1900<\/h3>\n<p>Pantalon de travail &#8211; 1900 de <a href=\"https:\/\/autravail.ca\/en\/product-brand\/big-bill\/\">Big Bill<\/a>. Profitez d&rsquo;un confort et d&rsquo;une durabilit\u00e9 exceptionnels tout au long de la journ\u00e9e avec notre pantalon de travail industriel 100 % coton, coupe classique. Con\u00e7u pour les professionnels exigeants, ce pantalon offre respirabilit\u00e9 et un toucher naturel, id\u00e9al pour des secteurs comme la production, le BTP et l&rsquo;agroalimentaire. Sa teinture longue dur\u00e9e et ses points de tension renforc\u00e9s garantissent une r\u00e9sistance optimale aux conditions les plus difficiles, tandis que sa taille ajustable assure un ajustement parfait. Que vous soyez sur un chantier ou en usine, ce pantalon est con\u00e7u pour vous offrir une libert\u00e9 de mouvement totale et une confiance absolue. Lavable en machine pour un entretien facile et une performance durable.<\/p>\n<h6>Characteristics:<\/h6>\n<ul>\n<li><span dir=\"auto\">Se place \u00e0 la taille<\/span><\/li>\n<li><span dir=\"auto\">Coupe standard au niveau des fesses et des cuisses<\/span><\/li>\n<li><span dir=\"auto\">Jambe l\u00e9g\u00e8rement fusel\u00e9e<\/span><\/li>\n<li><span dir=\"auto\">teinture longue dur\u00e9e<\/span><\/li>\n<li><span dir=\"auto\">2 poches avant obliques<\/span><\/li>\n<li><span dir=\"auto\">2 poches passepoil\u00e9es \u00e0 l&rsquo;arri\u00e8re<\/span><\/li>\n<li><span dir=\"auto\">ceinture ajustable<\/span><\/li>\n<li><span dir=\"auto\">Fermeture \u00e9clair et bouton en laiton sur le devant<\/span><\/li>\n<li><span dir=\"auto\">Fil haute r\u00e9sistance<\/span><\/li>\n<li><span dir=\"auto\">Points d&rsquo;arr\u00eat renforc\u00e9s \u00e0 tous les points de tension<\/span><\/li>\n<li><span dir=\"auto\">Entretien : Lavage domestique et industriel<\/span><\/li>\n<li>Tissu ringspun 8,5 oz, 100 % coton, ce mat\u00e9riau est privil\u00e9gi\u00e9 pour sa <strong class=\"Yjhzub\" data-sfc-cb=\"\" data-complete=\"true\">respirabilit\u00e9<\/strong>\u00a0et son confort contre la peau<\/li>\n<\/ul>\n<p><img decoding=\"async\" class=\"alignnone wp-image-40620\" src=\"https:\/\/autravail.ca\/wp-content\/uploads\/2025\/09\/Jachete-quebec-et-canada.jpg\" alt=\"Logo de l'achat local\" width=\"162\" height=\"139\" \/>Merci d&rsquo;encourager une entreprise 100% d&rsquo;ici!<\/p>\n<p>TS2603H<\/p>","protected":false},"excerpt":{"rendered":"<p>Pantalon de travail &#8211; 1900 Pantalon de travail &#8211; 1900 de Big Bill. Profitez d&rsquo;un confort et d&rsquo;une durabilit\u00e9 exceptionnels tout au long de la journ\u00e9e avec notre pantalon de travail industriel 100 % coton, coupe classique. Con\u00e7u pour les professionnels exigeants, ce pantalon offre respirabilit\u00e9 et un toucher naturel, id\u00e9al pour des secteurs comme [&hellip;]<\/p>","protected":false},"featured_media":45181,"comment_status":"open","ping_status":"closed","template":"","meta":[],"product_cat":[599,602,665,604],"product_tag":[242,243],"class_list":{"0":"post-32321","1":"product","2":"type-product","3":"status-publish","4":"has-post-thumbnail","6":"product_brand-big-bill","7":"product_cat-apparel-accessories","8":"product_cat-hommes","9":"product_cat-pantalons","10":"product_cat-vetements-de-travail","11":"product_tag-homme","12":"product_tag-pantalons","14":"first","15":"instock","16":"taxable","17":"shipping-taxable","18":"purchasable","19":"product-type-variable"},"yoast_head":"<!-- This site is optimized with the Yoast SEO plugin v25.3.1 - https:\/\/yoast.com\/wordpress\/plugins\/seo\/ -->\n<title>Pantalon de travail - 1900 - Le Magasin Industriel<\/title>\n<meta name=\"description\" content=\"Pantalon de travail - 1900 coupe classique 100 % coton, profitez d&#039;un confort et d&#039;une durabilit\u00e9 exceptionnels tout au long de la journ\u00e9e\" \/>\n<meta name=\"robots\" content=\"index, follow, max-snippet:-1, max-image-preview:large, max-video-preview:-1\" \/>\n<link rel=\"canonical\" href=\"https:\/\/autravail.ca\/en\/product\/pantalon-de-travail-1900\/\" \/>\n<meta property=\"og:locale\" content=\"en_US\" \/>\n<meta property=\"og:type\" content=\"article\" \/>\n<meta property=\"og:title\" content=\"Pantalon de travail - 1900 - Le Magasin Industriel\" \/>\n<meta property=\"og:description\" content=\"Pantalon de travail - 1900 coupe classique 100 % coton, profitez d&#039;un confort et d&#039;une durabilit\u00e9 exceptionnels tout au long de la journ\u00e9e\" \/>\n<meta property=\"og:url\" content=\"https:\/\/autravail.ca\/en\/product\/pantalon-de-travail-1900\/\" \/>\n<meta property=\"og:site_name\" content=\"Le Magasin Industriel\" \/>\n<meta property=\"article:publisher\" content=\"https:\/\/www.facebook.com\/lemagasinindustriel\/?locale=fr_FR\" \/>\n<meta property=\"article:modified_time\" content=\"2026-03-09T16:55:31+00:00\" \/>\n<meta property=\"og:image\" content=\"https:\/\/autravail.ca\/wp-content\/uploads\/2025\/05\/1900_A01.jpg\" \/>\n\t<meta property=\"og:image:width\" content=\"1000\" \/>\n\t<meta property=\"og:image:height\" content=\"1000\" \/>\n\t<meta property=\"og:image:type\" content=\"image\/jpeg\" \/>\n<meta name=\"twitter:card\" content=\"summary_large_image\" \/>\n<meta name=\"twitter:label1\" content=\"Est. reading time\" \/>\n\t<meta name=\"twitter:data1\" content=\"2 minutes\" \/>\n<script type=\"application\/ld+json\" class=\"yoast-schema-graph\">{\"@context\":\"https:\/\/schema.org\",\"@graph\":[{\"@type\":\"WebPage\",\"@id\":\"https:\/\/autravail.ca\/product\/pantalon-de-travail-1900\/\",\"url\":\"https:\/\/autravail.ca\/product\/pantalon-de-travail-1900\/\",\"name\":\"Pantalon de travail - 1900 - Le Magasin Industriel\",\"isPartOf\":{\"@id\":\"https:\/\/autravail.ca\/#website\"},\"primaryImageOfPage\":{\"@id\":\"https:\/\/autravail.ca\/product\/pantalon-de-travail-1900\/#primaryimage\"},\"image\":{\"@id\":\"https:\/\/autravail.ca\/product\/pantalon-de-travail-1900\/#primaryimage\"},\"thumbnailUrl\":\"https:\/\/autravail.ca\/wp-content\/uploads\/2025\/05\/1900_A01.jpg\",\"datePublished\":\"2025-05-08T07:02:23+00:00\",\"dateModified\":\"2026-03-09T16:55:31+00:00\",\"description\":\"Pantalon de travail - 1900 coupe classique 100 % coton, profitez d'un confort et d'une durabilit\u00e9 exceptionnels tout au long de la journ\u00e9e\",\"breadcrumb\":{\"@id\":\"https:\/\/autravail.ca\/product\/pantalon-de-travail-1900\/#breadcrumb\"},\"inLanguage\":\"en-CA\",\"potentialAction\":[{\"@type\":\"ReadAction\",\"target\":[\"https:\/\/autravail.ca\/product\/pantalon-de-travail-1900\/\"]}]},{\"@type\":\"ImageObject\",\"inLanguage\":\"en-CA\",\"@id\":\"https:\/\/autravail.ca\/product\/pantalon-de-travail-1900\/#primaryimage\",\"url\":\"https:\/\/autravail.ca\/wp-content\/uploads\/2025\/05\/1900_A01.jpg\",\"contentUrl\":\"https:\/\/autravail.ca\/wp-content\/uploads\/2025\/05\/1900_A01.jpg\",\"width\":1000,\"height\":1000,\"caption\":\"Pantalon de travail - 1900\"},{\"@type\":\"BreadcrumbList\",\"@id\":\"https:\/\/autravail.ca\/product\/pantalon-de-travail-1900\/#breadcrumb\",\"itemListElement\":[{\"@type\":\"ListItem\",\"position\":1,\"name\":\"Accueil\",\"item\":\"https:\/\/autravail.ca\/\"},{\"@type\":\"ListItem\",\"position\":2,\"name\":\"Magasin\",\"item\":\"https:\/\/autravail.ca\/en\/shop\/\"},{\"@type\":\"ListItem\",\"position\":3,\"name\":\"Pantalon de travail &#8211; 1900\"}]},{\"@type\":\"WebSite\",\"@id\":\"https:\/\/autravail.ca\/#website\",\"url\":\"https:\/\/autravail.ca\/\",\"name\":\"Le Magasin Industriel\",\"description\":\"50 ans de tradition de s\u00e9curit\u00e9 au travail\",\"publisher\":{\"@id\":\"https:\/\/autravail.ca\/#organization\"},\"potentialAction\":[{\"@type\":\"SearchAction\",\"target\":{\"@type\":\"EntryPoint\",\"urlTemplate\":\"https:\/\/autravail.ca\/?s={search_term_string}\"},\"query-input\":{\"@type\":\"PropertyValueSpecification\",\"valueRequired\":true,\"valueName\":\"search_term_string\"}}],\"inLanguage\":\"en-CA\"},{\"@type\":\"Organization\",\"@id\":\"https:\/\/autravail.ca\/#organization\",\"name\":\"Le Magasin Industriel\",\"url\":\"https:\/\/autravail.ca\/\",\"logo\":{\"@type\":\"ImageObject\",\"inLanguage\":\"en-CA\",\"@id\":\"https:\/\/autravail.ca\/#\/schema\/logo\/image\/\",\"url\":\"https:\/\/autravail.ca\/wp-content\/uploads\/2025\/05\/cropped-magasin_industriel_120x.avif\",\"contentUrl\":\"https:\/\/autravail.ca\/wp-content\/uploads\/2025\/05\/cropped-magasin_industriel_120x.avif\",\"width\":120,\"height\":24,\"caption\":\"Le Magasin Industriel\"},\"image\":{\"@id\":\"https:\/\/autravail.ca\/#\/schema\/logo\/image\/\"},\"sameAs\":[\"https:\/\/www.facebook.com\/lemagasinindustriel\/?locale=fr_FR\"]}]}<\/script>\n<!-- \/ Yoast SEO plugin. -->","yoast_head_json":{"title":"Pantalon de travail - 1900 - Le Magasin Industriel","description":"Pantalon de travail - 1900 coupe classique 100 % coton, profitez d'un confort et d'une durabilit\u00e9 exceptionnels tout au long de la journ\u00e9e","robots":{"index":"index","follow":"follow","max-snippet":"max-snippet:-1","max-image-preview":"max-image-preview:large","max-video-preview":"max-video-preview:-1"},"canonical":"https:\/\/autravail.ca\/en\/product\/pantalon-de-travail-1900\/","og_locale":"en_US","og_type":"article","og_title":"Pantalon de travail - 1900 - Le Magasin Industriel","og_description":"Pantalon de travail - 1900 coupe classique 100 % coton, profitez d'un confort et d'une durabilit\u00e9 exceptionnels tout au long de la journ\u00e9e","og_url":"https:\/\/autravail.ca\/en\/product\/pantalon-de-travail-1900\/","og_site_name":"Le Magasin Industriel","article_publisher":"https:\/\/www.facebook.com\/lemagasinindustriel\/?locale=fr_FR","article_modified_time":"2026-03-09T16:55:31+00:00","og_image":[{"width":1000,"height":1000,"url":"https:\/\/autravail.ca\/wp-content\/uploads\/2025\/05\/1900_A01.jpg","type":"image\/jpeg"}],"twitter_card":"summary_large_image","twitter_misc":{"Est. reading time":"2 minutes"},"schema":{"@context":"https:\/\/schema.org","@graph":[{"@type":"WebPage","@id":"https:\/\/autravail.ca\/product\/pantalon-de-travail-1900\/","url":"https:\/\/autravail.ca\/product\/pantalon-de-travail-1900\/","name":"Pantalon de travail - 1900 - Le Magasin Industriel","isPartOf":{"@id":"https:\/\/autravail.ca\/#website"},"primaryImageOfPage":{"@id":"https:\/\/autravail.ca\/product\/pantalon-de-travail-1900\/#primaryimage"},"image":{"@id":"https:\/\/autravail.ca\/product\/pantalon-de-travail-1900\/#primaryimage"},"thumbnailUrl":"https:\/\/autravail.ca\/wp-content\/uploads\/2025\/05\/1900_A01.jpg","datePublished":"2025-05-08T07:02:23+00:00","dateModified":"2026-03-09T16:55:31+00:00","description":"Pantalon de travail - 1900 coupe classique 100 % coton, profitez d'un confort et d'une durabilit\u00e9 exceptionnels tout au long de la journ\u00e9e","breadcrumb":{"@id":"https:\/\/autravail.ca\/product\/pantalon-de-travail-1900\/#breadcrumb"},"inLanguage":"en-CA","potentialAction":[{"@type":"ReadAction","target":["https:\/\/autravail.ca\/product\/pantalon-de-travail-1900\/"]}]},{"@type":"ImageObject","inLanguage":"en-CA","@id":"https:\/\/autravail.ca\/product\/pantalon-de-travail-1900\/#primaryimage","url":"https:\/\/autravail.ca\/wp-content\/uploads\/2025\/05\/1900_A01.jpg","contentUrl":"https:\/\/autravail.ca\/wp-content\/uploads\/2025\/05\/1900_A01.jpg","width":1000,"height":1000,"caption":"Pantalon de travail - 1900"},{"@type":"BreadcrumbList","@id":"https:\/\/autravail.ca\/product\/pantalon-de-travail-1900\/#breadcrumb","itemListElement":[{"@type":"ListItem","position":1,"name":"Accueil","item":"https:\/\/autravail.ca\/"},{"@type":"ListItem","position":2,"name":"Magasin","item":"https:\/\/autravail.ca\/en\/shop\/"},{"@type":"ListItem","position":3,"name":"Pantalon de travail &#8211; 1900"}]},{"@type":"WebSite","@id":"https:\/\/autravail.ca\/#website","url":"https:\/\/autravail.ca\/","name":"Le Magasin Industriel","description":"50 ans de tradition de s\u00e9curit\u00e9 au travail","publisher":{"@id":"https:\/\/autravail.ca\/#organization"},"potentialAction":[{"@type":"SearchAction","target":{"@type":"EntryPoint","urlTemplate":"https:\/\/autravail.ca\/?s={search_term_string}"},"query-input":{"@type":"PropertyValueSpecification","valueRequired":true,"valueName":"search_term_string"}}],"inLanguage":"en-CA"},{"@type":"Organization","@id":"https:\/\/autravail.ca\/#organization","name":"Le Magasin Industriel","url":"https:\/\/autravail.ca\/","logo":{"@type":"ImageObject","inLanguage":"en-CA","@id":"https:\/\/autravail.ca\/#\/schema\/logo\/image\/","url":"https:\/\/autravail.ca\/wp-content\/uploads\/2025\/05\/cropped-magasin_industriel_120x.avif","contentUrl":"https:\/\/autravail.ca\/wp-content\/uploads\/2025\/05\/cropped-magasin_industriel_120x.avif","width":120,"height":24,"caption":"Le Magasin Industriel"},"image":{"@id":"https:\/\/autravail.ca\/#\/schema\/logo\/image\/"},"sameAs":["https:\/\/www.facebook.com\/lemagasinindustriel\/?locale=fr_FR"]}]}},"jetpack_sharing_enabled":true,"_links":{"self":[{"href":"https:\/\/autravail.ca\/en\/wp-json\/wp\/v2\/product\/32321","targetHints":{"allow":["GET"]}}],"collection":[{"href":"https:\/\/autravail.ca\/en\/wp-json\/wp\/v2\/product"}],"about":[{"href":"https:\/\/autravail.ca\/en\/wp-json\/wp\/v2\/types\/product"}],"replies":[{"embeddable":true,"href":"https:\/\/autravail.ca\/en\/wp-json\/wp\/v2\/comments?post=32321"}],"wp:featuredmedia":[{"embeddable":true,"href":"https:\/\/autravail.ca\/en\/wp-json\/wp\/v2\/media\/45181"}],"wp:attachment":[{"href":"https:\/\/autravail.ca\/en\/wp-json\/wp\/v2\/media?parent=32321"}],"wp:term":[{"taxonomy":"product_cat","embeddable":true,"href":"https:\/\/autravail.ca\/en\/wp-json\/wp\/v2\/product_cat?post=32321"},{"taxonomy":"product_tag","embeddable":true,"href":"https:\/\/autravail.ca\/en\/wp-json\/wp\/v2\/product_tag?post=32321"}],"curies":[{"name":"wp","href":"https:\/\/api.w.org\/{rel}","templated":true}]}}