{"id":32206,"date":"2025-05-08T07:00:56","date_gmt":"2025-05-08T07:00:56","guid":{"rendered":"https:\/\/meteoquebec.ca\/?post_type=product&#038;p=32206"},"modified":"2026-02-11T17:30:23","modified_gmt":"2026-02-11T21:30:23","slug":"bama-84-305","status":"publish","type":"product","link":"https:\/\/autravail.ca\/en\/product\/bama-84-305\/","title":{"rendered":"Bama &#8211; 84-305"},"content":{"rendered":"<h3>Bama &#8211; 84-305<\/h3>\n<p>Bama &#8211; 84-305 de <a href=\"https:\/\/autravail.ca\/en\/product-brand\/ganka\/\">Ganka<\/a> est un <strong class=\"Yjhzub\" data-complete=\"true\" data-processed=\"true\">chausson isolant<\/strong> (souvent appel\u00e9 \u00ab sokket \u00bb) extr\u00eamement populaire pour \u00eatre port\u00e9 \u00e0 l&rsquo;int\u00e9rieur des bottes de pluie ou de travail. On sugg\u00e8re souvent de les porter avec un bas de densit\u00e9 moyenne (pas trop \u00e9pais) pour ne pas comprimer le pied \u00e0 l&rsquo;int\u00e9rieur de la botte.<\/p>\n<h6 class=\"otQkpb\" role=\"heading\" aria-level=\"3\" data-complete=\"true\" data-processed=\"true\">Pourquoi il est si connu :<button class=\"rBl3me\" tabindex=\"0\" data-amic=\"true\" data-icl-uuid=\"840efa51-d759-4bef-9ab4-c398210de3ab\" aria-label=\"Afficher les liens associ\u00e9s\" data-wiz-attrbind=\"disabled=vpHtDb_l\/C5gNJc;aria-label=vpHtDb_l\/bOjMyf;class=vpHtDb_l\/UpSNec\" data-ved=\"2ahUKEwjC2-Gmr9KSAxXWGVkFHVygAoIQye0OegYIAQgDEAA\"><\/button><\/h6>\n<div class=\"Y3BBE\" data-sfc-cp=\"\" data-hveid=\"CAEIBBAA\" data-complete=\"true\" data-processed=\"true\">C\u2019est le compl\u00e9ment classique pour transformer une botte de caoutchouc en botte temp\u00e9r\u00e9e. Il utilise un syst\u00e8me de protection \u00e0 deux couches :<span class=\"uJ19be notranslate\" data-wiz-uids=\"vpHtDb_q,vpHtDb_r\" data-complete=\"true\" data-processed=\"true\"><span class=\"vKEkVd\" data-animation-atomic=\"\" data-wiz-attrbind=\"class=vpHtDb_p\/TKHnVd\" data-sae=\"\"><span aria-hidden=\"true\">\u00a0<\/span><button class=\"rBl3me\" tabindex=\"0\" data-amic=\"true\" data-icl-uuid=\"c2b198ec-95d9-48fe-82f3-f489af283554\" aria-label=\"Afficher les liens associ\u00e9s\" data-wiz-attrbind=\"disabled=vpHtDb_p\/C5gNJc;aria-label=vpHtDb_p\/bOjMyf;class=vpHtDb_p\/UpSNec\" data-ved=\"2ahUKEwjC2-Gmr9KSAxXWGVkFHVygAoIQye0OegYIAQgEEAE\"><\/button><\/span><\/span><\/div>\n<ul class=\"KsbFXc U6u95\" data-complete=\"true\" data-processed=\"true\">\n<li data-hveid=\"CAEIBRAA\" data-complete=\"true\" data-sae=\"\"><span class=\"T286Pc\" data-sfc-cp=\"\" data-complete=\"true\"><strong class=\"Yjhzub\" data-complete=\"true\">Couche int\u00e9rieure<\/strong>\u00a0: En tricot d&rsquo;acrylique pour emprisonner la chaleur et offrir un certain rembourrage.<\/span><\/li>\n<li data-hveid=\"CAEIBRAB\" data-complete=\"true\" data-sae=\"\"><span class=\"T286Pc\" data-sfc-cp=\"\" data-complete=\"true\" aria-owns=\"action-menu-parent-container\"><strong class=\"Yjhzub\" data-complete=\"true\">Couche ext\u00e9rieure<\/strong>\u00a0: Un m\u00e9lange de coton et de flanelle renforc\u00e9 qui absorbe l&rsquo;humidit\u00e9 et la transpiration pour garder le pied au sec.<\/span><\/li>\n<\/ul>\n<h6 class=\"otQkpb\" role=\"heading\" aria-level=\"3\" data-complete=\"true\" data-processed=\"true\">Fonctionnement du syst\u00e8me bicouche<button class=\"rBl3me\" tabindex=\"0\" data-amic=\"true\" data-icl-uuid=\"51abc564-8e37-4b3f-8f16-69ff8a9e1303\" aria-label=\"Afficher les liens associ\u00e9s\" data-wiz-attrbind=\"disabled=zbh91b_m\/C5gNJc;aria-label=zbh91b_m\/bOjMyf;class=zbh91b_m\/UpSNec\" data-ved=\"2ahUKEwj0qonxsNKSAxUAEVkFHTbXA6sQye0OegYIAQgEEAA\"><\/button><\/h6>\n<ul class=\"KsbFXc U6u95\" data-complete=\"true\" data-processed=\"true\">\n<li data-hveid=\"CAEIBhAA\" data-complete=\"true\" data-sae=\"\"><span class=\"T286Pc\" data-sfc-cp=\"\" data-complete=\"true\"><strong class=\"Yjhzub\" data-complete=\"true\">Action thermique<\/strong>\u00a0: La couche int\u00e9rieure en\u00a0<strong class=\"Yjhzub\" data-complete=\"true\">acrylique<\/strong>\u00a0emprisonne l&rsquo;air chaud pr\u00e8s du pied.<\/span><\/li>\n<li data-hveid=\"CAEIBhAB\" data-complete=\"true\" data-sae=\"\"><span class=\"T286Pc\" data-sfc-cp=\"\" data-complete=\"true\"><strong class=\"Yjhzub\" data-complete=\"true\">Action absorbante<\/strong>\u00a0: La couche ext\u00e9rieure en\u00a0<strong class=\"Yjhzub\" data-complete=\"true\">coton\/flanelle<\/strong>\u00a0\u00e9ponge la sueur et l&#8217;emp\u00eache de refroidir le pied.<\/span><\/li>\n<li data-hveid=\"CAEIBhAC\" data-complete=\"true\" data-sae=\"\"><span class=\"T286Pc\" data-sfc-cp=\"\" data-complete=\"true\" aria-owns=\"action-menu-parent-container\"><strong class=\"Yjhzub\" data-complete=\"true\">Conseil d&rsquo;expert<\/strong>\u00a0: Pour une performance maximale, il est fortement recommand\u00e9 de les porter\u00a0<strong class=\"Yjhzub\" data-complete=\"true\">par-dessus une paire de bas<\/strong>\u00a0(id\u00e9alement en laine ou synth\u00e9tique) plut\u00f4t que pieds nus.<\/span><\/li>\n<\/ul>\n<p><img decoding=\"async\" class=\"alignnone wp-image-40620\" src=\"https:\/\/autravail.ca\/wp-content\/uploads\/2025\/09\/Jachete-quebec-et-canada.jpg\" alt=\"Logo de l'achat local\" width=\"162\" height=\"139\" \/>Merci d&rsquo;encourager une entreprise 100% d&rsquo;ici!<\/p>\n<p>TS2602H<\/p>","protected":false},"excerpt":{"rendered":"<p>Bama &#8211; 84-305 Bama &#8211; 84-305 de Ganka est un chausson isolant (souvent appel\u00e9 \u00ab sokket \u00bb) extr\u00eamement populaire pour \u00eatre port\u00e9 \u00e0 l&rsquo;int\u00e9rieur des bottes de pluie ou de travail. On sugg\u00e8re souvent de les porter avec un bas de densit\u00e9 moyenne (pas trop \u00e9pais) pour ne pas comprimer le pied \u00e0 l&rsquo;int\u00e9rieur de [&hellip;]<\/p>","protected":false},"featured_media":44147,"comment_status":"open","ping_status":"closed","template":"","meta":[],"product_cat":[657,633,711,602],"product_tag":[255,242],"class_list":{"0":"post-32206","1":"product","2":"type-product","3":"status-publish","4":"has-post-thumbnail","6":"product_brand-ganka","7":"product_cat-accessoires-de-chaussures","8":"product_cat-femmes","9":"product_cat-ganka","10":"product_cat-hommes","11":"product_tag-femme","12":"product_tag-homme","14":"first","15":"instock","16":"taxable","17":"shipping-taxable","18":"purchasable","19":"product-type-variable"},"yoast_head":"<!-- This site is optimized with the Yoast SEO plugin v25.3.1 - https:\/\/yoast.com\/wordpress\/plugins\/seo\/ -->\n<title>Bama - 84-305 - Le Magasin Industriel<\/title>\n<meta name=\"description\" content=\"Bama - 84-305, de Ganka est un chausson isolant, extr\u00eamement populaire pour \u00eatre port\u00e9 \u00e0 l&#039;int\u00e9rieur des bottes de pluie ou de travail.\" \/>\n<meta name=\"robots\" content=\"index, follow, max-snippet:-1, max-image-preview:large, max-video-preview:-1\" \/>\n<link rel=\"canonical\" href=\"https:\/\/autravail.ca\/en\/product\/bama-84-305\/\" \/>\n<meta property=\"og:locale\" content=\"en_US\" \/>\n<meta property=\"og:type\" content=\"article\" \/>\n<meta property=\"og:title\" content=\"Bama - 84-305 - Le Magasin Industriel\" \/>\n<meta property=\"og:description\" content=\"Bama - 84-305, de Ganka est un chausson isolant, extr\u00eamement populaire pour \u00eatre port\u00e9 \u00e0 l&#039;int\u00e9rieur des bottes de pluie ou de travail.\" \/>\n<meta property=\"og:url\" content=\"https:\/\/autravail.ca\/en\/product\/bama-84-305\/\" \/>\n<meta property=\"og:site_name\" content=\"Le Magasin Industriel\" \/>\n<meta property=\"article:publisher\" content=\"https:\/\/www.facebook.com\/lemagasinindustriel\/?locale=fr_FR\" \/>\n<meta property=\"article:modified_time\" content=\"2026-02-11T21:30:23+00:00\" \/>\n<meta property=\"og:image\" content=\"https:\/\/autravail.ca\/wp-content\/uploads\/2025\/05\/84-305_A01-1.jpg\" \/>\n\t<meta property=\"og:image:width\" content=\"1000\" \/>\n\t<meta property=\"og:image:height\" content=\"1000\" \/>\n\t<meta property=\"og:image:type\" content=\"image\/jpeg\" \/>\n<meta name=\"twitter:card\" content=\"summary_large_image\" \/>\n<meta name=\"twitter:label1\" content=\"Est. reading time\" \/>\n\t<meta name=\"twitter:data1\" content=\"2 minutes\" \/>\n<script type=\"application\/ld+json\" class=\"yoast-schema-graph\">{\"@context\":\"https:\/\/schema.org\",\"@graph\":[{\"@type\":\"WebPage\",\"@id\":\"https:\/\/autravail.ca\/product\/bama-84-305\/\",\"url\":\"https:\/\/autravail.ca\/product\/bama-84-305\/\",\"name\":\"Bama - 84-305 - Le Magasin Industriel\",\"isPartOf\":{\"@id\":\"https:\/\/autravail.ca\/#website\"},\"primaryImageOfPage\":{\"@id\":\"https:\/\/autravail.ca\/product\/bama-84-305\/#primaryimage\"},\"image\":{\"@id\":\"https:\/\/autravail.ca\/product\/bama-84-305\/#primaryimage\"},\"thumbnailUrl\":\"https:\/\/autravail.ca\/wp-content\/uploads\/2025\/05\/84-305_A01-1.jpg\",\"datePublished\":\"2025-05-08T07:00:56+00:00\",\"dateModified\":\"2026-02-11T21:30:23+00:00\",\"description\":\"Bama - 84-305, de Ganka est un chausson isolant, extr\u00eamement populaire pour \u00eatre port\u00e9 \u00e0 l'int\u00e9rieur des bottes de pluie ou de travail.\",\"breadcrumb\":{\"@id\":\"https:\/\/autravail.ca\/product\/bama-84-305\/#breadcrumb\"},\"inLanguage\":\"en-CA\",\"potentialAction\":[{\"@type\":\"ReadAction\",\"target\":[\"https:\/\/autravail.ca\/product\/bama-84-305\/\"]}]},{\"@type\":\"ImageObject\",\"inLanguage\":\"en-CA\",\"@id\":\"https:\/\/autravail.ca\/product\/bama-84-305\/#primaryimage\",\"url\":\"https:\/\/autravail.ca\/wp-content\/uploads\/2025\/05\/84-305_A01-1.jpg\",\"contentUrl\":\"https:\/\/autravail.ca\/wp-content\/uploads\/2025\/05\/84-305_A01-1.jpg\",\"width\":1000,\"height\":1000},{\"@type\":\"BreadcrumbList\",\"@id\":\"https:\/\/autravail.ca\/product\/bama-84-305\/#breadcrumb\",\"itemListElement\":[{\"@type\":\"ListItem\",\"position\":1,\"name\":\"Accueil\",\"item\":\"https:\/\/autravail.ca\/\"},{\"@type\":\"ListItem\",\"position\":2,\"name\":\"Magasin\",\"item\":\"https:\/\/autravail.ca\/en\/shop\/\"},{\"@type\":\"ListItem\",\"position\":3,\"name\":\"Bama &#8211; 84-305\"}]},{\"@type\":\"WebSite\",\"@id\":\"https:\/\/autravail.ca\/#website\",\"url\":\"https:\/\/autravail.ca\/\",\"name\":\"Le Magasin Industriel\",\"description\":\"50 ans de tradition de s\u00e9curit\u00e9 au travail\",\"publisher\":{\"@id\":\"https:\/\/autravail.ca\/#organization\"},\"potentialAction\":[{\"@type\":\"SearchAction\",\"target\":{\"@type\":\"EntryPoint\",\"urlTemplate\":\"https:\/\/autravail.ca\/?s={search_term_string}\"},\"query-input\":{\"@type\":\"PropertyValueSpecification\",\"valueRequired\":true,\"valueName\":\"search_term_string\"}}],\"inLanguage\":\"en-CA\"},{\"@type\":\"Organization\",\"@id\":\"https:\/\/autravail.ca\/#organization\",\"name\":\"Le Magasin Industriel\",\"url\":\"https:\/\/autravail.ca\/\",\"logo\":{\"@type\":\"ImageObject\",\"inLanguage\":\"en-CA\",\"@id\":\"https:\/\/autravail.ca\/#\/schema\/logo\/image\/\",\"url\":\"https:\/\/autravail.ca\/wp-content\/uploads\/2025\/05\/cropped-magasin_industriel_120x.avif\",\"contentUrl\":\"https:\/\/autravail.ca\/wp-content\/uploads\/2025\/05\/cropped-magasin_industriel_120x.avif\",\"width\":120,\"height\":24,\"caption\":\"Le Magasin Industriel\"},\"image\":{\"@id\":\"https:\/\/autravail.ca\/#\/schema\/logo\/image\/\"},\"sameAs\":[\"https:\/\/www.facebook.com\/lemagasinindustriel\/?locale=fr_FR\"]}]}<\/script>\n<!-- \/ Yoast SEO plugin. -->","yoast_head_json":{"title":"Bama - 84-305 - Le Magasin Industriel","description":"Bama - 84-305, de Ganka est un chausson isolant, extr\u00eamement populaire pour \u00eatre port\u00e9 \u00e0 l'int\u00e9rieur des bottes de pluie ou de travail.","robots":{"index":"index","follow":"follow","max-snippet":"max-snippet:-1","max-image-preview":"max-image-preview:large","max-video-preview":"max-video-preview:-1"},"canonical":"https:\/\/autravail.ca\/en\/product\/bama-84-305\/","og_locale":"en_US","og_type":"article","og_title":"Bama - 84-305 - Le Magasin Industriel","og_description":"Bama - 84-305, de Ganka est un chausson isolant, extr\u00eamement populaire pour \u00eatre port\u00e9 \u00e0 l'int\u00e9rieur des bottes de pluie ou de travail.","og_url":"https:\/\/autravail.ca\/en\/product\/bama-84-305\/","og_site_name":"Le Magasin Industriel","article_publisher":"https:\/\/www.facebook.com\/lemagasinindustriel\/?locale=fr_FR","article_modified_time":"2026-02-11T21:30:23+00:00","og_image":[{"width":1000,"height":1000,"url":"https:\/\/autravail.ca\/wp-content\/uploads\/2025\/05\/84-305_A01-1.jpg","type":"image\/jpeg"}],"twitter_card":"summary_large_image","twitter_misc":{"Est. reading time":"2 minutes"},"schema":{"@context":"https:\/\/schema.org","@graph":[{"@type":"WebPage","@id":"https:\/\/autravail.ca\/product\/bama-84-305\/","url":"https:\/\/autravail.ca\/product\/bama-84-305\/","name":"Bama - 84-305 - Le Magasin Industriel","isPartOf":{"@id":"https:\/\/autravail.ca\/#website"},"primaryImageOfPage":{"@id":"https:\/\/autravail.ca\/product\/bama-84-305\/#primaryimage"},"image":{"@id":"https:\/\/autravail.ca\/product\/bama-84-305\/#primaryimage"},"thumbnailUrl":"https:\/\/autravail.ca\/wp-content\/uploads\/2025\/05\/84-305_A01-1.jpg","datePublished":"2025-05-08T07:00:56+00:00","dateModified":"2026-02-11T21:30:23+00:00","description":"Bama - 84-305, de Ganka est un chausson isolant, extr\u00eamement populaire pour \u00eatre port\u00e9 \u00e0 l'int\u00e9rieur des bottes de pluie ou de travail.","breadcrumb":{"@id":"https:\/\/autravail.ca\/product\/bama-84-305\/#breadcrumb"},"inLanguage":"en-CA","potentialAction":[{"@type":"ReadAction","target":["https:\/\/autravail.ca\/product\/bama-84-305\/"]}]},{"@type":"ImageObject","inLanguage":"en-CA","@id":"https:\/\/autravail.ca\/product\/bama-84-305\/#primaryimage","url":"https:\/\/autravail.ca\/wp-content\/uploads\/2025\/05\/84-305_A01-1.jpg","contentUrl":"https:\/\/autravail.ca\/wp-content\/uploads\/2025\/05\/84-305_A01-1.jpg","width":1000,"height":1000},{"@type":"BreadcrumbList","@id":"https:\/\/autravail.ca\/product\/bama-84-305\/#breadcrumb","itemListElement":[{"@type":"ListItem","position":1,"name":"Accueil","item":"https:\/\/autravail.ca\/"},{"@type":"ListItem","position":2,"name":"Magasin","item":"https:\/\/autravail.ca\/en\/shop\/"},{"@type":"ListItem","position":3,"name":"Bama &#8211; 84-305"}]},{"@type":"WebSite","@id":"https:\/\/autravail.ca\/#website","url":"https:\/\/autravail.ca\/","name":"Le Magasin Industriel","description":"50 ans de tradition de s\u00e9curit\u00e9 au travail","publisher":{"@id":"https:\/\/autravail.ca\/#organization"},"potentialAction":[{"@type":"SearchAction","target":{"@type":"EntryPoint","urlTemplate":"https:\/\/autravail.ca\/?s={search_term_string}"},"query-input":{"@type":"PropertyValueSpecification","valueRequired":true,"valueName":"search_term_string"}}],"inLanguage":"en-CA"},{"@type":"Organization","@id":"https:\/\/autravail.ca\/#organization","name":"Le Magasin Industriel","url":"https:\/\/autravail.ca\/","logo":{"@type":"ImageObject","inLanguage":"en-CA","@id":"https:\/\/autravail.ca\/#\/schema\/logo\/image\/","url":"https:\/\/autravail.ca\/wp-content\/uploads\/2025\/05\/cropped-magasin_industriel_120x.avif","contentUrl":"https:\/\/autravail.ca\/wp-content\/uploads\/2025\/05\/cropped-magasin_industriel_120x.avif","width":120,"height":24,"caption":"Le Magasin Industriel"},"image":{"@id":"https:\/\/autravail.ca\/#\/schema\/logo\/image\/"},"sameAs":["https:\/\/www.facebook.com\/lemagasinindustriel\/?locale=fr_FR"]}]}},"jetpack_sharing_enabled":true,"_links":{"self":[{"href":"https:\/\/autravail.ca\/en\/wp-json\/wp\/v2\/product\/32206","targetHints":{"allow":["GET"]}}],"collection":[{"href":"https:\/\/autravail.ca\/en\/wp-json\/wp\/v2\/product"}],"about":[{"href":"https:\/\/autravail.ca\/en\/wp-json\/wp\/v2\/types\/product"}],"replies":[{"embeddable":true,"href":"https:\/\/autravail.ca\/en\/wp-json\/wp\/v2\/comments?post=32206"}],"wp:featuredmedia":[{"embeddable":true,"href":"https:\/\/autravail.ca\/en\/wp-json\/wp\/v2\/media\/44147"}],"wp:attachment":[{"href":"https:\/\/autravail.ca\/en\/wp-json\/wp\/v2\/media?parent=32206"}],"wp:term":[{"taxonomy":"product_cat","embeddable":true,"href":"https:\/\/autravail.ca\/en\/wp-json\/wp\/v2\/product_cat?post=32206"},{"taxonomy":"product_tag","embeddable":true,"href":"https:\/\/autravail.ca\/en\/wp-json\/wp\/v2\/product_tag?post=32206"}],"curies":[{"name":"wp","href":"https:\/\/api.w.org\/{rel}","templated":true}]}}