{"id":32205,"date":"2025-05-08T07:00:56","date_gmt":"2025-05-08T07:00:56","guid":{"rendered":"https:\/\/meteoquebec.ca\/?post_type=product&#038;p=32205"},"modified":"2026-03-09T11:07:15","modified_gmt":"2026-03-09T15:07:15","slug":"chemise-de-travail-100","status":"publish","type":"product","link":"https:\/\/autravail.ca\/en\/product\/chemise-de-travail-100\/","title":{"rendered":"Chemise de travail &#8211; 100"},"content":{"rendered":"<h3>Chemise de travail &#8211; 100<\/h3>\n<p>Chemise de travail &#8211; 100 de la marque qu\u00e9b\u00e9coise\u00a0<strong class=\"Yjhzub\" data-sfc-cb=\"\" data-complete=\"true\" data-processed=\"true\">Codet<\/strong>\u00a0(souvent associ\u00e9e \u00e0 sa marque phare\u00a0<a href=\"https:\/\/autravail.ca\/en\/product-brand\/big-bill\/\"><strong class=\"Yjhzub\" data-sfc-cb=\"\" data-complete=\"true\" data-processed=\"true\">Big Bill<\/strong><\/a>) est une pi\u00e8ce embl\u00e9matique du v\u00eatement de travail et de plein air. Fabriqu\u00e9e au Canada, elle est naturellement douce et r\u00e9sistante gr\u00e2ce \u00e0 ses coutures renforc\u00e9es et ses points de tension cousus d&rsquo;arr\u00eat, garantissant une longue dur\u00e9e de vie. Ses deux poches poitrine avec compartiments pour stylos offrent un rangement pratique, tandis que sa fermeture boutonn\u00e9e et ses poignets boutonn\u00e9s lui conf\u00e8rent une allure soign\u00e9e et professionnelle. Le serg\u00e9 de coton allie durabilit\u00e9 et respirabilit\u00e9, faisant de cette chemise le choix id\u00e9al pour un confort et une fiabilit\u00e9 \u00e0 toute \u00e9preuve au travail.<\/p>\n<h6>Characteristics:<\/h6>\n<ul>\n<li><span dir=\"auto\">Col montant avec baleines<\/span><\/li>\n<li><span dir=\"auto\">Patte de boutonnage sur le devant<\/span><\/li>\n<li><span dir=\"auto\">Deux poches poitrine avant avec rabat et fermeture \u00e0 bouton plastique.<\/span><\/li>\n<li><span dir=\"auto\">Compartiment pour crayons dans les deux poches<\/span><\/li>\n<li><span dir=\"auto\">Manches longues<\/span><\/li>\n<li><span dir=\"auto\">Poignets \u00e0 fermeture boutonn\u00e9e<\/span><\/li>\n<li>Coupe ample et longue<\/li>\n<li><span dir=\"auto\">joug dorsal<\/span><\/li>\n<li><span dir=\"auto\">Fil haute r\u00e9sistance<\/span><\/li>\n<li><span dir=\"auto\">Points d&rsquo;arr\u00eat renforc\u00e9s \u00e0 tous les points de tension<\/span><\/li>\n<li>Logo BigBill sur rabat gauche<\/li>\n<li><span dir=\"auto\">Entretien\u00a0: Lavage industriel<\/span><\/li>\n<li>Serg\u00e9 6 oz, 100 % coton<\/li>\n<\/ul>\n<p><img decoding=\"async\" class=\"alignnone wp-image-40620\" src=\"https:\/\/autravail.ca\/wp-content\/uploads\/2025\/09\/Jachete-quebec-et-canada.jpg\" alt=\"Logo de l'achat local\" width=\"162\" height=\"139\" \/>Merci d&rsquo;encourager une entreprise 100% d&rsquo;ici!<\/p>\n<p>TS2603H<\/p>\n<p>&nbsp;<\/p>\n<p>&nbsp;<\/p>","protected":false},"excerpt":{"rendered":"<p>Chemise de travail &#8211; 100 Chemise de travail &#8211; 100 de la marque qu\u00e9b\u00e9coise\u00a0Codet\u00a0(souvent associ\u00e9e \u00e0 sa marque phare\u00a0Big Bill) est une pi\u00e8ce embl\u00e9matique du v\u00eatement de travail et de plein air. Fabriqu\u00e9e au Canada, elle est naturellement douce et r\u00e9sistante gr\u00e2ce \u00e0 ses coutures renforc\u00e9es et ses points de tension cousus d&rsquo;arr\u00eat, garantissant une [&hellip;]<\/p>","protected":false},"featured_media":16867,"comment_status":"open","ping_status":"closed","template":"","meta":[],"product_cat":[599,606,602,604],"product_tag":[247,242],"class_list":{"0":"post-32205","1":"product","2":"type-product","3":"status-publish","4":"has-post-thumbnail","6":"product_brand-big-bill","7":"product_cat-apparel-accessories","8":"product_cat-chemises","9":"product_cat-hommes","10":"product_cat-vetements-de-travail","11":"product_tag-chemises","12":"product_tag-homme","14":"first","15":"instock","16":"taxable","17":"shipping-taxable","18":"purchasable","19":"product-type-variable"},"yoast_head":"<!-- This site is optimized with the Yoast SEO plugin v25.3.1 - https:\/\/yoast.com\/wordpress\/plugins\/seo\/ -->\n<title>Chemise de travail - 100 - Le Magasin Industriel<\/title>\n<meta name=\"description\" content=\"Chemise de travail - 100 est une pi\u00e8ce embl\u00e9matique du v\u00eatement de travail et de plein air au Canada, 100% coton \u00e0 boutons r\u00e9guliers\" \/>\n<meta name=\"robots\" content=\"index, follow, max-snippet:-1, max-image-preview:large, max-video-preview:-1\" \/>\n<link rel=\"canonical\" href=\"https:\/\/autravail.ca\/en\/product\/chemise-de-travail-100\/\" \/>\n<meta property=\"og:locale\" content=\"en_US\" \/>\n<meta property=\"og:type\" content=\"article\" \/>\n<meta property=\"og:title\" content=\"Chemise de travail - 100 - Le Magasin Industriel\" \/>\n<meta property=\"og:description\" content=\"Chemise de travail - 100 est une pi\u00e8ce embl\u00e9matique du v\u00eatement de travail et de plein air au Canada, 100% coton \u00e0 boutons r\u00e9guliers\" \/>\n<meta property=\"og:url\" content=\"https:\/\/autravail.ca\/en\/product\/chemise-de-travail-100\/\" \/>\n<meta property=\"og:site_name\" content=\"Le Magasin Industriel\" \/>\n<meta property=\"article:publisher\" content=\"https:\/\/www.facebook.com\/lemagasinindustriel\/?locale=fr_FR\" \/>\n<meta property=\"article:modified_time\" content=\"2026-03-09T15:07:15+00:00\" \/>\n<meta property=\"og:image\" content=\"https:\/\/autravail.ca\/wp-content\/uploads\/2025\/05\/100_A01.jpg\" \/>\n\t<meta property=\"og:image:width\" content=\"1000\" \/>\n\t<meta property=\"og:image:height\" content=\"1000\" \/>\n\t<meta property=\"og:image:type\" content=\"image\/jpeg\" \/>\n<meta name=\"twitter:card\" content=\"summary_large_image\" \/>\n<meta name=\"twitter:label1\" content=\"Est. reading time\" \/>\n\t<meta name=\"twitter:data1\" content=\"2 minutes\" \/>\n<script type=\"application\/ld+json\" class=\"yoast-schema-graph\">{\"@context\":\"https:\/\/schema.org\",\"@graph\":[{\"@type\":\"WebPage\",\"@id\":\"https:\/\/autravail.ca\/product\/chemise-de-travail-100\/\",\"url\":\"https:\/\/autravail.ca\/product\/chemise-de-travail-100\/\",\"name\":\"Chemise de travail - 100 - Le Magasin Industriel\",\"isPartOf\":{\"@id\":\"https:\/\/autravail.ca\/#website\"},\"primaryImageOfPage\":{\"@id\":\"https:\/\/autravail.ca\/product\/chemise-de-travail-100\/#primaryimage\"},\"image\":{\"@id\":\"https:\/\/autravail.ca\/product\/chemise-de-travail-100\/#primaryimage\"},\"thumbnailUrl\":\"https:\/\/autravail.ca\/wp-content\/uploads\/2025\/05\/100_A01.jpg\",\"datePublished\":\"2025-05-08T07:00:56+00:00\",\"dateModified\":\"2026-03-09T15:07:15+00:00\",\"description\":\"Chemise de travail - 100 est une pi\u00e8ce embl\u00e9matique du v\u00eatement de travail et de plein air au Canada, 100% coton \u00e0 boutons r\u00e9guliers\",\"breadcrumb\":{\"@id\":\"https:\/\/autravail.ca\/product\/chemise-de-travail-100\/#breadcrumb\"},\"inLanguage\":\"en-CA\",\"potentialAction\":[{\"@type\":\"ReadAction\",\"target\":[\"https:\/\/autravail.ca\/product\/chemise-de-travail-100\/\"]}]},{\"@type\":\"ImageObject\",\"inLanguage\":\"en-CA\",\"@id\":\"https:\/\/autravail.ca\/product\/chemise-de-travail-100\/#primaryimage\",\"url\":\"https:\/\/autravail.ca\/wp-content\/uploads\/2025\/05\/100_A01.jpg\",\"contentUrl\":\"https:\/\/autravail.ca\/wp-content\/uploads\/2025\/05\/100_A01.jpg\",\"width\":1000,\"height\":1000,\"caption\":\"Chemise de travail - 100\"},{\"@type\":\"BreadcrumbList\",\"@id\":\"https:\/\/autravail.ca\/product\/chemise-de-travail-100\/#breadcrumb\",\"itemListElement\":[{\"@type\":\"ListItem\",\"position\":1,\"name\":\"Accueil\",\"item\":\"https:\/\/autravail.ca\/\"},{\"@type\":\"ListItem\",\"position\":2,\"name\":\"Magasin\",\"item\":\"https:\/\/autravail.ca\/en\/shop\/\"},{\"@type\":\"ListItem\",\"position\":3,\"name\":\"Chemise de travail &#8211; 100\"}]},{\"@type\":\"WebSite\",\"@id\":\"https:\/\/autravail.ca\/#website\",\"url\":\"https:\/\/autravail.ca\/\",\"name\":\"Le Magasin Industriel\",\"description\":\"50 ans de tradition de s\u00e9curit\u00e9 au travail\",\"publisher\":{\"@id\":\"https:\/\/autravail.ca\/#organization\"},\"potentialAction\":[{\"@type\":\"SearchAction\",\"target\":{\"@type\":\"EntryPoint\",\"urlTemplate\":\"https:\/\/autravail.ca\/?s={search_term_string}\"},\"query-input\":{\"@type\":\"PropertyValueSpecification\",\"valueRequired\":true,\"valueName\":\"search_term_string\"}}],\"inLanguage\":\"en-CA\"},{\"@type\":\"Organization\",\"@id\":\"https:\/\/autravail.ca\/#organization\",\"name\":\"Le Magasin Industriel\",\"url\":\"https:\/\/autravail.ca\/\",\"logo\":{\"@type\":\"ImageObject\",\"inLanguage\":\"en-CA\",\"@id\":\"https:\/\/autravail.ca\/#\/schema\/logo\/image\/\",\"url\":\"https:\/\/autravail.ca\/wp-content\/uploads\/2025\/05\/cropped-magasin_industriel_120x.avif\",\"contentUrl\":\"https:\/\/autravail.ca\/wp-content\/uploads\/2025\/05\/cropped-magasin_industriel_120x.avif\",\"width\":120,\"height\":24,\"caption\":\"Le Magasin Industriel\"},\"image\":{\"@id\":\"https:\/\/autravail.ca\/#\/schema\/logo\/image\/\"},\"sameAs\":[\"https:\/\/www.facebook.com\/lemagasinindustriel\/?locale=fr_FR\"]}]}<\/script>\n<!-- \/ Yoast SEO plugin. -->","yoast_head_json":{"title":"Chemise de travail - 100 - Le Magasin Industriel","description":"Chemise de travail - 100 est une pi\u00e8ce embl\u00e9matique du v\u00eatement de travail et de plein air au Canada, 100% coton \u00e0 boutons r\u00e9guliers","robots":{"index":"index","follow":"follow","max-snippet":"max-snippet:-1","max-image-preview":"max-image-preview:large","max-video-preview":"max-video-preview:-1"},"canonical":"https:\/\/autravail.ca\/en\/product\/chemise-de-travail-100\/","og_locale":"en_US","og_type":"article","og_title":"Chemise de travail - 100 - Le Magasin Industriel","og_description":"Chemise de travail - 100 est une pi\u00e8ce embl\u00e9matique du v\u00eatement de travail et de plein air au Canada, 100% coton \u00e0 boutons r\u00e9guliers","og_url":"https:\/\/autravail.ca\/en\/product\/chemise-de-travail-100\/","og_site_name":"Le Magasin Industriel","article_publisher":"https:\/\/www.facebook.com\/lemagasinindustriel\/?locale=fr_FR","article_modified_time":"2026-03-09T15:07:15+00:00","og_image":[{"width":1000,"height":1000,"url":"https:\/\/autravail.ca\/wp-content\/uploads\/2025\/05\/100_A01.jpg","type":"image\/jpeg"}],"twitter_card":"summary_large_image","twitter_misc":{"Est. reading time":"2 minutes"},"schema":{"@context":"https:\/\/schema.org","@graph":[{"@type":"WebPage","@id":"https:\/\/autravail.ca\/product\/chemise-de-travail-100\/","url":"https:\/\/autravail.ca\/product\/chemise-de-travail-100\/","name":"Chemise de travail - 100 - Le Magasin Industriel","isPartOf":{"@id":"https:\/\/autravail.ca\/#website"},"primaryImageOfPage":{"@id":"https:\/\/autravail.ca\/product\/chemise-de-travail-100\/#primaryimage"},"image":{"@id":"https:\/\/autravail.ca\/product\/chemise-de-travail-100\/#primaryimage"},"thumbnailUrl":"https:\/\/autravail.ca\/wp-content\/uploads\/2025\/05\/100_A01.jpg","datePublished":"2025-05-08T07:00:56+00:00","dateModified":"2026-03-09T15:07:15+00:00","description":"Chemise de travail - 100 est une pi\u00e8ce embl\u00e9matique du v\u00eatement de travail et de plein air au Canada, 100% coton \u00e0 boutons r\u00e9guliers","breadcrumb":{"@id":"https:\/\/autravail.ca\/product\/chemise-de-travail-100\/#breadcrumb"},"inLanguage":"en-CA","potentialAction":[{"@type":"ReadAction","target":["https:\/\/autravail.ca\/product\/chemise-de-travail-100\/"]}]},{"@type":"ImageObject","inLanguage":"en-CA","@id":"https:\/\/autravail.ca\/product\/chemise-de-travail-100\/#primaryimage","url":"https:\/\/autravail.ca\/wp-content\/uploads\/2025\/05\/100_A01.jpg","contentUrl":"https:\/\/autravail.ca\/wp-content\/uploads\/2025\/05\/100_A01.jpg","width":1000,"height":1000,"caption":"Chemise de travail - 100"},{"@type":"BreadcrumbList","@id":"https:\/\/autravail.ca\/product\/chemise-de-travail-100\/#breadcrumb","itemListElement":[{"@type":"ListItem","position":1,"name":"Accueil","item":"https:\/\/autravail.ca\/"},{"@type":"ListItem","position":2,"name":"Magasin","item":"https:\/\/autravail.ca\/en\/shop\/"},{"@type":"ListItem","position":3,"name":"Chemise de travail &#8211; 100"}]},{"@type":"WebSite","@id":"https:\/\/autravail.ca\/#website","url":"https:\/\/autravail.ca\/","name":"Le Magasin Industriel","description":"50 ans de tradition de s\u00e9curit\u00e9 au travail","publisher":{"@id":"https:\/\/autravail.ca\/#organization"},"potentialAction":[{"@type":"SearchAction","target":{"@type":"EntryPoint","urlTemplate":"https:\/\/autravail.ca\/?s={search_term_string}"},"query-input":{"@type":"PropertyValueSpecification","valueRequired":true,"valueName":"search_term_string"}}],"inLanguage":"en-CA"},{"@type":"Organization","@id":"https:\/\/autravail.ca\/#organization","name":"Le Magasin Industriel","url":"https:\/\/autravail.ca\/","logo":{"@type":"ImageObject","inLanguage":"en-CA","@id":"https:\/\/autravail.ca\/#\/schema\/logo\/image\/","url":"https:\/\/autravail.ca\/wp-content\/uploads\/2025\/05\/cropped-magasin_industriel_120x.avif","contentUrl":"https:\/\/autravail.ca\/wp-content\/uploads\/2025\/05\/cropped-magasin_industriel_120x.avif","width":120,"height":24,"caption":"Le Magasin Industriel"},"image":{"@id":"https:\/\/autravail.ca\/#\/schema\/logo\/image\/"},"sameAs":["https:\/\/www.facebook.com\/lemagasinindustriel\/?locale=fr_FR"]}]}},"jetpack_sharing_enabled":true,"_links":{"self":[{"href":"https:\/\/autravail.ca\/en\/wp-json\/wp\/v2\/product\/32205","targetHints":{"allow":["GET"]}}],"collection":[{"href":"https:\/\/autravail.ca\/en\/wp-json\/wp\/v2\/product"}],"about":[{"href":"https:\/\/autravail.ca\/en\/wp-json\/wp\/v2\/types\/product"}],"replies":[{"embeddable":true,"href":"https:\/\/autravail.ca\/en\/wp-json\/wp\/v2\/comments?post=32205"}],"wp:featuredmedia":[{"embeddable":true,"href":"https:\/\/autravail.ca\/en\/wp-json\/wp\/v2\/media\/16867"}],"wp:attachment":[{"href":"https:\/\/autravail.ca\/en\/wp-json\/wp\/v2\/media?parent=32205"}],"wp:term":[{"taxonomy":"product_cat","embeddable":true,"href":"https:\/\/autravail.ca\/en\/wp-json\/wp\/v2\/product_cat?post=32205"},{"taxonomy":"product_tag","embeddable":true,"href":"https:\/\/autravail.ca\/en\/wp-json\/wp\/v2\/product_tag?post=32205"}],"curies":[{"name":"wp","href":"https:\/\/api.w.org\/{rel}","templated":true}]}}