{"id":32087,"date":"2025-05-08T06:59:48","date_gmt":"2025-05-08T06:59:48","guid":{"rendered":"https:\/\/meteoquebec.ca\/?post_type=product&#038;p=32087"},"modified":"2026-03-11T15:13:16","modified_gmt":"2026-03-11T19:13:16","slug":"keen-soulier-de-travail-rosland-1013157d","status":"publish","type":"product","link":"https:\/\/autravail.ca\/en\/product\/keen-soulier-de-travail-rosland-1013157d\/","title":{"rendered":"Keen Soulier de travail &#8211; Rosland 1013157D"},"content":{"rendered":"<h3><a href=\"\/en\/product-brand\/keen\/\">Keen<\/a> Soulier de travail &#8211; Rosland 1013157D<\/h3>\n<p>Le Keen soulier de travail Rosland 1013157D est con\u00e7u avec un look professionnel, ces chaussures de travail \u00e0 embout en composite sans m\u00e9tal vous emm\u00e8nent facilement du chantier \u00e0 la rue.<\/p>\n<p><img decoding=\"async\" class=\"alignnone size-full wp-image-40117\" src=\"https:\/\/autravail.ca\/wp-content\/uploads\/2025\/09\/Certification-Omega-Triangle-vert.jpg\" alt=\"Certifications Om\u00e9ga Triangle vert\" width=\"193\" height=\"110\" srcset=\"https:\/\/autravail.ca\/wp-content\/uploads\/2025\/09\/Certification-Omega-Triangle-vert.jpg 193w, https:\/\/autravail.ca\/wp-content\/uploads\/2025\/09\/Certification-Omega-Triangle-vert-150x85.jpg 150w, https:\/\/autravail.ca\/wp-content\/uploads\/2025\/09\/Certification-Omega-Triangle-vert-18x10.jpg 18w\" sizes=\"(max-width: 193px) 100vw, 193px\" \/><\/p>\n<ul>\n<li>Sitting planter metatarsal movable in EVA double density.<\/li>\n<li>Conform to or exceed the anti-skid test standards ASTM (American Society for Testing and Materials) F1677-96 Mark II.<\/li>\n<li>Composite asymmetrical orthotics (left foot - right foot)<\/li>\n<li>Respect the CSA Z195-09 Grade 1 Protection Norms.<\/li>\n<li>Respects or exceeds the norms EH ASTM F2412-11 and F2413-11 I\/75 C\/75.<\/li>\n<li>Rubber sole that resists oily or slippery materials<\/li>\n<li>Interlocking midsole made of EVA molded by compression<\/li>\n<li>Hydroresistant tubing in nubuck leather<\/li>\n<\/ul>\n<h4 class=\"product-details__list-wrapper\"><span class=\"product-details__list-title\"><span dir=\"auto\">CHARACTERISTICS<\/span><\/span><\/h4>\n<div class=\"product-details__list-wrapper\">\n<p>&nbsp;<\/p>\n<ul class=\"product-details__list\">\n<li><span dir=\"auto\">Les embouts composites asym\u00e9triques gauche et droit, non m\u00e9talliques, sont 10 % plus l\u00e9gers que l&rsquo;acier<\/span><\/li>\n<li class=\"product-details__list-item\"><span dir=\"auto\">Semelle interm\u00e9diaire en textile tiss\u00e9 flexible, non m\u00e9tallique et r\u00e9sistante aux perforations, certifi\u00e9e ASTM\/CSA, pour une protection optimale de la plante du pied<\/span><\/li>\n<li class=\"product-details__list-item\"><span dir=\"auto\">Tige en TPU pour le soutien du milieu du pied<\/span><\/li>\n<li class=\"product-details__list-item\"><span dir=\"auto\">Les chaussures r\u00e9sistantes aux risques \u00e9lectriques (EH) ou aux chocs \u00e9lectriques (ESR) constituent une source secondaire de protection en cas de contact accidentel avec des circuits \u00e9lectriques sous tension.<\/span><\/li>\n<li class=\"product-details__list-item\"><span dir=\"auto\">Cuir premium respectueux de l&rsquo;environnement issu d&rsquo;une tannerie certifi\u00e9e LWG<\/span><\/li>\n<li class=\"product-details__list-item\"><span dir=\"auto\">Hydrofuge durable et sans PFC<\/span><\/li>\n<\/ul>\n<\/div>\n<h4 class=\"product-details__list-wrapper\"><span class=\"product-details__list-title\"><span dir=\"auto\">MAT\u00c9RIELS<\/span><\/span><\/h4>\n<div class=\"product-details__list-wrapper\">\n<p>&nbsp;<\/p>\n<ul class=\"product-details__list\">\n<li class=\"product-details__list-item\"><span dir=\"auto\">Semelle int\u00e9rieure m\u00e9tatomique amovible en EVA double densit\u00e9<\/span><\/li>\n<li class=\"product-details__list-item\"><span dir=\"auto\">Semelle interm\u00e9diaire en EVA moul\u00e9e par compression pour plus de confort<\/span><\/li>\n<li class=\"product-details__list-item\"><span dir=\"auto\">Semelle ext\u00e9rieure en caoutchouc non marquante, r\u00e9sistante \u00e0 l&rsquo;huile et antid\u00e9rapante<\/span><\/li>\n<\/ul>\n<\/div>\n<h4 class=\"product-details__list-wrapper\"><span class=\"product-details__list-title\"><span dir=\"auto\">SOINS<\/span><\/span><\/h4>\n<div class=\"product-details__list-wrapper\">\n<p>&nbsp;<\/p>\n<ul class=\"product-details__list\">\n<li class=\"product-details__list-item\"><span dir=\"auto\">Brossez d\u00e9licatement le cuir avec une brosse \u00e0 poils doux ou un essuie-mains pour \u00e9liminer la salet\u00e9 et les d\u00e9bris. Les taches tenaces peuvent n\u00e9cessiter un nettoyant pour cuir.<\/span><\/li>\n<\/ul>\n<\/div>\n<h4 class=\"product-details__list-wrapper\"><span class=\"product-details__list-title\"><span dir=\"auto\">CARACT\u00c9RISTIQUES DE S\u00c9CURIT\u00c9<\/span><\/span><\/h4>\n<div class=\"product-details__list-wrapper\">\n<p>&nbsp;<\/p>\n<ul class=\"product-details__list\">\n<li class=\"product-details__list-item\"><span dir=\"auto\">Conforme aux normes ASTM F3445-21 et F2413-18 MI\/75 C\/75 EH<\/span><\/li>\n<li class=\"product-details__list-item\"><span dir=\"auto\">Conforme aux normes de test antid\u00e9rapantes ASTM F1677-96 Mark II<\/span><\/li>\n<\/ul>\n<p><img decoding=\"async\" class=\"alignnone wp-image-40620\" src=\"https:\/\/autravail.ca\/wp-content\/uploads\/2025\/09\/Jachete-quebec-et-canada.jpg\" alt=\"Logo de l'achat local\" width=\"162\" height=\"139\" \/>Merci d&rsquo;encourager une entreprise 100% d&rsquo;ici!<\/p>\n<p>TS2603H<\/p>\n<\/div>","protected":false},"excerpt":{"rendered":"<p>Keen Soulier de travail &#8211; Rosland 1013157D Le Keen soulier de travail Rosland 1013157D est con\u00e7u avec un look professionnel, ces chaussures de travail \u00e0 embout en composite sans m\u00e9tal vous emm\u00e8nent facilement du chantier \u00e0 la rue. Assise plantaire m\u00e9tatomique amovible en EVA double densit\u00e9. Conforme ou sup\u00e9rieure aux normes de test anti-d\u00e9rapant ASTM [&hellip;]<\/p>","protected":false},"featured_media":16721,"comment_status":"open","ping_status":"closed","template":"","meta":[],"product_cat":[602,619],"product_tag":[252,242,253,257],"class_list":{"0":"post-32087","1":"product","2":"type-product","3":"status-publish","4":"has-post-thumbnail","6":"product_brand-keen","7":"product_cat-hommes","8":"product_cat-souliers-de-travail","9":"product_tag-electric-shock-resistant","10":"product_tag-homme","11":"product_tag-sole-protection","12":"product_tag-souliers-de-travail","14":"first","15":"instock","16":"taxable","17":"shipping-taxable","18":"purchasable","19":"product-type-variable"},"yoast_head":"<!-- This site is optimized with the Yoast SEO plugin v25.3.1 - https:\/\/yoast.com\/wordpress\/plugins\/seo\/ -->\n<title>Keen Soulier de travail - Rosland 1013157D - Le Magasin Industriel<\/title>\n<meta name=\"description\" content=\"Keen Soulier de travail - Rosland 1013157D con\u00e7u avec un look professionnel ces chaussures a embout en composite vous am\u00e8ne sur le chantier\" \/>\n<meta name=\"robots\" content=\"index, follow, max-snippet:-1, max-image-preview:large, max-video-preview:-1\" \/>\n<link rel=\"canonical\" href=\"https:\/\/autravail.ca\/en\/product\/keen-soulier-de-travail-rosland-1013157d\/\" \/>\n<meta property=\"og:locale\" content=\"en_US\" \/>\n<meta property=\"og:type\" content=\"article\" \/>\n<meta property=\"og:title\" content=\"Keen Soulier de travail - Rosland 1013157D - Le Magasin Industriel\" \/>\n<meta property=\"og:description\" content=\"Keen Soulier de travail - Rosland 1013157D con\u00e7u avec un look professionnel ces chaussures a embout en composite vous am\u00e8ne sur le chantier\" \/>\n<meta property=\"og:url\" content=\"https:\/\/autravail.ca\/en\/product\/keen-soulier-de-travail-rosland-1013157d\/\" \/>\n<meta property=\"og:site_name\" content=\"Le Magasin Industriel\" \/>\n<meta property=\"article:publisher\" content=\"https:\/\/www.facebook.com\/lemagasinindustriel\/?locale=fr_FR\" \/>\n<meta property=\"article:modified_time\" content=\"2026-03-11T19:13:16+00:00\" \/>\n<meta property=\"og:image\" content=\"https:\/\/autravail.ca\/wp-content\/uploads\/2025\/05\/1013157_A01_5773ee14-04ca-4695-a3bd-ce7a2aaf89ae.jpg\" \/>\n\t<meta property=\"og:image:width\" content=\"1000\" \/>\n\t<meta property=\"og:image:height\" content=\"1000\" \/>\n\t<meta property=\"og:image:type\" content=\"image\/jpeg\" \/>\n<meta name=\"twitter:card\" content=\"summary_large_image\" \/>\n<meta name=\"twitter:label1\" content=\"Est. reading time\" \/>\n\t<meta name=\"twitter:data1\" content=\"2 minutes\" \/>\n<script type=\"application\/ld+json\" class=\"yoast-schema-graph\">{\"@context\":\"https:\/\/schema.org\",\"@graph\":[{\"@type\":\"WebPage\",\"@id\":\"https:\/\/autravail.ca\/product\/keen-soulier-de-travail-rosland-1013157d\/\",\"url\":\"https:\/\/autravail.ca\/product\/keen-soulier-de-travail-rosland-1013157d\/\",\"name\":\"Keen Soulier de travail - Rosland 1013157D - Le Magasin Industriel\",\"isPartOf\":{\"@id\":\"https:\/\/autravail.ca\/#website\"},\"primaryImageOfPage\":{\"@id\":\"https:\/\/autravail.ca\/product\/keen-soulier-de-travail-rosland-1013157d\/#primaryimage\"},\"image\":{\"@id\":\"https:\/\/autravail.ca\/product\/keen-soulier-de-travail-rosland-1013157d\/#primaryimage\"},\"thumbnailUrl\":\"https:\/\/autravail.ca\/wp-content\/uploads\/2025\/05\/1013157_A01_5773ee14-04ca-4695-a3bd-ce7a2aaf89ae.jpg\",\"datePublished\":\"2025-05-08T06:59:48+00:00\",\"dateModified\":\"2026-03-11T19:13:16+00:00\",\"description\":\"Keen Soulier de travail - Rosland 1013157D con\u00e7u avec un look professionnel ces chaussures a embout en composite vous am\u00e8ne sur le chantier\",\"breadcrumb\":{\"@id\":\"https:\/\/autravail.ca\/product\/keen-soulier-de-travail-rosland-1013157d\/#breadcrumb\"},\"inLanguage\":\"en-CA\",\"potentialAction\":[{\"@type\":\"ReadAction\",\"target\":[\"https:\/\/autravail.ca\/product\/keen-soulier-de-travail-rosland-1013157d\/\"]}]},{\"@type\":\"ImageObject\",\"inLanguage\":\"en-CA\",\"@id\":\"https:\/\/autravail.ca\/product\/keen-soulier-de-travail-rosland-1013157d\/#primaryimage\",\"url\":\"https:\/\/autravail.ca\/wp-content\/uploads\/2025\/05\/1013157_A01_5773ee14-04ca-4695-a3bd-ce7a2aaf89ae.jpg\",\"contentUrl\":\"https:\/\/autravail.ca\/wp-content\/uploads\/2025\/05\/1013157_A01_5773ee14-04ca-4695-a3bd-ce7a2aaf89ae.jpg\",\"width\":1000,\"height\":1000},{\"@type\":\"BreadcrumbList\",\"@id\":\"https:\/\/autravail.ca\/product\/keen-soulier-de-travail-rosland-1013157d\/#breadcrumb\",\"itemListElement\":[{\"@type\":\"ListItem\",\"position\":1,\"name\":\"Accueil\",\"item\":\"https:\/\/autravail.ca\/\"},{\"@type\":\"ListItem\",\"position\":2,\"name\":\"Magasin\",\"item\":\"https:\/\/autravail.ca\/en\/shop\/\"},{\"@type\":\"ListItem\",\"position\":3,\"name\":\"Keen Soulier de travail &#8211; Rosland 1013157D\"}]},{\"@type\":\"WebSite\",\"@id\":\"https:\/\/autravail.ca\/#website\",\"url\":\"https:\/\/autravail.ca\/\",\"name\":\"Le Magasin Industriel\",\"description\":\"50 ans de tradition de s\u00e9curit\u00e9 au travail\",\"publisher\":{\"@id\":\"https:\/\/autravail.ca\/#organization\"},\"potentialAction\":[{\"@type\":\"SearchAction\",\"target\":{\"@type\":\"EntryPoint\",\"urlTemplate\":\"https:\/\/autravail.ca\/?s={search_term_string}\"},\"query-input\":{\"@type\":\"PropertyValueSpecification\",\"valueRequired\":true,\"valueName\":\"search_term_string\"}}],\"inLanguage\":\"en-CA\"},{\"@type\":\"Organization\",\"@id\":\"https:\/\/autravail.ca\/#organization\",\"name\":\"Le Magasin Industriel\",\"url\":\"https:\/\/autravail.ca\/\",\"logo\":{\"@type\":\"ImageObject\",\"inLanguage\":\"en-CA\",\"@id\":\"https:\/\/autravail.ca\/#\/schema\/logo\/image\/\",\"url\":\"https:\/\/autravail.ca\/wp-content\/uploads\/2025\/05\/cropped-magasin_industriel_120x.avif\",\"contentUrl\":\"https:\/\/autravail.ca\/wp-content\/uploads\/2025\/05\/cropped-magasin_industriel_120x.avif\",\"width\":120,\"height\":24,\"caption\":\"Le Magasin Industriel\"},\"image\":{\"@id\":\"https:\/\/autravail.ca\/#\/schema\/logo\/image\/\"},\"sameAs\":[\"https:\/\/www.facebook.com\/lemagasinindustriel\/?locale=fr_FR\"]}]}<\/script>\n<!-- \/ Yoast SEO plugin. -->","yoast_head_json":{"title":"Keen Soulier de travail - Rosland 1013157D - Le Magasin Industriel","description":"Keen Soulier de travail - Rosland 1013157D con\u00e7u avec un look professionnel ces chaussures a embout en composite vous am\u00e8ne sur le chantier","robots":{"index":"index","follow":"follow","max-snippet":"max-snippet:-1","max-image-preview":"max-image-preview:large","max-video-preview":"max-video-preview:-1"},"canonical":"https:\/\/autravail.ca\/en\/product\/keen-soulier-de-travail-rosland-1013157d\/","og_locale":"en_US","og_type":"article","og_title":"Keen Soulier de travail - Rosland 1013157D - Le Magasin Industriel","og_description":"Keen Soulier de travail - Rosland 1013157D con\u00e7u avec un look professionnel ces chaussures a embout en composite vous am\u00e8ne sur le chantier","og_url":"https:\/\/autravail.ca\/en\/product\/keen-soulier-de-travail-rosland-1013157d\/","og_site_name":"Le Magasin Industriel","article_publisher":"https:\/\/www.facebook.com\/lemagasinindustriel\/?locale=fr_FR","article_modified_time":"2026-03-11T19:13:16+00:00","og_image":[{"width":1000,"height":1000,"url":"https:\/\/autravail.ca\/wp-content\/uploads\/2025\/05\/1013157_A01_5773ee14-04ca-4695-a3bd-ce7a2aaf89ae.jpg","type":"image\/jpeg"}],"twitter_card":"summary_large_image","twitter_misc":{"Est. reading time":"2 minutes"},"schema":{"@context":"https:\/\/schema.org","@graph":[{"@type":"WebPage","@id":"https:\/\/autravail.ca\/product\/keen-soulier-de-travail-rosland-1013157d\/","url":"https:\/\/autravail.ca\/product\/keen-soulier-de-travail-rosland-1013157d\/","name":"Keen Soulier de travail - Rosland 1013157D - Le Magasin Industriel","isPartOf":{"@id":"https:\/\/autravail.ca\/#website"},"primaryImageOfPage":{"@id":"https:\/\/autravail.ca\/product\/keen-soulier-de-travail-rosland-1013157d\/#primaryimage"},"image":{"@id":"https:\/\/autravail.ca\/product\/keen-soulier-de-travail-rosland-1013157d\/#primaryimage"},"thumbnailUrl":"https:\/\/autravail.ca\/wp-content\/uploads\/2025\/05\/1013157_A01_5773ee14-04ca-4695-a3bd-ce7a2aaf89ae.jpg","datePublished":"2025-05-08T06:59:48+00:00","dateModified":"2026-03-11T19:13:16+00:00","description":"Keen Soulier de travail - Rosland 1013157D con\u00e7u avec un look professionnel ces chaussures a embout en composite vous am\u00e8ne sur le chantier","breadcrumb":{"@id":"https:\/\/autravail.ca\/product\/keen-soulier-de-travail-rosland-1013157d\/#breadcrumb"},"inLanguage":"en-CA","potentialAction":[{"@type":"ReadAction","target":["https:\/\/autravail.ca\/product\/keen-soulier-de-travail-rosland-1013157d\/"]}]},{"@type":"ImageObject","inLanguage":"en-CA","@id":"https:\/\/autravail.ca\/product\/keen-soulier-de-travail-rosland-1013157d\/#primaryimage","url":"https:\/\/autravail.ca\/wp-content\/uploads\/2025\/05\/1013157_A01_5773ee14-04ca-4695-a3bd-ce7a2aaf89ae.jpg","contentUrl":"https:\/\/autravail.ca\/wp-content\/uploads\/2025\/05\/1013157_A01_5773ee14-04ca-4695-a3bd-ce7a2aaf89ae.jpg","width":1000,"height":1000},{"@type":"BreadcrumbList","@id":"https:\/\/autravail.ca\/product\/keen-soulier-de-travail-rosland-1013157d\/#breadcrumb","itemListElement":[{"@type":"ListItem","position":1,"name":"Accueil","item":"https:\/\/autravail.ca\/"},{"@type":"ListItem","position":2,"name":"Magasin","item":"https:\/\/autravail.ca\/en\/shop\/"},{"@type":"ListItem","position":3,"name":"Keen Soulier de travail &#8211; Rosland 1013157D"}]},{"@type":"WebSite","@id":"https:\/\/autravail.ca\/#website","url":"https:\/\/autravail.ca\/","name":"Le Magasin Industriel","description":"50 ans de tradition de s\u00e9curit\u00e9 au travail","publisher":{"@id":"https:\/\/autravail.ca\/#organization"},"potentialAction":[{"@type":"SearchAction","target":{"@type":"EntryPoint","urlTemplate":"https:\/\/autravail.ca\/?s={search_term_string}"},"query-input":{"@type":"PropertyValueSpecification","valueRequired":true,"valueName":"search_term_string"}}],"inLanguage":"en-CA"},{"@type":"Organization","@id":"https:\/\/autravail.ca\/#organization","name":"Le Magasin Industriel","url":"https:\/\/autravail.ca\/","logo":{"@type":"ImageObject","inLanguage":"en-CA","@id":"https:\/\/autravail.ca\/#\/schema\/logo\/image\/","url":"https:\/\/autravail.ca\/wp-content\/uploads\/2025\/05\/cropped-magasin_industriel_120x.avif","contentUrl":"https:\/\/autravail.ca\/wp-content\/uploads\/2025\/05\/cropped-magasin_industriel_120x.avif","width":120,"height":24,"caption":"Le Magasin Industriel"},"image":{"@id":"https:\/\/autravail.ca\/#\/schema\/logo\/image\/"},"sameAs":["https:\/\/www.facebook.com\/lemagasinindustriel\/?locale=fr_FR"]}]}},"jetpack_sharing_enabled":true,"_links":{"self":[{"href":"https:\/\/autravail.ca\/en\/wp-json\/wp\/v2\/product\/32087","targetHints":{"allow":["GET"]}}],"collection":[{"href":"https:\/\/autravail.ca\/en\/wp-json\/wp\/v2\/product"}],"about":[{"href":"https:\/\/autravail.ca\/en\/wp-json\/wp\/v2\/types\/product"}],"replies":[{"embeddable":true,"href":"https:\/\/autravail.ca\/en\/wp-json\/wp\/v2\/comments?post=32087"}],"wp:featuredmedia":[{"embeddable":true,"href":"https:\/\/autravail.ca\/en\/wp-json\/wp\/v2\/media\/16721"}],"wp:attachment":[{"href":"https:\/\/autravail.ca\/en\/wp-json\/wp\/v2\/media?parent=32087"}],"wp:term":[{"taxonomy":"product_cat","embeddable":true,"href":"https:\/\/autravail.ca\/en\/wp-json\/wp\/v2\/product_cat?post=32087"},{"taxonomy":"product_tag","embeddable":true,"href":"https:\/\/autravail.ca\/en\/wp-json\/wp\/v2\/product_tag?post=32087"}],"curies":[{"name":"wp","href":"https:\/\/api.w.org\/{rel}","templated":true}]}}