{"id":32057,"date":"2025-05-08T06:59:26","date_gmt":"2025-05-08T06:59:26","guid":{"rendered":"https:\/\/meteoquebec.ca\/?post_type=product&#038;p=32057"},"modified":"2026-02-17T14:17:20","modified_gmt":"2026-02-17T18:17:20","slug":"botte-de-travail-royer-8510flx","status":"publish","type":"product","link":"https:\/\/autravail.ca\/en\/product\/botte-de-travail-royer-8510flx\/","title":{"rendered":"Botte de travail Royer &#8211; 8510FLX"},"content":{"rendered":"<h3>Botte de travail Royer &#8211; 8510FLX<\/h3>\n<p>Work boots <a href=\"https:\/\/autravail.ca\/en\/product-brand\/royer\/\">Royer<\/a> &#8211; 8510FLX est une botte de travail de 8 pouces r\u00e9put\u00e9e pour sa\u00a0<strong class=\"Yjhzub\" data-complete=\"true\">durabilit\u00e9 exceptionnelle et sa flexibilit\u00e9<\/strong>, int\u00e9grant \u00e0 la fois un\u00a0<strong class=\"Yjhzub\" data-complete=\"true\">embout de protection en acier<\/strong>\u00a0et un\u00a0<strong class=\"Yjhzub\" data-complete=\"true\">textile fortifi\u00e9 SHIELDTEXMC<\/strong>\u00a0r\u00e9sistant \u00e0 l&rsquo;abrasion.<\/p>\n<p><img decoding=\"async\" class=\"alignnone size-full wp-image-40117\" src=\"https:\/\/autravail.ca\/wp-content\/uploads\/2025\/09\/Certification-Omega-Triangle-vert.jpg\" alt=\"Certifications Om\u00e9ga Triangle vert\" width=\"193\" height=\"110\" srcset=\"https:\/\/autravail.ca\/wp-content\/uploads\/2025\/09\/Certification-Omega-Triangle-vert.jpg 193w, https:\/\/autravail.ca\/wp-content\/uploads\/2025\/09\/Certification-Omega-Triangle-vert-150x85.jpg 150w, https:\/\/autravail.ca\/wp-content\/uploads\/2025\/09\/Certification-Omega-Triangle-vert-18x10.jpg 18w\" sizes=\"(max-width: 193px) 100vw, 193px\" \/><\/p>\n<div class=\"product-information-feature-header\">\n<h6 class=\"mb-4\">Caract\u00e9ristiques<\/h6>\n<\/div>\n<ul class=\"temp-feature-list royer-temp-feature-list\">\n<li>Textile fortifi\u00e9 SHIELDTEX r\u00e9sistant \u00e0 l&rsquo;abrasion<\/li>\n<li>Exterior Patch PARESHOK in ultra-durable TPU<\/li>\n<li>Non-metallic antipercoration<\/li>\n<li>Semelle d&rsquo;usure FLX en caoutchouc<\/li>\n<li>PU interlayer sole made by direct injection<\/li>\n<li>Steel Protection Bracket<\/li>\n<li>Doublure de TAIBRELLE avec traitement SILVERCLEAR<\/li>\n<li>Low density PU cleaning sole for more comfort<\/li>\n<li>Protection against electric shocks<\/li>\n<li>Botte 8 pouces<\/li>\n<li>Cuir de type \u00ab Nubuck \u00bb<\/li>\n<\/ul>\n<h6 class=\"otQkpb\" role=\"heading\" aria-level=\"3\" data-complete=\"true\" data-processed=\"true\">Avis et R\u00e9putation<\/h6>\n<div class=\"Y3BBE\" data-sfc-cp=\"\" data-hveid=\"CAEIBxAA\" data-complete=\"true\" data-processed=\"true\" aria-owns=\"action-menu-parent-container\">Les utilisateurs et les experts d\u00e9crivent souvent ce mod\u00e8le comme une botte de qualit\u00e9, confortable et durable. Royer jouit d&rsquo;une r\u00e9putation de longue date pour la fabrication de bottes de travail fiables, et ce mod\u00e8le, faisant partie de la collection \u00ab\u00a0La Botte des Bottes\u2122\u00a0\u00bb (Mother Of All Boots\u2122), est reconnu pour son excellent rapport qualit\u00e9-prix et sa robustesse, certains utilisateurs notant qu&rsquo;elles peuvent durer plusieurs saisons m\u00eame dans des conditions difficiles comme le b\u00e9ton.<\/div>\n<ul>\n<li style=\"list-style-type: none;\"><\/li>\n<\/ul>\n<p><em><span style=\"color: #fa0b0b;\">Unisex U.S. men's sizes presented. To convert to U.S. women's size, add 2 sizes. Example: 5 U.S. men = 7 U.S. women<\/span><\/em><\/p>\n<p><img decoding=\"async\" class=\"alignnone wp-image-40620\" src=\"https:\/\/autravail.ca\/wp-content\/uploads\/2025\/09\/Jachete-quebec-et-canada.jpg\" alt=\"Logo de l'achat local\" width=\"162\" height=\"139\" \/>Merci d&rsquo;encourager une entreprise 100% d&rsquo;ici!<\/p>\n<p>TS2602H<\/p>","protected":false},"excerpt":{"rendered":"<p>Botte de travail Royer &#8211; 8510FLX Botte de travail Royer &#8211; 8510FLX est une botte de travail de 8 pouces r\u00e9put\u00e9e pour sa\u00a0durabilit\u00e9 exceptionnelle et sa flexibilit\u00e9, int\u00e9grant \u00e0 la fois un\u00a0embout de protection en acier\u00a0et un\u00a0textile fortifi\u00e9 SHIELDTEXMC\u00a0r\u00e9sistant \u00e0 l&rsquo;abrasion. Caract\u00e9ristiques Textile fortifi\u00e9 SHIELDTEX r\u00e9sistant \u00e0 l&rsquo;abrasion Embout ext\u00e9rieur PARESHOK en TPU ultra-r\u00e9sistant Semelle [&hellip;]<\/p>","protected":false},"featured_media":16681,"comment_status":"open","ping_status":"closed","template":"","meta":[],"product_cat":[613,602],"product_tag":[251,252,242,253],"class_list":{"0":"post-32057","1":"product","2":"type-product","3":"status-publish","4":"has-post-thumbnail","6":"product_brand-royer","7":"product_cat-bottes-de-travail","8":"product_cat-hommes","9":"product_tag-bottes-de-travail","10":"product_tag-electric-shock-resistant","11":"product_tag-homme","12":"product_tag-sole-protection","14":"first","15":"instock","16":"taxable","17":"shipping-taxable","18":"purchasable","19":"product-type-variable"},"yoast_head":"<!-- This site is optimized with the Yoast SEO plugin v25.3.1 - https:\/\/yoast.com\/wordpress\/plugins\/seo\/ -->\n<title>Botte de travail Royer - 8510FLX - Le Magasin Industriel<\/title>\n<meta name=\"description\" content=\"Botte de travail Royer - 8510FLX, 8 pouces approuv\u00e9 CSA, r\u00e9sistant au glissement et \u00e0 l&#039;huile, embout d&#039;acier, Bottes de travail pour homme\" \/>\n<meta name=\"robots\" content=\"index, follow, max-snippet:-1, max-image-preview:large, max-video-preview:-1\" \/>\n<link rel=\"canonical\" href=\"https:\/\/autravail.ca\/en\/product\/botte-de-travail-royer-8510flx\/\" \/>\n<meta property=\"og:locale\" content=\"en_US\" \/>\n<meta property=\"og:type\" content=\"article\" \/>\n<meta property=\"og:title\" content=\"Botte de travail Royer - 8510FLX - Le Magasin Industriel\" \/>\n<meta property=\"og:description\" content=\"Botte de travail Royer - 8510FLX, 8 pouces approuv\u00e9 CSA, r\u00e9sistant au glissement et \u00e0 l&#039;huile, embout d&#039;acier, Bottes de travail pour homme\" \/>\n<meta property=\"og:url\" content=\"https:\/\/autravail.ca\/en\/product\/botte-de-travail-royer-8510flx\/\" \/>\n<meta property=\"og:site_name\" content=\"Le Magasin Industriel\" \/>\n<meta property=\"article:publisher\" content=\"https:\/\/www.facebook.com\/lemagasinindustriel\/?locale=fr_FR\" \/>\n<meta property=\"article:modified_time\" content=\"2026-02-17T18:17:20+00:00\" \/>\n<meta property=\"og:image\" content=\"https:\/\/autravail.ca\/wp-content\/uploads\/2025\/05\/8510FLX_A01.jpg\" \/>\n\t<meta property=\"og:image:width\" content=\"1000\" \/>\n\t<meta property=\"og:image:height\" content=\"1000\" \/>\n\t<meta property=\"og:image:type\" content=\"image\/jpeg\" \/>\n<meta name=\"twitter:card\" content=\"summary_large_image\" \/>\n<meta name=\"twitter:label1\" content=\"Est. reading time\" \/>\n\t<meta name=\"twitter:data1\" content=\"2 minutes\" \/>\n<script type=\"application\/ld+json\" class=\"yoast-schema-graph\">{\"@context\":\"https:\/\/schema.org\",\"@graph\":[{\"@type\":\"WebPage\",\"@id\":\"https:\/\/autravail.ca\/product\/botte-de-travail-royer-8510flx\/\",\"url\":\"https:\/\/autravail.ca\/product\/botte-de-travail-royer-8510flx\/\",\"name\":\"Botte de travail Royer - 8510FLX - Le Magasin Industriel\",\"isPartOf\":{\"@id\":\"https:\/\/autravail.ca\/#website\"},\"primaryImageOfPage\":{\"@id\":\"https:\/\/autravail.ca\/product\/botte-de-travail-royer-8510flx\/#primaryimage\"},\"image\":{\"@id\":\"https:\/\/autravail.ca\/product\/botte-de-travail-royer-8510flx\/#primaryimage\"},\"thumbnailUrl\":\"https:\/\/autravail.ca\/wp-content\/uploads\/2025\/05\/8510FLX_A01.jpg\",\"datePublished\":\"2025-05-08T06:59:26+00:00\",\"dateModified\":\"2026-02-17T18:17:20+00:00\",\"description\":\"Botte de travail Royer - 8510FLX, 8 pouces approuv\u00e9 CSA, r\u00e9sistant au glissement et \u00e0 l'huile, embout d'acier, Bottes de travail pour homme\",\"breadcrumb\":{\"@id\":\"https:\/\/autravail.ca\/product\/botte-de-travail-royer-8510flx\/#breadcrumb\"},\"inLanguage\":\"en-CA\",\"potentialAction\":[{\"@type\":\"ReadAction\",\"target\":[\"https:\/\/autravail.ca\/product\/botte-de-travail-royer-8510flx\/\"]}]},{\"@type\":\"ImageObject\",\"inLanguage\":\"en-CA\",\"@id\":\"https:\/\/autravail.ca\/product\/botte-de-travail-royer-8510flx\/#primaryimage\",\"url\":\"https:\/\/autravail.ca\/wp-content\/uploads\/2025\/05\/8510FLX_A01.jpg\",\"contentUrl\":\"https:\/\/autravail.ca\/wp-content\/uploads\/2025\/05\/8510FLX_A01.jpg\",\"width\":1000,\"height\":1000,\"caption\":\"Botte de travail Royer - 8510FLX\"},{\"@type\":\"BreadcrumbList\",\"@id\":\"https:\/\/autravail.ca\/product\/botte-de-travail-royer-8510flx\/#breadcrumb\",\"itemListElement\":[{\"@type\":\"ListItem\",\"position\":1,\"name\":\"Accueil\",\"item\":\"https:\/\/autravail.ca\/\"},{\"@type\":\"ListItem\",\"position\":2,\"name\":\"Magasin\",\"item\":\"https:\/\/autravail.ca\/en\/shop\/\"},{\"@type\":\"ListItem\",\"position\":3,\"name\":\"Botte de travail Royer &#8211; 8510FLX\"}]},{\"@type\":\"WebSite\",\"@id\":\"https:\/\/autravail.ca\/#website\",\"url\":\"https:\/\/autravail.ca\/\",\"name\":\"Le Magasin Industriel\",\"description\":\"50 ans de tradition de s\u00e9curit\u00e9 au travail\",\"publisher\":{\"@id\":\"https:\/\/autravail.ca\/#organization\"},\"potentialAction\":[{\"@type\":\"SearchAction\",\"target\":{\"@type\":\"EntryPoint\",\"urlTemplate\":\"https:\/\/autravail.ca\/?s={search_term_string}\"},\"query-input\":{\"@type\":\"PropertyValueSpecification\",\"valueRequired\":true,\"valueName\":\"search_term_string\"}}],\"inLanguage\":\"en-CA\"},{\"@type\":\"Organization\",\"@id\":\"https:\/\/autravail.ca\/#organization\",\"name\":\"Le Magasin Industriel\",\"url\":\"https:\/\/autravail.ca\/\",\"logo\":{\"@type\":\"ImageObject\",\"inLanguage\":\"en-CA\",\"@id\":\"https:\/\/autravail.ca\/#\/schema\/logo\/image\/\",\"url\":\"https:\/\/autravail.ca\/wp-content\/uploads\/2025\/05\/cropped-magasin_industriel_120x.avif\",\"contentUrl\":\"https:\/\/autravail.ca\/wp-content\/uploads\/2025\/05\/cropped-magasin_industriel_120x.avif\",\"width\":120,\"height\":24,\"caption\":\"Le Magasin Industriel\"},\"image\":{\"@id\":\"https:\/\/autravail.ca\/#\/schema\/logo\/image\/\"},\"sameAs\":[\"https:\/\/www.facebook.com\/lemagasinindustriel\/?locale=fr_FR\"]}]}<\/script>\n<!-- \/ Yoast SEO plugin. -->","yoast_head_json":{"title":"Botte de travail Royer - 8510FLX - Le Magasin Industriel","description":"Botte de travail Royer - 8510FLX, 8 pouces approuv\u00e9 CSA, r\u00e9sistant au glissement et \u00e0 l'huile, embout d'acier, Bottes de travail pour homme","robots":{"index":"index","follow":"follow","max-snippet":"max-snippet:-1","max-image-preview":"max-image-preview:large","max-video-preview":"max-video-preview:-1"},"canonical":"https:\/\/autravail.ca\/en\/product\/botte-de-travail-royer-8510flx\/","og_locale":"en_US","og_type":"article","og_title":"Botte de travail Royer - 8510FLX - Le Magasin Industriel","og_description":"Botte de travail Royer - 8510FLX, 8 pouces approuv\u00e9 CSA, r\u00e9sistant au glissement et \u00e0 l'huile, embout d'acier, Bottes de travail pour homme","og_url":"https:\/\/autravail.ca\/en\/product\/botte-de-travail-royer-8510flx\/","og_site_name":"Le Magasin Industriel","article_publisher":"https:\/\/www.facebook.com\/lemagasinindustriel\/?locale=fr_FR","article_modified_time":"2026-02-17T18:17:20+00:00","og_image":[{"width":1000,"height":1000,"url":"https:\/\/autravail.ca\/wp-content\/uploads\/2025\/05\/8510FLX_A01.jpg","type":"image\/jpeg"}],"twitter_card":"summary_large_image","twitter_misc":{"Est. reading time":"2 minutes"},"schema":{"@context":"https:\/\/schema.org","@graph":[{"@type":"WebPage","@id":"https:\/\/autravail.ca\/product\/botte-de-travail-royer-8510flx\/","url":"https:\/\/autravail.ca\/product\/botte-de-travail-royer-8510flx\/","name":"Botte de travail Royer - 8510FLX - Le Magasin Industriel","isPartOf":{"@id":"https:\/\/autravail.ca\/#website"},"primaryImageOfPage":{"@id":"https:\/\/autravail.ca\/product\/botte-de-travail-royer-8510flx\/#primaryimage"},"image":{"@id":"https:\/\/autravail.ca\/product\/botte-de-travail-royer-8510flx\/#primaryimage"},"thumbnailUrl":"https:\/\/autravail.ca\/wp-content\/uploads\/2025\/05\/8510FLX_A01.jpg","datePublished":"2025-05-08T06:59:26+00:00","dateModified":"2026-02-17T18:17:20+00:00","description":"Botte de travail Royer - 8510FLX, 8 pouces approuv\u00e9 CSA, r\u00e9sistant au glissement et \u00e0 l'huile, embout d'acier, Bottes de travail pour homme","breadcrumb":{"@id":"https:\/\/autravail.ca\/product\/botte-de-travail-royer-8510flx\/#breadcrumb"},"inLanguage":"en-CA","potentialAction":[{"@type":"ReadAction","target":["https:\/\/autravail.ca\/product\/botte-de-travail-royer-8510flx\/"]}]},{"@type":"ImageObject","inLanguage":"en-CA","@id":"https:\/\/autravail.ca\/product\/botte-de-travail-royer-8510flx\/#primaryimage","url":"https:\/\/autravail.ca\/wp-content\/uploads\/2025\/05\/8510FLX_A01.jpg","contentUrl":"https:\/\/autravail.ca\/wp-content\/uploads\/2025\/05\/8510FLX_A01.jpg","width":1000,"height":1000,"caption":"Botte de travail Royer - 8510FLX"},{"@type":"BreadcrumbList","@id":"https:\/\/autravail.ca\/product\/botte-de-travail-royer-8510flx\/#breadcrumb","itemListElement":[{"@type":"ListItem","position":1,"name":"Accueil","item":"https:\/\/autravail.ca\/"},{"@type":"ListItem","position":2,"name":"Magasin","item":"https:\/\/autravail.ca\/en\/shop\/"},{"@type":"ListItem","position":3,"name":"Botte de travail Royer &#8211; 8510FLX"}]},{"@type":"WebSite","@id":"https:\/\/autravail.ca\/#website","url":"https:\/\/autravail.ca\/","name":"Le Magasin Industriel","description":"50 ans de tradition de s\u00e9curit\u00e9 au travail","publisher":{"@id":"https:\/\/autravail.ca\/#organization"},"potentialAction":[{"@type":"SearchAction","target":{"@type":"EntryPoint","urlTemplate":"https:\/\/autravail.ca\/?s={search_term_string}"},"query-input":{"@type":"PropertyValueSpecification","valueRequired":true,"valueName":"search_term_string"}}],"inLanguage":"en-CA"},{"@type":"Organization","@id":"https:\/\/autravail.ca\/#organization","name":"Le Magasin Industriel","url":"https:\/\/autravail.ca\/","logo":{"@type":"ImageObject","inLanguage":"en-CA","@id":"https:\/\/autravail.ca\/#\/schema\/logo\/image\/","url":"https:\/\/autravail.ca\/wp-content\/uploads\/2025\/05\/cropped-magasin_industriel_120x.avif","contentUrl":"https:\/\/autravail.ca\/wp-content\/uploads\/2025\/05\/cropped-magasin_industriel_120x.avif","width":120,"height":24,"caption":"Le Magasin Industriel"},"image":{"@id":"https:\/\/autravail.ca\/#\/schema\/logo\/image\/"},"sameAs":["https:\/\/www.facebook.com\/lemagasinindustriel\/?locale=fr_FR"]}]}},"jetpack_sharing_enabled":true,"_links":{"self":[{"href":"https:\/\/autravail.ca\/en\/wp-json\/wp\/v2\/product\/32057","targetHints":{"allow":["GET"]}}],"collection":[{"href":"https:\/\/autravail.ca\/en\/wp-json\/wp\/v2\/product"}],"about":[{"href":"https:\/\/autravail.ca\/en\/wp-json\/wp\/v2\/types\/product"}],"replies":[{"embeddable":true,"href":"https:\/\/autravail.ca\/en\/wp-json\/wp\/v2\/comments?post=32057"}],"wp:featuredmedia":[{"embeddable":true,"href":"https:\/\/autravail.ca\/en\/wp-json\/wp\/v2\/media\/16681"}],"wp:attachment":[{"href":"https:\/\/autravail.ca\/en\/wp-json\/wp\/v2\/media?parent=32057"}],"wp:term":[{"taxonomy":"product_cat","embeddable":true,"href":"https:\/\/autravail.ca\/en\/wp-json\/wp\/v2\/product_cat?post=32057"},{"taxonomy":"product_tag","embeddable":true,"href":"https:\/\/autravail.ca\/en\/wp-json\/wp\/v2\/product_tag?post=32057"}],"curies":[{"name":"wp","href":"https:\/\/api.w.org\/{rel}","templated":true}]}}