{"id":31977,"date":"2025-05-08T06:58:21","date_gmt":"2025-05-08T06:58:21","guid":{"rendered":"https:\/\/meteoquebec.ca\/?post_type=product&#038;p=31977"},"modified":"2025-12-05T05:10:44","modified_gmt":"2025-12-05T09:10:44","slug":"cw91-genouillere-a-pantalons-caterpillar","status":"publish","type":"product","link":"https:\/\/autravail.ca\/en\/product\/cw91-genouillere-a-pantalons-caterpillar\/","title":{"rendered":"CW91 - Caterpillar Knee Guard (for pants)"},"content":{"rendered":"<h3>Knee Protector - Caterpillar<\/h3>\n<ul>\n<ul>\n<li>Ergonomic design<\/li>\n<li>Ideal for CAT pants with insertion, but also for most work pants with insertion<\/li>\n<li>Comfortable, functional, protective<\/li>\n<li>The end of the end for the protection of the knee and for the comfort of the user<\/li>\n<li>Adaptable to all CAT articles<\/li>\n<li>No inconvenience for the user's walk<\/li>\n<li>100% EVA.<\/li>\n<\/ul>\n<\/ul>\n<p><\/p>","protected":false},"excerpt":{"rendered":"<p>Knee Protector  Caterpillar Ergonomic design. Ideal for CAT insert pants, but also compatible with most work pants with inserts. Comfortable, functional, protective. The ultimate in knee protection and user comfort. Adaptable to all CAT products. No interference with user mobility []<\/p>","protected":false},"featured_media":16574,"comment_status":"open","ping_status":"closed","template":"","meta":[],"product_cat":[599,633,602],"product_tag":[],"class_list":{"0":"post-31977","1":"product","2":"type-product","3":"status-publish","4":"has-post-thumbnail","6":"product_brand-caterpillar-wear","7":"product_cat-apparel-accessories","8":"product_cat-femmes","9":"product_cat-hommes","11":"first","12":"instock","13":"taxable","14":"shipping-taxable","15":"purchasable","16":"product-type-variable"},"yoast_head":"<!-- This site is optimized with the Yoast SEO plugin v25.3.1 - https:\/\/yoast.com\/wordpress\/plugins\/seo\/ -->\n<title>CW91 - Genouill\u00e8re \u00e0 pantalons CATERPILLAR - Le Magasin Industriel<\/title>\n<meta name=\"robots\" content=\"index, follow, max-snippet:-1, max-image-preview:large, max-video-preview:-1\" \/>\n<link rel=\"canonical\" href=\"https:\/\/autravail.ca\/en\/product\/cw91-genouillere-a-pantalons-caterpillar\/\" \/>\n<meta property=\"og:locale\" content=\"en_US\" \/>\n<meta property=\"og:type\" content=\"article\" \/>\n<meta property=\"og:title\" content=\"CW91 - Genouill\u00e8re \u00e0 pantalons CATERPILLAR - Le Magasin Industriel\" \/>\n<meta property=\"og:description\" content=\"Protecteur pour genoux &#8211; Caterpillar Design ergonomique Id\u00e9al pour pantalons \u00e0 insertion CAT, mais \u00e9galement pour la plupart des pantalons de travail \u00e0 insertion Confortable, fonctionnel, protecteur La fin du fin pour la protection du genou et pour le confort de l&rsquo;utilisateur Adaptable \u00e0 tous les articles CAT Aucune g\u00eane pour la marche de l&rsquo;utilisateur [&hellip;]\" \/>\n<meta property=\"og:url\" content=\"https:\/\/autravail.ca\/en\/product\/cw91-genouillere-a-pantalons-caterpillar\/\" \/>\n<meta property=\"og:site_name\" content=\"Le Magasin Industriel\" \/>\n<meta property=\"article:publisher\" content=\"https:\/\/www.facebook.com\/lemagasinindustriel\/?locale=fr_FR\" \/>\n<meta property=\"article:modified_time\" content=\"2025-12-05T09:10:44+00:00\" \/>\n<meta property=\"og:image\" content=\"https:\/\/autravail.ca\/wp-content\/uploads\/2025\/05\/CW91_A01.jpg\" \/>\n\t<meta property=\"og:image:width\" content=\"800\" \/>\n\t<meta property=\"og:image:height\" content=\"720\" \/>\n\t<meta property=\"og:image:type\" content=\"image\/jpeg\" \/>\n<meta name=\"twitter:card\" content=\"summary_large_image\" \/>\n<script type=\"application\/ld+json\" class=\"yoast-schema-graph\">{\"@context\":\"https:\/\/schema.org\",\"@graph\":[{\"@type\":\"WebPage\",\"@id\":\"https:\/\/autravail.ca\/en\/product\/cw91-genouillere-a-pantalons-caterpillar\/\",\"url\":\"https:\/\/autravail.ca\/en\/product\/cw91-genouillere-a-pantalons-caterpillar\/\",\"name\":\"CW91 - Genouill\u00e8re \u00e0 pantalons CATERPILLAR - Le Magasin Industriel\",\"isPartOf\":{\"@id\":\"https:\/\/autravail.ca\/#website\"},\"primaryImageOfPage\":{\"@id\":\"https:\/\/autravail.ca\/en\/product\/cw91-genouillere-a-pantalons-caterpillar\/#primaryimage\"},\"image\":{\"@id\":\"https:\/\/autravail.ca\/en\/product\/cw91-genouillere-a-pantalons-caterpillar\/#primaryimage\"},\"thumbnailUrl\":\"https:\/\/autravail.ca\/wp-content\/uploads\/2025\/05\/CW91_A01.jpg\",\"datePublished\":\"2025-05-08T06:58:21+00:00\",\"dateModified\":\"2025-12-05T09:10:44+00:00\",\"breadcrumb\":{\"@id\":\"https:\/\/autravail.ca\/en\/product\/cw91-genouillere-a-pantalons-caterpillar\/#breadcrumb\"},\"inLanguage\":\"en-CA\",\"potentialAction\":[{\"@type\":\"ReadAction\",\"target\":[\"https:\/\/autravail.ca\/en\/product\/cw91-genouillere-a-pantalons-caterpillar\/\"]}]},{\"@type\":\"ImageObject\",\"inLanguage\":\"en-CA\",\"@id\":\"https:\/\/autravail.ca\/en\/product\/cw91-genouillere-a-pantalons-caterpillar\/#primaryimage\",\"url\":\"https:\/\/autravail.ca\/wp-content\/uploads\/2025\/05\/CW91_A01.jpg\",\"contentUrl\":\"https:\/\/autravail.ca\/wp-content\/uploads\/2025\/05\/CW91_A01.jpg\",\"width\":800,\"height\":720},{\"@type\":\"BreadcrumbList\",\"@id\":\"https:\/\/autravail.ca\/en\/product\/cw91-genouillere-a-pantalons-caterpillar\/#breadcrumb\",\"itemListElement\":[{\"@type\":\"ListItem\",\"position\":1,\"name\":\"Accueil\",\"item\":\"https:\/\/autravail.ca\/\"},{\"@type\":\"ListItem\",\"position\":2,\"name\":\"Magasin\",\"item\":\"https:\/\/autravail.ca\/en\/shop\/\"},{\"@type\":\"ListItem\",\"position\":3,\"name\":\"CW91 &#8211; Genouill\u00e8re \u00e0 pantalons CATERPILLAR\"}]},{\"@type\":\"WebSite\",\"@id\":\"https:\/\/autravail.ca\/#website\",\"url\":\"https:\/\/autravail.ca\/\",\"name\":\"Le Magasin Industriel\",\"description\":\"50 ans de tradition de s\u00e9curit\u00e9 au travail\",\"publisher\":{\"@id\":\"https:\/\/autravail.ca\/#organization\"},\"potentialAction\":[{\"@type\":\"SearchAction\",\"target\":{\"@type\":\"EntryPoint\",\"urlTemplate\":\"https:\/\/autravail.ca\/?s={search_term_string}\"},\"query-input\":{\"@type\":\"PropertyValueSpecification\",\"valueRequired\":true,\"valueName\":\"search_term_string\"}}],\"inLanguage\":\"en-CA\"},{\"@type\":\"Organization\",\"@id\":\"https:\/\/autravail.ca\/#organization\",\"name\":\"Le Magasin Industriel\",\"url\":\"https:\/\/autravail.ca\/\",\"logo\":{\"@type\":\"ImageObject\",\"inLanguage\":\"en-CA\",\"@id\":\"https:\/\/autravail.ca\/#\/schema\/logo\/image\/\",\"url\":\"https:\/\/autravail.ca\/wp-content\/uploads\/2025\/05\/cropped-magasin_industriel_120x.avif\",\"contentUrl\":\"https:\/\/autravail.ca\/wp-content\/uploads\/2025\/05\/cropped-magasin_industriel_120x.avif\",\"width\":120,\"height\":24,\"caption\":\"Le Magasin Industriel\"},\"image\":{\"@id\":\"https:\/\/autravail.ca\/#\/schema\/logo\/image\/\"},\"sameAs\":[\"https:\/\/www.facebook.com\/lemagasinindustriel\/?locale=fr_FR\"]}]}<\/script>\n<!-- \/ Yoast SEO plugin. -->","yoast_head_json":{"title":"CW91 - Genouill\u00e8re \u00e0 pantalons CATERPILLAR - Le Magasin Industriel","robots":{"index":"index","follow":"follow","max-snippet":"max-snippet:-1","max-image-preview":"max-image-preview:large","max-video-preview":"max-video-preview:-1"},"canonical":"https:\/\/autravail.ca\/en\/product\/cw91-genouillere-a-pantalons-caterpillar\/","og_locale":"en_US","og_type":"article","og_title":"CW91 - Genouill\u00e8re \u00e0 pantalons CATERPILLAR - Le Magasin Industriel","og_description":"Protecteur pour genoux &#8211; Caterpillar Design ergonomique Id\u00e9al pour pantalons \u00e0 insertion CAT, mais \u00e9galement pour la plupart des pantalons de travail \u00e0 insertion Confortable, fonctionnel, protecteur La fin du fin pour la protection du genou et pour le confort de l&rsquo;utilisateur Adaptable \u00e0 tous les articles CAT Aucune g\u00eane pour la marche de l&rsquo;utilisateur [&hellip;]","og_url":"https:\/\/autravail.ca\/en\/product\/cw91-genouillere-a-pantalons-caterpillar\/","og_site_name":"Le Magasin Industriel","article_publisher":"https:\/\/www.facebook.com\/lemagasinindustriel\/?locale=fr_FR","article_modified_time":"2025-12-05T09:10:44+00:00","og_image":[{"width":800,"height":720,"url":"https:\/\/autravail.ca\/wp-content\/uploads\/2025\/05\/CW91_A01.jpg","type":"image\/jpeg"}],"twitter_card":"summary_large_image","schema":{"@context":"https:\/\/schema.org","@graph":[{"@type":"WebPage","@id":"https:\/\/autravail.ca\/en\/product\/cw91-genouillere-a-pantalons-caterpillar\/","url":"https:\/\/autravail.ca\/en\/product\/cw91-genouillere-a-pantalons-caterpillar\/","name":"CW91 - Genouill\u00e8re \u00e0 pantalons CATERPILLAR - Le Magasin Industriel","isPartOf":{"@id":"https:\/\/autravail.ca\/#website"},"primaryImageOfPage":{"@id":"https:\/\/autravail.ca\/en\/product\/cw91-genouillere-a-pantalons-caterpillar\/#primaryimage"},"image":{"@id":"https:\/\/autravail.ca\/en\/product\/cw91-genouillere-a-pantalons-caterpillar\/#primaryimage"},"thumbnailUrl":"https:\/\/autravail.ca\/wp-content\/uploads\/2025\/05\/CW91_A01.jpg","datePublished":"2025-05-08T06:58:21+00:00","dateModified":"2025-12-05T09:10:44+00:00","breadcrumb":{"@id":"https:\/\/autravail.ca\/en\/product\/cw91-genouillere-a-pantalons-caterpillar\/#breadcrumb"},"inLanguage":"en-CA","potentialAction":[{"@type":"ReadAction","target":["https:\/\/autravail.ca\/en\/product\/cw91-genouillere-a-pantalons-caterpillar\/"]}]},{"@type":"ImageObject","inLanguage":"en-CA","@id":"https:\/\/autravail.ca\/en\/product\/cw91-genouillere-a-pantalons-caterpillar\/#primaryimage","url":"https:\/\/autravail.ca\/wp-content\/uploads\/2025\/05\/CW91_A01.jpg","contentUrl":"https:\/\/autravail.ca\/wp-content\/uploads\/2025\/05\/CW91_A01.jpg","width":800,"height":720},{"@type":"BreadcrumbList","@id":"https:\/\/autravail.ca\/en\/product\/cw91-genouillere-a-pantalons-caterpillar\/#breadcrumb","itemListElement":[{"@type":"ListItem","position":1,"name":"Accueil","item":"https:\/\/autravail.ca\/"},{"@type":"ListItem","position":2,"name":"Magasin","item":"https:\/\/autravail.ca\/en\/shop\/"},{"@type":"ListItem","position":3,"name":"CW91 &#8211; Genouill\u00e8re \u00e0 pantalons CATERPILLAR"}]},{"@type":"WebSite","@id":"https:\/\/autravail.ca\/#website","url":"https:\/\/autravail.ca\/","name":"Le Magasin Industriel","description":"50 ans de tradition de s\u00e9curit\u00e9 au travail","publisher":{"@id":"https:\/\/autravail.ca\/#organization"},"potentialAction":[{"@type":"SearchAction","target":{"@type":"EntryPoint","urlTemplate":"https:\/\/autravail.ca\/?s={search_term_string}"},"query-input":{"@type":"PropertyValueSpecification","valueRequired":true,"valueName":"search_term_string"}}],"inLanguage":"en-CA"},{"@type":"Organization","@id":"https:\/\/autravail.ca\/#organization","name":"Le Magasin Industriel","url":"https:\/\/autravail.ca\/","logo":{"@type":"ImageObject","inLanguage":"en-CA","@id":"https:\/\/autravail.ca\/#\/schema\/logo\/image\/","url":"https:\/\/autravail.ca\/wp-content\/uploads\/2025\/05\/cropped-magasin_industriel_120x.avif","contentUrl":"https:\/\/autravail.ca\/wp-content\/uploads\/2025\/05\/cropped-magasin_industriel_120x.avif","width":120,"height":24,"caption":"Le Magasin Industriel"},"image":{"@id":"https:\/\/autravail.ca\/#\/schema\/logo\/image\/"},"sameAs":["https:\/\/www.facebook.com\/lemagasinindustriel\/?locale=fr_FR"]}]}},"jetpack_sharing_enabled":true,"_links":{"self":[{"href":"https:\/\/autravail.ca\/en\/wp-json\/wp\/v2\/product\/31977","targetHints":{"allow":["GET"]}}],"collection":[{"href":"https:\/\/autravail.ca\/en\/wp-json\/wp\/v2\/product"}],"about":[{"href":"https:\/\/autravail.ca\/en\/wp-json\/wp\/v2\/types\/product"}],"replies":[{"embeddable":true,"href":"https:\/\/autravail.ca\/en\/wp-json\/wp\/v2\/comments?post=31977"}],"wp:featuredmedia":[{"embeddable":true,"href":"https:\/\/autravail.ca\/en\/wp-json\/wp\/v2\/media\/16574"}],"wp:attachment":[{"href":"https:\/\/autravail.ca\/en\/wp-json\/wp\/v2\/media?parent=31977"}],"wp:term":[{"taxonomy":"product_cat","embeddable":true,"href":"https:\/\/autravail.ca\/en\/wp-json\/wp\/v2\/product_cat?post=31977"},{"taxonomy":"product_tag","embeddable":true,"href":"https:\/\/autravail.ca\/en\/wp-json\/wp\/v2\/product_tag?post=31977"}],"curies":[{"name":"wp","href":"https:\/\/api.w.org\/{rel}","templated":true}]}}