{"id":31949,"date":"2025-05-08T06:57:53","date_gmt":"2025-05-08T06:57:53","guid":{"rendered":"https:\/\/meteoquebec.ca\/?post_type=product&#038;p=31949"},"modified":"2025-12-05T05:10:44","modified_gmt":"2025-12-05T09:10:44","slug":"trainer-s29069-11-espadrille-de-travail","status":"publish","type":"product","link":"https:\/\/autravail.ca\/en\/product\/trainer-s29069-11-espadrille-de-travail\/","title":{"rendered":"TRAINER - S29069-11 - WORK boots"},"content":{"rendered":"<h3>Safety sneakers, Trainer - STC<\/h3>\n<ul>\n<li>CSA Protection, Type ESR<\/li>\n<li>nylon pipe<\/li>\n<li>Inner removable sole Instant Comfort<\/li>\n<li>Protective end cap in composite<\/li>\n<li>Anti-puncture outsole made of composite.<\/li>\n<li>Double density rubber sole and EVA core<\/li>\n<li>PU Protective Edge Guard<\/li>\n<li>Padded collar and tongue for more comfort<\/li>\n<\/ul>","protected":false},"excerpt":{"rendered":"<p>Trainer Safety Sneaker  STC CSA protection, ESR type. Nylon upper. Removable Instant Comfort insole. Composite toe. Composite puncture-resistant sole. Dual-density rubber and EVA core sole. PU anti-scratch toe protector. Padded collar and tongue for added comfort.<\/p>","protected":false},"featured_media":16553,"comment_status":"open","ping_status":"closed","template":"","meta":[],"product_cat":[602],"product_tag":[252,270,255,242,253],"class_list":{"0":"post-31949","1":"product","2":"type-product","3":"status-publish","4":"has-post-thumbnail","6":"product_brand-stc","7":"product_cat-hommes","8":"product_tag-electric-shock-resistant","9":"product_tag-espadrilles-de-travail","10":"product_tag-femme","11":"product_tag-homme","12":"product_tag-sole-protection","14":"first","15":"instock","16":"taxable","17":"shipping-taxable","18":"purchasable","19":"product-type-variable"},"yoast_head":"<!-- This site is optimized with the Yoast SEO plugin v25.3.1 - https:\/\/yoast.com\/wordpress\/plugins\/seo\/ -->\n<title>TRAINER - S29069-11 - ESPADRILLE DE TRAVAIL - Le Magasin Industriel<\/title>\n<meta name=\"robots\" content=\"index, follow, max-snippet:-1, max-image-preview:large, max-video-preview:-1\" \/>\n<link rel=\"canonical\" href=\"https:\/\/autravail.ca\/en\/product\/trainer-s29069-11-espadrille-de-travail\/\" \/>\n<meta property=\"og:locale\" content=\"en_US\" \/>\n<meta property=\"og:type\" content=\"article\" \/>\n<meta property=\"og:title\" content=\"TRAINER - S29069-11 - ESPADRILLE DE TRAVAIL - Le Magasin Industriel\" \/>\n<meta property=\"og:description\" content=\"Espadrille de s\u00e9curit\u00e9, Trainer &#8211; STC Protection CSA, type ESR Tige de nylon. Semelle int\u00e9rieure amovible Instant Comfort. Embout protecteur en composite. Semelle antiperforation faire de composite. Semelle double densit\u00e9 en caoutchouc et noyau d&rsquo;EVA. Embout protecteur anti\u00e9raflures fait de PU. Collet et langue coussin\u00e9s pour plus de confort.\" \/>\n<meta property=\"og:url\" content=\"https:\/\/autravail.ca\/en\/product\/trainer-s29069-11-espadrille-de-travail\/\" \/>\n<meta property=\"og:site_name\" content=\"Le Magasin Industriel\" \/>\n<meta property=\"article:publisher\" content=\"https:\/\/www.facebook.com\/lemagasinindustriel\/?locale=fr_FR\" \/>\n<meta property=\"article:modified_time\" content=\"2025-12-05T09:10:44+00:00\" \/>\n<meta property=\"og:image\" content=\"https:\/\/autravail.ca\/wp-content\/uploads\/2025\/05\/S29069-11_A01.jpg\" \/>\n\t<meta property=\"og:image:width\" content=\"1000\" \/>\n\t<meta property=\"og:image:height\" content=\"1000\" \/>\n\t<meta property=\"og:image:type\" content=\"image\/jpeg\" \/>\n<meta name=\"twitter:card\" content=\"summary_large_image\" \/>\n<script type=\"application\/ld+json\" class=\"yoast-schema-graph\">{\"@context\":\"https:\/\/schema.org\",\"@graph\":[{\"@type\":\"WebPage\",\"@id\":\"https:\/\/autravail.ca\/en\/product\/trainer-s29069-11-espadrille-de-travail\/\",\"url\":\"https:\/\/autravail.ca\/en\/product\/trainer-s29069-11-espadrille-de-travail\/\",\"name\":\"TRAINER - S29069-11 - ESPADRILLE DE TRAVAIL - Le Magasin Industriel\",\"isPartOf\":{\"@id\":\"https:\/\/autravail.ca\/#website\"},\"primaryImageOfPage\":{\"@id\":\"https:\/\/autravail.ca\/en\/product\/trainer-s29069-11-espadrille-de-travail\/#primaryimage\"},\"image\":{\"@id\":\"https:\/\/autravail.ca\/en\/product\/trainer-s29069-11-espadrille-de-travail\/#primaryimage\"},\"thumbnailUrl\":\"https:\/\/autravail.ca\/wp-content\/uploads\/2025\/05\/S29069-11_A01.jpg\",\"datePublished\":\"2025-05-08T06:57:53+00:00\",\"dateModified\":\"2025-12-05T09:10:44+00:00\",\"breadcrumb\":{\"@id\":\"https:\/\/autravail.ca\/en\/product\/trainer-s29069-11-espadrille-de-travail\/#breadcrumb\"},\"inLanguage\":\"en-CA\",\"potentialAction\":[{\"@type\":\"ReadAction\",\"target\":[\"https:\/\/autravail.ca\/en\/product\/trainer-s29069-11-espadrille-de-travail\/\"]}]},{\"@type\":\"ImageObject\",\"inLanguage\":\"en-CA\",\"@id\":\"https:\/\/autravail.ca\/en\/product\/trainer-s29069-11-espadrille-de-travail\/#primaryimage\",\"url\":\"https:\/\/autravail.ca\/wp-content\/uploads\/2025\/05\/S29069-11_A01.jpg\",\"contentUrl\":\"https:\/\/autravail.ca\/wp-content\/uploads\/2025\/05\/S29069-11_A01.jpg\",\"width\":1000,\"height\":1000},{\"@type\":\"BreadcrumbList\",\"@id\":\"https:\/\/autravail.ca\/en\/product\/trainer-s29069-11-espadrille-de-travail\/#breadcrumb\",\"itemListElement\":[{\"@type\":\"ListItem\",\"position\":1,\"name\":\"Accueil\",\"item\":\"https:\/\/autravail.ca\/\"},{\"@type\":\"ListItem\",\"position\":2,\"name\":\"Magasin\",\"item\":\"https:\/\/autravail.ca\/en\/shop\/\"},{\"@type\":\"ListItem\",\"position\":3,\"name\":\"TRAINER &#8211; S29069-11 &#8211; ESPADRILLE DE TRAVAIL\"}]},{\"@type\":\"WebSite\",\"@id\":\"https:\/\/autravail.ca\/#website\",\"url\":\"https:\/\/autravail.ca\/\",\"name\":\"Le Magasin Industriel\",\"description\":\"50 ans de tradition de s\u00e9curit\u00e9 au travail\",\"publisher\":{\"@id\":\"https:\/\/autravail.ca\/#organization\"},\"potentialAction\":[{\"@type\":\"SearchAction\",\"target\":{\"@type\":\"EntryPoint\",\"urlTemplate\":\"https:\/\/autravail.ca\/?s={search_term_string}\"},\"query-input\":{\"@type\":\"PropertyValueSpecification\",\"valueRequired\":true,\"valueName\":\"search_term_string\"}}],\"inLanguage\":\"en-CA\"},{\"@type\":\"Organization\",\"@id\":\"https:\/\/autravail.ca\/#organization\",\"name\":\"Le Magasin Industriel\",\"url\":\"https:\/\/autravail.ca\/\",\"logo\":{\"@type\":\"ImageObject\",\"inLanguage\":\"en-CA\",\"@id\":\"https:\/\/autravail.ca\/#\/schema\/logo\/image\/\",\"url\":\"https:\/\/autravail.ca\/wp-content\/uploads\/2025\/05\/cropped-magasin_industriel_120x.avif\",\"contentUrl\":\"https:\/\/autravail.ca\/wp-content\/uploads\/2025\/05\/cropped-magasin_industriel_120x.avif\",\"width\":120,\"height\":24,\"caption\":\"Le Magasin Industriel\"},\"image\":{\"@id\":\"https:\/\/autravail.ca\/#\/schema\/logo\/image\/\"},\"sameAs\":[\"https:\/\/www.facebook.com\/lemagasinindustriel\/?locale=fr_FR\"]}]}<\/script>\n<!-- \/ Yoast SEO plugin. -->","yoast_head_json":{"title":"TRAINER - S29069-11 - ESPADRILLE DE TRAVAIL - Le Magasin Industriel","robots":{"index":"index","follow":"follow","max-snippet":"max-snippet:-1","max-image-preview":"max-image-preview:large","max-video-preview":"max-video-preview:-1"},"canonical":"https:\/\/autravail.ca\/en\/product\/trainer-s29069-11-espadrille-de-travail\/","og_locale":"en_US","og_type":"article","og_title":"TRAINER - S29069-11 - ESPADRILLE DE TRAVAIL - Le Magasin Industriel","og_description":"Espadrille de s\u00e9curit\u00e9, Trainer &#8211; STC Protection CSA, type ESR Tige de nylon. Semelle int\u00e9rieure amovible Instant Comfort. Embout protecteur en composite. Semelle antiperforation faire de composite. Semelle double densit\u00e9 en caoutchouc et noyau d&rsquo;EVA. Embout protecteur anti\u00e9raflures fait de PU. Collet et langue coussin\u00e9s pour plus de confort.","og_url":"https:\/\/autravail.ca\/en\/product\/trainer-s29069-11-espadrille-de-travail\/","og_site_name":"Le Magasin Industriel","article_publisher":"https:\/\/www.facebook.com\/lemagasinindustriel\/?locale=fr_FR","article_modified_time":"2025-12-05T09:10:44+00:00","og_image":[{"width":1000,"height":1000,"url":"https:\/\/autravail.ca\/wp-content\/uploads\/2025\/05\/S29069-11_A01.jpg","type":"image\/jpeg"}],"twitter_card":"summary_large_image","schema":{"@context":"https:\/\/schema.org","@graph":[{"@type":"WebPage","@id":"https:\/\/autravail.ca\/en\/product\/trainer-s29069-11-espadrille-de-travail\/","url":"https:\/\/autravail.ca\/en\/product\/trainer-s29069-11-espadrille-de-travail\/","name":"TRAINER - S29069-11 - ESPADRILLE DE TRAVAIL - Le Magasin Industriel","isPartOf":{"@id":"https:\/\/autravail.ca\/#website"},"primaryImageOfPage":{"@id":"https:\/\/autravail.ca\/en\/product\/trainer-s29069-11-espadrille-de-travail\/#primaryimage"},"image":{"@id":"https:\/\/autravail.ca\/en\/product\/trainer-s29069-11-espadrille-de-travail\/#primaryimage"},"thumbnailUrl":"https:\/\/autravail.ca\/wp-content\/uploads\/2025\/05\/S29069-11_A01.jpg","datePublished":"2025-05-08T06:57:53+00:00","dateModified":"2025-12-05T09:10:44+00:00","breadcrumb":{"@id":"https:\/\/autravail.ca\/en\/product\/trainer-s29069-11-espadrille-de-travail\/#breadcrumb"},"inLanguage":"en-CA","potentialAction":[{"@type":"ReadAction","target":["https:\/\/autravail.ca\/en\/product\/trainer-s29069-11-espadrille-de-travail\/"]}]},{"@type":"ImageObject","inLanguage":"en-CA","@id":"https:\/\/autravail.ca\/en\/product\/trainer-s29069-11-espadrille-de-travail\/#primaryimage","url":"https:\/\/autravail.ca\/wp-content\/uploads\/2025\/05\/S29069-11_A01.jpg","contentUrl":"https:\/\/autravail.ca\/wp-content\/uploads\/2025\/05\/S29069-11_A01.jpg","width":1000,"height":1000},{"@type":"BreadcrumbList","@id":"https:\/\/autravail.ca\/en\/product\/trainer-s29069-11-espadrille-de-travail\/#breadcrumb","itemListElement":[{"@type":"ListItem","position":1,"name":"Accueil","item":"https:\/\/autravail.ca\/"},{"@type":"ListItem","position":2,"name":"Magasin","item":"https:\/\/autravail.ca\/en\/shop\/"},{"@type":"ListItem","position":3,"name":"TRAINER &#8211; S29069-11 &#8211; ESPADRILLE DE TRAVAIL"}]},{"@type":"WebSite","@id":"https:\/\/autravail.ca\/#website","url":"https:\/\/autravail.ca\/","name":"Le Magasin Industriel","description":"50 ans de tradition de s\u00e9curit\u00e9 au travail","publisher":{"@id":"https:\/\/autravail.ca\/#organization"},"potentialAction":[{"@type":"SearchAction","target":{"@type":"EntryPoint","urlTemplate":"https:\/\/autravail.ca\/?s={search_term_string}"},"query-input":{"@type":"PropertyValueSpecification","valueRequired":true,"valueName":"search_term_string"}}],"inLanguage":"en-CA"},{"@type":"Organization","@id":"https:\/\/autravail.ca\/#organization","name":"Le Magasin Industriel","url":"https:\/\/autravail.ca\/","logo":{"@type":"ImageObject","inLanguage":"en-CA","@id":"https:\/\/autravail.ca\/#\/schema\/logo\/image\/","url":"https:\/\/autravail.ca\/wp-content\/uploads\/2025\/05\/cropped-magasin_industriel_120x.avif","contentUrl":"https:\/\/autravail.ca\/wp-content\/uploads\/2025\/05\/cropped-magasin_industriel_120x.avif","width":120,"height":24,"caption":"Le Magasin Industriel"},"image":{"@id":"https:\/\/autravail.ca\/#\/schema\/logo\/image\/"},"sameAs":["https:\/\/www.facebook.com\/lemagasinindustriel\/?locale=fr_FR"]}]}},"jetpack_sharing_enabled":true,"_links":{"self":[{"href":"https:\/\/autravail.ca\/en\/wp-json\/wp\/v2\/product\/31949","targetHints":{"allow":["GET"]}}],"collection":[{"href":"https:\/\/autravail.ca\/en\/wp-json\/wp\/v2\/product"}],"about":[{"href":"https:\/\/autravail.ca\/en\/wp-json\/wp\/v2\/types\/product"}],"replies":[{"embeddable":true,"href":"https:\/\/autravail.ca\/en\/wp-json\/wp\/v2\/comments?post=31949"}],"wp:featuredmedia":[{"embeddable":true,"href":"https:\/\/autravail.ca\/en\/wp-json\/wp\/v2\/media\/16553"}],"wp:attachment":[{"href":"https:\/\/autravail.ca\/en\/wp-json\/wp\/v2\/media?parent=31949"}],"wp:term":[{"taxonomy":"product_cat","embeddable":true,"href":"https:\/\/autravail.ca\/en\/wp-json\/wp\/v2\/product_cat?post=31949"},{"taxonomy":"product_tag","embeddable":true,"href":"https:\/\/autravail.ca\/en\/wp-json\/wp\/v2\/product_tag?post=31949"}],"curies":[{"name":"wp","href":"https:\/\/api.w.org\/{rel}","templated":true}]}}