{"id":31808,"date":"2025-05-08T06:56:05","date_gmt":"2025-05-08T06:56:05","guid":{"rendered":"https:\/\/meteoquebec.ca\/?post_type=product&#038;p=31808"},"modified":"2025-12-21T11:30:13","modified_gmt":"2025-12-21T15:30:13","slug":"4300-0162-botte-dhiver-tundra","status":"publish","type":"product","link":"https:\/\/autravail.ca\/en\/product\/4300-0162-botte-dhiver-tundra\/","title":{"rendered":"4300-0162 - WINTER BOOTS - TUNDRA"},"content":{"rendered":"<ul><\/ul>\n<h3>\n<span style=\"color: #262626; font-family: Helvetica;\">Winter Boots - Baffin - TUNDRA<\/span><br \/><strong data-mce-fragment=\"1\"><\/strong><br \/>\n<\/h3>\n<div class=\"Collapsible__Inner\" style=\"overflow: visible; height: auto;\" data-mce-fragment=\"1\" data-mce-style=\"overflow: visible; height: auto;\">\n<div class=\"Collapsible__Content\" data-mce-fragment=\"1\">\n<div class=\"Rte bu\" data-mce-fragment=\"1\">\n<ul>\n<li>Tube in 900 denier nylon double knitted with a pull cord at the back facilitating foot entry<\/li>\n<li>Anti-snow collar in nylon protecting from tempest<\/li>\n<li>Reflective spur (or stud) to ensure good visibility<\/li>\n<li>Velcro belt offering increased support<\/li>\n<li>Rubber ArcticMC case offering flexibility, lightness, cold resistance and durability<\/li>\n<li>Intermediate midsole in CAV\/E ensuring light insulation and good cushioning<\/li>\n<li>Sole of wear in rubber PolarMD ensuring maximum grip and the durability of the boots during cold times<\/li>\n<\/ul>\n<p><strong><span style=\"color: #ff2a00;\" data-mce-style=\"color: #ff2a00;\">Comfort Zone: -5 C to -30 C<br \/><\/span><\/strong><\/p>\n<\/div>\n<\/div>\n<\/div>\n<p><\/p>","protected":false},"excerpt":{"rendered":"<p>Winter Boots - Baffin - TUNDRA Nylon 900D Double-Knit with Pull-Loop at the Back for Easy Foot Entry Anti-Snow Cologne in Nylon protecting against inclement weather Reflective Toe Cap for good visibility Velcro Strap providing additional support Rubber ArcticMC Outsole offering flexibility, lightness, cold resistance and durability [...<\/p>","protected":false},"featured_media":16353,"comment_status":"open","ping_status":"closed","template":"","meta":[],"product_cat":[670],"product_tag":[307,242],"class_list":{"0":"post-31808","1":"product","2":"type-product","3":"status-publish","4":"has-post-thumbnail","6":"product_brand-baffin-plein-air","7":"product_cat-bottes-dhiver","8":"product_tag-bottes-dhiver","9":"product_tag-homme","11":"first","12":"instock","13":"taxable","14":"shipping-taxable","15":"purchasable","16":"product-type-variable"},"yoast_head":"<!-- This site is optimized with the Yoast SEO plugin v25.3.1 - https:\/\/yoast.com\/wordpress\/plugins\/seo\/ -->\n<title>4300-0162 - BOTTE D&#039;HIVER - TUNDRA - Le Magasin Industriel<\/title>\n<meta name=\"robots\" content=\"index, follow, max-snippet:-1, max-image-preview:large, max-video-preview:-1\" \/>\n<link rel=\"canonical\" href=\"https:\/\/autravail.ca\/en\/product\/4300-0162-botte-dhiver-tundra\/\" \/>\n<meta property=\"og:locale\" content=\"en_US\" \/>\n<meta property=\"og:type\" content=\"article\" \/>\n<meta property=\"og:title\" content=\"4300-0162 - BOTTE D&#039;HIVER - TUNDRA - Le Magasin Industriel\" \/>\n<meta property=\"og:description\" content=\"Bottes d&rsquo;hiver &#8211; Baffin &#8211; TUNDRA Tige en nylon 900 deniers doublement tiss\u00e9 avec tirant \u00e0 l\u2019arri\u00e8re facilitant l\u2019entr\u00e9e du pied Col anti-neige en nylon prot\u00e9geant des intemp\u00e9ries Passepoil r\u00e9fl\u00e9chissant pour assurer une bonne visibilit\u00e9 Courroie en Velcro offrant un soutien accru Coque en caoutchouc ArcticMC offrant souplesse, l\u00e9g\u00e8ret\u00e9, r\u00e9sistance au froid et durabilit\u00e9 Semelle [&hellip;]\" \/>\n<meta property=\"og:url\" content=\"https:\/\/autravail.ca\/en\/product\/4300-0162-botte-dhiver-tundra\/\" \/>\n<meta property=\"og:site_name\" content=\"Le Magasin Industriel\" \/>\n<meta property=\"article:publisher\" content=\"https:\/\/www.facebook.com\/lemagasinindustriel\/?locale=fr_FR\" \/>\n<meta property=\"article:modified_time\" content=\"2025-12-21T15:30:13+00:00\" \/>\n<meta property=\"og:image\" content=\"https:\/\/autravail.ca\/wp-content\/uploads\/2025\/05\/4300-0162_A01.jpg\" \/>\n\t<meta property=\"og:image:width\" content=\"1000\" \/>\n\t<meta property=\"og:image:height\" content=\"1000\" \/>\n\t<meta property=\"og:image:type\" content=\"image\/jpeg\" \/>\n<meta name=\"twitter:card\" content=\"summary_large_image\" \/>\n<meta name=\"twitter:label1\" content=\"Est. reading time\" \/>\n\t<meta name=\"twitter:data1\" content=\"1 minute\" \/>\n<script type=\"application\/ld+json\" class=\"yoast-schema-graph\">{\"@context\":\"https:\/\/schema.org\",\"@graph\":[{\"@type\":\"WebPage\",\"@id\":\"https:\/\/autravail.ca\/product\/4300-0162-botte-dhiver-tundra\/\",\"url\":\"https:\/\/autravail.ca\/product\/4300-0162-botte-dhiver-tundra\/\",\"name\":\"4300-0162 - BOTTE D'HIVER - TUNDRA - Le Magasin Industriel\",\"isPartOf\":{\"@id\":\"https:\/\/autravail.ca\/#website\"},\"primaryImageOfPage\":{\"@id\":\"https:\/\/autravail.ca\/product\/4300-0162-botte-dhiver-tundra\/#primaryimage\"},\"image\":{\"@id\":\"https:\/\/autravail.ca\/product\/4300-0162-botte-dhiver-tundra\/#primaryimage\"},\"thumbnailUrl\":\"https:\/\/autravail.ca\/wp-content\/uploads\/2025\/05\/4300-0162_A01.jpg\",\"datePublished\":\"2025-05-08T06:56:05+00:00\",\"dateModified\":\"2025-12-21T15:30:13+00:00\",\"breadcrumb\":{\"@id\":\"https:\/\/autravail.ca\/product\/4300-0162-botte-dhiver-tundra\/#breadcrumb\"},\"inLanguage\":\"en-CA\",\"potentialAction\":[{\"@type\":\"ReadAction\",\"target\":[\"https:\/\/autravail.ca\/product\/4300-0162-botte-dhiver-tundra\/\"]}]},{\"@type\":\"ImageObject\",\"inLanguage\":\"en-CA\",\"@id\":\"https:\/\/autravail.ca\/product\/4300-0162-botte-dhiver-tundra\/#primaryimage\",\"url\":\"https:\/\/autravail.ca\/wp-content\/uploads\/2025\/05\/4300-0162_A01.jpg\",\"contentUrl\":\"https:\/\/autravail.ca\/wp-content\/uploads\/2025\/05\/4300-0162_A01.jpg\",\"width\":1000,\"height\":1000},{\"@type\":\"BreadcrumbList\",\"@id\":\"https:\/\/autravail.ca\/product\/4300-0162-botte-dhiver-tundra\/#breadcrumb\",\"itemListElement\":[{\"@type\":\"ListItem\",\"position\":1,\"name\":\"Accueil\",\"item\":\"https:\/\/autravail.ca\/\"},{\"@type\":\"ListItem\",\"position\":2,\"name\":\"Magasin\",\"item\":\"https:\/\/autravail.ca\/en\/shop\/\"},{\"@type\":\"ListItem\",\"position\":3,\"name\":\"4300-0162 &#8211; BOTTE D&rsquo;HIVER &#8211; TUNDRA\"}]},{\"@type\":\"WebSite\",\"@id\":\"https:\/\/autravail.ca\/#website\",\"url\":\"https:\/\/autravail.ca\/\",\"name\":\"Le Magasin Industriel\",\"description\":\"50 ans de tradition de s\u00e9curit\u00e9 au travail\",\"publisher\":{\"@id\":\"https:\/\/autravail.ca\/#organization\"},\"potentialAction\":[{\"@type\":\"SearchAction\",\"target\":{\"@type\":\"EntryPoint\",\"urlTemplate\":\"https:\/\/autravail.ca\/?s={search_term_string}\"},\"query-input\":{\"@type\":\"PropertyValueSpecification\",\"valueRequired\":true,\"valueName\":\"search_term_string\"}}],\"inLanguage\":\"en-CA\"},{\"@type\":\"Organization\",\"@id\":\"https:\/\/autravail.ca\/#organization\",\"name\":\"Le Magasin Industriel\",\"url\":\"https:\/\/autravail.ca\/\",\"logo\":{\"@type\":\"ImageObject\",\"inLanguage\":\"en-CA\",\"@id\":\"https:\/\/autravail.ca\/#\/schema\/logo\/image\/\",\"url\":\"https:\/\/autravail.ca\/wp-content\/uploads\/2025\/05\/cropped-magasin_industriel_120x.avif\",\"contentUrl\":\"https:\/\/autravail.ca\/wp-content\/uploads\/2025\/05\/cropped-magasin_industriel_120x.avif\",\"width\":120,\"height\":24,\"caption\":\"Le Magasin Industriel\"},\"image\":{\"@id\":\"https:\/\/autravail.ca\/#\/schema\/logo\/image\/\"},\"sameAs\":[\"https:\/\/www.facebook.com\/lemagasinindustriel\/?locale=fr_FR\"]}]}<\/script>\n<!-- \/ Yoast SEO plugin. -->","yoast_head_json":{"title":"4300-0162 - BOTTE D'HIVER - TUNDRA - Le Magasin Industriel","robots":{"index":"index","follow":"follow","max-snippet":"max-snippet:-1","max-image-preview":"max-image-preview:large","max-video-preview":"max-video-preview:-1"},"canonical":"https:\/\/autravail.ca\/en\/product\/4300-0162-botte-dhiver-tundra\/","og_locale":"en_US","og_type":"article","og_title":"4300-0162 - BOTTE D'HIVER - TUNDRA - Le Magasin Industriel","og_description":"Bottes d&rsquo;hiver &#8211; Baffin &#8211; TUNDRA Tige en nylon 900 deniers doublement tiss\u00e9 avec tirant \u00e0 l\u2019arri\u00e8re facilitant l\u2019entr\u00e9e du pied Col anti-neige en nylon prot\u00e9geant des intemp\u00e9ries Passepoil r\u00e9fl\u00e9chissant pour assurer une bonne visibilit\u00e9 Courroie en Velcro offrant un soutien accru Coque en caoutchouc ArcticMC offrant souplesse, l\u00e9g\u00e8ret\u00e9, r\u00e9sistance au froid et durabilit\u00e9 Semelle [&hellip;]","og_url":"https:\/\/autravail.ca\/en\/product\/4300-0162-botte-dhiver-tundra\/","og_site_name":"Le Magasin Industriel","article_publisher":"https:\/\/www.facebook.com\/lemagasinindustriel\/?locale=fr_FR","article_modified_time":"2025-12-21T15:30:13+00:00","og_image":[{"width":1000,"height":1000,"url":"https:\/\/autravail.ca\/wp-content\/uploads\/2025\/05\/4300-0162_A01.jpg","type":"image\/jpeg"}],"twitter_card":"summary_large_image","twitter_misc":{"Est. reading time":"1 minute"},"schema":{"@context":"https:\/\/schema.org","@graph":[{"@type":"WebPage","@id":"https:\/\/autravail.ca\/product\/4300-0162-botte-dhiver-tundra\/","url":"https:\/\/autravail.ca\/product\/4300-0162-botte-dhiver-tundra\/","name":"4300-0162 - BOTTE D'HIVER - TUNDRA - Le Magasin Industriel","isPartOf":{"@id":"https:\/\/autravail.ca\/#website"},"primaryImageOfPage":{"@id":"https:\/\/autravail.ca\/product\/4300-0162-botte-dhiver-tundra\/#primaryimage"},"image":{"@id":"https:\/\/autravail.ca\/product\/4300-0162-botte-dhiver-tundra\/#primaryimage"},"thumbnailUrl":"https:\/\/autravail.ca\/wp-content\/uploads\/2025\/05\/4300-0162_A01.jpg","datePublished":"2025-05-08T06:56:05+00:00","dateModified":"2025-12-21T15:30:13+00:00","breadcrumb":{"@id":"https:\/\/autravail.ca\/product\/4300-0162-botte-dhiver-tundra\/#breadcrumb"},"inLanguage":"en-CA","potentialAction":[{"@type":"ReadAction","target":["https:\/\/autravail.ca\/product\/4300-0162-botte-dhiver-tundra\/"]}]},{"@type":"ImageObject","inLanguage":"en-CA","@id":"https:\/\/autravail.ca\/product\/4300-0162-botte-dhiver-tundra\/#primaryimage","url":"https:\/\/autravail.ca\/wp-content\/uploads\/2025\/05\/4300-0162_A01.jpg","contentUrl":"https:\/\/autravail.ca\/wp-content\/uploads\/2025\/05\/4300-0162_A01.jpg","width":1000,"height":1000},{"@type":"BreadcrumbList","@id":"https:\/\/autravail.ca\/product\/4300-0162-botte-dhiver-tundra\/#breadcrumb","itemListElement":[{"@type":"ListItem","position":1,"name":"Accueil","item":"https:\/\/autravail.ca\/"},{"@type":"ListItem","position":2,"name":"Magasin","item":"https:\/\/autravail.ca\/en\/shop\/"},{"@type":"ListItem","position":3,"name":"4300-0162 &#8211; BOTTE D&rsquo;HIVER &#8211; TUNDRA"}]},{"@type":"WebSite","@id":"https:\/\/autravail.ca\/#website","url":"https:\/\/autravail.ca\/","name":"Le Magasin Industriel","description":"50 ans de tradition de s\u00e9curit\u00e9 au travail","publisher":{"@id":"https:\/\/autravail.ca\/#organization"},"potentialAction":[{"@type":"SearchAction","target":{"@type":"EntryPoint","urlTemplate":"https:\/\/autravail.ca\/?s={search_term_string}"},"query-input":{"@type":"PropertyValueSpecification","valueRequired":true,"valueName":"search_term_string"}}],"inLanguage":"en-CA"},{"@type":"Organization","@id":"https:\/\/autravail.ca\/#organization","name":"Le Magasin Industriel","url":"https:\/\/autravail.ca\/","logo":{"@type":"ImageObject","inLanguage":"en-CA","@id":"https:\/\/autravail.ca\/#\/schema\/logo\/image\/","url":"https:\/\/autravail.ca\/wp-content\/uploads\/2025\/05\/cropped-magasin_industriel_120x.avif","contentUrl":"https:\/\/autravail.ca\/wp-content\/uploads\/2025\/05\/cropped-magasin_industriel_120x.avif","width":120,"height":24,"caption":"Le Magasin Industriel"},"image":{"@id":"https:\/\/autravail.ca\/#\/schema\/logo\/image\/"},"sameAs":["https:\/\/www.facebook.com\/lemagasinindustriel\/?locale=fr_FR"]}]}},"jetpack_sharing_enabled":true,"_links":{"self":[{"href":"https:\/\/autravail.ca\/en\/wp-json\/wp\/v2\/product\/31808","targetHints":{"allow":["GET"]}}],"collection":[{"href":"https:\/\/autravail.ca\/en\/wp-json\/wp\/v2\/product"}],"about":[{"href":"https:\/\/autravail.ca\/en\/wp-json\/wp\/v2\/types\/product"}],"replies":[{"embeddable":true,"href":"https:\/\/autravail.ca\/en\/wp-json\/wp\/v2\/comments?post=31808"}],"wp:featuredmedia":[{"embeddable":true,"href":"https:\/\/autravail.ca\/en\/wp-json\/wp\/v2\/media\/16353"}],"wp:attachment":[{"href":"https:\/\/autravail.ca\/en\/wp-json\/wp\/v2\/media?parent=31808"}],"wp:term":[{"taxonomy":"product_cat","embeddable":true,"href":"https:\/\/autravail.ca\/en\/wp-json\/wp\/v2\/product_cat?post=31808"},{"taxonomy":"product_tag","embeddable":true,"href":"https:\/\/autravail.ca\/en\/wp-json\/wp\/v2\/product_tag?post=31808"}],"curies":[{"name":"wp","href":"https:\/\/api.w.org\/{rel}","templated":true}]}}