{"id":31777,"date":"2025-05-08T06:55:39","date_gmt":"2025-05-08T06:55:39","guid":{"rendered":"https:\/\/meteoquebec.ca\/?post_type=product&#038;p=31777"},"modified":"2026-04-02T11:23:28","modified_gmt":"2026-04-02T15:23:28","slug":"cire-hydrofuge-24430-536","status":"publish","type":"product","link":"https:\/\/autravail.ca\/en\/product\/cire-hydrofuge-24430-536\/","title":{"rendered":"Cire Hydrofuge &#8211; 24430 (536)"},"content":{"rendered":"<h3>Cire Hydrofuge &#8211; 24430 (536)<\/h3>\n<p>Cire Hydrofuge &#8211; 24430 (536) de J. Audet. <span class=\"OYPEnA font-feature-liga-off font-feature-clig-off font-feature-calt-off text-decoration-none text-strikethrough-none\">Bootguard<\/span><span class=\"OYPEnA font-feature-liga-off font-feature-clig-off font-feature-calt-off text-decoration-none text-strikethrough-none\">\u00a0est une cire hydrofuge sp\u00e9cialement con\u00e7ue pour tous types de cuirs. Cette cire offre une protection durable et efficace contre l&rsquo;eau, aidant ainsi \u00e0 pr\u00e9venir les dommages caus\u00e9s par l&rsquo;humidit\u00e9. Utilis\u00e9e r\u00e9guli\u00e8rement, elle prot\u00e8ge vos chaussures et vos bottes en cuir des intemp\u00e9ries, prolongeant ainsi leur dur\u00e9e de vie. <\/span><\/p>\n<h6><span class=\"OYPEnA font-feature-liga-off font-feature-clig-off font-feature-calt-off text-decoration-none text-strikethrough-none\">Characteristics:<\/span><\/h6>\n<ul class=\"KsbFXc U6u95\" data-sfc-root=\"c\" data-sfc-cb=\"\" data-complete=\"true\" data-processed=\"true\">\n<li class=\"dF3vjf\" data-sfc-root=\"c\" data-sfc-cb=\"\" data-hveid=\"CAEIBBAA\" data-complete=\"true\" data-sae=\"\"><span class=\"T286Pc\" data-sfc-cp=\"\" data-sfc-root=\"c\" data-sfc-cb=\"\" data-complete=\"true\"><strong class=\"Yjhzub\" data-sfc-root=\"c\" data-sfc-cb=\"\" data-complete=\"true\">Protection tout-usage<\/strong>\u00a0: Elle offre une barri\u00e8re durable contre l&rsquo;eau (pluie et neige), le sel, la boue et les taches.<\/span><\/li>\n<li class=\"dF3vjf\" data-sfc-root=\"c\" data-sfc-cb=\"\" data-hveid=\"CAEIBBAB\" data-complete=\"true\" data-sae=\"\"><span class=\"T286Pc\" data-sfc-cp=\"\" data-sfc-root=\"c\" data-sfc-cb=\"\" data-complete=\"true\"><strong class=\"Yjhzub\" data-sfc-root=\"c\" data-sfc-cb=\"\" data-complete=\"true\">Composition naturelle<\/strong>\u00a0: C&rsquo;est un produit\u00a0<strong class=\"Yjhzub\" data-sfc-root=\"c\" data-sfc-cb=\"\" data-complete=\"true\">100 % naturel<\/strong>\u00a0consid\u00e9r\u00e9 comme une option \u00ab\u00a0premium\u00a0\u00bb pour le soin du cuir.<\/span><\/li>\n<li class=\"dF3vjf\" data-sfc-root=\"c\" data-sfc-cb=\"\" data-hveid=\"CAEIBBAC\" data-complete=\"true\" data-sae=\"\"><span class=\"T286Pc\" data-sfc-cp=\"\" data-sfc-root=\"c\" data-sfc-cb=\"\" data-complete=\"true\"><strong class=\"Yjhzub\" data-sfc-root=\"c\" data-sfc-cb=\"\" data-complete=\"true\">Action revitalisante<\/strong>\u00a0: En plus d&rsquo;imperm\u00e9abiliser, elle nourrit et revitalise le cuir pour prolonger sa dur\u00e9e de vie.<\/span><\/li>\n<li class=\"dF3vjf\" data-sfc-root=\"c\" data-sfc-cb=\"\" data-hveid=\"CAEIBBAD\" data-complete=\"true\" data-sae=\"\"><span class=\"T286Pc\" data-sfc-cp=\"\" data-sfc-root=\"c\" data-sfc-cb=\"\" data-complete=\"true\" aria-owns=\"action-menu-parent-container\"><strong class=\"Yjhzub\" data-sfc-root=\"c\" data-sfc-cb=\"\" data-complete=\"true\">Polyvalence<\/strong> : Bien que populaire pour les bottes de travail, elle est recommand\u00e9e pour une large gamme de produits, notamment :<\/span><\/li>\n<li class=\"dF3vjf\" data-sfc-root=\"c\" data-sfc-cb=\"\" data-hveid=\"CAEIBBAE\" data-complete=\"true\" data-sae=\"\"><span class=\"T286Pc\" data-sfc-cp=\"\" data-sfc-root=\"c\" data-sfc-cb=\"\" data-complete=\"true\">Bottes de travail, de chasse et chaussures de ski de fond.<\/span><\/li>\n<li class=\"dF3vjf\" data-sfc-root=\"c\" data-sfc-cb=\"\" data-hveid=\"CAEIBBAF\" data-complete=\"true\" data-sae=\"\"><span class=\"T286Pc\" data-sfc-cp=\"\" data-sfc-root=\"c\" data-sfc-cb=\"\" data-complete=\"true\">Souliers et ceintures.<\/span><\/li>\n<li class=\"dF3vjf\" data-sfc-root=\"c\" data-sfc-cb=\"\" data-hveid=\"CAEIBBAG\" data-complete=\"true\" data-sae=\"\"><span class=\"T286Pc\" data-sfc-cp=\"\" data-sfc-root=\"c\" data-sfc-cb=\"\" data-complete=\"true\" aria-owns=\"action-menu-parent-container\">Gants et v\u00eatements en cuir.<\/span><\/li>\n<li class=\"dF3vjf\" data-sfc-root=\"c\" data-sfc-cb=\"\" data-hveid=\"CAEIBBAD\" data-complete=\"true\" data-sae=\"\">Made in Canada.<\/li>\n<li class=\"dF3vjf\" data-sfc-root=\"c\" data-sfc-cb=\"\" data-hveid=\"CAEIBBAD\" data-complete=\"true\" data-sae=\"\">Poids : <span class=\"OYPEnA font-feature-liga-off font-feature-clig-off font-feature-calt-off text-decoration-none text-strikethrough-none\">100 gr \/ 3.4 oz<\/span><\/li>\n<\/ul>\n<p>La cire hydrofuge de\u00a0<strong class=\"Yjhzub\" data-sfc-root=\"c\" data-sfc-cb=\"\" data-complete=\"true\" data-processed=\"true\">J. Audet Jr.<\/strong>\u00a0(souvent associ\u00e9e \u00e0 la marque\u00a0<strong class=\"Yjhzub\" data-sfc-root=\"c\" data-sfc-cb=\"\" data-complete=\"true\" data-processed=\"true\">Boot Guard<\/strong>)\u00a0<mark class=\"HxTRcb\" data-sfc-root=\"c\" data-sfc-cb=\"\" data-sae=\"\" data-complete=\"true\">est un produit d&rsquo;entretien haut de gamme con\u00e7u pour prot\u00e9ger et revitaliser les articles en cuir<\/mark>.<\/p>\n<p><img decoding=\"async\" class=\"alignnone wp-image-40620\" src=\"https:\/\/autravail.ca\/wp-content\/uploads\/2025\/09\/Jachete-quebec-et-canada.jpg\" alt=\"Logo de l'achat local\" width=\"162\" height=\"139\" \/>Merci d&rsquo;encourager une entreprise 100% d&rsquo;ici!<\/p>\n<p>TS2604H<\/p>\n<p>&nbsp;<\/p>","protected":false},"excerpt":{"rendered":"<p>Cire Hydrofuge &#8211; 24430 (536) Cire Hydrofuge &#8211; 24430 (536) de J. Audet. Bootguard\u00a0est une cire hydrofuge sp\u00e9cialement con\u00e7ue pour tous types de cuirs. Cette cire offre une protection durable et efficace contre l&rsquo;eau, aidant ainsi \u00e0 pr\u00e9venir les dommages caus\u00e9s par l&rsquo;humidit\u00e9. Utilis\u00e9e r\u00e9guli\u00e8rement, elle prot\u00e8ge vos chaussures et vos bottes en cuir des [&hellip;]<\/p>","protected":false},"featured_media":46863,"comment_status":"open","ping_status":"closed","template":"","meta":[],"product_cat":[15,657,673],"product_tag":[312],"class_list":{"0":"post-31777","1":"product","2":"type-product","3":"status-publish","4":"has-post-thumbnail","6":"product_brand-j-audet-jr","7":"product_cat-uncategorized","8":"product_cat-accessoires-de-chaussures","9":"product_cat-entretien-des-chaussures","10":"product_tag-entretien","12":"first","13":"instock","14":"taxable","15":"shipping-taxable","16":"purchasable","17":"product-type-variable"},"yoast_head":"<!-- This site is optimized with the Yoast SEO plugin v25.3.1 - https:\/\/yoast.com\/wordpress\/plugins\/seo\/ -->\n<title>Cire Hydrofuge - 24430 (536) - Le Magasin Industriel<\/title>\n<meta name=\"description\" content=\"Cire Hydrofuge - 24430 (536) offre une protection durable et efficace contre l&#039;eau, aidant ainsi \u00e0 pr\u00e9venir les dommages caus\u00e9s par l&#039;humidit\u00e9\" \/>\n<meta name=\"robots\" content=\"index, follow, max-snippet:-1, max-image-preview:large, max-video-preview:-1\" \/>\n<link rel=\"canonical\" href=\"https:\/\/autravail.ca\/en\/product\/cire-hydrofuge-24430-536\/\" \/>\n<meta property=\"og:locale\" content=\"en_US\" \/>\n<meta property=\"og:type\" content=\"article\" \/>\n<meta property=\"og:title\" content=\"Cire Hydrofuge - 24430 (536) - Le Magasin Industriel\" \/>\n<meta property=\"og:description\" content=\"Cire Hydrofuge - 24430 (536) offre une protection durable et efficace contre l&#039;eau, aidant ainsi \u00e0 pr\u00e9venir les dommages caus\u00e9s par l&#039;humidit\u00e9\" \/>\n<meta property=\"og:url\" content=\"https:\/\/autravail.ca\/en\/product\/cire-hydrofuge-24430-536\/\" \/>\n<meta property=\"og:site_name\" content=\"Le Magasin Industriel\" \/>\n<meta property=\"article:publisher\" content=\"https:\/\/www.facebook.com\/lemagasinindustriel\/?locale=fr_FR\" \/>\n<meta property=\"article:modified_time\" content=\"2026-04-02T15:23:28+00:00\" \/>\n<meta property=\"og:image\" content=\"https:\/\/autravail.ca\/wp-content\/uploads\/2025\/05\/Cire-24430_A03.jpg\" \/>\n\t<meta property=\"og:image:width\" content=\"1000\" \/>\n\t<meta property=\"og:image:height\" content=\"1000\" \/>\n\t<meta property=\"og:image:type\" content=\"image\/jpeg\" \/>\n<meta name=\"twitter:card\" content=\"summary_large_image\" \/>\n<meta name=\"twitter:label1\" content=\"Est. reading time\" \/>\n\t<meta name=\"twitter:data1\" content=\"2 minutes\" \/>\n<script type=\"application\/ld+json\" class=\"yoast-schema-graph\">{\"@context\":\"https:\/\/schema.org\",\"@graph\":[{\"@type\":\"WebPage\",\"@id\":\"https:\/\/autravail.ca\/product\/cire-hydrofuge-24430-536\/\",\"url\":\"https:\/\/autravail.ca\/product\/cire-hydrofuge-24430-536\/\",\"name\":\"Cire Hydrofuge - 24430 (536) - Le Magasin Industriel\",\"isPartOf\":{\"@id\":\"https:\/\/autravail.ca\/#website\"},\"primaryImageOfPage\":{\"@id\":\"https:\/\/autravail.ca\/product\/cire-hydrofuge-24430-536\/#primaryimage\"},\"image\":{\"@id\":\"https:\/\/autravail.ca\/product\/cire-hydrofuge-24430-536\/#primaryimage\"},\"thumbnailUrl\":\"https:\/\/autravail.ca\/wp-content\/uploads\/2025\/05\/Cire-24430_A03.jpg\",\"datePublished\":\"2025-05-08T06:55:39+00:00\",\"dateModified\":\"2026-04-02T15:23:28+00:00\",\"description\":\"Cire Hydrofuge - 24430 (536) offre une protection durable et efficace contre l'eau, aidant ainsi \u00e0 pr\u00e9venir les dommages caus\u00e9s par l'humidit\u00e9\",\"breadcrumb\":{\"@id\":\"https:\/\/autravail.ca\/product\/cire-hydrofuge-24430-536\/#breadcrumb\"},\"inLanguage\":\"en-CA\",\"potentialAction\":[{\"@type\":\"ReadAction\",\"target\":[\"https:\/\/autravail.ca\/product\/cire-hydrofuge-24430-536\/\"]}]},{\"@type\":\"ImageObject\",\"inLanguage\":\"en-CA\",\"@id\":\"https:\/\/autravail.ca\/product\/cire-hydrofuge-24430-536\/#primaryimage\",\"url\":\"https:\/\/autravail.ca\/wp-content\/uploads\/2025\/05\/Cire-24430_A03.jpg\",\"contentUrl\":\"https:\/\/autravail.ca\/wp-content\/uploads\/2025\/05\/Cire-24430_A03.jpg\",\"width\":1000,\"height\":1000,\"caption\":\"Cire Hydrofuge - 24430 (536)\"},{\"@type\":\"BreadcrumbList\",\"@id\":\"https:\/\/autravail.ca\/product\/cire-hydrofuge-24430-536\/#breadcrumb\",\"itemListElement\":[{\"@type\":\"ListItem\",\"position\":1,\"name\":\"Accueil\",\"item\":\"https:\/\/autravail.ca\/\"},{\"@type\":\"ListItem\",\"position\":2,\"name\":\"Magasin\",\"item\":\"https:\/\/autravail.ca\/en\/shop\/\"},{\"@type\":\"ListItem\",\"position\":3,\"name\":\"Cire Hydrofuge &#8211; 24430 (536)\"}]},{\"@type\":\"WebSite\",\"@id\":\"https:\/\/autravail.ca\/#website\",\"url\":\"https:\/\/autravail.ca\/\",\"name\":\"Le Magasin Industriel\",\"description\":\"50 ans de tradition de s\u00e9curit\u00e9 au travail\",\"publisher\":{\"@id\":\"https:\/\/autravail.ca\/#organization\"},\"potentialAction\":[{\"@type\":\"SearchAction\",\"target\":{\"@type\":\"EntryPoint\",\"urlTemplate\":\"https:\/\/autravail.ca\/?s={search_term_string}\"},\"query-input\":{\"@type\":\"PropertyValueSpecification\",\"valueRequired\":true,\"valueName\":\"search_term_string\"}}],\"inLanguage\":\"en-CA\"},{\"@type\":\"Organization\",\"@id\":\"https:\/\/autravail.ca\/#organization\",\"name\":\"Le Magasin Industriel\",\"url\":\"https:\/\/autravail.ca\/\",\"logo\":{\"@type\":\"ImageObject\",\"inLanguage\":\"en-CA\",\"@id\":\"https:\/\/autravail.ca\/#\/schema\/logo\/image\/\",\"url\":\"https:\/\/autravail.ca\/wp-content\/uploads\/2025\/05\/cropped-magasin_industriel_120x.avif\",\"contentUrl\":\"https:\/\/autravail.ca\/wp-content\/uploads\/2025\/05\/cropped-magasin_industriel_120x.avif\",\"width\":120,\"height\":24,\"caption\":\"Le Magasin Industriel\"},\"image\":{\"@id\":\"https:\/\/autravail.ca\/#\/schema\/logo\/image\/\"},\"sameAs\":[\"https:\/\/www.facebook.com\/lemagasinindustriel\/?locale=fr_FR\"]}]}<\/script>\n<!-- \/ Yoast SEO plugin. -->","yoast_head_json":{"title":"Cire Hydrofuge - 24430 (536) - Le Magasin Industriel","description":"Cire Hydrofuge - 24430 (536) offre une protection durable et efficace contre l'eau, aidant ainsi \u00e0 pr\u00e9venir les dommages caus\u00e9s par l'humidit\u00e9","robots":{"index":"index","follow":"follow","max-snippet":"max-snippet:-1","max-image-preview":"max-image-preview:large","max-video-preview":"max-video-preview:-1"},"canonical":"https:\/\/autravail.ca\/en\/product\/cire-hydrofuge-24430-536\/","og_locale":"en_US","og_type":"article","og_title":"Cire Hydrofuge - 24430 (536) - Le Magasin Industriel","og_description":"Cire Hydrofuge - 24430 (536) offre une protection durable et efficace contre l'eau, aidant ainsi \u00e0 pr\u00e9venir les dommages caus\u00e9s par l'humidit\u00e9","og_url":"https:\/\/autravail.ca\/en\/product\/cire-hydrofuge-24430-536\/","og_site_name":"Le Magasin Industriel","article_publisher":"https:\/\/www.facebook.com\/lemagasinindustriel\/?locale=fr_FR","article_modified_time":"2026-04-02T15:23:28+00:00","og_image":[{"width":1000,"height":1000,"url":"https:\/\/autravail.ca\/wp-content\/uploads\/2025\/05\/Cire-24430_A03.jpg","type":"image\/jpeg"}],"twitter_card":"summary_large_image","twitter_misc":{"Est. reading time":"2 minutes"},"schema":{"@context":"https:\/\/schema.org","@graph":[{"@type":"WebPage","@id":"https:\/\/autravail.ca\/product\/cire-hydrofuge-24430-536\/","url":"https:\/\/autravail.ca\/product\/cire-hydrofuge-24430-536\/","name":"Cire Hydrofuge - 24430 (536) - Le Magasin Industriel","isPartOf":{"@id":"https:\/\/autravail.ca\/#website"},"primaryImageOfPage":{"@id":"https:\/\/autravail.ca\/product\/cire-hydrofuge-24430-536\/#primaryimage"},"image":{"@id":"https:\/\/autravail.ca\/product\/cire-hydrofuge-24430-536\/#primaryimage"},"thumbnailUrl":"https:\/\/autravail.ca\/wp-content\/uploads\/2025\/05\/Cire-24430_A03.jpg","datePublished":"2025-05-08T06:55:39+00:00","dateModified":"2026-04-02T15:23:28+00:00","description":"Cire Hydrofuge - 24430 (536) offre une protection durable et efficace contre l'eau, aidant ainsi \u00e0 pr\u00e9venir les dommages caus\u00e9s par l'humidit\u00e9","breadcrumb":{"@id":"https:\/\/autravail.ca\/product\/cire-hydrofuge-24430-536\/#breadcrumb"},"inLanguage":"en-CA","potentialAction":[{"@type":"ReadAction","target":["https:\/\/autravail.ca\/product\/cire-hydrofuge-24430-536\/"]}]},{"@type":"ImageObject","inLanguage":"en-CA","@id":"https:\/\/autravail.ca\/product\/cire-hydrofuge-24430-536\/#primaryimage","url":"https:\/\/autravail.ca\/wp-content\/uploads\/2025\/05\/Cire-24430_A03.jpg","contentUrl":"https:\/\/autravail.ca\/wp-content\/uploads\/2025\/05\/Cire-24430_A03.jpg","width":1000,"height":1000,"caption":"Cire Hydrofuge - 24430 (536)"},{"@type":"BreadcrumbList","@id":"https:\/\/autravail.ca\/product\/cire-hydrofuge-24430-536\/#breadcrumb","itemListElement":[{"@type":"ListItem","position":1,"name":"Accueil","item":"https:\/\/autravail.ca\/"},{"@type":"ListItem","position":2,"name":"Magasin","item":"https:\/\/autravail.ca\/en\/shop\/"},{"@type":"ListItem","position":3,"name":"Cire Hydrofuge &#8211; 24430 (536)"}]},{"@type":"WebSite","@id":"https:\/\/autravail.ca\/#website","url":"https:\/\/autravail.ca\/","name":"Le Magasin Industriel","description":"50 ans de tradition de s\u00e9curit\u00e9 au travail","publisher":{"@id":"https:\/\/autravail.ca\/#organization"},"potentialAction":[{"@type":"SearchAction","target":{"@type":"EntryPoint","urlTemplate":"https:\/\/autravail.ca\/?s={search_term_string}"},"query-input":{"@type":"PropertyValueSpecification","valueRequired":true,"valueName":"search_term_string"}}],"inLanguage":"en-CA"},{"@type":"Organization","@id":"https:\/\/autravail.ca\/#organization","name":"Le Magasin Industriel","url":"https:\/\/autravail.ca\/","logo":{"@type":"ImageObject","inLanguage":"en-CA","@id":"https:\/\/autravail.ca\/#\/schema\/logo\/image\/","url":"https:\/\/autravail.ca\/wp-content\/uploads\/2025\/05\/cropped-magasin_industriel_120x.avif","contentUrl":"https:\/\/autravail.ca\/wp-content\/uploads\/2025\/05\/cropped-magasin_industriel_120x.avif","width":120,"height":24,"caption":"Le Magasin Industriel"},"image":{"@id":"https:\/\/autravail.ca\/#\/schema\/logo\/image\/"},"sameAs":["https:\/\/www.facebook.com\/lemagasinindustriel\/?locale=fr_FR"]}]}},"jetpack_sharing_enabled":true,"_links":{"self":[{"href":"https:\/\/autravail.ca\/en\/wp-json\/wp\/v2\/product\/31777","targetHints":{"allow":["GET"]}}],"collection":[{"href":"https:\/\/autravail.ca\/en\/wp-json\/wp\/v2\/product"}],"about":[{"href":"https:\/\/autravail.ca\/en\/wp-json\/wp\/v2\/types\/product"}],"replies":[{"embeddable":true,"href":"https:\/\/autravail.ca\/en\/wp-json\/wp\/v2\/comments?post=31777"}],"wp:featuredmedia":[{"embeddable":true,"href":"https:\/\/autravail.ca\/en\/wp-json\/wp\/v2\/media\/46863"}],"wp:attachment":[{"href":"https:\/\/autravail.ca\/en\/wp-json\/wp\/v2\/media?parent=31777"}],"wp:term":[{"taxonomy":"product_cat","embeddable":true,"href":"https:\/\/autravail.ca\/en\/wp-json\/wp\/v2\/product_cat?post=31777"},{"taxonomy":"product_tag","embeddable":true,"href":"https:\/\/autravail.ca\/en\/wp-json\/wp\/v2\/product_tag?post=31777"}],"curies":[{"name":"wp","href":"https:\/\/api.w.org\/{rel}","templated":true}]}}