{"id":31758,"date":"2025-05-08T06:55:14","date_gmt":"2025-05-08T06:55:14","guid":{"rendered":"https:\/\/meteoquebec.ca\/?post_type=product&#038;p=31758"},"modified":"2026-02-24T15:37:48","modified_gmt":"2026-02-24T19:37:48","slug":"botte-de-travail-chore-chh-000a","status":"publish","type":"product","link":"https:\/\/autravail.ca\/en\/product\/botte-de-travail-chore-chh-000a\/","title":{"rendered":"Botte de travail Chore &#8211; CHH-000A"},"content":{"rendered":"<h3>Botte de travail Chore &#8211; CHH-000A<\/h3>\n<p>Botte de travail Chore &#8211; CHH-000A vous pouvez en \u00eatre certain : notre collection Chore, la plus vendue, offre tout le confort et la protection dont une botte de travail a besoin pour accomplir les t\u00e2ches les plus difficiles. Cette botte fiable convient parfaitement aux fermiers, \u00e9leveurs, et \u00e0 tous ceux qui se prom\u00e8nent dans leurs champs toute la journ\u00e9e. Avec son chausson en n\u00e9opr\u00e8ne extensible, elle s&rsquo;\u00e9tire pour bien \u00e9pouser les contours de votre mollet. La partie sup\u00e9rieure est renforc\u00e9e au niveau des orteils et du talon, avec un soutien suppl\u00e9mentaire de la vo\u00fbte plantaire, ce qui vous offre une excellente protection. Le n\u00e9opr\u00e8ne de 5 mm rend finalement la botte flexible et l\u00e9g\u00e8re, et une doublure en maille respirante vous garde au frais lorsqu&rsquo;il fait plus chaud.<\/p>\n<h6>Characteristics:<\/h6>\n<ul>\n<li>100% imperm\u00e9able<\/li>\n<li>La doublure en n\u00e9opr\u00e8ne CR Flex-Foam de 5 mm est 100 % imperm\u00e9able et offre des propri\u00e9t\u00e9s exceptionnelles de confort, de flexibilit\u00e9, d&rsquo;absorption des chocs et de r\u00e9tention de la chaleur ; elle s&rsquo;adapte aux contours de votre pied pour r\u00e9sister aux ampoules et au frottement.<\/li>\n<li>La doublure en maille respirante \u00e9vacue l&rsquo;humidit\u00e9 et la transpiration, permettant \u00e0 l&rsquo;air de circuler dans la botte.<\/li>\n<li>Rev\u00eatement en caoutchouc facile \u00e0 nettoyer<\/li>\n<li>Triple renfort en caoutchouc au niveau des orteils<\/li>\n<li>Quadruple renfort en caoutchouc au niveau du talon<\/li>\n<li>Tige en acier pour un excellent soutien<\/li>\n<li>La conception extensible sur le dessus \u00e9pouse le mollet pour garder la chaleur \u00e0 l&rsquo;int\u00e9rieur et le froid \u00e0 l&rsquo;ext\u00e9rieur.<\/li>\n<li>La semelle ext\u00e9rieure en caoutchouc \u00e0 nettoyage rapide offre durabilit\u00e9 et traction sur les surfaces glissantes.<\/li>\n<li>Conforme \u00e0 la norme ASTM F2892-18 EH \/ ESR (r\u00e9sistance aux chocs \u00e9lectriques)<\/li>\n<li>Languette r\u00e9fl\u00e9chissante pour l&rsquo;enfiler et la retirer rapidement<\/li>\n<li>Hauteur estim\u00e9e de la botte 40,5 cm\/ 15,9 po<\/li>\n<li>Circonf\u00e9rence estim\u00e9e du mollet 42 cm \/ 16,5 po<\/li>\n<li>Largeur estim\u00e9e de la semelle 9,1 cm \/ 3,6 po<\/li>\n<li>Hauteur estim\u00e9e du talon : 2,9 cm \/ 1,1 po<\/li>\n<li>Poids estim\u00e9 : 4,21 lb pour une taille 9<\/li>\n<li>Zone de confort : De z\u00e9ro \u00e0 18\u00b0C<\/li>\n<\/ul>\n<p><em><span style=\"color: #fa0b0b;\">Unisex U.S. men's sizes presented. To convert to U.S. women's size, add 2 sizes. Example: 5 U.S. men = 7 U.S. women<\/span><\/em><\/p>\n<p><img decoding=\"async\" class=\"alignnone wp-image-40620\" src=\"https:\/\/autravail.ca\/wp-content\/uploads\/2025\/09\/Jachete-quebec-et-canada.jpg\" alt=\"Logo de l'achat local\" width=\"162\" height=\"139\" \/>Merci d&rsquo;encourager une entreprise 100% d&rsquo;ici!<\/p>\n<p>TS2602H<\/p>","protected":false},"excerpt":{"rendered":"<p>Botte de travail Chore &#8211; CHH-000A Botte de travail Chore &#8211; CHH-000A vous pouvez en \u00eatre certain : notre collection Chore, la plus vendue, offre tout le confort et la protection dont une botte de travail a besoin pour accomplir les t\u00e2ches les plus difficiles. Cette botte fiable convient parfaitement aux fermiers, \u00e9leveurs, et \u00e0 [&hellip;]<\/p>","protected":false},"featured_media":16296,"comment_status":"open","ping_status":"closed","template":"","meta":[],"product_cat":[613,602],"product_tag":[251,242],"class_list":{"0":"post-31758","1":"product","2":"type-product","3":"status-publish","4":"has-post-thumbnail","6":"product_brand-muck","7":"product_cat-bottes-de-travail","8":"product_cat-hommes","9":"product_tag-bottes-de-travail","10":"product_tag-homme","12":"first","13":"instock","14":"taxable","15":"shipping-taxable","16":"purchasable","17":"product-type-variable"},"yoast_head":"<!-- This site is optimized with the Yoast SEO plugin v25.3.1 - https:\/\/yoast.com\/wordpress\/plugins\/seo\/ -->\n<title>Botte de travail Chore - CHH-000A - Le Magasin Industriel<\/title>\n<meta name=\"description\" content=\"Botte de travail Chore - CHH-000A notre collection Chore, la plus vendue, offre tout le confort et la protection dont une botte de travail a besoin\" \/>\n<meta name=\"robots\" content=\"index, follow, max-snippet:-1, max-image-preview:large, max-video-preview:-1\" \/>\n<link rel=\"canonical\" href=\"https:\/\/autravail.ca\/en\/product\/botte-de-travail-chore-chh-000a\/\" \/>\n<meta property=\"og:locale\" content=\"en_US\" \/>\n<meta property=\"og:type\" content=\"article\" \/>\n<meta property=\"og:title\" content=\"Botte de travail Chore - CHH-000A - Le Magasin Industriel\" \/>\n<meta property=\"og:description\" content=\"Botte de travail Chore - CHH-000A notre collection Chore, la plus vendue, offre tout le confort et la protection dont une botte de travail a besoin\" \/>\n<meta property=\"og:url\" content=\"https:\/\/autravail.ca\/en\/product\/botte-de-travail-chore-chh-000a\/\" \/>\n<meta property=\"og:site_name\" content=\"Le Magasin Industriel\" \/>\n<meta property=\"article:publisher\" content=\"https:\/\/www.facebook.com\/lemagasinindustriel\/?locale=fr_FR\" \/>\n<meta property=\"article:modified_time\" content=\"2026-02-24T19:37:48+00:00\" \/>\n<meta property=\"og:image\" content=\"https:\/\/autravail.ca\/wp-content\/uploads\/2025\/05\/CHH000A_A01.jpg\" \/>\n\t<meta property=\"og:image:width\" content=\"800\" \/>\n\t<meta property=\"og:image:height\" content=\"720\" \/>\n\t<meta property=\"og:image:type\" content=\"image\/jpeg\" \/>\n<meta name=\"twitter:card\" content=\"summary_large_image\" \/>\n<meta name=\"twitter:label1\" content=\"Est. reading time\" \/>\n\t<meta name=\"twitter:data1\" content=\"3 minutes\" \/>\n<script type=\"application\/ld+json\" class=\"yoast-schema-graph\">{\"@context\":\"https:\/\/schema.org\",\"@graph\":[{\"@type\":\"WebPage\",\"@id\":\"https:\/\/autravail.ca\/product\/botte-de-travail-chore-chh-000a\/\",\"url\":\"https:\/\/autravail.ca\/product\/botte-de-travail-chore-chh-000a\/\",\"name\":\"Botte de travail Chore - CHH-000A - Le Magasin Industriel\",\"isPartOf\":{\"@id\":\"https:\/\/autravail.ca\/#website\"},\"primaryImageOfPage\":{\"@id\":\"https:\/\/autravail.ca\/product\/botte-de-travail-chore-chh-000a\/#primaryimage\"},\"image\":{\"@id\":\"https:\/\/autravail.ca\/product\/botte-de-travail-chore-chh-000a\/#primaryimage\"},\"thumbnailUrl\":\"https:\/\/autravail.ca\/wp-content\/uploads\/2025\/05\/CHH000A_A01.jpg\",\"datePublished\":\"2025-05-08T06:55:14+00:00\",\"dateModified\":\"2026-02-24T19:37:48+00:00\",\"description\":\"Botte de travail Chore - CHH-000A notre collection Chore, la plus vendue, offre tout le confort et la protection dont une botte de travail a besoin\",\"breadcrumb\":{\"@id\":\"https:\/\/autravail.ca\/product\/botte-de-travail-chore-chh-000a\/#breadcrumb\"},\"inLanguage\":\"en-CA\",\"potentialAction\":[{\"@type\":\"ReadAction\",\"target\":[\"https:\/\/autravail.ca\/product\/botte-de-travail-chore-chh-000a\/\"]}]},{\"@type\":\"ImageObject\",\"inLanguage\":\"en-CA\",\"@id\":\"https:\/\/autravail.ca\/product\/botte-de-travail-chore-chh-000a\/#primaryimage\",\"url\":\"https:\/\/autravail.ca\/wp-content\/uploads\/2025\/05\/CHH000A_A01.jpg\",\"contentUrl\":\"https:\/\/autravail.ca\/wp-content\/uploads\/2025\/05\/CHH000A_A01.jpg\",\"width\":800,\"height\":720,\"caption\":\"Botte de travail Chore - CHH-000A\"},{\"@type\":\"BreadcrumbList\",\"@id\":\"https:\/\/autravail.ca\/product\/botte-de-travail-chore-chh-000a\/#breadcrumb\",\"itemListElement\":[{\"@type\":\"ListItem\",\"position\":1,\"name\":\"Accueil\",\"item\":\"https:\/\/autravail.ca\/\"},{\"@type\":\"ListItem\",\"position\":2,\"name\":\"Magasin\",\"item\":\"https:\/\/autravail.ca\/en\/shop\/\"},{\"@type\":\"ListItem\",\"position\":3,\"name\":\"Botte de travail Chore &#8211; CHH-000A\"}]},{\"@type\":\"WebSite\",\"@id\":\"https:\/\/autravail.ca\/#website\",\"url\":\"https:\/\/autravail.ca\/\",\"name\":\"Le Magasin Industriel\",\"description\":\"50 ans de tradition de s\u00e9curit\u00e9 au travail\",\"publisher\":{\"@id\":\"https:\/\/autravail.ca\/#organization\"},\"potentialAction\":[{\"@type\":\"SearchAction\",\"target\":{\"@type\":\"EntryPoint\",\"urlTemplate\":\"https:\/\/autravail.ca\/?s={search_term_string}\"},\"query-input\":{\"@type\":\"PropertyValueSpecification\",\"valueRequired\":true,\"valueName\":\"search_term_string\"}}],\"inLanguage\":\"en-CA\"},{\"@type\":\"Organization\",\"@id\":\"https:\/\/autravail.ca\/#organization\",\"name\":\"Le Magasin Industriel\",\"url\":\"https:\/\/autravail.ca\/\",\"logo\":{\"@type\":\"ImageObject\",\"inLanguage\":\"en-CA\",\"@id\":\"https:\/\/autravail.ca\/#\/schema\/logo\/image\/\",\"url\":\"https:\/\/autravail.ca\/wp-content\/uploads\/2025\/05\/cropped-magasin_industriel_120x.avif\",\"contentUrl\":\"https:\/\/autravail.ca\/wp-content\/uploads\/2025\/05\/cropped-magasin_industriel_120x.avif\",\"width\":120,\"height\":24,\"caption\":\"Le Magasin Industriel\"},\"image\":{\"@id\":\"https:\/\/autravail.ca\/#\/schema\/logo\/image\/\"},\"sameAs\":[\"https:\/\/www.facebook.com\/lemagasinindustriel\/?locale=fr_FR\"]}]}<\/script>\n<!-- \/ Yoast SEO plugin. -->","yoast_head_json":{"title":"Botte de travail Chore - CHH-000A - Le Magasin Industriel","description":"Botte de travail Chore - CHH-000A notre collection Chore, la plus vendue, offre tout le confort et la protection dont une botte de travail a besoin","robots":{"index":"index","follow":"follow","max-snippet":"max-snippet:-1","max-image-preview":"max-image-preview:large","max-video-preview":"max-video-preview:-1"},"canonical":"https:\/\/autravail.ca\/en\/product\/botte-de-travail-chore-chh-000a\/","og_locale":"en_US","og_type":"article","og_title":"Botte de travail Chore - CHH-000A - Le Magasin Industriel","og_description":"Botte de travail Chore - CHH-000A notre collection Chore, la plus vendue, offre tout le confort et la protection dont une botte de travail a besoin","og_url":"https:\/\/autravail.ca\/en\/product\/botte-de-travail-chore-chh-000a\/","og_site_name":"Le Magasin Industriel","article_publisher":"https:\/\/www.facebook.com\/lemagasinindustriel\/?locale=fr_FR","article_modified_time":"2026-02-24T19:37:48+00:00","og_image":[{"width":800,"height":720,"url":"https:\/\/autravail.ca\/wp-content\/uploads\/2025\/05\/CHH000A_A01.jpg","type":"image\/jpeg"}],"twitter_card":"summary_large_image","twitter_misc":{"Est. reading time":"3 minutes"},"schema":{"@context":"https:\/\/schema.org","@graph":[{"@type":"WebPage","@id":"https:\/\/autravail.ca\/product\/botte-de-travail-chore-chh-000a\/","url":"https:\/\/autravail.ca\/product\/botte-de-travail-chore-chh-000a\/","name":"Botte de travail Chore - CHH-000A - Le Magasin Industriel","isPartOf":{"@id":"https:\/\/autravail.ca\/#website"},"primaryImageOfPage":{"@id":"https:\/\/autravail.ca\/product\/botte-de-travail-chore-chh-000a\/#primaryimage"},"image":{"@id":"https:\/\/autravail.ca\/product\/botte-de-travail-chore-chh-000a\/#primaryimage"},"thumbnailUrl":"https:\/\/autravail.ca\/wp-content\/uploads\/2025\/05\/CHH000A_A01.jpg","datePublished":"2025-05-08T06:55:14+00:00","dateModified":"2026-02-24T19:37:48+00:00","description":"Botte de travail Chore - CHH-000A notre collection Chore, la plus vendue, offre tout le confort et la protection dont une botte de travail a besoin","breadcrumb":{"@id":"https:\/\/autravail.ca\/product\/botte-de-travail-chore-chh-000a\/#breadcrumb"},"inLanguage":"en-CA","potentialAction":[{"@type":"ReadAction","target":["https:\/\/autravail.ca\/product\/botte-de-travail-chore-chh-000a\/"]}]},{"@type":"ImageObject","inLanguage":"en-CA","@id":"https:\/\/autravail.ca\/product\/botte-de-travail-chore-chh-000a\/#primaryimage","url":"https:\/\/autravail.ca\/wp-content\/uploads\/2025\/05\/CHH000A_A01.jpg","contentUrl":"https:\/\/autravail.ca\/wp-content\/uploads\/2025\/05\/CHH000A_A01.jpg","width":800,"height":720,"caption":"Botte de travail Chore - CHH-000A"},{"@type":"BreadcrumbList","@id":"https:\/\/autravail.ca\/product\/botte-de-travail-chore-chh-000a\/#breadcrumb","itemListElement":[{"@type":"ListItem","position":1,"name":"Accueil","item":"https:\/\/autravail.ca\/"},{"@type":"ListItem","position":2,"name":"Magasin","item":"https:\/\/autravail.ca\/en\/shop\/"},{"@type":"ListItem","position":3,"name":"Botte de travail Chore &#8211; CHH-000A"}]},{"@type":"WebSite","@id":"https:\/\/autravail.ca\/#website","url":"https:\/\/autravail.ca\/","name":"Le Magasin Industriel","description":"50 ans de tradition de s\u00e9curit\u00e9 au travail","publisher":{"@id":"https:\/\/autravail.ca\/#organization"},"potentialAction":[{"@type":"SearchAction","target":{"@type":"EntryPoint","urlTemplate":"https:\/\/autravail.ca\/?s={search_term_string}"},"query-input":{"@type":"PropertyValueSpecification","valueRequired":true,"valueName":"search_term_string"}}],"inLanguage":"en-CA"},{"@type":"Organization","@id":"https:\/\/autravail.ca\/#organization","name":"Le Magasin Industriel","url":"https:\/\/autravail.ca\/","logo":{"@type":"ImageObject","inLanguage":"en-CA","@id":"https:\/\/autravail.ca\/#\/schema\/logo\/image\/","url":"https:\/\/autravail.ca\/wp-content\/uploads\/2025\/05\/cropped-magasin_industriel_120x.avif","contentUrl":"https:\/\/autravail.ca\/wp-content\/uploads\/2025\/05\/cropped-magasin_industriel_120x.avif","width":120,"height":24,"caption":"Le Magasin Industriel"},"image":{"@id":"https:\/\/autravail.ca\/#\/schema\/logo\/image\/"},"sameAs":["https:\/\/www.facebook.com\/lemagasinindustriel\/?locale=fr_FR"]}]}},"jetpack_sharing_enabled":true,"_links":{"self":[{"href":"https:\/\/autravail.ca\/en\/wp-json\/wp\/v2\/product\/31758","targetHints":{"allow":["GET"]}}],"collection":[{"href":"https:\/\/autravail.ca\/en\/wp-json\/wp\/v2\/product"}],"about":[{"href":"https:\/\/autravail.ca\/en\/wp-json\/wp\/v2\/types\/product"}],"replies":[{"embeddable":true,"href":"https:\/\/autravail.ca\/en\/wp-json\/wp\/v2\/comments?post=31758"}],"wp:featuredmedia":[{"embeddable":true,"href":"https:\/\/autravail.ca\/en\/wp-json\/wp\/v2\/media\/16296"}],"wp:attachment":[{"href":"https:\/\/autravail.ca\/en\/wp-json\/wp\/v2\/media?parent=31758"}],"wp:term":[{"taxonomy":"product_cat","embeddable":true,"href":"https:\/\/autravail.ca\/en\/wp-json\/wp\/v2\/product_cat?post=31758"},{"taxonomy":"product_tag","embeddable":true,"href":"https:\/\/autravail.ca\/en\/wp-json\/wp\/v2\/product_tag?post=31758"}],"curies":[{"name":"wp","href":"https:\/\/api.w.org\/{rel}","templated":true}]}}