{"id":31757,"date":"2025-05-08T06:55:13","date_gmt":"2025-05-08T06:55:13","guid":{"rendered":"https:\/\/meteoquebec.ca\/?post_type=product&#038;p=31757"},"modified":"2026-03-09T11:17:13","modified_gmt":"2026-03-09T15:17:13","slug":"chemise-de-travail-westex-105sus7","status":"publish","type":"product","link":"https:\/\/autravail.ca\/en\/product\/chemise-de-travail-westex-105sus7\/","title":{"rendered":"Chemise de travail Westex &#8211; 105SUS7"},"content":{"rendered":"<h3>Chemise de travail Westex &#8211; 105SUS7<\/h3>\n<p>Chemise de travail Westex &#8211; 105SUS7 de <a href=\"https:\/\/autravail.ca\/en\/product-brand\/big-bill\/\">Big Bill<\/a> ignifug\u00e9e pour l&rsquo;industrie agroalimentaire est con\u00e7ue pour garantir s\u00e9curit\u00e9 et performance dans les environnements de travail exigeants. Fabriqu\u00e9e au Canada en tissu Westex\u00ae UltraSoft\u00ae de 200 g\/m\u00b2, elle offre un confort l\u00e9ger et une protection fiable de cat\u00e9gorie 2 (ATPV de 8,7). Dot\u00e9e de boutons-pression dissimul\u00e9s, de coutures Nomex\u00ae renforc\u00e9es et d&rsquo;une construction robuste, elle assure une protection durable l\u00e0 o\u00f9 la fiabilit\u00e9 est primordiale.<\/p>\n<h6>Characteristics:<\/h6>\n<ul>\n<li><span dir=\"auto\">Col montant avec pied de col et prot\u00e8ge-pointe, fermeture par bouton-pression dissimul\u00e9e afin d&rsquo;\u00e9viter tout risque de contamination dans les zones de production<\/span><\/li>\n<li><span dir=\"auto\">Ourlet devant et poignets avec fermeture \u00e0 bouton-pression dissimul\u00e9e<\/span><\/li>\n<li><span dir=\"auto\">joug dorsal<\/span><\/li>\n<li><span dir=\"auto\">Coutures haute r\u00e9sistance en fil ignifug\u00e9 Nomex\u00ae<\/span><\/li>\n<li><span dir=\"auto\">Points d&rsquo;arr\u00eat renforc\u00e9s \u00e0 tous les points de tension<\/span><\/li>\n<li><span dir=\"auto\">Entretien : Lavage domestique et industriel<\/span><\/li>\n<li>Serg\u00e9 7 oz, Westex\u00ae Ultrasoft\u00ae, 88 % coton \/ 12 % nylon, fabriqu\u00e9e \u00e0 partir du tissu\u00a0<strong class=\"Yjhzub\" data-sfc-cb=\"\" data-complete=\"true\">Westex\u2122 UltraSoft\u00ae<\/strong>. Est aussi reconnu pour sa r\u00e9sistance exceptionnelle \u00e0 l&rsquo;abrasion tout en restant doux au toucher et respirant pour un confort durant toute la journ\u00e9e.<\/li>\n<li>\u00c9quipement de protection individuelle de cat\u00e9gorie 2, ATPV 8,7 cal\/cm\u00b2<\/li>\n<\/ul>\n<h6 class=\"h5 specifications-title\"><span dir=\"auto\">normes de s\u00e9curit\u00e9<\/span><\/h6>\n<ul class=\"specifications-value specifications-list\">\n<li><span dir=\"auto\">NFPA 70E<\/span><\/li>\n<li><span dir=\"auto\">CSA Z462<\/span><\/li>\n<li><span dir=\"auto\">ASTM 1506<\/span><\/li>\n<\/ul>\n<p><img decoding=\"async\" class=\"alignnone wp-image-40620\" src=\"https:\/\/autravail.ca\/wp-content\/uploads\/2025\/09\/Jachete-quebec-et-canada.jpg\" alt=\"Logo de l'achat local\" width=\"162\" height=\"139\" \/>Merci d&rsquo;encourager une entreprise 100% d&rsquo;ici!<\/p>\n<p>TS2602H<\/p>","protected":false},"excerpt":{"rendered":"<p>Chemise de travail Westex &#8211; 105SUS7 Chemise de travail Westex &#8211; 105SUS7 de Big Bill ignifug\u00e9e pour l&rsquo;industrie agroalimentaire est con\u00e7ue pour garantir s\u00e9curit\u00e9 et performance dans les environnements de travail exigeants. Fabriqu\u00e9e au Canada en tissu Westex\u00ae UltraSoft\u00ae de 200 g\/m\u00b2, elle offre un confort l\u00e9ger et une protection fiable de cat\u00e9gorie 2 (ATPV [&hellip;]<\/p>","protected":false},"featured_media":16286,"comment_status":"open","ping_status":"closed","template":"","meta":[],"product_cat":[599,606,602],"product_tag":[247,242],"class_list":{"0":"post-31757","1":"product","2":"type-product","3":"status-publish","4":"has-post-thumbnail","6":"product_brand-big-bill","7":"product_cat-apparel-accessories","8":"product_cat-chemises","9":"product_cat-hommes","10":"product_tag-chemises","11":"product_tag-homme","13":"first","14":"instock","15":"taxable","16":"shipping-taxable","17":"purchasable","18":"product-type-variable"},"yoast_head":"<!-- This site is optimized with the Yoast SEO plugin v25.3.1 - https:\/\/yoast.com\/wordpress\/plugins\/seo\/ -->\n<title>Chemise de travail Westex - 105SUS7 - Le Magasin Industriel<\/title>\n<meta name=\"description\" content=\"Chemise de travail Westex - 105SUS7 chemise ignifug\u00e9e pour l&#039;industrie agroalimentaire est con\u00e7ue pour garantir s\u00e9curit\u00e9 et performance\" \/>\n<meta name=\"robots\" content=\"index, follow, max-snippet:-1, max-image-preview:large, max-video-preview:-1\" \/>\n<link rel=\"canonical\" href=\"https:\/\/autravail.ca\/en\/product\/chemise-de-travail-westex-105sus7\/\" \/>\n<meta property=\"og:locale\" content=\"en_US\" \/>\n<meta property=\"og:type\" content=\"article\" \/>\n<meta property=\"og:title\" content=\"Chemise de travail Westex - 105SUS7 - Le Magasin Industriel\" \/>\n<meta property=\"og:description\" content=\"Chemise de travail Westex - 105SUS7 chemise ignifug\u00e9e pour l&#039;industrie agroalimentaire est con\u00e7ue pour garantir s\u00e9curit\u00e9 et performance\" \/>\n<meta property=\"og:url\" content=\"https:\/\/autravail.ca\/en\/product\/chemise-de-travail-westex-105sus7\/\" \/>\n<meta property=\"og:site_name\" content=\"Le Magasin Industriel\" \/>\n<meta property=\"article:publisher\" content=\"https:\/\/www.facebook.com\/lemagasinindustriel\/?locale=fr_FR\" \/>\n<meta property=\"article:modified_time\" content=\"2026-03-09T15:17:13+00:00\" \/>\n<meta property=\"og:image\" content=\"https:\/\/autravail.ca\/wp-content\/uploads\/2025\/05\/105SUS7_A01.jpg\" \/>\n\t<meta property=\"og:image:width\" content=\"1000\" \/>\n\t<meta property=\"og:image:height\" content=\"1000\" \/>\n\t<meta property=\"og:image:type\" content=\"image\/jpeg\" \/>\n<meta name=\"twitter:card\" content=\"summary_large_image\" \/>\n<meta name=\"twitter:label1\" content=\"Est. reading time\" \/>\n\t<meta name=\"twitter:data1\" content=\"2 minutes\" \/>\n<script type=\"application\/ld+json\" class=\"yoast-schema-graph\">{\"@context\":\"https:\/\/schema.org\",\"@graph\":[{\"@type\":\"WebPage\",\"@id\":\"https:\/\/autravail.ca\/product\/chemise-de-travail-westex-105sus7\/\",\"url\":\"https:\/\/autravail.ca\/product\/chemise-de-travail-westex-105sus7\/\",\"name\":\"Chemise de travail Westex - 105SUS7 - Le Magasin Industriel\",\"isPartOf\":{\"@id\":\"https:\/\/autravail.ca\/#website\"},\"primaryImageOfPage\":{\"@id\":\"https:\/\/autravail.ca\/product\/chemise-de-travail-westex-105sus7\/#primaryimage\"},\"image\":{\"@id\":\"https:\/\/autravail.ca\/product\/chemise-de-travail-westex-105sus7\/#primaryimage\"},\"thumbnailUrl\":\"https:\/\/autravail.ca\/wp-content\/uploads\/2025\/05\/105SUS7_A01.jpg\",\"datePublished\":\"2025-05-08T06:55:13+00:00\",\"dateModified\":\"2026-03-09T15:17:13+00:00\",\"description\":\"Chemise de travail Westex - 105SUS7 chemise ignifug\u00e9e pour l'industrie agroalimentaire est con\u00e7ue pour garantir s\u00e9curit\u00e9 et performance\",\"breadcrumb\":{\"@id\":\"https:\/\/autravail.ca\/product\/chemise-de-travail-westex-105sus7\/#breadcrumb\"},\"inLanguage\":\"en-CA\",\"potentialAction\":[{\"@type\":\"ReadAction\",\"target\":[\"https:\/\/autravail.ca\/product\/chemise-de-travail-westex-105sus7\/\"]}]},{\"@type\":\"ImageObject\",\"inLanguage\":\"en-CA\",\"@id\":\"https:\/\/autravail.ca\/product\/chemise-de-travail-westex-105sus7\/#primaryimage\",\"url\":\"https:\/\/autravail.ca\/wp-content\/uploads\/2025\/05\/105SUS7_A01.jpg\",\"contentUrl\":\"https:\/\/autravail.ca\/wp-content\/uploads\/2025\/05\/105SUS7_A01.jpg\",\"width\":1000,\"height\":1000,\"caption\":\"Chemise de travail Westex - 105SUS7\"},{\"@type\":\"BreadcrumbList\",\"@id\":\"https:\/\/autravail.ca\/product\/chemise-de-travail-westex-105sus7\/#breadcrumb\",\"itemListElement\":[{\"@type\":\"ListItem\",\"position\":1,\"name\":\"Accueil\",\"item\":\"https:\/\/autravail.ca\/\"},{\"@type\":\"ListItem\",\"position\":2,\"name\":\"Magasin\",\"item\":\"https:\/\/autravail.ca\/en\/shop\/\"},{\"@type\":\"ListItem\",\"position\":3,\"name\":\"Chemise de travail Westex &#8211; 105SUS7\"}]},{\"@type\":\"WebSite\",\"@id\":\"https:\/\/autravail.ca\/#website\",\"url\":\"https:\/\/autravail.ca\/\",\"name\":\"Le Magasin Industriel\",\"description\":\"50 ans de tradition de s\u00e9curit\u00e9 au travail\",\"publisher\":{\"@id\":\"https:\/\/autravail.ca\/#organization\"},\"potentialAction\":[{\"@type\":\"SearchAction\",\"target\":{\"@type\":\"EntryPoint\",\"urlTemplate\":\"https:\/\/autravail.ca\/?s={search_term_string}\"},\"query-input\":{\"@type\":\"PropertyValueSpecification\",\"valueRequired\":true,\"valueName\":\"search_term_string\"}}],\"inLanguage\":\"en-CA\"},{\"@type\":\"Organization\",\"@id\":\"https:\/\/autravail.ca\/#organization\",\"name\":\"Le Magasin Industriel\",\"url\":\"https:\/\/autravail.ca\/\",\"logo\":{\"@type\":\"ImageObject\",\"inLanguage\":\"en-CA\",\"@id\":\"https:\/\/autravail.ca\/#\/schema\/logo\/image\/\",\"url\":\"https:\/\/autravail.ca\/wp-content\/uploads\/2025\/05\/cropped-magasin_industriel_120x.avif\",\"contentUrl\":\"https:\/\/autravail.ca\/wp-content\/uploads\/2025\/05\/cropped-magasin_industriel_120x.avif\",\"width\":120,\"height\":24,\"caption\":\"Le Magasin Industriel\"},\"image\":{\"@id\":\"https:\/\/autravail.ca\/#\/schema\/logo\/image\/\"},\"sameAs\":[\"https:\/\/www.facebook.com\/lemagasinindustriel\/?locale=fr_FR\"]}]}<\/script>\n<!-- \/ Yoast SEO plugin. -->","yoast_head_json":{"title":"Chemise de travail Westex - 105SUS7 - Le Magasin Industriel","description":"Chemise de travail Westex - 105SUS7 chemise ignifug\u00e9e pour l'industrie agroalimentaire est con\u00e7ue pour garantir s\u00e9curit\u00e9 et performance","robots":{"index":"index","follow":"follow","max-snippet":"max-snippet:-1","max-image-preview":"max-image-preview:large","max-video-preview":"max-video-preview:-1"},"canonical":"https:\/\/autravail.ca\/en\/product\/chemise-de-travail-westex-105sus7\/","og_locale":"en_US","og_type":"article","og_title":"Chemise de travail Westex - 105SUS7 - Le Magasin Industriel","og_description":"Chemise de travail Westex - 105SUS7 chemise ignifug\u00e9e pour l'industrie agroalimentaire est con\u00e7ue pour garantir s\u00e9curit\u00e9 et performance","og_url":"https:\/\/autravail.ca\/en\/product\/chemise-de-travail-westex-105sus7\/","og_site_name":"Le Magasin Industriel","article_publisher":"https:\/\/www.facebook.com\/lemagasinindustriel\/?locale=fr_FR","article_modified_time":"2026-03-09T15:17:13+00:00","og_image":[{"width":1000,"height":1000,"url":"https:\/\/autravail.ca\/wp-content\/uploads\/2025\/05\/105SUS7_A01.jpg","type":"image\/jpeg"}],"twitter_card":"summary_large_image","twitter_misc":{"Est. reading time":"2 minutes"},"schema":{"@context":"https:\/\/schema.org","@graph":[{"@type":"WebPage","@id":"https:\/\/autravail.ca\/product\/chemise-de-travail-westex-105sus7\/","url":"https:\/\/autravail.ca\/product\/chemise-de-travail-westex-105sus7\/","name":"Chemise de travail Westex - 105SUS7 - Le Magasin Industriel","isPartOf":{"@id":"https:\/\/autravail.ca\/#website"},"primaryImageOfPage":{"@id":"https:\/\/autravail.ca\/product\/chemise-de-travail-westex-105sus7\/#primaryimage"},"image":{"@id":"https:\/\/autravail.ca\/product\/chemise-de-travail-westex-105sus7\/#primaryimage"},"thumbnailUrl":"https:\/\/autravail.ca\/wp-content\/uploads\/2025\/05\/105SUS7_A01.jpg","datePublished":"2025-05-08T06:55:13+00:00","dateModified":"2026-03-09T15:17:13+00:00","description":"Chemise de travail Westex - 105SUS7 chemise ignifug\u00e9e pour l'industrie agroalimentaire est con\u00e7ue pour garantir s\u00e9curit\u00e9 et performance","breadcrumb":{"@id":"https:\/\/autravail.ca\/product\/chemise-de-travail-westex-105sus7\/#breadcrumb"},"inLanguage":"en-CA","potentialAction":[{"@type":"ReadAction","target":["https:\/\/autravail.ca\/product\/chemise-de-travail-westex-105sus7\/"]}]},{"@type":"ImageObject","inLanguage":"en-CA","@id":"https:\/\/autravail.ca\/product\/chemise-de-travail-westex-105sus7\/#primaryimage","url":"https:\/\/autravail.ca\/wp-content\/uploads\/2025\/05\/105SUS7_A01.jpg","contentUrl":"https:\/\/autravail.ca\/wp-content\/uploads\/2025\/05\/105SUS7_A01.jpg","width":1000,"height":1000,"caption":"Chemise de travail Westex - 105SUS7"},{"@type":"BreadcrumbList","@id":"https:\/\/autravail.ca\/product\/chemise-de-travail-westex-105sus7\/#breadcrumb","itemListElement":[{"@type":"ListItem","position":1,"name":"Accueil","item":"https:\/\/autravail.ca\/"},{"@type":"ListItem","position":2,"name":"Magasin","item":"https:\/\/autravail.ca\/en\/shop\/"},{"@type":"ListItem","position":3,"name":"Chemise de travail Westex &#8211; 105SUS7"}]},{"@type":"WebSite","@id":"https:\/\/autravail.ca\/#website","url":"https:\/\/autravail.ca\/","name":"Le Magasin Industriel","description":"50 ans de tradition de s\u00e9curit\u00e9 au travail","publisher":{"@id":"https:\/\/autravail.ca\/#organization"},"potentialAction":[{"@type":"SearchAction","target":{"@type":"EntryPoint","urlTemplate":"https:\/\/autravail.ca\/?s={search_term_string}"},"query-input":{"@type":"PropertyValueSpecification","valueRequired":true,"valueName":"search_term_string"}}],"inLanguage":"en-CA"},{"@type":"Organization","@id":"https:\/\/autravail.ca\/#organization","name":"Le Magasin Industriel","url":"https:\/\/autravail.ca\/","logo":{"@type":"ImageObject","inLanguage":"en-CA","@id":"https:\/\/autravail.ca\/#\/schema\/logo\/image\/","url":"https:\/\/autravail.ca\/wp-content\/uploads\/2025\/05\/cropped-magasin_industriel_120x.avif","contentUrl":"https:\/\/autravail.ca\/wp-content\/uploads\/2025\/05\/cropped-magasin_industriel_120x.avif","width":120,"height":24,"caption":"Le Magasin Industriel"},"image":{"@id":"https:\/\/autravail.ca\/#\/schema\/logo\/image\/"},"sameAs":["https:\/\/www.facebook.com\/lemagasinindustriel\/?locale=fr_FR"]}]}},"jetpack_sharing_enabled":true,"_links":{"self":[{"href":"https:\/\/autravail.ca\/en\/wp-json\/wp\/v2\/product\/31757","targetHints":{"allow":["GET"]}}],"collection":[{"href":"https:\/\/autravail.ca\/en\/wp-json\/wp\/v2\/product"}],"about":[{"href":"https:\/\/autravail.ca\/en\/wp-json\/wp\/v2\/types\/product"}],"replies":[{"embeddable":true,"href":"https:\/\/autravail.ca\/en\/wp-json\/wp\/v2\/comments?post=31757"}],"wp:featuredmedia":[{"embeddable":true,"href":"https:\/\/autravail.ca\/en\/wp-json\/wp\/v2\/media\/16286"}],"wp:attachment":[{"href":"https:\/\/autravail.ca\/en\/wp-json\/wp\/v2\/media?parent=31757"}],"wp:term":[{"taxonomy":"product_cat","embeddable":true,"href":"https:\/\/autravail.ca\/en\/wp-json\/wp\/v2\/product_cat?post=31757"},{"taxonomy":"product_tag","embeddable":true,"href":"https:\/\/autravail.ca\/en\/wp-json\/wp\/v2\/product_tag?post=31757"}],"curies":[{"name":"wp","href":"https:\/\/api.w.org\/{rel}","templated":true}]}}