{"id":31669,"date":"2025-05-08T06:53:28","date_gmt":"2025-05-08T06:53:28","guid":{"rendered":"https:\/\/meteoquebec.ca\/?post_type=product&#038;p=31669"},"modified":"2026-03-06T12:03:50","modified_gmt":"2026-03-06T16:03:50","slug":"1b270m-casquette-ripstop-filet-en-polyester","status":"publish","type":"product","link":"https:\/\/autravail.ca\/en\/product\/1b270m-casquette-ripstop-filet-en-polyester\/","title":{"rendered":"1B270M - RIPSTOP POLYESTER HAT"},"content":{"rendered":"<p>1B270M, cap in RipStop, strap in polyester - A.J.M<\/p>\n<p>Pre-laminated burgon panels and sewing Pro.<\/p>\n<p>Pre-curved palette with 8 rows of sewing<\/p>\n<p>Rear fabric attachment with Velcro closure<\/p>","protected":false},"excerpt":{"rendered":"<p>1B270M, RipStop Hat, polyester strap - A.J.M. Pre-curved panels laminated with granite and Pro stitching. Pre-marked with 8 sewing rows. Back closure in fabric with velcro fastening.<\/p>","protected":false},"featured_media":16154,"comment_status":"open","ping_status":"closed","template":"","meta":[],"product_cat":[633,602],"product_tag":[306,255,242],"class_list":{"0":"post-31669","1":"product","2":"type-product","3":"status-publish","4":"has-post-thumbnail","6":"product_brand-le-magasin-industriel","7":"product_cat-femmes","8":"product_cat-hommes","9":"product_tag-cartier","10":"product_tag-femme","11":"product_tag-homme","13":"first","14":"instock","15":"taxable","16":"shipping-taxable","17":"purchasable","18":"product-type-variable"},"yoast_head":"<!-- This site is optimized with the Yoast SEO plugin v25.3.1 - https:\/\/yoast.com\/wordpress\/plugins\/seo\/ -->\n<title>1B270M - CASQUETTE - RIPSTOP FILET EN POLYESTER - Le Magasin Industriel<\/title>\n<meta name=\"robots\" content=\"index, follow, max-snippet:-1, max-image-preview:large, max-video-preview:-1\" \/>\n<link rel=\"canonical\" href=\"https:\/\/autravail.ca\/en\/product\/1b270m-casquette-ripstop-filet-en-polyester\/\" \/>\n<meta property=\"og:locale\" content=\"en_US\" \/>\n<meta property=\"og:type\" content=\"article\" \/>\n<meta property=\"og:title\" content=\"1B270M - CASQUETTE - RIPSTOP FILET EN POLYESTER - Le Magasin Industriel\" \/>\n<meta property=\"og:description\" content=\"1B270M, casquette en RipStop, filet en polyester &#8211; A.J.M. Panneaux avant lamin\u00e9s de bougran et couture Pro. Palette pr\u00e9-courb\u00e9e avec 8 rang\u00e9es de couture. Attache arri\u00e8re en tissu avec fermeture \u00e0 velcro.\" \/>\n<meta property=\"og:url\" content=\"https:\/\/autravail.ca\/en\/product\/1b270m-casquette-ripstop-filet-en-polyester\/\" \/>\n<meta property=\"og:site_name\" content=\"Le Magasin Industriel\" \/>\n<meta property=\"article:publisher\" content=\"https:\/\/www.facebook.com\/lemagasinindustriel\/?locale=fr_FR\" \/>\n<meta property=\"article:modified_time\" content=\"2026-03-06T16:03:50+00:00\" \/>\n<meta property=\"og:image\" content=\"https:\/\/autravail.ca\/wp-content\/uploads\/2025\/05\/1B270M_noir_A01.jpg\" \/>\n\t<meta property=\"og:image:width\" content=\"800\" \/>\n\t<meta property=\"og:image:height\" content=\"720\" \/>\n\t<meta property=\"og:image:type\" content=\"image\/jpeg\" \/>\n<meta name=\"twitter:card\" content=\"summary_large_image\" \/>\n<script type=\"application\/ld+json\" class=\"yoast-schema-graph\">{\"@context\":\"https:\/\/schema.org\",\"@graph\":[{\"@type\":\"WebPage\",\"@id\":\"https:\/\/autravail.ca\/product\/1b270m-casquette-ripstop-filet-en-polyester\/\",\"url\":\"https:\/\/autravail.ca\/product\/1b270m-casquette-ripstop-filet-en-polyester\/\",\"name\":\"1B270M - CASQUETTE - RIPSTOP FILET EN POLYESTER - Le Magasin Industriel\",\"isPartOf\":{\"@id\":\"https:\/\/autravail.ca\/#website\"},\"primaryImageOfPage\":{\"@id\":\"https:\/\/autravail.ca\/product\/1b270m-casquette-ripstop-filet-en-polyester\/#primaryimage\"},\"image\":{\"@id\":\"https:\/\/autravail.ca\/product\/1b270m-casquette-ripstop-filet-en-polyester\/#primaryimage\"},\"thumbnailUrl\":\"https:\/\/autravail.ca\/wp-content\/uploads\/2025\/05\/1B270M_noir_A01.jpg\",\"datePublished\":\"2025-05-08T06:53:28+00:00\",\"dateModified\":\"2026-03-06T16:03:50+00:00\",\"breadcrumb\":{\"@id\":\"https:\/\/autravail.ca\/product\/1b270m-casquette-ripstop-filet-en-polyester\/#breadcrumb\"},\"inLanguage\":\"en-CA\",\"potentialAction\":[{\"@type\":\"ReadAction\",\"target\":[\"https:\/\/autravail.ca\/product\/1b270m-casquette-ripstop-filet-en-polyester\/\"]}]},{\"@type\":\"ImageObject\",\"inLanguage\":\"en-CA\",\"@id\":\"https:\/\/autravail.ca\/product\/1b270m-casquette-ripstop-filet-en-polyester\/#primaryimage\",\"url\":\"https:\/\/autravail.ca\/wp-content\/uploads\/2025\/05\/1B270M_noir_A01.jpg\",\"contentUrl\":\"https:\/\/autravail.ca\/wp-content\/uploads\/2025\/05\/1B270M_noir_A01.jpg\",\"width\":800,\"height\":720},{\"@type\":\"BreadcrumbList\",\"@id\":\"https:\/\/autravail.ca\/product\/1b270m-casquette-ripstop-filet-en-polyester\/#breadcrumb\",\"itemListElement\":[{\"@type\":\"ListItem\",\"position\":1,\"name\":\"Accueil\",\"item\":\"https:\/\/autravail.ca\/\"},{\"@type\":\"ListItem\",\"position\":2,\"name\":\"Magasin\",\"item\":\"https:\/\/autravail.ca\/en\/shop\/\"},{\"@type\":\"ListItem\",\"position\":3,\"name\":\"1B270M &#8211; CASQUETTE &#8211; RIPSTOP FILET EN POLYESTER\"}]},{\"@type\":\"WebSite\",\"@id\":\"https:\/\/autravail.ca\/#website\",\"url\":\"https:\/\/autravail.ca\/\",\"name\":\"Le Magasin Industriel\",\"description\":\"50 ans de tradition de s\u00e9curit\u00e9 au travail\",\"publisher\":{\"@id\":\"https:\/\/autravail.ca\/#organization\"},\"potentialAction\":[{\"@type\":\"SearchAction\",\"target\":{\"@type\":\"EntryPoint\",\"urlTemplate\":\"https:\/\/autravail.ca\/?s={search_term_string}\"},\"query-input\":{\"@type\":\"PropertyValueSpecification\",\"valueRequired\":true,\"valueName\":\"search_term_string\"}}],\"inLanguage\":\"en-CA\"},{\"@type\":\"Organization\",\"@id\":\"https:\/\/autravail.ca\/#organization\",\"name\":\"Le Magasin Industriel\",\"url\":\"https:\/\/autravail.ca\/\",\"logo\":{\"@type\":\"ImageObject\",\"inLanguage\":\"en-CA\",\"@id\":\"https:\/\/autravail.ca\/#\/schema\/logo\/image\/\",\"url\":\"https:\/\/autravail.ca\/wp-content\/uploads\/2025\/05\/cropped-magasin_industriel_120x.avif\",\"contentUrl\":\"https:\/\/autravail.ca\/wp-content\/uploads\/2025\/05\/cropped-magasin_industriel_120x.avif\",\"width\":120,\"height\":24,\"caption\":\"Le Magasin Industriel\"},\"image\":{\"@id\":\"https:\/\/autravail.ca\/#\/schema\/logo\/image\/\"},\"sameAs\":[\"https:\/\/www.facebook.com\/lemagasinindustriel\/?locale=fr_FR\"]}]}<\/script>\n<!-- \/ Yoast SEO plugin. -->","yoast_head_json":{"title":"1B270M - CASQUETTE - RIPSTOP FILET EN POLYESTER - Le Magasin Industriel","robots":{"index":"index","follow":"follow","max-snippet":"max-snippet:-1","max-image-preview":"max-image-preview:large","max-video-preview":"max-video-preview:-1"},"canonical":"https:\/\/autravail.ca\/en\/product\/1b270m-casquette-ripstop-filet-en-polyester\/","og_locale":"en_US","og_type":"article","og_title":"1B270M - CASQUETTE - RIPSTOP FILET EN POLYESTER - Le Magasin Industriel","og_description":"1B270M, casquette en RipStop, filet en polyester &#8211; A.J.M. Panneaux avant lamin\u00e9s de bougran et couture Pro. Palette pr\u00e9-courb\u00e9e avec 8 rang\u00e9es de couture. Attache arri\u00e8re en tissu avec fermeture \u00e0 velcro.","og_url":"https:\/\/autravail.ca\/en\/product\/1b270m-casquette-ripstop-filet-en-polyester\/","og_site_name":"Le Magasin Industriel","article_publisher":"https:\/\/www.facebook.com\/lemagasinindustriel\/?locale=fr_FR","article_modified_time":"2026-03-06T16:03:50+00:00","og_image":[{"width":800,"height":720,"url":"https:\/\/autravail.ca\/wp-content\/uploads\/2025\/05\/1B270M_noir_A01.jpg","type":"image\/jpeg"}],"twitter_card":"summary_large_image","schema":{"@context":"https:\/\/schema.org","@graph":[{"@type":"WebPage","@id":"https:\/\/autravail.ca\/product\/1b270m-casquette-ripstop-filet-en-polyester\/","url":"https:\/\/autravail.ca\/product\/1b270m-casquette-ripstop-filet-en-polyester\/","name":"1B270M - CASQUETTE - RIPSTOP FILET EN POLYESTER - Le Magasin Industriel","isPartOf":{"@id":"https:\/\/autravail.ca\/#website"},"primaryImageOfPage":{"@id":"https:\/\/autravail.ca\/product\/1b270m-casquette-ripstop-filet-en-polyester\/#primaryimage"},"image":{"@id":"https:\/\/autravail.ca\/product\/1b270m-casquette-ripstop-filet-en-polyester\/#primaryimage"},"thumbnailUrl":"https:\/\/autravail.ca\/wp-content\/uploads\/2025\/05\/1B270M_noir_A01.jpg","datePublished":"2025-05-08T06:53:28+00:00","dateModified":"2026-03-06T16:03:50+00:00","breadcrumb":{"@id":"https:\/\/autravail.ca\/product\/1b270m-casquette-ripstop-filet-en-polyester\/#breadcrumb"},"inLanguage":"en-CA","potentialAction":[{"@type":"ReadAction","target":["https:\/\/autravail.ca\/product\/1b270m-casquette-ripstop-filet-en-polyester\/"]}]},{"@type":"ImageObject","inLanguage":"en-CA","@id":"https:\/\/autravail.ca\/product\/1b270m-casquette-ripstop-filet-en-polyester\/#primaryimage","url":"https:\/\/autravail.ca\/wp-content\/uploads\/2025\/05\/1B270M_noir_A01.jpg","contentUrl":"https:\/\/autravail.ca\/wp-content\/uploads\/2025\/05\/1B270M_noir_A01.jpg","width":800,"height":720},{"@type":"BreadcrumbList","@id":"https:\/\/autravail.ca\/product\/1b270m-casquette-ripstop-filet-en-polyester\/#breadcrumb","itemListElement":[{"@type":"ListItem","position":1,"name":"Accueil","item":"https:\/\/autravail.ca\/"},{"@type":"ListItem","position":2,"name":"Magasin","item":"https:\/\/autravail.ca\/en\/shop\/"},{"@type":"ListItem","position":3,"name":"1B270M &#8211; CASQUETTE &#8211; RIPSTOP FILET EN POLYESTER"}]},{"@type":"WebSite","@id":"https:\/\/autravail.ca\/#website","url":"https:\/\/autravail.ca\/","name":"Le Magasin Industriel","description":"50 ans de tradition de s\u00e9curit\u00e9 au travail","publisher":{"@id":"https:\/\/autravail.ca\/#organization"},"potentialAction":[{"@type":"SearchAction","target":{"@type":"EntryPoint","urlTemplate":"https:\/\/autravail.ca\/?s={search_term_string}"},"query-input":{"@type":"PropertyValueSpecification","valueRequired":true,"valueName":"search_term_string"}}],"inLanguage":"en-CA"},{"@type":"Organization","@id":"https:\/\/autravail.ca\/#organization","name":"Le Magasin Industriel","url":"https:\/\/autravail.ca\/","logo":{"@type":"ImageObject","inLanguage":"en-CA","@id":"https:\/\/autravail.ca\/#\/schema\/logo\/image\/","url":"https:\/\/autravail.ca\/wp-content\/uploads\/2025\/05\/cropped-magasin_industriel_120x.avif","contentUrl":"https:\/\/autravail.ca\/wp-content\/uploads\/2025\/05\/cropped-magasin_industriel_120x.avif","width":120,"height":24,"caption":"Le Magasin Industriel"},"image":{"@id":"https:\/\/autravail.ca\/#\/schema\/logo\/image\/"},"sameAs":["https:\/\/www.facebook.com\/lemagasinindustriel\/?locale=fr_FR"]}]}},"jetpack_sharing_enabled":true,"_links":{"self":[{"href":"https:\/\/autravail.ca\/en\/wp-json\/wp\/v2\/product\/31669","targetHints":{"allow":["GET"]}}],"collection":[{"href":"https:\/\/autravail.ca\/en\/wp-json\/wp\/v2\/product"}],"about":[{"href":"https:\/\/autravail.ca\/en\/wp-json\/wp\/v2\/types\/product"}],"replies":[{"embeddable":true,"href":"https:\/\/autravail.ca\/en\/wp-json\/wp\/v2\/comments?post=31669"}],"wp:featuredmedia":[{"embeddable":true,"href":"https:\/\/autravail.ca\/en\/wp-json\/wp\/v2\/media\/16154"}],"wp:attachment":[{"href":"https:\/\/autravail.ca\/en\/wp-json\/wp\/v2\/media?parent=31669"}],"wp:term":[{"taxonomy":"product_cat","embeddable":true,"href":"https:\/\/autravail.ca\/en\/wp-json\/wp\/v2\/product_cat?post=31669"},{"taxonomy":"product_tag","embeddable":true,"href":"https:\/\/autravail.ca\/en\/wp-json\/wp\/v2\/product_tag?post=31669"}],"curies":[{"name":"wp","href":"https:\/\/api.w.org\/{rel}","templated":true}]}}