{"id":31637,"date":"2025-05-08T06:53:08","date_gmt":"2025-05-08T06:53:08","guid":{"rendered":"https:\/\/meteoquebec.ca\/?post_type=product&#038;p=31637"},"modified":"2026-03-27T15:16:06","modified_gmt":"2026-03-27T19:16:06","slug":"soulier-de-travail-alice-c78590","status":"publish","type":"product","link":"https:\/\/autravail.ca\/en\/product\/soulier-de-travail-alice-c78590\/","title":{"rendered":"Soulier de travail Alice &#8211; C78590"},"content":{"rendered":"<h3>Soulier de travail Alice &#8211; C78590<\/h3>\n<p>Soulier de travail Alice &#8211; C78590 de Cofra baptis\u00e9\u00a0<strong class=\"Yjhzub\" data-sfc-root=\"c\" data-sfc-cb=\"\" data-complete=\"true\" data-processed=\"true\">Alice.<\/strong>\u00a0C&rsquo;est une chaussure de travail de type espadrille, con\u00e7ue pour \u00eatre ultra-l\u00e9g\u00e8re et extr\u00eamement respirante.<\/p>\n<p><img decoding=\"async\" class=\"alignnone size-full wp-image-44373\" src=\"https:\/\/autravail.ca\/wp-content\/uploads\/2025\/05\/logo-CSA-SD-1.jpg\" alt=\"\" width=\"300\" height=\"87\" srcset=\"https:\/\/autravail.ca\/wp-content\/uploads\/2025\/05\/logo-CSA-SD-1.jpg 300w, https:\/\/autravail.ca\/wp-content\/uploads\/2025\/05\/logo-CSA-SD-1-150x44.jpg 150w, https:\/\/autravail.ca\/wp-content\/uploads\/2025\/05\/logo-CSA-SD-1-18x5.jpg 18w\" sizes=\"(max-width: 300px) 100vw, 300px\" \/><\/p>\n<h3>Characteristics:<\/h3>\n<ul>\n<li>Nubuck Waterproof Leather Tube.<\/li>\n<li>SANY-DRY Lining<\/li>\n<li>PU\/TPU Sole<\/li>\n<li>Aluminum Protective Cap<\/li>\n<li>Non-metallic Interlayered Sole (APT)<\/li>\n<li>Women's Shoes.<\/li>\n<li>Removable interior sole - Cofra Soft scented<\/li>\n<li>Fabriqu\u00e9e avec un tissu technique 3D hautement respirant et de la microfibre. C&rsquo;est le choix id\u00e9al pour les femmes travaillant de longues heures \u00e0 l&rsquo;int\u00e9rieur (entrep\u00f4ts, usines, logistique) car il \u00e9vacue la chaleur efficacement.<\/li>\n<li class=\"dF3vjf\" data-sfc-root=\"c\" data-sfc-cb=\"\" data-hveid=\"CAEIAxAB\" data-complete=\"true\" data-sae=\"\"><span class=\"T286Pc\" data-sfc-cp=\"\" data-sfc-root=\"c\" data-sfc-cb=\"\" data-complete=\"true\" aria-owns=\"action-menu-parent-container\"><strong class=\"Yjhzub\" data-sfc-root=\"c\" data-sfc-cb=\"\" data-complete=\"true\">Protection 100 % Sans M\u00e9tal<\/strong>\u00a0: Elle utilise un embout de s\u00e9curit\u00e9\u00a0<strong class=\"Yjhzub\" data-sfc-root=\"c\" data-sfc-cb=\"\" data-complete=\"true\">TOP RETURN en composite<\/strong>\u00a0et une semelle antiperforation non m\u00e9tallique\u00a0<strong class=\"Yjhzub\" data-sfc-root=\"c\" data-sfc-cb=\"\" data-complete=\"true\">APT Plate<\/strong>. Cela la rend plus l\u00e9g\u00e8re que les mod\u00e8les avec acier et ne sonne pas aux d\u00e9tecteurs de m\u00e9taux.<\/span><\/li>\n<li class=\"dF3vjf\" data-sfc-root=\"c\" data-sfc-cb=\"\" data-hveid=\"CAEIAxAC\" data-complete=\"true\" data-sae=\"\"><span class=\"T286Pc\" data-sfc-cp=\"\" data-sfc-root=\"c\" data-sfc-cb=\"\" data-complete=\"true\"><strong class=\"Yjhzub\" data-sfc-root=\"c\" data-sfc-cb=\"\" data-complete=\"true\">Dissipateur de statique (SD)<\/strong>\u00a0: Certifi\u00e9e pour dissiper l&rsquo;\u00e9lectricit\u00e9 statique, ce qui est essentiel pour manipuler des composants \u00e9lectroniques ou travailler dans des environnements sensibles<\/span><\/li>\n<li class=\"dF3vjf\" data-sfc-root=\"c\" data-sfc-cb=\"\" data-hveid=\"CAEIBRAA\" data-complete=\"true\" data-sae=\"\"><span class=\"T286Pc\" data-sfc-cp=\"\" data-sfc-root=\"c\" data-sfc-cb=\"\" data-complete=\"true\"><strong class=\"Yjhzub\" data-sfc-root=\"c\" data-sfc-cb=\"\" data-complete=\"true\">Semelle int\u00e9rieure COFRA SOFT<\/strong>\u00a0: Une semelle amovible en polyur\u00e9thane parfum\u00e9, anatomique et tr\u00e8s souple, con\u00e7ue pour absorber les chocs au talon et r\u00e9duire la fatigue.<\/span><\/li>\n<li class=\"dF3vjf\" data-sfc-root=\"c\" data-sfc-cb=\"\" data-hveid=\"CAEIBRAB\" data-complete=\"true\" data-sae=\"\"><span class=\"T286Pc\" data-sfc-cp=\"\" data-sfc-root=\"c\" data-sfc-cb=\"\" data-complete=\"true\"><strong class=\"Yjhzub\" data-sfc-root=\"c\" data-sfc-cb=\"\" data-complete=\"true\">Semelle ext\u00e9rieure en PU\/TPU<\/strong>\u00a0: Offre une excellente adh\u00e9rence (antid\u00e9rapante) et une grande flexibilit\u00e9 pour accompagner le mouvement naturel du pied.<\/span><\/li>\n<li class=\"dF3vjf\" data-sfc-root=\"c\" data-sfc-cb=\"\" data-hveid=\"CAEIBRAC\" data-complete=\"true\" data-sae=\"\"><span class=\"T286Pc\" data-sfc-cp=\"\" data-sfc-root=\"c\" data-sfc-cb=\"\" data-complete=\"true\"><strong class=\"Yjhzub\" data-sfc-root=\"c\" data-sfc-cb=\"\" data-complete=\"true\">Doublure SANY-DRY<\/strong>\u00a0: Doublure 100 % polyester, respirante, antibact\u00e9rienne et r\u00e9sistante \u00e0 l&rsquo;abrasion.<\/span><button class=\"rBl3me\" tabindex=\"0\" data-amic=\"true\" data-icl-uuid=\"4f056391-08af-4050-9a20-066fcbcaaadf\" aria-label=\"Afficher les liens associ\u00e9s\" data-wiz-attrbind=\"disabled=p0jNuf_1l\/C5gNJc;aria-label=p0jNuf_1l\/bOjMyf;class=p0jNuf_1l\/UpSNec\" data-ved=\"2ahUKEwjGrbmg48CTAxW0M2IAHVZvMm0Qye0OegYIAQgFEAM\" data-hveid=\"CAEIBRAD\"><\/button><\/li>\n<li class=\"dF3vjf\" data-sfc-root=\"c\" data-sfc-cb=\"\" data-hveid=\"CAEIBxAA\" data-complete=\"true\" data-sae=\"\"><span class=\"T286Pc\" data-sfc-cp=\"\" data-sfc-root=\"c\" data-sfc-cb=\"\" data-complete=\"true\" aria-owns=\"action-menu-parent-container\"><strong class=\"Yjhzub\" data-sfc-root=\"c\" data-sfc-cb=\"\" data-complete=\"true\">Certifications<\/strong>\u00a0: Homologu\u00e9e\u00a0<strong class=\"Yjhzub\" data-sfc-root=\"c\" data-sfc-cb=\"\" data-complete=\"true\">CSA Grade 1<\/strong>\u00a0(Triangle Vert).<\/span><\/li>\n<\/ul>\n<p><img decoding=\"async\" class=\"alignnone wp-image-40620\" src=\"https:\/\/autravail.ca\/wp-content\/uploads\/2025\/09\/Jachete-quebec-et-canada.jpg\" alt=\"Logo de l'achat local\" width=\"162\" height=\"139\" \/>Merci d&rsquo;encourager une entreprise 100% d&rsquo;ici!<\/p>\n<p>TS2603H<\/p>\n<p>&nbsp;<\/p>\n<p>&nbsp;<\/p>","protected":false},"excerpt":{"rendered":"<p>Soulier de travail Alice &#8211; C78590 Soulier de travail Alice &#8211; C78590 de Cofra baptis\u00e9\u00a0Alice.\u00a0C&rsquo;est une chaussure de travail de type espadrille, con\u00e7ue pour \u00eatre ultra-l\u00e9g\u00e8re et extr\u00eamement respirante. Caract\u00e9ristiques: Tige en cuir nubuck imperm\u00e9able. Doublure SANY-DRY. Semelle de PU\/TPU. Embout protecteur en aluminium. Semelle intercalaire non m\u00e9tallique APT. Chaussure pour femmes. Semelle int\u00e9rieure amovible [&hellip;]<\/p>","protected":false},"featured_media":16110,"comment_status":"open","ping_status":"closed","template":"","meta":[],"product_cat":[633,619,617],"product_tag":[255,253,257,283],"class_list":{"0":"post-31637","1":"product","2":"type-product","3":"status-publish","4":"has-post-thumbnail","6":"product_brand-acton","7":"product_cat-femmes","8":"product_cat-souliers-de-travail","9":"product_cat-souliers-de-travail-femme","10":"product_tag-femme","11":"product_tag-sole-protection","12":"product_tag-souliers-de-travail","13":"product_tag-static-dissipative","15":"first","16":"instock","17":"taxable","18":"shipping-taxable","19":"purchasable","20":"product-type-variable"},"yoast_head":"<!-- This site is optimized with the Yoast SEO plugin v25.3.1 - https:\/\/yoast.com\/wordpress\/plugins\/seo\/ -->\n<title>Soulier de travail Alice - C78590 - Le Magasin Industriel<\/title>\n<meta name=\"description\" content=\"Soulier de travail Alice - C78590. C&#039;est une chaussure de travail de type espadrille, con\u00e7ue pour \u00eatre ultra-l\u00e9g\u00e8re et extr\u00eamement respirante\" \/>\n<meta name=\"robots\" content=\"index, follow, max-snippet:-1, max-image-preview:large, max-video-preview:-1\" \/>\n<link rel=\"canonical\" href=\"https:\/\/autravail.ca\/en\/product\/soulier-de-travail-alice-c78590\/\" \/>\n<meta property=\"og:locale\" content=\"en_US\" \/>\n<meta property=\"og:type\" content=\"article\" \/>\n<meta property=\"og:title\" content=\"Soulier de travail Alice - C78590 - Le Magasin Industriel\" \/>\n<meta property=\"og:description\" content=\"Soulier de travail Alice - C78590. C&#039;est une chaussure de travail de type espadrille, con\u00e7ue pour \u00eatre ultra-l\u00e9g\u00e8re et extr\u00eamement respirante\" \/>\n<meta property=\"og:url\" content=\"https:\/\/autravail.ca\/en\/product\/soulier-de-travail-alice-c78590\/\" \/>\n<meta property=\"og:site_name\" content=\"Le Magasin Industriel\" \/>\n<meta property=\"article:publisher\" content=\"https:\/\/www.facebook.com\/lemagasinindustriel\/?locale=fr_FR\" \/>\n<meta property=\"article:modified_time\" content=\"2026-03-27T19:16:06+00:00\" \/>\n<meta property=\"og:image\" content=\"https:\/\/autravail.ca\/wp-content\/uploads\/2025\/05\/C78590-11_A01.jpg\" \/>\n\t<meta property=\"og:image:width\" content=\"1000\" \/>\n\t<meta property=\"og:image:height\" content=\"1000\" \/>\n\t<meta property=\"og:image:type\" content=\"image\/jpeg\" \/>\n<meta name=\"twitter:card\" content=\"summary_large_image\" \/>\n<meta name=\"twitter:label1\" content=\"Est. reading time\" \/>\n\t<meta name=\"twitter:data1\" content=\"2 minutes\" \/>\n<script type=\"application\/ld+json\" class=\"yoast-schema-graph\">{\"@context\":\"https:\/\/schema.org\",\"@graph\":[{\"@type\":\"WebPage\",\"@id\":\"https:\/\/autravail.ca\/product\/soulier-de-travail-alice-c78590\/\",\"url\":\"https:\/\/autravail.ca\/product\/soulier-de-travail-alice-c78590\/\",\"name\":\"Soulier de travail Alice - C78590 - Le Magasin Industriel\",\"isPartOf\":{\"@id\":\"https:\/\/autravail.ca\/#website\"},\"primaryImageOfPage\":{\"@id\":\"https:\/\/autravail.ca\/product\/soulier-de-travail-alice-c78590\/#primaryimage\"},\"image\":{\"@id\":\"https:\/\/autravail.ca\/product\/soulier-de-travail-alice-c78590\/#primaryimage\"},\"thumbnailUrl\":\"https:\/\/autravail.ca\/wp-content\/uploads\/2025\/05\/C78590-11_A01.jpg\",\"datePublished\":\"2025-05-08T06:53:08+00:00\",\"dateModified\":\"2026-03-27T19:16:06+00:00\",\"description\":\"Soulier de travail Alice - C78590. C'est une chaussure de travail de type espadrille, con\u00e7ue pour \u00eatre ultra-l\u00e9g\u00e8re et extr\u00eamement respirante\",\"breadcrumb\":{\"@id\":\"https:\/\/autravail.ca\/product\/soulier-de-travail-alice-c78590\/#breadcrumb\"},\"inLanguage\":\"en-CA\",\"potentialAction\":[{\"@type\":\"ReadAction\",\"target\":[\"https:\/\/autravail.ca\/product\/soulier-de-travail-alice-c78590\/\"]}]},{\"@type\":\"ImageObject\",\"inLanguage\":\"en-CA\",\"@id\":\"https:\/\/autravail.ca\/product\/soulier-de-travail-alice-c78590\/#primaryimage\",\"url\":\"https:\/\/autravail.ca\/wp-content\/uploads\/2025\/05\/C78590-11_A01.jpg\",\"contentUrl\":\"https:\/\/autravail.ca\/wp-content\/uploads\/2025\/05\/C78590-11_A01.jpg\",\"width\":1000,\"height\":1000,\"caption\":\"Soulier de travail Alice - C78590\"},{\"@type\":\"BreadcrumbList\",\"@id\":\"https:\/\/autravail.ca\/product\/soulier-de-travail-alice-c78590\/#breadcrumb\",\"itemListElement\":[{\"@type\":\"ListItem\",\"position\":1,\"name\":\"Accueil\",\"item\":\"https:\/\/autravail.ca\/\"},{\"@type\":\"ListItem\",\"position\":2,\"name\":\"Magasin\",\"item\":\"https:\/\/autravail.ca\/en\/shop\/\"},{\"@type\":\"ListItem\",\"position\":3,\"name\":\"Soulier de travail Alice &#8211; C78590\"}]},{\"@type\":\"WebSite\",\"@id\":\"https:\/\/autravail.ca\/#website\",\"url\":\"https:\/\/autravail.ca\/\",\"name\":\"Le Magasin Industriel\",\"description\":\"50 ans de tradition de s\u00e9curit\u00e9 au travail\",\"publisher\":{\"@id\":\"https:\/\/autravail.ca\/#organization\"},\"potentialAction\":[{\"@type\":\"SearchAction\",\"target\":{\"@type\":\"EntryPoint\",\"urlTemplate\":\"https:\/\/autravail.ca\/?s={search_term_string}\"},\"query-input\":{\"@type\":\"PropertyValueSpecification\",\"valueRequired\":true,\"valueName\":\"search_term_string\"}}],\"inLanguage\":\"en-CA\"},{\"@type\":\"Organization\",\"@id\":\"https:\/\/autravail.ca\/#organization\",\"name\":\"Le Magasin Industriel\",\"url\":\"https:\/\/autravail.ca\/\",\"logo\":{\"@type\":\"ImageObject\",\"inLanguage\":\"en-CA\",\"@id\":\"https:\/\/autravail.ca\/#\/schema\/logo\/image\/\",\"url\":\"https:\/\/autravail.ca\/wp-content\/uploads\/2025\/05\/cropped-magasin_industriel_120x.avif\",\"contentUrl\":\"https:\/\/autravail.ca\/wp-content\/uploads\/2025\/05\/cropped-magasin_industriel_120x.avif\",\"width\":120,\"height\":24,\"caption\":\"Le Magasin Industriel\"},\"image\":{\"@id\":\"https:\/\/autravail.ca\/#\/schema\/logo\/image\/\"},\"sameAs\":[\"https:\/\/www.facebook.com\/lemagasinindustriel\/?locale=fr_FR\"]}]}<\/script>\n<!-- \/ Yoast SEO plugin. -->","yoast_head_json":{"title":"Soulier de travail Alice - C78590 - Le Magasin Industriel","description":"Soulier de travail Alice - C78590. C'est une chaussure de travail de type espadrille, con\u00e7ue pour \u00eatre ultra-l\u00e9g\u00e8re et extr\u00eamement respirante","robots":{"index":"index","follow":"follow","max-snippet":"max-snippet:-1","max-image-preview":"max-image-preview:large","max-video-preview":"max-video-preview:-1"},"canonical":"https:\/\/autravail.ca\/en\/product\/soulier-de-travail-alice-c78590\/","og_locale":"en_US","og_type":"article","og_title":"Soulier de travail Alice - C78590 - Le Magasin Industriel","og_description":"Soulier de travail Alice - C78590. C'est une chaussure de travail de type espadrille, con\u00e7ue pour \u00eatre ultra-l\u00e9g\u00e8re et extr\u00eamement respirante","og_url":"https:\/\/autravail.ca\/en\/product\/soulier-de-travail-alice-c78590\/","og_site_name":"Le Magasin Industriel","article_publisher":"https:\/\/www.facebook.com\/lemagasinindustriel\/?locale=fr_FR","article_modified_time":"2026-03-27T19:16:06+00:00","og_image":[{"width":1000,"height":1000,"url":"https:\/\/autravail.ca\/wp-content\/uploads\/2025\/05\/C78590-11_A01.jpg","type":"image\/jpeg"}],"twitter_card":"summary_large_image","twitter_misc":{"Est. reading time":"2 minutes"},"schema":{"@context":"https:\/\/schema.org","@graph":[{"@type":"WebPage","@id":"https:\/\/autravail.ca\/product\/soulier-de-travail-alice-c78590\/","url":"https:\/\/autravail.ca\/product\/soulier-de-travail-alice-c78590\/","name":"Soulier de travail Alice - C78590 - Le Magasin Industriel","isPartOf":{"@id":"https:\/\/autravail.ca\/#website"},"primaryImageOfPage":{"@id":"https:\/\/autravail.ca\/product\/soulier-de-travail-alice-c78590\/#primaryimage"},"image":{"@id":"https:\/\/autravail.ca\/product\/soulier-de-travail-alice-c78590\/#primaryimage"},"thumbnailUrl":"https:\/\/autravail.ca\/wp-content\/uploads\/2025\/05\/C78590-11_A01.jpg","datePublished":"2025-05-08T06:53:08+00:00","dateModified":"2026-03-27T19:16:06+00:00","description":"Soulier de travail Alice - C78590. C'est une chaussure de travail de type espadrille, con\u00e7ue pour \u00eatre ultra-l\u00e9g\u00e8re et extr\u00eamement respirante","breadcrumb":{"@id":"https:\/\/autravail.ca\/product\/soulier-de-travail-alice-c78590\/#breadcrumb"},"inLanguage":"en-CA","potentialAction":[{"@type":"ReadAction","target":["https:\/\/autravail.ca\/product\/soulier-de-travail-alice-c78590\/"]}]},{"@type":"ImageObject","inLanguage":"en-CA","@id":"https:\/\/autravail.ca\/product\/soulier-de-travail-alice-c78590\/#primaryimage","url":"https:\/\/autravail.ca\/wp-content\/uploads\/2025\/05\/C78590-11_A01.jpg","contentUrl":"https:\/\/autravail.ca\/wp-content\/uploads\/2025\/05\/C78590-11_A01.jpg","width":1000,"height":1000,"caption":"Soulier de travail Alice - C78590"},{"@type":"BreadcrumbList","@id":"https:\/\/autravail.ca\/product\/soulier-de-travail-alice-c78590\/#breadcrumb","itemListElement":[{"@type":"ListItem","position":1,"name":"Accueil","item":"https:\/\/autravail.ca\/"},{"@type":"ListItem","position":2,"name":"Magasin","item":"https:\/\/autravail.ca\/en\/shop\/"},{"@type":"ListItem","position":3,"name":"Soulier de travail Alice &#8211; C78590"}]},{"@type":"WebSite","@id":"https:\/\/autravail.ca\/#website","url":"https:\/\/autravail.ca\/","name":"Le Magasin Industriel","description":"50 ans de tradition de s\u00e9curit\u00e9 au travail","publisher":{"@id":"https:\/\/autravail.ca\/#organization"},"potentialAction":[{"@type":"SearchAction","target":{"@type":"EntryPoint","urlTemplate":"https:\/\/autravail.ca\/?s={search_term_string}"},"query-input":{"@type":"PropertyValueSpecification","valueRequired":true,"valueName":"search_term_string"}}],"inLanguage":"en-CA"},{"@type":"Organization","@id":"https:\/\/autravail.ca\/#organization","name":"Le Magasin Industriel","url":"https:\/\/autravail.ca\/","logo":{"@type":"ImageObject","inLanguage":"en-CA","@id":"https:\/\/autravail.ca\/#\/schema\/logo\/image\/","url":"https:\/\/autravail.ca\/wp-content\/uploads\/2025\/05\/cropped-magasin_industriel_120x.avif","contentUrl":"https:\/\/autravail.ca\/wp-content\/uploads\/2025\/05\/cropped-magasin_industriel_120x.avif","width":120,"height":24,"caption":"Le Magasin Industriel"},"image":{"@id":"https:\/\/autravail.ca\/#\/schema\/logo\/image\/"},"sameAs":["https:\/\/www.facebook.com\/lemagasinindustriel\/?locale=fr_FR"]}]}},"jetpack_sharing_enabled":true,"_links":{"self":[{"href":"https:\/\/autravail.ca\/en\/wp-json\/wp\/v2\/product\/31637","targetHints":{"allow":["GET"]}}],"collection":[{"href":"https:\/\/autravail.ca\/en\/wp-json\/wp\/v2\/product"}],"about":[{"href":"https:\/\/autravail.ca\/en\/wp-json\/wp\/v2\/types\/product"}],"replies":[{"embeddable":true,"href":"https:\/\/autravail.ca\/en\/wp-json\/wp\/v2\/comments?post=31637"}],"wp:featuredmedia":[{"embeddable":true,"href":"https:\/\/autravail.ca\/en\/wp-json\/wp\/v2\/media\/16110"}],"wp:attachment":[{"href":"https:\/\/autravail.ca\/en\/wp-json\/wp\/v2\/media?parent=31637"}],"wp:term":[{"taxonomy":"product_cat","embeddable":true,"href":"https:\/\/autravail.ca\/en\/wp-json\/wp\/v2\/product_cat?post=31637"},{"taxonomy":"product_tag","embeddable":true,"href":"https:\/\/autravail.ca\/en\/wp-json\/wp\/v2\/product_tag?post=31637"}],"curies":[{"name":"wp","href":"https:\/\/api.w.org\/{rel}","templated":true}]}}