{"id":31608,"date":"2025-05-08T06:52:49","date_gmt":"2025-05-08T06:52:49","guid":{"rendered":"https:\/\/meteoquebec.ca\/?post_type=product&#038;p=31608"},"modified":"2026-03-27T15:05:26","modified_gmt":"2026-03-27T19:05:26","slug":"soulier-de-travail-connolly-c78580","status":"publish","type":"product","link":"https:\/\/autravail.ca\/en\/product\/soulier-de-travail-connolly-c78580\/","title":{"rendered":"Soulier de travail Connolly &#8211; C78580"},"content":{"rendered":"<h3>Soulier de travail Connolly &#8211; C78580<\/h3>\n<p>Soulier de travail Connolly &#8211; C78580 de Cofra. Sportive et v\u00e9gane, mod\u00e8le phare de Cofra, est fabriqu\u00e9e en Microtech, une microfibre de polyester respirante enduite de polyur\u00e9thane pour une l\u00e9g\u00e8ret\u00e9, un confort et une durabilit\u00e9 exceptionnels. Certifi\u00e9e CSA SD+, elle offre une protection compl\u00e8te gr\u00e2ce \u00e0 sa semelle ext\u00e9rieure antid\u00e9rapante en TPU, son embout de s\u00e9curit\u00e9 en aluminium et sa plaque anti-perforation composite l\u00e9g\u00e8re. Le choix id\u00e9al pour les travailleurs qui privil\u00e9gient la performance, la s\u00e9curit\u00e9 et le style au quotidien.<\/p>\n<p><img decoding=\"async\" class=\"alignnone size-full wp-image-44373\" src=\"https:\/\/autravail.ca\/wp-content\/uploads\/2025\/05\/logo-CSA-SD-1.jpg\" alt=\"\" width=\"300\" height=\"87\" srcset=\"https:\/\/autravail.ca\/wp-content\/uploads\/2025\/05\/logo-CSA-SD-1.jpg 300w, https:\/\/autravail.ca\/wp-content\/uploads\/2025\/05\/logo-CSA-SD-1-150x44.jpg 150w, https:\/\/autravail.ca\/wp-content\/uploads\/2025\/05\/logo-CSA-SD-1-18x5.jpg 18w\" sizes=\"(max-width: 300px) 100vw, 300px\" \/><\/p>\n<h5>Characteristics:<\/h5>\n<ul>\n<li><span dir=\"auto\"><span dir=\"auto\">Hauteur : 5&Prime; \/ 12,5 cm<\/span><\/span><\/li>\n<li><span dir=\"auto\"><span dir=\"auto\">Chaussure v\u00e9gane avec tige respirante en microfibre Microtech.<\/span><\/span><\/li>\n<li><span dir=\"auto\"><span dir=\"auto\">Doublure Sany-Dry 100 % polyester, tridimensionnelle, respirante, antimicrobienne, absorbante, \u00e9vacuant l&rsquo;humidit\u00e9 et r\u00e9sistante \u00e0 l&rsquo;abrasion.<\/span><\/span><\/li>\n<li><span dir=\"auto\"><span dir=\"auto\">Semelle int\u00e9rieure amovible Cofra Soft, en polyur\u00e9thane parfum\u00e9, antistatique, anatomique, douce et confortable ; la forme de la couche inf\u00e9rieure garantit l&rsquo;absorption de l&rsquo;\u00e9nergie d&rsquo;impact ; la couche sup\u00e9rieure absorbe l&rsquo;humidit\u00e9 et garde le pied au sec.<\/span><\/span><\/li>\n<li><span dir=\"auto\"><span dir=\"auto\">Semelle ext\u00e9rieure en PU\/TPU.<\/span><\/span><\/li>\n<li><span dir=\"auto\"><span dir=\"auto\">Embout en aluminium, plus l\u00e9ger que l&rsquo;acier, pour r\u00e9duire la fatigue du pied.<\/span><\/span><\/li>\n<li><span dir=\"auto\"><span dir=\"auto\">Semelle interm\u00e9diaire anti-perforation en plaque APT non m\u00e9tallique \u2013 Z\u00e9ro perforation.<\/span><\/span><\/li>\n<\/ul>\n<p><em><span style=\"color: #fa0b0b;\">Unisex U.S. men's sizes presented. To convert to U.S. women's size, add 2 sizes. Example: 5 U.S. men = 7 U.S. women<\/span><\/em><\/p>\n<p><img decoding=\"async\" class=\"alignnone wp-image-40620\" src=\"https:\/\/autravail.ca\/wp-content\/uploads\/2025\/09\/Jachete-quebec-et-canada.jpg\" alt=\"Logo de l'achat local\" width=\"162\" height=\"139\" \/>Merci d&rsquo;encourager une entreprise 100% d&rsquo;ici!<\/p>\n<p>TS2603H<\/p>","protected":false},"excerpt":{"rendered":"<p>Soulier de travail Connolly &#8211; C78580 Soulier de travail Connolly &#8211; C78580 de Cofra. Sportive et v\u00e9gane, mod\u00e8le phare de Cofra, est fabriqu\u00e9e en Microtech, une microfibre de polyester respirante enduite de polyur\u00e9thane pour une l\u00e9g\u00e8ret\u00e9, un confort et une durabilit\u00e9 exceptionnels. Certifi\u00e9e CSA SD+, elle offre une protection compl\u00e8te gr\u00e2ce \u00e0 sa semelle ext\u00e9rieure [&hellip;]<\/p>","protected":false},"featured_media":16085,"comment_status":"open","ping_status":"closed","template":"","meta":[],"product_cat":[602,619],"product_tag":[242,253,257,283],"class_list":{"0":"post-31608","1":"product","2":"type-product","3":"status-publish","4":"has-post-thumbnail","6":"product_brand-acton","7":"product_cat-hommes","8":"product_cat-souliers-de-travail","9":"product_tag-homme","10":"product_tag-sole-protection","11":"product_tag-souliers-de-travail","12":"product_tag-static-dissipative","14":"first","15":"instock","16":"taxable","17":"shipping-taxable","18":"purchasable","19":"product-type-variable"},"yoast_head":"<!-- This site is optimized with the Yoast SEO plugin v25.3.1 - https:\/\/yoast.com\/wordpress\/plugins\/seo\/ -->\n<title>Soulier de travail Connolly - C78580 - Le Magasin Industriel<\/title>\n<meta name=\"description\" content=\"Soulier de travail Connolly - C78580 sportive et v\u00e9gane, mod\u00e8le phare de Cofra, est fabriqu\u00e9e en Microtech, une microfibre de polyester respirante\" \/>\n<meta name=\"robots\" content=\"index, follow, max-snippet:-1, max-image-preview:large, max-video-preview:-1\" \/>\n<link rel=\"canonical\" href=\"https:\/\/autravail.ca\/en\/product\/soulier-de-travail-connolly-c78580\/\" \/>\n<meta property=\"og:locale\" content=\"en_US\" \/>\n<meta property=\"og:type\" content=\"article\" \/>\n<meta property=\"og:title\" content=\"Soulier de travail Connolly - C78580 - Le Magasin Industriel\" \/>\n<meta property=\"og:description\" content=\"Soulier de travail Connolly - C78580 sportive et v\u00e9gane, mod\u00e8le phare de Cofra, est fabriqu\u00e9e en Microtech, une microfibre de polyester respirante\" \/>\n<meta property=\"og:url\" content=\"https:\/\/autravail.ca\/en\/product\/soulier-de-travail-connolly-c78580\/\" \/>\n<meta property=\"og:site_name\" content=\"Le Magasin Industriel\" \/>\n<meta property=\"article:publisher\" content=\"https:\/\/www.facebook.com\/lemagasinindustriel\/?locale=fr_FR\" \/>\n<meta property=\"article:modified_time\" content=\"2026-03-27T19:05:26+00:00\" \/>\n<meta property=\"og:image\" content=\"https:\/\/autravail.ca\/wp-content\/uploads\/2025\/05\/C78580-11_A01.jpg\" \/>\n\t<meta property=\"og:image:width\" content=\"1000\" \/>\n\t<meta property=\"og:image:height\" content=\"1000\" \/>\n\t<meta property=\"og:image:type\" content=\"image\/jpeg\" \/>\n<meta name=\"twitter:card\" content=\"summary_large_image\" \/>\n<meta name=\"twitter:label1\" content=\"Est. reading time\" \/>\n\t<meta name=\"twitter:data1\" content=\"2 minutes\" \/>\n<script type=\"application\/ld+json\" class=\"yoast-schema-graph\">{\"@context\":\"https:\/\/schema.org\",\"@graph\":[{\"@type\":\"WebPage\",\"@id\":\"https:\/\/autravail.ca\/product\/soulier-de-travail-connolly-c78580\/\",\"url\":\"https:\/\/autravail.ca\/product\/soulier-de-travail-connolly-c78580\/\",\"name\":\"Soulier de travail Connolly - C78580 - Le Magasin Industriel\",\"isPartOf\":{\"@id\":\"https:\/\/autravail.ca\/#website\"},\"primaryImageOfPage\":{\"@id\":\"https:\/\/autravail.ca\/product\/soulier-de-travail-connolly-c78580\/#primaryimage\"},\"image\":{\"@id\":\"https:\/\/autravail.ca\/product\/soulier-de-travail-connolly-c78580\/#primaryimage\"},\"thumbnailUrl\":\"https:\/\/autravail.ca\/wp-content\/uploads\/2025\/05\/C78580-11_A01.jpg\",\"datePublished\":\"2025-05-08T06:52:49+00:00\",\"dateModified\":\"2026-03-27T19:05:26+00:00\",\"description\":\"Soulier de travail Connolly - C78580 sportive et v\u00e9gane, mod\u00e8le phare de Cofra, est fabriqu\u00e9e en Microtech, une microfibre de polyester respirante\",\"breadcrumb\":{\"@id\":\"https:\/\/autravail.ca\/product\/soulier-de-travail-connolly-c78580\/#breadcrumb\"},\"inLanguage\":\"en-CA\",\"potentialAction\":[{\"@type\":\"ReadAction\",\"target\":[\"https:\/\/autravail.ca\/product\/soulier-de-travail-connolly-c78580\/\"]}]},{\"@type\":\"ImageObject\",\"inLanguage\":\"en-CA\",\"@id\":\"https:\/\/autravail.ca\/product\/soulier-de-travail-connolly-c78580\/#primaryimage\",\"url\":\"https:\/\/autravail.ca\/wp-content\/uploads\/2025\/05\/C78580-11_A01.jpg\",\"contentUrl\":\"https:\/\/autravail.ca\/wp-content\/uploads\/2025\/05\/C78580-11_A01.jpg\",\"width\":1000,\"height\":1000,\"caption\":\"Soulier de travail Connolly - C78580\"},{\"@type\":\"BreadcrumbList\",\"@id\":\"https:\/\/autravail.ca\/product\/soulier-de-travail-connolly-c78580\/#breadcrumb\",\"itemListElement\":[{\"@type\":\"ListItem\",\"position\":1,\"name\":\"Accueil\",\"item\":\"https:\/\/autravail.ca\/\"},{\"@type\":\"ListItem\",\"position\":2,\"name\":\"Magasin\",\"item\":\"https:\/\/autravail.ca\/en\/shop\/\"},{\"@type\":\"ListItem\",\"position\":3,\"name\":\"Soulier de travail Connolly &#8211; C78580\"}]},{\"@type\":\"WebSite\",\"@id\":\"https:\/\/autravail.ca\/#website\",\"url\":\"https:\/\/autravail.ca\/\",\"name\":\"Le Magasin Industriel\",\"description\":\"50 ans de tradition de s\u00e9curit\u00e9 au travail\",\"publisher\":{\"@id\":\"https:\/\/autravail.ca\/#organization\"},\"potentialAction\":[{\"@type\":\"SearchAction\",\"target\":{\"@type\":\"EntryPoint\",\"urlTemplate\":\"https:\/\/autravail.ca\/?s={search_term_string}\"},\"query-input\":{\"@type\":\"PropertyValueSpecification\",\"valueRequired\":true,\"valueName\":\"search_term_string\"}}],\"inLanguage\":\"en-CA\"},{\"@type\":\"Organization\",\"@id\":\"https:\/\/autravail.ca\/#organization\",\"name\":\"Le Magasin Industriel\",\"url\":\"https:\/\/autravail.ca\/\",\"logo\":{\"@type\":\"ImageObject\",\"inLanguage\":\"en-CA\",\"@id\":\"https:\/\/autravail.ca\/#\/schema\/logo\/image\/\",\"url\":\"https:\/\/autravail.ca\/wp-content\/uploads\/2025\/05\/cropped-magasin_industriel_120x.avif\",\"contentUrl\":\"https:\/\/autravail.ca\/wp-content\/uploads\/2025\/05\/cropped-magasin_industriel_120x.avif\",\"width\":120,\"height\":24,\"caption\":\"Le Magasin Industriel\"},\"image\":{\"@id\":\"https:\/\/autravail.ca\/#\/schema\/logo\/image\/\"},\"sameAs\":[\"https:\/\/www.facebook.com\/lemagasinindustriel\/?locale=fr_FR\"]}]}<\/script>\n<!-- \/ Yoast SEO plugin. -->","yoast_head_json":{"title":"Soulier de travail Connolly - C78580 - Le Magasin Industriel","description":"Soulier de travail Connolly - C78580 sportive et v\u00e9gane, mod\u00e8le phare de Cofra, est fabriqu\u00e9e en Microtech, une microfibre de polyester respirante","robots":{"index":"index","follow":"follow","max-snippet":"max-snippet:-1","max-image-preview":"max-image-preview:large","max-video-preview":"max-video-preview:-1"},"canonical":"https:\/\/autravail.ca\/en\/product\/soulier-de-travail-connolly-c78580\/","og_locale":"en_US","og_type":"article","og_title":"Soulier de travail Connolly - C78580 - Le Magasin Industriel","og_description":"Soulier de travail Connolly - C78580 sportive et v\u00e9gane, mod\u00e8le phare de Cofra, est fabriqu\u00e9e en Microtech, une microfibre de polyester respirante","og_url":"https:\/\/autravail.ca\/en\/product\/soulier-de-travail-connolly-c78580\/","og_site_name":"Le Magasin Industriel","article_publisher":"https:\/\/www.facebook.com\/lemagasinindustriel\/?locale=fr_FR","article_modified_time":"2026-03-27T19:05:26+00:00","og_image":[{"width":1000,"height":1000,"url":"https:\/\/autravail.ca\/wp-content\/uploads\/2025\/05\/C78580-11_A01.jpg","type":"image\/jpeg"}],"twitter_card":"summary_large_image","twitter_misc":{"Est. reading time":"2 minutes"},"schema":{"@context":"https:\/\/schema.org","@graph":[{"@type":"WebPage","@id":"https:\/\/autravail.ca\/product\/soulier-de-travail-connolly-c78580\/","url":"https:\/\/autravail.ca\/product\/soulier-de-travail-connolly-c78580\/","name":"Soulier de travail Connolly - C78580 - Le Magasin Industriel","isPartOf":{"@id":"https:\/\/autravail.ca\/#website"},"primaryImageOfPage":{"@id":"https:\/\/autravail.ca\/product\/soulier-de-travail-connolly-c78580\/#primaryimage"},"image":{"@id":"https:\/\/autravail.ca\/product\/soulier-de-travail-connolly-c78580\/#primaryimage"},"thumbnailUrl":"https:\/\/autravail.ca\/wp-content\/uploads\/2025\/05\/C78580-11_A01.jpg","datePublished":"2025-05-08T06:52:49+00:00","dateModified":"2026-03-27T19:05:26+00:00","description":"Soulier de travail Connolly - C78580 sportive et v\u00e9gane, mod\u00e8le phare de Cofra, est fabriqu\u00e9e en Microtech, une microfibre de polyester respirante","breadcrumb":{"@id":"https:\/\/autravail.ca\/product\/soulier-de-travail-connolly-c78580\/#breadcrumb"},"inLanguage":"en-CA","potentialAction":[{"@type":"ReadAction","target":["https:\/\/autravail.ca\/product\/soulier-de-travail-connolly-c78580\/"]}]},{"@type":"ImageObject","inLanguage":"en-CA","@id":"https:\/\/autravail.ca\/product\/soulier-de-travail-connolly-c78580\/#primaryimage","url":"https:\/\/autravail.ca\/wp-content\/uploads\/2025\/05\/C78580-11_A01.jpg","contentUrl":"https:\/\/autravail.ca\/wp-content\/uploads\/2025\/05\/C78580-11_A01.jpg","width":1000,"height":1000,"caption":"Soulier de travail Connolly - C78580"},{"@type":"BreadcrumbList","@id":"https:\/\/autravail.ca\/product\/soulier-de-travail-connolly-c78580\/#breadcrumb","itemListElement":[{"@type":"ListItem","position":1,"name":"Accueil","item":"https:\/\/autravail.ca\/"},{"@type":"ListItem","position":2,"name":"Magasin","item":"https:\/\/autravail.ca\/en\/shop\/"},{"@type":"ListItem","position":3,"name":"Soulier de travail Connolly &#8211; C78580"}]},{"@type":"WebSite","@id":"https:\/\/autravail.ca\/#website","url":"https:\/\/autravail.ca\/","name":"Le Magasin Industriel","description":"50 ans de tradition de s\u00e9curit\u00e9 au travail","publisher":{"@id":"https:\/\/autravail.ca\/#organization"},"potentialAction":[{"@type":"SearchAction","target":{"@type":"EntryPoint","urlTemplate":"https:\/\/autravail.ca\/?s={search_term_string}"},"query-input":{"@type":"PropertyValueSpecification","valueRequired":true,"valueName":"search_term_string"}}],"inLanguage":"en-CA"},{"@type":"Organization","@id":"https:\/\/autravail.ca\/#organization","name":"Le Magasin Industriel","url":"https:\/\/autravail.ca\/","logo":{"@type":"ImageObject","inLanguage":"en-CA","@id":"https:\/\/autravail.ca\/#\/schema\/logo\/image\/","url":"https:\/\/autravail.ca\/wp-content\/uploads\/2025\/05\/cropped-magasin_industriel_120x.avif","contentUrl":"https:\/\/autravail.ca\/wp-content\/uploads\/2025\/05\/cropped-magasin_industriel_120x.avif","width":120,"height":24,"caption":"Le Magasin Industriel"},"image":{"@id":"https:\/\/autravail.ca\/#\/schema\/logo\/image\/"},"sameAs":["https:\/\/www.facebook.com\/lemagasinindustriel\/?locale=fr_FR"]}]}},"jetpack_sharing_enabled":true,"_links":{"self":[{"href":"https:\/\/autravail.ca\/en\/wp-json\/wp\/v2\/product\/31608","targetHints":{"allow":["GET"]}}],"collection":[{"href":"https:\/\/autravail.ca\/en\/wp-json\/wp\/v2\/product"}],"about":[{"href":"https:\/\/autravail.ca\/en\/wp-json\/wp\/v2\/types\/product"}],"replies":[{"embeddable":true,"href":"https:\/\/autravail.ca\/en\/wp-json\/wp\/v2\/comments?post=31608"}],"wp:featuredmedia":[{"embeddable":true,"href":"https:\/\/autravail.ca\/en\/wp-json\/wp\/v2\/media\/16085"}],"wp:attachment":[{"href":"https:\/\/autravail.ca\/en\/wp-json\/wp\/v2\/media?parent=31608"}],"wp:term":[{"taxonomy":"product_cat","embeddable":true,"href":"https:\/\/autravail.ca\/en\/wp-json\/wp\/v2\/product_cat?post=31608"},{"taxonomy":"product_tag","embeddable":true,"href":"https:\/\/autravail.ca\/en\/wp-json\/wp\/v2\/product_tag?post=31608"}],"curies":[{"name":"wp","href":"https:\/\/api.w.org\/{rel}","templated":true}]}}