{"id":31607,"date":"2025-05-08T06:52:48","date_gmt":"2025-05-08T06:52:48","guid":{"rendered":"https:\/\/meteoquebec.ca\/?post_type=product&#038;p=31607"},"modified":"2026-03-27T14:56:49","modified_gmt":"2026-03-27T18:56:49","slug":"soulier-de-travail-ingrid-c76520","status":"publish","type":"product","link":"https:\/\/autravail.ca\/en\/product\/soulier-de-travail-ingrid-c76520\/","title":{"rendered":"Soulier de travail Ingrid &#8211; C76520"},"content":{"rendered":"<h3>Soulier de travail Ingrid &#8211; C76520<\/h3>\n<p>Soulier de travail Ingrid &#8211; C76520 de Cofra plus connu sous le nom\u00a0<strong class=\"Yjhzub\" data-sfc-root=\"c\" data-sfc-cb=\"\" data-complete=\"true\" data-processed=\"true\">Ingrid SD+<\/strong>, est un soulier de s\u00e9curit\u00e9 de style Oxford con\u00e7u sp\u00e9cifiquement pour les\u00a0<strong class=\"Yjhzub\" data-sfc-root=\"c\" data-sfc-cb=\"\" data-complete=\"true\" data-processed=\"true\">women<\/strong>. C&rsquo;est une chaussure l\u00e9g\u00e8re et \u00e9l\u00e9gante, id\u00e9ale pour les milieux de l&rsquo;entreposage, de la fabrication et de la logistique.<\/p>\n<p><img decoding=\"async\" class=\"alignnone size-full wp-image-40140\" src=\"https:\/\/autravail.ca\/wp-content\/uploads\/2025\/05\/Certification-SD-Carre-bleu.jpg\" alt=\"Logo de la certification CSA carr\u00e9 bleu et SD\" width=\"222\" height=\"124\" srcset=\"https:\/\/autravail.ca\/wp-content\/uploads\/2025\/05\/Certification-SD-Carre-bleu.jpg 222w, https:\/\/autravail.ca\/wp-content\/uploads\/2025\/05\/Certification-SD-Carre-bleu-150x84.jpg 150w, https:\/\/autravail.ca\/wp-content\/uploads\/2025\/05\/Certification-SD-Carre-bleu-18x10.jpg 18w\" sizes=\"(max-width: 222px) 100vw, 222px\" \/><\/p>\n<h6>Characteristics:<\/h6>\n<ul>\n<li><span dir=\"auto\"><span dir=\"auto\">Hauteur : 4&Prime; \/ 10 cm<\/span><\/span><\/li>\n<li><span dir=\"auto\"><span dir=\"auto\">Tige en cuir hydrofuge de haute qualit\u00e9 qui repousse l&rsquo;eau tout en restant flexible.<\/span><\/span><\/li>\n<li><span dir=\"auto\"><span dir=\"auto\">Doublure Texelle 100% polyamide, respirante, absorbante, \u00e9vacuant l&rsquo;humidit\u00e9 et r\u00e9sistante \u00e0 l&rsquo;abrasion.<\/span><\/span><\/li>\n<li><span dir=\"auto\"><span dir=\"auto\">Semelle int\u00e9rieure amovible Soft-Bed en polyur\u00e9thane parfum\u00e9, anatomique, antistatique, perfor\u00e9e et confortable. La couche sup\u00e9rieure en tissu absorbe l&rsquo;humidit\u00e9 et garde le pied au sec.<\/span><\/span><\/li>\n<li><span dir=\"auto\"><span dir=\"auto\">Semelle ext\u00e9rieure en polyur\u00e9thane antid\u00e9rapante et ultral\u00e9g\u00e8re.<\/span><\/span><\/li>\n<li><span dir=\"auto\"><span dir=\"auto\">Embout protecteur en acier conforme \u00e0 la norme\u00a0<strong class=\"Yjhzub\" data-sfc-root=\"c\" data-sfc-cb=\"\" data-complete=\"true\">CSA Grade 1<\/strong>.<\/span><\/span><\/li>\n<\/ul>\n<p><img decoding=\"async\" class=\"alignnone wp-image-40620\" src=\"https:\/\/autravail.ca\/wp-content\/uploads\/2025\/09\/Jachete-quebec-et-canada.jpg\" alt=\"Logo de l'achat local\" width=\"162\" height=\"139\" \/>Merci d&rsquo;encourager une entreprise 100% d&rsquo;ici!<\/p>\n<p>TS2603H<\/p>","protected":false},"excerpt":{"rendered":"<p>Soulier de travail Ingrid &#8211; C76520 Soulier de travail Ingrid &#8211; C76520 de Cofra plus connu sous le nom\u00a0Ingrid SD+, est un soulier de s\u00e9curit\u00e9 de style Oxford con\u00e7u sp\u00e9cifiquement pour les\u00a0femmes. C&rsquo;est une chaussure l\u00e9g\u00e8re et \u00e9l\u00e9gante, id\u00e9ale pour les milieux de l&rsquo;entreposage, de la fabrication et de la logistique. Caract\u00e9ristiques: Hauteur : 4&Prime; [&hellip;]<\/p>","protected":false},"featured_media":16069,"comment_status":"open","ping_status":"closed","template":"","meta":[],"product_cat":[633,619,617],"product_tag":[255,253,257,283],"class_list":{"0":"post-31607","1":"product","2":"type-product","3":"status-publish","4":"has-post-thumbnail","6":"product_brand-acton","7":"product_cat-femmes","8":"product_cat-souliers-de-travail","9":"product_cat-souliers-de-travail-femme","10":"product_tag-femme","11":"product_tag-sole-protection","12":"product_tag-souliers-de-travail","13":"product_tag-static-dissipative","15":"first","16":"instock","17":"taxable","18":"shipping-taxable","19":"purchasable","20":"product-type-variable"},"yoast_head":"<!-- This site is optimized with the Yoast SEO plugin v25.3.1 - https:\/\/yoast.com\/wordpress\/plugins\/seo\/ -->\n<title>Soulier de travail Ingrid - C76520 - Le Magasin Industriel<\/title>\n<meta name=\"description\" content=\"Soulier de travail Ingrid - C76520 femme certifi\u00e9e Cofra SD+, en cuir hydrofuge, semelle en polyur\u00e9thane ultra-l\u00e9g\u00e8re et antid\u00e9rapante, embout en acier.\" \/>\n<meta name=\"robots\" content=\"index, follow, max-snippet:-1, max-image-preview:large, max-video-preview:-1\" \/>\n<link rel=\"canonical\" href=\"https:\/\/autravail.ca\/en\/product\/soulier-de-travail-ingrid-c76520\/\" \/>\n<meta property=\"og:locale\" content=\"en_US\" \/>\n<meta property=\"og:type\" content=\"article\" \/>\n<meta property=\"og:title\" content=\"Soulier de travail Ingrid - C76520 - Le Magasin Industriel\" \/>\n<meta property=\"og:description\" content=\"Soulier de travail Ingrid - C76520 femme certifi\u00e9e Cofra SD+, en cuir hydrofuge, semelle en polyur\u00e9thane ultra-l\u00e9g\u00e8re et antid\u00e9rapante, embout en acier.\" \/>\n<meta property=\"og:url\" content=\"https:\/\/autravail.ca\/en\/product\/soulier-de-travail-ingrid-c76520\/\" \/>\n<meta property=\"og:site_name\" content=\"Le Magasin Industriel\" \/>\n<meta property=\"article:publisher\" content=\"https:\/\/www.facebook.com\/lemagasinindustriel\/?locale=fr_FR\" \/>\n<meta property=\"article:modified_time\" content=\"2026-03-27T18:56:49+00:00\" \/>\n<meta property=\"og:image\" content=\"https:\/\/autravail.ca\/wp-content\/uploads\/2025\/05\/C76520-11_A01.jpg\" \/>\n\t<meta property=\"og:image:width\" content=\"1000\" \/>\n\t<meta property=\"og:image:height\" content=\"1000\" \/>\n\t<meta property=\"og:image:type\" content=\"image\/jpeg\" \/>\n<meta name=\"twitter:card\" content=\"summary_large_image\" \/>\n<meta name=\"twitter:label1\" content=\"Est. reading time\" \/>\n\t<meta name=\"twitter:data1\" content=\"2 minutes\" \/>\n<script type=\"application\/ld+json\" class=\"yoast-schema-graph\">{\"@context\":\"https:\/\/schema.org\",\"@graph\":[{\"@type\":\"WebPage\",\"@id\":\"https:\/\/autravail.ca\/product\/soulier-de-travail-ingrid-c76520\/\",\"url\":\"https:\/\/autravail.ca\/product\/soulier-de-travail-ingrid-c76520\/\",\"name\":\"Soulier de travail Ingrid - C76520 - Le Magasin Industriel\",\"isPartOf\":{\"@id\":\"https:\/\/autravail.ca\/#website\"},\"primaryImageOfPage\":{\"@id\":\"https:\/\/autravail.ca\/product\/soulier-de-travail-ingrid-c76520\/#primaryimage\"},\"image\":{\"@id\":\"https:\/\/autravail.ca\/product\/soulier-de-travail-ingrid-c76520\/#primaryimage\"},\"thumbnailUrl\":\"https:\/\/autravail.ca\/wp-content\/uploads\/2025\/05\/C76520-11_A01.jpg\",\"datePublished\":\"2025-05-08T06:52:48+00:00\",\"dateModified\":\"2026-03-27T18:56:49+00:00\",\"description\":\"Soulier de travail Ingrid - C76520 femme certifi\u00e9e Cofra SD+, en cuir hydrofuge, semelle en polyur\u00e9thane ultra-l\u00e9g\u00e8re et antid\u00e9rapante, embout en acier.\",\"breadcrumb\":{\"@id\":\"https:\/\/autravail.ca\/product\/soulier-de-travail-ingrid-c76520\/#breadcrumb\"},\"inLanguage\":\"en-CA\",\"potentialAction\":[{\"@type\":\"ReadAction\",\"target\":[\"https:\/\/autravail.ca\/product\/soulier-de-travail-ingrid-c76520\/\"]}]},{\"@type\":\"ImageObject\",\"inLanguage\":\"en-CA\",\"@id\":\"https:\/\/autravail.ca\/product\/soulier-de-travail-ingrid-c76520\/#primaryimage\",\"url\":\"https:\/\/autravail.ca\/wp-content\/uploads\/2025\/05\/C76520-11_A01.jpg\",\"contentUrl\":\"https:\/\/autravail.ca\/wp-content\/uploads\/2025\/05\/C76520-11_A01.jpg\",\"width\":1000,\"height\":1000,\"caption\":\"Soulier de travail Ingrid - C76520\"},{\"@type\":\"BreadcrumbList\",\"@id\":\"https:\/\/autravail.ca\/product\/soulier-de-travail-ingrid-c76520\/#breadcrumb\",\"itemListElement\":[{\"@type\":\"ListItem\",\"position\":1,\"name\":\"Accueil\",\"item\":\"https:\/\/autravail.ca\/\"},{\"@type\":\"ListItem\",\"position\":2,\"name\":\"Magasin\",\"item\":\"https:\/\/autravail.ca\/en\/shop\/\"},{\"@type\":\"ListItem\",\"position\":3,\"name\":\"Soulier de travail Ingrid &#8211; C76520\"}]},{\"@type\":\"WebSite\",\"@id\":\"https:\/\/autravail.ca\/#website\",\"url\":\"https:\/\/autravail.ca\/\",\"name\":\"Le Magasin Industriel\",\"description\":\"50 ans de tradition de s\u00e9curit\u00e9 au travail\",\"publisher\":{\"@id\":\"https:\/\/autravail.ca\/#organization\"},\"potentialAction\":[{\"@type\":\"SearchAction\",\"target\":{\"@type\":\"EntryPoint\",\"urlTemplate\":\"https:\/\/autravail.ca\/?s={search_term_string}\"},\"query-input\":{\"@type\":\"PropertyValueSpecification\",\"valueRequired\":true,\"valueName\":\"search_term_string\"}}],\"inLanguage\":\"en-CA\"},{\"@type\":\"Organization\",\"@id\":\"https:\/\/autravail.ca\/#organization\",\"name\":\"Le Magasin Industriel\",\"url\":\"https:\/\/autravail.ca\/\",\"logo\":{\"@type\":\"ImageObject\",\"inLanguage\":\"en-CA\",\"@id\":\"https:\/\/autravail.ca\/#\/schema\/logo\/image\/\",\"url\":\"https:\/\/autravail.ca\/wp-content\/uploads\/2025\/05\/cropped-magasin_industriel_120x.avif\",\"contentUrl\":\"https:\/\/autravail.ca\/wp-content\/uploads\/2025\/05\/cropped-magasin_industriel_120x.avif\",\"width\":120,\"height\":24,\"caption\":\"Le Magasin Industriel\"},\"image\":{\"@id\":\"https:\/\/autravail.ca\/#\/schema\/logo\/image\/\"},\"sameAs\":[\"https:\/\/www.facebook.com\/lemagasinindustriel\/?locale=fr_FR\"]}]}<\/script>\n<!-- \/ Yoast SEO plugin. -->","yoast_head_json":{"title":"Soulier de travail Ingrid - C76520 - Le Magasin Industriel","description":"Soulier de travail Ingrid - C76520 femme certifi\u00e9e Cofra SD+, en cuir hydrofuge, semelle en polyur\u00e9thane ultra-l\u00e9g\u00e8re et antid\u00e9rapante, embout en acier.","robots":{"index":"index","follow":"follow","max-snippet":"max-snippet:-1","max-image-preview":"max-image-preview:large","max-video-preview":"max-video-preview:-1"},"canonical":"https:\/\/autravail.ca\/en\/product\/soulier-de-travail-ingrid-c76520\/","og_locale":"en_US","og_type":"article","og_title":"Soulier de travail Ingrid - C76520 - Le Magasin Industriel","og_description":"Soulier de travail Ingrid - C76520 femme certifi\u00e9e Cofra SD+, en cuir hydrofuge, semelle en polyur\u00e9thane ultra-l\u00e9g\u00e8re et antid\u00e9rapante, embout en acier.","og_url":"https:\/\/autravail.ca\/en\/product\/soulier-de-travail-ingrid-c76520\/","og_site_name":"Le Magasin Industriel","article_publisher":"https:\/\/www.facebook.com\/lemagasinindustriel\/?locale=fr_FR","article_modified_time":"2026-03-27T18:56:49+00:00","og_image":[{"width":1000,"height":1000,"url":"https:\/\/autravail.ca\/wp-content\/uploads\/2025\/05\/C76520-11_A01.jpg","type":"image\/jpeg"}],"twitter_card":"summary_large_image","twitter_misc":{"Est. reading time":"2 minutes"},"schema":{"@context":"https:\/\/schema.org","@graph":[{"@type":"WebPage","@id":"https:\/\/autravail.ca\/product\/soulier-de-travail-ingrid-c76520\/","url":"https:\/\/autravail.ca\/product\/soulier-de-travail-ingrid-c76520\/","name":"Soulier de travail Ingrid - C76520 - Le Magasin Industriel","isPartOf":{"@id":"https:\/\/autravail.ca\/#website"},"primaryImageOfPage":{"@id":"https:\/\/autravail.ca\/product\/soulier-de-travail-ingrid-c76520\/#primaryimage"},"image":{"@id":"https:\/\/autravail.ca\/product\/soulier-de-travail-ingrid-c76520\/#primaryimage"},"thumbnailUrl":"https:\/\/autravail.ca\/wp-content\/uploads\/2025\/05\/C76520-11_A01.jpg","datePublished":"2025-05-08T06:52:48+00:00","dateModified":"2026-03-27T18:56:49+00:00","description":"Soulier de travail Ingrid - C76520 femme certifi\u00e9e Cofra SD+, en cuir hydrofuge, semelle en polyur\u00e9thane ultra-l\u00e9g\u00e8re et antid\u00e9rapante, embout en acier.","breadcrumb":{"@id":"https:\/\/autravail.ca\/product\/soulier-de-travail-ingrid-c76520\/#breadcrumb"},"inLanguage":"en-CA","potentialAction":[{"@type":"ReadAction","target":["https:\/\/autravail.ca\/product\/soulier-de-travail-ingrid-c76520\/"]}]},{"@type":"ImageObject","inLanguage":"en-CA","@id":"https:\/\/autravail.ca\/product\/soulier-de-travail-ingrid-c76520\/#primaryimage","url":"https:\/\/autravail.ca\/wp-content\/uploads\/2025\/05\/C76520-11_A01.jpg","contentUrl":"https:\/\/autravail.ca\/wp-content\/uploads\/2025\/05\/C76520-11_A01.jpg","width":1000,"height":1000,"caption":"Soulier de travail Ingrid - C76520"},{"@type":"BreadcrumbList","@id":"https:\/\/autravail.ca\/product\/soulier-de-travail-ingrid-c76520\/#breadcrumb","itemListElement":[{"@type":"ListItem","position":1,"name":"Accueil","item":"https:\/\/autravail.ca\/"},{"@type":"ListItem","position":2,"name":"Magasin","item":"https:\/\/autravail.ca\/en\/shop\/"},{"@type":"ListItem","position":3,"name":"Soulier de travail Ingrid &#8211; C76520"}]},{"@type":"WebSite","@id":"https:\/\/autravail.ca\/#website","url":"https:\/\/autravail.ca\/","name":"Le Magasin Industriel","description":"50 ans de tradition de s\u00e9curit\u00e9 au travail","publisher":{"@id":"https:\/\/autravail.ca\/#organization"},"potentialAction":[{"@type":"SearchAction","target":{"@type":"EntryPoint","urlTemplate":"https:\/\/autravail.ca\/?s={search_term_string}"},"query-input":{"@type":"PropertyValueSpecification","valueRequired":true,"valueName":"search_term_string"}}],"inLanguage":"en-CA"},{"@type":"Organization","@id":"https:\/\/autravail.ca\/#organization","name":"Le Magasin Industriel","url":"https:\/\/autravail.ca\/","logo":{"@type":"ImageObject","inLanguage":"en-CA","@id":"https:\/\/autravail.ca\/#\/schema\/logo\/image\/","url":"https:\/\/autravail.ca\/wp-content\/uploads\/2025\/05\/cropped-magasin_industriel_120x.avif","contentUrl":"https:\/\/autravail.ca\/wp-content\/uploads\/2025\/05\/cropped-magasin_industriel_120x.avif","width":120,"height":24,"caption":"Le Magasin Industriel"},"image":{"@id":"https:\/\/autravail.ca\/#\/schema\/logo\/image\/"},"sameAs":["https:\/\/www.facebook.com\/lemagasinindustriel\/?locale=fr_FR"]}]}},"jetpack_sharing_enabled":true,"_links":{"self":[{"href":"https:\/\/autravail.ca\/en\/wp-json\/wp\/v2\/product\/31607","targetHints":{"allow":["GET"]}}],"collection":[{"href":"https:\/\/autravail.ca\/en\/wp-json\/wp\/v2\/product"}],"about":[{"href":"https:\/\/autravail.ca\/en\/wp-json\/wp\/v2\/types\/product"}],"replies":[{"embeddable":true,"href":"https:\/\/autravail.ca\/en\/wp-json\/wp\/v2\/comments?post=31607"}],"wp:featuredmedia":[{"embeddable":true,"href":"https:\/\/autravail.ca\/en\/wp-json\/wp\/v2\/media\/16069"}],"wp:attachment":[{"href":"https:\/\/autravail.ca\/en\/wp-json\/wp\/v2\/media?parent=31607"}],"wp:term":[{"taxonomy":"product_cat","embeddable":true,"href":"https:\/\/autravail.ca\/en\/wp-json\/wp\/v2\/product_cat?post=31607"},{"taxonomy":"product_tag","embeddable":true,"href":"https:\/\/autravail.ca\/en\/wp-json\/wp\/v2\/product_tag?post=31607"}],"curies":[{"name":"wp","href":"https:\/\/api.w.org\/{rel}","templated":true}]}}