{"id":31518,"date":"2025-05-08T06:51:53","date_gmt":"2025-05-08T06:51:53","guid":{"rendered":"https:\/\/meteoquebec.ca\/?post_type=product&#038;p=31518"},"modified":"2025-12-05T05:10:48","modified_gmt":"2025-12-05T09:10:48","slug":"bruce-s21971-11-soulier-de-travail","status":"publish","type":"product","link":"https:\/\/autravail.ca\/en\/product\/bruce-s21971-11-soulier-de-travail\/","title":{"rendered":"BRUCE - S21971-11 - WORK Shoes"},"content":{"rendered":"<h3>Safety Shoe, Bruce - STC<\/h3>\n<ul>\n<li>CSA Protection, Type ESR<\/li>\n<li>Waterproof Suede Pipe at Sealed Stitches<\/li>\n<li>Cambrelle Lining<\/li>\n<li>Removable Inner Sole Instant Comfort<\/li>\n<li>Steel Protector<\/li>\n<li>Antiperforation sole made of composite<\/li>\n<li>Sole HKR Vibram double density rubber &amp; EVA<\/li>\n<li>Protective bumpers made of rubber<\/li>\n<li>Padded neck and tongue cushions for more comfort<\/li>\n<\/ul>","protected":false},"excerpt":{"rendered":"<p>Bruce Safety Shoe  STC CSA protection, ESR type. Waterproof suede upper with sealed seams. Cambrelle lining. Removable Instant Comfort insole. Steel toe. Composite puncture-resistant sole. Vibram HKR dual-density rubber &amp; EVA sole. Rubber anti-scratch toe protector. Padded collar and tongue for added comfort.<\/p>","protected":false},"featured_media":15961,"comment_status":"open","ping_status":"closed","template":"","meta":[],"product_cat":[602],"product_tag":[252,242,253,257],"class_list":{"0":"post-31518","1":"product","2":"type-product","3":"status-publish","4":"has-post-thumbnail","6":"product_brand-stc","7":"product_cat-hommes","8":"product_tag-electric-shock-resistant","9":"product_tag-homme","10":"product_tag-sole-protection","11":"product_tag-souliers-de-travail","13":"first","14":"instock","15":"taxable","16":"shipping-taxable","17":"purchasable","18":"product-type-variable"},"yoast_head":"<!-- This site is optimized with the Yoast SEO plugin v25.3.1 - https:\/\/yoast.com\/wordpress\/plugins\/seo\/ -->\n<title>BRUCE - S21971-11 - SOULIER DE TRAVAIL - Le Magasin Industriel<\/title>\n<meta name=\"robots\" content=\"index, follow, max-snippet:-1, max-image-preview:large, max-video-preview:-1\" \/>\n<link rel=\"canonical\" href=\"https:\/\/autravail.ca\/en\/product\/bruce-s21971-11-soulier-de-travail\/\" \/>\n<meta property=\"og:locale\" content=\"en_US\" \/>\n<meta property=\"og:type\" content=\"article\" \/>\n<meta property=\"og:title\" content=\"BRUCE - S21971-11 - SOULIER DE TRAVAIL - Le Magasin Industriel\" \/>\n<meta property=\"og:description\" content=\"Soulier de s\u00e9curit\u00e9, Bruce &#8211; STC Protection CSA, type ESR Tige en su\u00e8de imperm\u00e9able aux coutures scell\u00e9es Doublure Cambrelle Semelle int\u00e9rieure amovible Instant Comfort Embout protecteur en acier Semelle antiperforation faite de composite Semelle HKR Vibram double densit\u00e9 caoutchouc&amp;EVA Embout protecteur anti\u00e9raflures fait de caoutchouc Collet et langue coussin\u00e9s pour plus de confort\" \/>\n<meta property=\"og:url\" content=\"https:\/\/autravail.ca\/en\/product\/bruce-s21971-11-soulier-de-travail\/\" \/>\n<meta property=\"og:site_name\" content=\"Le Magasin Industriel\" \/>\n<meta property=\"article:publisher\" content=\"https:\/\/www.facebook.com\/lemagasinindustriel\/?locale=fr_FR\" \/>\n<meta property=\"article:modified_time\" content=\"2025-12-05T09:10:48+00:00\" \/>\n<meta property=\"og:image\" content=\"https:\/\/autravail.ca\/wp-content\/uploads\/2025\/05\/S21971_A01.jpg\" \/>\n\t<meta property=\"og:image:width\" content=\"1000\" \/>\n\t<meta property=\"og:image:height\" content=\"1000\" \/>\n\t<meta property=\"og:image:type\" content=\"image\/jpeg\" \/>\n<meta name=\"twitter:card\" content=\"summary_large_image\" \/>\n<script type=\"application\/ld+json\" class=\"yoast-schema-graph\">{\"@context\":\"https:\/\/schema.org\",\"@graph\":[{\"@type\":\"WebPage\",\"@id\":\"https:\/\/autravail.ca\/product\/bruce-s21971-11-soulier-de-travail\/\",\"url\":\"https:\/\/autravail.ca\/product\/bruce-s21971-11-soulier-de-travail\/\",\"name\":\"BRUCE - S21971-11 - SOULIER DE TRAVAIL - Le Magasin Industriel\",\"isPartOf\":{\"@id\":\"https:\/\/autravail.ca\/#website\"},\"primaryImageOfPage\":{\"@id\":\"https:\/\/autravail.ca\/product\/bruce-s21971-11-soulier-de-travail\/#primaryimage\"},\"image\":{\"@id\":\"https:\/\/autravail.ca\/product\/bruce-s21971-11-soulier-de-travail\/#primaryimage\"},\"thumbnailUrl\":\"https:\/\/autravail.ca\/wp-content\/uploads\/2025\/05\/S21971_A01.jpg\",\"datePublished\":\"2025-05-08T06:51:53+00:00\",\"dateModified\":\"2025-12-05T09:10:48+00:00\",\"breadcrumb\":{\"@id\":\"https:\/\/autravail.ca\/product\/bruce-s21971-11-soulier-de-travail\/#breadcrumb\"},\"inLanguage\":\"en-CA\",\"potentialAction\":[{\"@type\":\"ReadAction\",\"target\":[\"https:\/\/autravail.ca\/product\/bruce-s21971-11-soulier-de-travail\/\"]}]},{\"@type\":\"ImageObject\",\"inLanguage\":\"en-CA\",\"@id\":\"https:\/\/autravail.ca\/product\/bruce-s21971-11-soulier-de-travail\/#primaryimage\",\"url\":\"https:\/\/autravail.ca\/wp-content\/uploads\/2025\/05\/S21971_A01.jpg\",\"contentUrl\":\"https:\/\/autravail.ca\/wp-content\/uploads\/2025\/05\/S21971_A01.jpg\",\"width\":1000,\"height\":1000},{\"@type\":\"BreadcrumbList\",\"@id\":\"https:\/\/autravail.ca\/product\/bruce-s21971-11-soulier-de-travail\/#breadcrumb\",\"itemListElement\":[{\"@type\":\"ListItem\",\"position\":1,\"name\":\"Accueil\",\"item\":\"https:\/\/autravail.ca\/\"},{\"@type\":\"ListItem\",\"position\":2,\"name\":\"Magasin\",\"item\":\"https:\/\/autravail.ca\/en\/shop\/\"},{\"@type\":\"ListItem\",\"position\":3,\"name\":\"BRUCE &#8211; S21971-11 &#8211; SOULIER DE TRAVAIL\"}]},{\"@type\":\"WebSite\",\"@id\":\"https:\/\/autravail.ca\/#website\",\"url\":\"https:\/\/autravail.ca\/\",\"name\":\"Le Magasin Industriel\",\"description\":\"50 ans de tradition de s\u00e9curit\u00e9 au travail\",\"publisher\":{\"@id\":\"https:\/\/autravail.ca\/#organization\"},\"potentialAction\":[{\"@type\":\"SearchAction\",\"target\":{\"@type\":\"EntryPoint\",\"urlTemplate\":\"https:\/\/autravail.ca\/?s={search_term_string}\"},\"query-input\":{\"@type\":\"PropertyValueSpecification\",\"valueRequired\":true,\"valueName\":\"search_term_string\"}}],\"inLanguage\":\"en-CA\"},{\"@type\":\"Organization\",\"@id\":\"https:\/\/autravail.ca\/#organization\",\"name\":\"Le Magasin Industriel\",\"url\":\"https:\/\/autravail.ca\/\",\"logo\":{\"@type\":\"ImageObject\",\"inLanguage\":\"en-CA\",\"@id\":\"https:\/\/autravail.ca\/#\/schema\/logo\/image\/\",\"url\":\"https:\/\/autravail.ca\/wp-content\/uploads\/2025\/05\/cropped-magasin_industriel_120x.avif\",\"contentUrl\":\"https:\/\/autravail.ca\/wp-content\/uploads\/2025\/05\/cropped-magasin_industriel_120x.avif\",\"width\":120,\"height\":24,\"caption\":\"Le Magasin Industriel\"},\"image\":{\"@id\":\"https:\/\/autravail.ca\/#\/schema\/logo\/image\/\"},\"sameAs\":[\"https:\/\/www.facebook.com\/lemagasinindustriel\/?locale=fr_FR\"]}]}<\/script>\n<!-- \/ Yoast SEO plugin. -->","yoast_head_json":{"title":"BRUCE - S21971-11 - SOULIER DE TRAVAIL - Le Magasin Industriel","robots":{"index":"index","follow":"follow","max-snippet":"max-snippet:-1","max-image-preview":"max-image-preview:large","max-video-preview":"max-video-preview:-1"},"canonical":"https:\/\/autravail.ca\/en\/product\/bruce-s21971-11-soulier-de-travail\/","og_locale":"en_US","og_type":"article","og_title":"BRUCE - S21971-11 - SOULIER DE TRAVAIL - Le Magasin Industriel","og_description":"Soulier de s\u00e9curit\u00e9, Bruce &#8211; STC Protection CSA, type ESR Tige en su\u00e8de imperm\u00e9able aux coutures scell\u00e9es Doublure Cambrelle Semelle int\u00e9rieure amovible Instant Comfort Embout protecteur en acier Semelle antiperforation faite de composite Semelle HKR Vibram double densit\u00e9 caoutchouc&amp;EVA Embout protecteur anti\u00e9raflures fait de caoutchouc Collet et langue coussin\u00e9s pour plus de confort","og_url":"https:\/\/autravail.ca\/en\/product\/bruce-s21971-11-soulier-de-travail\/","og_site_name":"Le Magasin Industriel","article_publisher":"https:\/\/www.facebook.com\/lemagasinindustriel\/?locale=fr_FR","article_modified_time":"2025-12-05T09:10:48+00:00","og_image":[{"width":1000,"height":1000,"url":"https:\/\/autravail.ca\/wp-content\/uploads\/2025\/05\/S21971_A01.jpg","type":"image\/jpeg"}],"twitter_card":"summary_large_image","schema":{"@context":"https:\/\/schema.org","@graph":[{"@type":"WebPage","@id":"https:\/\/autravail.ca\/product\/bruce-s21971-11-soulier-de-travail\/","url":"https:\/\/autravail.ca\/product\/bruce-s21971-11-soulier-de-travail\/","name":"BRUCE - S21971-11 - SOULIER DE TRAVAIL - Le Magasin Industriel","isPartOf":{"@id":"https:\/\/autravail.ca\/#website"},"primaryImageOfPage":{"@id":"https:\/\/autravail.ca\/product\/bruce-s21971-11-soulier-de-travail\/#primaryimage"},"image":{"@id":"https:\/\/autravail.ca\/product\/bruce-s21971-11-soulier-de-travail\/#primaryimage"},"thumbnailUrl":"https:\/\/autravail.ca\/wp-content\/uploads\/2025\/05\/S21971_A01.jpg","datePublished":"2025-05-08T06:51:53+00:00","dateModified":"2025-12-05T09:10:48+00:00","breadcrumb":{"@id":"https:\/\/autravail.ca\/product\/bruce-s21971-11-soulier-de-travail\/#breadcrumb"},"inLanguage":"en-CA","potentialAction":[{"@type":"ReadAction","target":["https:\/\/autravail.ca\/product\/bruce-s21971-11-soulier-de-travail\/"]}]},{"@type":"ImageObject","inLanguage":"en-CA","@id":"https:\/\/autravail.ca\/product\/bruce-s21971-11-soulier-de-travail\/#primaryimage","url":"https:\/\/autravail.ca\/wp-content\/uploads\/2025\/05\/S21971_A01.jpg","contentUrl":"https:\/\/autravail.ca\/wp-content\/uploads\/2025\/05\/S21971_A01.jpg","width":1000,"height":1000},{"@type":"BreadcrumbList","@id":"https:\/\/autravail.ca\/product\/bruce-s21971-11-soulier-de-travail\/#breadcrumb","itemListElement":[{"@type":"ListItem","position":1,"name":"Accueil","item":"https:\/\/autravail.ca\/"},{"@type":"ListItem","position":2,"name":"Magasin","item":"https:\/\/autravail.ca\/en\/shop\/"},{"@type":"ListItem","position":3,"name":"BRUCE &#8211; S21971-11 &#8211; SOULIER DE TRAVAIL"}]},{"@type":"WebSite","@id":"https:\/\/autravail.ca\/#website","url":"https:\/\/autravail.ca\/","name":"Le Magasin Industriel","description":"50 ans de tradition de s\u00e9curit\u00e9 au travail","publisher":{"@id":"https:\/\/autravail.ca\/#organization"},"potentialAction":[{"@type":"SearchAction","target":{"@type":"EntryPoint","urlTemplate":"https:\/\/autravail.ca\/?s={search_term_string}"},"query-input":{"@type":"PropertyValueSpecification","valueRequired":true,"valueName":"search_term_string"}}],"inLanguage":"en-CA"},{"@type":"Organization","@id":"https:\/\/autravail.ca\/#organization","name":"Le Magasin Industriel","url":"https:\/\/autravail.ca\/","logo":{"@type":"ImageObject","inLanguage":"en-CA","@id":"https:\/\/autravail.ca\/#\/schema\/logo\/image\/","url":"https:\/\/autravail.ca\/wp-content\/uploads\/2025\/05\/cropped-magasin_industriel_120x.avif","contentUrl":"https:\/\/autravail.ca\/wp-content\/uploads\/2025\/05\/cropped-magasin_industriel_120x.avif","width":120,"height":24,"caption":"Le Magasin Industriel"},"image":{"@id":"https:\/\/autravail.ca\/#\/schema\/logo\/image\/"},"sameAs":["https:\/\/www.facebook.com\/lemagasinindustriel\/?locale=fr_FR"]}]}},"jetpack_sharing_enabled":true,"_links":{"self":[{"href":"https:\/\/autravail.ca\/en\/wp-json\/wp\/v2\/product\/31518","targetHints":{"allow":["GET"]}}],"collection":[{"href":"https:\/\/autravail.ca\/en\/wp-json\/wp\/v2\/product"}],"about":[{"href":"https:\/\/autravail.ca\/en\/wp-json\/wp\/v2\/types\/product"}],"replies":[{"embeddable":true,"href":"https:\/\/autravail.ca\/en\/wp-json\/wp\/v2\/comments?post=31518"}],"wp:featuredmedia":[{"embeddable":true,"href":"https:\/\/autravail.ca\/en\/wp-json\/wp\/v2\/media\/15961"}],"wp:attachment":[{"href":"https:\/\/autravail.ca\/en\/wp-json\/wp\/v2\/media?parent=31518"}],"wp:term":[{"taxonomy":"product_cat","embeddable":true,"href":"https:\/\/autravail.ca\/en\/wp-json\/wp\/v2\/product_cat?post=31518"},{"taxonomy":"product_tag","embeddable":true,"href":"https:\/\/autravail.ca\/en\/wp-json\/wp\/v2\/product_tag?post=31518"}],"curies":[{"name":"wp","href":"https:\/\/api.w.org\/{rel}","templated":true}]}}