{"id":31517,"date":"2025-05-08T06:51:53","date_gmt":"2025-05-08T06:51:53","guid":{"rendered":"https:\/\/meteoquebec.ca\/?post_type=product&#038;p=31517"},"modified":"2026-04-01T14:12:54","modified_gmt":"2026-04-01T18:12:54","slug":"botte-de-travail-bralorne-k4tebk","status":"publish","type":"product","link":"https:\/\/autravail.ca\/en\/product\/botte-de-travail-bralorne-k4tebk\/","title":{"rendered":"Botte de travail Bralorne &#8211; K4TEBK"},"content":{"rendered":"<h3>Botte de travail Bralorne &#8211; K4TEBK<\/h3>\n<p>Botte de travail Bralorne &#8211; K4TEBK de <a href=\"https:\/\/autravail.ca\/en\/product-brand\/kodiak\/\">Kodiak<\/a>. Il a fallu six g\u00e9n\u00e9rations de fiers bottiers canadiens pour atteindre l&rsquo;\u00e9quilibre parfait entre forme et fonction. Inspir\u00e9es des bottes de randonn\u00e9e classiques et des bottes de travail robustes, elles affichent un style intemporel et haut de gamme. Derri\u00e8re ce style embl\u00e9matique, une technologie de pointe assure votre s\u00e9curit\u00e9 et votre confort au travail\u00a0: construction \u00e9tanche avec coutures scell\u00e9es, embout composite et semelle de s\u00e9curit\u00e9 composite sous le pied.<\/p>\n<p><img decoding=\"async\" class=\"alignnone size-full wp-image-40117\" src=\"https:\/\/autravail.ca\/wp-content\/uploads\/2025\/09\/Certification-Omega-Triangle-vert.jpg\" alt=\"Certifications Om\u00e9ga Triangle vert\" width=\"193\" height=\"110\" srcset=\"https:\/\/autravail.ca\/wp-content\/uploads\/2025\/09\/Certification-Omega-Triangle-vert.jpg 193w, https:\/\/autravail.ca\/wp-content\/uploads\/2025\/09\/Certification-Omega-Triangle-vert-150x85.jpg 150w, https:\/\/autravail.ca\/wp-content\/uploads\/2025\/09\/Certification-Omega-Triangle-vert-18x10.jpg 18w\" sizes=\"(max-width: 193px) 100vw, 193px\" \/><\/p>\n<h6>Characteristics:<\/h6>\n<ul class=\"mb-0 styled-list product-features\">\n<li><span dir=\"auto\"><span dir=\"auto\">Bottes KODIAK\u00ae classiques de 15 cm (6 pouces) avec languette et col rembourr\u00e9s en cuir \u00e0 soufflet<\/span><\/span><\/li>\n<li><span dir=\"auto\"><span dir=\"auto\">Cuir pleine fleur imperm\u00e9able avec construction \u00e0 membrane imperm\u00e9able<\/span><\/span><\/li>\n<li><span dir=\"auto\"><span dir=\"auto\">Technologie de contr\u00f4le des odeurs KODIAK\u00ae SOS Smell Out Science\u00ae<\/span><\/span><\/li>\n<li><span dir=\"auto\"><span dir=\"auto\">La doublure r\u00e9sistante \u00e0 l&rsquo;abrasion \u00e9vacue l&rsquo;humidit\u00e9<\/span><\/span><\/li>\n<li><span dir=\"auto\"><span dir=\"auto\">Semelle int\u00e9rieure Comfortzone\u2122 avec mousse de confort OrthoLite\u00ae<\/span><\/span><\/li>\n<li><span dir=\"auto\"><span dir=\"auto\">Semelle ext\u00e9rieure en caoutchouc antid\u00e9rapante et r\u00e9sistante \u00e0 l&rsquo;huile, ne laissant pas de traces<\/span><\/span><\/li>\n<li><span dir=\"auto\"><span dir=\"auto\">Embout de s\u00e9curit\u00e9 en\u00a0<strong class=\"Yjhzub\" data-sfc-root=\"c\" data-sfc-cb=\"\" data-complete=\"true\">composite<\/strong>\u00a0et d&rsquo;une plaque de protection en composite (sans m\u00e9tal), ce qui la rend plus l\u00e9g\u00e8re que les bottes \u00e0 embout d&rsquo;acier traditionnelles<\/span><\/span><\/li>\n<li class=\"dF3vjf\" data-sfc-root=\"c\" data-sfc-cb=\"\" data-hveid=\"CAEIBRAE\" data-complete=\"true\" data-sae=\"\"><span class=\"T286Pc\" data-sfc-cp=\"\" data-sfc-root=\"c\" data-sfc-cb=\"\" data-complete=\"true\" aria-owns=\"action-menu-parent-container\">Homologu\u00e9\u00a0<strong class=\"Yjhzub\" data-sfc-root=\"c\" data-sfc-cb=\"\" data-complete=\"true\">CSA Classe 1<\/strong>.<\/span><\/li>\n<li class=\"dF3vjf\" data-sfc-root=\"c\" data-sfc-cb=\"\" data-hveid=\"CAEIBRAF\" data-complete=\"true\" data-sae=\"\"><span class=\"T286Pc\" data-sfc-cp=\"\" data-sfc-root=\"c\" data-sfc-cb=\"\" data-complete=\"true\" aria-owns=\"action-menu-parent-container\"><strong class=\"Yjhzub\" data-sfc-root=\"c\" data-sfc-cb=\"\" data-complete=\"true\">SD+ (Dissipation Statique)<\/strong>\u00a0: Con\u00e7u pour dissiper l&rsquo;\u00e9lectricit\u00e9 statique (id\u00e9al pour l&rsquo;\u00e9lectronique ou les entrep\u00f4ts automatis\u00e9s).<\/span><\/li>\n<li><span dir=\"auto\"><span dir=\"auto\">2 paires de lacets<\/span><\/span><\/li>\n<li><span dir=\"auto\"><span dir=\"auto\">Poids : 740 grammes \/ 1,63 lb par botte de pointure 7<\/span><\/span><\/li>\n<\/ul>\n<p><img decoding=\"async\" class=\"alignnone wp-image-40620\" src=\"https:\/\/autravail.ca\/wp-content\/uploads\/2025\/09\/Jachete-quebec-et-canada.jpg\" alt=\"Logo de l'achat local\" width=\"162\" height=\"139\" \/>Merci d&rsquo;encourager une entreprise 100% d&rsquo;ici!<\/p>\n<p>TS2604H<\/p>\n<p>&nbsp;<\/p>","protected":false},"excerpt":{"rendered":"<p>Botte de travail Bralorne &#8211; K4TEBK Botte de travail Bralorne &#8211; K4TEBK de Kodiak. Il a fallu six g\u00e9n\u00e9rations de fiers bottiers canadiens pour atteindre l&rsquo;\u00e9quilibre parfait entre forme et fonction. Inspir\u00e9es des bottes de randonn\u00e9e classiques et des bottes de travail robustes, elles affichent un style intemporel et haut de gamme. Derri\u00e8re ce style [&hellip;]<\/p>","protected":false},"featured_media":15944,"comment_status":"open","ping_status":"closed","template":"","meta":[],"product_cat":[613,642,633],"product_tag":[251,252,255,253],"class_list":{"0":"post-31517","1":"product","2":"type-product","3":"status-publish","4":"has-post-thumbnail","6":"product_brand-kodiak","7":"product_cat-bottes-de-travail","8":"product_cat-bottes-de-travail-femme","9":"product_cat-femmes","10":"product_tag-bottes-de-travail","11":"product_tag-electric-shock-resistant","12":"product_tag-femme","13":"product_tag-sole-protection","15":"first","16":"instock","17":"taxable","18":"shipping-taxable","19":"purchasable","20":"product-type-variable"},"yoast_head":"<!-- This site is optimized with the Yoast SEO plugin v25.3.1 - https:\/\/yoast.com\/wordpress\/plugins\/seo\/ -->\n<title>Botte de travail Bralorne - K4TEBK - Le Magasin Industriel<\/title>\n<meta name=\"description\" content=\"Botte de travail Bralorne - K4TEBK. derri\u00e8re ce style embl\u00e9matique, une technologie de pointe assure votre s\u00e9curit\u00e9 et votre confort au travai\" \/>\n<meta name=\"robots\" content=\"index, follow, max-snippet:-1, max-image-preview:large, max-video-preview:-1\" \/>\n<link rel=\"canonical\" href=\"https:\/\/autravail.ca\/en\/product\/botte-de-travail-bralorne-k4tebk\/\" \/>\n<meta property=\"og:locale\" content=\"en_US\" \/>\n<meta property=\"og:type\" content=\"article\" \/>\n<meta property=\"og:title\" content=\"Botte de travail Bralorne - K4TEBK - Le Magasin Industriel\" \/>\n<meta property=\"og:description\" content=\"Botte de travail Bralorne - K4TEBK. derri\u00e8re ce style embl\u00e9matique, une technologie de pointe assure votre s\u00e9curit\u00e9 et votre confort au travai\" \/>\n<meta property=\"og:url\" content=\"https:\/\/autravail.ca\/en\/product\/botte-de-travail-bralorne-k4tebk\/\" \/>\n<meta property=\"og:site_name\" content=\"Le Magasin Industriel\" \/>\n<meta property=\"article:publisher\" content=\"https:\/\/www.facebook.com\/lemagasinindustriel\/?locale=fr_FR\" \/>\n<meta property=\"article:modified_time\" content=\"2026-04-01T18:12:54+00:00\" \/>\n<meta property=\"og:image\" content=\"https:\/\/autravail.ca\/wp-content\/uploads\/2025\/05\/K4TEBK_A01_3d3d4f55-b686-4f48-8159-915b66b30965.jpg\" \/>\n\t<meta property=\"og:image:width\" content=\"1000\" \/>\n\t<meta property=\"og:image:height\" content=\"1000\" \/>\n\t<meta property=\"og:image:type\" content=\"image\/jpeg\" \/>\n<meta name=\"twitter:card\" content=\"summary_large_image\" \/>\n<meta name=\"twitter:label1\" content=\"Est. reading time\" \/>\n\t<meta name=\"twitter:data1\" content=\"2 minutes\" \/>\n<script type=\"application\/ld+json\" class=\"yoast-schema-graph\">{\"@context\":\"https:\/\/schema.org\",\"@graph\":[{\"@type\":\"WebPage\",\"@id\":\"https:\/\/autravail.ca\/product\/botte-de-travail-bralorne-k4tebk\/\",\"url\":\"https:\/\/autravail.ca\/product\/botte-de-travail-bralorne-k4tebk\/\",\"name\":\"Botte de travail Bralorne - K4TEBK - Le Magasin Industriel\",\"isPartOf\":{\"@id\":\"https:\/\/autravail.ca\/#website\"},\"primaryImageOfPage\":{\"@id\":\"https:\/\/autravail.ca\/product\/botte-de-travail-bralorne-k4tebk\/#primaryimage\"},\"image\":{\"@id\":\"https:\/\/autravail.ca\/product\/botte-de-travail-bralorne-k4tebk\/#primaryimage\"},\"thumbnailUrl\":\"https:\/\/autravail.ca\/wp-content\/uploads\/2025\/05\/K4TEBK_A01_3d3d4f55-b686-4f48-8159-915b66b30965.jpg\",\"datePublished\":\"2025-05-08T06:51:53+00:00\",\"dateModified\":\"2026-04-01T18:12:54+00:00\",\"description\":\"Botte de travail Bralorne - K4TEBK. derri\u00e8re ce style embl\u00e9matique, une technologie de pointe assure votre s\u00e9curit\u00e9 et votre confort au travai\",\"breadcrumb\":{\"@id\":\"https:\/\/autravail.ca\/product\/botte-de-travail-bralorne-k4tebk\/#breadcrumb\"},\"inLanguage\":\"en-CA\",\"potentialAction\":[{\"@type\":\"ReadAction\",\"target\":[\"https:\/\/autravail.ca\/product\/botte-de-travail-bralorne-k4tebk\/\"]}]},{\"@type\":\"ImageObject\",\"inLanguage\":\"en-CA\",\"@id\":\"https:\/\/autravail.ca\/product\/botte-de-travail-bralorne-k4tebk\/#primaryimage\",\"url\":\"https:\/\/autravail.ca\/wp-content\/uploads\/2025\/05\/K4TEBK_A01_3d3d4f55-b686-4f48-8159-915b66b30965.jpg\",\"contentUrl\":\"https:\/\/autravail.ca\/wp-content\/uploads\/2025\/05\/K4TEBK_A01_3d3d4f55-b686-4f48-8159-915b66b30965.jpg\",\"width\":1000,\"height\":1000,\"caption\":\"Botte de travail Bralorne - K4TEBK\"},{\"@type\":\"BreadcrumbList\",\"@id\":\"https:\/\/autravail.ca\/product\/botte-de-travail-bralorne-k4tebk\/#breadcrumb\",\"itemListElement\":[{\"@type\":\"ListItem\",\"position\":1,\"name\":\"Accueil\",\"item\":\"https:\/\/autravail.ca\/\"},{\"@type\":\"ListItem\",\"position\":2,\"name\":\"Magasin\",\"item\":\"https:\/\/autravail.ca\/en\/shop\/\"},{\"@type\":\"ListItem\",\"position\":3,\"name\":\"Botte de travail Bralorne &#8211; K4TEBK\"}]},{\"@type\":\"WebSite\",\"@id\":\"https:\/\/autravail.ca\/#website\",\"url\":\"https:\/\/autravail.ca\/\",\"name\":\"Le Magasin Industriel\",\"description\":\"50 ans de tradition de s\u00e9curit\u00e9 au travail\",\"publisher\":{\"@id\":\"https:\/\/autravail.ca\/#organization\"},\"potentialAction\":[{\"@type\":\"SearchAction\",\"target\":{\"@type\":\"EntryPoint\",\"urlTemplate\":\"https:\/\/autravail.ca\/?s={search_term_string}\"},\"query-input\":{\"@type\":\"PropertyValueSpecification\",\"valueRequired\":true,\"valueName\":\"search_term_string\"}}],\"inLanguage\":\"en-CA\"},{\"@type\":\"Organization\",\"@id\":\"https:\/\/autravail.ca\/#organization\",\"name\":\"Le Magasin Industriel\",\"url\":\"https:\/\/autravail.ca\/\",\"logo\":{\"@type\":\"ImageObject\",\"inLanguage\":\"en-CA\",\"@id\":\"https:\/\/autravail.ca\/#\/schema\/logo\/image\/\",\"url\":\"https:\/\/autravail.ca\/wp-content\/uploads\/2025\/05\/cropped-magasin_industriel_120x.avif\",\"contentUrl\":\"https:\/\/autravail.ca\/wp-content\/uploads\/2025\/05\/cropped-magasin_industriel_120x.avif\",\"width\":120,\"height\":24,\"caption\":\"Le Magasin Industriel\"},\"image\":{\"@id\":\"https:\/\/autravail.ca\/#\/schema\/logo\/image\/\"},\"sameAs\":[\"https:\/\/www.facebook.com\/lemagasinindustriel\/?locale=fr_FR\"]}]}<\/script>\n<!-- \/ Yoast SEO plugin. -->","yoast_head_json":{"title":"Botte de travail Bralorne - K4TEBK - Le Magasin Industriel","description":"Botte de travail Bralorne - K4TEBK. derri\u00e8re ce style embl\u00e9matique, une technologie de pointe assure votre s\u00e9curit\u00e9 et votre confort au travai","robots":{"index":"index","follow":"follow","max-snippet":"max-snippet:-1","max-image-preview":"max-image-preview:large","max-video-preview":"max-video-preview:-1"},"canonical":"https:\/\/autravail.ca\/en\/product\/botte-de-travail-bralorne-k4tebk\/","og_locale":"en_US","og_type":"article","og_title":"Botte de travail Bralorne - K4TEBK - Le Magasin Industriel","og_description":"Botte de travail Bralorne - K4TEBK. derri\u00e8re ce style embl\u00e9matique, une technologie de pointe assure votre s\u00e9curit\u00e9 et votre confort au travai","og_url":"https:\/\/autravail.ca\/en\/product\/botte-de-travail-bralorne-k4tebk\/","og_site_name":"Le Magasin Industriel","article_publisher":"https:\/\/www.facebook.com\/lemagasinindustriel\/?locale=fr_FR","article_modified_time":"2026-04-01T18:12:54+00:00","og_image":[{"width":1000,"height":1000,"url":"https:\/\/autravail.ca\/wp-content\/uploads\/2025\/05\/K4TEBK_A01_3d3d4f55-b686-4f48-8159-915b66b30965.jpg","type":"image\/jpeg"}],"twitter_card":"summary_large_image","twitter_misc":{"Est. reading time":"2 minutes"},"schema":{"@context":"https:\/\/schema.org","@graph":[{"@type":"WebPage","@id":"https:\/\/autravail.ca\/product\/botte-de-travail-bralorne-k4tebk\/","url":"https:\/\/autravail.ca\/product\/botte-de-travail-bralorne-k4tebk\/","name":"Botte de travail Bralorne - K4TEBK - Le Magasin Industriel","isPartOf":{"@id":"https:\/\/autravail.ca\/#website"},"primaryImageOfPage":{"@id":"https:\/\/autravail.ca\/product\/botte-de-travail-bralorne-k4tebk\/#primaryimage"},"image":{"@id":"https:\/\/autravail.ca\/product\/botte-de-travail-bralorne-k4tebk\/#primaryimage"},"thumbnailUrl":"https:\/\/autravail.ca\/wp-content\/uploads\/2025\/05\/K4TEBK_A01_3d3d4f55-b686-4f48-8159-915b66b30965.jpg","datePublished":"2025-05-08T06:51:53+00:00","dateModified":"2026-04-01T18:12:54+00:00","description":"Botte de travail Bralorne - K4TEBK. derri\u00e8re ce style embl\u00e9matique, une technologie de pointe assure votre s\u00e9curit\u00e9 et votre confort au travai","breadcrumb":{"@id":"https:\/\/autravail.ca\/product\/botte-de-travail-bralorne-k4tebk\/#breadcrumb"},"inLanguage":"en-CA","potentialAction":[{"@type":"ReadAction","target":["https:\/\/autravail.ca\/product\/botte-de-travail-bralorne-k4tebk\/"]}]},{"@type":"ImageObject","inLanguage":"en-CA","@id":"https:\/\/autravail.ca\/product\/botte-de-travail-bralorne-k4tebk\/#primaryimage","url":"https:\/\/autravail.ca\/wp-content\/uploads\/2025\/05\/K4TEBK_A01_3d3d4f55-b686-4f48-8159-915b66b30965.jpg","contentUrl":"https:\/\/autravail.ca\/wp-content\/uploads\/2025\/05\/K4TEBK_A01_3d3d4f55-b686-4f48-8159-915b66b30965.jpg","width":1000,"height":1000,"caption":"Botte de travail Bralorne - K4TEBK"},{"@type":"BreadcrumbList","@id":"https:\/\/autravail.ca\/product\/botte-de-travail-bralorne-k4tebk\/#breadcrumb","itemListElement":[{"@type":"ListItem","position":1,"name":"Accueil","item":"https:\/\/autravail.ca\/"},{"@type":"ListItem","position":2,"name":"Magasin","item":"https:\/\/autravail.ca\/en\/shop\/"},{"@type":"ListItem","position":3,"name":"Botte de travail Bralorne &#8211; K4TEBK"}]},{"@type":"WebSite","@id":"https:\/\/autravail.ca\/#website","url":"https:\/\/autravail.ca\/","name":"Le Magasin Industriel","description":"50 ans de tradition de s\u00e9curit\u00e9 au travail","publisher":{"@id":"https:\/\/autravail.ca\/#organization"},"potentialAction":[{"@type":"SearchAction","target":{"@type":"EntryPoint","urlTemplate":"https:\/\/autravail.ca\/?s={search_term_string}"},"query-input":{"@type":"PropertyValueSpecification","valueRequired":true,"valueName":"search_term_string"}}],"inLanguage":"en-CA"},{"@type":"Organization","@id":"https:\/\/autravail.ca\/#organization","name":"Le Magasin Industriel","url":"https:\/\/autravail.ca\/","logo":{"@type":"ImageObject","inLanguage":"en-CA","@id":"https:\/\/autravail.ca\/#\/schema\/logo\/image\/","url":"https:\/\/autravail.ca\/wp-content\/uploads\/2025\/05\/cropped-magasin_industriel_120x.avif","contentUrl":"https:\/\/autravail.ca\/wp-content\/uploads\/2025\/05\/cropped-magasin_industriel_120x.avif","width":120,"height":24,"caption":"Le Magasin Industriel"},"image":{"@id":"https:\/\/autravail.ca\/#\/schema\/logo\/image\/"},"sameAs":["https:\/\/www.facebook.com\/lemagasinindustriel\/?locale=fr_FR"]}]}},"jetpack_sharing_enabled":true,"_links":{"self":[{"href":"https:\/\/autravail.ca\/en\/wp-json\/wp\/v2\/product\/31517","targetHints":{"allow":["GET"]}}],"collection":[{"href":"https:\/\/autravail.ca\/en\/wp-json\/wp\/v2\/product"}],"about":[{"href":"https:\/\/autravail.ca\/en\/wp-json\/wp\/v2\/types\/product"}],"replies":[{"embeddable":true,"href":"https:\/\/autravail.ca\/en\/wp-json\/wp\/v2\/comments?post=31517"}],"wp:featuredmedia":[{"embeddable":true,"href":"https:\/\/autravail.ca\/en\/wp-json\/wp\/v2\/media\/15944"}],"wp:attachment":[{"href":"https:\/\/autravail.ca\/en\/wp-json\/wp\/v2\/media?parent=31517"}],"wp:term":[{"taxonomy":"product_cat","embeddable":true,"href":"https:\/\/autravail.ca\/en\/wp-json\/wp\/v2\/product_cat?post=31517"},{"taxonomy":"product_tag","embeddable":true,"href":"https:\/\/autravail.ca\/en\/wp-json\/wp\/v2\/product_tag?post=31517"}],"curies":[{"name":"wp","href":"https:\/\/api.w.org\/{rel}","templated":true}]}}