{"id":31488,"date":"2025-05-08T06:51:29","date_gmt":"2025-05-08T06:51:29","guid":{"rendered":"https:\/\/meteoquebec.ca\/?post_type=product&#038;p=31488"},"modified":"2026-04-01T13:22:39","modified_gmt":"2026-04-01T17:22:39","slug":"botte-de-travail-bralorne-4nm1bn","status":"publish","type":"product","link":"https:\/\/autravail.ca\/en\/product\/botte-de-travail-bralorne-4nm1bn\/","title":{"rendered":"Botte de travail Bralorne &#8211; 4NM1BN"},"content":{"rendered":"<h3>Botte de travail Bralorne &#8211; 4NM1BN<\/h3>\n<p>Botte de travail Bralorne &#8211; 4NM1BN de <a href=\"https:\/\/autravail.ca\/en\/product-brand\/kodiak\/\">Kodiak<\/a>. Avec son style classique et ses caract\u00e9ristiques de s\u00e9curit\u00e9 essentielles, cette botte de travail haute de gamme pour femme deviendra vite indispensable. Des d\u00e9tails traditionnels comme le col \u00e0 carreaux et le cuir r\u00e9sistant s&rsquo;allient \u00e0 des technologies modernes telles que l&#8217;embout de s\u00e9curit\u00e9 composite et l&rsquo;isolation Thinsulate\u2122 pour vous offrir le meilleur d&rsquo;hier et d&rsquo;aujourd&rsquo;hui.<\/p>\n<p><img decoding=\"async\" class=\"alignnone size-full wp-image-40117\" src=\"https:\/\/autravail.ca\/wp-content\/uploads\/2025\/09\/Certification-Omega-Triangle-vert.jpg\" alt=\"Certifications Om\u00e9ga Triangle vert\" width=\"193\" height=\"110\" srcset=\"https:\/\/autravail.ca\/wp-content\/uploads\/2025\/09\/Certification-Omega-Triangle-vert.jpg 193w, https:\/\/autravail.ca\/wp-content\/uploads\/2025\/09\/Certification-Omega-Triangle-vert-150x85.jpg 150w, https:\/\/autravail.ca\/wp-content\/uploads\/2025\/09\/Certification-Omega-Triangle-vert-18x10.jpg 18w\" sizes=\"(max-width: 193px) 100vw, 193px\" \/><\/p>\n<h6>Characteristics:<\/h6>\n<ul class=\"mb-0 styled-list product-features\">\n<li><span dir=\"auto\">Bottes KODIAK\u00ae classiques de 20 cm (8 pouces) avec languette en cuir \u00e0 soufflet et tige unique \u00e0 double couche<\/span><\/li>\n<li><span dir=\"auto\">L&#8217;empeigne double couche est compos\u00e9e d&rsquo;une couche ext\u00e9rieure en cuir et d&rsquo;un col int\u00e9rieur rembourr\u00e9 \u00e0 carreaux.<\/span><\/li>\n<li><span dir=\"auto\">Cuir pleine fleur imperm\u00e9able avec construction \u00e0 membrane imperm\u00e9able<\/span><\/li>\n<li><span dir=\"auto\">Isolation Thinsulate\u2122 de 200 g pour un confort en toutes saisons<\/span><\/li>\n<li>Construite avec une membrane imperm\u00e9able et des coutures scell\u00e9es pour garder les pieds au sec<\/li>\n<li><span dir=\"auto\">Technologie de contr\u00f4le des odeurs KODIAK\u00ae SOS Smell Out Science\u00ae<\/span><\/li>\n<li><span dir=\"auto\">La doublure r\u00e9sistante \u00e0 l&rsquo;abrasion \u00e9vacue l&rsquo;humidit\u00e9<\/span><\/li>\n<li><span dir=\"auto\">Semelle int\u00e9rieure Comfortzone\u2122 avec mousse de confort OrthoLite\u00ae<\/span><\/li>\n<li><span dir=\"auto\">Semelle ext\u00e9rieure en caoutchouc antid\u00e9rapante et r\u00e9sistante \u00e0 l&rsquo;huile, ne laissant pas de traces<\/span><\/li>\n<li><span dir=\"auto\">Embout composite homologu\u00e9 CSA, plaque composite, ESR<\/span><\/li>\n<li><span dir=\"auto\">Poids : 800 grammes \/ 1,76 lb par botte de pointure 7<\/span><\/li>\n<\/ul>\n<p><img decoding=\"async\" class=\"alignnone wp-image-40620\" src=\"https:\/\/autravail.ca\/wp-content\/uploads\/2025\/09\/Jachete-quebec-et-canada.jpg\" alt=\"Logo de l'achat local\" width=\"162\" height=\"139\" \/>Merci d&rsquo;encourager une entreprise 100% d&rsquo;ici!<\/p>\n<p>TS2604H<\/p>\n<p>&nbsp;<\/p>","protected":false},"excerpt":{"rendered":"<p>Botte de travail Bralorne &#8211; 4NM1BN Botte de travail Bralorne &#8211; 4NM1BN de Kodiak. Avec son style classique et ses caract\u00e9ristiques de s\u00e9curit\u00e9 essentielles, cette botte de travail haute de gamme pour femme deviendra vite indispensable. Des d\u00e9tails traditionnels comme le col \u00e0 carreaux et le cuir r\u00e9sistant s&rsquo;allient \u00e0 des technologies modernes telles que [&hellip;]<\/p>","protected":false},"featured_media":15925,"comment_status":"open","ping_status":"closed","template":"","meta":[],"product_cat":[613,642,633],"product_tag":[251,252,255,253],"class_list":{"0":"post-31488","1":"product","2":"type-product","3":"status-publish","4":"has-post-thumbnail","6":"product_brand-kodiak","7":"product_cat-bottes-de-travail","8":"product_cat-bottes-de-travail-femme","9":"product_cat-femmes","10":"product_tag-bottes-de-travail","11":"product_tag-electric-shock-resistant","12":"product_tag-femme","13":"product_tag-sole-protection","15":"first","16":"instock","17":"taxable","18":"shipping-taxable","19":"purchasable","20":"product-type-variable"},"yoast_head":"<!-- This site is optimized with the Yoast SEO plugin v25.3.1 - https:\/\/yoast.com\/wordpress\/plugins\/seo\/ -->\n<title>Botte de travail Bralorne - 4NM1BN - Le Magasin Industriel<\/title>\n<meta name=\"description\" content=\"Botte de travail Bralorne - 4NM1BN. Des d\u00e9tails traditionnels comme le col \u00e0 carreaux et le cuir r\u00e9sistant s&#039;allient \u00e0 des technologies modernes\" \/>\n<meta name=\"robots\" content=\"index, follow, max-snippet:-1, max-image-preview:large, max-video-preview:-1\" \/>\n<link rel=\"canonical\" href=\"https:\/\/autravail.ca\/en\/product\/botte-de-travail-bralorne-4nm1bn\/\" \/>\n<meta property=\"og:locale\" content=\"en_US\" \/>\n<meta property=\"og:type\" content=\"article\" \/>\n<meta property=\"og:title\" content=\"Botte de travail Bralorne - 4NM1BN - Le Magasin Industriel\" \/>\n<meta property=\"og:description\" content=\"Botte de travail Bralorne - 4NM1BN. Des d\u00e9tails traditionnels comme le col \u00e0 carreaux et le cuir r\u00e9sistant s&#039;allient \u00e0 des technologies modernes\" \/>\n<meta property=\"og:url\" content=\"https:\/\/autravail.ca\/en\/product\/botte-de-travail-bralorne-4nm1bn\/\" \/>\n<meta property=\"og:site_name\" content=\"Le Magasin Industriel\" \/>\n<meta property=\"article:publisher\" content=\"https:\/\/www.facebook.com\/lemagasinindustriel\/?locale=fr_FR\" \/>\n<meta property=\"article:modified_time\" content=\"2026-04-01T17:22:39+00:00\" \/>\n<meta property=\"og:image\" content=\"https:\/\/autravail.ca\/wp-content\/uploads\/2025\/05\/4NM1BN_A01_632bb709-cfd9-461d-986a-96b0e2aaad9c.jpg\" \/>\n\t<meta property=\"og:image:width\" content=\"1000\" \/>\n\t<meta property=\"og:image:height\" content=\"1000\" \/>\n\t<meta property=\"og:image:type\" content=\"image\/jpeg\" \/>\n<meta name=\"twitter:card\" content=\"summary_large_image\" \/>\n<meta name=\"twitter:label1\" content=\"Est. reading time\" \/>\n\t<meta name=\"twitter:data1\" content=\"2 minutes\" \/>\n<script type=\"application\/ld+json\" class=\"yoast-schema-graph\">{\"@context\":\"https:\/\/schema.org\",\"@graph\":[{\"@type\":\"WebPage\",\"@id\":\"https:\/\/autravail.ca\/product\/botte-de-travail-bralorne-4nm1bn\/\",\"url\":\"https:\/\/autravail.ca\/product\/botte-de-travail-bralorne-4nm1bn\/\",\"name\":\"Botte de travail Bralorne - 4NM1BN - Le Magasin Industriel\",\"isPartOf\":{\"@id\":\"https:\/\/autravail.ca\/#website\"},\"primaryImageOfPage\":{\"@id\":\"https:\/\/autravail.ca\/product\/botte-de-travail-bralorne-4nm1bn\/#primaryimage\"},\"image\":{\"@id\":\"https:\/\/autravail.ca\/product\/botte-de-travail-bralorne-4nm1bn\/#primaryimage\"},\"thumbnailUrl\":\"https:\/\/autravail.ca\/wp-content\/uploads\/2025\/05\/4NM1BN_A01_632bb709-cfd9-461d-986a-96b0e2aaad9c.jpg\",\"datePublished\":\"2025-05-08T06:51:29+00:00\",\"dateModified\":\"2026-04-01T17:22:39+00:00\",\"description\":\"Botte de travail Bralorne - 4NM1BN. Des d\u00e9tails traditionnels comme le col \u00e0 carreaux et le cuir r\u00e9sistant s'allient \u00e0 des technologies modernes\",\"breadcrumb\":{\"@id\":\"https:\/\/autravail.ca\/product\/botte-de-travail-bralorne-4nm1bn\/#breadcrumb\"},\"inLanguage\":\"en-CA\",\"potentialAction\":[{\"@type\":\"ReadAction\",\"target\":[\"https:\/\/autravail.ca\/product\/botte-de-travail-bralorne-4nm1bn\/\"]}]},{\"@type\":\"ImageObject\",\"inLanguage\":\"en-CA\",\"@id\":\"https:\/\/autravail.ca\/product\/botte-de-travail-bralorne-4nm1bn\/#primaryimage\",\"url\":\"https:\/\/autravail.ca\/wp-content\/uploads\/2025\/05\/4NM1BN_A01_632bb709-cfd9-461d-986a-96b0e2aaad9c.jpg\",\"contentUrl\":\"https:\/\/autravail.ca\/wp-content\/uploads\/2025\/05\/4NM1BN_A01_632bb709-cfd9-461d-986a-96b0e2aaad9c.jpg\",\"width\":1000,\"height\":1000,\"caption\":\"Botte de travail Bralorne - 4NM1BN\"},{\"@type\":\"BreadcrumbList\",\"@id\":\"https:\/\/autravail.ca\/product\/botte-de-travail-bralorne-4nm1bn\/#breadcrumb\",\"itemListElement\":[{\"@type\":\"ListItem\",\"position\":1,\"name\":\"Accueil\",\"item\":\"https:\/\/autravail.ca\/\"},{\"@type\":\"ListItem\",\"position\":2,\"name\":\"Magasin\",\"item\":\"https:\/\/autravail.ca\/en\/shop\/\"},{\"@type\":\"ListItem\",\"position\":3,\"name\":\"Botte de travail Bralorne &#8211; 4NM1BN\"}]},{\"@type\":\"WebSite\",\"@id\":\"https:\/\/autravail.ca\/#website\",\"url\":\"https:\/\/autravail.ca\/\",\"name\":\"Le Magasin Industriel\",\"description\":\"50 ans de tradition de s\u00e9curit\u00e9 au travail\",\"publisher\":{\"@id\":\"https:\/\/autravail.ca\/#organization\"},\"potentialAction\":[{\"@type\":\"SearchAction\",\"target\":{\"@type\":\"EntryPoint\",\"urlTemplate\":\"https:\/\/autravail.ca\/?s={search_term_string}\"},\"query-input\":{\"@type\":\"PropertyValueSpecification\",\"valueRequired\":true,\"valueName\":\"search_term_string\"}}],\"inLanguage\":\"en-CA\"},{\"@type\":\"Organization\",\"@id\":\"https:\/\/autravail.ca\/#organization\",\"name\":\"Le Magasin Industriel\",\"url\":\"https:\/\/autravail.ca\/\",\"logo\":{\"@type\":\"ImageObject\",\"inLanguage\":\"en-CA\",\"@id\":\"https:\/\/autravail.ca\/#\/schema\/logo\/image\/\",\"url\":\"https:\/\/autravail.ca\/wp-content\/uploads\/2025\/05\/cropped-magasin_industriel_120x.avif\",\"contentUrl\":\"https:\/\/autravail.ca\/wp-content\/uploads\/2025\/05\/cropped-magasin_industriel_120x.avif\",\"width\":120,\"height\":24,\"caption\":\"Le Magasin Industriel\"},\"image\":{\"@id\":\"https:\/\/autravail.ca\/#\/schema\/logo\/image\/\"},\"sameAs\":[\"https:\/\/www.facebook.com\/lemagasinindustriel\/?locale=fr_FR\"]}]}<\/script>\n<!-- \/ Yoast SEO plugin. -->","yoast_head_json":{"title":"Botte de travail Bralorne - 4NM1BN - Le Magasin Industriel","description":"Botte de travail Bralorne - 4NM1BN. Des d\u00e9tails traditionnels comme le col \u00e0 carreaux et le cuir r\u00e9sistant s'allient \u00e0 des technologies modernes","robots":{"index":"index","follow":"follow","max-snippet":"max-snippet:-1","max-image-preview":"max-image-preview:large","max-video-preview":"max-video-preview:-1"},"canonical":"https:\/\/autravail.ca\/en\/product\/botte-de-travail-bralorne-4nm1bn\/","og_locale":"en_US","og_type":"article","og_title":"Botte de travail Bralorne - 4NM1BN - Le Magasin Industriel","og_description":"Botte de travail Bralorne - 4NM1BN. Des d\u00e9tails traditionnels comme le col \u00e0 carreaux et le cuir r\u00e9sistant s'allient \u00e0 des technologies modernes","og_url":"https:\/\/autravail.ca\/en\/product\/botte-de-travail-bralorne-4nm1bn\/","og_site_name":"Le Magasin Industriel","article_publisher":"https:\/\/www.facebook.com\/lemagasinindustriel\/?locale=fr_FR","article_modified_time":"2026-04-01T17:22:39+00:00","og_image":[{"width":1000,"height":1000,"url":"https:\/\/autravail.ca\/wp-content\/uploads\/2025\/05\/4NM1BN_A01_632bb709-cfd9-461d-986a-96b0e2aaad9c.jpg","type":"image\/jpeg"}],"twitter_card":"summary_large_image","twitter_misc":{"Est. reading time":"2 minutes"},"schema":{"@context":"https:\/\/schema.org","@graph":[{"@type":"WebPage","@id":"https:\/\/autravail.ca\/product\/botte-de-travail-bralorne-4nm1bn\/","url":"https:\/\/autravail.ca\/product\/botte-de-travail-bralorne-4nm1bn\/","name":"Botte de travail Bralorne - 4NM1BN - Le Magasin Industriel","isPartOf":{"@id":"https:\/\/autravail.ca\/#website"},"primaryImageOfPage":{"@id":"https:\/\/autravail.ca\/product\/botte-de-travail-bralorne-4nm1bn\/#primaryimage"},"image":{"@id":"https:\/\/autravail.ca\/product\/botte-de-travail-bralorne-4nm1bn\/#primaryimage"},"thumbnailUrl":"https:\/\/autravail.ca\/wp-content\/uploads\/2025\/05\/4NM1BN_A01_632bb709-cfd9-461d-986a-96b0e2aaad9c.jpg","datePublished":"2025-05-08T06:51:29+00:00","dateModified":"2026-04-01T17:22:39+00:00","description":"Botte de travail Bralorne - 4NM1BN. Des d\u00e9tails traditionnels comme le col \u00e0 carreaux et le cuir r\u00e9sistant s'allient \u00e0 des technologies modernes","breadcrumb":{"@id":"https:\/\/autravail.ca\/product\/botte-de-travail-bralorne-4nm1bn\/#breadcrumb"},"inLanguage":"en-CA","potentialAction":[{"@type":"ReadAction","target":["https:\/\/autravail.ca\/product\/botte-de-travail-bralorne-4nm1bn\/"]}]},{"@type":"ImageObject","inLanguage":"en-CA","@id":"https:\/\/autravail.ca\/product\/botte-de-travail-bralorne-4nm1bn\/#primaryimage","url":"https:\/\/autravail.ca\/wp-content\/uploads\/2025\/05\/4NM1BN_A01_632bb709-cfd9-461d-986a-96b0e2aaad9c.jpg","contentUrl":"https:\/\/autravail.ca\/wp-content\/uploads\/2025\/05\/4NM1BN_A01_632bb709-cfd9-461d-986a-96b0e2aaad9c.jpg","width":1000,"height":1000,"caption":"Botte de travail Bralorne - 4NM1BN"},{"@type":"BreadcrumbList","@id":"https:\/\/autravail.ca\/product\/botte-de-travail-bralorne-4nm1bn\/#breadcrumb","itemListElement":[{"@type":"ListItem","position":1,"name":"Accueil","item":"https:\/\/autravail.ca\/"},{"@type":"ListItem","position":2,"name":"Magasin","item":"https:\/\/autravail.ca\/en\/shop\/"},{"@type":"ListItem","position":3,"name":"Botte de travail Bralorne &#8211; 4NM1BN"}]},{"@type":"WebSite","@id":"https:\/\/autravail.ca\/#website","url":"https:\/\/autravail.ca\/","name":"Le Magasin Industriel","description":"50 ans de tradition de s\u00e9curit\u00e9 au travail","publisher":{"@id":"https:\/\/autravail.ca\/#organization"},"potentialAction":[{"@type":"SearchAction","target":{"@type":"EntryPoint","urlTemplate":"https:\/\/autravail.ca\/?s={search_term_string}"},"query-input":{"@type":"PropertyValueSpecification","valueRequired":true,"valueName":"search_term_string"}}],"inLanguage":"en-CA"},{"@type":"Organization","@id":"https:\/\/autravail.ca\/#organization","name":"Le Magasin Industriel","url":"https:\/\/autravail.ca\/","logo":{"@type":"ImageObject","inLanguage":"en-CA","@id":"https:\/\/autravail.ca\/#\/schema\/logo\/image\/","url":"https:\/\/autravail.ca\/wp-content\/uploads\/2025\/05\/cropped-magasin_industriel_120x.avif","contentUrl":"https:\/\/autravail.ca\/wp-content\/uploads\/2025\/05\/cropped-magasin_industriel_120x.avif","width":120,"height":24,"caption":"Le Magasin Industriel"},"image":{"@id":"https:\/\/autravail.ca\/#\/schema\/logo\/image\/"},"sameAs":["https:\/\/www.facebook.com\/lemagasinindustriel\/?locale=fr_FR"]}]}},"jetpack_sharing_enabled":true,"_links":{"self":[{"href":"https:\/\/autravail.ca\/en\/wp-json\/wp\/v2\/product\/31488","targetHints":{"allow":["GET"]}}],"collection":[{"href":"https:\/\/autravail.ca\/en\/wp-json\/wp\/v2\/product"}],"about":[{"href":"https:\/\/autravail.ca\/en\/wp-json\/wp\/v2\/types\/product"}],"replies":[{"embeddable":true,"href":"https:\/\/autravail.ca\/en\/wp-json\/wp\/v2\/comments?post=31488"}],"wp:featuredmedia":[{"embeddable":true,"href":"https:\/\/autravail.ca\/en\/wp-json\/wp\/v2\/media\/15925"}],"wp:attachment":[{"href":"https:\/\/autravail.ca\/en\/wp-json\/wp\/v2\/media?parent=31488"}],"wp:term":[{"taxonomy":"product_cat","embeddable":true,"href":"https:\/\/autravail.ca\/en\/wp-json\/wp\/v2\/product_cat?post=31488"},{"taxonomy":"product_tag","embeddable":true,"href":"https:\/\/autravail.ca\/en\/wp-json\/wp\/v2\/product_tag?post=31488"}],"curies":[{"name":"wp","href":"https:\/\/api.w.org\/{rel}","templated":true}]}}