{"id":31428,"date":"2025-05-08T06:50:53","date_gmt":"2025-05-08T06:50:53","guid":{"rendered":"https:\/\/meteoquebec.ca\/?post_type=product&#038;p=31428"},"modified":"2026-04-02T11:08:04","modified_gmt":"2026-04-02T15:08:04","slug":"botte-de-travail-the-rambo-style-trs","status":"publish","type":"product","link":"https:\/\/autravail.ca\/en\/product\/botte-de-travail-the-rambo-style-trs\/","title":{"rendered":"Botte de travail &#8211; The Rambo Style &#8211; TRS"},"content":{"rendered":"<h2>Botte de travail &#8211; The Rambo Style &#8211; TRS<\/h2>\n<p>Botte de travail &#8211; The Rambo Style &#8211; TRS de <a href=\"https:\/\/autravail.ca\/en\/product-brand\/J-Audet-Jr\/\">J. Audet<\/a>. D\u00e9couvrez les bottes TRS de J. Audet Jr, fabriqu\u00e9es en cuir de buffle imperm\u00e9able ZEROMETAL\u2122. Ces bottes de 8 pouces sont dot\u00e9es d&rsquo;un embout de protection en composite et d&rsquo;une protection ext\u00e9rieure en TPU ultra-r\u00e9sistant. Le col rembourr\u00e9 en forme de V assure un confort sup\u00e9rieur, tandis que la semelle int\u00e9rieure BASF PU Climate Control ELASTOPAN\u2122 et la technologie CHASGUARD\u2122 garantissent une imperm\u00e9abilit\u00e9 exceptionnelle et un confort accru.<\/p>\n<p><img decoding=\"async\" class=\"alignnone size-full wp-image-40117\" src=\"https:\/\/autravail.ca\/wp-content\/uploads\/2025\/09\/Certification-Omega-Triangle-vert.jpg\" alt=\"Certifications Om\u00e9ga Triangle vert\" width=\"193\" height=\"110\" srcset=\"https:\/\/autravail.ca\/wp-content\/uploads\/2025\/09\/Certification-Omega-Triangle-vert.jpg 193w, https:\/\/autravail.ca\/wp-content\/uploads\/2025\/09\/Certification-Omega-Triangle-vert-150x85.jpg 150w, https:\/\/autravail.ca\/wp-content\/uploads\/2025\/09\/Certification-Omega-Triangle-vert-18x10.jpg 18w\" sizes=\"(max-width: 193px) 100vw, 193px\" \/><\/p>\n<h6>Characteristics:<\/h6>\n<ul>\n<li><span class=\"OYPEnA font-feature-liga-off font-feature-clig-off font-feature-calt-off text-decoration-none text-strikethrough-none\">Empeigne : Cuir de buffle imperm\u00e9able, sans m\u00e9tal<\/span><\/li>\n<li><span class=\"OYPEnA font-feature-liga-off font-feature-clig-off font-feature-calt-off text-decoration-none text-strikethrough-none\">Hauteur : 8 pouces<\/span><\/li>\n<li><span class=\"OYPEnA font-feature-liga-off font-feature-clig-off font-feature-calt-off text-decoration-none text-strikethrough-none\">Embout de protection : Composite<\/span><\/li>\n<li><span class=\"OYPEnA font-feature-liga-off font-feature-clig-off font-feature-calt-off text-decoration-none text-strikethrough-none\">Embout ext\u00e9rieur : TPU ultra-r\u00e9sistant<\/span><\/li>\n<li><span class=\"OYPEnA font-feature-liga-off font-feature-clig-off font-feature-calt-off text-decoration-none text-strikethrough-none\">Collet : Rembourr\u00e9 en forme de V pour un confort accru et une bonne mobilit\u00e9<\/span><\/li>\n<li><span class=\"OYPEnA font-feature-liga-off font-feature-clig-off font-feature-calt-off text-decoration-none text-strikethrough-none\">Oeillets : En plastique, cousus<\/span><\/li>\n<li><span class=\"OYPEnA font-feature-liga-off font-feature-clig-off font-feature-calt-off text-decoration-none text-strikethrough-none\">Semelle anti-perforation : Non-m\u00e9tallique<\/span><\/li>\n<li><span class=\"OYPEnA font-feature-liga-off font-feature-clig-off font-feature-calt-off text-decoration-none text-strikethrough-none\">Semelle intercalaire : PU r\u00e9sistant \u00e0 l&rsquo;huile, fabriqu\u00e9e par injection directe<\/span><\/li>\n<li><span class=\"OYPEnA font-feature-liga-off font-feature-clig-off font-feature-calt-off text-decoration-none text-strikethrough-none\">Semelle d&rsquo;usure : En caoutchouc r\u00e9sistant \u00e0 l&rsquo;huile<\/span><\/li>\n<li><span class=\"OYPEnA font-feature-liga-off font-feature-clig-off font-feature-calt-off text-decoration-none text-strikethrough-none\">Semelle int\u00e9rieure : BASF PU Climate Control Elastopan\u2122<\/span><\/li>\n<\/ul>\n<h6>Technologies:<\/h6>\n<ul>\n<li><span class=\"OYPEnA font-feature-liga-off font-feature-clig-off font-feature-calt-off text-decoration-none text-strikethrough-none\">CHASGUARD\u2122 : Traitement pour imperm\u00e9abiliser le cuir<\/span><\/li>\n<li><span class=\"OYPEnA font-feature-liga-off font-feature-clig-off font-feature-calt-off text-decoration-none text-strikethrough-none\">ELASTOPAN\u2122 : Augmente le confort et le bien-\u00eatre du pied par l\u2019absorption rapide de l\u2019humidit\u00e9 (300% plus grande qu\u2019une semelle int\u00e9rieur de PU normal)<\/span><\/li>\n<li><span class=\"OYPEnA font-feature-liga-off font-feature-clig-off font-feature-calt-off text-decoration-none text-strikethrough-none\">ZEROMETAL\u2122 : Une technologie de pointe con\u00e7ue pour offrir une protection maximale sans aucune composante m\u00e9tallique.<\/span><\/li>\n<\/ul>\n<p><em><span style=\"color: #fa0b0b;\">Unisex U.S. men's sizes presented. To convert to U.S. women's size, add 2 sizes. Example: 5 U.S. men = 7 U.S. women<\/span><\/em><\/p>\n<p><img decoding=\"async\" class=\"alignnone wp-image-40620\" src=\"https:\/\/autravail.ca\/wp-content\/uploads\/2025\/09\/Jachete-quebec-et-canada.jpg\" alt=\"Logo de l'achat local\" width=\"162\" height=\"139\" \/>Merci d&rsquo;encourager une entreprise 100% d&rsquo;ici!<\/p>\n<p>TS2604H<\/p>","protected":false},"excerpt":{"rendered":"<p>Botte de travail &#8211; The Rambo Style &#8211; TRS Botte de travail &#8211; The Rambo Style &#8211; TRS de J. Audet. D\u00e9couvrez les bottes TRS de J. Audet Jr, fabriqu\u00e9es en cuir de buffle imperm\u00e9able ZEROMETAL\u2122. Ces bottes de 8 pouces sont dot\u00e9es d&rsquo;un embout de protection en composite et d&rsquo;une protection ext\u00e9rieure en TPU [&hellip;]<\/p>","protected":false},"featured_media":15849,"comment_status":"open","ping_status":"closed","template":"","meta":[],"product_cat":[613,805,602,848],"product_tag":[251,252,255,242,253],"class_list":{"0":"post-31428","1":"product","2":"type-product","3":"status-publish","4":"has-post-thumbnail","6":"product_brand-j-audet-jr","7":"product_cat-bottes-de-travail","8":"product_cat-bottes-de-travail-homme","9":"product_cat-hommes","10":"product_cat-top-choix-des-travailleurs","11":"product_tag-bottes-de-travail","12":"product_tag-electric-shock-resistant","13":"product_tag-femme","14":"product_tag-homme","15":"product_tag-sole-protection","17":"first","18":"instock","19":"taxable","20":"shipping-taxable","21":"purchasable","22":"product-type-variable"},"yoast_head":"<!-- This site is optimized with the Yoast SEO plugin v25.3.1 - https:\/\/yoast.com\/wordpress\/plugins\/seo\/ -->\n<title>Botte de travail - The Rambo Style - TRS - Le Magasin Industriel<\/title>\n<meta name=\"description\" content=\"Botte de travail - The Rambo Style - TRS fabriqu\u00e9es en cuir de buffle imperm\u00e9able ZEROMETAL\u2122, embout de protection en composite\" \/>\n<meta name=\"robots\" content=\"index, follow, max-snippet:-1, max-image-preview:large, max-video-preview:-1\" \/>\n<link rel=\"canonical\" href=\"https:\/\/autravail.ca\/en\/product\/botte-de-travail-the-rambo-style-trs\/\" \/>\n<meta property=\"og:locale\" content=\"en_US\" \/>\n<meta property=\"og:type\" content=\"article\" \/>\n<meta property=\"og:title\" content=\"Botte de travail - The Rambo Style - TRS - Le Magasin Industriel\" \/>\n<meta property=\"og:description\" content=\"Botte de travail - The Rambo Style - TRS fabriqu\u00e9es en cuir de buffle imperm\u00e9able ZEROMETAL\u2122, embout de protection en composite\" \/>\n<meta property=\"og:url\" content=\"https:\/\/autravail.ca\/en\/product\/botte-de-travail-the-rambo-style-trs\/\" \/>\n<meta property=\"og:site_name\" content=\"Le Magasin Industriel\" \/>\n<meta property=\"article:publisher\" content=\"https:\/\/www.facebook.com\/lemagasinindustriel\/?locale=fr_FR\" \/>\n<meta property=\"article:modified_time\" content=\"2026-04-02T15:08:04+00:00\" \/>\n<meta property=\"og:image\" content=\"https:\/\/autravail.ca\/wp-content\/uploads\/2025\/05\/TRS_A01_404e147c-5de6-4f55-be30-f73e837c5437.jpg\" \/>\n\t<meta property=\"og:image:width\" content=\"1000\" \/>\n\t<meta property=\"og:image:height\" content=\"1000\" \/>\n\t<meta property=\"og:image:type\" content=\"image\/jpeg\" \/>\n<meta name=\"twitter:card\" content=\"summary_large_image\" \/>\n<meta name=\"twitter:label1\" content=\"Est. reading time\" \/>\n\t<meta name=\"twitter:data1\" content=\"2 minutes\" \/>\n<script type=\"application\/ld+json\" class=\"yoast-schema-graph\">{\"@context\":\"https:\/\/schema.org\",\"@graph\":[{\"@type\":\"WebPage\",\"@id\":\"https:\/\/autravail.ca\/product\/botte-de-travail-the-rambo-style-trs\/\",\"url\":\"https:\/\/autravail.ca\/product\/botte-de-travail-the-rambo-style-trs\/\",\"name\":\"Botte de travail - The Rambo Style - TRS - Le Magasin Industriel\",\"isPartOf\":{\"@id\":\"https:\/\/autravail.ca\/#website\"},\"primaryImageOfPage\":{\"@id\":\"https:\/\/autravail.ca\/product\/botte-de-travail-the-rambo-style-trs\/#primaryimage\"},\"image\":{\"@id\":\"https:\/\/autravail.ca\/product\/botte-de-travail-the-rambo-style-trs\/#primaryimage\"},\"thumbnailUrl\":\"https:\/\/autravail.ca\/wp-content\/uploads\/2025\/05\/TRS_A01_404e147c-5de6-4f55-be30-f73e837c5437.jpg\",\"datePublished\":\"2025-05-08T06:50:53+00:00\",\"dateModified\":\"2026-04-02T15:08:04+00:00\",\"description\":\"Botte de travail - The Rambo Style - TRS fabriqu\u00e9es en cuir de buffle imperm\u00e9able ZEROMETAL\u2122, embout de protection en composite\",\"breadcrumb\":{\"@id\":\"https:\/\/autravail.ca\/product\/botte-de-travail-the-rambo-style-trs\/#breadcrumb\"},\"inLanguage\":\"en-CA\",\"potentialAction\":[{\"@type\":\"ReadAction\",\"target\":[\"https:\/\/autravail.ca\/product\/botte-de-travail-the-rambo-style-trs\/\"]}]},{\"@type\":\"ImageObject\",\"inLanguage\":\"en-CA\",\"@id\":\"https:\/\/autravail.ca\/product\/botte-de-travail-the-rambo-style-trs\/#primaryimage\",\"url\":\"https:\/\/autravail.ca\/wp-content\/uploads\/2025\/05\/TRS_A01_404e147c-5de6-4f55-be30-f73e837c5437.jpg\",\"contentUrl\":\"https:\/\/autravail.ca\/wp-content\/uploads\/2025\/05\/TRS_A01_404e147c-5de6-4f55-be30-f73e837c5437.jpg\",\"width\":1000,\"height\":1000,\"caption\":\"Botte de travail - The Rambo Style - TRS\"},{\"@type\":\"BreadcrumbList\",\"@id\":\"https:\/\/autravail.ca\/product\/botte-de-travail-the-rambo-style-trs\/#breadcrumb\",\"itemListElement\":[{\"@type\":\"ListItem\",\"position\":1,\"name\":\"Accueil\",\"item\":\"https:\/\/autravail.ca\/\"},{\"@type\":\"ListItem\",\"position\":2,\"name\":\"Magasin\",\"item\":\"https:\/\/autravail.ca\/en\/shop\/\"},{\"@type\":\"ListItem\",\"position\":3,\"name\":\"Botte de travail &#8211; The Rambo Style &#8211; TRS\"}]},{\"@type\":\"WebSite\",\"@id\":\"https:\/\/autravail.ca\/#website\",\"url\":\"https:\/\/autravail.ca\/\",\"name\":\"Le Magasin Industriel\",\"description\":\"50 ans de tradition de s\u00e9curit\u00e9 au travail\",\"publisher\":{\"@id\":\"https:\/\/autravail.ca\/#organization\"},\"potentialAction\":[{\"@type\":\"SearchAction\",\"target\":{\"@type\":\"EntryPoint\",\"urlTemplate\":\"https:\/\/autravail.ca\/?s={search_term_string}\"},\"query-input\":{\"@type\":\"PropertyValueSpecification\",\"valueRequired\":true,\"valueName\":\"search_term_string\"}}],\"inLanguage\":\"en-CA\"},{\"@type\":\"Organization\",\"@id\":\"https:\/\/autravail.ca\/#organization\",\"name\":\"Le Magasin Industriel\",\"url\":\"https:\/\/autravail.ca\/\",\"logo\":{\"@type\":\"ImageObject\",\"inLanguage\":\"en-CA\",\"@id\":\"https:\/\/autravail.ca\/#\/schema\/logo\/image\/\",\"url\":\"https:\/\/autravail.ca\/wp-content\/uploads\/2025\/05\/cropped-magasin_industriel_120x.avif\",\"contentUrl\":\"https:\/\/autravail.ca\/wp-content\/uploads\/2025\/05\/cropped-magasin_industriel_120x.avif\",\"width\":120,\"height\":24,\"caption\":\"Le Magasin Industriel\"},\"image\":{\"@id\":\"https:\/\/autravail.ca\/#\/schema\/logo\/image\/\"},\"sameAs\":[\"https:\/\/www.facebook.com\/lemagasinindustriel\/?locale=fr_FR\"]}]}<\/script>\n<!-- \/ Yoast SEO plugin. -->","yoast_head_json":{"title":"Botte de travail - The Rambo Style - TRS - Le Magasin Industriel","description":"Botte de travail - The Rambo Style - TRS fabriqu\u00e9es en cuir de buffle imperm\u00e9able ZEROMETAL\u2122, embout de protection en composite","robots":{"index":"index","follow":"follow","max-snippet":"max-snippet:-1","max-image-preview":"max-image-preview:large","max-video-preview":"max-video-preview:-1"},"canonical":"https:\/\/autravail.ca\/en\/product\/botte-de-travail-the-rambo-style-trs\/","og_locale":"en_US","og_type":"article","og_title":"Botte de travail - The Rambo Style - TRS - Le Magasin Industriel","og_description":"Botte de travail - The Rambo Style - TRS fabriqu\u00e9es en cuir de buffle imperm\u00e9able ZEROMETAL\u2122, embout de protection en composite","og_url":"https:\/\/autravail.ca\/en\/product\/botte-de-travail-the-rambo-style-trs\/","og_site_name":"Le Magasin Industriel","article_publisher":"https:\/\/www.facebook.com\/lemagasinindustriel\/?locale=fr_FR","article_modified_time":"2026-04-02T15:08:04+00:00","og_image":[{"width":1000,"height":1000,"url":"https:\/\/autravail.ca\/wp-content\/uploads\/2025\/05\/TRS_A01_404e147c-5de6-4f55-be30-f73e837c5437.jpg","type":"image\/jpeg"}],"twitter_card":"summary_large_image","twitter_misc":{"Est. reading time":"2 minutes"},"schema":{"@context":"https:\/\/schema.org","@graph":[{"@type":"WebPage","@id":"https:\/\/autravail.ca\/product\/botte-de-travail-the-rambo-style-trs\/","url":"https:\/\/autravail.ca\/product\/botte-de-travail-the-rambo-style-trs\/","name":"Botte de travail - The Rambo Style - TRS - Le Magasin Industriel","isPartOf":{"@id":"https:\/\/autravail.ca\/#website"},"primaryImageOfPage":{"@id":"https:\/\/autravail.ca\/product\/botte-de-travail-the-rambo-style-trs\/#primaryimage"},"image":{"@id":"https:\/\/autravail.ca\/product\/botte-de-travail-the-rambo-style-trs\/#primaryimage"},"thumbnailUrl":"https:\/\/autravail.ca\/wp-content\/uploads\/2025\/05\/TRS_A01_404e147c-5de6-4f55-be30-f73e837c5437.jpg","datePublished":"2025-05-08T06:50:53+00:00","dateModified":"2026-04-02T15:08:04+00:00","description":"Botte de travail - The Rambo Style - TRS fabriqu\u00e9es en cuir de buffle imperm\u00e9able ZEROMETAL\u2122, embout de protection en composite","breadcrumb":{"@id":"https:\/\/autravail.ca\/product\/botte-de-travail-the-rambo-style-trs\/#breadcrumb"},"inLanguage":"en-CA","potentialAction":[{"@type":"ReadAction","target":["https:\/\/autravail.ca\/product\/botte-de-travail-the-rambo-style-trs\/"]}]},{"@type":"ImageObject","inLanguage":"en-CA","@id":"https:\/\/autravail.ca\/product\/botte-de-travail-the-rambo-style-trs\/#primaryimage","url":"https:\/\/autravail.ca\/wp-content\/uploads\/2025\/05\/TRS_A01_404e147c-5de6-4f55-be30-f73e837c5437.jpg","contentUrl":"https:\/\/autravail.ca\/wp-content\/uploads\/2025\/05\/TRS_A01_404e147c-5de6-4f55-be30-f73e837c5437.jpg","width":1000,"height":1000,"caption":"Botte de travail - The Rambo Style - TRS"},{"@type":"BreadcrumbList","@id":"https:\/\/autravail.ca\/product\/botte-de-travail-the-rambo-style-trs\/#breadcrumb","itemListElement":[{"@type":"ListItem","position":1,"name":"Accueil","item":"https:\/\/autravail.ca\/"},{"@type":"ListItem","position":2,"name":"Magasin","item":"https:\/\/autravail.ca\/en\/shop\/"},{"@type":"ListItem","position":3,"name":"Botte de travail &#8211; The Rambo Style &#8211; TRS"}]},{"@type":"WebSite","@id":"https:\/\/autravail.ca\/#website","url":"https:\/\/autravail.ca\/","name":"Le Magasin Industriel","description":"50 ans de tradition de s\u00e9curit\u00e9 au travail","publisher":{"@id":"https:\/\/autravail.ca\/#organization"},"potentialAction":[{"@type":"SearchAction","target":{"@type":"EntryPoint","urlTemplate":"https:\/\/autravail.ca\/?s={search_term_string}"},"query-input":{"@type":"PropertyValueSpecification","valueRequired":true,"valueName":"search_term_string"}}],"inLanguage":"en-CA"},{"@type":"Organization","@id":"https:\/\/autravail.ca\/#organization","name":"Le Magasin Industriel","url":"https:\/\/autravail.ca\/","logo":{"@type":"ImageObject","inLanguage":"en-CA","@id":"https:\/\/autravail.ca\/#\/schema\/logo\/image\/","url":"https:\/\/autravail.ca\/wp-content\/uploads\/2025\/05\/cropped-magasin_industriel_120x.avif","contentUrl":"https:\/\/autravail.ca\/wp-content\/uploads\/2025\/05\/cropped-magasin_industriel_120x.avif","width":120,"height":24,"caption":"Le Magasin Industriel"},"image":{"@id":"https:\/\/autravail.ca\/#\/schema\/logo\/image\/"},"sameAs":["https:\/\/www.facebook.com\/lemagasinindustriel\/?locale=fr_FR"]}]}},"jetpack_sharing_enabled":true,"_links":{"self":[{"href":"https:\/\/autravail.ca\/en\/wp-json\/wp\/v2\/product\/31428","targetHints":{"allow":["GET"]}}],"collection":[{"href":"https:\/\/autravail.ca\/en\/wp-json\/wp\/v2\/product"}],"about":[{"href":"https:\/\/autravail.ca\/en\/wp-json\/wp\/v2\/types\/product"}],"replies":[{"embeddable":true,"href":"https:\/\/autravail.ca\/en\/wp-json\/wp\/v2\/comments?post=31428"}],"wp:featuredmedia":[{"embeddable":true,"href":"https:\/\/autravail.ca\/en\/wp-json\/wp\/v2\/media\/15849"}],"wp:attachment":[{"href":"https:\/\/autravail.ca\/en\/wp-json\/wp\/v2\/media?parent=31428"}],"wp:term":[{"taxonomy":"product_cat","embeddable":true,"href":"https:\/\/autravail.ca\/en\/wp-json\/wp\/v2\/product_cat?post=31428"},{"taxonomy":"product_tag","embeddable":true,"href":"https:\/\/autravail.ca\/en\/wp-json\/wp\/v2\/product_tag?post=31428"}],"curies":[{"name":"wp","href":"https:\/\/api.w.org\/{rel}","templated":true}]}}