{"id":31427,"date":"2025-05-08T06:50:52","date_gmt":"2025-05-08T06:50:52","guid":{"rendered":"https:\/\/meteoquebec.ca\/?post_type=product&#038;p=31427"},"modified":"2026-04-02T11:03:19","modified_gmt":"2026-04-02T15:03:19","slug":"botte-de-travail-m501br","status":"publish","type":"product","link":"https:\/\/autravail.ca\/en\/product\/botte-de-travail-m501br\/","title":{"rendered":"Botte de travail &#8211; M501BR"},"content":{"rendered":"<h2>Botte de travail &#8211; M501BR<\/h2>\n<p>Botte de travail &#8211; M501BR de J. Audet. D\u00e9couvrez les bottes de travail Mod\u00e8le M501BR de J. Audet Jr, con\u00e7ues en cuir de vache pleine fleur et Cordura pour une robustesse accrue. Avec une hauteur de 8 pouces et un embout de protection en acier, ces bottes offrent une protection optimale. Le collet rembourr\u00e9 en forme de V assure un confort exceptionnel et une bonne mobilit\u00e9, tandis que la semelle int\u00e9rieure BASF PU Climate Control ELASTOPAN\u2122\u00a0am\u00e9liore le confort et l&rsquo;absorption de l&rsquo;humidit\u00e9. Dot\u00e9es de la technologie CHASAIR\u2122\u00a0pour une ventilation efficace et d&rsquo;une semelle intercalaire PU r\u00e9sistante \u00e0 l&rsquo;huile, ces bottes sont id\u00e9ales pour les environnements de travail exigeants. Con\u00e7ues pour la performance et la durabilit\u00e9, elles sont le choix parfait pour vos journ\u00e9es de travail intenses.<\/p>\n<p><img decoding=\"async\" class=\"alignnone size-full wp-image-40117\" src=\"https:\/\/autravail.ca\/wp-content\/uploads\/2025\/09\/Certification-Omega-Triangle-vert.jpg\" alt=\"Certifications Om\u00e9ga Triangle vert\" width=\"193\" height=\"110\" srcset=\"https:\/\/autravail.ca\/wp-content\/uploads\/2025\/09\/Certification-Omega-Triangle-vert.jpg 193w, https:\/\/autravail.ca\/wp-content\/uploads\/2025\/09\/Certification-Omega-Triangle-vert-150x85.jpg 150w, https:\/\/autravail.ca\/wp-content\/uploads\/2025\/09\/Certification-Omega-Triangle-vert-18x10.jpg 18w\" sizes=\"(max-width: 193px) 100vw, 193px\" \/><\/p>\n<h6>Characteristics:<\/h6>\n<ul>\n<li><span class=\"OYPEnA font-feature-liga-off font-feature-clig-off font-feature-calt-off text-decoration-none text-strikethrough-none\">Empeigne : Cuir de vache pleine fleur et Cordura, sans isolation<\/span><\/li>\n<li><span class=\"OYPEnA font-feature-liga-off font-feature-clig-off font-feature-calt-off text-decoration-none text-strikethrough-none\">Hauteur : 8 pouces<\/span><\/li>\n<li><span class=\"OYPEnA font-feature-liga-off font-feature-clig-off font-feature-calt-off text-decoration-none text-strikethrough-none\">Embout de protection : Acier<\/span><\/li>\n<li><span class=\"OYPEnA font-feature-liga-off font-feature-clig-off font-feature-calt-off text-decoration-none text-strikethrough-none\">Embout ext\u00e9rieur : TPU ultra-r\u00e9sistant<\/span><\/li>\n<li><span class=\"OYPEnA font-feature-liga-off font-feature-clig-off font-feature-calt-off text-decoration-none text-strikethrough-none\">Collet : Rembourr\u00e9 en forme de V pour un confort accru et une bonne mobilit\u00e9<\/span><\/li>\n<li><span class=\"OYPEnA font-feature-liga-off font-feature-clig-off font-feature-calt-off text-decoration-none text-strikethrough-none\">\u0152illets : En laiton (anti-rouille)<\/span><\/li>\n<li><span class=\"OYPEnA font-feature-liga-off font-feature-clig-off font-feature-calt-off text-decoration-none text-strikethrough-none\">Semelle anti-perforation : Non-m\u00e9tallique<\/span><\/li>\n<li><span class=\"OYPEnA font-feature-liga-off font-feature-clig-off font-feature-calt-off text-decoration-none text-strikethrough-none\">Semelle intercalaire : PU r\u00e9sistant \u00e0 l&rsquo;huile, fabriqu\u00e9e par injection directe<\/span><\/li>\n<li><span class=\"OYPEnA font-feature-liga-off font-feature-clig-off font-feature-calt-off text-decoration-none text-strikethrough-none\">Semelle d&rsquo;usure : En caoutchouc r\u00e9sistant \u00e0 l&rsquo;huile<\/span><\/li>\n<li><span class=\"OYPEnA font-feature-liga-off font-feature-clig-off font-feature-calt-off text-decoration-none text-strikethrough-none\">Semelle int\u00e9rieure : BASF PU Climate Control Elastopan\u2122<\/span><\/li>\n<\/ul>\n<h6>Technologies:<\/h6>\n<ul>\n<li><span class=\"OYPEnA font-feature-liga-off font-feature-clig-off font-feature-calt-off text-decoration-none text-strikethrough-none\">CHASAIR\u2122 : Syst\u00e8me de ventilation de type compression-rebond<\/span><\/li>\n<li><span class=\"OYPEnA font-feature-liga-off font-feature-clig-off font-feature-calt-off text-decoration-none text-strikethrough-none\">ELASTOPAN\u2122 : Augmente le confort et le bien-\u00eatre du pied par l\u2019absorption rapide de l\u2019humidit\u00e9 (300% plus grande qu\u2019une semelle int\u00e9rieur de PU normal)<\/span><\/li>\n<\/ul>\n<p><em><span style=\"color: #fa0b0b;\">Unisex U.S. men's sizes presented. To convert to U.S. women's size, add 2 sizes. Example: 5 U.S. men = 7 U.S. women<\/span><\/em><\/p>\n<p><img decoding=\"async\" class=\"alignnone wp-image-40620\" src=\"https:\/\/autravail.ca\/wp-content\/uploads\/2025\/09\/Jachete-quebec-et-canada.jpg\" alt=\"Logo de l'achat local\" width=\"162\" height=\"139\" \/>Merci d&rsquo;encourager une entreprise 100% d&rsquo;ici!<\/p>\n<p>TS2604H<\/p>","protected":false},"excerpt":{"rendered":"<p>Botte de travail &#8211; M501BR Botte de travail &#8211; M501BR de J. Audet. D\u00e9couvrez les bottes de travail Mod\u00e8le M501BR de J. Audet Jr, con\u00e7ues en cuir de vache pleine fleur et Cordura pour une robustesse accrue. Avec une hauteur de 8 pouces et un embout de protection en acier, ces bottes offrent une protection [&hellip;]<\/p>","protected":false},"featured_media":15829,"comment_status":"open","ping_status":"closed","template":"","meta":[],"product_cat":[613,642,805,602],"product_tag":[251,252,255,242,253],"class_list":{"0":"post-31427","1":"product","2":"type-product","3":"status-publish","4":"has-post-thumbnail","6":"product_brand-j-audet-jr","7":"product_cat-bottes-de-travail","8":"product_cat-bottes-de-travail-femme","9":"product_cat-bottes-de-travail-homme","10":"product_cat-hommes","11":"product_tag-bottes-de-travail","12":"product_tag-electric-shock-resistant","13":"product_tag-femme","14":"product_tag-homme","15":"product_tag-sole-protection","17":"first","18":"instock","19":"taxable","20":"shipping-taxable","21":"purchasable","22":"product-type-variable"},"yoast_head":"<!-- This site is optimized with the Yoast SEO plugin v25.3.1 - https:\/\/yoast.com\/wordpress\/plugins\/seo\/ -->\n<title>Botte de travail - M501BR - Le Magasin Industriel<\/title>\n<meta name=\"description\" content=\"Botte de travail - M501BR con\u00e7ues en cuir de vache pleine fleur et Cordura pour une robustesse accrue, embout de protection en acier\" \/>\n<meta name=\"robots\" content=\"index, follow, max-snippet:-1, max-image-preview:large, max-video-preview:-1\" \/>\n<link rel=\"canonical\" href=\"https:\/\/autravail.ca\/en\/product\/botte-de-travail-m501br\/\" \/>\n<meta property=\"og:locale\" content=\"en_US\" \/>\n<meta property=\"og:type\" content=\"article\" \/>\n<meta property=\"og:title\" content=\"Botte de travail - M501BR - Le Magasin Industriel\" \/>\n<meta property=\"og:description\" content=\"Botte de travail - M501BR con\u00e7ues en cuir de vache pleine fleur et Cordura pour une robustesse accrue, embout de protection en acier\" \/>\n<meta property=\"og:url\" content=\"https:\/\/autravail.ca\/en\/product\/botte-de-travail-m501br\/\" \/>\n<meta property=\"og:site_name\" content=\"Le Magasin Industriel\" \/>\n<meta property=\"article:publisher\" content=\"https:\/\/www.facebook.com\/lemagasinindustriel\/?locale=fr_FR\" \/>\n<meta property=\"article:modified_time\" content=\"2026-04-02T15:03:19+00:00\" \/>\n<meta property=\"og:image\" content=\"https:\/\/autravail.ca\/wp-content\/uploads\/2025\/05\/M501_brn_A01.jpg\" \/>\n\t<meta property=\"og:image:width\" content=\"1000\" \/>\n\t<meta property=\"og:image:height\" content=\"1000\" \/>\n\t<meta property=\"og:image:type\" content=\"image\/jpeg\" \/>\n<meta name=\"twitter:card\" content=\"summary_large_image\" \/>\n<meta name=\"twitter:label1\" content=\"Est. reading time\" \/>\n\t<meta name=\"twitter:data1\" content=\"2 minutes\" \/>\n<script type=\"application\/ld+json\" class=\"yoast-schema-graph\">{\"@context\":\"https:\/\/schema.org\",\"@graph\":[{\"@type\":\"WebPage\",\"@id\":\"https:\/\/autravail.ca\/product\/botte-de-travail-m501br\/\",\"url\":\"https:\/\/autravail.ca\/product\/botte-de-travail-m501br\/\",\"name\":\"Botte de travail - M501BR - Le Magasin Industriel\",\"isPartOf\":{\"@id\":\"https:\/\/autravail.ca\/#website\"},\"primaryImageOfPage\":{\"@id\":\"https:\/\/autravail.ca\/product\/botte-de-travail-m501br\/#primaryimage\"},\"image\":{\"@id\":\"https:\/\/autravail.ca\/product\/botte-de-travail-m501br\/#primaryimage\"},\"thumbnailUrl\":\"https:\/\/autravail.ca\/wp-content\/uploads\/2025\/05\/M501_brn_A01.jpg\",\"datePublished\":\"2025-05-08T06:50:52+00:00\",\"dateModified\":\"2026-04-02T15:03:19+00:00\",\"description\":\"Botte de travail - M501BR con\u00e7ues en cuir de vache pleine fleur et Cordura pour une robustesse accrue, embout de protection en acier\",\"breadcrumb\":{\"@id\":\"https:\/\/autravail.ca\/product\/botte-de-travail-m501br\/#breadcrumb\"},\"inLanguage\":\"en-CA\",\"potentialAction\":[{\"@type\":\"ReadAction\",\"target\":[\"https:\/\/autravail.ca\/product\/botte-de-travail-m501br\/\"]}]},{\"@type\":\"ImageObject\",\"inLanguage\":\"en-CA\",\"@id\":\"https:\/\/autravail.ca\/product\/botte-de-travail-m501br\/#primaryimage\",\"url\":\"https:\/\/autravail.ca\/wp-content\/uploads\/2025\/05\/M501_brn_A01.jpg\",\"contentUrl\":\"https:\/\/autravail.ca\/wp-content\/uploads\/2025\/05\/M501_brn_A01.jpg\",\"width\":1000,\"height\":1000,\"caption\":\"Botte de travail - M501BR\"},{\"@type\":\"BreadcrumbList\",\"@id\":\"https:\/\/autravail.ca\/product\/botte-de-travail-m501br\/#breadcrumb\",\"itemListElement\":[{\"@type\":\"ListItem\",\"position\":1,\"name\":\"Accueil\",\"item\":\"https:\/\/autravail.ca\/\"},{\"@type\":\"ListItem\",\"position\":2,\"name\":\"Magasin\",\"item\":\"https:\/\/autravail.ca\/en\/shop\/\"},{\"@type\":\"ListItem\",\"position\":3,\"name\":\"Botte de travail &#8211; M501BR\"}]},{\"@type\":\"WebSite\",\"@id\":\"https:\/\/autravail.ca\/#website\",\"url\":\"https:\/\/autravail.ca\/\",\"name\":\"Le Magasin Industriel\",\"description\":\"50 ans de tradition de s\u00e9curit\u00e9 au travail\",\"publisher\":{\"@id\":\"https:\/\/autravail.ca\/#organization\"},\"potentialAction\":[{\"@type\":\"SearchAction\",\"target\":{\"@type\":\"EntryPoint\",\"urlTemplate\":\"https:\/\/autravail.ca\/?s={search_term_string}\"},\"query-input\":{\"@type\":\"PropertyValueSpecification\",\"valueRequired\":true,\"valueName\":\"search_term_string\"}}],\"inLanguage\":\"en-CA\"},{\"@type\":\"Organization\",\"@id\":\"https:\/\/autravail.ca\/#organization\",\"name\":\"Le Magasin Industriel\",\"url\":\"https:\/\/autravail.ca\/\",\"logo\":{\"@type\":\"ImageObject\",\"inLanguage\":\"en-CA\",\"@id\":\"https:\/\/autravail.ca\/#\/schema\/logo\/image\/\",\"url\":\"https:\/\/autravail.ca\/wp-content\/uploads\/2025\/05\/cropped-magasin_industriel_120x.avif\",\"contentUrl\":\"https:\/\/autravail.ca\/wp-content\/uploads\/2025\/05\/cropped-magasin_industriel_120x.avif\",\"width\":120,\"height\":24,\"caption\":\"Le Magasin Industriel\"},\"image\":{\"@id\":\"https:\/\/autravail.ca\/#\/schema\/logo\/image\/\"},\"sameAs\":[\"https:\/\/www.facebook.com\/lemagasinindustriel\/?locale=fr_FR\"]}]}<\/script>\n<!-- \/ Yoast SEO plugin. -->","yoast_head_json":{"title":"Botte de travail - M501BR - Le Magasin Industriel","description":"Botte de travail - M501BR con\u00e7ues en cuir de vache pleine fleur et Cordura pour une robustesse accrue, embout de protection en acier","robots":{"index":"index","follow":"follow","max-snippet":"max-snippet:-1","max-image-preview":"max-image-preview:large","max-video-preview":"max-video-preview:-1"},"canonical":"https:\/\/autravail.ca\/en\/product\/botte-de-travail-m501br\/","og_locale":"en_US","og_type":"article","og_title":"Botte de travail - M501BR - Le Magasin Industriel","og_description":"Botte de travail - M501BR con\u00e7ues en cuir de vache pleine fleur et Cordura pour une robustesse accrue, embout de protection en acier","og_url":"https:\/\/autravail.ca\/en\/product\/botte-de-travail-m501br\/","og_site_name":"Le Magasin Industriel","article_publisher":"https:\/\/www.facebook.com\/lemagasinindustriel\/?locale=fr_FR","article_modified_time":"2026-04-02T15:03:19+00:00","og_image":[{"width":1000,"height":1000,"url":"https:\/\/autravail.ca\/wp-content\/uploads\/2025\/05\/M501_brn_A01.jpg","type":"image\/jpeg"}],"twitter_card":"summary_large_image","twitter_misc":{"Est. reading time":"2 minutes"},"schema":{"@context":"https:\/\/schema.org","@graph":[{"@type":"WebPage","@id":"https:\/\/autravail.ca\/product\/botte-de-travail-m501br\/","url":"https:\/\/autravail.ca\/product\/botte-de-travail-m501br\/","name":"Botte de travail - M501BR - Le Magasin Industriel","isPartOf":{"@id":"https:\/\/autravail.ca\/#website"},"primaryImageOfPage":{"@id":"https:\/\/autravail.ca\/product\/botte-de-travail-m501br\/#primaryimage"},"image":{"@id":"https:\/\/autravail.ca\/product\/botte-de-travail-m501br\/#primaryimage"},"thumbnailUrl":"https:\/\/autravail.ca\/wp-content\/uploads\/2025\/05\/M501_brn_A01.jpg","datePublished":"2025-05-08T06:50:52+00:00","dateModified":"2026-04-02T15:03:19+00:00","description":"Botte de travail - M501BR con\u00e7ues en cuir de vache pleine fleur et Cordura pour une robustesse accrue, embout de protection en acier","breadcrumb":{"@id":"https:\/\/autravail.ca\/product\/botte-de-travail-m501br\/#breadcrumb"},"inLanguage":"en-CA","potentialAction":[{"@type":"ReadAction","target":["https:\/\/autravail.ca\/product\/botte-de-travail-m501br\/"]}]},{"@type":"ImageObject","inLanguage":"en-CA","@id":"https:\/\/autravail.ca\/product\/botte-de-travail-m501br\/#primaryimage","url":"https:\/\/autravail.ca\/wp-content\/uploads\/2025\/05\/M501_brn_A01.jpg","contentUrl":"https:\/\/autravail.ca\/wp-content\/uploads\/2025\/05\/M501_brn_A01.jpg","width":1000,"height":1000,"caption":"Botte de travail - M501BR"},{"@type":"BreadcrumbList","@id":"https:\/\/autravail.ca\/product\/botte-de-travail-m501br\/#breadcrumb","itemListElement":[{"@type":"ListItem","position":1,"name":"Accueil","item":"https:\/\/autravail.ca\/"},{"@type":"ListItem","position":2,"name":"Magasin","item":"https:\/\/autravail.ca\/en\/shop\/"},{"@type":"ListItem","position":3,"name":"Botte de travail &#8211; M501BR"}]},{"@type":"WebSite","@id":"https:\/\/autravail.ca\/#website","url":"https:\/\/autravail.ca\/","name":"Le Magasin Industriel","description":"50 ans de tradition de s\u00e9curit\u00e9 au travail","publisher":{"@id":"https:\/\/autravail.ca\/#organization"},"potentialAction":[{"@type":"SearchAction","target":{"@type":"EntryPoint","urlTemplate":"https:\/\/autravail.ca\/?s={search_term_string}"},"query-input":{"@type":"PropertyValueSpecification","valueRequired":true,"valueName":"search_term_string"}}],"inLanguage":"en-CA"},{"@type":"Organization","@id":"https:\/\/autravail.ca\/#organization","name":"Le Magasin Industriel","url":"https:\/\/autravail.ca\/","logo":{"@type":"ImageObject","inLanguage":"en-CA","@id":"https:\/\/autravail.ca\/#\/schema\/logo\/image\/","url":"https:\/\/autravail.ca\/wp-content\/uploads\/2025\/05\/cropped-magasin_industriel_120x.avif","contentUrl":"https:\/\/autravail.ca\/wp-content\/uploads\/2025\/05\/cropped-magasin_industriel_120x.avif","width":120,"height":24,"caption":"Le Magasin Industriel"},"image":{"@id":"https:\/\/autravail.ca\/#\/schema\/logo\/image\/"},"sameAs":["https:\/\/www.facebook.com\/lemagasinindustriel\/?locale=fr_FR"]}]}},"jetpack_sharing_enabled":true,"_links":{"self":[{"href":"https:\/\/autravail.ca\/en\/wp-json\/wp\/v2\/product\/31427","targetHints":{"allow":["GET"]}}],"collection":[{"href":"https:\/\/autravail.ca\/en\/wp-json\/wp\/v2\/product"}],"about":[{"href":"https:\/\/autravail.ca\/en\/wp-json\/wp\/v2\/types\/product"}],"replies":[{"embeddable":true,"href":"https:\/\/autravail.ca\/en\/wp-json\/wp\/v2\/comments?post=31427"}],"wp:featuredmedia":[{"embeddable":true,"href":"https:\/\/autravail.ca\/en\/wp-json\/wp\/v2\/media\/15829"}],"wp:attachment":[{"href":"https:\/\/autravail.ca\/en\/wp-json\/wp\/v2\/media?parent=31427"}],"wp:term":[{"taxonomy":"product_cat","embeddable":true,"href":"https:\/\/autravail.ca\/en\/wp-json\/wp\/v2\/product_cat?post=31427"},{"taxonomy":"product_tag","embeddable":true,"href":"https:\/\/autravail.ca\/en\/wp-json\/wp\/v2\/product_tag?post=31427"}],"curies":[{"name":"wp","href":"https:\/\/api.w.org\/{rel}","templated":true}]}}