{"id":31397,"date":"2025-05-08T06:50:29","date_gmt":"2025-05-08T06:50:29","guid":{"rendered":"https:\/\/meteoquebec.ca\/?post_type=product&#038;p=31397"},"modified":"2026-04-02T10:49:16","modified_gmt":"2026-04-02T14:49:16","slug":"botte-de-travail-c502br","status":"publish","type":"product","link":"https:\/\/autravail.ca\/en\/product\/botte-de-travail-c502br\/","title":{"rendered":"Botte de travail &#8211; C502BR"},"content":{"rendered":"<h2>Botte de travail &#8211; C502BR<\/h2>\n<p>Botte de travail &#8211; C502BR de <a href=\"https:\/\/autravail.ca\/en\/product-brand\/j-audet-jr\/\">J. Audet<\/a>. <span style=\"font-weight: 400;\">D\u00e9couvrez les bottes de travail Mod\u00e8le #C502BR de J. Audet Jr, fabriqu\u00e9es en cuir de vache pleine fleur et dot\u00e9es d&rsquo;un embout de protection en acier et TPU ultra-r\u00e9sistant. Avec une hauteur de 8 pouces, un collet rembourr\u00e9 en forme de V et une semelle int\u00e9rieure en PU Climate Control ELASTOPAN<\/span><span style=\"font-weight: 400;\">\u2122<\/span><span style=\"font-weight: 400;\">\u00a0de BASF, ces bottes offrent confort et s\u00e9curit\u00e9 pour vos journ\u00e9es de travail. \u00c9quip\u00e9es de la technologie CHASAIR<\/span><span style=\"font-weight: 400;\">\u2122<\/span><span style=\"font-weight: 400;\">\u00a0pour une ventilation optimale et r\u00e9sistantes \u00e0 l&rsquo;huile, elles sont id\u00e9ales pour les environnements exigeants.<\/span><\/p>\n<p><img decoding=\"async\" class=\"alignnone size-full wp-image-40117\" src=\"https:\/\/autravail.ca\/wp-content\/uploads\/2025\/09\/Certification-Omega-Triangle-vert.jpg\" alt=\"Certifications Om\u00e9ga Triangle vert\" width=\"193\" height=\"110\" srcset=\"https:\/\/autravail.ca\/wp-content\/uploads\/2025\/09\/Certification-Omega-Triangle-vert.jpg 193w, https:\/\/autravail.ca\/wp-content\/uploads\/2025\/09\/Certification-Omega-Triangle-vert-150x85.jpg 150w, https:\/\/autravail.ca\/wp-content\/uploads\/2025\/09\/Certification-Omega-Triangle-vert-18x10.jpg 18w\" sizes=\"(max-width: 193px) 100vw, 193px\" \/><\/p>\n<h6>Characteristics:<\/h6>\n<ul>\n<li style=\"list-style-type: none;\">\n<ul>\n<li><span class=\"OYPEnA font-feature-liga-off font-feature-clig-off font-feature-calt-off text-decoration-none text-strikethrough-none\">Empeigne : Cuir de vache pleine fleur, sans isolation<\/span><\/li>\n<li><span class=\"OYPEnA font-feature-liga-off font-feature-clig-off font-feature-calt-off text-decoration-none text-strikethrough-none\">Hauteur : 8 pouces<\/span><\/li>\n<li><span class=\"OYPEnA font-feature-liga-off font-feature-clig-off font-feature-calt-off text-decoration-none text-strikethrough-none\">Embout de protection : Acier<\/span><\/li>\n<li><span class=\"OYPEnA font-feature-liga-off font-feature-clig-off font-feature-calt-off text-decoration-none text-strikethrough-none\">Embout ext\u00e9rieur : TPU ultra-r\u00e9sistant<\/span><\/li>\n<li><span class=\"OYPEnA font-feature-liga-off font-feature-clig-off font-feature-calt-off text-decoration-none text-strikethrough-none\">Collet : Rembourr\u00e9 en forme de V pour un confort accru et une bonne mobilit\u00e9<\/span><\/li>\n<li><span class=\"OYPEnA font-feature-liga-off font-feature-clig-off font-feature-calt-off text-decoration-none text-strikethrough-none\">\u0152illets : Laiton (anti-rouille)<\/span><\/li>\n<li><span class=\"OYPEnA font-feature-liga-off font-feature-clig-off font-feature-calt-off text-decoration-none text-strikethrough-none\">Semelle anti-perforation : Non-m\u00e9tallique<\/span><\/li>\n<li><span class=\"OYPEnA font-feature-liga-off font-feature-clig-off font-feature-calt-off text-decoration-none text-strikethrough-none\">Semelle intercalaire : PU r\u00e9sistant \u00e0 l&rsquo;huile, fabriqu\u00e9e par injection directe<\/span><\/li>\n<li><span class=\"OYPEnA font-feature-liga-off font-feature-clig-off font-feature-calt-off text-decoration-none text-strikethrough-none\">Semelle d&rsquo;usure : En caoutchouc r\u00e9sistant \u00e0 l&rsquo;huile<\/span><\/li>\n<li><span class=\"OYPEnA font-feature-liga-off font-feature-clig-off font-feature-calt-off text-decoration-none text-strikethrough-none\">Semelle int\u00e9rieure : En PU Climate Control ELASTOPAN\u2122\u00a0de BASF<\/span><\/li>\n<\/ul>\n<\/li>\n<\/ul>\n<h6>Technologies:<\/h6>\n<ul>\n<li><span class=\"OYPEnA font-feature-liga-off font-feature-clig-off font-feature-calt-off text-decoration-none text-strikethrough-none\">CHASAIR\u2122 : Syst\u00e8me de ventilation de type compression-rebond<\/span><\/li>\n<li><span class=\"OYPEnA font-feature-liga-off font-feature-clig-off font-feature-calt-off text-decoration-none text-strikethrough-none\">ELASTOPAN\u2122: Augmente le confort et le bien-\u00eatre du pied par l\u2019absorption rapide de l\u2019humidit\u00e9 (300% plus grande qu\u2019une semelle int\u00e9rieur de PU normal)<\/span><\/li>\n<\/ul>\n<p><em><span style=\"color: #fa0b0b;\">Unisex U.S. men's sizes presented. To convert to U.S. women's size, add 2 sizes. Example: 5 U.S. men = 7 U.S. women<\/span><\/em><\/p>\n<p><img decoding=\"async\" class=\"alignnone wp-image-40620\" src=\"https:\/\/autravail.ca\/wp-content\/uploads\/2025\/09\/Jachete-quebec-et-canada.jpg\" alt=\"Logo de l'achat local\" width=\"162\" height=\"139\" \/>Merci d&rsquo;encourager une entreprise 100% d&rsquo;ici!<\/p>\n<p>TS2604H<\/p>\n<p>&nbsp;<\/p>","protected":false},"excerpt":{"rendered":"<p>Botte de travail &#8211; C502BR Botte de travail &#8211; C502BR de J. Audet. D\u00e9couvrez les bottes de travail Mod\u00e8le #C502BR de J. Audet Jr, fabriqu\u00e9es en cuir de vache pleine fleur et dot\u00e9es d&rsquo;un embout de protection en acier et TPU ultra-r\u00e9sistant. Avec une hauteur de 8 pouces, un collet rembourr\u00e9 en forme de V [&hellip;]<\/p>","protected":false},"featured_media":15792,"comment_status":"open","ping_status":"closed","template":"","meta":[],"product_cat":[613,642,602],"product_tag":[251,252,255,242,253],"class_list":{"0":"post-31397","1":"product","2":"type-product","3":"status-publish","4":"has-post-thumbnail","6":"product_brand-j-audet-jr","7":"product_cat-bottes-de-travail","8":"product_cat-bottes-de-travail-femme","9":"product_cat-hommes","10":"product_tag-bottes-de-travail","11":"product_tag-electric-shock-resistant","12":"product_tag-femme","13":"product_tag-homme","14":"product_tag-sole-protection","16":"first","17":"instock","18":"taxable","19":"shipping-taxable","20":"purchasable","21":"product-type-variable"},"yoast_head":"<!-- This site is optimized with the Yoast SEO plugin v25.3.1 - https:\/\/yoast.com\/wordpress\/plugins\/seo\/ -->\n<title>Botte de travail - C502BR - Le Magasin Industriel<\/title>\n<meta name=\"description\" content=\"Botte de travail - C502BR fabriqu\u00e9es en cuir de vache pleine fleur et dot\u00e9es d&#039;un embout de protection en acier et TPU ultra-r\u00e9sistant\" \/>\n<meta name=\"robots\" content=\"index, follow, max-snippet:-1, max-image-preview:large, max-video-preview:-1\" \/>\n<link rel=\"canonical\" href=\"https:\/\/autravail.ca\/en\/product\/botte-de-travail-c502br\/\" \/>\n<meta property=\"og:locale\" content=\"en_US\" \/>\n<meta property=\"og:type\" content=\"article\" \/>\n<meta property=\"og:title\" content=\"Botte de travail - C502BR - Le Magasin Industriel\" \/>\n<meta property=\"og:description\" content=\"Botte de travail - C502BR fabriqu\u00e9es en cuir de vache pleine fleur et dot\u00e9es d&#039;un embout de protection en acier et TPU ultra-r\u00e9sistant\" \/>\n<meta property=\"og:url\" content=\"https:\/\/autravail.ca\/en\/product\/botte-de-travail-c502br\/\" \/>\n<meta property=\"og:site_name\" content=\"Le Magasin Industriel\" \/>\n<meta property=\"article:publisher\" content=\"https:\/\/www.facebook.com\/lemagasinindustriel\/?locale=fr_FR\" \/>\n<meta property=\"article:modified_time\" content=\"2026-04-02T14:49:16+00:00\" \/>\n<meta property=\"og:image\" content=\"https:\/\/autravail.ca\/wp-content\/uploads\/2025\/05\/C502_brun_A01_4c874807-b1c5-4f18-b6cb-d7ba5f9a57db.jpg\" \/>\n\t<meta property=\"og:image:width\" content=\"1000\" \/>\n\t<meta property=\"og:image:height\" content=\"1000\" \/>\n\t<meta property=\"og:image:type\" content=\"image\/jpeg\" \/>\n<meta name=\"twitter:card\" content=\"summary_large_image\" \/>\n<meta name=\"twitter:label1\" content=\"Est. reading time\" \/>\n\t<meta name=\"twitter:data1\" content=\"2 minutes\" \/>\n<script type=\"application\/ld+json\" class=\"yoast-schema-graph\">{\"@context\":\"https:\/\/schema.org\",\"@graph\":[{\"@type\":\"WebPage\",\"@id\":\"https:\/\/autravail.ca\/product\/botte-de-travail-c502br\/\",\"url\":\"https:\/\/autravail.ca\/product\/botte-de-travail-c502br\/\",\"name\":\"Botte de travail - C502BR - Le Magasin Industriel\",\"isPartOf\":{\"@id\":\"https:\/\/autravail.ca\/#website\"},\"primaryImageOfPage\":{\"@id\":\"https:\/\/autravail.ca\/product\/botte-de-travail-c502br\/#primaryimage\"},\"image\":{\"@id\":\"https:\/\/autravail.ca\/product\/botte-de-travail-c502br\/#primaryimage\"},\"thumbnailUrl\":\"https:\/\/autravail.ca\/wp-content\/uploads\/2025\/05\/C502_brun_A01_4c874807-b1c5-4f18-b6cb-d7ba5f9a57db.jpg\",\"datePublished\":\"2025-05-08T06:50:29+00:00\",\"dateModified\":\"2026-04-02T14:49:16+00:00\",\"description\":\"Botte de travail - C502BR fabriqu\u00e9es en cuir de vache pleine fleur et dot\u00e9es d'un embout de protection en acier et TPU ultra-r\u00e9sistant\",\"breadcrumb\":{\"@id\":\"https:\/\/autravail.ca\/product\/botte-de-travail-c502br\/#breadcrumb\"},\"inLanguage\":\"en-CA\",\"potentialAction\":[{\"@type\":\"ReadAction\",\"target\":[\"https:\/\/autravail.ca\/product\/botte-de-travail-c502br\/\"]}]},{\"@type\":\"ImageObject\",\"inLanguage\":\"en-CA\",\"@id\":\"https:\/\/autravail.ca\/product\/botte-de-travail-c502br\/#primaryimage\",\"url\":\"https:\/\/autravail.ca\/wp-content\/uploads\/2025\/05\/C502_brun_A01_4c874807-b1c5-4f18-b6cb-d7ba5f9a57db.jpg\",\"contentUrl\":\"https:\/\/autravail.ca\/wp-content\/uploads\/2025\/05\/C502_brun_A01_4c874807-b1c5-4f18-b6cb-d7ba5f9a57db.jpg\",\"width\":1000,\"height\":1000,\"caption\":\"Botte de travail - C502BR\"},{\"@type\":\"BreadcrumbList\",\"@id\":\"https:\/\/autravail.ca\/product\/botte-de-travail-c502br\/#breadcrumb\",\"itemListElement\":[{\"@type\":\"ListItem\",\"position\":1,\"name\":\"Accueil\",\"item\":\"https:\/\/autravail.ca\/\"},{\"@type\":\"ListItem\",\"position\":2,\"name\":\"Magasin\",\"item\":\"https:\/\/autravail.ca\/en\/shop\/\"},{\"@type\":\"ListItem\",\"position\":3,\"name\":\"Botte de travail &#8211; C502BR\"}]},{\"@type\":\"WebSite\",\"@id\":\"https:\/\/autravail.ca\/#website\",\"url\":\"https:\/\/autravail.ca\/\",\"name\":\"Le Magasin Industriel\",\"description\":\"50 ans de tradition de s\u00e9curit\u00e9 au travail\",\"publisher\":{\"@id\":\"https:\/\/autravail.ca\/#organization\"},\"potentialAction\":[{\"@type\":\"SearchAction\",\"target\":{\"@type\":\"EntryPoint\",\"urlTemplate\":\"https:\/\/autravail.ca\/?s={search_term_string}\"},\"query-input\":{\"@type\":\"PropertyValueSpecification\",\"valueRequired\":true,\"valueName\":\"search_term_string\"}}],\"inLanguage\":\"en-CA\"},{\"@type\":\"Organization\",\"@id\":\"https:\/\/autravail.ca\/#organization\",\"name\":\"Le Magasin Industriel\",\"url\":\"https:\/\/autravail.ca\/\",\"logo\":{\"@type\":\"ImageObject\",\"inLanguage\":\"en-CA\",\"@id\":\"https:\/\/autravail.ca\/#\/schema\/logo\/image\/\",\"url\":\"https:\/\/autravail.ca\/wp-content\/uploads\/2025\/05\/cropped-magasin_industriel_120x.avif\",\"contentUrl\":\"https:\/\/autravail.ca\/wp-content\/uploads\/2025\/05\/cropped-magasin_industriel_120x.avif\",\"width\":120,\"height\":24,\"caption\":\"Le Magasin Industriel\"},\"image\":{\"@id\":\"https:\/\/autravail.ca\/#\/schema\/logo\/image\/\"},\"sameAs\":[\"https:\/\/www.facebook.com\/lemagasinindustriel\/?locale=fr_FR\"]}]}<\/script>\n<!-- \/ Yoast SEO plugin. -->","yoast_head_json":{"title":"Botte de travail - C502BR - Le Magasin Industriel","description":"Botte de travail - C502BR fabriqu\u00e9es en cuir de vache pleine fleur et dot\u00e9es d'un embout de protection en acier et TPU ultra-r\u00e9sistant","robots":{"index":"index","follow":"follow","max-snippet":"max-snippet:-1","max-image-preview":"max-image-preview:large","max-video-preview":"max-video-preview:-1"},"canonical":"https:\/\/autravail.ca\/en\/product\/botte-de-travail-c502br\/","og_locale":"en_US","og_type":"article","og_title":"Botte de travail - C502BR - Le Magasin Industriel","og_description":"Botte de travail - C502BR fabriqu\u00e9es en cuir de vache pleine fleur et dot\u00e9es d'un embout de protection en acier et TPU ultra-r\u00e9sistant","og_url":"https:\/\/autravail.ca\/en\/product\/botte-de-travail-c502br\/","og_site_name":"Le Magasin Industriel","article_publisher":"https:\/\/www.facebook.com\/lemagasinindustriel\/?locale=fr_FR","article_modified_time":"2026-04-02T14:49:16+00:00","og_image":[{"width":1000,"height":1000,"url":"https:\/\/autravail.ca\/wp-content\/uploads\/2025\/05\/C502_brun_A01_4c874807-b1c5-4f18-b6cb-d7ba5f9a57db.jpg","type":"image\/jpeg"}],"twitter_card":"summary_large_image","twitter_misc":{"Est. reading time":"2 minutes"},"schema":{"@context":"https:\/\/schema.org","@graph":[{"@type":"WebPage","@id":"https:\/\/autravail.ca\/product\/botte-de-travail-c502br\/","url":"https:\/\/autravail.ca\/product\/botte-de-travail-c502br\/","name":"Botte de travail - C502BR - Le Magasin Industriel","isPartOf":{"@id":"https:\/\/autravail.ca\/#website"},"primaryImageOfPage":{"@id":"https:\/\/autravail.ca\/product\/botte-de-travail-c502br\/#primaryimage"},"image":{"@id":"https:\/\/autravail.ca\/product\/botte-de-travail-c502br\/#primaryimage"},"thumbnailUrl":"https:\/\/autravail.ca\/wp-content\/uploads\/2025\/05\/C502_brun_A01_4c874807-b1c5-4f18-b6cb-d7ba5f9a57db.jpg","datePublished":"2025-05-08T06:50:29+00:00","dateModified":"2026-04-02T14:49:16+00:00","description":"Botte de travail - C502BR fabriqu\u00e9es en cuir de vache pleine fleur et dot\u00e9es d'un embout de protection en acier et TPU ultra-r\u00e9sistant","breadcrumb":{"@id":"https:\/\/autravail.ca\/product\/botte-de-travail-c502br\/#breadcrumb"},"inLanguage":"en-CA","potentialAction":[{"@type":"ReadAction","target":["https:\/\/autravail.ca\/product\/botte-de-travail-c502br\/"]}]},{"@type":"ImageObject","inLanguage":"en-CA","@id":"https:\/\/autravail.ca\/product\/botte-de-travail-c502br\/#primaryimage","url":"https:\/\/autravail.ca\/wp-content\/uploads\/2025\/05\/C502_brun_A01_4c874807-b1c5-4f18-b6cb-d7ba5f9a57db.jpg","contentUrl":"https:\/\/autravail.ca\/wp-content\/uploads\/2025\/05\/C502_brun_A01_4c874807-b1c5-4f18-b6cb-d7ba5f9a57db.jpg","width":1000,"height":1000,"caption":"Botte de travail - C502BR"},{"@type":"BreadcrumbList","@id":"https:\/\/autravail.ca\/product\/botte-de-travail-c502br\/#breadcrumb","itemListElement":[{"@type":"ListItem","position":1,"name":"Accueil","item":"https:\/\/autravail.ca\/"},{"@type":"ListItem","position":2,"name":"Magasin","item":"https:\/\/autravail.ca\/en\/shop\/"},{"@type":"ListItem","position":3,"name":"Botte de travail &#8211; C502BR"}]},{"@type":"WebSite","@id":"https:\/\/autravail.ca\/#website","url":"https:\/\/autravail.ca\/","name":"Le Magasin Industriel","description":"50 ans de tradition de s\u00e9curit\u00e9 au travail","publisher":{"@id":"https:\/\/autravail.ca\/#organization"},"potentialAction":[{"@type":"SearchAction","target":{"@type":"EntryPoint","urlTemplate":"https:\/\/autravail.ca\/?s={search_term_string}"},"query-input":{"@type":"PropertyValueSpecification","valueRequired":true,"valueName":"search_term_string"}}],"inLanguage":"en-CA"},{"@type":"Organization","@id":"https:\/\/autravail.ca\/#organization","name":"Le Magasin Industriel","url":"https:\/\/autravail.ca\/","logo":{"@type":"ImageObject","inLanguage":"en-CA","@id":"https:\/\/autravail.ca\/#\/schema\/logo\/image\/","url":"https:\/\/autravail.ca\/wp-content\/uploads\/2025\/05\/cropped-magasin_industriel_120x.avif","contentUrl":"https:\/\/autravail.ca\/wp-content\/uploads\/2025\/05\/cropped-magasin_industriel_120x.avif","width":120,"height":24,"caption":"Le Magasin Industriel"},"image":{"@id":"https:\/\/autravail.ca\/#\/schema\/logo\/image\/"},"sameAs":["https:\/\/www.facebook.com\/lemagasinindustriel\/?locale=fr_FR"]}]}},"jetpack_sharing_enabled":true,"_links":{"self":[{"href":"https:\/\/autravail.ca\/en\/wp-json\/wp\/v2\/product\/31397","targetHints":{"allow":["GET"]}}],"collection":[{"href":"https:\/\/autravail.ca\/en\/wp-json\/wp\/v2\/product"}],"about":[{"href":"https:\/\/autravail.ca\/en\/wp-json\/wp\/v2\/types\/product"}],"replies":[{"embeddable":true,"href":"https:\/\/autravail.ca\/en\/wp-json\/wp\/v2\/comments?post=31397"}],"wp:featuredmedia":[{"embeddable":true,"href":"https:\/\/autravail.ca\/en\/wp-json\/wp\/v2\/media\/15792"}],"wp:attachment":[{"href":"https:\/\/autravail.ca\/en\/wp-json\/wp\/v2\/media?parent=31397"}],"wp:term":[{"taxonomy":"product_cat","embeddable":true,"href":"https:\/\/autravail.ca\/en\/wp-json\/wp\/v2\/product_cat?post=31397"},{"taxonomy":"product_tag","embeddable":true,"href":"https:\/\/autravail.ca\/en\/wp-json\/wp\/v2\/product_tag?post=31397"}],"curies":[{"name":"wp","href":"https:\/\/api.w.org\/{rel}","templated":true}]}}