{"id":31372,"date":"2025-05-08T06:50:04","date_gmt":"2025-05-08T06:50:04","guid":{"rendered":"https:\/\/meteoquebec.ca\/?post_type=product&#038;p=31372"},"modified":"2026-03-27T10:34:13","modified_gmt":"2026-03-27T14:34:13","slug":"botte-de-travail-timberland-boodock-nylon-a1vyp","status":"publish","type":"product","link":"https:\/\/autravail.ca\/en\/product\/botte-de-travail-timberland-boodock-nylon-a1vyp\/","title":{"rendered":"Botte de travail Timberland Boodock Nylon &#8211; A1VYP"},"content":{"rendered":"<h3>Botte de travail Timberland Boodock Nylon &#8211; A1VYP<\/h3>\n<p>De la traditionnelle famille de bottes de travail Timberland Pro <a href=\"https:\/\/autravail.ca\/en\/product-brand\/boondock\/\">Boondock<\/a> antifatigue, le mod\u00e8le de Botte de travail Timberland Boodock Nylon &#8211; A1VYP propose des caract\u00e9ristiques qui la distinguent. Le nylon balistique est r\u00e9sistant \u00e0 l&rsquo;abrasion, mais sera surtout moins port\u00e9 \u00e0 s\u00e9cher que le cuir s&rsquo;il est fr\u00e9quemment confront\u00e9 \u00e0 des environnements humides. Combin\u00e9 \u00e0 une membrane imperm\u00e9able, la tige unique en nylon balistique prot\u00e9gera vos pieds durant une plus longue dur\u00e9e lorsque vous affronterez des environnement humides au cours de vos longues journ\u00e9es de travail.<\/p>\n<p>&nbsp;<\/p>\n<p><img decoding=\"async\" class=\"alignnone size-full wp-image-40117\" src=\"https:\/\/autravail.ca\/wp-content\/uploads\/2025\/09\/Certification-Omega-Triangle-vert.jpg\" alt=\"Certifications Om\u00e9ga Triangle vert\" width=\"193\" height=\"110\" srcset=\"https:\/\/autravail.ca\/wp-content\/uploads\/2025\/09\/Certification-Omega-Triangle-vert.jpg 193w, https:\/\/autravail.ca\/wp-content\/uploads\/2025\/09\/Certification-Omega-Triangle-vert-150x85.jpg 150w, https:\/\/autravail.ca\/wp-content\/uploads\/2025\/09\/Certification-Omega-Triangle-vert-18x10.jpg 18w\" sizes=\"(max-width: 193px) 100vw, 193px\" \/><\/p>\n<h4>Characteristics:<\/h4>\n<div id=\"base-collapse-v-0-15-2-content\" class=\"overflow-hidden duration\" aria-labelledby=\"base-collapse-v-0-15-2\">\n<div class=\"\" data-test-id=\"vf-accordion-content\">\n<div class=\"body-3 pb-4 pt-2\">\n<ul class=\"grid list-disc gap-4 cols-2\" title=\"Properties of Benefits\" data-test-id=\"product-details-bulletin\">\n<li style=\"list-style-type: none;\">\n<ul class=\"grid list-disc gap-4 cols-2\" title=\"Properties of Benefits\" data-test-id=\"product-details-bulletin\">\n<li class=\"ml-5\">Tige Timberland\u00ae avec un\u00a0 int\u00e9rieure imperm\u00e9able et 200 grammes d\u2019isolant pour le coussin confort.<\/li>\n<li class=\"ml-5\">Tige en nylon balistique r\u00e9sistant \u00e0 l\u2019abrasion et membrane interne offrant une \u00e9tanch\u00e9it\u00e9 maximale et une protection contre les pathog\u00e8nes \u00e0 diffusion h\u00e9matog\u00e8ne.<\/li>\n<li class=\"ml-5\">Embout de s\u00e9curit\u00e9 asym\u00e9trique en composite. (sans m\u00e9tal)<\/li>\n<li class=\"ml-5\">Protection contre les dangers \u00e9lectriques certifi\u00e9e CSA Om\u00e9ga<\/li>\n<li class=\"ml-5\">Cambrion en fibre de verre pour un soutien structurel<\/li>\n<li class=\"ml-5\">Plaque sans m\u00e9tal r\u00e9sistant \u00e0 la perforation<\/li>\n<li class=\"ml-5\">Assise plantaire en polyur\u00e9thane avec technologie antifatigue offrant amortissement des chocs et retour d\u2019\u00e9nergie<\/li>\n<li class=\"ml-5\">\u00c9l\u00e9ments m\u00e9talliques \u00e0 double usage favorisant un la\u00e7age personnalis\u00e9<\/li>\n<li class=\"ml-5\">Embout protecteur externe moul\u00e9 en caoutchouc Timberland PRO\u00ae<\/li>\n<li class=\"ml-5\">Embo\u00eetage du talon ext\u00e9rieur rigide favorisant la stabilit\u00e9 lat\u00e9rale<\/li>\n<li class=\"ml-5\">Doublure respirante qui \u00e9vacue l\u2019humidit\u00e9, avec traitement antimicrobien contr\u00f4lant les odeurs<\/li>\n<li class=\"ml-5\">Fabrication combinant une tr\u00e9pointe cousue trois-quarts et un talon soud\u00e9<\/li>\n<li class=\"ml-5\">Semelle d\u2019usure l\u00e9g\u00e8re toutes saisons en TPU r\u00e9sistant \u00e0 l\u2019abrasion et non marquante, antid\u00e9rapante et r\u00e9sistante \u00e0 l\u2019huile, dot\u00e9e de crans profonds pour bien mordre dans la boue et la neige<\/li>\n<li class=\"ml-5\">Garantie confort 30 jours<\/li>\n<\/ul>\n<\/li>\n<\/ul>\n<\/div>\n<\/div>\n<p><em><span style=\"color: #fa0b0b;\">Exp\u00e9dition: Ce produit est g\u00e9n\u00e9ralement exp\u00e9di\u00e9 en moins de 24 heures ouvrables.<\/span><\/em><\/p>\n<\/div>\n<h4>Notre engagement:<\/h4>\n<ul>\n<li>Pour les commandes de 99$ et plus avant taxes, le transport est gratuit sous certaines <a href=\"https:\/\/autravail.ca\/en\/termes-et-conditions\/\">conditions<\/a>.<\/li>\n<li>Votre produit est en inventaire, nous l&rsquo;exp\u00e9dions en 24 heures.<\/li>\n<li>Service web aussi complet et professionnel qu&rsquo;en boutique. N&rsquo;h\u00e9sitez pas \u00e0 nous consulter pour des conseils.<\/li>\n<li>Nous privil\u00e9gions la parfaite <a href=\"\/en\/info@autravail.ca\/\">communication<\/a> avec nos clients. Vous avez un souci, nous somme l\u00e0!<\/li>\n<li>Votre satisfaction nous tient \u00e0 coeur.<\/li>\n<\/ul>\n<p>&nbsp;<\/p>\n<p><img decoding=\"async\" class=\"alignnone wp-image-40620\" src=\"https:\/\/autravail.ca\/wp-content\/uploads\/2025\/09\/Jachete-quebec-et-canada.jpg\" alt=\"Logo de l'achat local\" width=\"162\" height=\"139\" \/>Merci d\u2019encourager une entreprise 100% d\u2019ici!<br \/>\nTS2603S<\/p>\n<p>&nbsp;<\/p>","protected":false},"excerpt":{"rendered":"<p>Botte de travail Timberland Boodock Nylon &#8211; A1VYP De la traditionnelle famille de bottes de travail Timberland Pro Boondock antifatigue, le mod\u00e8le de Botte de travail Timberland Boodock Nylon &#8211; A1VYP propose des caract\u00e9ristiques qui la distinguent. Le nylon balistique est r\u00e9sistant \u00e0 l&rsquo;abrasion, mais sera surtout moins port\u00e9 \u00e0 s\u00e9cher que le cuir s&rsquo;il [&hellip;]<\/p>","protected":false},"featured_media":40605,"comment_status":"open","ping_status":"closed","template":"","meta":[],"product_cat":[613,805,631,602,848],"product_tag":[251,252,263,242,253],"class_list":{"0":"post-31372","1":"product","2":"type-product","3":"status-publish","4":"has-post-thumbnail","6":"product_brand-boondock","7":"product_brand-timberland-pro","8":"product_cat-bottes-de-travail","9":"product_cat-bottes-de-travail-homme","10":"product_cat-en-solde","11":"product_cat-hommes","12":"product_cat-top-choix-des-travailleurs","13":"product_tag-bottes-de-travail","14":"product_tag-electric-shock-resistant","15":"product_tag-en-solde","16":"product_tag-homme","17":"product_tag-sole-protection","19":"first","20":"instock","21":"sale","22":"taxable","23":"shipping-taxable","24":"purchasable","25":"product-type-variable"},"yoast_head":"<!-- This site is optimized with the Yoast SEO plugin v25.3.1 - https:\/\/yoast.com\/wordpress\/plugins\/seo\/ -->\n<title>Botte de travail Timberland Boodock Nylon - A1VYP - Le Magasin Industriel<\/title>\n<meta name=\"description\" content=\"Botte de travail Timberland Boodock Nylon - A1VYP imperm\u00e9able 8 pouces avec le confort de la semelle antifatigue et un empeigne unique.\" \/>\n<meta name=\"robots\" content=\"index, follow, max-snippet:-1, max-image-preview:large, max-video-preview:-1\" \/>\n<link rel=\"canonical\" href=\"https:\/\/autravail.ca\/en\/product\/botte-de-travail-timberland-boodock-nylon-a1vyp\/\" \/>\n<meta property=\"og:locale\" content=\"en_US\" \/>\n<meta property=\"og:type\" content=\"article\" \/>\n<meta property=\"og:title\" content=\"Botte de travail Timberland Boodock Nylon - A1VYP - Le Magasin Industriel\" \/>\n<meta property=\"og:description\" content=\"Botte de travail Timberland Boodock Nylon - A1VYP imperm\u00e9able 8 pouces avec le confort de la semelle antifatigue et un empeigne unique.\" \/>\n<meta property=\"og:url\" content=\"https:\/\/autravail.ca\/en\/product\/botte-de-travail-timberland-boodock-nylon-a1vyp\/\" \/>\n<meta property=\"og:site_name\" content=\"Le Magasin Industriel\" \/>\n<meta property=\"article:publisher\" content=\"https:\/\/www.facebook.com\/lemagasinindustriel\/?locale=fr_FR\" \/>\n<meta property=\"article:modified_time\" content=\"2026-03-27T14:34:13+00:00\" \/>\n<meta property=\"og:image\" content=\"https:\/\/autravail.ca\/wp-content\/uploads\/2025\/05\/A1VYP_01.jpg\" \/>\n\t<meta property=\"og:image:width\" content=\"1000\" \/>\n\t<meta property=\"og:image:height\" content=\"1000\" \/>\n\t<meta property=\"og:image:type\" content=\"image\/jpeg\" \/>\n<meta name=\"twitter:card\" content=\"summary_large_image\" \/>\n<meta name=\"twitter:label1\" content=\"Est. reading time\" \/>\n\t<meta name=\"twitter:data1\" content=\"3 minutes\" \/>\n<script type=\"application\/ld+json\" class=\"yoast-schema-graph\">{\"@context\":\"https:\/\/schema.org\",\"@graph\":[{\"@type\":\"WebPage\",\"@id\":\"https:\/\/autravail.ca\/product\/botte-de-travail-timberland-boodock-nylon-a1vyp\/\",\"url\":\"https:\/\/autravail.ca\/product\/botte-de-travail-timberland-boodock-nylon-a1vyp\/\",\"name\":\"Botte de travail Timberland Boodock Nylon - A1VYP - Le Magasin Industriel\",\"isPartOf\":{\"@id\":\"https:\/\/autravail.ca\/#website\"},\"primaryImageOfPage\":{\"@id\":\"https:\/\/autravail.ca\/product\/botte-de-travail-timberland-boodock-nylon-a1vyp\/#primaryimage\"},\"image\":{\"@id\":\"https:\/\/autravail.ca\/product\/botte-de-travail-timberland-boodock-nylon-a1vyp\/#primaryimage\"},\"thumbnailUrl\":\"https:\/\/autravail.ca\/wp-content\/uploads\/2025\/05\/A1VYP_01.jpg\",\"datePublished\":\"2025-05-08T06:50:04+00:00\",\"dateModified\":\"2026-03-27T14:34:13+00:00\",\"description\":\"Botte de travail Timberland Boodock Nylon - A1VYP imperm\u00e9able 8 pouces avec le confort de la semelle antifatigue et un empeigne unique.\",\"breadcrumb\":{\"@id\":\"https:\/\/autravail.ca\/product\/botte-de-travail-timberland-boodock-nylon-a1vyp\/#breadcrumb\"},\"inLanguage\":\"en-CA\",\"potentialAction\":[{\"@type\":\"ReadAction\",\"target\":[\"https:\/\/autravail.ca\/product\/botte-de-travail-timberland-boodock-nylon-a1vyp\/\"]}]},{\"@type\":\"ImageObject\",\"inLanguage\":\"en-CA\",\"@id\":\"https:\/\/autravail.ca\/product\/botte-de-travail-timberland-boodock-nylon-a1vyp\/#primaryimage\",\"url\":\"https:\/\/autravail.ca\/wp-content\/uploads\/2025\/05\/A1VYP_01.jpg\",\"contentUrl\":\"https:\/\/autravail.ca\/wp-content\/uploads\/2025\/05\/A1VYP_01.jpg\",\"width\":1000,\"height\":1000,\"caption\":\"Botte de travail Boodock nylon balistique - A1VYP\"},{\"@type\":\"BreadcrumbList\",\"@id\":\"https:\/\/autravail.ca\/product\/botte-de-travail-timberland-boodock-nylon-a1vyp\/#breadcrumb\",\"itemListElement\":[{\"@type\":\"ListItem\",\"position\":1,\"name\":\"Accueil\",\"item\":\"https:\/\/autravail.ca\/\"},{\"@type\":\"ListItem\",\"position\":2,\"name\":\"Magasin\",\"item\":\"https:\/\/autravail.ca\/en\/shop\/\"},{\"@type\":\"ListItem\",\"position\":3,\"name\":\"Botte de travail Timberland Boodock Nylon &#8211; A1VYP\"}]},{\"@type\":\"WebSite\",\"@id\":\"https:\/\/autravail.ca\/#website\",\"url\":\"https:\/\/autravail.ca\/\",\"name\":\"Le Magasin Industriel\",\"description\":\"50 ans de tradition de s\u00e9curit\u00e9 au travail\",\"publisher\":{\"@id\":\"https:\/\/autravail.ca\/#organization\"},\"potentialAction\":[{\"@type\":\"SearchAction\",\"target\":{\"@type\":\"EntryPoint\",\"urlTemplate\":\"https:\/\/autravail.ca\/?s={search_term_string}\"},\"query-input\":{\"@type\":\"PropertyValueSpecification\",\"valueRequired\":true,\"valueName\":\"search_term_string\"}}],\"inLanguage\":\"en-CA\"},{\"@type\":\"Organization\",\"@id\":\"https:\/\/autravail.ca\/#organization\",\"name\":\"Le Magasin Industriel\",\"url\":\"https:\/\/autravail.ca\/\",\"logo\":{\"@type\":\"ImageObject\",\"inLanguage\":\"en-CA\",\"@id\":\"https:\/\/autravail.ca\/#\/schema\/logo\/image\/\",\"url\":\"https:\/\/autravail.ca\/wp-content\/uploads\/2025\/05\/cropped-magasin_industriel_120x.avif\",\"contentUrl\":\"https:\/\/autravail.ca\/wp-content\/uploads\/2025\/05\/cropped-magasin_industriel_120x.avif\",\"width\":120,\"height\":24,\"caption\":\"Le Magasin Industriel\"},\"image\":{\"@id\":\"https:\/\/autravail.ca\/#\/schema\/logo\/image\/\"},\"sameAs\":[\"https:\/\/www.facebook.com\/lemagasinindustriel\/?locale=fr_FR\"]}]}<\/script>\n<!-- \/ Yoast SEO plugin. -->","yoast_head_json":{"title":"Botte de travail Timberland Boodock Nylon - A1VYP - Le Magasin Industriel","description":"Botte de travail Timberland Boodock Nylon - A1VYP imperm\u00e9able 8 pouces avec le confort de la semelle antifatigue et un empeigne unique.","robots":{"index":"index","follow":"follow","max-snippet":"max-snippet:-1","max-image-preview":"max-image-preview:large","max-video-preview":"max-video-preview:-1"},"canonical":"https:\/\/autravail.ca\/en\/product\/botte-de-travail-timberland-boodock-nylon-a1vyp\/","og_locale":"en_US","og_type":"article","og_title":"Botte de travail Timberland Boodock Nylon - A1VYP - Le Magasin Industriel","og_description":"Botte de travail Timberland Boodock Nylon - A1VYP imperm\u00e9able 8 pouces avec le confort de la semelle antifatigue et un empeigne unique.","og_url":"https:\/\/autravail.ca\/en\/product\/botte-de-travail-timberland-boodock-nylon-a1vyp\/","og_site_name":"Le Magasin Industriel","article_publisher":"https:\/\/www.facebook.com\/lemagasinindustriel\/?locale=fr_FR","article_modified_time":"2026-03-27T14:34:13+00:00","og_image":[{"width":1000,"height":1000,"url":"https:\/\/autravail.ca\/wp-content\/uploads\/2025\/05\/A1VYP_01.jpg","type":"image\/jpeg"}],"twitter_card":"summary_large_image","twitter_misc":{"Est. reading time":"3 minutes"},"schema":{"@context":"https:\/\/schema.org","@graph":[{"@type":"WebPage","@id":"https:\/\/autravail.ca\/product\/botte-de-travail-timberland-boodock-nylon-a1vyp\/","url":"https:\/\/autravail.ca\/product\/botte-de-travail-timberland-boodock-nylon-a1vyp\/","name":"Botte de travail Timberland Boodock Nylon - A1VYP - Le Magasin Industriel","isPartOf":{"@id":"https:\/\/autravail.ca\/#website"},"primaryImageOfPage":{"@id":"https:\/\/autravail.ca\/product\/botte-de-travail-timberland-boodock-nylon-a1vyp\/#primaryimage"},"image":{"@id":"https:\/\/autravail.ca\/product\/botte-de-travail-timberland-boodock-nylon-a1vyp\/#primaryimage"},"thumbnailUrl":"https:\/\/autravail.ca\/wp-content\/uploads\/2025\/05\/A1VYP_01.jpg","datePublished":"2025-05-08T06:50:04+00:00","dateModified":"2026-03-27T14:34:13+00:00","description":"Botte de travail Timberland Boodock Nylon - A1VYP imperm\u00e9able 8 pouces avec le confort de la semelle antifatigue et un empeigne unique.","breadcrumb":{"@id":"https:\/\/autravail.ca\/product\/botte-de-travail-timberland-boodock-nylon-a1vyp\/#breadcrumb"},"inLanguage":"en-CA","potentialAction":[{"@type":"ReadAction","target":["https:\/\/autravail.ca\/product\/botte-de-travail-timberland-boodock-nylon-a1vyp\/"]}]},{"@type":"ImageObject","inLanguage":"en-CA","@id":"https:\/\/autravail.ca\/product\/botte-de-travail-timberland-boodock-nylon-a1vyp\/#primaryimage","url":"https:\/\/autravail.ca\/wp-content\/uploads\/2025\/05\/A1VYP_01.jpg","contentUrl":"https:\/\/autravail.ca\/wp-content\/uploads\/2025\/05\/A1VYP_01.jpg","width":1000,"height":1000,"caption":"Botte de travail Boodock nylon balistique - A1VYP"},{"@type":"BreadcrumbList","@id":"https:\/\/autravail.ca\/product\/botte-de-travail-timberland-boodock-nylon-a1vyp\/#breadcrumb","itemListElement":[{"@type":"ListItem","position":1,"name":"Accueil","item":"https:\/\/autravail.ca\/"},{"@type":"ListItem","position":2,"name":"Magasin","item":"https:\/\/autravail.ca\/en\/shop\/"},{"@type":"ListItem","position":3,"name":"Botte de travail Timberland Boodock Nylon &#8211; A1VYP"}]},{"@type":"WebSite","@id":"https:\/\/autravail.ca\/#website","url":"https:\/\/autravail.ca\/","name":"Le Magasin Industriel","description":"50 ans de tradition de s\u00e9curit\u00e9 au travail","publisher":{"@id":"https:\/\/autravail.ca\/#organization"},"potentialAction":[{"@type":"SearchAction","target":{"@type":"EntryPoint","urlTemplate":"https:\/\/autravail.ca\/?s={search_term_string}"},"query-input":{"@type":"PropertyValueSpecification","valueRequired":true,"valueName":"search_term_string"}}],"inLanguage":"en-CA"},{"@type":"Organization","@id":"https:\/\/autravail.ca\/#organization","name":"Le Magasin Industriel","url":"https:\/\/autravail.ca\/","logo":{"@type":"ImageObject","inLanguage":"en-CA","@id":"https:\/\/autravail.ca\/#\/schema\/logo\/image\/","url":"https:\/\/autravail.ca\/wp-content\/uploads\/2025\/05\/cropped-magasin_industriel_120x.avif","contentUrl":"https:\/\/autravail.ca\/wp-content\/uploads\/2025\/05\/cropped-magasin_industriel_120x.avif","width":120,"height":24,"caption":"Le Magasin Industriel"},"image":{"@id":"https:\/\/autravail.ca\/#\/schema\/logo\/image\/"},"sameAs":["https:\/\/www.facebook.com\/lemagasinindustriel\/?locale=fr_FR"]}]}},"jetpack_sharing_enabled":true,"_links":{"self":[{"href":"https:\/\/autravail.ca\/en\/wp-json\/wp\/v2\/product\/31372","targetHints":{"allow":["GET"]}}],"collection":[{"href":"https:\/\/autravail.ca\/en\/wp-json\/wp\/v2\/product"}],"about":[{"href":"https:\/\/autravail.ca\/en\/wp-json\/wp\/v2\/types\/product"}],"replies":[{"embeddable":true,"href":"https:\/\/autravail.ca\/en\/wp-json\/wp\/v2\/comments?post=31372"}],"wp:featuredmedia":[{"embeddable":true,"href":"https:\/\/autravail.ca\/en\/wp-json\/wp\/v2\/media\/40605"}],"wp:attachment":[{"href":"https:\/\/autravail.ca\/en\/wp-json\/wp\/v2\/media?parent=31372"}],"wp:term":[{"taxonomy":"product_cat","embeddable":true,"href":"https:\/\/autravail.ca\/en\/wp-json\/wp\/v2\/product_cat?post=31372"},{"taxonomy":"product_tag","embeddable":true,"href":"https:\/\/autravail.ca\/en\/wp-json\/wp\/v2\/product_tag?post=31372"}],"curies":[{"name":"wp","href":"https:\/\/api.w.org\/{rel}","templated":true}]}}