{"id":31371,"date":"2025-05-08T06:50:03","date_gmt":"2025-05-08T06:50:03","guid":{"rendered":"https:\/\/meteoquebec.ca\/?post_type=product&#038;p=31371"},"modified":"2025-12-05T05:10:50","modified_gmt":"2025-12-05T09:10:50","slug":"boondock-sans-membrane-a1v3w-botte-de-travail","status":"publish","type":"product","link":"https:\/\/autravail.ca\/en\/product\/boondock-sans-membrane-a1v3w-botte-de-travail\/","title":{"rendered":"BOONDOCK SANS MEMBRANE &#8211; A1V3W &#8211; BOTTE DE TRAVAIL"},"content":{"rendered":"<h3>Safety Boots, Boondock 8  - Timberland<\/h3>\n<ul>\n<li>Double purpose material<\/li>\n<li>Mesh lining with antimicrobial treatment for odor control.<\/li>\n<li>Non-metallic pipe for structural support<\/li>\n<li>Sole in Dynamic Technology Polyurethane Anti-Fatigue<\/li>\n<li>Non-metallic anti-perforation plate.<\/li>\n<li>Timberland Pro Molded Rubber Protector<\/li>\n<li>Safety cap in composite<\/li>\n<li>Mod\u00e8le plus respirant sans membrane.<\/li>\n<\/ul>","protected":false},"excerpt":{"rendered":"<p>Bottes de s\u00e9curit\u00e9, Boondock 8\u00a0\u00bb &#8211; Timberland Mat\u00e9riel \u00e0 double usage. Doublure en mesh avec traitement antimicrobien pour le contr\u00f4le des odeurs. Tige non m\u00e9tallique pour le support structurel. Semelle en polyur\u00e9thane Dynamic Technology anti-fatigue. Plaque anti-perforation non m\u00e9tallique. Protecteur de pied moul\u00e9 en caoutchouc Timberland Pro. Embout de s\u00e9cuirt\u00e9 en composite. Mod\u00e8le plus respirant [&hellip;]<\/p>","protected":false},"featured_media":15755,"comment_status":"open","ping_status":"closed","template":"","meta":[],"product_cat":[613,602],"product_tag":[251,252,242,253],"class_list":{"0":"post-31371","1":"product","2":"type-product","3":"status-publish","4":"has-post-thumbnail","6":"product_brand-boondock","7":"product_brand-timberland-pro","8":"product_cat-bottes-de-travail","9":"product_cat-hommes","10":"product_tag-bottes-de-travail","11":"product_tag-electric-shock-resistant","12":"product_tag-homme","13":"product_tag-sole-protection","15":"first","16":"instock","17":"taxable","18":"shipping-taxable","19":"purchasable","20":"product-type-variable"},"yoast_head":"<!-- This site is optimized with the Yoast SEO plugin v25.3.1 - https:\/\/yoast.com\/wordpress\/plugins\/seo\/ -->\n<title>BOONDOCK SANS MEMBRANE - A1V3W - BOTTE DE TRAVAIL - Le Magasin Industriel<\/title>\n<meta name=\"description\" content=\"Botte de travail 8 pouces en cuir et sans membrane pour une meilleure respirabilit\u00e9. Avec tout le confort de la semelle antifatigue.\" \/>\n<meta name=\"robots\" content=\"index, follow, max-snippet:-1, max-image-preview:large, max-video-preview:-1\" \/>\n<link rel=\"canonical\" href=\"https:\/\/autravail.ca\/en\/product\/boondock-sans-membrane-a1v3w-botte-de-travail\/\" \/>\n<meta property=\"og:locale\" content=\"en_US\" \/>\n<meta property=\"og:type\" content=\"article\" \/>\n<meta property=\"og:title\" content=\"BOONDOCK SANS MEMBRANE - A1V3W - BOTTE DE TRAVAIL - Le Magasin Industriel\" \/>\n<meta property=\"og:description\" content=\"Botte de travail 8 pouces en cuir et sans membrane pour une meilleure respirabilit\u00e9. Avec tout le confort de la semelle antifatigue.\" \/>\n<meta property=\"og:url\" content=\"https:\/\/autravail.ca\/en\/product\/boondock-sans-membrane-a1v3w-botte-de-travail\/\" \/>\n<meta property=\"og:site_name\" content=\"Le Magasin Industriel\" \/>\n<meta property=\"article:publisher\" content=\"https:\/\/www.facebook.com\/lemagasinindustriel\/?locale=fr_FR\" \/>\n<meta property=\"article:modified_time\" content=\"2025-12-05T09:10:50+00:00\" \/>\n<meta property=\"og:image\" content=\"https:\/\/autravail.ca\/wp-content\/uploads\/2025\/05\/A1V3W_A01_c5c61854-a630-4422-b2d2-d4ef2d1122ad.jpg\" \/>\n\t<meta property=\"og:image:width\" content=\"800\" \/>\n\t<meta property=\"og:image:height\" content=\"720\" \/>\n\t<meta property=\"og:image:type\" content=\"image\/jpeg\" \/>\n<meta name=\"twitter:card\" content=\"summary_large_image\" \/>\n<meta name=\"twitter:label1\" content=\"Est. reading time\" \/>\n\t<meta name=\"twitter:data1\" content=\"1 minute\" \/>\n<script type=\"application\/ld+json\" class=\"yoast-schema-graph\">{\"@context\":\"https:\/\/schema.org\",\"@graph\":[{\"@type\":\"WebPage\",\"@id\":\"https:\/\/autravail.ca\/product\/boondock-sans-membrane-a1v3w-botte-de-travail\/\",\"url\":\"https:\/\/autravail.ca\/product\/boondock-sans-membrane-a1v3w-botte-de-travail\/\",\"name\":\"BOONDOCK SANS MEMBRANE - A1V3W - BOTTE DE TRAVAIL - Le Magasin Industriel\",\"isPartOf\":{\"@id\":\"https:\/\/autravail.ca\/#website\"},\"primaryImageOfPage\":{\"@id\":\"https:\/\/autravail.ca\/product\/boondock-sans-membrane-a1v3w-botte-de-travail\/#primaryimage\"},\"image\":{\"@id\":\"https:\/\/autravail.ca\/product\/boondock-sans-membrane-a1v3w-botte-de-travail\/#primaryimage\"},\"thumbnailUrl\":\"https:\/\/autravail.ca\/wp-content\/uploads\/2025\/05\/A1V3W_A01_c5c61854-a630-4422-b2d2-d4ef2d1122ad.jpg\",\"datePublished\":\"2025-05-08T06:50:03+00:00\",\"dateModified\":\"2025-12-05T09:10:50+00:00\",\"description\":\"Botte de travail 8 pouces en cuir et sans membrane pour une meilleure respirabilit\u00e9. Avec tout le confort de la semelle antifatigue.\",\"breadcrumb\":{\"@id\":\"https:\/\/autravail.ca\/product\/boondock-sans-membrane-a1v3w-botte-de-travail\/#breadcrumb\"},\"inLanguage\":\"en-CA\",\"potentialAction\":[{\"@type\":\"ReadAction\",\"target\":[\"https:\/\/autravail.ca\/product\/boondock-sans-membrane-a1v3w-botte-de-travail\/\"]}]},{\"@type\":\"ImageObject\",\"inLanguage\":\"en-CA\",\"@id\":\"https:\/\/autravail.ca\/product\/boondock-sans-membrane-a1v3w-botte-de-travail\/#primaryimage\",\"url\":\"https:\/\/autravail.ca\/wp-content\/uploads\/2025\/05\/A1V3W_A01_c5c61854-a630-4422-b2d2-d4ef2d1122ad.jpg\",\"contentUrl\":\"https:\/\/autravail.ca\/wp-content\/uploads\/2025\/05\/A1V3W_A01_c5c61854-a630-4422-b2d2-d4ef2d1122ad.jpg\",\"width\":800,\"height\":720},{\"@type\":\"BreadcrumbList\",\"@id\":\"https:\/\/autravail.ca\/product\/boondock-sans-membrane-a1v3w-botte-de-travail\/#breadcrumb\",\"itemListElement\":[{\"@type\":\"ListItem\",\"position\":1,\"name\":\"Accueil\",\"item\":\"https:\/\/autravail.ca\/\"},{\"@type\":\"ListItem\",\"position\":2,\"name\":\"Magasin\",\"item\":\"https:\/\/autravail.ca\/en\/shop\/\"},{\"@type\":\"ListItem\",\"position\":3,\"name\":\"BOONDOCK SANS MEMBRANE &#8211; A1V3W &#8211; BOTTE DE TRAVAIL\"}]},{\"@type\":\"WebSite\",\"@id\":\"https:\/\/autravail.ca\/#website\",\"url\":\"https:\/\/autravail.ca\/\",\"name\":\"Le Magasin Industriel\",\"description\":\"50 ans de tradition de s\u00e9curit\u00e9 au travail\",\"publisher\":{\"@id\":\"https:\/\/autravail.ca\/#organization\"},\"potentialAction\":[{\"@type\":\"SearchAction\",\"target\":{\"@type\":\"EntryPoint\",\"urlTemplate\":\"https:\/\/autravail.ca\/?s={search_term_string}\"},\"query-input\":{\"@type\":\"PropertyValueSpecification\",\"valueRequired\":true,\"valueName\":\"search_term_string\"}}],\"inLanguage\":\"en-CA\"},{\"@type\":\"Organization\",\"@id\":\"https:\/\/autravail.ca\/#organization\",\"name\":\"Le Magasin Industriel\",\"url\":\"https:\/\/autravail.ca\/\",\"logo\":{\"@type\":\"ImageObject\",\"inLanguage\":\"en-CA\",\"@id\":\"https:\/\/autravail.ca\/#\/schema\/logo\/image\/\",\"url\":\"https:\/\/autravail.ca\/wp-content\/uploads\/2025\/05\/cropped-magasin_industriel_120x.avif\",\"contentUrl\":\"https:\/\/autravail.ca\/wp-content\/uploads\/2025\/05\/cropped-magasin_industriel_120x.avif\",\"width\":120,\"height\":24,\"caption\":\"Le Magasin Industriel\"},\"image\":{\"@id\":\"https:\/\/autravail.ca\/#\/schema\/logo\/image\/\"},\"sameAs\":[\"https:\/\/www.facebook.com\/lemagasinindustriel\/?locale=fr_FR\"]}]}<\/script>\n<!-- \/ Yoast SEO plugin. -->","yoast_head_json":{"title":"BOONDOCK SANS MEMBRANE - A1V3W - BOTTE DE TRAVAIL - Le Magasin Industriel","description":"Botte de travail 8 pouces en cuir et sans membrane pour une meilleure respirabilit\u00e9. Avec tout le confort de la semelle antifatigue.","robots":{"index":"index","follow":"follow","max-snippet":"max-snippet:-1","max-image-preview":"max-image-preview:large","max-video-preview":"max-video-preview:-1"},"canonical":"https:\/\/autravail.ca\/en\/product\/boondock-sans-membrane-a1v3w-botte-de-travail\/","og_locale":"en_US","og_type":"article","og_title":"BOONDOCK SANS MEMBRANE - A1V3W - BOTTE DE TRAVAIL - Le Magasin Industriel","og_description":"Botte de travail 8 pouces en cuir et sans membrane pour une meilleure respirabilit\u00e9. Avec tout le confort de la semelle antifatigue.","og_url":"https:\/\/autravail.ca\/en\/product\/boondock-sans-membrane-a1v3w-botte-de-travail\/","og_site_name":"Le Magasin Industriel","article_publisher":"https:\/\/www.facebook.com\/lemagasinindustriel\/?locale=fr_FR","article_modified_time":"2025-12-05T09:10:50+00:00","og_image":[{"width":800,"height":720,"url":"https:\/\/autravail.ca\/wp-content\/uploads\/2025\/05\/A1V3W_A01_c5c61854-a630-4422-b2d2-d4ef2d1122ad.jpg","type":"image\/jpeg"}],"twitter_card":"summary_large_image","twitter_misc":{"Est. reading time":"1 minute"},"schema":{"@context":"https:\/\/schema.org","@graph":[{"@type":"WebPage","@id":"https:\/\/autravail.ca\/product\/boondock-sans-membrane-a1v3w-botte-de-travail\/","url":"https:\/\/autravail.ca\/product\/boondock-sans-membrane-a1v3w-botte-de-travail\/","name":"BOONDOCK SANS MEMBRANE - A1V3W - BOTTE DE TRAVAIL - Le Magasin Industriel","isPartOf":{"@id":"https:\/\/autravail.ca\/#website"},"primaryImageOfPage":{"@id":"https:\/\/autravail.ca\/product\/boondock-sans-membrane-a1v3w-botte-de-travail\/#primaryimage"},"image":{"@id":"https:\/\/autravail.ca\/product\/boondock-sans-membrane-a1v3w-botte-de-travail\/#primaryimage"},"thumbnailUrl":"https:\/\/autravail.ca\/wp-content\/uploads\/2025\/05\/A1V3W_A01_c5c61854-a630-4422-b2d2-d4ef2d1122ad.jpg","datePublished":"2025-05-08T06:50:03+00:00","dateModified":"2025-12-05T09:10:50+00:00","description":"Botte de travail 8 pouces en cuir et sans membrane pour une meilleure respirabilit\u00e9. Avec tout le confort de la semelle antifatigue.","breadcrumb":{"@id":"https:\/\/autravail.ca\/product\/boondock-sans-membrane-a1v3w-botte-de-travail\/#breadcrumb"},"inLanguage":"en-CA","potentialAction":[{"@type":"ReadAction","target":["https:\/\/autravail.ca\/product\/boondock-sans-membrane-a1v3w-botte-de-travail\/"]}]},{"@type":"ImageObject","inLanguage":"en-CA","@id":"https:\/\/autravail.ca\/product\/boondock-sans-membrane-a1v3w-botte-de-travail\/#primaryimage","url":"https:\/\/autravail.ca\/wp-content\/uploads\/2025\/05\/A1V3W_A01_c5c61854-a630-4422-b2d2-d4ef2d1122ad.jpg","contentUrl":"https:\/\/autravail.ca\/wp-content\/uploads\/2025\/05\/A1V3W_A01_c5c61854-a630-4422-b2d2-d4ef2d1122ad.jpg","width":800,"height":720},{"@type":"BreadcrumbList","@id":"https:\/\/autravail.ca\/product\/boondock-sans-membrane-a1v3w-botte-de-travail\/#breadcrumb","itemListElement":[{"@type":"ListItem","position":1,"name":"Accueil","item":"https:\/\/autravail.ca\/"},{"@type":"ListItem","position":2,"name":"Magasin","item":"https:\/\/autravail.ca\/en\/shop\/"},{"@type":"ListItem","position":3,"name":"BOONDOCK SANS MEMBRANE &#8211; A1V3W &#8211; BOTTE DE TRAVAIL"}]},{"@type":"WebSite","@id":"https:\/\/autravail.ca\/#website","url":"https:\/\/autravail.ca\/","name":"Le Magasin Industriel","description":"50 ans de tradition de s\u00e9curit\u00e9 au travail","publisher":{"@id":"https:\/\/autravail.ca\/#organization"},"potentialAction":[{"@type":"SearchAction","target":{"@type":"EntryPoint","urlTemplate":"https:\/\/autravail.ca\/?s={search_term_string}"},"query-input":{"@type":"PropertyValueSpecification","valueRequired":true,"valueName":"search_term_string"}}],"inLanguage":"en-CA"},{"@type":"Organization","@id":"https:\/\/autravail.ca\/#organization","name":"Le Magasin Industriel","url":"https:\/\/autravail.ca\/","logo":{"@type":"ImageObject","inLanguage":"en-CA","@id":"https:\/\/autravail.ca\/#\/schema\/logo\/image\/","url":"https:\/\/autravail.ca\/wp-content\/uploads\/2025\/05\/cropped-magasin_industriel_120x.avif","contentUrl":"https:\/\/autravail.ca\/wp-content\/uploads\/2025\/05\/cropped-magasin_industriel_120x.avif","width":120,"height":24,"caption":"Le Magasin Industriel"},"image":{"@id":"https:\/\/autravail.ca\/#\/schema\/logo\/image\/"},"sameAs":["https:\/\/www.facebook.com\/lemagasinindustriel\/?locale=fr_FR"]}]}},"jetpack_sharing_enabled":true,"_links":{"self":[{"href":"https:\/\/autravail.ca\/en\/wp-json\/wp\/v2\/product\/31371","targetHints":{"allow":["GET"]}}],"collection":[{"href":"https:\/\/autravail.ca\/en\/wp-json\/wp\/v2\/product"}],"about":[{"href":"https:\/\/autravail.ca\/en\/wp-json\/wp\/v2\/types\/product"}],"replies":[{"embeddable":true,"href":"https:\/\/autravail.ca\/en\/wp-json\/wp\/v2\/comments?post=31371"}],"wp:featuredmedia":[{"embeddable":true,"href":"https:\/\/autravail.ca\/en\/wp-json\/wp\/v2\/media\/15755"}],"wp:attachment":[{"href":"https:\/\/autravail.ca\/en\/wp-json\/wp\/v2\/media?parent=31371"}],"wp:term":[{"taxonomy":"product_cat","embeddable":true,"href":"https:\/\/autravail.ca\/en\/wp-json\/wp\/v2\/product_cat?post=31371"},{"taxonomy":"product_tag","embeddable":true,"href":"https:\/\/autravail.ca\/en\/wp-json\/wp\/v2\/product_tag?post=31371"}],"curies":[{"name":"wp","href":"https:\/\/api.w.org\/{rel}","templated":true}]}}