{"id":31341,"date":"2025-05-08T06:49:37","date_gmt":"2025-05-08T06:49:37","guid":{"rendered":"https:\/\/meteoquebec.ca\/?post_type=product&#038;p=31341"},"modified":"2025-12-05T05:10:50","modified_gmt":"2025-12-05T09:10:50","slug":"endurance-hd-a1q6z-botte-de-travail","status":"publish","type":"product","link":"https:\/\/autravail.ca\/en\/product\/endurance-hd-a1q6z-botte-de-travail\/","title":{"rendered":"ENDURANCE HD - A1Q6Z - WORK boots"},"content":{"rendered":"<h3>Safety Boots, Endurance HD 8<\/h3>\n<ul>\n<li>Superior quality full grain leather with waterproof membrane.<\/li>\n<li>Composite Safety Buckle driven by Carbonshield technology styles.<\/li>\n<li>Direct Construction by Injection.<\/li>\n<li>Mesh lining with antimicrobial treatment for odor control.<\/li>\n<li>Seated plantar polyurethane with anti-fatigue technology to absorb shocks and return energy.<\/li>\n<li>Non-metallic pipe for structural support<\/li>\n<li>Non-Metallic Perforation Resistant Plaque.<\/li>\n<li>Double purpose material<\/li>\n<\/ul>","protected":false},"excerpt":{"rendered":"<p>Bottes de s\u00e9curit\u00e9, Endurance HD 8\u00a0\u00bb &#8211; Timberland Cuir pleine fleur imperm\u00e9able de qualit\u00e9 sup\u00e9rieure avec membrane imperm\u00e9able. Embout de s\u00e9curit\u00e9 composite propuls\u00e9 par les styles de la technologie Carbonshield. Construction directe par injection. Doublure en mesh avec traitement antimicrobien pour le contr\u00f4le des odeurs. Assise plantaire en polyur\u00e9thane \u00e0 technologie anti-fatigue pour absorber les [&hellip;]<\/p>","protected":false},"featured_media":15718,"comment_status":"open","ping_status":"closed","template":"","meta":[],"product_cat":[613,602],"product_tag":[251,252,242,253],"class_list":{"0":"post-31341","1":"product","2":"type-product","3":"status-publish","4":"has-post-thumbnail","6":"product_brand-timberland-pro","7":"product_cat-bottes-de-travail","8":"product_cat-hommes","9":"product_tag-bottes-de-travail","10":"product_tag-electric-shock-resistant","11":"product_tag-homme","12":"product_tag-sole-protection","14":"first","15":"instock","16":"taxable","17":"shipping-taxable","18":"purchasable","19":"product-type-variable"},"yoast_head":"<!-- This site is optimized with the Yoast SEO plugin v25.3.1 - https:\/\/yoast.com\/wordpress\/plugins\/seo\/ -->\n<title>ENDURANCE HD - A1Q6Z - BOTTE DE TRAVAIL - Le Magasin Industriel<\/title>\n<meta name=\"robots\" content=\"index, follow, max-snippet:-1, max-image-preview:large, max-video-preview:-1\" \/>\n<link rel=\"canonical\" href=\"https:\/\/autravail.ca\/en\/product\/endurance-hd-a1q6z-botte-de-travail\/\" \/>\n<meta property=\"og:locale\" content=\"en_US\" \/>\n<meta property=\"og:type\" content=\"article\" \/>\n<meta property=\"og:title\" content=\"ENDURANCE HD - A1Q6Z - BOTTE DE TRAVAIL - Le Magasin Industriel\" \/>\n<meta property=\"og:description\" content=\"Bottes de s\u00e9curit\u00e9, Endurance HD 8\u00a0\u00bb &#8211; Timberland Cuir pleine fleur imperm\u00e9able de qualit\u00e9 sup\u00e9rieure avec membrane imperm\u00e9able. Embout de s\u00e9curit\u00e9 composite propuls\u00e9 par les styles de la technologie Carbonshield. Construction directe par injection. Doublure en mesh avec traitement antimicrobien pour le contr\u00f4le des odeurs. Assise plantaire en polyur\u00e9thane \u00e0 technologie anti-fatigue pour absorber les [&hellip;]\" \/>\n<meta property=\"og:url\" content=\"https:\/\/autravail.ca\/en\/product\/endurance-hd-a1q6z-botte-de-travail\/\" \/>\n<meta property=\"og:site_name\" content=\"Le Magasin Industriel\" \/>\n<meta property=\"article:publisher\" content=\"https:\/\/www.facebook.com\/lemagasinindustriel\/?locale=fr_FR\" \/>\n<meta property=\"article:modified_time\" content=\"2025-12-05T09:10:50+00:00\" \/>\n<meta property=\"og:image\" content=\"https:\/\/autravail.ca\/wp-content\/uploads\/2025\/05\/A1Q6Z_A02.jpg\" \/>\n\t<meta property=\"og:image:width\" content=\"800\" \/>\n\t<meta property=\"og:image:height\" content=\"720\" \/>\n\t<meta property=\"og:image:type\" content=\"image\/jpeg\" \/>\n<meta name=\"twitter:card\" content=\"summary_large_image\" \/>\n<script type=\"application\/ld+json\" class=\"yoast-schema-graph\">{\"@context\":\"https:\/\/schema.org\",\"@graph\":[{\"@type\":\"WebPage\",\"@id\":\"https:\/\/autravail.ca\/product\/endurance-hd-a1q6z-botte-de-travail\/\",\"url\":\"https:\/\/autravail.ca\/product\/endurance-hd-a1q6z-botte-de-travail\/\",\"name\":\"ENDURANCE HD - A1Q6Z - BOTTE DE TRAVAIL - Le Magasin Industriel\",\"isPartOf\":{\"@id\":\"https:\/\/autravail.ca\/#website\"},\"primaryImageOfPage\":{\"@id\":\"https:\/\/autravail.ca\/product\/endurance-hd-a1q6z-botte-de-travail\/#primaryimage\"},\"image\":{\"@id\":\"https:\/\/autravail.ca\/product\/endurance-hd-a1q6z-botte-de-travail\/#primaryimage\"},\"thumbnailUrl\":\"https:\/\/autravail.ca\/wp-content\/uploads\/2025\/05\/A1Q6Z_A02.jpg\",\"datePublished\":\"2025-05-08T06:49:37+00:00\",\"dateModified\":\"2025-12-05T09:10:50+00:00\",\"breadcrumb\":{\"@id\":\"https:\/\/autravail.ca\/product\/endurance-hd-a1q6z-botte-de-travail\/#breadcrumb\"},\"inLanguage\":\"en-CA\",\"potentialAction\":[{\"@type\":\"ReadAction\",\"target\":[\"https:\/\/autravail.ca\/product\/endurance-hd-a1q6z-botte-de-travail\/\"]}]},{\"@type\":\"ImageObject\",\"inLanguage\":\"en-CA\",\"@id\":\"https:\/\/autravail.ca\/product\/endurance-hd-a1q6z-botte-de-travail\/#primaryimage\",\"url\":\"https:\/\/autravail.ca\/wp-content\/uploads\/2025\/05\/A1Q6Z_A02.jpg\",\"contentUrl\":\"https:\/\/autravail.ca\/wp-content\/uploads\/2025\/05\/A1Q6Z_A02.jpg\",\"width\":800,\"height\":720},{\"@type\":\"BreadcrumbList\",\"@id\":\"https:\/\/autravail.ca\/product\/endurance-hd-a1q6z-botte-de-travail\/#breadcrumb\",\"itemListElement\":[{\"@type\":\"ListItem\",\"position\":1,\"name\":\"Accueil\",\"item\":\"https:\/\/autravail.ca\/\"},{\"@type\":\"ListItem\",\"position\":2,\"name\":\"Magasin\",\"item\":\"https:\/\/autravail.ca\/en\/shop\/\"},{\"@type\":\"ListItem\",\"position\":3,\"name\":\"ENDURANCE HD &#8211; A1Q6Z &#8211; BOTTE DE TRAVAIL\"}]},{\"@type\":\"WebSite\",\"@id\":\"https:\/\/autravail.ca\/#website\",\"url\":\"https:\/\/autravail.ca\/\",\"name\":\"Le Magasin Industriel\",\"description\":\"50 ans de tradition de s\u00e9curit\u00e9 au travail\",\"publisher\":{\"@id\":\"https:\/\/autravail.ca\/#organization\"},\"potentialAction\":[{\"@type\":\"SearchAction\",\"target\":{\"@type\":\"EntryPoint\",\"urlTemplate\":\"https:\/\/autravail.ca\/?s={search_term_string}\"},\"query-input\":{\"@type\":\"PropertyValueSpecification\",\"valueRequired\":true,\"valueName\":\"search_term_string\"}}],\"inLanguage\":\"en-CA\"},{\"@type\":\"Organization\",\"@id\":\"https:\/\/autravail.ca\/#organization\",\"name\":\"Le Magasin Industriel\",\"url\":\"https:\/\/autravail.ca\/\",\"logo\":{\"@type\":\"ImageObject\",\"inLanguage\":\"en-CA\",\"@id\":\"https:\/\/autravail.ca\/#\/schema\/logo\/image\/\",\"url\":\"https:\/\/autravail.ca\/wp-content\/uploads\/2025\/05\/cropped-magasin_industriel_120x.avif\",\"contentUrl\":\"https:\/\/autravail.ca\/wp-content\/uploads\/2025\/05\/cropped-magasin_industriel_120x.avif\",\"width\":120,\"height\":24,\"caption\":\"Le Magasin Industriel\"},\"image\":{\"@id\":\"https:\/\/autravail.ca\/#\/schema\/logo\/image\/\"},\"sameAs\":[\"https:\/\/www.facebook.com\/lemagasinindustriel\/?locale=fr_FR\"]}]}<\/script>\n<!-- \/ Yoast SEO plugin. -->","yoast_head_json":{"title":"ENDURANCE HD - A1Q6Z - BOTTE DE TRAVAIL - Le Magasin Industriel","robots":{"index":"index","follow":"follow","max-snippet":"max-snippet:-1","max-image-preview":"max-image-preview:large","max-video-preview":"max-video-preview:-1"},"canonical":"https:\/\/autravail.ca\/en\/product\/endurance-hd-a1q6z-botte-de-travail\/","og_locale":"en_US","og_type":"article","og_title":"ENDURANCE HD - A1Q6Z - BOTTE DE TRAVAIL - Le Magasin Industriel","og_description":"Bottes de s\u00e9curit\u00e9, Endurance HD 8\u00a0\u00bb &#8211; Timberland Cuir pleine fleur imperm\u00e9able de qualit\u00e9 sup\u00e9rieure avec membrane imperm\u00e9able. Embout de s\u00e9curit\u00e9 composite propuls\u00e9 par les styles de la technologie Carbonshield. Construction directe par injection. Doublure en mesh avec traitement antimicrobien pour le contr\u00f4le des odeurs. Assise plantaire en polyur\u00e9thane \u00e0 technologie anti-fatigue pour absorber les [&hellip;]","og_url":"https:\/\/autravail.ca\/en\/product\/endurance-hd-a1q6z-botte-de-travail\/","og_site_name":"Le Magasin Industriel","article_publisher":"https:\/\/www.facebook.com\/lemagasinindustriel\/?locale=fr_FR","article_modified_time":"2025-12-05T09:10:50+00:00","og_image":[{"width":800,"height":720,"url":"https:\/\/autravail.ca\/wp-content\/uploads\/2025\/05\/A1Q6Z_A02.jpg","type":"image\/jpeg"}],"twitter_card":"summary_large_image","schema":{"@context":"https:\/\/schema.org","@graph":[{"@type":"WebPage","@id":"https:\/\/autravail.ca\/product\/endurance-hd-a1q6z-botte-de-travail\/","url":"https:\/\/autravail.ca\/product\/endurance-hd-a1q6z-botte-de-travail\/","name":"ENDURANCE HD - A1Q6Z - BOTTE DE TRAVAIL - Le Magasin Industriel","isPartOf":{"@id":"https:\/\/autravail.ca\/#website"},"primaryImageOfPage":{"@id":"https:\/\/autravail.ca\/product\/endurance-hd-a1q6z-botte-de-travail\/#primaryimage"},"image":{"@id":"https:\/\/autravail.ca\/product\/endurance-hd-a1q6z-botte-de-travail\/#primaryimage"},"thumbnailUrl":"https:\/\/autravail.ca\/wp-content\/uploads\/2025\/05\/A1Q6Z_A02.jpg","datePublished":"2025-05-08T06:49:37+00:00","dateModified":"2025-12-05T09:10:50+00:00","breadcrumb":{"@id":"https:\/\/autravail.ca\/product\/endurance-hd-a1q6z-botte-de-travail\/#breadcrumb"},"inLanguage":"en-CA","potentialAction":[{"@type":"ReadAction","target":["https:\/\/autravail.ca\/product\/endurance-hd-a1q6z-botte-de-travail\/"]}]},{"@type":"ImageObject","inLanguage":"en-CA","@id":"https:\/\/autravail.ca\/product\/endurance-hd-a1q6z-botte-de-travail\/#primaryimage","url":"https:\/\/autravail.ca\/wp-content\/uploads\/2025\/05\/A1Q6Z_A02.jpg","contentUrl":"https:\/\/autravail.ca\/wp-content\/uploads\/2025\/05\/A1Q6Z_A02.jpg","width":800,"height":720},{"@type":"BreadcrumbList","@id":"https:\/\/autravail.ca\/product\/endurance-hd-a1q6z-botte-de-travail\/#breadcrumb","itemListElement":[{"@type":"ListItem","position":1,"name":"Accueil","item":"https:\/\/autravail.ca\/"},{"@type":"ListItem","position":2,"name":"Magasin","item":"https:\/\/autravail.ca\/en\/shop\/"},{"@type":"ListItem","position":3,"name":"ENDURANCE HD &#8211; A1Q6Z &#8211; BOTTE DE TRAVAIL"}]},{"@type":"WebSite","@id":"https:\/\/autravail.ca\/#website","url":"https:\/\/autravail.ca\/","name":"Le Magasin Industriel","description":"50 ans de tradition de s\u00e9curit\u00e9 au travail","publisher":{"@id":"https:\/\/autravail.ca\/#organization"},"potentialAction":[{"@type":"SearchAction","target":{"@type":"EntryPoint","urlTemplate":"https:\/\/autravail.ca\/?s={search_term_string}"},"query-input":{"@type":"PropertyValueSpecification","valueRequired":true,"valueName":"search_term_string"}}],"inLanguage":"en-CA"},{"@type":"Organization","@id":"https:\/\/autravail.ca\/#organization","name":"Le Magasin Industriel","url":"https:\/\/autravail.ca\/","logo":{"@type":"ImageObject","inLanguage":"en-CA","@id":"https:\/\/autravail.ca\/#\/schema\/logo\/image\/","url":"https:\/\/autravail.ca\/wp-content\/uploads\/2025\/05\/cropped-magasin_industriel_120x.avif","contentUrl":"https:\/\/autravail.ca\/wp-content\/uploads\/2025\/05\/cropped-magasin_industriel_120x.avif","width":120,"height":24,"caption":"Le Magasin Industriel"},"image":{"@id":"https:\/\/autravail.ca\/#\/schema\/logo\/image\/"},"sameAs":["https:\/\/www.facebook.com\/lemagasinindustriel\/?locale=fr_FR"]}]}},"jetpack_sharing_enabled":true,"_links":{"self":[{"href":"https:\/\/autravail.ca\/en\/wp-json\/wp\/v2\/product\/31341","targetHints":{"allow":["GET"]}}],"collection":[{"href":"https:\/\/autravail.ca\/en\/wp-json\/wp\/v2\/product"}],"about":[{"href":"https:\/\/autravail.ca\/en\/wp-json\/wp\/v2\/types\/product"}],"replies":[{"embeddable":true,"href":"https:\/\/autravail.ca\/en\/wp-json\/wp\/v2\/comments?post=31341"}],"wp:featuredmedia":[{"embeddable":true,"href":"https:\/\/autravail.ca\/en\/wp-json\/wp\/v2\/media\/15718"}],"wp:attachment":[{"href":"https:\/\/autravail.ca\/en\/wp-json\/wp\/v2\/media?parent=31341"}],"wp:term":[{"taxonomy":"product_cat","embeddable":true,"href":"https:\/\/autravail.ca\/en\/wp-json\/wp\/v2\/product_cat?post=31341"},{"taxonomy":"product_tag","embeddable":true,"href":"https:\/\/autravail.ca\/en\/wp-json\/wp\/v2\/product_tag?post=31341"}],"curies":[{"name":"wp","href":"https:\/\/api.w.org\/{rel}","templated":true}]}}