{"id":31312,"date":"2025-05-08T06:49:13","date_gmt":"2025-05-08T06:49:13","guid":{"rendered":"https:\/\/meteoquebec.ca\/?post_type=product&#038;p=31312"},"modified":"2025-12-05T05:10:50","modified_gmt":"2025-12-05T09:10:50","slug":"botte-de-travail-timberland-boondock-hiver-a131d","status":"publish","type":"product","link":"https:\/\/autravail.ca\/en\/product\/botte-de-travail-timberland-boondock-hiver-a131d\/","title":{"rendered":"Botte de travail Timberland Boondock Hiver &#8211; A131D"},"content":{"rendered":"<h3>Botte de travail Timberland Boondock Hiver &#8211; A131D<\/h3>\n<p>La Botte de travail Timberland Boondock Hiver &#8211; A131D est con\u00e7ue avec une tige en cuir imperm\u00e9able <a href=\"https:\/\/autravail.ca\/en\/product-brand\/timberland-pro\/\">Timberland PRO\u00ae<\/a> de premi\u00e8re qualit\u00e9. La tige est doubl\u00e9e d\u2019une membrane interne offrant une \u00e9tanch\u00e9it\u00e9 totale et une r\u00e9sistance aux pathog\u00e8nes \u00e0 diffusion h\u00e9matog\u00e8ne. La seconde couche est un 1000 grammes d\u2019isolant Thinsulate pour garder les pieds au chaud durant les rudes hivers canadiens. L&#8217;embout protecteur moul\u00e9 Timberland PRO\u00ae en caoutchouc aussi \u00e9pais que le caoutchouc de la semelle d\u2019usure est r\u00e9sistant et durable. Cette botte offre une protection certifi\u00e9e CSA Om\u00e9ga avec embout de s\u00e9curit\u00e9 en composite, un embo\u00eetage du talon rigide pour stabiliser les mouvements lat\u00e9raux et une assise plantaire \u00e0 technologie antifatigue offrant amortissement des chocs et retour d\u2019\u00e9nergie en tout temps. Restant fid\u00e8le aux engagements Timberland Pro, la doublure respirante et \u00e9vacuant l\u2019humidit\u00e9 est faite de tissu ReBOTL\u2122 contenant au moins 50 % de plastique recycl\u00e9.<\/p>\n<p><img decoding=\"async\" class=\"alignnone size-full wp-image-40117\" src=\"https:\/\/autravail.ca\/wp-content\/uploads\/2025\/09\/Certification-Omega-Triangle-vert.jpg\" alt=\"Certifications Om\u00e9ga Triangle vert\" width=\"193\" height=\"110\" srcset=\"https:\/\/autravail.ca\/wp-content\/uploads\/2025\/09\/Certification-Omega-Triangle-vert.jpg 193w, https:\/\/autravail.ca\/wp-content\/uploads\/2025\/09\/Certification-Omega-Triangle-vert-150x85.jpg 150w, https:\/\/autravail.ca\/wp-content\/uploads\/2025\/09\/Certification-Omega-Triangle-vert-18x10.jpg 18w\" sizes=\"(max-width: 193px) 100vw, 193px\" \/><\/p>\n<h4>Characteristics:<\/h4>\n<ul>\n<li class=\"ml-5\">Tige Timberland\u00ae en cuir pleine fleur de premi\u00e8re qualit\u00e9 avec membrane int\u00e9rieure imperm\u00e9able et 1000 grammes d\u2019isolant.<\/li>\n<li class=\"ml-5\">Nous sommes membres du Groupe de travail sur le cuir<\/li>\n<li class=\"ml-5\">Asymmetrical composite safety buckle<\/li>\n<li class=\"ml-5\">Protection contre les dangers \u00e9lectriques<\/li>\n<li class=\"ml-5\">Cambrion en fibre de verre pour un soutien structurel<\/li>\n<li class=\"ml-5\">Plaque sans m\u00e9tal r\u00e9sistant \u00e0 la perforation<\/li>\n<li class=\"ml-5\">Assise plantaire en polyur\u00e9thane avec technologie antifatigue offrant amortissement des chocs et retour d\u2019\u00e9nergie<\/li>\n<li class=\"ml-5\">\u00c9l\u00e9ments m\u00e9talliques \u00e0 double usage favorisant un la\u00e7age personnalis\u00e9<\/li>\n<li class=\"ml-5\">Embout protecteur moul\u00e9 en caoutchouc Timberland PRO\u00ae<\/li>\n<li class=\"ml-5\">Embo\u00eetage du talon ext\u00e9rieur rigide favorisant la stabilit\u00e9 lat\u00e9rale<\/li>\n<li class=\"ml-5\">Doublure respirante qui \u00e9vacue l\u2019humidit\u00e9, avec traitement antimicrobien contr\u00f4lant les odeurs<\/li>\n<li class=\"ml-5\">Fabrication combinant une tr\u00e9pointe cousue trois-quarts et un talon soud\u00e9<\/li>\n<li class=\"ml-5\">Semelle d\u2019usure toutes saisons en TPU r\u00e9sistant \u00e0 l\u2019abrasion.<\/li>\n<li class=\"ml-5\">Semelle d\u2019usure en TPU non marquante, antid\u00e9rapante et r\u00e9sistante \u00e0 l\u2019huile, dot\u00e9e de crans profonds pour bien mordre dans la boue et la neige.<\/li>\n<li class=\"ml-5\">Garantie confort 30 jours<\/li>\n<\/ul>\n<p><img decoding=\"async\" class=\"alignnone wp-image-40620\" src=\"https:\/\/autravail.ca\/wp-content\/uploads\/2025\/09\/Jachete-quebec-et-canada.jpg\" alt=\"Logo de l'achat local\" width=\"162\" height=\"139\" \/>Merci d&rsquo;encourager une entreprise 100% d&rsquo;ici!<\/p>","protected":false},"excerpt":{"rendered":"<p>Botte de travail Timberland Boondock Hiver &#8211; A131D La Botte de travail Timberland Boondock Hiver &#8211; A131D est con\u00e7ue avec une tige en cuir imperm\u00e9able Timberland PRO\u00ae de premi\u00e8re qualit\u00e9. La tige est doubl\u00e9e d\u2019une membrane interne offrant une \u00e9tanch\u00e9it\u00e9 totale et une r\u00e9sistance aux pathog\u00e8nes \u00e0 diffusion h\u00e9matog\u00e8ne. La seconde couche est un 1000 [&hellip;]<\/p>","protected":false},"featured_media":40717,"comment_status":"open","ping_status":"closed","template":"","meta":[],"product_cat":[671,613,602],"product_tag":[308,251,252,242,253],"class_list":{"0":"post-31312","1":"product","2":"type-product","3":"status-publish","4":"has-post-thumbnail","6":"product_brand-boondock","7":"product_brand-timberland-pro","8":"product_cat-bottes-dhiver-csa","9":"product_cat-bottes-de-travail","10":"product_cat-hommes","11":"product_tag-bottes-dhiver-csa","12":"product_tag-bottes-de-travail","13":"product_tag-electric-shock-resistant","14":"product_tag-homme","15":"product_tag-sole-protection","17":"first","18":"instock","19":"taxable","20":"shipping-taxable","21":"purchasable","22":"product-type-variable"},"yoast_head":"<!-- This site is optimized with the Yoast SEO plugin v25.3.1 - https:\/\/yoast.com\/wordpress\/plugins\/seo\/ -->\n<title>Botte de travail Timberland Boondock Hiver - A131D - Le Magasin Industriel<\/title>\n<meta name=\"description\" content=\"Botte de travail Timberland Boondock Hiver - A131D, 8 pouces avec isolant pour l&#039;hiver et le confort de la semelle antifatigue de Timberland Pro.\" \/>\n<meta name=\"robots\" content=\"index, follow, max-snippet:-1, max-image-preview:large, max-video-preview:-1\" \/>\n<link rel=\"canonical\" href=\"https:\/\/autravail.ca\/en\/product\/botte-de-travail-timberland-boondock-hiver-a131d\/\" \/>\n<meta property=\"og:locale\" content=\"en_US\" \/>\n<meta property=\"og:type\" content=\"article\" \/>\n<meta property=\"og:title\" content=\"Botte de travail Timberland Boondock Hiver - A131D - Le Magasin Industriel\" \/>\n<meta property=\"og:description\" content=\"Botte de travail Timberland Boondock Hiver - A131D, 8 pouces avec isolant pour l&#039;hiver et le confort de la semelle antifatigue de Timberland Pro.\" \/>\n<meta property=\"og:url\" content=\"https:\/\/autravail.ca\/en\/product\/botte-de-travail-timberland-boondock-hiver-a131d\/\" \/>\n<meta property=\"og:site_name\" content=\"Le Magasin Industriel\" \/>\n<meta property=\"article:publisher\" content=\"https:\/\/www.facebook.com\/lemagasinindustriel\/?locale=fr_FR\" \/>\n<meta property=\"article:modified_time\" content=\"2025-12-05T09:10:50+00:00\" \/>\n<meta property=\"og:image\" content=\"https:\/\/autravail.ca\/wp-content\/uploads\/2025\/05\/Boondock-Hiver-A131D_A01.jpg\" \/>\n\t<meta property=\"og:image:width\" content=\"1000\" \/>\n\t<meta property=\"og:image:height\" content=\"1000\" \/>\n\t<meta property=\"og:image:type\" content=\"image\/jpeg\" \/>\n<meta name=\"twitter:card\" content=\"summary_large_image\" \/>\n<meta name=\"twitter:label1\" content=\"Est. reading time\" \/>\n\t<meta name=\"twitter:data1\" content=\"3 minutes\" \/>\n<script type=\"application\/ld+json\" class=\"yoast-schema-graph\">{\"@context\":\"https:\/\/schema.org\",\"@graph\":[{\"@type\":\"WebPage\",\"@id\":\"https:\/\/autravail.ca\/product\/botte-de-travail-timberland-boondock-hiver-a131d\/\",\"url\":\"https:\/\/autravail.ca\/product\/botte-de-travail-timberland-boondock-hiver-a131d\/\",\"name\":\"Botte de travail Timberland Boondock Hiver - A131D - Le Magasin Industriel\",\"isPartOf\":{\"@id\":\"https:\/\/autravail.ca\/#website\"},\"primaryImageOfPage\":{\"@id\":\"https:\/\/autravail.ca\/product\/botte-de-travail-timberland-boondock-hiver-a131d\/#primaryimage\"},\"image\":{\"@id\":\"https:\/\/autravail.ca\/product\/botte-de-travail-timberland-boondock-hiver-a131d\/#primaryimage\"},\"thumbnailUrl\":\"https:\/\/autravail.ca\/wp-content\/uploads\/2025\/05\/Boondock-Hiver-A131D_A01.jpg\",\"datePublished\":\"2025-05-08T06:49:13+00:00\",\"dateModified\":\"2025-12-05T09:10:50+00:00\",\"description\":\"Botte de travail Timberland Boondock Hiver - A131D, 8 pouces avec isolant pour l'hiver et le confort de la semelle antifatigue de Timberland Pro.\",\"breadcrumb\":{\"@id\":\"https:\/\/autravail.ca\/product\/botte-de-travail-timberland-boondock-hiver-a131d\/#breadcrumb\"},\"inLanguage\":\"en-CA\",\"potentialAction\":[{\"@type\":\"ReadAction\",\"target\":[\"https:\/\/autravail.ca\/product\/botte-de-travail-timberland-boondock-hiver-a131d\/\"]}]},{\"@type\":\"ImageObject\",\"inLanguage\":\"en-CA\",\"@id\":\"https:\/\/autravail.ca\/product\/botte-de-travail-timberland-boondock-hiver-a131d\/#primaryimage\",\"url\":\"https:\/\/autravail.ca\/wp-content\/uploads\/2025\/05\/Boondock-Hiver-A131D_A01.jpg\",\"contentUrl\":\"https:\/\/autravail.ca\/wp-content\/uploads\/2025\/05\/Boondock-Hiver-A131D_A01.jpg\",\"width\":1000,\"height\":1000,\"caption\":\"Botte de travail Boondock Isol\u00e9e Hiver A131D\"},{\"@type\":\"BreadcrumbList\",\"@id\":\"https:\/\/autravail.ca\/product\/botte-de-travail-timberland-boondock-hiver-a131d\/#breadcrumb\",\"itemListElement\":[{\"@type\":\"ListItem\",\"position\":1,\"name\":\"Accueil\",\"item\":\"https:\/\/autravail.ca\/\"},{\"@type\":\"ListItem\",\"position\":2,\"name\":\"Magasin\",\"item\":\"https:\/\/autravail.ca\/en\/shop\/\"},{\"@type\":\"ListItem\",\"position\":3,\"name\":\"Botte de travail Timberland Boondock Hiver &#8211; A131D\"}]},{\"@type\":\"WebSite\",\"@id\":\"https:\/\/autravail.ca\/#website\",\"url\":\"https:\/\/autravail.ca\/\",\"name\":\"Le Magasin Industriel\",\"description\":\"50 ans de tradition de s\u00e9curit\u00e9 au travail\",\"publisher\":{\"@id\":\"https:\/\/autravail.ca\/#organization\"},\"potentialAction\":[{\"@type\":\"SearchAction\",\"target\":{\"@type\":\"EntryPoint\",\"urlTemplate\":\"https:\/\/autravail.ca\/?s={search_term_string}\"},\"query-input\":{\"@type\":\"PropertyValueSpecification\",\"valueRequired\":true,\"valueName\":\"search_term_string\"}}],\"inLanguage\":\"en-CA\"},{\"@type\":\"Organization\",\"@id\":\"https:\/\/autravail.ca\/#organization\",\"name\":\"Le Magasin Industriel\",\"url\":\"https:\/\/autravail.ca\/\",\"logo\":{\"@type\":\"ImageObject\",\"inLanguage\":\"en-CA\",\"@id\":\"https:\/\/autravail.ca\/#\/schema\/logo\/image\/\",\"url\":\"https:\/\/autravail.ca\/wp-content\/uploads\/2025\/05\/cropped-magasin_industriel_120x.avif\",\"contentUrl\":\"https:\/\/autravail.ca\/wp-content\/uploads\/2025\/05\/cropped-magasin_industriel_120x.avif\",\"width\":120,\"height\":24,\"caption\":\"Le Magasin Industriel\"},\"image\":{\"@id\":\"https:\/\/autravail.ca\/#\/schema\/logo\/image\/\"},\"sameAs\":[\"https:\/\/www.facebook.com\/lemagasinindustriel\/?locale=fr_FR\"]}]}<\/script>\n<!-- \/ Yoast SEO plugin. -->","yoast_head_json":{"title":"Botte de travail Timberland Boondock Hiver - A131D - Le Magasin Industriel","description":"Botte de travail Timberland Boondock Hiver - A131D, 8 pouces avec isolant pour l'hiver et le confort de la semelle antifatigue de Timberland Pro.","robots":{"index":"index","follow":"follow","max-snippet":"max-snippet:-1","max-image-preview":"max-image-preview:large","max-video-preview":"max-video-preview:-1"},"canonical":"https:\/\/autravail.ca\/en\/product\/botte-de-travail-timberland-boondock-hiver-a131d\/","og_locale":"en_US","og_type":"article","og_title":"Botte de travail Timberland Boondock Hiver - A131D - Le Magasin Industriel","og_description":"Botte de travail Timberland Boondock Hiver - A131D, 8 pouces avec isolant pour l'hiver et le confort de la semelle antifatigue de Timberland Pro.","og_url":"https:\/\/autravail.ca\/en\/product\/botte-de-travail-timberland-boondock-hiver-a131d\/","og_site_name":"Le Magasin Industriel","article_publisher":"https:\/\/www.facebook.com\/lemagasinindustriel\/?locale=fr_FR","article_modified_time":"2025-12-05T09:10:50+00:00","og_image":[{"width":1000,"height":1000,"url":"https:\/\/autravail.ca\/wp-content\/uploads\/2025\/05\/Boondock-Hiver-A131D_A01.jpg","type":"image\/jpeg"}],"twitter_card":"summary_large_image","twitter_misc":{"Est. reading time":"3 minutes"},"schema":{"@context":"https:\/\/schema.org","@graph":[{"@type":"WebPage","@id":"https:\/\/autravail.ca\/product\/botte-de-travail-timberland-boondock-hiver-a131d\/","url":"https:\/\/autravail.ca\/product\/botte-de-travail-timberland-boondock-hiver-a131d\/","name":"Botte de travail Timberland Boondock Hiver - A131D - Le Magasin Industriel","isPartOf":{"@id":"https:\/\/autravail.ca\/#website"},"primaryImageOfPage":{"@id":"https:\/\/autravail.ca\/product\/botte-de-travail-timberland-boondock-hiver-a131d\/#primaryimage"},"image":{"@id":"https:\/\/autravail.ca\/product\/botte-de-travail-timberland-boondock-hiver-a131d\/#primaryimage"},"thumbnailUrl":"https:\/\/autravail.ca\/wp-content\/uploads\/2025\/05\/Boondock-Hiver-A131D_A01.jpg","datePublished":"2025-05-08T06:49:13+00:00","dateModified":"2025-12-05T09:10:50+00:00","description":"Botte de travail Timberland Boondock Hiver - A131D, 8 pouces avec isolant pour l'hiver et le confort de la semelle antifatigue de Timberland Pro.","breadcrumb":{"@id":"https:\/\/autravail.ca\/product\/botte-de-travail-timberland-boondock-hiver-a131d\/#breadcrumb"},"inLanguage":"en-CA","potentialAction":[{"@type":"ReadAction","target":["https:\/\/autravail.ca\/product\/botte-de-travail-timberland-boondock-hiver-a131d\/"]}]},{"@type":"ImageObject","inLanguage":"en-CA","@id":"https:\/\/autravail.ca\/product\/botte-de-travail-timberland-boondock-hiver-a131d\/#primaryimage","url":"https:\/\/autravail.ca\/wp-content\/uploads\/2025\/05\/Boondock-Hiver-A131D_A01.jpg","contentUrl":"https:\/\/autravail.ca\/wp-content\/uploads\/2025\/05\/Boondock-Hiver-A131D_A01.jpg","width":1000,"height":1000,"caption":"Botte de travail Boondock Isol\u00e9e Hiver A131D"},{"@type":"BreadcrumbList","@id":"https:\/\/autravail.ca\/product\/botte-de-travail-timberland-boondock-hiver-a131d\/#breadcrumb","itemListElement":[{"@type":"ListItem","position":1,"name":"Accueil","item":"https:\/\/autravail.ca\/"},{"@type":"ListItem","position":2,"name":"Magasin","item":"https:\/\/autravail.ca\/en\/shop\/"},{"@type":"ListItem","position":3,"name":"Botte de travail Timberland Boondock Hiver &#8211; A131D"}]},{"@type":"WebSite","@id":"https:\/\/autravail.ca\/#website","url":"https:\/\/autravail.ca\/","name":"Le Magasin Industriel","description":"50 ans de tradition de s\u00e9curit\u00e9 au travail","publisher":{"@id":"https:\/\/autravail.ca\/#organization"},"potentialAction":[{"@type":"SearchAction","target":{"@type":"EntryPoint","urlTemplate":"https:\/\/autravail.ca\/?s={search_term_string}"},"query-input":{"@type":"PropertyValueSpecification","valueRequired":true,"valueName":"search_term_string"}}],"inLanguage":"en-CA"},{"@type":"Organization","@id":"https:\/\/autravail.ca\/#organization","name":"Le Magasin Industriel","url":"https:\/\/autravail.ca\/","logo":{"@type":"ImageObject","inLanguage":"en-CA","@id":"https:\/\/autravail.ca\/#\/schema\/logo\/image\/","url":"https:\/\/autravail.ca\/wp-content\/uploads\/2025\/05\/cropped-magasin_industriel_120x.avif","contentUrl":"https:\/\/autravail.ca\/wp-content\/uploads\/2025\/05\/cropped-magasin_industriel_120x.avif","width":120,"height":24,"caption":"Le Magasin Industriel"},"image":{"@id":"https:\/\/autravail.ca\/#\/schema\/logo\/image\/"},"sameAs":["https:\/\/www.facebook.com\/lemagasinindustriel\/?locale=fr_FR"]}]}},"jetpack_sharing_enabled":true,"_links":{"self":[{"href":"https:\/\/autravail.ca\/en\/wp-json\/wp\/v2\/product\/31312","targetHints":{"allow":["GET"]}}],"collection":[{"href":"https:\/\/autravail.ca\/en\/wp-json\/wp\/v2\/product"}],"about":[{"href":"https:\/\/autravail.ca\/en\/wp-json\/wp\/v2\/types\/product"}],"replies":[{"embeddable":true,"href":"https:\/\/autravail.ca\/en\/wp-json\/wp\/v2\/comments?post=31312"}],"wp:featuredmedia":[{"embeddable":true,"href":"https:\/\/autravail.ca\/en\/wp-json\/wp\/v2\/media\/40717"}],"wp:attachment":[{"href":"https:\/\/autravail.ca\/en\/wp-json\/wp\/v2\/media?parent=31312"}],"wp:term":[{"taxonomy":"product_cat","embeddable":true,"href":"https:\/\/autravail.ca\/en\/wp-json\/wp\/v2\/product_cat?post=31312"},{"taxonomy":"product_tag","embeddable":true,"href":"https:\/\/autravail.ca\/en\/wp-json\/wp\/v2\/product_tag?post=31312"}],"curies":[{"name":"wp","href":"https:\/\/api.w.org\/{rel}","templated":true}]}}