{"id":31311,"date":"2025-05-08T06:49:13","date_gmt":"2025-05-08T06:49:13","guid":{"rendered":"https:\/\/meteoquebec.ca\/?post_type=product&#038;p=31311"},"modified":"2026-04-02T10:18:41","modified_gmt":"2026-04-02T14:18:41","slug":"botte-de-travail-zerometal-969","status":"publish","type":"product","link":"https:\/\/autravail.ca\/en\/product\/botte-de-travail-zerometal-969\/","title":{"rendered":"Botte de travail Zerometal &#8211; 969"},"content":{"rendered":"<h2>Botte de travail Zerometal &#8211; 969<\/h2>\n<p>Botte de travail Zerometal &#8211; 969 de <a href=\"https:\/\/autravail.ca\/en\/product-brand\/j-audet-jr\/\">J. Audet<\/a>, fabriqu\u00e9es en cuir crazy horse pleine fleur ZEROMETAL\u2122. Avec une hauteur de 8 pouces et 200 g de Thinsulate pour une chaleur optimale, elles sont con\u00e7ues pour r\u00e9sister aux conditions les plus exigeantes. Les coutures triples dans les zones flexibles assurent une durabilit\u00e9 accrue. Dot\u00e9es d\u2019un embout composite l\u00e9ger, d\u2019un embout TPU ultra-r\u00e9sistant, et d\u2019une semelle intercalaire en PU r\u00e9sistant \u00e0 l&rsquo;huile pour un soutien exceptionnel, elles garantissent un confort optimal gr\u00e2ce \u00e0 la semelle int\u00e9rieure BASF PU Climate Control ELASTOPAN\u2122\u00a0qui absorbe rapidement l&rsquo;humidit\u00e9.<\/p>\n<p><img decoding=\"async\" class=\"alignnone size-full wp-image-40117\" src=\"https:\/\/autravail.ca\/wp-content\/uploads\/2025\/09\/Certification-Omega-Triangle-vert.jpg\" alt=\"Certifications Om\u00e9ga Triangle vert\" width=\"193\" height=\"110\" srcset=\"https:\/\/autravail.ca\/wp-content\/uploads\/2025\/09\/Certification-Omega-Triangle-vert.jpg 193w, https:\/\/autravail.ca\/wp-content\/uploads\/2025\/09\/Certification-Omega-Triangle-vert-150x85.jpg 150w, https:\/\/autravail.ca\/wp-content\/uploads\/2025\/09\/Certification-Omega-Triangle-vert-18x10.jpg 18w\" sizes=\"(max-width: 193px) 100vw, 193px\" \/><\/p>\n<h6>Characteristics:<\/h6>\n<ul>\n<li><span class=\"OYPEnA font-feature-liga-off font-feature-clig-off font-feature-calt-off text-decoration-none text-strikethrough-none\">Empeigne : Cuir crazy horse pleine fleur, sans m\u00e9tal<\/span><\/li>\n<li><span class=\"OYPEnA font-feature-liga-off font-feature-clig-off font-feature-calt-off text-decoration-none text-strikethrough-none\">Hauteur : 8 pouces<\/span><\/li>\n<li><span class=\"OYPEnA font-feature-liga-off font-feature-clig-off font-feature-calt-off text-decoration-none text-strikethrough-none\">Isolation : 200 g de Thinsulate pour une chaleur optimale<\/span><\/li>\n<li><span class=\"OYPEnA font-feature-liga-off font-feature-clig-off font-feature-calt-off text-decoration-none text-strikethrough-none\">Coutures : Triple couture dans les zones flexibles pour une durabilit\u00e9 accrue<\/span><\/li>\n<li><span class=\"OYPEnA font-feature-liga-off font-feature-clig-off font-feature-calt-off text-decoration-none text-strikethrough-none\">Embout de protection : Composite pour une protection l\u00e9g\u00e8re et fiable<\/span><\/li>\n<li><span class=\"OYPEnA font-feature-liga-off font-feature-clig-off font-feature-calt-off text-decoration-none text-strikethrough-none\">Embout ext\u00e9rieur : TPU ultra-r\u00e9sistant pour une protection suppl\u00e9mentaire<\/span><\/li>\n<li><span class=\"OYPEnA font-feature-liga-off font-feature-clig-off font-feature-calt-off text-decoration-none text-strikethrough-none\">\u0152illets : En plastique, cousus pour une meilleure durabilit\u00e9<\/span><\/li>\n<li><span class=\"OYPEnA font-feature-liga-off font-feature-clig-off font-feature-calt-off text-decoration-none text-strikethrough-none\">Semelle antiperforation : Non-m\u00e9tallique pour une protection optimale<\/span><\/li>\n<li><span class=\"OYPEnA font-feature-liga-off font-feature-clig-off font-feature-calt-off text-decoration-none text-strikethrough-none\">Semelle intercalaire : PU r\u00e9sistant \u00e0 l&rsquo;huile, fabriqu\u00e9e par injection directe, offrant un soutien et un confort exceptionnels<\/span><\/li>\n<li><span class=\"OYPEnA font-feature-liga-off font-feature-clig-off font-feature-calt-off text-decoration-none text-strikethrough-none\">Semelle d&rsquo;usure : En caoutchouc r\u00e9sistant \u00e0 l&rsquo;huile pour une adh\u00e9rence maximale<\/span><\/li>\n<li><span class=\"OYPEnA font-feature-liga-off font-feature-clig-off font-feature-calt-off text-decoration-none text-strikethrough-none\">Semelle int\u00e9rieure : En PU Climate Control Elastopan\u2122 de BASF pour une absorption rapide de l&rsquo;humidit\u00e9 et un confort optimal<\/span><\/li>\n<\/ul>\n<h6 class=\"cvGsUA direction-ltr align-start para-style-body\"><span class=\"OYPEnA font-feature-liga-off font-feature-clig-off font-feature-calt-off text-decoration-none text-strikethrough-none\">Technologies<\/span><span class=\"OYPEnA font-feature-liga-off font-feature-clig-off font-feature-calt-off text-decoration-none text-strikethrough-none\">\u00a0:<\/span><\/h6>\n<ul>\n<li><span class=\"OYPEnA font-feature-liga-off font-feature-clig-off font-feature-calt-off text-decoration-none text-strikethrough-none\">ELASTOPAN\u2122 : Augmente le confort et le bien-\u00eatre du pied par l\u2019absorption rapide de l\u2019humidit\u00e9 (300% plus grande qu\u2019une semelle int\u00e9rieur de PU normal)<\/span><\/li>\n<li><span class=\"OYPEnA font-feature-liga-off font-feature-clig-off font-feature-calt-off text-decoration-none text-strikethrough-none\">ZEROMETAL\u2122 : Une technologie de pointe con\u00e7ue pour offrir une protection maximale sans aucune composante m\u00e9tallique.<\/span><\/li>\n<\/ul>\n<p><em><span style=\"color: #fa0b0b;\">Unisex U.S. men's sizes presented. To convert to U.S. women's size, add 2 sizes. Example: 5 U.S. men = 7 U.S. women<\/span><\/em><\/p>\n<p><img decoding=\"async\" class=\"alignnone wp-image-40620\" src=\"https:\/\/autravail.ca\/wp-content\/uploads\/2025\/09\/Jachete-quebec-et-canada.jpg\" alt=\"Logo de l'achat local\" width=\"162\" height=\"139\" \/>Merci d&rsquo;encourager une entreprise 100% d&rsquo;ici!<\/p>\n<p>TS2604H<\/p>","protected":false},"excerpt":{"rendered":"<p>Botte de travail Zerometal &#8211; 969 Botte de travail Zerometal &#8211; 969 de J. Audet, fabriqu\u00e9es en cuir crazy horse pleine fleur ZEROMETAL\u2122. Avec une hauteur de 8 pouces et 200 g de Thinsulate pour une chaleur optimale, elles sont con\u00e7ues pour r\u00e9sister aux conditions les plus exigeantes. Les coutures triples dans les zones flexibles [&hellip;]<\/p>","protected":false},"featured_media":15682,"comment_status":"open","ping_status":"closed","template":"","meta":[],"product_cat":[613,642,805,602],"product_tag":[251,252,255,242,253],"class_list":{"0":"post-31311","1":"product","2":"type-product","3":"status-publish","4":"has-post-thumbnail","6":"product_brand-j-audet-jr","7":"product_cat-bottes-de-travail","8":"product_cat-bottes-de-travail-femme","9":"product_cat-bottes-de-travail-homme","10":"product_cat-hommes","11":"product_tag-bottes-de-travail","12":"product_tag-electric-shock-resistant","13":"product_tag-femme","14":"product_tag-homme","15":"product_tag-sole-protection","17":"first","18":"instock","19":"taxable","20":"shipping-taxable","21":"purchasable","22":"product-type-variable"},"yoast_head":"<!-- This site is optimized with the Yoast SEO plugin v25.3.1 - https:\/\/yoast.com\/wordpress\/plugins\/seo\/ -->\n<title>Botte de travail Zerometal - 969 - Le Magasin Industriel<\/title>\n<meta name=\"description\" content=\"Botte de travail Zerometal - 969 fabriqu\u00e9es en cuir crazy horse pleine fleur ZEROMETAL\u2122, avec une hauteur de 8 pouces et 200 g de Thinsulate\" \/>\n<meta name=\"robots\" content=\"index, follow, max-snippet:-1, max-image-preview:large, max-video-preview:-1\" \/>\n<link rel=\"canonical\" href=\"https:\/\/autravail.ca\/en\/product\/botte-de-travail-zerometal-969\/\" \/>\n<meta property=\"og:locale\" content=\"en_US\" \/>\n<meta property=\"og:type\" content=\"article\" \/>\n<meta property=\"og:title\" content=\"Botte de travail Zerometal - 969 - Le Magasin Industriel\" \/>\n<meta property=\"og:description\" content=\"Botte de travail Zerometal - 969 fabriqu\u00e9es en cuir crazy horse pleine fleur ZEROMETAL\u2122, avec une hauteur de 8 pouces et 200 g de Thinsulate\" \/>\n<meta property=\"og:url\" content=\"https:\/\/autravail.ca\/en\/product\/botte-de-travail-zerometal-969\/\" \/>\n<meta property=\"og:site_name\" content=\"Le Magasin Industriel\" \/>\n<meta property=\"article:publisher\" content=\"https:\/\/www.facebook.com\/lemagasinindustriel\/?locale=fr_FR\" \/>\n<meta property=\"article:modified_time\" content=\"2026-04-02T14:18:41+00:00\" \/>\n<meta property=\"og:image\" content=\"https:\/\/autravail.ca\/wp-content\/uploads\/2025\/05\/969_A01_638ec574-96b2-4379-b2b1-064426e5c573.jpg\" \/>\n\t<meta property=\"og:image:width\" content=\"1000\" \/>\n\t<meta property=\"og:image:height\" content=\"1000\" \/>\n\t<meta property=\"og:image:type\" content=\"image\/jpeg\" \/>\n<meta name=\"twitter:card\" content=\"summary_large_image\" \/>\n<meta name=\"twitter:label1\" content=\"Est. reading time\" \/>\n\t<meta name=\"twitter:data1\" content=\"3 minutes\" \/>\n<script type=\"application\/ld+json\" class=\"yoast-schema-graph\">{\"@context\":\"https:\/\/schema.org\",\"@graph\":[{\"@type\":\"WebPage\",\"@id\":\"https:\/\/autravail.ca\/product\/botte-de-travail-zerometal-969\/\",\"url\":\"https:\/\/autravail.ca\/product\/botte-de-travail-zerometal-969\/\",\"name\":\"Botte de travail Zerometal - 969 - Le Magasin Industriel\",\"isPartOf\":{\"@id\":\"https:\/\/autravail.ca\/#website\"},\"primaryImageOfPage\":{\"@id\":\"https:\/\/autravail.ca\/product\/botte-de-travail-zerometal-969\/#primaryimage\"},\"image\":{\"@id\":\"https:\/\/autravail.ca\/product\/botte-de-travail-zerometal-969\/#primaryimage\"},\"thumbnailUrl\":\"https:\/\/autravail.ca\/wp-content\/uploads\/2025\/05\/969_A01_638ec574-96b2-4379-b2b1-064426e5c573.jpg\",\"datePublished\":\"2025-05-08T06:49:13+00:00\",\"dateModified\":\"2026-04-02T14:18:41+00:00\",\"description\":\"Botte de travail Zerometal - 969 fabriqu\u00e9es en cuir crazy horse pleine fleur ZEROMETAL\u2122, avec une hauteur de 8 pouces et 200 g de Thinsulate\",\"breadcrumb\":{\"@id\":\"https:\/\/autravail.ca\/product\/botte-de-travail-zerometal-969\/#breadcrumb\"},\"inLanguage\":\"en-CA\",\"potentialAction\":[{\"@type\":\"ReadAction\",\"target\":[\"https:\/\/autravail.ca\/product\/botte-de-travail-zerometal-969\/\"]}]},{\"@type\":\"ImageObject\",\"inLanguage\":\"en-CA\",\"@id\":\"https:\/\/autravail.ca\/product\/botte-de-travail-zerometal-969\/#primaryimage\",\"url\":\"https:\/\/autravail.ca\/wp-content\/uploads\/2025\/05\/969_A01_638ec574-96b2-4379-b2b1-064426e5c573.jpg\",\"contentUrl\":\"https:\/\/autravail.ca\/wp-content\/uploads\/2025\/05\/969_A01_638ec574-96b2-4379-b2b1-064426e5c573.jpg\",\"width\":1000,\"height\":1000,\"caption\":\"Botte de travail Zerometal - 969\"},{\"@type\":\"BreadcrumbList\",\"@id\":\"https:\/\/autravail.ca\/product\/botte-de-travail-zerometal-969\/#breadcrumb\",\"itemListElement\":[{\"@type\":\"ListItem\",\"position\":1,\"name\":\"Accueil\",\"item\":\"https:\/\/autravail.ca\/\"},{\"@type\":\"ListItem\",\"position\":2,\"name\":\"Magasin\",\"item\":\"https:\/\/autravail.ca\/en\/shop\/\"},{\"@type\":\"ListItem\",\"position\":3,\"name\":\"Botte de travail Zerometal &#8211; 969\"}]},{\"@type\":\"WebSite\",\"@id\":\"https:\/\/autravail.ca\/#website\",\"url\":\"https:\/\/autravail.ca\/\",\"name\":\"Le Magasin Industriel\",\"description\":\"50 ans de tradition de s\u00e9curit\u00e9 au travail\",\"publisher\":{\"@id\":\"https:\/\/autravail.ca\/#organization\"},\"potentialAction\":[{\"@type\":\"SearchAction\",\"target\":{\"@type\":\"EntryPoint\",\"urlTemplate\":\"https:\/\/autravail.ca\/?s={search_term_string}\"},\"query-input\":{\"@type\":\"PropertyValueSpecification\",\"valueRequired\":true,\"valueName\":\"search_term_string\"}}],\"inLanguage\":\"en-CA\"},{\"@type\":\"Organization\",\"@id\":\"https:\/\/autravail.ca\/#organization\",\"name\":\"Le Magasin Industriel\",\"url\":\"https:\/\/autravail.ca\/\",\"logo\":{\"@type\":\"ImageObject\",\"inLanguage\":\"en-CA\",\"@id\":\"https:\/\/autravail.ca\/#\/schema\/logo\/image\/\",\"url\":\"https:\/\/autravail.ca\/wp-content\/uploads\/2025\/05\/cropped-magasin_industriel_120x.avif\",\"contentUrl\":\"https:\/\/autravail.ca\/wp-content\/uploads\/2025\/05\/cropped-magasin_industriel_120x.avif\",\"width\":120,\"height\":24,\"caption\":\"Le Magasin Industriel\"},\"image\":{\"@id\":\"https:\/\/autravail.ca\/#\/schema\/logo\/image\/\"},\"sameAs\":[\"https:\/\/www.facebook.com\/lemagasinindustriel\/?locale=fr_FR\"]}]}<\/script>\n<!-- \/ Yoast SEO plugin. -->","yoast_head_json":{"title":"Botte de travail Zerometal - 969 - Le Magasin Industriel","description":"Botte de travail Zerometal - 969 fabriqu\u00e9es en cuir crazy horse pleine fleur ZEROMETAL\u2122, avec une hauteur de 8 pouces et 200 g de Thinsulate","robots":{"index":"index","follow":"follow","max-snippet":"max-snippet:-1","max-image-preview":"max-image-preview:large","max-video-preview":"max-video-preview:-1"},"canonical":"https:\/\/autravail.ca\/en\/product\/botte-de-travail-zerometal-969\/","og_locale":"en_US","og_type":"article","og_title":"Botte de travail Zerometal - 969 - Le Magasin Industriel","og_description":"Botte de travail Zerometal - 969 fabriqu\u00e9es en cuir crazy horse pleine fleur ZEROMETAL\u2122, avec une hauteur de 8 pouces et 200 g de Thinsulate","og_url":"https:\/\/autravail.ca\/en\/product\/botte-de-travail-zerometal-969\/","og_site_name":"Le Magasin Industriel","article_publisher":"https:\/\/www.facebook.com\/lemagasinindustriel\/?locale=fr_FR","article_modified_time":"2026-04-02T14:18:41+00:00","og_image":[{"width":1000,"height":1000,"url":"https:\/\/autravail.ca\/wp-content\/uploads\/2025\/05\/969_A01_638ec574-96b2-4379-b2b1-064426e5c573.jpg","type":"image\/jpeg"}],"twitter_card":"summary_large_image","twitter_misc":{"Est. reading time":"3 minutes"},"schema":{"@context":"https:\/\/schema.org","@graph":[{"@type":"WebPage","@id":"https:\/\/autravail.ca\/product\/botte-de-travail-zerometal-969\/","url":"https:\/\/autravail.ca\/product\/botte-de-travail-zerometal-969\/","name":"Botte de travail Zerometal - 969 - Le Magasin Industriel","isPartOf":{"@id":"https:\/\/autravail.ca\/#website"},"primaryImageOfPage":{"@id":"https:\/\/autravail.ca\/product\/botte-de-travail-zerometal-969\/#primaryimage"},"image":{"@id":"https:\/\/autravail.ca\/product\/botte-de-travail-zerometal-969\/#primaryimage"},"thumbnailUrl":"https:\/\/autravail.ca\/wp-content\/uploads\/2025\/05\/969_A01_638ec574-96b2-4379-b2b1-064426e5c573.jpg","datePublished":"2025-05-08T06:49:13+00:00","dateModified":"2026-04-02T14:18:41+00:00","description":"Botte de travail Zerometal - 969 fabriqu\u00e9es en cuir crazy horse pleine fleur ZEROMETAL\u2122, avec une hauteur de 8 pouces et 200 g de Thinsulate","breadcrumb":{"@id":"https:\/\/autravail.ca\/product\/botte-de-travail-zerometal-969\/#breadcrumb"},"inLanguage":"en-CA","potentialAction":[{"@type":"ReadAction","target":["https:\/\/autravail.ca\/product\/botte-de-travail-zerometal-969\/"]}]},{"@type":"ImageObject","inLanguage":"en-CA","@id":"https:\/\/autravail.ca\/product\/botte-de-travail-zerometal-969\/#primaryimage","url":"https:\/\/autravail.ca\/wp-content\/uploads\/2025\/05\/969_A01_638ec574-96b2-4379-b2b1-064426e5c573.jpg","contentUrl":"https:\/\/autravail.ca\/wp-content\/uploads\/2025\/05\/969_A01_638ec574-96b2-4379-b2b1-064426e5c573.jpg","width":1000,"height":1000,"caption":"Botte de travail Zerometal - 969"},{"@type":"BreadcrumbList","@id":"https:\/\/autravail.ca\/product\/botte-de-travail-zerometal-969\/#breadcrumb","itemListElement":[{"@type":"ListItem","position":1,"name":"Accueil","item":"https:\/\/autravail.ca\/"},{"@type":"ListItem","position":2,"name":"Magasin","item":"https:\/\/autravail.ca\/en\/shop\/"},{"@type":"ListItem","position":3,"name":"Botte de travail Zerometal &#8211; 969"}]},{"@type":"WebSite","@id":"https:\/\/autravail.ca\/#website","url":"https:\/\/autravail.ca\/","name":"Le Magasin Industriel","description":"50 ans de tradition de s\u00e9curit\u00e9 au travail","publisher":{"@id":"https:\/\/autravail.ca\/#organization"},"potentialAction":[{"@type":"SearchAction","target":{"@type":"EntryPoint","urlTemplate":"https:\/\/autravail.ca\/?s={search_term_string}"},"query-input":{"@type":"PropertyValueSpecification","valueRequired":true,"valueName":"search_term_string"}}],"inLanguage":"en-CA"},{"@type":"Organization","@id":"https:\/\/autravail.ca\/#organization","name":"Le Magasin Industriel","url":"https:\/\/autravail.ca\/","logo":{"@type":"ImageObject","inLanguage":"en-CA","@id":"https:\/\/autravail.ca\/#\/schema\/logo\/image\/","url":"https:\/\/autravail.ca\/wp-content\/uploads\/2025\/05\/cropped-magasin_industriel_120x.avif","contentUrl":"https:\/\/autravail.ca\/wp-content\/uploads\/2025\/05\/cropped-magasin_industriel_120x.avif","width":120,"height":24,"caption":"Le Magasin Industriel"},"image":{"@id":"https:\/\/autravail.ca\/#\/schema\/logo\/image\/"},"sameAs":["https:\/\/www.facebook.com\/lemagasinindustriel\/?locale=fr_FR"]}]}},"jetpack_sharing_enabled":true,"_links":{"self":[{"href":"https:\/\/autravail.ca\/en\/wp-json\/wp\/v2\/product\/31311","targetHints":{"allow":["GET"]}}],"collection":[{"href":"https:\/\/autravail.ca\/en\/wp-json\/wp\/v2\/product"}],"about":[{"href":"https:\/\/autravail.ca\/en\/wp-json\/wp\/v2\/types\/product"}],"replies":[{"embeddable":true,"href":"https:\/\/autravail.ca\/en\/wp-json\/wp\/v2\/comments?post=31311"}],"wp:featuredmedia":[{"embeddable":true,"href":"https:\/\/autravail.ca\/en\/wp-json\/wp\/v2\/media\/15682"}],"wp:attachment":[{"href":"https:\/\/autravail.ca\/en\/wp-json\/wp\/v2\/media?parent=31311"}],"wp:term":[{"taxonomy":"product_cat","embeddable":true,"href":"https:\/\/autravail.ca\/en\/wp-json\/wp\/v2\/product_cat?post=31311"},{"taxonomy":"product_tag","embeddable":true,"href":"https:\/\/autravail.ca\/en\/wp-json\/wp\/v2\/product_tag?post=31311"}],"curies":[{"name":"wp","href":"https:\/\/api.w.org\/{rel}","templated":true}]}}