{"id":31251,"date":"2025-05-08T06:48:33","date_gmt":"2025-05-08T06:48:33","guid":{"rendered":"https:\/\/meteoquebec.ca\/?post_type=product&#038;p=31251"},"modified":"2026-04-01T13:01:10","modified_gmt":"2026-04-01T17:01:10","slug":"botte-de-travail-bleu-plus-3192bk","status":"publish","type":"product","link":"https:\/\/autravail.ca\/en\/product\/botte-de-travail-bleu-plus-3192bk\/","title":{"rendered":"Botte de travail Bleu Plus &#8211; 3192BK"},"content":{"rendered":"<h3>Botte de travail Bleu Plus &#8211; 3192BK<\/h3>\n<p>Botte de travail Bleu Plus &#8211; 3192BK de <a href=\"https:\/\/autravail.ca\/en\/product-brand\/kodiak\/\">Kodiak<\/a>. Pour un confort et une chaleur optimaux, optez pour la Blue Plus en cuir imperm\u00e9able aux coutures \u00e9tanches. Son confort est assur\u00e9 par un col rembourr\u00e9, une languette anatomique et une semelle int\u00e9rieure amovible Comfortzone\u2122 absorbant les chocs. La semelle ext\u00e9rieure en caoutchouc r\u00e9sistant \u00e0 l&rsquo;huile et les renforts en TPU moul\u00e9 \u00e0 triple couture au niveau des orteils et du talon offrent s\u00e9curit\u00e9 et protection.<\/p>\n<p><img decoding=\"async\" class=\"alignnone size-full wp-image-40117\" src=\"https:\/\/autravail.ca\/wp-content\/uploads\/2025\/09\/Certification-Omega-Triangle-vert.jpg\" alt=\"Certifications Om\u00e9ga Triangle vert\" width=\"193\" height=\"110\" srcset=\"https:\/\/autravail.ca\/wp-content\/uploads\/2025\/09\/Certification-Omega-Triangle-vert.jpg 193w, https:\/\/autravail.ca\/wp-content\/uploads\/2025\/09\/Certification-Omega-Triangle-vert-150x85.jpg 150w, https:\/\/autravail.ca\/wp-content\/uploads\/2025\/09\/Certification-Omega-Triangle-vert-18x10.jpg 18w\" sizes=\"(max-width: 193px) 100vw, 193px\" \/><\/p>\n<h6>Characteristics:<\/h6>\n<ul>\n<li><span dir=\"auto\"><span dir=\"auto\">Tige en cuir pleine fleur imperm\u00e9able avec coutures \u00e9tanches<\/span><\/span><\/li>\n<li><span dir=\"auto\"><span dir=\"auto\">Col rembourr\u00e9 en cuir en V<\/span><\/span><\/li>\n<li><span dir=\"auto\"><span dir=\"auto\">Protection des orteils et du talon en TPU moul\u00e9 \u00e0 triple couture<\/span><\/span><\/li>\n<li><span dir=\"auto\"><span dir=\"auto\">Languette anatomique brevet\u00e9e avec passant de lacet en cuir<\/span><\/span><\/li>\n<li><span dir=\"auto\"><span dir=\"auto\">Semelle int\u00e9rieure Comfortzone\u2122 avec mousse de confort OrthoLite\u00ae<\/span><\/span><\/li>\n<li><span dir=\"auto\"><span dir=\"auto\">La semelle interm\u00e9diaire en PU inject\u00e9 directement offre amorti et soutien<\/span><\/span><\/li>\n<li><span dir=\"auto\"><span dir=\"auto\">Semelle ext\u00e9rieure en caoutchouc r\u00e9sistant \u00e0 l&rsquo;huile<\/span><\/span><\/li>\n<li><span dir=\"auto\"><span dir=\"auto\">Embout de s\u00e9curit\u00e9 en\u00a0<strong class=\"Yjhzub\" data-sfc-root=\"c\" data-sfc-cb=\"\" data-complete=\"true\">aluminium<\/strong>\u00a0et d&rsquo;une plaque en composite pour la protection contre les perforations.<\/span><\/span><\/li>\n<li><span dir=\"auto\"><span dir=\"auto\">Poids : 954 grammes \/ 2,1 livres par botte de pointure 9<\/span><\/span><\/li>\n<\/ul>\n<p><em><span style=\"color: #fa0b0b;\">Unisex U.S. men's sizes presented. To convert to U.S. women's size, add 2 sizes. Example: 5 U.S. men = 7 U.S. women<\/span><\/em><\/p>\n<p><img decoding=\"async\" class=\"alignnone wp-image-40620\" src=\"https:\/\/autravail.ca\/wp-content\/uploads\/2025\/09\/Jachete-quebec-et-canada.jpg\" alt=\"Logo de l'achat local\" width=\"162\" height=\"139\" \/>Merci d&rsquo;encourager une entreprise 100% d&rsquo;ici!<\/p>\n<p>TS2604H<\/p>","protected":false},"excerpt":{"rendered":"<p>Botte de travail Bleu Plus &#8211; 3192BK Botte de travail Bleu Plus &#8211; 3192BK de Kodiak. Pour un confort et une chaleur optimaux, optez pour la Blue Plus en cuir imperm\u00e9able aux coutures \u00e9tanches. Son confort est assur\u00e9 par un col rembourr\u00e9, une languette anatomique et une semelle int\u00e9rieure amovible Comfortzone\u2122 absorbant les chocs. La [&hellip;]<\/p>","protected":false},"featured_media":15609,"comment_status":"open","ping_status":"closed","template":"","meta":[],"product_cat":[613,602],"product_tag":[251,252,242,253],"class_list":{"0":"post-31251","1":"product","2":"type-product","3":"status-publish","4":"has-post-thumbnail","6":"product_brand-kodiak","7":"product_cat-bottes-de-travail","8":"product_cat-hommes","9":"product_tag-bottes-de-travail","10":"product_tag-electric-shock-resistant","11":"product_tag-homme","12":"product_tag-sole-protection","14":"first","15":"instock","16":"taxable","17":"shipping-taxable","18":"purchasable","19":"product-type-variable"},"yoast_head":"<!-- This site is optimized with the Yoast SEO plugin v25.3.1 - https:\/\/yoast.com\/wordpress\/plugins\/seo\/ -->\n<title>Botte de travail Bleu Plus - 3192BK - Le Magasin Industriel<\/title>\n<meta name=\"description\" content=\"Botte de travail Bleu Plus - 3192BK. Pour un confort et une chaleur optimaux, optez pour la Blue Plus en cuir imperm\u00e9able aux coutures \u00e9tanches\" \/>\n<meta name=\"robots\" content=\"index, follow, max-snippet:-1, max-image-preview:large, max-video-preview:-1\" \/>\n<link rel=\"canonical\" href=\"https:\/\/autravail.ca\/en\/product\/botte-de-travail-bleu-plus-3192bk\/\" \/>\n<meta property=\"og:locale\" content=\"en_US\" \/>\n<meta property=\"og:type\" content=\"article\" \/>\n<meta property=\"og:title\" content=\"Botte de travail Bleu Plus - 3192BK - Le Magasin Industriel\" \/>\n<meta property=\"og:description\" content=\"Botte de travail Bleu Plus - 3192BK. Pour un confort et une chaleur optimaux, optez pour la Blue Plus en cuir imperm\u00e9able aux coutures \u00e9tanches\" \/>\n<meta property=\"og:url\" content=\"https:\/\/autravail.ca\/en\/product\/botte-de-travail-bleu-plus-3192bk\/\" \/>\n<meta property=\"og:site_name\" content=\"Le Magasin Industriel\" \/>\n<meta property=\"article:publisher\" content=\"https:\/\/www.facebook.com\/lemagasinindustriel\/?locale=fr_FR\" \/>\n<meta property=\"article:modified_time\" content=\"2026-04-01T17:01:10+00:00\" \/>\n<meta property=\"og:image\" content=\"https:\/\/autravail.ca\/wp-content\/uploads\/2025\/05\/3192BK_A01.jpg\" \/>\n\t<meta property=\"og:image:width\" content=\"1000\" \/>\n\t<meta property=\"og:image:height\" content=\"1000\" \/>\n\t<meta property=\"og:image:type\" content=\"image\/jpeg\" \/>\n<meta name=\"twitter:card\" content=\"summary_large_image\" \/>\n<meta name=\"twitter:label1\" content=\"Est. reading time\" \/>\n\t<meta name=\"twitter:data1\" content=\"2 minutes\" \/>\n<script type=\"application\/ld+json\" class=\"yoast-schema-graph\">{\"@context\":\"https:\/\/schema.org\",\"@graph\":[{\"@type\":\"WebPage\",\"@id\":\"https:\/\/autravail.ca\/product\/botte-de-travail-bleu-plus-3192bk\/\",\"url\":\"https:\/\/autravail.ca\/product\/botte-de-travail-bleu-plus-3192bk\/\",\"name\":\"Botte de travail Bleu Plus - 3192BK - Le Magasin Industriel\",\"isPartOf\":{\"@id\":\"https:\/\/autravail.ca\/#website\"},\"primaryImageOfPage\":{\"@id\":\"https:\/\/autravail.ca\/product\/botte-de-travail-bleu-plus-3192bk\/#primaryimage\"},\"image\":{\"@id\":\"https:\/\/autravail.ca\/product\/botte-de-travail-bleu-plus-3192bk\/#primaryimage\"},\"thumbnailUrl\":\"https:\/\/autravail.ca\/wp-content\/uploads\/2025\/05\/3192BK_A01.jpg\",\"datePublished\":\"2025-05-08T06:48:33+00:00\",\"dateModified\":\"2026-04-01T17:01:10+00:00\",\"description\":\"Botte de travail Bleu Plus - 3192BK. Pour un confort et une chaleur optimaux, optez pour la Blue Plus en cuir imperm\u00e9able aux coutures \u00e9tanches\",\"breadcrumb\":{\"@id\":\"https:\/\/autravail.ca\/product\/botte-de-travail-bleu-plus-3192bk\/#breadcrumb\"},\"inLanguage\":\"en-CA\",\"potentialAction\":[{\"@type\":\"ReadAction\",\"target\":[\"https:\/\/autravail.ca\/product\/botte-de-travail-bleu-plus-3192bk\/\"]}]},{\"@type\":\"ImageObject\",\"inLanguage\":\"en-CA\",\"@id\":\"https:\/\/autravail.ca\/product\/botte-de-travail-bleu-plus-3192bk\/#primaryimage\",\"url\":\"https:\/\/autravail.ca\/wp-content\/uploads\/2025\/05\/3192BK_A01.jpg\",\"contentUrl\":\"https:\/\/autravail.ca\/wp-content\/uploads\/2025\/05\/3192BK_A01.jpg\",\"width\":1000,\"height\":1000,\"caption\":\"Botte de travail Bleu Plus - 3192BK\"},{\"@type\":\"BreadcrumbList\",\"@id\":\"https:\/\/autravail.ca\/product\/botte-de-travail-bleu-plus-3192bk\/#breadcrumb\",\"itemListElement\":[{\"@type\":\"ListItem\",\"position\":1,\"name\":\"Accueil\",\"item\":\"https:\/\/autravail.ca\/\"},{\"@type\":\"ListItem\",\"position\":2,\"name\":\"Magasin\",\"item\":\"https:\/\/autravail.ca\/en\/shop\/\"},{\"@type\":\"ListItem\",\"position\":3,\"name\":\"Botte de travail Bleu Plus &#8211; 3192BK\"}]},{\"@type\":\"WebSite\",\"@id\":\"https:\/\/autravail.ca\/#website\",\"url\":\"https:\/\/autravail.ca\/\",\"name\":\"Le Magasin Industriel\",\"description\":\"50 ans de tradition de s\u00e9curit\u00e9 au travail\",\"publisher\":{\"@id\":\"https:\/\/autravail.ca\/#organization\"},\"potentialAction\":[{\"@type\":\"SearchAction\",\"target\":{\"@type\":\"EntryPoint\",\"urlTemplate\":\"https:\/\/autravail.ca\/?s={search_term_string}\"},\"query-input\":{\"@type\":\"PropertyValueSpecification\",\"valueRequired\":true,\"valueName\":\"search_term_string\"}}],\"inLanguage\":\"en-CA\"},{\"@type\":\"Organization\",\"@id\":\"https:\/\/autravail.ca\/#organization\",\"name\":\"Le Magasin Industriel\",\"url\":\"https:\/\/autravail.ca\/\",\"logo\":{\"@type\":\"ImageObject\",\"inLanguage\":\"en-CA\",\"@id\":\"https:\/\/autravail.ca\/#\/schema\/logo\/image\/\",\"url\":\"https:\/\/autravail.ca\/wp-content\/uploads\/2025\/05\/cropped-magasin_industriel_120x.avif\",\"contentUrl\":\"https:\/\/autravail.ca\/wp-content\/uploads\/2025\/05\/cropped-magasin_industriel_120x.avif\",\"width\":120,\"height\":24,\"caption\":\"Le Magasin Industriel\"},\"image\":{\"@id\":\"https:\/\/autravail.ca\/#\/schema\/logo\/image\/\"},\"sameAs\":[\"https:\/\/www.facebook.com\/lemagasinindustriel\/?locale=fr_FR\"]}]}<\/script>\n<!-- \/ Yoast SEO plugin. -->","yoast_head_json":{"title":"Botte de travail Bleu Plus - 3192BK - Le Magasin Industriel","description":"Botte de travail Bleu Plus - 3192BK. Pour un confort et une chaleur optimaux, optez pour la Blue Plus en cuir imperm\u00e9able aux coutures \u00e9tanches","robots":{"index":"index","follow":"follow","max-snippet":"max-snippet:-1","max-image-preview":"max-image-preview:large","max-video-preview":"max-video-preview:-1"},"canonical":"https:\/\/autravail.ca\/en\/product\/botte-de-travail-bleu-plus-3192bk\/","og_locale":"en_US","og_type":"article","og_title":"Botte de travail Bleu Plus - 3192BK - Le Magasin Industriel","og_description":"Botte de travail Bleu Plus - 3192BK. Pour un confort et une chaleur optimaux, optez pour la Blue Plus en cuir imperm\u00e9able aux coutures \u00e9tanches","og_url":"https:\/\/autravail.ca\/en\/product\/botte-de-travail-bleu-plus-3192bk\/","og_site_name":"Le Magasin Industriel","article_publisher":"https:\/\/www.facebook.com\/lemagasinindustriel\/?locale=fr_FR","article_modified_time":"2026-04-01T17:01:10+00:00","og_image":[{"width":1000,"height":1000,"url":"https:\/\/autravail.ca\/wp-content\/uploads\/2025\/05\/3192BK_A01.jpg","type":"image\/jpeg"}],"twitter_card":"summary_large_image","twitter_misc":{"Est. reading time":"2 minutes"},"schema":{"@context":"https:\/\/schema.org","@graph":[{"@type":"WebPage","@id":"https:\/\/autravail.ca\/product\/botte-de-travail-bleu-plus-3192bk\/","url":"https:\/\/autravail.ca\/product\/botte-de-travail-bleu-plus-3192bk\/","name":"Botte de travail Bleu Plus - 3192BK - Le Magasin Industriel","isPartOf":{"@id":"https:\/\/autravail.ca\/#website"},"primaryImageOfPage":{"@id":"https:\/\/autravail.ca\/product\/botte-de-travail-bleu-plus-3192bk\/#primaryimage"},"image":{"@id":"https:\/\/autravail.ca\/product\/botte-de-travail-bleu-plus-3192bk\/#primaryimage"},"thumbnailUrl":"https:\/\/autravail.ca\/wp-content\/uploads\/2025\/05\/3192BK_A01.jpg","datePublished":"2025-05-08T06:48:33+00:00","dateModified":"2026-04-01T17:01:10+00:00","description":"Botte de travail Bleu Plus - 3192BK. Pour un confort et une chaleur optimaux, optez pour la Blue Plus en cuir imperm\u00e9able aux coutures \u00e9tanches","breadcrumb":{"@id":"https:\/\/autravail.ca\/product\/botte-de-travail-bleu-plus-3192bk\/#breadcrumb"},"inLanguage":"en-CA","potentialAction":[{"@type":"ReadAction","target":["https:\/\/autravail.ca\/product\/botte-de-travail-bleu-plus-3192bk\/"]}]},{"@type":"ImageObject","inLanguage":"en-CA","@id":"https:\/\/autravail.ca\/product\/botte-de-travail-bleu-plus-3192bk\/#primaryimage","url":"https:\/\/autravail.ca\/wp-content\/uploads\/2025\/05\/3192BK_A01.jpg","contentUrl":"https:\/\/autravail.ca\/wp-content\/uploads\/2025\/05\/3192BK_A01.jpg","width":1000,"height":1000,"caption":"Botte de travail Bleu Plus - 3192BK"},{"@type":"BreadcrumbList","@id":"https:\/\/autravail.ca\/product\/botte-de-travail-bleu-plus-3192bk\/#breadcrumb","itemListElement":[{"@type":"ListItem","position":1,"name":"Accueil","item":"https:\/\/autravail.ca\/"},{"@type":"ListItem","position":2,"name":"Magasin","item":"https:\/\/autravail.ca\/en\/shop\/"},{"@type":"ListItem","position":3,"name":"Botte de travail Bleu Plus &#8211; 3192BK"}]},{"@type":"WebSite","@id":"https:\/\/autravail.ca\/#website","url":"https:\/\/autravail.ca\/","name":"Le Magasin Industriel","description":"50 ans de tradition de s\u00e9curit\u00e9 au travail","publisher":{"@id":"https:\/\/autravail.ca\/#organization"},"potentialAction":[{"@type":"SearchAction","target":{"@type":"EntryPoint","urlTemplate":"https:\/\/autravail.ca\/?s={search_term_string}"},"query-input":{"@type":"PropertyValueSpecification","valueRequired":true,"valueName":"search_term_string"}}],"inLanguage":"en-CA"},{"@type":"Organization","@id":"https:\/\/autravail.ca\/#organization","name":"Le Magasin Industriel","url":"https:\/\/autravail.ca\/","logo":{"@type":"ImageObject","inLanguage":"en-CA","@id":"https:\/\/autravail.ca\/#\/schema\/logo\/image\/","url":"https:\/\/autravail.ca\/wp-content\/uploads\/2025\/05\/cropped-magasin_industriel_120x.avif","contentUrl":"https:\/\/autravail.ca\/wp-content\/uploads\/2025\/05\/cropped-magasin_industriel_120x.avif","width":120,"height":24,"caption":"Le Magasin Industriel"},"image":{"@id":"https:\/\/autravail.ca\/#\/schema\/logo\/image\/"},"sameAs":["https:\/\/www.facebook.com\/lemagasinindustriel\/?locale=fr_FR"]}]}},"jetpack_sharing_enabled":true,"_links":{"self":[{"href":"https:\/\/autravail.ca\/en\/wp-json\/wp\/v2\/product\/31251","targetHints":{"allow":["GET"]}}],"collection":[{"href":"https:\/\/autravail.ca\/en\/wp-json\/wp\/v2\/product"}],"about":[{"href":"https:\/\/autravail.ca\/en\/wp-json\/wp\/v2\/types\/product"}],"replies":[{"embeddable":true,"href":"https:\/\/autravail.ca\/en\/wp-json\/wp\/v2\/comments?post=31251"}],"wp:featuredmedia":[{"embeddable":true,"href":"https:\/\/autravail.ca\/en\/wp-json\/wp\/v2\/media\/15609"}],"wp:attachment":[{"href":"https:\/\/autravail.ca\/en\/wp-json\/wp\/v2\/media?parent=31251"}],"wp:term":[{"taxonomy":"product_cat","embeddable":true,"href":"https:\/\/autravail.ca\/en\/wp-json\/wp\/v2\/product_cat?post=31251"},{"taxonomy":"product_tag","embeddable":true,"href":"https:\/\/autravail.ca\/en\/wp-json\/wp\/v2\/product_tag?post=31251"}],"curies":[{"name":"wp","href":"https:\/\/api.w.org\/{rel}","templated":true}]}}