{"id":31226,"date":"2025-05-08T06:48:10","date_gmt":"2025-05-08T06:48:10","guid":{"rendered":"https:\/\/meteoquebec.ca\/?post_type=product&#038;p=31226"},"modified":"2025-12-05T05:10:51","modified_gmt":"2025-12-05T09:10:51","slug":"black-smith-s29057-12-botte-de-travail-de-monteur","status":"publish","type":"product","link":"https:\/\/autravail.ca\/en\/product\/black-smith-s29057-12-botte-de-travail-de-monteur\/","title":{"rendered":"BLACK SMITH - S29057-12 - WORKMAN'S MOUNTING boots"},"content":{"rendered":"<h3>Safety boots, Blacksmith - STC<\/h3>\n<div id=\"details\" class=\"desktop-12 tabs\" role=\"tabpanel\" aria-labelledby=\"tabby-toggle_details\">\n<div class=\"rte\" itemprop=\"description\">\n<ul>\n<li>CSA Protection, Type ESR<\/li>\n<li>Structural Assembly boots<\/li>\n<li>Full grain leather Waterproof taped seam threading. (3 seams welded)<\/li>\n<li>Steel protection cap and lightweight and non-conductive composite outsole.<\/li>\n<li>Breathable and abrasion-resistant lining with antimicrobial treatment.<\/li>\n<li>Waterproof and breathable Sympatex membrane, resistant to pathogenic agents.<\/li>\n<li>Thinsulate 200g insulation surrounding the foot.<\/li>\n<li>Removable Inner Sole Instant Comfort, made of gel, PU and memory foam.<\/li>\n<li>Steel Cambrion.<\/li>\n<li>Protective buffer made of Silizium Tectuff leather for increased abrasion resistance.<\/li>\n<li>Natural rubber outsole with Vibram Megagrip Pro, resistant to oil and offering high adherence on wet surfaces.<\/li>\n<li>Padded collar and tongue for more comfort<\/li>\n<\/ul>\n<p><strong><span style=\"color: #ff2a00;\">Possible delay in delivery for this model.<\/span><\/strong><\/p>\n<\/div>\n<\/div>","protected":false},"excerpt":{"rendered":"<p>Black Smith Safety Boot  STC CSA protection, ESR type. Structural worker boot. Waterproof full-grain leather upper with triple sealed seams. Steel toe and lightweight, non-conductive composite puncture-resistant sole. Breathable, abrasion-resistant lining with antimicrobial treatment. Waterproof and breathable Sympatex membrane.<\/p>","protected":false},"featured_media":15588,"comment_status":"open","ping_status":"closed","template":"","meta":[],"product_cat":[642,602],"product_tag":[251,252,255,242,345],"class_list":{"0":"post-31226","1":"product","2":"type-product","3":"status-publish","4":"has-post-thumbnail","6":"product_brand-stc","7":"product_cat-bottes-de-travail-femme","8":"product_cat-hommes","9":"product_tag-bottes-de-travail","10":"product_tag-electric-shock-resistant","11":"product_tag-femme","12":"product_tag-homme","13":"product_tag-monteur","15":"first","16":"instock","17":"taxable","18":"shipping-taxable","19":"purchasable","20":"product-type-variable"},"yoast_head":"<!-- This site is optimized with the Yoast SEO plugin v25.3.1 - https:\/\/yoast.com\/wordpress\/plugins\/seo\/ -->\n<title>BLACK SMITH - S29057-12 - BOTTE DE TRAVAIL DE MONTEUR - Le Magasin Industriel<\/title>\n<meta name=\"robots\" content=\"index, follow, max-snippet:-1, max-image-preview:large, max-video-preview:-1\" \/>\n<link rel=\"canonical\" href=\"https:\/\/autravail.ca\/en\/product\/black-smith-s29057-12-botte-de-travail-de-monteur\/\" \/>\n<meta property=\"og:locale\" content=\"en_US\" \/>\n<meta property=\"og:type\" content=\"article\" \/>\n<meta property=\"og:title\" content=\"BLACK SMITH - S29057-12 - BOTTE DE TRAVAIL DE MONTEUR - Le Magasin Industriel\" \/>\n<meta property=\"og:description\" content=\"Botte de s\u00e9curit\u00e9, Black Smith &#8211; STC Protection CSA, type ESR Botte de monteur de structure Tige de cuir pleine fleur imperm\u00e9able \u00e0 triple coutures scell\u00e9es. Embout de protection en acier et semelle antiperforation en composite l\u00e9ger et non conducteur. Doublure respirante et r\u00e9sistante \u00e0 l\u2019abrasion avec traitement antimicrobien. Membrane imperm\u00e9able et respirante Sympatex, r\u00e9sistante [&hellip;]\" \/>\n<meta property=\"og:url\" content=\"https:\/\/autravail.ca\/en\/product\/black-smith-s29057-12-botte-de-travail-de-monteur\/\" \/>\n<meta property=\"og:site_name\" content=\"Le Magasin Industriel\" \/>\n<meta property=\"article:publisher\" content=\"https:\/\/www.facebook.com\/lemagasinindustriel\/?locale=fr_FR\" \/>\n<meta property=\"article:modified_time\" content=\"2025-12-05T09:10:51+00:00\" \/>\n<meta property=\"og:image\" content=\"https:\/\/autravail.ca\/wp-content\/uploads\/2025\/05\/S29057-11_A01.jpg\" \/>\n\t<meta property=\"og:image:width\" content=\"1000\" \/>\n\t<meta property=\"og:image:height\" content=\"1000\" \/>\n\t<meta property=\"og:image:type\" content=\"image\/jpeg\" \/>\n<meta name=\"twitter:card\" content=\"summary_large_image\" \/>\n<meta name=\"twitter:label1\" content=\"Est. reading time\" \/>\n\t<meta name=\"twitter:data1\" content=\"1 minute\" \/>\n<script type=\"application\/ld+json\" class=\"yoast-schema-graph\">{\"@context\":\"https:\/\/schema.org\",\"@graph\":[{\"@type\":\"WebPage\",\"@id\":\"https:\/\/autravail.ca\/product\/black-smith-s29057-12-botte-de-travail-de-monteur\/\",\"url\":\"https:\/\/autravail.ca\/product\/black-smith-s29057-12-botte-de-travail-de-monteur\/\",\"name\":\"BLACK SMITH - S29057-12 - BOTTE DE TRAVAIL DE MONTEUR - Le Magasin Industriel\",\"isPartOf\":{\"@id\":\"https:\/\/autravail.ca\/#website\"},\"primaryImageOfPage\":{\"@id\":\"https:\/\/autravail.ca\/product\/black-smith-s29057-12-botte-de-travail-de-monteur\/#primaryimage\"},\"image\":{\"@id\":\"https:\/\/autravail.ca\/product\/black-smith-s29057-12-botte-de-travail-de-monteur\/#primaryimage\"},\"thumbnailUrl\":\"https:\/\/autravail.ca\/wp-content\/uploads\/2025\/05\/S29057-11_A01.jpg\",\"datePublished\":\"2025-05-08T06:48:10+00:00\",\"dateModified\":\"2025-12-05T09:10:51+00:00\",\"breadcrumb\":{\"@id\":\"https:\/\/autravail.ca\/product\/black-smith-s29057-12-botte-de-travail-de-monteur\/#breadcrumb\"},\"inLanguage\":\"en-CA\",\"potentialAction\":[{\"@type\":\"ReadAction\",\"target\":[\"https:\/\/autravail.ca\/product\/black-smith-s29057-12-botte-de-travail-de-monteur\/\"]}]},{\"@type\":\"ImageObject\",\"inLanguage\":\"en-CA\",\"@id\":\"https:\/\/autravail.ca\/product\/black-smith-s29057-12-botte-de-travail-de-monteur\/#primaryimage\",\"url\":\"https:\/\/autravail.ca\/wp-content\/uploads\/2025\/05\/S29057-11_A01.jpg\",\"contentUrl\":\"https:\/\/autravail.ca\/wp-content\/uploads\/2025\/05\/S29057-11_A01.jpg\",\"width\":1000,\"height\":1000},{\"@type\":\"BreadcrumbList\",\"@id\":\"https:\/\/autravail.ca\/product\/black-smith-s29057-12-botte-de-travail-de-monteur\/#breadcrumb\",\"itemListElement\":[{\"@type\":\"ListItem\",\"position\":1,\"name\":\"Accueil\",\"item\":\"https:\/\/autravail.ca\/\"},{\"@type\":\"ListItem\",\"position\":2,\"name\":\"Magasin\",\"item\":\"https:\/\/autravail.ca\/en\/shop\/\"},{\"@type\":\"ListItem\",\"position\":3,\"name\":\"BLACK SMITH &#8211; S29057-12 &#8211; BOTTE DE TRAVAIL DE MONTEUR\"}]},{\"@type\":\"WebSite\",\"@id\":\"https:\/\/autravail.ca\/#website\",\"url\":\"https:\/\/autravail.ca\/\",\"name\":\"Le Magasin Industriel\",\"description\":\"50 ans de tradition de s\u00e9curit\u00e9 au travail\",\"publisher\":{\"@id\":\"https:\/\/autravail.ca\/#organization\"},\"potentialAction\":[{\"@type\":\"SearchAction\",\"target\":{\"@type\":\"EntryPoint\",\"urlTemplate\":\"https:\/\/autravail.ca\/?s={search_term_string}\"},\"query-input\":{\"@type\":\"PropertyValueSpecification\",\"valueRequired\":true,\"valueName\":\"search_term_string\"}}],\"inLanguage\":\"en-CA\"},{\"@type\":\"Organization\",\"@id\":\"https:\/\/autravail.ca\/#organization\",\"name\":\"Le Magasin Industriel\",\"url\":\"https:\/\/autravail.ca\/\",\"logo\":{\"@type\":\"ImageObject\",\"inLanguage\":\"en-CA\",\"@id\":\"https:\/\/autravail.ca\/#\/schema\/logo\/image\/\",\"url\":\"https:\/\/autravail.ca\/wp-content\/uploads\/2025\/05\/cropped-magasin_industriel_120x.avif\",\"contentUrl\":\"https:\/\/autravail.ca\/wp-content\/uploads\/2025\/05\/cropped-magasin_industriel_120x.avif\",\"width\":120,\"height\":24,\"caption\":\"Le Magasin Industriel\"},\"image\":{\"@id\":\"https:\/\/autravail.ca\/#\/schema\/logo\/image\/\"},\"sameAs\":[\"https:\/\/www.facebook.com\/lemagasinindustriel\/?locale=fr_FR\"]}]}<\/script>\n<!-- \/ Yoast SEO plugin. -->","yoast_head_json":{"title":"BLACK SMITH - S29057-12 - BOTTE DE TRAVAIL DE MONTEUR - Le Magasin Industriel","robots":{"index":"index","follow":"follow","max-snippet":"max-snippet:-1","max-image-preview":"max-image-preview:large","max-video-preview":"max-video-preview:-1"},"canonical":"https:\/\/autravail.ca\/en\/product\/black-smith-s29057-12-botte-de-travail-de-monteur\/","og_locale":"en_US","og_type":"article","og_title":"BLACK SMITH - S29057-12 - BOTTE DE TRAVAIL DE MONTEUR - Le Magasin Industriel","og_description":"Botte de s\u00e9curit\u00e9, Black Smith &#8211; STC Protection CSA, type ESR Botte de monteur de structure Tige de cuir pleine fleur imperm\u00e9able \u00e0 triple coutures scell\u00e9es. Embout de protection en acier et semelle antiperforation en composite l\u00e9ger et non conducteur. Doublure respirante et r\u00e9sistante \u00e0 l\u2019abrasion avec traitement antimicrobien. Membrane imperm\u00e9able et respirante Sympatex, r\u00e9sistante [&hellip;]","og_url":"https:\/\/autravail.ca\/en\/product\/black-smith-s29057-12-botte-de-travail-de-monteur\/","og_site_name":"Le Magasin Industriel","article_publisher":"https:\/\/www.facebook.com\/lemagasinindustriel\/?locale=fr_FR","article_modified_time":"2025-12-05T09:10:51+00:00","og_image":[{"width":1000,"height":1000,"url":"https:\/\/autravail.ca\/wp-content\/uploads\/2025\/05\/S29057-11_A01.jpg","type":"image\/jpeg"}],"twitter_card":"summary_large_image","twitter_misc":{"Est. reading time":"1 minute"},"schema":{"@context":"https:\/\/schema.org","@graph":[{"@type":"WebPage","@id":"https:\/\/autravail.ca\/product\/black-smith-s29057-12-botte-de-travail-de-monteur\/","url":"https:\/\/autravail.ca\/product\/black-smith-s29057-12-botte-de-travail-de-monteur\/","name":"BLACK SMITH - S29057-12 - BOTTE DE TRAVAIL DE MONTEUR - Le Magasin Industriel","isPartOf":{"@id":"https:\/\/autravail.ca\/#website"},"primaryImageOfPage":{"@id":"https:\/\/autravail.ca\/product\/black-smith-s29057-12-botte-de-travail-de-monteur\/#primaryimage"},"image":{"@id":"https:\/\/autravail.ca\/product\/black-smith-s29057-12-botte-de-travail-de-monteur\/#primaryimage"},"thumbnailUrl":"https:\/\/autravail.ca\/wp-content\/uploads\/2025\/05\/S29057-11_A01.jpg","datePublished":"2025-05-08T06:48:10+00:00","dateModified":"2025-12-05T09:10:51+00:00","breadcrumb":{"@id":"https:\/\/autravail.ca\/product\/black-smith-s29057-12-botte-de-travail-de-monteur\/#breadcrumb"},"inLanguage":"en-CA","potentialAction":[{"@type":"ReadAction","target":["https:\/\/autravail.ca\/product\/black-smith-s29057-12-botte-de-travail-de-monteur\/"]}]},{"@type":"ImageObject","inLanguage":"en-CA","@id":"https:\/\/autravail.ca\/product\/black-smith-s29057-12-botte-de-travail-de-monteur\/#primaryimage","url":"https:\/\/autravail.ca\/wp-content\/uploads\/2025\/05\/S29057-11_A01.jpg","contentUrl":"https:\/\/autravail.ca\/wp-content\/uploads\/2025\/05\/S29057-11_A01.jpg","width":1000,"height":1000},{"@type":"BreadcrumbList","@id":"https:\/\/autravail.ca\/product\/black-smith-s29057-12-botte-de-travail-de-monteur\/#breadcrumb","itemListElement":[{"@type":"ListItem","position":1,"name":"Accueil","item":"https:\/\/autravail.ca\/"},{"@type":"ListItem","position":2,"name":"Magasin","item":"https:\/\/autravail.ca\/en\/shop\/"},{"@type":"ListItem","position":3,"name":"BLACK SMITH &#8211; S29057-12 &#8211; BOTTE DE TRAVAIL DE MONTEUR"}]},{"@type":"WebSite","@id":"https:\/\/autravail.ca\/#website","url":"https:\/\/autravail.ca\/","name":"Le Magasin Industriel","description":"50 ans de tradition de s\u00e9curit\u00e9 au travail","publisher":{"@id":"https:\/\/autravail.ca\/#organization"},"potentialAction":[{"@type":"SearchAction","target":{"@type":"EntryPoint","urlTemplate":"https:\/\/autravail.ca\/?s={search_term_string}"},"query-input":{"@type":"PropertyValueSpecification","valueRequired":true,"valueName":"search_term_string"}}],"inLanguage":"en-CA"},{"@type":"Organization","@id":"https:\/\/autravail.ca\/#organization","name":"Le Magasin Industriel","url":"https:\/\/autravail.ca\/","logo":{"@type":"ImageObject","inLanguage":"en-CA","@id":"https:\/\/autravail.ca\/#\/schema\/logo\/image\/","url":"https:\/\/autravail.ca\/wp-content\/uploads\/2025\/05\/cropped-magasin_industriel_120x.avif","contentUrl":"https:\/\/autravail.ca\/wp-content\/uploads\/2025\/05\/cropped-magasin_industriel_120x.avif","width":120,"height":24,"caption":"Le Magasin Industriel"},"image":{"@id":"https:\/\/autravail.ca\/#\/schema\/logo\/image\/"},"sameAs":["https:\/\/www.facebook.com\/lemagasinindustriel\/?locale=fr_FR"]}]}},"jetpack_sharing_enabled":true,"_links":{"self":[{"href":"https:\/\/autravail.ca\/en\/wp-json\/wp\/v2\/product\/31226","targetHints":{"allow":["GET"]}}],"collection":[{"href":"https:\/\/autravail.ca\/en\/wp-json\/wp\/v2\/product"}],"about":[{"href":"https:\/\/autravail.ca\/en\/wp-json\/wp\/v2\/types\/product"}],"replies":[{"embeddable":true,"href":"https:\/\/autravail.ca\/en\/wp-json\/wp\/v2\/comments?post=31226"}],"wp:featuredmedia":[{"embeddable":true,"href":"https:\/\/autravail.ca\/en\/wp-json\/wp\/v2\/media\/15588"}],"wp:attachment":[{"href":"https:\/\/autravail.ca\/en\/wp-json\/wp\/v2\/media?parent=31226"}],"wp:term":[{"taxonomy":"product_cat","embeddable":true,"href":"https:\/\/autravail.ca\/en\/wp-json\/wp\/v2\/product_cat?post=31226"},{"taxonomy":"product_tag","embeddable":true,"href":"https:\/\/autravail.ca\/en\/wp-json\/wp\/v2\/product_tag?post=31226"}],"curies":[{"name":"wp","href":"https:\/\/api.w.org\/{rel}","templated":true}]}}