{"id":31196,"date":"2025-05-08T06:47:50","date_gmt":"2025-05-08T06:47:50","guid":{"rendered":"https:\/\/meteoquebec.ca\/?post_type=product&#038;p=31196"},"modified":"2025-12-05T05:10:52","modified_gmt":"2025-12-05T09:10:52","slug":"bb5000w-botte-de-travail","status":"publish","type":"product","link":"https:\/\/autravail.ca\/en\/product\/bb5000w-botte-de-travail\/","title":{"rendered":"BB5000W - WORK boots"},"content":{"rendered":"<p>Safety boots - Big Bill - For Woman<\/p>\n<ul>\n<li>Full bloom<\/li>\n<li>3M THINSULATE lining, 200 grams.<\/li>\n<li>Quadruple high tension resistant piercings.<\/li>\n<li>Flexible and lightweight PU sole, rubber, self-cleaning sole, anti-fatigue heel, resistant to oil and petroleum, non-marking rubber, orthopedic inner sole, steel plate, flexible reinforcement.<\/li>\n<li>Other Characteristics: Zipper with 'gusset'.<\/li>\n<\/ul>","protected":false},"excerpt":{"rendered":"<p>Botte de s\u00e9curit\u00e9 &#8211; Big Bill &#8211; Pour Femme Cuir pleine fleur. 3M THINSULATE\u2122 doublure, 200 grammes. Quadruple surpiq\u00fbre hautement r\u00e9sistantes aux points de tensions. Semelle flexible et l\u00e9g\u00e8re en PU, caoutchouc, semelle atuonettoyante, talon antifatigue, r\u00e9sistante \u00e0 l&rsquo;huile et au p\u00e9trole, caoutchouc qu ne marque pas absorbe les chocs, semelle int\u00e9rieur orthop\u00e9dique, plaque d\u2019acier, [&hellip;]<\/p>","protected":false},"featured_media":15556,"comment_status":"open","ping_status":"closed","template":"","meta":[],"product_cat":[613,642,633],"product_tag":[367,251,252,255,253],"class_list":{"0":"post-31196","1":"product","2":"type-product","3":"status-publish","4":"has-post-thumbnail","6":"product_brand-big-bill","7":"product_cat-bottes-de-travail","8":"product_cat-bottes-de-travail-femme","9":"product_cat-femmes","10":"product_tag-big-bill-csa","11":"product_tag-bottes-de-travail","12":"product_tag-electric-shock-resistant","13":"product_tag-femme","14":"product_tag-sole-protection","16":"first","17":"instock","18":"taxable","19":"shipping-taxable","20":"purchasable","21":"product-type-variable"},"yoast_head":"<!-- This site is optimized with the Yoast SEO plugin v25.3.1 - https:\/\/yoast.com\/wordpress\/plugins\/seo\/ -->\n<title>BB5000W - BOTTE DE TRAVAIL - Le Magasin Industriel<\/title>\n<meta name=\"robots\" content=\"index, follow, max-snippet:-1, max-image-preview:large, max-video-preview:-1\" \/>\n<link rel=\"canonical\" href=\"https:\/\/autravail.ca\/en\/product\/bb5000w-botte-de-travail\/\" \/>\n<meta property=\"og:locale\" content=\"en_US\" \/>\n<meta property=\"og:type\" content=\"article\" \/>\n<meta property=\"og:title\" content=\"BB5000W - BOTTE DE TRAVAIL - Le Magasin Industriel\" \/>\n<meta property=\"og:description\" content=\"Botte de s\u00e9curit\u00e9 &#8211; Big Bill &#8211; Pour Femme Cuir pleine fleur. 3M THINSULATE\u2122 doublure, 200 grammes. Quadruple surpiq\u00fbre hautement r\u00e9sistantes aux points de tensions. Semelle flexible et l\u00e9g\u00e8re en PU, caoutchouc, semelle atuonettoyante, talon antifatigue, r\u00e9sistante \u00e0 l&rsquo;huile et au p\u00e9trole, caoutchouc qu ne marque pas absorbe les chocs, semelle int\u00e9rieur orthop\u00e9dique, plaque d\u2019acier, [&hellip;]\" \/>\n<meta property=\"og:url\" content=\"https:\/\/autravail.ca\/en\/product\/bb5000w-botte-de-travail\/\" \/>\n<meta property=\"og:site_name\" content=\"Le Magasin Industriel\" \/>\n<meta property=\"article:publisher\" content=\"https:\/\/www.facebook.com\/lemagasinindustriel\/?locale=fr_FR\" \/>\n<meta property=\"article:modified_time\" content=\"2025-12-05T09:10:52+00:00\" \/>\n<meta property=\"og:image\" content=\"https:\/\/autravail.ca\/wp-content\/uploads\/2025\/05\/BB5000W_A01.jpg\" \/>\n\t<meta property=\"og:image:width\" content=\"1000\" \/>\n\t<meta property=\"og:image:height\" content=\"1000\" \/>\n\t<meta property=\"og:image:type\" content=\"image\/jpeg\" \/>\n<meta name=\"twitter:card\" content=\"summary_large_image\" \/>\n<script type=\"application\/ld+json\" class=\"yoast-schema-graph\">{\"@context\":\"https:\/\/schema.org\",\"@graph\":[{\"@type\":\"WebPage\",\"@id\":\"https:\/\/autravail.ca\/product\/bb5000w-botte-de-travail\/\",\"url\":\"https:\/\/autravail.ca\/product\/bb5000w-botte-de-travail\/\",\"name\":\"BB5000W - BOTTE DE TRAVAIL - Le Magasin Industriel\",\"isPartOf\":{\"@id\":\"https:\/\/autravail.ca\/#website\"},\"primaryImageOfPage\":{\"@id\":\"https:\/\/autravail.ca\/product\/bb5000w-botte-de-travail\/#primaryimage\"},\"image\":{\"@id\":\"https:\/\/autravail.ca\/product\/bb5000w-botte-de-travail\/#primaryimage\"},\"thumbnailUrl\":\"https:\/\/autravail.ca\/wp-content\/uploads\/2025\/05\/BB5000W_A01.jpg\",\"datePublished\":\"2025-05-08T06:47:50+00:00\",\"dateModified\":\"2025-12-05T09:10:52+00:00\",\"breadcrumb\":{\"@id\":\"https:\/\/autravail.ca\/product\/bb5000w-botte-de-travail\/#breadcrumb\"},\"inLanguage\":\"en-CA\",\"potentialAction\":[{\"@type\":\"ReadAction\",\"target\":[\"https:\/\/autravail.ca\/product\/bb5000w-botte-de-travail\/\"]}]},{\"@type\":\"ImageObject\",\"inLanguage\":\"en-CA\",\"@id\":\"https:\/\/autravail.ca\/product\/bb5000w-botte-de-travail\/#primaryimage\",\"url\":\"https:\/\/autravail.ca\/wp-content\/uploads\/2025\/05\/BB5000W_A01.jpg\",\"contentUrl\":\"https:\/\/autravail.ca\/wp-content\/uploads\/2025\/05\/BB5000W_A01.jpg\",\"width\":1000,\"height\":1000},{\"@type\":\"BreadcrumbList\",\"@id\":\"https:\/\/autravail.ca\/product\/bb5000w-botte-de-travail\/#breadcrumb\",\"itemListElement\":[{\"@type\":\"ListItem\",\"position\":1,\"name\":\"Accueil\",\"item\":\"https:\/\/autravail.ca\/\"},{\"@type\":\"ListItem\",\"position\":2,\"name\":\"Magasin\",\"item\":\"https:\/\/autravail.ca\/en\/shop\/\"},{\"@type\":\"ListItem\",\"position\":3,\"name\":\"BB5000W &#8211; BOTTE DE TRAVAIL\"}]},{\"@type\":\"WebSite\",\"@id\":\"https:\/\/autravail.ca\/#website\",\"url\":\"https:\/\/autravail.ca\/\",\"name\":\"Le Magasin Industriel\",\"description\":\"50 ans de tradition de s\u00e9curit\u00e9 au travail\",\"publisher\":{\"@id\":\"https:\/\/autravail.ca\/#organization\"},\"potentialAction\":[{\"@type\":\"SearchAction\",\"target\":{\"@type\":\"EntryPoint\",\"urlTemplate\":\"https:\/\/autravail.ca\/?s={search_term_string}\"},\"query-input\":{\"@type\":\"PropertyValueSpecification\",\"valueRequired\":true,\"valueName\":\"search_term_string\"}}],\"inLanguage\":\"en-CA\"},{\"@type\":\"Organization\",\"@id\":\"https:\/\/autravail.ca\/#organization\",\"name\":\"Le Magasin Industriel\",\"url\":\"https:\/\/autravail.ca\/\",\"logo\":{\"@type\":\"ImageObject\",\"inLanguage\":\"en-CA\",\"@id\":\"https:\/\/autravail.ca\/#\/schema\/logo\/image\/\",\"url\":\"https:\/\/autravail.ca\/wp-content\/uploads\/2025\/05\/cropped-magasin_industriel_120x.avif\",\"contentUrl\":\"https:\/\/autravail.ca\/wp-content\/uploads\/2025\/05\/cropped-magasin_industriel_120x.avif\",\"width\":120,\"height\":24,\"caption\":\"Le Magasin Industriel\"},\"image\":{\"@id\":\"https:\/\/autravail.ca\/#\/schema\/logo\/image\/\"},\"sameAs\":[\"https:\/\/www.facebook.com\/lemagasinindustriel\/?locale=fr_FR\"]}]}<\/script>\n<!-- \/ Yoast SEO plugin. -->","yoast_head_json":{"title":"BB5000W - BOTTE DE TRAVAIL - Le Magasin Industriel","robots":{"index":"index","follow":"follow","max-snippet":"max-snippet:-1","max-image-preview":"max-image-preview:large","max-video-preview":"max-video-preview:-1"},"canonical":"https:\/\/autravail.ca\/en\/product\/bb5000w-botte-de-travail\/","og_locale":"en_US","og_type":"article","og_title":"BB5000W - BOTTE DE TRAVAIL - Le Magasin Industriel","og_description":"Botte de s\u00e9curit\u00e9 &#8211; Big Bill &#8211; Pour Femme Cuir pleine fleur. 3M THINSULATE\u2122 doublure, 200 grammes. Quadruple surpiq\u00fbre hautement r\u00e9sistantes aux points de tensions. Semelle flexible et l\u00e9g\u00e8re en PU, caoutchouc, semelle atuonettoyante, talon antifatigue, r\u00e9sistante \u00e0 l&rsquo;huile et au p\u00e9trole, caoutchouc qu ne marque pas absorbe les chocs, semelle int\u00e9rieur orthop\u00e9dique, plaque d\u2019acier, [&hellip;]","og_url":"https:\/\/autravail.ca\/en\/product\/bb5000w-botte-de-travail\/","og_site_name":"Le Magasin Industriel","article_publisher":"https:\/\/www.facebook.com\/lemagasinindustriel\/?locale=fr_FR","article_modified_time":"2025-12-05T09:10:52+00:00","og_image":[{"width":1000,"height":1000,"url":"https:\/\/autravail.ca\/wp-content\/uploads\/2025\/05\/BB5000W_A01.jpg","type":"image\/jpeg"}],"twitter_card":"summary_large_image","schema":{"@context":"https:\/\/schema.org","@graph":[{"@type":"WebPage","@id":"https:\/\/autravail.ca\/product\/bb5000w-botte-de-travail\/","url":"https:\/\/autravail.ca\/product\/bb5000w-botte-de-travail\/","name":"BB5000W - BOTTE DE TRAVAIL - Le Magasin Industriel","isPartOf":{"@id":"https:\/\/autravail.ca\/#website"},"primaryImageOfPage":{"@id":"https:\/\/autravail.ca\/product\/bb5000w-botte-de-travail\/#primaryimage"},"image":{"@id":"https:\/\/autravail.ca\/product\/bb5000w-botte-de-travail\/#primaryimage"},"thumbnailUrl":"https:\/\/autravail.ca\/wp-content\/uploads\/2025\/05\/BB5000W_A01.jpg","datePublished":"2025-05-08T06:47:50+00:00","dateModified":"2025-12-05T09:10:52+00:00","breadcrumb":{"@id":"https:\/\/autravail.ca\/product\/bb5000w-botte-de-travail\/#breadcrumb"},"inLanguage":"en-CA","potentialAction":[{"@type":"ReadAction","target":["https:\/\/autravail.ca\/product\/bb5000w-botte-de-travail\/"]}]},{"@type":"ImageObject","inLanguage":"en-CA","@id":"https:\/\/autravail.ca\/product\/bb5000w-botte-de-travail\/#primaryimage","url":"https:\/\/autravail.ca\/wp-content\/uploads\/2025\/05\/BB5000W_A01.jpg","contentUrl":"https:\/\/autravail.ca\/wp-content\/uploads\/2025\/05\/BB5000W_A01.jpg","width":1000,"height":1000},{"@type":"BreadcrumbList","@id":"https:\/\/autravail.ca\/product\/bb5000w-botte-de-travail\/#breadcrumb","itemListElement":[{"@type":"ListItem","position":1,"name":"Accueil","item":"https:\/\/autravail.ca\/"},{"@type":"ListItem","position":2,"name":"Magasin","item":"https:\/\/autravail.ca\/en\/shop\/"},{"@type":"ListItem","position":3,"name":"BB5000W &#8211; BOTTE DE TRAVAIL"}]},{"@type":"WebSite","@id":"https:\/\/autravail.ca\/#website","url":"https:\/\/autravail.ca\/","name":"Le Magasin Industriel","description":"50 ans de tradition de s\u00e9curit\u00e9 au travail","publisher":{"@id":"https:\/\/autravail.ca\/#organization"},"potentialAction":[{"@type":"SearchAction","target":{"@type":"EntryPoint","urlTemplate":"https:\/\/autravail.ca\/?s={search_term_string}"},"query-input":{"@type":"PropertyValueSpecification","valueRequired":true,"valueName":"search_term_string"}}],"inLanguage":"en-CA"},{"@type":"Organization","@id":"https:\/\/autravail.ca\/#organization","name":"Le Magasin Industriel","url":"https:\/\/autravail.ca\/","logo":{"@type":"ImageObject","inLanguage":"en-CA","@id":"https:\/\/autravail.ca\/#\/schema\/logo\/image\/","url":"https:\/\/autravail.ca\/wp-content\/uploads\/2025\/05\/cropped-magasin_industriel_120x.avif","contentUrl":"https:\/\/autravail.ca\/wp-content\/uploads\/2025\/05\/cropped-magasin_industriel_120x.avif","width":120,"height":24,"caption":"Le Magasin Industriel"},"image":{"@id":"https:\/\/autravail.ca\/#\/schema\/logo\/image\/"},"sameAs":["https:\/\/www.facebook.com\/lemagasinindustriel\/?locale=fr_FR"]}]}},"jetpack_sharing_enabled":true,"_links":{"self":[{"href":"https:\/\/autravail.ca\/en\/wp-json\/wp\/v2\/product\/31196","targetHints":{"allow":["GET"]}}],"collection":[{"href":"https:\/\/autravail.ca\/en\/wp-json\/wp\/v2\/product"}],"about":[{"href":"https:\/\/autravail.ca\/en\/wp-json\/wp\/v2\/types\/product"}],"replies":[{"embeddable":true,"href":"https:\/\/autravail.ca\/en\/wp-json\/wp\/v2\/comments?post=31196"}],"wp:featuredmedia":[{"embeddable":true,"href":"https:\/\/autravail.ca\/en\/wp-json\/wp\/v2\/media\/15556"}],"wp:attachment":[{"href":"https:\/\/autravail.ca\/en\/wp-json\/wp\/v2\/media?parent=31196"}],"wp:term":[{"taxonomy":"product_cat","embeddable":true,"href":"https:\/\/autravail.ca\/en\/wp-json\/wp\/v2\/product_cat?post=31196"},{"taxonomy":"product_tag","embeddable":true,"href":"https:\/\/autravail.ca\/en\/wp-json\/wp\/v2\/product_tag?post=31196"}],"curies":[{"name":"wp","href":"https:\/\/api.w.org\/{rel}","templated":true}]}}