{"id":31195,"date":"2025-05-08T06:47:50","date_gmt":"2025-05-08T06:47:50","guid":{"rendered":"https:\/\/meteoquebec.ca\/?post_type=product&#038;p=31195"},"modified":"2026-04-08T15:38:24","modified_gmt":"2026-04-08T19:38:24","slug":"botte-de-travail-big-boss-bb4014","status":"publish","type":"product","link":"https:\/\/autravail.ca\/en\/product\/botte-de-travail-big-boss-bb4014\/","title":{"rendered":"Botte de travail Big Boss &#8211; BB4014"},"content":{"rendered":"<h3>Botte de travail Big Boss &#8211; BB4014<\/h3>\n<p>Botte de travail Big Boss &#8211; BB4014 de <a href=\"https:\/\/autravail.ca\/en\/product-brand\/Big-bill\/\">Big Bill<\/a>. (surnomm\u00e9e la \u00ab\u00a0<strong class=\"Yjhzub\" data-sfc-root=\"c\" data-sfc-cb=\"\" data-complete=\"true\" data-processed=\"true\">Big Boss<\/strong>\u00a0\u00bb) est une botte de travail robuste de\u00a0<strong class=\"Yjhzub\" data-sfc-root=\"c\" data-sfc-cb=\"\" data-complete=\"true\" data-processed=\"true\">8 pouces<\/strong>, con\u00e7ue pour offrir un maximum de stabilit\u00e9 et de protection sur les chantiers. Con\u00e7ues pour les professionnels les plus exigeants, les bottes de travail BIG BOSS 8&Prime; \u00e0 embout en acier offrent robustesse, stabilit\u00e9 et confort \u00e0 chaque pas.<\/p>\n<h6>Characteristics:<\/h6>\n<ul>\n<li><span dir=\"auto\"><span dir=\"auto\">\u0152illets m\u00e9talliques<\/span><\/span><\/li>\n<li>Tige en cuir pleine fleur Crazy Horse hydrofuge, reconnu pour sa grande r\u00e9sistance \u00e0 l&rsquo;abrasion<\/li>\n<li><span dir=\"auto\"><span dir=\"auto\">Coutures triples<\/span><\/span><\/li>\n<li>Panneaux de <strong class=\"Yjhzub\" data-sfc-root=\"c\" data-sfc-cb=\"\" data-complete=\"true\">maille ultra-r\u00e9sistante<\/strong>\u00a0(<em class=\"eujQNb\" data-sfc-root=\"c\" data-sfc-cb=\"\" data-complete=\"true\">heavy duty mesh<\/em>) qui augmentent la flexibilit\u00e9 et la circulation de l&rsquo;air \u00e0 l&rsquo;int\u00e9rieur de la botte<\/li>\n<li>Doublure int\u00e9rieure : Isolant Exodry<\/li>\n<li>Doublure ext\u00e9rieure : Exodry respirant<\/li>\n<li>Semelle ext\u00e9rieure en TPU nouvelle g\u00e9n\u00e9ration, antid\u00e9rapante et r\u00e9sistante aux hydrocarbures<\/li>\n<li>Semelle interm\u00e9diaire : Semelle interm\u00e9diaire anti-fatigue Moon Float<\/li>\n<li>Semelle int\u00e9rieure : Basf Elastopan Climate Control &amp; Comfort<\/li>\n<li><span dir=\"auto\"><span dir=\"auto\">Embout de s\u00e9curit\u00e9 asym\u00e9trique en acier<\/span><\/span><\/li>\n<li><span dir=\"auto\"><span dir=\"auto\">Pare-chocs et amortisseur en TPU sur l&#8217;embout<\/span><\/span><\/li>\n<li><span dir=\"auto\"><span dir=\"auto\">Plaque en acier r\u00e9sistante \u00e0 la perforation en acier<\/span><\/span><\/li>\n<li>Certifi\u00e9e contre les chocs \u00e9lectriques (ESR\/EH)<\/li>\n<li><span dir=\"auto\"><span dir=\"auto\">ASTM F2413-18, F\/I\/C, EH PR<\/span><\/span><\/li>\n<li><span dir=\"auto\"><span dir=\"auto\">CSA Z195-14, Classe 1, EH<\/span><\/span><\/li>\n<\/ul>\n<p><em><span style=\"color: #fa0b0b;\">Unisex U.S. men's sizes presented. To convert to U.S. women's size, add 2 sizes. Example: 5 U.S. men = 7 U.S. women<\/span><\/em><\/p>\n<p><img decoding=\"async\" class=\"alignnone wp-image-40620\" src=\"https:\/\/autravail.ca\/wp-content\/uploads\/2025\/09\/Jachete-quebec-et-canada.jpg\" alt=\"Logo de l'achat local\" width=\"162\" height=\"139\" \/>Merci d&rsquo;encourager une entreprise 100% d&rsquo;ici!<\/p>\n<p>TS2604H<\/p>\n<p>&nbsp;<\/p>","protected":false},"excerpt":{"rendered":"<p>Botte de travail Big Boss &#8211; BB4014 Botte de travail Big Boss &#8211; BB4014 de Big Bill. (surnomm\u00e9e la \u00ab\u00a0Big Boss\u00a0\u00bb) est une botte de travail robuste de\u00a08 pouces, con\u00e7ue pour offrir un maximum de stabilit\u00e9 et de protection sur les chantiers. Con\u00e7ues pour les professionnels les plus exigeants, les bottes de travail BIG BOSS [&hellip;]<\/p>","protected":false},"featured_media":15540,"comment_status":"open","ping_status":"closed","template":"","meta":[],"product_cat":[613,805],"product_tag":[367,251,252,242,253],"class_list":{"0":"post-31195","1":"product","2":"type-product","3":"status-publish","4":"has-post-thumbnail","6":"product_brand-big-bill","7":"product_cat-bottes-de-travail","8":"product_cat-bottes-de-travail-homme","9":"product_tag-big-bill-csa","10":"product_tag-bottes-de-travail","11":"product_tag-electric-shock-resistant","12":"product_tag-homme","13":"product_tag-sole-protection","15":"first","16":"instock","17":"taxable","18":"shipping-taxable","19":"purchasable","20":"product-type-variable"},"yoast_head":"<!-- This site is optimized with the Yoast SEO plugin v25.3.1 - https:\/\/yoast.com\/wordpress\/plugins\/seo\/ -->\n<title>Botte de travail Big Boss - BB4014 - Le Magasin Industriel<\/title>\n<meta name=\"description\" content=\"Botte de travail Big Boss - BB4014 con\u00e7ues pour les professionnels les plus exigeants, embout en acier offrent robustesse\" \/>\n<meta name=\"robots\" content=\"index, follow, max-snippet:-1, max-image-preview:large, max-video-preview:-1\" \/>\n<link rel=\"canonical\" href=\"https:\/\/autravail.ca\/en\/product\/botte-de-travail-big-boss-bb4014\/\" \/>\n<meta property=\"og:locale\" content=\"en_US\" \/>\n<meta property=\"og:type\" content=\"article\" \/>\n<meta property=\"og:title\" content=\"Botte de travail Big Boss - BB4014 - Le Magasin Industriel\" \/>\n<meta property=\"og:description\" content=\"Botte de travail Big Boss - BB4014 con\u00e7ues pour les professionnels les plus exigeants, embout en acier offrent robustesse\" \/>\n<meta property=\"og:url\" content=\"https:\/\/autravail.ca\/en\/product\/botte-de-travail-big-boss-bb4014\/\" \/>\n<meta property=\"og:site_name\" content=\"Le Magasin Industriel\" \/>\n<meta property=\"article:publisher\" content=\"https:\/\/www.facebook.com\/lemagasinindustriel\/?locale=fr_FR\" \/>\n<meta property=\"article:modified_time\" content=\"2026-04-08T19:38:24+00:00\" \/>\n<meta property=\"og:image\" content=\"https:\/\/autravail.ca\/wp-content\/uploads\/2025\/05\/BB4014_A01.jpg\" \/>\n\t<meta property=\"og:image:width\" content=\"1000\" \/>\n\t<meta property=\"og:image:height\" content=\"1000\" \/>\n\t<meta property=\"og:image:type\" content=\"image\/jpeg\" \/>\n<meta name=\"twitter:card\" content=\"summary_large_image\" \/>\n<meta name=\"twitter:label1\" content=\"Est. reading time\" \/>\n\t<meta name=\"twitter:data1\" content=\"2 minutes\" \/>\n<script type=\"application\/ld+json\" class=\"yoast-schema-graph\">{\"@context\":\"https:\/\/schema.org\",\"@graph\":[{\"@type\":\"WebPage\",\"@id\":\"https:\/\/autravail.ca\/product\/botte-de-travail-big-boss-bb4014\/\",\"url\":\"https:\/\/autravail.ca\/product\/botte-de-travail-big-boss-bb4014\/\",\"name\":\"Botte de travail Big Boss - BB4014 - Le Magasin Industriel\",\"isPartOf\":{\"@id\":\"https:\/\/autravail.ca\/#website\"},\"primaryImageOfPage\":{\"@id\":\"https:\/\/autravail.ca\/product\/botte-de-travail-big-boss-bb4014\/#primaryimage\"},\"image\":{\"@id\":\"https:\/\/autravail.ca\/product\/botte-de-travail-big-boss-bb4014\/#primaryimage\"},\"thumbnailUrl\":\"https:\/\/autravail.ca\/wp-content\/uploads\/2025\/05\/BB4014_A01.jpg\",\"datePublished\":\"2025-05-08T06:47:50+00:00\",\"dateModified\":\"2026-04-08T19:38:24+00:00\",\"description\":\"Botte de travail Big Boss - BB4014 con\u00e7ues pour les professionnels les plus exigeants, embout en acier offrent robustesse\",\"breadcrumb\":{\"@id\":\"https:\/\/autravail.ca\/product\/botte-de-travail-big-boss-bb4014\/#breadcrumb\"},\"inLanguage\":\"en-CA\",\"potentialAction\":[{\"@type\":\"ReadAction\",\"target\":[\"https:\/\/autravail.ca\/product\/botte-de-travail-big-boss-bb4014\/\"]}]},{\"@type\":\"ImageObject\",\"inLanguage\":\"en-CA\",\"@id\":\"https:\/\/autravail.ca\/product\/botte-de-travail-big-boss-bb4014\/#primaryimage\",\"url\":\"https:\/\/autravail.ca\/wp-content\/uploads\/2025\/05\/BB4014_A01.jpg\",\"contentUrl\":\"https:\/\/autravail.ca\/wp-content\/uploads\/2025\/05\/BB4014_A01.jpg\",\"width\":1000,\"height\":1000,\"caption\":\"Botte de travail Big Boss - BB4014\"},{\"@type\":\"BreadcrumbList\",\"@id\":\"https:\/\/autravail.ca\/product\/botte-de-travail-big-boss-bb4014\/#breadcrumb\",\"itemListElement\":[{\"@type\":\"ListItem\",\"position\":1,\"name\":\"Accueil\",\"item\":\"https:\/\/autravail.ca\/\"},{\"@type\":\"ListItem\",\"position\":2,\"name\":\"Magasin\",\"item\":\"https:\/\/autravail.ca\/en\/shop\/\"},{\"@type\":\"ListItem\",\"position\":3,\"name\":\"Botte de travail Big Boss &#8211; BB4014\"}]},{\"@type\":\"WebSite\",\"@id\":\"https:\/\/autravail.ca\/#website\",\"url\":\"https:\/\/autravail.ca\/\",\"name\":\"Le Magasin Industriel\",\"description\":\"50 ans de tradition de s\u00e9curit\u00e9 au travail\",\"publisher\":{\"@id\":\"https:\/\/autravail.ca\/#organization\"},\"potentialAction\":[{\"@type\":\"SearchAction\",\"target\":{\"@type\":\"EntryPoint\",\"urlTemplate\":\"https:\/\/autravail.ca\/?s={search_term_string}\"},\"query-input\":{\"@type\":\"PropertyValueSpecification\",\"valueRequired\":true,\"valueName\":\"search_term_string\"}}],\"inLanguage\":\"en-CA\"},{\"@type\":\"Organization\",\"@id\":\"https:\/\/autravail.ca\/#organization\",\"name\":\"Le Magasin Industriel\",\"url\":\"https:\/\/autravail.ca\/\",\"logo\":{\"@type\":\"ImageObject\",\"inLanguage\":\"en-CA\",\"@id\":\"https:\/\/autravail.ca\/#\/schema\/logo\/image\/\",\"url\":\"https:\/\/autravail.ca\/wp-content\/uploads\/2025\/05\/cropped-magasin_industriel_120x.avif\",\"contentUrl\":\"https:\/\/autravail.ca\/wp-content\/uploads\/2025\/05\/cropped-magasin_industriel_120x.avif\",\"width\":120,\"height\":24,\"caption\":\"Le Magasin Industriel\"},\"image\":{\"@id\":\"https:\/\/autravail.ca\/#\/schema\/logo\/image\/\"},\"sameAs\":[\"https:\/\/www.facebook.com\/lemagasinindustriel\/?locale=fr_FR\"]}]}<\/script>\n<!-- \/ Yoast SEO plugin. -->","yoast_head_json":{"title":"Botte de travail Big Boss - BB4014 - Le Magasin Industriel","description":"Botte de travail Big Boss - BB4014 con\u00e7ues pour les professionnels les plus exigeants, embout en acier offrent robustesse","robots":{"index":"index","follow":"follow","max-snippet":"max-snippet:-1","max-image-preview":"max-image-preview:large","max-video-preview":"max-video-preview:-1"},"canonical":"https:\/\/autravail.ca\/en\/product\/botte-de-travail-big-boss-bb4014\/","og_locale":"en_US","og_type":"article","og_title":"Botte de travail Big Boss - BB4014 - Le Magasin Industriel","og_description":"Botte de travail Big Boss - BB4014 con\u00e7ues pour les professionnels les plus exigeants, embout en acier offrent robustesse","og_url":"https:\/\/autravail.ca\/en\/product\/botte-de-travail-big-boss-bb4014\/","og_site_name":"Le Magasin Industriel","article_publisher":"https:\/\/www.facebook.com\/lemagasinindustriel\/?locale=fr_FR","article_modified_time":"2026-04-08T19:38:24+00:00","og_image":[{"width":1000,"height":1000,"url":"https:\/\/autravail.ca\/wp-content\/uploads\/2025\/05\/BB4014_A01.jpg","type":"image\/jpeg"}],"twitter_card":"summary_large_image","twitter_misc":{"Est. reading time":"2 minutes"},"schema":{"@context":"https:\/\/schema.org","@graph":[{"@type":"WebPage","@id":"https:\/\/autravail.ca\/product\/botte-de-travail-big-boss-bb4014\/","url":"https:\/\/autravail.ca\/product\/botte-de-travail-big-boss-bb4014\/","name":"Botte de travail Big Boss - BB4014 - Le Magasin Industriel","isPartOf":{"@id":"https:\/\/autravail.ca\/#website"},"primaryImageOfPage":{"@id":"https:\/\/autravail.ca\/product\/botte-de-travail-big-boss-bb4014\/#primaryimage"},"image":{"@id":"https:\/\/autravail.ca\/product\/botte-de-travail-big-boss-bb4014\/#primaryimage"},"thumbnailUrl":"https:\/\/autravail.ca\/wp-content\/uploads\/2025\/05\/BB4014_A01.jpg","datePublished":"2025-05-08T06:47:50+00:00","dateModified":"2026-04-08T19:38:24+00:00","description":"Botte de travail Big Boss - BB4014 con\u00e7ues pour les professionnels les plus exigeants, embout en acier offrent robustesse","breadcrumb":{"@id":"https:\/\/autravail.ca\/product\/botte-de-travail-big-boss-bb4014\/#breadcrumb"},"inLanguage":"en-CA","potentialAction":[{"@type":"ReadAction","target":["https:\/\/autravail.ca\/product\/botte-de-travail-big-boss-bb4014\/"]}]},{"@type":"ImageObject","inLanguage":"en-CA","@id":"https:\/\/autravail.ca\/product\/botte-de-travail-big-boss-bb4014\/#primaryimage","url":"https:\/\/autravail.ca\/wp-content\/uploads\/2025\/05\/BB4014_A01.jpg","contentUrl":"https:\/\/autravail.ca\/wp-content\/uploads\/2025\/05\/BB4014_A01.jpg","width":1000,"height":1000,"caption":"Botte de travail Big Boss - BB4014"},{"@type":"BreadcrumbList","@id":"https:\/\/autravail.ca\/product\/botte-de-travail-big-boss-bb4014\/#breadcrumb","itemListElement":[{"@type":"ListItem","position":1,"name":"Accueil","item":"https:\/\/autravail.ca\/"},{"@type":"ListItem","position":2,"name":"Magasin","item":"https:\/\/autravail.ca\/en\/shop\/"},{"@type":"ListItem","position":3,"name":"Botte de travail Big Boss &#8211; BB4014"}]},{"@type":"WebSite","@id":"https:\/\/autravail.ca\/#website","url":"https:\/\/autravail.ca\/","name":"Le Magasin Industriel","description":"50 ans de tradition de s\u00e9curit\u00e9 au travail","publisher":{"@id":"https:\/\/autravail.ca\/#organization"},"potentialAction":[{"@type":"SearchAction","target":{"@type":"EntryPoint","urlTemplate":"https:\/\/autravail.ca\/?s={search_term_string}"},"query-input":{"@type":"PropertyValueSpecification","valueRequired":true,"valueName":"search_term_string"}}],"inLanguage":"en-CA"},{"@type":"Organization","@id":"https:\/\/autravail.ca\/#organization","name":"Le Magasin Industriel","url":"https:\/\/autravail.ca\/","logo":{"@type":"ImageObject","inLanguage":"en-CA","@id":"https:\/\/autravail.ca\/#\/schema\/logo\/image\/","url":"https:\/\/autravail.ca\/wp-content\/uploads\/2025\/05\/cropped-magasin_industriel_120x.avif","contentUrl":"https:\/\/autravail.ca\/wp-content\/uploads\/2025\/05\/cropped-magasin_industriel_120x.avif","width":120,"height":24,"caption":"Le Magasin Industriel"},"image":{"@id":"https:\/\/autravail.ca\/#\/schema\/logo\/image\/"},"sameAs":["https:\/\/www.facebook.com\/lemagasinindustriel\/?locale=fr_FR"]}]}},"jetpack_sharing_enabled":true,"_links":{"self":[{"href":"https:\/\/autravail.ca\/en\/wp-json\/wp\/v2\/product\/31195","targetHints":{"allow":["GET"]}}],"collection":[{"href":"https:\/\/autravail.ca\/en\/wp-json\/wp\/v2\/product"}],"about":[{"href":"https:\/\/autravail.ca\/en\/wp-json\/wp\/v2\/types\/product"}],"replies":[{"embeddable":true,"href":"https:\/\/autravail.ca\/en\/wp-json\/wp\/v2\/comments?post=31195"}],"wp:featuredmedia":[{"embeddable":true,"href":"https:\/\/autravail.ca\/en\/wp-json\/wp\/v2\/media\/15540"}],"wp:attachment":[{"href":"https:\/\/autravail.ca\/en\/wp-json\/wp\/v2\/media?parent=31195"}],"wp:term":[{"taxonomy":"product_cat","embeddable":true,"href":"https:\/\/autravail.ca\/en\/wp-json\/wp\/v2\/product_cat?post=31195"},{"taxonomy":"product_tag","embeddable":true,"href":"https:\/\/autravail.ca\/en\/wp-json\/wp\/v2\/product_tag?post=31195"}],"curies":[{"name":"wp","href":"https:\/\/api.w.org\/{rel}","templated":true}]}}