{"id":31194,"date":"2025-05-08T06:47:49","date_gmt":"2025-05-08T06:47:49","guid":{"rendered":"https:\/\/meteoquebec.ca\/?post_type=product&#038;p=31194"},"modified":"2026-04-08T15:15:13","modified_gmt":"2026-04-08T19:15:13","slug":"botte-de-travail-bb4002","status":"publish","type":"product","link":"https:\/\/autravail.ca\/en\/product\/botte-de-travail-bb4002\/","title":{"rendered":"Botte de travail &#8211; BB4002"},"content":{"rendered":"<h3>Botte de travail &#8211; BB4002<\/h3>\n<p>Botte de travail &#8211; BB4002 de <a href=\"https:\/\/autravail.ca\/en\/product-brand\/Big-bill\/\">Big Bill<\/a> est une\u00a0<mark class=\"HxTRcb\" data-sfc-root=\"c\" data-sfc-cb=\"\" data-complete=\"true\" data-sae=\"\">botte de travail robuste de\u00a0<strong class=\"Yjhzub\" data-sfc-root=\"c\" data-sfc-cb=\"\" data-complete=\"true\">8 pouces<\/strong>, con\u00e7ue pour les conditions de chantier plus difficiles et les terrains accident\u00e9s<\/mark>.\u00a0<strong>Les bottes de travail Big Red en microfibre de 20 cm (8 pouces) sont con\u00e7ues pour red\u00e9finir la durabilit\u00e9 et le confort.<\/strong><\/p>\n<h6>Characteristics:<\/h6>\n<ul>\n<li><span dir=\"auto\"><span dir=\"auto\">\u0152illets m\u00e9talliques<\/span><\/span><\/li>\n<li>Tige en cuir pleine fleur de type \u00ab Crazy Horse \u00bb, reconnu pour sa durabilit\u00e9 et sa r\u00e9sistance naturelle \u00e0 l&rsquo;eau<\/li>\n<li>Doublure int\u00e9rieure : Exodry-Air-Exchanger 6 mm et Exodry-Insulator 10 mm<\/li>\n<li>Doublure ext\u00e9rieure : Exodry Cambrelle<\/li>\n<li><span dir=\"auto\"><span dir=\"auto\">Coutures triples<\/span><\/span><\/li>\n<li>Semelle int\u00e9rieure : BASF Elastopan Climate Control &amp; Comfort<\/li>\n<li>Semelle de propret\u00e9 en PU haute densit\u00e9 qui offre un excellent support de la vo\u00fbte plantaire et un amorti durable<\/li>\n<li>Semelle ext\u00e9rieure : caoutchouc antid\u00e9rapant et r\u00e9sistant aux hydrocarbures<\/li>\n<li><span dir=\"auto\"><span dir=\"auto\">Embout de s\u00e9curit\u00e9 asym\u00e9trique en acier<\/span><\/span><\/li>\n<li><span dir=\"auto\"><span dir=\"auto\">Pare-chocs et amortisseur en TPU sur l&#8217;embout<\/span><\/span><\/li>\n<li><span dir=\"auto\"><span dir=\"auto\">Plaque en acier r\u00e9sistante \u00e0 la perforation en acier<\/span><\/span><\/li>\n<li><span dir=\"auto\"><span dir=\"auto\">Electrical Risks Protection<\/span><\/span><\/li>\n<li>Certifi\u00e9e contre les chocs \u00e9lectriques (ESR\/EH)<\/li>\n<li><span dir=\"auto\"><span dir=\"auto\">ASTM F2413-18, M\/I\/C, EH PR<\/span><\/span><\/li>\n<li><span dir=\"auto\"><span dir=\"auto\">CSA Z195-14, Classe 1, EH<\/span><\/span><\/li>\n<\/ul>\n<p><em><span style=\"color: #fa0b0b;\">Unisex U.S. men's sizes presented. To convert to U.S. women's size, add 2 sizes. Example: 5 U.S. men = 7 U.S. women<\/span><\/em><\/p>\n<p><img decoding=\"async\" class=\"alignnone wp-image-40620\" src=\"https:\/\/autravail.ca\/wp-content\/uploads\/2025\/09\/Jachete-quebec-et-canada.jpg\" alt=\"Logo de l'achat local\" width=\"162\" height=\"139\" \/>Merci d&rsquo;encourager une entreprise 100% d&rsquo;ici!<\/p>\n<p>TS2604H<\/p>\n<p>&nbsp;<\/p>","protected":false},"excerpt":{"rendered":"<p>Botte de travail &#8211; BB4002 Botte de travail &#8211; BB4002 de Big Bill est une\u00a0botte de travail robuste de\u00a08 pouces, con\u00e7ue pour les conditions de chantier plus difficiles et les terrains accident\u00e9s.\u00a0Les bottes de travail Big Red en microfibre de 20 cm (8 pouces) sont con\u00e7ues pour red\u00e9finir la durabilit\u00e9 et le confort. Caract\u00e9ristiques: \u0152illets [&hellip;]<\/p>","protected":false},"featured_media":15525,"comment_status":"open","ping_status":"closed","template":"","meta":[],"product_cat":[613,805],"product_tag":[367,251,252,242,253],"class_list":{"0":"post-31194","1":"product","2":"type-product","3":"status-publish","4":"has-post-thumbnail","6":"product_brand-big-bill","7":"product_cat-bottes-de-travail","8":"product_cat-bottes-de-travail-homme","9":"product_tag-big-bill-csa","10":"product_tag-bottes-de-travail","11":"product_tag-electric-shock-resistant","12":"product_tag-homme","13":"product_tag-sole-protection","15":"first","16":"instock","17":"taxable","18":"shipping-taxable","19":"purchasable","20":"product-type-variable"},"yoast_head":"<!-- This site is optimized with the Yoast SEO plugin v25.3.1 - https:\/\/yoast.com\/wordpress\/plugins\/seo\/ -->\n<title>Botte de travail - BB4002 - Le Magasin Industriel<\/title>\n<meta name=\"description\" content=\"Botte de travail - BB4002 Big Red en microfibre de 20 cm (8 pouces) sont con\u00e7ues pour red\u00e9finir la durabilit\u00e9 et le confort\" \/>\n<meta name=\"robots\" content=\"index, follow, max-snippet:-1, max-image-preview:large, max-video-preview:-1\" \/>\n<link rel=\"canonical\" href=\"https:\/\/autravail.ca\/en\/product\/botte-de-travail-bb4002\/\" \/>\n<meta property=\"og:locale\" content=\"en_US\" \/>\n<meta property=\"og:type\" content=\"article\" \/>\n<meta property=\"og:title\" content=\"Botte de travail - BB4002 - Le Magasin Industriel\" \/>\n<meta property=\"og:description\" content=\"Botte de travail - BB4002 Big Red en microfibre de 20 cm (8 pouces) sont con\u00e7ues pour red\u00e9finir la durabilit\u00e9 et le confort\" \/>\n<meta property=\"og:url\" content=\"https:\/\/autravail.ca\/en\/product\/botte-de-travail-bb4002\/\" \/>\n<meta property=\"og:site_name\" content=\"Le Magasin Industriel\" \/>\n<meta property=\"article:publisher\" content=\"https:\/\/www.facebook.com\/lemagasinindustriel\/?locale=fr_FR\" \/>\n<meta property=\"article:modified_time\" content=\"2026-04-08T19:15:13+00:00\" \/>\n<meta property=\"og:image\" content=\"https:\/\/autravail.ca\/wp-content\/uploads\/2025\/05\/BB4002_A01.jpg\" \/>\n\t<meta property=\"og:image:width\" content=\"1000\" \/>\n\t<meta property=\"og:image:height\" content=\"1000\" \/>\n\t<meta property=\"og:image:type\" content=\"image\/jpeg\" \/>\n<meta name=\"twitter:card\" content=\"summary_large_image\" \/>\n<meta name=\"twitter:label1\" content=\"Est. reading time\" \/>\n\t<meta name=\"twitter:data1\" content=\"2 minutes\" \/>\n<script type=\"application\/ld+json\" class=\"yoast-schema-graph\">{\"@context\":\"https:\/\/schema.org\",\"@graph\":[{\"@type\":\"WebPage\",\"@id\":\"https:\/\/autravail.ca\/product\/botte-de-travail-bb4002\/\",\"url\":\"https:\/\/autravail.ca\/product\/botte-de-travail-bb4002\/\",\"name\":\"Botte de travail - BB4002 - Le Magasin Industriel\",\"isPartOf\":{\"@id\":\"https:\/\/autravail.ca\/#website\"},\"primaryImageOfPage\":{\"@id\":\"https:\/\/autravail.ca\/product\/botte-de-travail-bb4002\/#primaryimage\"},\"image\":{\"@id\":\"https:\/\/autravail.ca\/product\/botte-de-travail-bb4002\/#primaryimage\"},\"thumbnailUrl\":\"https:\/\/autravail.ca\/wp-content\/uploads\/2025\/05\/BB4002_A01.jpg\",\"datePublished\":\"2025-05-08T06:47:49+00:00\",\"dateModified\":\"2026-04-08T19:15:13+00:00\",\"description\":\"Botte de travail - BB4002 Big Red en microfibre de 20 cm (8 pouces) sont con\u00e7ues pour red\u00e9finir la durabilit\u00e9 et le confort\",\"breadcrumb\":{\"@id\":\"https:\/\/autravail.ca\/product\/botte-de-travail-bb4002\/#breadcrumb\"},\"inLanguage\":\"en-CA\",\"potentialAction\":[{\"@type\":\"ReadAction\",\"target\":[\"https:\/\/autravail.ca\/product\/botte-de-travail-bb4002\/\"]}]},{\"@type\":\"ImageObject\",\"inLanguage\":\"en-CA\",\"@id\":\"https:\/\/autravail.ca\/product\/botte-de-travail-bb4002\/#primaryimage\",\"url\":\"https:\/\/autravail.ca\/wp-content\/uploads\/2025\/05\/BB4002_A01.jpg\",\"contentUrl\":\"https:\/\/autravail.ca\/wp-content\/uploads\/2025\/05\/BB4002_A01.jpg\",\"width\":1000,\"height\":1000,\"caption\":\"Botte de travail - BB4002\"},{\"@type\":\"BreadcrumbList\",\"@id\":\"https:\/\/autravail.ca\/product\/botte-de-travail-bb4002\/#breadcrumb\",\"itemListElement\":[{\"@type\":\"ListItem\",\"position\":1,\"name\":\"Accueil\",\"item\":\"https:\/\/autravail.ca\/\"},{\"@type\":\"ListItem\",\"position\":2,\"name\":\"Magasin\",\"item\":\"https:\/\/autravail.ca\/en\/shop\/\"},{\"@type\":\"ListItem\",\"position\":3,\"name\":\"Botte de travail &#8211; BB4002\"}]},{\"@type\":\"WebSite\",\"@id\":\"https:\/\/autravail.ca\/#website\",\"url\":\"https:\/\/autravail.ca\/\",\"name\":\"Le Magasin Industriel\",\"description\":\"50 ans de tradition de s\u00e9curit\u00e9 au travail\",\"publisher\":{\"@id\":\"https:\/\/autravail.ca\/#organization\"},\"potentialAction\":[{\"@type\":\"SearchAction\",\"target\":{\"@type\":\"EntryPoint\",\"urlTemplate\":\"https:\/\/autravail.ca\/?s={search_term_string}\"},\"query-input\":{\"@type\":\"PropertyValueSpecification\",\"valueRequired\":true,\"valueName\":\"search_term_string\"}}],\"inLanguage\":\"en-CA\"},{\"@type\":\"Organization\",\"@id\":\"https:\/\/autravail.ca\/#organization\",\"name\":\"Le Magasin Industriel\",\"url\":\"https:\/\/autravail.ca\/\",\"logo\":{\"@type\":\"ImageObject\",\"inLanguage\":\"en-CA\",\"@id\":\"https:\/\/autravail.ca\/#\/schema\/logo\/image\/\",\"url\":\"https:\/\/autravail.ca\/wp-content\/uploads\/2025\/05\/cropped-magasin_industriel_120x.avif\",\"contentUrl\":\"https:\/\/autravail.ca\/wp-content\/uploads\/2025\/05\/cropped-magasin_industriel_120x.avif\",\"width\":120,\"height\":24,\"caption\":\"Le Magasin Industriel\"},\"image\":{\"@id\":\"https:\/\/autravail.ca\/#\/schema\/logo\/image\/\"},\"sameAs\":[\"https:\/\/www.facebook.com\/lemagasinindustriel\/?locale=fr_FR\"]}]}<\/script>\n<!-- \/ Yoast SEO plugin. -->","yoast_head_json":{"title":"Botte de travail - BB4002 - Le Magasin Industriel","description":"Botte de travail - BB4002 Big Red en microfibre de 20 cm (8 pouces) sont con\u00e7ues pour red\u00e9finir la durabilit\u00e9 et le confort","robots":{"index":"index","follow":"follow","max-snippet":"max-snippet:-1","max-image-preview":"max-image-preview:large","max-video-preview":"max-video-preview:-1"},"canonical":"https:\/\/autravail.ca\/en\/product\/botte-de-travail-bb4002\/","og_locale":"en_US","og_type":"article","og_title":"Botte de travail - BB4002 - Le Magasin Industriel","og_description":"Botte de travail - BB4002 Big Red en microfibre de 20 cm (8 pouces) sont con\u00e7ues pour red\u00e9finir la durabilit\u00e9 et le confort","og_url":"https:\/\/autravail.ca\/en\/product\/botte-de-travail-bb4002\/","og_site_name":"Le Magasin Industriel","article_publisher":"https:\/\/www.facebook.com\/lemagasinindustriel\/?locale=fr_FR","article_modified_time":"2026-04-08T19:15:13+00:00","og_image":[{"width":1000,"height":1000,"url":"https:\/\/autravail.ca\/wp-content\/uploads\/2025\/05\/BB4002_A01.jpg","type":"image\/jpeg"}],"twitter_card":"summary_large_image","twitter_misc":{"Est. reading time":"2 minutes"},"schema":{"@context":"https:\/\/schema.org","@graph":[{"@type":"WebPage","@id":"https:\/\/autravail.ca\/product\/botte-de-travail-bb4002\/","url":"https:\/\/autravail.ca\/product\/botte-de-travail-bb4002\/","name":"Botte de travail - BB4002 - Le Magasin Industriel","isPartOf":{"@id":"https:\/\/autravail.ca\/#website"},"primaryImageOfPage":{"@id":"https:\/\/autravail.ca\/product\/botte-de-travail-bb4002\/#primaryimage"},"image":{"@id":"https:\/\/autravail.ca\/product\/botte-de-travail-bb4002\/#primaryimage"},"thumbnailUrl":"https:\/\/autravail.ca\/wp-content\/uploads\/2025\/05\/BB4002_A01.jpg","datePublished":"2025-05-08T06:47:49+00:00","dateModified":"2026-04-08T19:15:13+00:00","description":"Botte de travail - BB4002 Big Red en microfibre de 20 cm (8 pouces) sont con\u00e7ues pour red\u00e9finir la durabilit\u00e9 et le confort","breadcrumb":{"@id":"https:\/\/autravail.ca\/product\/botte-de-travail-bb4002\/#breadcrumb"},"inLanguage":"en-CA","potentialAction":[{"@type":"ReadAction","target":["https:\/\/autravail.ca\/product\/botte-de-travail-bb4002\/"]}]},{"@type":"ImageObject","inLanguage":"en-CA","@id":"https:\/\/autravail.ca\/product\/botte-de-travail-bb4002\/#primaryimage","url":"https:\/\/autravail.ca\/wp-content\/uploads\/2025\/05\/BB4002_A01.jpg","contentUrl":"https:\/\/autravail.ca\/wp-content\/uploads\/2025\/05\/BB4002_A01.jpg","width":1000,"height":1000,"caption":"Botte de travail - BB4002"},{"@type":"BreadcrumbList","@id":"https:\/\/autravail.ca\/product\/botte-de-travail-bb4002\/#breadcrumb","itemListElement":[{"@type":"ListItem","position":1,"name":"Accueil","item":"https:\/\/autravail.ca\/"},{"@type":"ListItem","position":2,"name":"Magasin","item":"https:\/\/autravail.ca\/en\/shop\/"},{"@type":"ListItem","position":3,"name":"Botte de travail &#8211; BB4002"}]},{"@type":"WebSite","@id":"https:\/\/autravail.ca\/#website","url":"https:\/\/autravail.ca\/","name":"Le Magasin Industriel","description":"50 ans de tradition de s\u00e9curit\u00e9 au travail","publisher":{"@id":"https:\/\/autravail.ca\/#organization"},"potentialAction":[{"@type":"SearchAction","target":{"@type":"EntryPoint","urlTemplate":"https:\/\/autravail.ca\/?s={search_term_string}"},"query-input":{"@type":"PropertyValueSpecification","valueRequired":true,"valueName":"search_term_string"}}],"inLanguage":"en-CA"},{"@type":"Organization","@id":"https:\/\/autravail.ca\/#organization","name":"Le Magasin Industriel","url":"https:\/\/autravail.ca\/","logo":{"@type":"ImageObject","inLanguage":"en-CA","@id":"https:\/\/autravail.ca\/#\/schema\/logo\/image\/","url":"https:\/\/autravail.ca\/wp-content\/uploads\/2025\/05\/cropped-magasin_industriel_120x.avif","contentUrl":"https:\/\/autravail.ca\/wp-content\/uploads\/2025\/05\/cropped-magasin_industriel_120x.avif","width":120,"height":24,"caption":"Le Magasin Industriel"},"image":{"@id":"https:\/\/autravail.ca\/#\/schema\/logo\/image\/"},"sameAs":["https:\/\/www.facebook.com\/lemagasinindustriel\/?locale=fr_FR"]}]}},"jetpack_sharing_enabled":true,"_links":{"self":[{"href":"https:\/\/autravail.ca\/en\/wp-json\/wp\/v2\/product\/31194","targetHints":{"allow":["GET"]}}],"collection":[{"href":"https:\/\/autravail.ca\/en\/wp-json\/wp\/v2\/product"}],"about":[{"href":"https:\/\/autravail.ca\/en\/wp-json\/wp\/v2\/types\/product"}],"replies":[{"embeddable":true,"href":"https:\/\/autravail.ca\/en\/wp-json\/wp\/v2\/comments?post=31194"}],"wp:featuredmedia":[{"embeddable":true,"href":"https:\/\/autravail.ca\/en\/wp-json\/wp\/v2\/media\/15525"}],"wp:attachment":[{"href":"https:\/\/autravail.ca\/en\/wp-json\/wp\/v2\/media?parent=31194"}],"wp:term":[{"taxonomy":"product_cat","embeddable":true,"href":"https:\/\/autravail.ca\/en\/wp-json\/wp\/v2\/product_cat?post=31194"},{"taxonomy":"product_tag","embeddable":true,"href":"https:\/\/autravail.ca\/en\/wp-json\/wp\/v2\/product_tag?post=31194"}],"curies":[{"name":"wp","href":"https:\/\/api.w.org\/{rel}","templated":true}]}}