{"id":31145,"date":"2025-05-08T06:47:07","date_gmt":"2025-05-08T06:47:07","guid":{"rendered":"https:\/\/meteoquebec.ca\/?post_type=product&#038;p=31145"},"modified":"2026-04-08T14:02:22","modified_gmt":"2026-04-08T18:02:22","slug":"soulier-de-travail-big-basket-bb1140","status":"publish","type":"product","link":"https:\/\/autravail.ca\/en\/product\/soulier-de-travail-big-basket-bb1140\/","title":{"rendered":"Soulier de travail Big Basket &#8211; BB1140"},"content":{"rendered":"<h3>Soulier de travail Big Basket &#8211; BB1140<\/h3>\n<p>Soulier de travail Big Basket &#8211; BB1140 de <a href=\"https:\/\/autravail.ca\/en\/product-brand\/Big-bill\/\">Big Bill<\/a> est sans m\u00e9tal de 15 cm (6 pouces) offre une protection robuste et un confort optimal en toute l\u00e9g\u00e8ret\u00e9. Fabriqu\u00e9e en cuir nubuck pleine fleur, elle est con\u00e7ue pour r\u00e9sister aux conditions les plus difficiles tout en gardant vos pieds au sec. La doublure int\u00e9rieure innovante Exodry\u00ae Air-Exchanger de 2 mm et la doublure en tricot de nylon trait\u00e9 Scentrap\u00ae assurent une excellente respirabilit\u00e9 et un contr\u00f4le efficace des odeurs, pour un confort optimal m\u00eame lors des longues journ\u00e9es. La semelle Basf\u00ae Elastopan\u00ae combine r\u00e9sistance au glissement et aux hydrocarbures, propri\u00e9t\u00e9s anti-fatigue et thermor\u00e9gulatrices, pour un maintien et une stabilit\u00e9 tout au long de la journ\u00e9e. Gr\u00e2ce \u00e0 sa conception sans m\u00e9tal et \u00e0 ses caract\u00e9ristiques de s\u00e9curit\u00e9 avanc\u00e9es, cette chaussure offre des performances exceptionnelles l\u00e0 o\u00f9 c&rsquo;est le plus important.<\/p>\n<h6>Characteristics:<\/h6>\n<ul>\n<li style=\"list-style-type: none;\">\n<ul>\n<li><span dir=\"auto\">\u0152illets sans m\u00e9tal<\/span><\/li>\n<li><span dir=\"auto\">Cuir nubuck pleine fleur r\u00e9sistant \u00e0 l&rsquo;eau<\/span><\/li>\n<li><span dir=\"auto\">Coutures doubles<\/span><\/li>\n<li><span dir=\"auto\">Doublure int\u00e9rieure : Exodry\u00ae Air-Exchanger 2 mm<\/span><\/li>\n<li><span dir=\"auto\">Embout de protection asym\u00e9trique en composite<\/span><\/li>\n<li><span dir=\"auto\">Plaque anti-perforation en composite Kevlar\u00ae<\/span><\/li>\n<li><span dir=\"auto\">Electrical Risks Protection<\/span><\/li>\n<li><span dir=\"auto\">Protection en cuir sur l&#8217;embout<\/span><\/li>\n<li><span dir=\"auto\">ASTM F2413-18, M\/I\/C, EH PR<\/span><\/li>\n<li><span dir=\"auto\">CSA Z195-14, Classe 1, EH<\/span><\/li>\n<\/ul>\n<\/li>\n<\/ul>\n<h6 class=\"h5 specifications-title\"><span dir=\"auto\">Pays d&rsquo;origine<\/span><\/h6>\n<p class=\"specifications-value\"><span dir=\"auto\">Asie<\/span><\/p>\n<h6 class=\"h5 specifications-title\"><span dir=\"auto\">Seul<\/span><\/h6>\n<p class=\"specifications-value\"><span dir=\"auto\">Semelle ext\u00e9rieure : Basf Elastopan Griptec antid\u00e9rapante et r\u00e9sistante aux hydrocarbures, Semelle interm\u00e9diaire : Basf Elastopan l\u00e9g\u00e8re et anti-fatigue, Semelle int\u00e9rieure : Basf Elastopan Climate Control &amp; Comfort<\/span><\/p>\n<p><em><span style=\"color: #fa0b0b;\">Unisex U.S. men's sizes presented. To convert to U.S. women's size, add 2 sizes. Example: 5 U.S. men = 7 U.S. women<\/span><\/em><\/p>\n<p><img decoding=\"async\" class=\"alignnone wp-image-40620\" src=\"https:\/\/autravail.ca\/wp-content\/uploads\/2025\/09\/Jachete-quebec-et-canada.jpg\" alt=\"Logo de l'achat local\" width=\"162\" height=\"139\" \/>Merci d&rsquo;encourager une entreprise 100% d&rsquo;ici!<\/p>\n<p>TS2604H<\/p>","protected":false},"excerpt":{"rendered":"<p>Soulier de travail Big Basket &#8211; BB1140 Soulier de travail Big Basket &#8211; BB1140 de Big Bill est sans m\u00e9tal de 15 cm (6 pouces) offre une protection robuste et un confort optimal en toute l\u00e9g\u00e8ret\u00e9. Fabriqu\u00e9e en cuir nubuck pleine fleur, elle est con\u00e7ue pour r\u00e9sister aux conditions les plus difficiles tout en gardant [&hellip;]<\/p>","protected":false},"featured_media":15476,"comment_status":"open","ping_status":"closed","template":"","meta":[],"product_cat":[811,602,619,810],"product_tag":[367,252,242,253,257],"class_list":{"0":"post-31145","1":"product","2":"type-product","3":"status-publish","4":"has-post-thumbnail","6":"product_brand-big-bill","7":"product_cat-chaussures-de-securite","8":"product_cat-hommes","9":"product_cat-souliers-de-travail","10":"product_cat-souliers-de-travail-homme","11":"product_tag-big-bill-csa","12":"product_tag-electric-shock-resistant","13":"product_tag-homme","14":"product_tag-sole-protection","15":"product_tag-souliers-de-travail","17":"first","18":"instock","19":"taxable","20":"shipping-taxable","21":"purchasable","22":"product-type-variable"},"yoast_head":"<!-- This site is optimized with the Yoast SEO plugin v25.3.1 - https:\/\/yoast.com\/wordpress\/plugins\/seo\/ -->\n<title>Soulier de travail Big Basket - BB1140 - Le Magasin Industriel<\/title>\n<meta name=\"description\" content=\"Soulier de travail Big Basket - BB1140 sans m\u00e9tal de 15 cm (6 pouces) offre une protection robuste et un confort optimal en toute l\u00e9g\u00e8ret\u00e9\" \/>\n<meta name=\"robots\" content=\"index, follow, max-snippet:-1, max-image-preview:large, max-video-preview:-1\" \/>\n<link rel=\"canonical\" href=\"https:\/\/autravail.ca\/en\/product\/soulier-de-travail-big-basket-bb1140\/\" \/>\n<meta property=\"og:locale\" content=\"en_US\" \/>\n<meta property=\"og:type\" content=\"article\" \/>\n<meta property=\"og:title\" content=\"Soulier de travail Big Basket - BB1140 - Le Magasin Industriel\" \/>\n<meta property=\"og:description\" content=\"Soulier de travail Big Basket - BB1140 sans m\u00e9tal de 15 cm (6 pouces) offre une protection robuste et un confort optimal en toute l\u00e9g\u00e8ret\u00e9\" \/>\n<meta property=\"og:url\" content=\"https:\/\/autravail.ca\/en\/product\/soulier-de-travail-big-basket-bb1140\/\" \/>\n<meta property=\"og:site_name\" content=\"Le Magasin Industriel\" \/>\n<meta property=\"article:publisher\" content=\"https:\/\/www.facebook.com\/lemagasinindustriel\/?locale=fr_FR\" \/>\n<meta property=\"article:modified_time\" content=\"2026-04-08T18:02:22+00:00\" \/>\n<meta property=\"og:image\" content=\"https:\/\/autravail.ca\/wp-content\/uploads\/2025\/05\/BB1140_A01.jpg\" \/>\n\t<meta property=\"og:image:width\" content=\"1000\" \/>\n\t<meta property=\"og:image:height\" content=\"1000\" \/>\n\t<meta property=\"og:image:type\" content=\"image\/jpeg\" \/>\n<meta name=\"twitter:card\" content=\"summary_large_image\" \/>\n<meta name=\"twitter:label1\" content=\"Est. reading time\" \/>\n\t<meta name=\"twitter:data1\" content=\"2 minutes\" \/>\n<script type=\"application\/ld+json\" class=\"yoast-schema-graph\">{\"@context\":\"https:\/\/schema.org\",\"@graph\":[{\"@type\":\"WebPage\",\"@id\":\"https:\/\/autravail.ca\/product\/soulier-de-travail-big-basket-bb1140\/\",\"url\":\"https:\/\/autravail.ca\/product\/soulier-de-travail-big-basket-bb1140\/\",\"name\":\"Soulier de travail Big Basket - BB1140 - Le Magasin Industriel\",\"isPartOf\":{\"@id\":\"https:\/\/autravail.ca\/#website\"},\"primaryImageOfPage\":{\"@id\":\"https:\/\/autravail.ca\/product\/soulier-de-travail-big-basket-bb1140\/#primaryimage\"},\"image\":{\"@id\":\"https:\/\/autravail.ca\/product\/soulier-de-travail-big-basket-bb1140\/#primaryimage\"},\"thumbnailUrl\":\"https:\/\/autravail.ca\/wp-content\/uploads\/2025\/05\/BB1140_A01.jpg\",\"datePublished\":\"2025-05-08T06:47:07+00:00\",\"dateModified\":\"2026-04-08T18:02:22+00:00\",\"description\":\"Soulier de travail Big Basket - BB1140 sans m\u00e9tal de 15 cm (6 pouces) offre une protection robuste et un confort optimal en toute l\u00e9g\u00e8ret\u00e9\",\"breadcrumb\":{\"@id\":\"https:\/\/autravail.ca\/product\/soulier-de-travail-big-basket-bb1140\/#breadcrumb\"},\"inLanguage\":\"en-CA\",\"potentialAction\":[{\"@type\":\"ReadAction\",\"target\":[\"https:\/\/autravail.ca\/product\/soulier-de-travail-big-basket-bb1140\/\"]}]},{\"@type\":\"ImageObject\",\"inLanguage\":\"en-CA\",\"@id\":\"https:\/\/autravail.ca\/product\/soulier-de-travail-big-basket-bb1140\/#primaryimage\",\"url\":\"https:\/\/autravail.ca\/wp-content\/uploads\/2025\/05\/BB1140_A01.jpg\",\"contentUrl\":\"https:\/\/autravail.ca\/wp-content\/uploads\/2025\/05\/BB1140_A01.jpg\",\"width\":1000,\"height\":1000,\"caption\":\"Soulier de travail Big Basket - BB1140\"},{\"@type\":\"BreadcrumbList\",\"@id\":\"https:\/\/autravail.ca\/product\/soulier-de-travail-big-basket-bb1140\/#breadcrumb\",\"itemListElement\":[{\"@type\":\"ListItem\",\"position\":1,\"name\":\"Accueil\",\"item\":\"https:\/\/autravail.ca\/\"},{\"@type\":\"ListItem\",\"position\":2,\"name\":\"Magasin\",\"item\":\"https:\/\/autravail.ca\/en\/shop\/\"},{\"@type\":\"ListItem\",\"position\":3,\"name\":\"Soulier de travail Big Basket &#8211; BB1140\"}]},{\"@type\":\"WebSite\",\"@id\":\"https:\/\/autravail.ca\/#website\",\"url\":\"https:\/\/autravail.ca\/\",\"name\":\"Le Magasin Industriel\",\"description\":\"50 ans de tradition de s\u00e9curit\u00e9 au travail\",\"publisher\":{\"@id\":\"https:\/\/autravail.ca\/#organization\"},\"potentialAction\":[{\"@type\":\"SearchAction\",\"target\":{\"@type\":\"EntryPoint\",\"urlTemplate\":\"https:\/\/autravail.ca\/?s={search_term_string}\"},\"query-input\":{\"@type\":\"PropertyValueSpecification\",\"valueRequired\":true,\"valueName\":\"search_term_string\"}}],\"inLanguage\":\"en-CA\"},{\"@type\":\"Organization\",\"@id\":\"https:\/\/autravail.ca\/#organization\",\"name\":\"Le Magasin Industriel\",\"url\":\"https:\/\/autravail.ca\/\",\"logo\":{\"@type\":\"ImageObject\",\"inLanguage\":\"en-CA\",\"@id\":\"https:\/\/autravail.ca\/#\/schema\/logo\/image\/\",\"url\":\"https:\/\/autravail.ca\/wp-content\/uploads\/2025\/05\/cropped-magasin_industriel_120x.avif\",\"contentUrl\":\"https:\/\/autravail.ca\/wp-content\/uploads\/2025\/05\/cropped-magasin_industriel_120x.avif\",\"width\":120,\"height\":24,\"caption\":\"Le Magasin Industriel\"},\"image\":{\"@id\":\"https:\/\/autravail.ca\/#\/schema\/logo\/image\/\"},\"sameAs\":[\"https:\/\/www.facebook.com\/lemagasinindustriel\/?locale=fr_FR\"]}]}<\/script>\n<!-- \/ Yoast SEO plugin. -->","yoast_head_json":{"title":"Soulier de travail Big Basket - BB1140 - Le Magasin Industriel","description":"Soulier de travail Big Basket - BB1140 sans m\u00e9tal de 15 cm (6 pouces) offre une protection robuste et un confort optimal en toute l\u00e9g\u00e8ret\u00e9","robots":{"index":"index","follow":"follow","max-snippet":"max-snippet:-1","max-image-preview":"max-image-preview:large","max-video-preview":"max-video-preview:-1"},"canonical":"https:\/\/autravail.ca\/en\/product\/soulier-de-travail-big-basket-bb1140\/","og_locale":"en_US","og_type":"article","og_title":"Soulier de travail Big Basket - BB1140 - Le Magasin Industriel","og_description":"Soulier de travail Big Basket - BB1140 sans m\u00e9tal de 15 cm (6 pouces) offre une protection robuste et un confort optimal en toute l\u00e9g\u00e8ret\u00e9","og_url":"https:\/\/autravail.ca\/en\/product\/soulier-de-travail-big-basket-bb1140\/","og_site_name":"Le Magasin Industriel","article_publisher":"https:\/\/www.facebook.com\/lemagasinindustriel\/?locale=fr_FR","article_modified_time":"2026-04-08T18:02:22+00:00","og_image":[{"width":1000,"height":1000,"url":"https:\/\/autravail.ca\/wp-content\/uploads\/2025\/05\/BB1140_A01.jpg","type":"image\/jpeg"}],"twitter_card":"summary_large_image","twitter_misc":{"Est. reading time":"2 minutes"},"schema":{"@context":"https:\/\/schema.org","@graph":[{"@type":"WebPage","@id":"https:\/\/autravail.ca\/product\/soulier-de-travail-big-basket-bb1140\/","url":"https:\/\/autravail.ca\/product\/soulier-de-travail-big-basket-bb1140\/","name":"Soulier de travail Big Basket - BB1140 - Le Magasin Industriel","isPartOf":{"@id":"https:\/\/autravail.ca\/#website"},"primaryImageOfPage":{"@id":"https:\/\/autravail.ca\/product\/soulier-de-travail-big-basket-bb1140\/#primaryimage"},"image":{"@id":"https:\/\/autravail.ca\/product\/soulier-de-travail-big-basket-bb1140\/#primaryimage"},"thumbnailUrl":"https:\/\/autravail.ca\/wp-content\/uploads\/2025\/05\/BB1140_A01.jpg","datePublished":"2025-05-08T06:47:07+00:00","dateModified":"2026-04-08T18:02:22+00:00","description":"Soulier de travail Big Basket - BB1140 sans m\u00e9tal de 15 cm (6 pouces) offre une protection robuste et un confort optimal en toute l\u00e9g\u00e8ret\u00e9","breadcrumb":{"@id":"https:\/\/autravail.ca\/product\/soulier-de-travail-big-basket-bb1140\/#breadcrumb"},"inLanguage":"en-CA","potentialAction":[{"@type":"ReadAction","target":["https:\/\/autravail.ca\/product\/soulier-de-travail-big-basket-bb1140\/"]}]},{"@type":"ImageObject","inLanguage":"en-CA","@id":"https:\/\/autravail.ca\/product\/soulier-de-travail-big-basket-bb1140\/#primaryimage","url":"https:\/\/autravail.ca\/wp-content\/uploads\/2025\/05\/BB1140_A01.jpg","contentUrl":"https:\/\/autravail.ca\/wp-content\/uploads\/2025\/05\/BB1140_A01.jpg","width":1000,"height":1000,"caption":"Soulier de travail Big Basket - BB1140"},{"@type":"BreadcrumbList","@id":"https:\/\/autravail.ca\/product\/soulier-de-travail-big-basket-bb1140\/#breadcrumb","itemListElement":[{"@type":"ListItem","position":1,"name":"Accueil","item":"https:\/\/autravail.ca\/"},{"@type":"ListItem","position":2,"name":"Magasin","item":"https:\/\/autravail.ca\/en\/shop\/"},{"@type":"ListItem","position":3,"name":"Soulier de travail Big Basket &#8211; BB1140"}]},{"@type":"WebSite","@id":"https:\/\/autravail.ca\/#website","url":"https:\/\/autravail.ca\/","name":"Le Magasin Industriel","description":"50 ans de tradition de s\u00e9curit\u00e9 au travail","publisher":{"@id":"https:\/\/autravail.ca\/#organization"},"potentialAction":[{"@type":"SearchAction","target":{"@type":"EntryPoint","urlTemplate":"https:\/\/autravail.ca\/?s={search_term_string}"},"query-input":{"@type":"PropertyValueSpecification","valueRequired":true,"valueName":"search_term_string"}}],"inLanguage":"en-CA"},{"@type":"Organization","@id":"https:\/\/autravail.ca\/#organization","name":"Le Magasin Industriel","url":"https:\/\/autravail.ca\/","logo":{"@type":"ImageObject","inLanguage":"en-CA","@id":"https:\/\/autravail.ca\/#\/schema\/logo\/image\/","url":"https:\/\/autravail.ca\/wp-content\/uploads\/2025\/05\/cropped-magasin_industriel_120x.avif","contentUrl":"https:\/\/autravail.ca\/wp-content\/uploads\/2025\/05\/cropped-magasin_industriel_120x.avif","width":120,"height":24,"caption":"Le Magasin Industriel"},"image":{"@id":"https:\/\/autravail.ca\/#\/schema\/logo\/image\/"},"sameAs":["https:\/\/www.facebook.com\/lemagasinindustriel\/?locale=fr_FR"]}]}},"jetpack_sharing_enabled":true,"_links":{"self":[{"href":"https:\/\/autravail.ca\/en\/wp-json\/wp\/v2\/product\/31145","targetHints":{"allow":["GET"]}}],"collection":[{"href":"https:\/\/autravail.ca\/en\/wp-json\/wp\/v2\/product"}],"about":[{"href":"https:\/\/autravail.ca\/en\/wp-json\/wp\/v2\/types\/product"}],"replies":[{"embeddable":true,"href":"https:\/\/autravail.ca\/en\/wp-json\/wp\/v2\/comments?post=31145"}],"wp:featuredmedia":[{"embeddable":true,"href":"https:\/\/autravail.ca\/en\/wp-json\/wp\/v2\/media\/15476"}],"wp:attachment":[{"href":"https:\/\/autravail.ca\/en\/wp-json\/wp\/v2\/media?parent=31145"}],"wp:term":[{"taxonomy":"product_cat","embeddable":true,"href":"https:\/\/autravail.ca\/en\/wp-json\/wp\/v2\/product_cat?post=31145"},{"taxonomy":"product_tag","embeddable":true,"href":"https:\/\/autravail.ca\/en\/wp-json\/wp\/v2\/product_tag?post=31145"}],"curies":[{"name":"wp","href":"https:\/\/api.w.org\/{rel}","templated":true}]}}