{"id":31114,"date":"2025-05-08T06:46:46","date_gmt":"2025-05-08T06:46:46","guid":{"rendered":"https:\/\/meteoquebec.ca\/?post_type=product&#038;p=31114"},"modified":"2026-03-14T11:46:43","modified_gmt":"2026-03-14T15:46:43","slug":"bas-de-travail-dristex-drispb01","status":"publish","type":"product","link":"https:\/\/autravail.ca\/en\/product\/bas-de-travail-dristex-drispb01\/","title":{"rendered":"Work Socks Dristex - Drispb01"},"content":{"rendered":"<h3>2 pairs of work socks - Dristex<\/h3>\n<ul>\n<li>Sturdy base, comfortable, and with a sporty design. Ideal for workers.\n<\/li>\n<li>Support under the arch of the foot for that <strong>the bottom stays in place<\/strong>.<\/li>\n<li>35% Merino Wool, 15% Bamboo, 6% Organic Cotton, 42% Nylon Stretch and 2% Spandex\n<\/li>\n<li>Air circulation and moisture management of the foot.<\/li>\n<li>Advanced technology of three natural antibacterial and odor-resistant fibers<\/li>\n<li>Each package contains 2 pairs of socks.<\/li>\n<li style=\"font-weight: bold;\"><strong>Made in Quebec<\/strong><\/li>\n<\/ul>","protected":false},"excerpt":{"rendered":"<p>2 Pairs of bottom work \u2013 Dristex Sturdy and comfortable bottom and sport design. Ideal for workers. Support the foot arch to keep the bottom in place. Mi-mollet 35% merino wool, 15% bamboo, 6% organic cotton, 42% nylon strech and 2% spandex. Breathing and moisture management in [...]<\/p>","protected":false},"featured_media":15441,"comment_status":"open","ping_status":"closed","template":"","meta":[],"product_cat":[15,657,666,633,602],"product_tag":[301,302,255,242],"class_list":{"0":"post-31114","1":"product","2":"type-product","3":"status-publish","4":"has-post-thumbnail","6":"product_brand-dristex","7":"product_cat-uncategorized","8":"product_cat-accessoires-de-chaussures","9":"product_cat-bas-et-sous-vetements","10":"product_cat-femmes","11":"product_cat-hommes","12":"product_tag-bas-et-sous-vetements","13":"product_tag-cadeau","14":"product_tag-femme","15":"product_tag-homme","17":"first","18":"instock","19":"taxable","20":"shipping-taxable","21":"purchasable","22":"product-type-variable"},"yoast_head":"<!-- This site is optimized with the Yoast SEO plugin v25.3.1 - https:\/\/yoast.com\/wordpress\/plugins\/seo\/ -->\n<title>BAS DE TRAVAIL DRISTEX - DRISPB01 - Le Magasin Industriel<\/title>\n<meta name=\"robots\" content=\"index, follow, max-snippet:-1, max-image-preview:large, max-video-preview:-1\" \/>\n<link rel=\"canonical\" href=\"https:\/\/autravail.ca\/en\/product\/bas-de-travail-dristex-drispb01\/\" \/>\n<meta property=\"og:locale\" content=\"en_US\" \/>\n<meta property=\"og:type\" content=\"article\" \/>\n<meta property=\"og:title\" content=\"BAS DE TRAVAIL DRISTEX - DRISPB01 - Le Magasin Industriel\" \/>\n<meta property=\"og:description\" content=\"2 Paires de bas de travail &#8211; Dristex Bas robuste et confortable et au design sport. Id\u00e9al pour les travailleurs. Soutien \u00e0 l&rsquo;arche du pied pour que le bas reste en place. Mi-mollet 35% laine m\u00e9rino, 15% bamboo, 6% de coton organique, 42% nylon strech et 2% de spandex. Respirant et gestion de l&rsquo;humidit\u00e9 du [&hellip;]\" \/>\n<meta property=\"og:url\" content=\"https:\/\/autravail.ca\/en\/product\/bas-de-travail-dristex-drispb01\/\" \/>\n<meta property=\"og:site_name\" content=\"Le Magasin Industriel\" \/>\n<meta property=\"article:publisher\" content=\"https:\/\/www.facebook.com\/lemagasinindustriel\/?locale=fr_FR\" \/>\n<meta property=\"article:modified_time\" content=\"2026-03-14T15:46:43+00:00\" \/>\n<meta property=\"og:image\" content=\"https:\/\/autravail.ca\/wp-content\/uploads\/2025\/05\/Drisbpa1_A01.jpg\" \/>\n\t<meta property=\"og:image:width\" content=\"800\" \/>\n\t<meta property=\"og:image:height\" content=\"720\" \/>\n\t<meta property=\"og:image:type\" content=\"image\/jpeg\" \/>\n<meta name=\"twitter:card\" content=\"summary_large_image\" \/>\n<script type=\"application\/ld+json\" class=\"yoast-schema-graph\">{\"@context\":\"https:\/\/schema.org\",\"@graph\":[{\"@type\":\"WebPage\",\"@id\":\"https:\/\/autravail.ca\/product\/bas-de-travail-dristex-drispb01\/\",\"url\":\"https:\/\/autravail.ca\/product\/bas-de-travail-dristex-drispb01\/\",\"name\":\"BAS DE TRAVAIL DRISTEX - DRISPB01 - Le Magasin Industriel\",\"isPartOf\":{\"@id\":\"https:\/\/autravail.ca\/#website\"},\"primaryImageOfPage\":{\"@id\":\"https:\/\/autravail.ca\/product\/bas-de-travail-dristex-drispb01\/#primaryimage\"},\"image\":{\"@id\":\"https:\/\/autravail.ca\/product\/bas-de-travail-dristex-drispb01\/#primaryimage\"},\"thumbnailUrl\":\"https:\/\/autravail.ca\/wp-content\/uploads\/2025\/05\/Drisbpa1_A01.jpg\",\"datePublished\":\"2025-05-08T06:46:46+00:00\",\"dateModified\":\"2026-03-14T15:46:43+00:00\",\"breadcrumb\":{\"@id\":\"https:\/\/autravail.ca\/product\/bas-de-travail-dristex-drispb01\/#breadcrumb\"},\"inLanguage\":\"en-CA\",\"potentialAction\":[{\"@type\":\"ReadAction\",\"target\":[\"https:\/\/autravail.ca\/product\/bas-de-travail-dristex-drispb01\/\"]}]},{\"@type\":\"ImageObject\",\"inLanguage\":\"en-CA\",\"@id\":\"https:\/\/autravail.ca\/product\/bas-de-travail-dristex-drispb01\/#primaryimage\",\"url\":\"https:\/\/autravail.ca\/wp-content\/uploads\/2025\/05\/Drisbpa1_A01.jpg\",\"contentUrl\":\"https:\/\/autravail.ca\/wp-content\/uploads\/2025\/05\/Drisbpa1_A01.jpg\",\"width\":800,\"height\":720},{\"@type\":\"BreadcrumbList\",\"@id\":\"https:\/\/autravail.ca\/product\/bas-de-travail-dristex-drispb01\/#breadcrumb\",\"itemListElement\":[{\"@type\":\"ListItem\",\"position\":1,\"name\":\"Accueil\",\"item\":\"https:\/\/autravail.ca\/\"},{\"@type\":\"ListItem\",\"position\":2,\"name\":\"Magasin\",\"item\":\"https:\/\/autravail.ca\/en\/shop\/\"},{\"@type\":\"ListItem\",\"position\":3,\"name\":\"BAS DE TRAVAIL DRISTEX &#8211; DRISPB01\"}]},{\"@type\":\"WebSite\",\"@id\":\"https:\/\/autravail.ca\/#website\",\"url\":\"https:\/\/autravail.ca\/\",\"name\":\"Le Magasin Industriel\",\"description\":\"50 ans de tradition de s\u00e9curit\u00e9 au travail\",\"publisher\":{\"@id\":\"https:\/\/autravail.ca\/#organization\"},\"potentialAction\":[{\"@type\":\"SearchAction\",\"target\":{\"@type\":\"EntryPoint\",\"urlTemplate\":\"https:\/\/autravail.ca\/?s={search_term_string}\"},\"query-input\":{\"@type\":\"PropertyValueSpecification\",\"valueRequired\":true,\"valueName\":\"search_term_string\"}}],\"inLanguage\":\"en-CA\"},{\"@type\":\"Organization\",\"@id\":\"https:\/\/autravail.ca\/#organization\",\"name\":\"Le Magasin Industriel\",\"url\":\"https:\/\/autravail.ca\/\",\"logo\":{\"@type\":\"ImageObject\",\"inLanguage\":\"en-CA\",\"@id\":\"https:\/\/autravail.ca\/#\/schema\/logo\/image\/\",\"url\":\"https:\/\/autravail.ca\/wp-content\/uploads\/2025\/05\/cropped-magasin_industriel_120x.avif\",\"contentUrl\":\"https:\/\/autravail.ca\/wp-content\/uploads\/2025\/05\/cropped-magasin_industriel_120x.avif\",\"width\":120,\"height\":24,\"caption\":\"Le Magasin Industriel\"},\"image\":{\"@id\":\"https:\/\/autravail.ca\/#\/schema\/logo\/image\/\"},\"sameAs\":[\"https:\/\/www.facebook.com\/lemagasinindustriel\/?locale=fr_FR\"]}]}<\/script>\n<!-- \/ Yoast SEO plugin. -->","yoast_head_json":{"title":"BAS DE TRAVAIL DRISTEX - DRISPB01 - Le Magasin Industriel","robots":{"index":"index","follow":"follow","max-snippet":"max-snippet:-1","max-image-preview":"max-image-preview:large","max-video-preview":"max-video-preview:-1"},"canonical":"https:\/\/autravail.ca\/en\/product\/bas-de-travail-dristex-drispb01\/","og_locale":"en_US","og_type":"article","og_title":"BAS DE TRAVAIL DRISTEX - DRISPB01 - Le Magasin Industriel","og_description":"2 Paires de bas de travail &#8211; Dristex Bas robuste et confortable et au design sport. Id\u00e9al pour les travailleurs. Soutien \u00e0 l&rsquo;arche du pied pour que le bas reste en place. Mi-mollet 35% laine m\u00e9rino, 15% bamboo, 6% de coton organique, 42% nylon strech et 2% de spandex. Respirant et gestion de l&rsquo;humidit\u00e9 du [&hellip;]","og_url":"https:\/\/autravail.ca\/en\/product\/bas-de-travail-dristex-drispb01\/","og_site_name":"Le Magasin Industriel","article_publisher":"https:\/\/www.facebook.com\/lemagasinindustriel\/?locale=fr_FR","article_modified_time":"2026-03-14T15:46:43+00:00","og_image":[{"width":800,"height":720,"url":"https:\/\/autravail.ca\/wp-content\/uploads\/2025\/05\/Drisbpa1_A01.jpg","type":"image\/jpeg"}],"twitter_card":"summary_large_image","schema":{"@context":"https:\/\/schema.org","@graph":[{"@type":"WebPage","@id":"https:\/\/autravail.ca\/product\/bas-de-travail-dristex-drispb01\/","url":"https:\/\/autravail.ca\/product\/bas-de-travail-dristex-drispb01\/","name":"BAS DE TRAVAIL DRISTEX - DRISPB01 - Le Magasin Industriel","isPartOf":{"@id":"https:\/\/autravail.ca\/#website"},"primaryImageOfPage":{"@id":"https:\/\/autravail.ca\/product\/bas-de-travail-dristex-drispb01\/#primaryimage"},"image":{"@id":"https:\/\/autravail.ca\/product\/bas-de-travail-dristex-drispb01\/#primaryimage"},"thumbnailUrl":"https:\/\/autravail.ca\/wp-content\/uploads\/2025\/05\/Drisbpa1_A01.jpg","datePublished":"2025-05-08T06:46:46+00:00","dateModified":"2026-03-14T15:46:43+00:00","breadcrumb":{"@id":"https:\/\/autravail.ca\/product\/bas-de-travail-dristex-drispb01\/#breadcrumb"},"inLanguage":"en-CA","potentialAction":[{"@type":"ReadAction","target":["https:\/\/autravail.ca\/product\/bas-de-travail-dristex-drispb01\/"]}]},{"@type":"ImageObject","inLanguage":"en-CA","@id":"https:\/\/autravail.ca\/product\/bas-de-travail-dristex-drispb01\/#primaryimage","url":"https:\/\/autravail.ca\/wp-content\/uploads\/2025\/05\/Drisbpa1_A01.jpg","contentUrl":"https:\/\/autravail.ca\/wp-content\/uploads\/2025\/05\/Drisbpa1_A01.jpg","width":800,"height":720},{"@type":"BreadcrumbList","@id":"https:\/\/autravail.ca\/product\/bas-de-travail-dristex-drispb01\/#breadcrumb","itemListElement":[{"@type":"ListItem","position":1,"name":"Accueil","item":"https:\/\/autravail.ca\/"},{"@type":"ListItem","position":2,"name":"Magasin","item":"https:\/\/autravail.ca\/en\/shop\/"},{"@type":"ListItem","position":3,"name":"BAS DE TRAVAIL DRISTEX &#8211; DRISPB01"}]},{"@type":"WebSite","@id":"https:\/\/autravail.ca\/#website","url":"https:\/\/autravail.ca\/","name":"Le Magasin Industriel","description":"50 ans de tradition de s\u00e9curit\u00e9 au travail","publisher":{"@id":"https:\/\/autravail.ca\/#organization"},"potentialAction":[{"@type":"SearchAction","target":{"@type":"EntryPoint","urlTemplate":"https:\/\/autravail.ca\/?s={search_term_string}"},"query-input":{"@type":"PropertyValueSpecification","valueRequired":true,"valueName":"search_term_string"}}],"inLanguage":"en-CA"},{"@type":"Organization","@id":"https:\/\/autravail.ca\/#organization","name":"Le Magasin Industriel","url":"https:\/\/autravail.ca\/","logo":{"@type":"ImageObject","inLanguage":"en-CA","@id":"https:\/\/autravail.ca\/#\/schema\/logo\/image\/","url":"https:\/\/autravail.ca\/wp-content\/uploads\/2025\/05\/cropped-magasin_industriel_120x.avif","contentUrl":"https:\/\/autravail.ca\/wp-content\/uploads\/2025\/05\/cropped-magasin_industriel_120x.avif","width":120,"height":24,"caption":"Le Magasin Industriel"},"image":{"@id":"https:\/\/autravail.ca\/#\/schema\/logo\/image\/"},"sameAs":["https:\/\/www.facebook.com\/lemagasinindustriel\/?locale=fr_FR"]}]}},"jetpack_sharing_enabled":true,"_links":{"self":[{"href":"https:\/\/autravail.ca\/en\/wp-json\/wp\/v2\/product\/31114","targetHints":{"allow":["GET"]}}],"collection":[{"href":"https:\/\/autravail.ca\/en\/wp-json\/wp\/v2\/product"}],"about":[{"href":"https:\/\/autravail.ca\/en\/wp-json\/wp\/v2\/types\/product"}],"replies":[{"embeddable":true,"href":"https:\/\/autravail.ca\/en\/wp-json\/wp\/v2\/comments?post=31114"}],"wp:featuredmedia":[{"embeddable":true,"href":"https:\/\/autravail.ca\/en\/wp-json\/wp\/v2\/media\/15441"}],"wp:attachment":[{"href":"https:\/\/autravail.ca\/en\/wp-json\/wp\/v2\/media?parent=31114"}],"wp:term":[{"taxonomy":"product_cat","embeddable":true,"href":"https:\/\/autravail.ca\/en\/wp-json\/wp\/v2\/product_cat?post=31114"},{"taxonomy":"product_tag","embeddable":true,"href":"https:\/\/autravail.ca\/en\/wp-json\/wp\/v2\/product_tag?post=31114"}],"curies":[{"name":"wp","href":"https:\/\/api.w.org\/{rel}","templated":true}]}}