{"id":31053,"date":"2025-05-08T06:46:07","date_gmt":"2025-05-08T06:46:07","guid":{"rendered":"https:\/\/meteoquebec.ca\/?post_type=product&#038;p=31053"},"modified":"2025-12-05T05:10:53","modified_gmt":"2025-12-05T09:10:53","slug":"blundstone-bottillon-de-travail-180","status":"publish","type":"product","link":"https:\/\/autravail.ca\/en\/product\/blundstone-bottillon-de-travail-180\/","title":{"rendered":"BLUNDSTONE BOTTILLON DE TRAVAIL &#8211; 180"},"content":{"rendered":"<h3>BLUNDSTONE BOTTILLON DE TRAVAIL &#8211; 180<\/h3>\n<p>Le Blundstone bottillon de travail 180 r\u00e9pond \u00e0 tous les crit\u00e8res de s\u00e9curit\u00e9 pour assurer votre protection au travail. Dot\u00e9e d&rsquo;un embout de s\u00e9curit\u00e9 Blundstone en acier, elle garde vos pieds au sec et confortables toute la journ\u00e9e, m\u00eame sur du b\u00e9ton. Flexible, facile \u00e0 enfiler et \u00e0 enlever, elle vous \u00e9vite de transporter de la boue ou des d\u00e9bris dans les v\u00e9hicules, sur les tapis ou les nouveaux planchers. Le Blundstone bottillon de travail 180 est l\u00e9ger, durable et sa semelle r\u00e9siste aux chocs \u00e9lectriques, aux produits chimiques et \u00e0 l&rsquo;acide. Botte de travail approuv\u00e9e par la CSA.<\/p>\n<p><img decoding=\"async\" class=\"alignnone size-full wp-image-40117\" src=\"https:\/\/autravail.ca\/wp-content\/uploads\/2025\/09\/Certification-Omega-Triangle-vert.jpg\" alt=\"Certifications Om\u00e9ga Triangle vert\" width=\"193\" height=\"110\" srcset=\"https:\/\/autravail.ca\/wp-content\/uploads\/2025\/09\/Certification-Omega-Triangle-vert.jpg 193w, https:\/\/autravail.ca\/wp-content\/uploads\/2025\/09\/Certification-Omega-Triangle-vert-150x85.jpg 150w, https:\/\/autravail.ca\/wp-content\/uploads\/2025\/09\/Certification-Omega-Triangle-vert-18x10.jpg 18w\" sizes=\"(max-width: 193px) 100vw, 193px\" \/><\/p>\n<h4>Characteristics:<\/h4>\n<ul>\n<li>Protection: embout protecteur en acier homologu\u00e9 CSA Classe 1<\/li>\n<li>Semelle intercalaire: polyur\u00e9thane \u00e0 double densit\u00e9 et antiperforation<\/li>\n<li>Semelle ext\u00e9rieure: polyur\u00e9thane thermoplastique (TPU)<\/li>\n<li>Semelle int\u00e9rieure : XRD MC assurant soutien et confort<\/li>\n<li>Semelle: moul\u00e9e par injection &amp;mdash sans colle ni couture.<\/li>\n<li>Semelle: antid\u00e9rapante r\u00e9sistant \u00e0 la chaleur, \u00e0 l&rsquo;huile, \u00e0 l&rsquo;acide et aux chocs \u00e9lectriques<\/li>\n<li>Assise plantaire : EVA confortable amovible avec XRD (Superscript MC) dans la talonnette<\/li>\n<li>Empeigne: Cuir<\/li>\n<li>Certifications: Approuv\u00e9e CSA classe 1<\/li>\n<\/ul>\n<p>&nbsp;<\/p>\n<div id=\"accordion--specifications--content\" class=\"accordion__content js-accordion__content\" role=\"region\" hidden=\"\" aria-labelledby=\"accordion-specifications--button\">\n<ul>\n<li>Steel Approved CSA Protective End Cap Class 1<\/li>\n<li>Rubber tip for a longer life<\/li>\n<li>At the test of tempestuous weather, its leather has a thickness of 2.5 mm, a peak in the industry but it 'breathes' for optimal comfort<\/li>\n<li>Internal heel XRD<sup>MC<\/sup> ensuring support and comfort from morning until evening<\/li>\n<li>Intercalated midsole in two-density polyurethane and exterior midsole in thermoplastic polyurethane (TPU): resistant to weather conditions, durable and lightweight, it offers maximum grip<\/li>\n<li>Lenzi's intercalary antiperforation soles: lighter, safer, more flexible, more comfortable, and warmer than steel<\/li>\n<li>They will not disintegrate or detach (since they are injection molded without adhesive or seams)<\/li>\n<li>Anti-slip resistant to heat, oil, acid, and electrical shocks<\/li>\n<li>Molded heel for better fit<\/li>\n<li>Comfortable reclinable EVA seat with XRD<sup>MC<\/sup> in the heel<\/li>\n<li>Approved by CSA<\/li>\n<li>Unisex Boots<\/li>\n<\/ul>\n<\/div>\n<div id=\"accordion--specifications--content\" class=\"accordion__content js-accordion__content\" role=\"region\" hidden=\"\" aria-labelledby=\"accordion-specifications--button\">\n<ul>\n<li>Steel Approved CSA Protective End Cap Class 1<\/li>\n<li>Rubber tip for a longer life<\/li>\n<li>At the test of tempestuous weather, its leather has a thickness of 2.5 mm, a peak in the industry but it 'breathes' for optimal comfort<\/li>\n<li>Internal heel XRD<sup>MC<\/sup> ensuring support and comfort from morning until evening<\/li>\n<li>Intercalated midsole in two-density polyurethane and exterior midsole in thermoplastic polyurethane (TPU): resistant to weather conditions, durable and lightweight, it offers maximum grip<\/li>\n<li>Lenzi's intercalary antiperforation soles: lighter, safer, more flexible, more comfortable, and warmer than steel<\/li>\n<li>They will not disintegrate or detach (since they are injection molded without adhesive or seams)<\/li>\n<li>Anti-slip resistant to heat, oil, acid, and electrical shocks<\/li>\n<li>Molded heel for better fit<\/li>\n<li>Comfortable reclinable EVA seat with XRD<sup>MC<\/sup> in the heel<\/li>\n<li>Approved by CSA<\/li>\n<li>Unisex Boots<\/li>\n<\/ul>\n<\/div>\n<div id=\"accordion--specifications--content\" class=\"accordion__content js-accordion__content\" role=\"region\" hidden=\"\" aria-labelledby=\"accordion-specifications--button\">\n<ul>\n<li>Steel Approved CSA Protective End Cap Class 1<\/li>\n<li>Rubber tip for a longer life<\/li>\n<li>At the test of tempestuous weather, its leather has a thickness of 2.5 mm, a peak in the industry but it 'breathes' for optimal comfort<\/li>\n<li>Internal heel XRD<sup>MC<\/sup> ensuring support and comfort from morning until evening<\/li>\n<li>Intercalated midsole in two-density polyurethane and exterior midsole in thermoplastic polyurethane (TPU): resistant to weather conditions, durable and lightweight, it offers maximum grip<\/li>\n<li>Lenzi's intercalary antiperforation soles: lighter, safer, more flexible, more comfortable, and warmer than steel<\/li>\n<li>They will not disintegrate or detach (since they are injection molded without adhesive or seams)<\/li>\n<li>Anti-slip resistant to heat, oil, acid, and electrical shocks<\/li>\n<li>Molded heel for better fit<\/li>\n<li>Comfortable reclinable EVA seat with XRD<sup>MC<\/sup> in the heel<\/li>\n<li>Approved by CSA<\/li>\n<li>Unisex Boots<\/li>\n<\/ul>\n<\/div>\n<div id=\"accordion--specifications--content\" class=\"accordion__content js-accordion__content\" role=\"region\" hidden=\"\" aria-labelledby=\"accordion-specifications--button\">\n<ul>\n<li>Steel Approved CSA Protective End Cap Class 1<\/li>\n<li>Rubber tip for a longer life<\/li>\n<li>At the test of tempestuous weather, its leather has a thickness of 2.5 mm, a peak in the industry but it 'breathes' for optimal comfort<\/li>\n<li>Internal heel XRD<sup>MC<\/sup> ensuring support and comfort from morning until evening<\/li>\n<li>Intercalated midsole in two-density polyurethane and exterior midsole in thermoplastic polyurethane (TPU): resistant to weather conditions, durable and lightweight, it offers maximum grip<\/li>\n<li>Lenzi's intercalary antiperforation soles: lighter, safer, more flexible, more comfortable, and warmer than steel<\/li>\n<li>They will not disintegrate or detach (since they are injection molded without adhesive or seams)<\/li>\n<li>Anti-slip resistant to heat, oil, acid, and electrical shocks<\/li>\n<li>Molded heel for better fit<\/li>\n<li>Comfortable reclinable EVA seat with XRD<sup>MC<\/sup> in the heel<\/li>\n<li>Approved by CSA<\/li>\n<li>Unisex Boots<\/li>\n<\/ul>\n<\/div>\n<div id=\"accordion--specifications--content\" class=\"accordion__content js-accordion__content\" role=\"region\" hidden=\"\" aria-labelledby=\"accordion-specifications--button\">\n<ul>\n<li>Steel Approved CSA Protective End Cap Class 1<\/li>\n<li>Rubber tip for a longer life<\/li>\n<li>At the test of tempestuous weather, its leather has a thickness of 2.5 mm, a peak in the industry but it 'breathes' for optimal comfort<\/li>\n<li>Internal heel XRD<sup>MC<\/sup> ensuring support and comfort from morning until evening<\/li>\n<li>Intercalated midsole in two-density polyurethane and exterior midsole in thermoplastic polyurethane (TPU): resistant to weather conditions, durable and lightweight, it offers maximum grip<\/li>\n<li>Lenzi's intercalary antiperforation soles: lighter, safer, more flexible, more comfortable, and warmer than steel<\/li>\n<li>They will not disintegrate or detach (since they are injection molded without adhesive or seams)<\/li>\n<li>Anti-slip resistant to heat, oil, acid, and electrical shocks<\/li>\n<li>Molded heel for better fit<\/li>\n<li>Comfortable reclinable EVA seat with XRD<sup>MC<\/sup> in the heel<\/li>\n<li>Approved by CSA<\/li>\n<li>Unisex Boots<\/li>\n<\/ul>\n<\/div>\n<div id=\"accordion--specifications--content\" class=\"accordion__content js-accordion__content\" role=\"region\" hidden=\"\" aria-labelledby=\"accordion-specifications--button\">\n<ul>\n<li>Steel Approved CSA Protective End Cap Class 1<\/li>\n<li>Rubber tip for a longer life<\/li>\n<li>At the test of tempestuous weather, its leather has a thickness of 2.5 mm, a peak in the industry but it 'breathes' for optimal comfort<\/li>\n<li>Internal heel XRD<sup>MC<\/sup> ensuring support and comfort from morning until evening<\/li>\n<li>Intercalated midsole in two-density polyurethane and exterior midsole in thermoplastic polyurethane (TPU): resistant to weather conditions, durable and lightweight, it offers maximum grip<\/li>\n<li>Lenzi's intercalary antiperforation soles: lighter, safer, more flexible, more comfortable, and warmer than steel<\/li>\n<li>They will not disintegrate or detach (since they are injection molded without adhesive or seams)<\/li>\n<li>Anti-slip resistant to heat, oil, acid, and electrical shocks<\/li>\n<li>Molded heel for better fit<\/li>\n<li>Comfortable reclinable EVA seat with XRD<sup>MC<\/sup> in the heel<\/li>\n<li>Approved by CSA<\/li>\n<li>Unisex Boots<\/li>\n<\/ul>\n<\/div>","protected":false},"excerpt":{"rendered":"<p>BLUNDSTONE BOTTILLON DE TRAVAIL &#8211; 180 Le Blundstone bottillon de travail 180 r\u00e9pond \u00e0 tous les crit\u00e8res de s\u00e9curit\u00e9 pour assurer votre protection au travail. Dot\u00e9e d&rsquo;un embout de s\u00e9curit\u00e9 Blundstone en acier, elle garde vos pieds au sec et confortables toute la journ\u00e9e, m\u00eame sur du b\u00e9ton. Flexible, facile \u00e0 enfiler et \u00e0 enlever, [&hellip;]<\/p>","protected":false},"featured_media":15362,"comment_status":"open","ping_status":"closed","template":"","meta":[],"product_cat":[621,602],"product_tag":[260,252,255,242,253],"class_list":{"0":"post-31053","1":"product","2":"type-product","3":"status-publish","4":"has-post-thumbnail","6":"product_brand-blundstone","7":"product_cat-bottes-de-travail-6","8":"product_cat-hommes","9":"product_tag-bottillons-de-travail","10":"product_tag-electric-shock-resistant","11":"product_tag-femme","12":"product_tag-homme","13":"product_tag-sole-protection","15":"first","16":"instock","17":"taxable","18":"shipping-taxable","19":"purchasable","20":"product-type-variable"},"yoast_head":"<!-- This site is optimized with the Yoast SEO plugin v25.3.1 - https:\/\/yoast.com\/wordpress\/plugins\/seo\/ -->\n<title>BLUNDSTONE BOTTILLON DE TRAVAIL - 180 - Le Magasin Industriel<\/title>\n<meta name=\"description\" content=\"Blundstone bottillon de travail 180 avec protection de l&#039;embout et plaque antiperforation. Ce bottillon est certifi\u00e9 CSA, l\u00e9ger et confortable.\" \/>\n<meta name=\"robots\" content=\"index, follow, max-snippet:-1, max-image-preview:large, max-video-preview:-1\" \/>\n<link rel=\"canonical\" href=\"https:\/\/autravail.ca\/en\/product\/blundstone-bottillon-de-travail-180\/\" \/>\n<meta property=\"og:locale\" content=\"en_US\" \/>\n<meta property=\"og:type\" content=\"article\" \/>\n<meta property=\"og:title\" content=\"BLUNDSTONE BOTTILLON DE TRAVAIL - 180 - Le Magasin Industriel\" \/>\n<meta property=\"og:description\" content=\"Blundstone bottillon de travail 180 avec protection de l&#039;embout et plaque antiperforation. Ce bottillon est certifi\u00e9 CSA, l\u00e9ger et confortable.\" \/>\n<meta property=\"og:url\" content=\"https:\/\/autravail.ca\/en\/product\/blundstone-bottillon-de-travail-180\/\" \/>\n<meta property=\"og:site_name\" content=\"Le Magasin Industriel\" \/>\n<meta property=\"article:publisher\" content=\"https:\/\/www.facebook.com\/lemagasinindustriel\/?locale=fr_FR\" \/>\n<meta property=\"article:modified_time\" content=\"2025-12-05T09:10:53+00:00\" \/>\n<meta property=\"og:image\" content=\"https:\/\/autravail.ca\/wp-content\/uploads\/2025\/05\/B180_A01.jpg\" \/>\n\t<meta property=\"og:image:width\" content=\"1000\" \/>\n\t<meta property=\"og:image:height\" content=\"1000\" \/>\n\t<meta property=\"og:image:type\" content=\"image\/jpeg\" \/>\n<meta name=\"twitter:card\" content=\"summary_large_image\" \/>\n<meta name=\"twitter:label1\" content=\"Est. reading time\" \/>\n\t<meta name=\"twitter:data1\" content=\"7 minutes\" \/>\n<script type=\"application\/ld+json\" class=\"yoast-schema-graph\">{\"@context\":\"https:\/\/schema.org\",\"@graph\":[{\"@type\":\"WebPage\",\"@id\":\"https:\/\/autravail.ca\/product\/blundstone-bottillon-de-travail-180\/\",\"url\":\"https:\/\/autravail.ca\/product\/blundstone-bottillon-de-travail-180\/\",\"name\":\"BLUNDSTONE BOTTILLON DE TRAVAIL - 180 - Le Magasin Industriel\",\"isPartOf\":{\"@id\":\"https:\/\/autravail.ca\/#website\"},\"primaryImageOfPage\":{\"@id\":\"https:\/\/autravail.ca\/product\/blundstone-bottillon-de-travail-180\/#primaryimage\"},\"image\":{\"@id\":\"https:\/\/autravail.ca\/product\/blundstone-bottillon-de-travail-180\/#primaryimage\"},\"thumbnailUrl\":\"https:\/\/autravail.ca\/wp-content\/uploads\/2025\/05\/B180_A01.jpg\",\"datePublished\":\"2025-05-08T06:46:07+00:00\",\"dateModified\":\"2025-12-05T09:10:53+00:00\",\"description\":\"Blundstone bottillon de travail 180 avec protection de l'embout et plaque antiperforation. Ce bottillon est certifi\u00e9 CSA, l\u00e9ger et confortable.\",\"breadcrumb\":{\"@id\":\"https:\/\/autravail.ca\/product\/blundstone-bottillon-de-travail-180\/#breadcrumb\"},\"inLanguage\":\"en-CA\",\"potentialAction\":[{\"@type\":\"ReadAction\",\"target\":[\"https:\/\/autravail.ca\/product\/blundstone-bottillon-de-travail-180\/\"]}]},{\"@type\":\"ImageObject\",\"inLanguage\":\"en-CA\",\"@id\":\"https:\/\/autravail.ca\/product\/blundstone-bottillon-de-travail-180\/#primaryimage\",\"url\":\"https:\/\/autravail.ca\/wp-content\/uploads\/2025\/05\/B180_A01.jpg\",\"contentUrl\":\"https:\/\/autravail.ca\/wp-content\/uploads\/2025\/05\/B180_A01.jpg\",\"width\":1000,\"height\":1000,\"caption\":\"BLUNDSTONE BOTTILLON DE TRAVAIL - 180 Brun\"},{\"@type\":\"BreadcrumbList\",\"@id\":\"https:\/\/autravail.ca\/product\/blundstone-bottillon-de-travail-180\/#breadcrumb\",\"itemListElement\":[{\"@type\":\"ListItem\",\"position\":1,\"name\":\"Accueil\",\"item\":\"https:\/\/autravail.ca\/\"},{\"@type\":\"ListItem\",\"position\":2,\"name\":\"Magasin\",\"item\":\"https:\/\/autravail.ca\/en\/shop\/\"},{\"@type\":\"ListItem\",\"position\":3,\"name\":\"BLUNDSTONE BOTTILLON DE TRAVAIL &#8211; 180\"}]},{\"@type\":\"WebSite\",\"@id\":\"https:\/\/autravail.ca\/#website\",\"url\":\"https:\/\/autravail.ca\/\",\"name\":\"Le Magasin Industriel\",\"description\":\"50 ans de tradition de s\u00e9curit\u00e9 au travail\",\"publisher\":{\"@id\":\"https:\/\/autravail.ca\/#organization\"},\"potentialAction\":[{\"@type\":\"SearchAction\",\"target\":{\"@type\":\"EntryPoint\",\"urlTemplate\":\"https:\/\/autravail.ca\/?s={search_term_string}\"},\"query-input\":{\"@type\":\"PropertyValueSpecification\",\"valueRequired\":true,\"valueName\":\"search_term_string\"}}],\"inLanguage\":\"en-CA\"},{\"@type\":\"Organization\",\"@id\":\"https:\/\/autravail.ca\/#organization\",\"name\":\"Le Magasin Industriel\",\"url\":\"https:\/\/autravail.ca\/\",\"logo\":{\"@type\":\"ImageObject\",\"inLanguage\":\"en-CA\",\"@id\":\"https:\/\/autravail.ca\/#\/schema\/logo\/image\/\",\"url\":\"https:\/\/autravail.ca\/wp-content\/uploads\/2025\/05\/cropped-magasin_industriel_120x.avif\",\"contentUrl\":\"https:\/\/autravail.ca\/wp-content\/uploads\/2025\/05\/cropped-magasin_industriel_120x.avif\",\"width\":120,\"height\":24,\"caption\":\"Le Magasin Industriel\"},\"image\":{\"@id\":\"https:\/\/autravail.ca\/#\/schema\/logo\/image\/\"},\"sameAs\":[\"https:\/\/www.facebook.com\/lemagasinindustriel\/?locale=fr_FR\"]}]}<\/script>\n<!-- \/ Yoast SEO plugin. -->","yoast_head_json":{"title":"BLUNDSTONE BOTTILLON DE TRAVAIL - 180 - Le Magasin Industriel","description":"Blundstone bottillon de travail 180 avec protection de l'embout et plaque antiperforation. Ce bottillon est certifi\u00e9 CSA, l\u00e9ger et confortable.","robots":{"index":"index","follow":"follow","max-snippet":"max-snippet:-1","max-image-preview":"max-image-preview:large","max-video-preview":"max-video-preview:-1"},"canonical":"https:\/\/autravail.ca\/en\/product\/blundstone-bottillon-de-travail-180\/","og_locale":"en_US","og_type":"article","og_title":"BLUNDSTONE BOTTILLON DE TRAVAIL - 180 - Le Magasin Industriel","og_description":"Blundstone bottillon de travail 180 avec protection de l'embout et plaque antiperforation. Ce bottillon est certifi\u00e9 CSA, l\u00e9ger et confortable.","og_url":"https:\/\/autravail.ca\/en\/product\/blundstone-bottillon-de-travail-180\/","og_site_name":"Le Magasin Industriel","article_publisher":"https:\/\/www.facebook.com\/lemagasinindustriel\/?locale=fr_FR","article_modified_time":"2025-12-05T09:10:53+00:00","og_image":[{"width":1000,"height":1000,"url":"https:\/\/autravail.ca\/wp-content\/uploads\/2025\/05\/B180_A01.jpg","type":"image\/jpeg"}],"twitter_card":"summary_large_image","twitter_misc":{"Est. reading time":"7 minutes"},"schema":{"@context":"https:\/\/schema.org","@graph":[{"@type":"WebPage","@id":"https:\/\/autravail.ca\/product\/blundstone-bottillon-de-travail-180\/","url":"https:\/\/autravail.ca\/product\/blundstone-bottillon-de-travail-180\/","name":"BLUNDSTONE BOTTILLON DE TRAVAIL - 180 - Le Magasin Industriel","isPartOf":{"@id":"https:\/\/autravail.ca\/#website"},"primaryImageOfPage":{"@id":"https:\/\/autravail.ca\/product\/blundstone-bottillon-de-travail-180\/#primaryimage"},"image":{"@id":"https:\/\/autravail.ca\/product\/blundstone-bottillon-de-travail-180\/#primaryimage"},"thumbnailUrl":"https:\/\/autravail.ca\/wp-content\/uploads\/2025\/05\/B180_A01.jpg","datePublished":"2025-05-08T06:46:07+00:00","dateModified":"2025-12-05T09:10:53+00:00","description":"Blundstone bottillon de travail 180 avec protection de l'embout et plaque antiperforation. Ce bottillon est certifi\u00e9 CSA, l\u00e9ger et confortable.","breadcrumb":{"@id":"https:\/\/autravail.ca\/product\/blundstone-bottillon-de-travail-180\/#breadcrumb"},"inLanguage":"en-CA","potentialAction":[{"@type":"ReadAction","target":["https:\/\/autravail.ca\/product\/blundstone-bottillon-de-travail-180\/"]}]},{"@type":"ImageObject","inLanguage":"en-CA","@id":"https:\/\/autravail.ca\/product\/blundstone-bottillon-de-travail-180\/#primaryimage","url":"https:\/\/autravail.ca\/wp-content\/uploads\/2025\/05\/B180_A01.jpg","contentUrl":"https:\/\/autravail.ca\/wp-content\/uploads\/2025\/05\/B180_A01.jpg","width":1000,"height":1000,"caption":"BLUNDSTONE BOTTILLON DE TRAVAIL - 180 Brun"},{"@type":"BreadcrumbList","@id":"https:\/\/autravail.ca\/product\/blundstone-bottillon-de-travail-180\/#breadcrumb","itemListElement":[{"@type":"ListItem","position":1,"name":"Accueil","item":"https:\/\/autravail.ca\/"},{"@type":"ListItem","position":2,"name":"Magasin","item":"https:\/\/autravail.ca\/en\/shop\/"},{"@type":"ListItem","position":3,"name":"BLUNDSTONE BOTTILLON DE TRAVAIL &#8211; 180"}]},{"@type":"WebSite","@id":"https:\/\/autravail.ca\/#website","url":"https:\/\/autravail.ca\/","name":"Le Magasin Industriel","description":"50 ans de tradition de s\u00e9curit\u00e9 au travail","publisher":{"@id":"https:\/\/autravail.ca\/#organization"},"potentialAction":[{"@type":"SearchAction","target":{"@type":"EntryPoint","urlTemplate":"https:\/\/autravail.ca\/?s={search_term_string}"},"query-input":{"@type":"PropertyValueSpecification","valueRequired":true,"valueName":"search_term_string"}}],"inLanguage":"en-CA"},{"@type":"Organization","@id":"https:\/\/autravail.ca\/#organization","name":"Le Magasin Industriel","url":"https:\/\/autravail.ca\/","logo":{"@type":"ImageObject","inLanguage":"en-CA","@id":"https:\/\/autravail.ca\/#\/schema\/logo\/image\/","url":"https:\/\/autravail.ca\/wp-content\/uploads\/2025\/05\/cropped-magasin_industriel_120x.avif","contentUrl":"https:\/\/autravail.ca\/wp-content\/uploads\/2025\/05\/cropped-magasin_industriel_120x.avif","width":120,"height":24,"caption":"Le Magasin Industriel"},"image":{"@id":"https:\/\/autravail.ca\/#\/schema\/logo\/image\/"},"sameAs":["https:\/\/www.facebook.com\/lemagasinindustriel\/?locale=fr_FR"]}]}},"jetpack_sharing_enabled":true,"_links":{"self":[{"href":"https:\/\/autravail.ca\/en\/wp-json\/wp\/v2\/product\/31053","targetHints":{"allow":["GET"]}}],"collection":[{"href":"https:\/\/autravail.ca\/en\/wp-json\/wp\/v2\/product"}],"about":[{"href":"https:\/\/autravail.ca\/en\/wp-json\/wp\/v2\/types\/product"}],"replies":[{"embeddable":true,"href":"https:\/\/autravail.ca\/en\/wp-json\/wp\/v2\/comments?post=31053"}],"wp:featuredmedia":[{"embeddable":true,"href":"https:\/\/autravail.ca\/en\/wp-json\/wp\/v2\/media\/15362"}],"wp:attachment":[{"href":"https:\/\/autravail.ca\/en\/wp-json\/wp\/v2\/media?parent=31053"}],"wp:term":[{"taxonomy":"product_cat","embeddable":true,"href":"https:\/\/autravail.ca\/en\/wp-json\/wp\/v2\/product_cat?post=31053"},{"taxonomy":"product_tag","embeddable":true,"href":"https:\/\/autravail.ca\/en\/wp-json\/wp\/v2\/product_tag?post=31053"}],"curies":[{"name":"wp","href":"https:\/\/api.w.org\/{rel}","templated":true}]}}