{"id":30938,"date":"2025-05-08T06:44:37","date_gmt":"2025-05-08T06:44:37","guid":{"rendered":"https:\/\/meteoquebec.ca\/?post_type=product&#038;p=30938"},"modified":"2025-12-05T05:10:54","modified_gmt":"2025-12-05T09:10:54","slug":"blundstone-bottillon-de-travail-162","status":"publish","type":"product","link":"https:\/\/autravail.ca\/en\/product\/blundstone-bottillon-de-travail-162\/","title":{"rendered":"BLUNDSTONE BOTTILLON DE TRAVAIL &#8211; 162"},"content":{"rendered":"<h3><a href=\"\/en\/product-brand\/blundstone\/\">BLUNDSTONE<\/a> BOTTILLON DE TRAVAIL &#8211; 162<\/h3>\n<p>Le Blundstone bottillon de travail 162 r\u00e9pond \u00e0 tous les crit\u00e8res de s\u00e9curit\u00e9 pour assurer votre protection au travail. Dot\u00e9e d&rsquo;un embout de s\u00e9curit\u00e9 Blundstone en acier, elle garde vos pieds au sec et confortables toute la journ\u00e9e, m\u00eame sur du b\u00e9ton. Flexible, facile \u00e0 enfiler et \u00e0 enlever, elle vous \u00e9vite de transporter de la boue ou des d\u00e9bris dans les v\u00e9hicules, sur les tapis ou les nouveaux planchers. Le Blundstone bottillon de travail 162 est l\u00e9ger, durable et sa semelle r\u00e9siste aux chocs \u00e9lectriques, aux produits chimiques et \u00e0 l&rsquo;acide. Approuv\u00e9e par la CSA.<\/p>\n<p><img decoding=\"async\" class=\"alignnone size-full wp-image-40117\" src=\"https:\/\/autravail.ca\/wp-content\/uploads\/2025\/09\/Certification-Omega-Triangle-vert.jpg\" alt=\"Certifications Om\u00e9ga Triangle vert\" width=\"193\" height=\"110\" srcset=\"https:\/\/autravail.ca\/wp-content\/uploads\/2025\/09\/Certification-Omega-Triangle-vert.jpg 193w, https:\/\/autravail.ca\/wp-content\/uploads\/2025\/09\/Certification-Omega-Triangle-vert-150x85.jpg 150w, https:\/\/autravail.ca\/wp-content\/uploads\/2025\/09\/Certification-Omega-Triangle-vert-18x10.jpg 18w\" sizes=\"(max-width: 193px) 100vw, 193px\" \/><\/p>\n<h4>Characteristics:<\/h4>\n<ul>\n<li>Protective cap made of CSA certified steel Class 1<\/li>\n<li>Rubber tip for a longer life<\/li>\n<li>At the proof of tempests with a leather of 2.5mm<\/li>\n<li>Intercalating midsole in two-density polyurethane and external sole in polyurethane offering maximum grip.<\/li>\n<li>Inner sole XRD MC providing support and comfort from morning until evening<\/li>\n<li>Intercalary anti-perforation sole<\/li>\n<li>They will not disintegrate or detach (injection molded &mdash; without adhesive nor stitching &mdash;)<\/li>\n<li>Anti-slip resistant to heat, oil, acid, and electric shocks<\/li>\n<li>Seat, plantar EVA comfortable removable with XRD (superscript MC) in the ankle<\/li>\n<\/ul>\n<h6>Cuir et soufflets de qualit\u00e9 sup\u00e9rieure r\u00e9sistans aux intemp\u00e9ries<\/h6>\n<p>Le cuir r\u00e9sistant aux intemp\u00e9ries, d&rsquo;une \u00e9paisseur de 2,5 mm, est respirant pour un confort absolu. Les soufflets r\u00e9sistants aux intemp\u00e9ries conservent leur forme et leur \u00e9lasticit\u00e9.<\/p>\n<h6>Semelle ext\u00e9rieure durable \u00e0 double densit\u00e9<\/h6>\n<p>La semelle ext\u00e9rieure en TPU est souple et l\u00e9g\u00e8re, offrant une excellente adh\u00e9rence. Elle est r\u00e9sistante \u00e0 l&rsquo;huile, \u00e0 l&rsquo;acide et aux chocs \u00e9lectriques. Elle r\u00e9siste \u00e0 la chaleur jusqu&rsquo;\u00e0 140 \u00b0C. La semelle interm\u00e9diaire en PU souple offre confort et amorti tout au long de la journ\u00e9e. Les semelles moul\u00e9es par injection s&rsquo;int\u00e8grent parfaitement \u00e0 la tige en cuir pour une meilleure r\u00e9sistance aux intemp\u00e9ries et une durabilit\u00e9 accrue.<\/p>\n<h6>Ajustement s\u00fbr et personnalis\u00e9<\/h6>\n<p>Le cuir moul\u00e9 de la botte assure un ajustement personnalis\u00e9, contribuant ainsi \u00e0 la stabilit\u00e9 et \u00e0 la s\u00e9curit\u00e9 du pied. Le cambrion en nylon offre un meilleur contr\u00f4le de la torsion et une meilleure stabilit\u00e9 sur terrain accident\u00e9.<\/p>\n<h6>Embout de s\u00e9curit\u00e9 \u00e0 coupe large<\/h6>\n<p>Embout en acier de qualit\u00e9 CSA 1 \u00e0 ajustement large, test\u00e9 pour r\u00e9sister \u00e0 un impact de 200 joules, qui prot\u00e8ge contre les risques de chute et d&rsquo;\u00e9crasement.<\/p>\n<h6>Protection anti-crevaison sans m\u00e9tal<\/h6>\n<p>La protection anti-perforation non m\u00e9tallique Lenzi est l\u00e9g\u00e8re et flexible. Elle offre une r\u00e9sistance optimale \u00e0 la p\u00e9n\u00e9tration des clous et des objets tranchants. Homologu\u00e9e CSA.<\/p>\n<h6>Confort tout au long de la journ\u00e9e, m\u00eame sur le b\u00e9ton<\/h6>\n<p>Notre semelle int\u00e9rieure Comfort Classic est fabriqu\u00e9e en EVA souple, recouverte d&rsquo;une maille durable qui favorise la circulation de l&rsquo;air et l&rsquo;\u00e9vacuation de l&rsquo;humidit\u00e9. La protection XRD\u2122 Extreme Impact sous la plante du pied et le talon absorbe jusqu&rsquo;\u00e0 90 % des impacts, pour un confort et un maintien tout au long de la journ\u00e9e, tout en r\u00e9duisant la fatigue. La semelle int\u00e9rieure est respirante et lavable.<\/p>\n<div id=\"accordion--specifications--content\" class=\"accordion__content js-accordion__content\" role=\"region\" hidden=\"\" aria-labelledby=\"accordion-specifications--button\">\n<ul>\n<li>Steel Approved CSA Protective End Cap Class 1<\/li>\n<li>Rubber tip for a longer life<\/li>\n<li>At the test of tempestuous weather, its leather has a thickness of 2.5 mm, a peak in the industry but it 'breathes' for optimal comfort<\/li>\n<li>Internal heel XRD<sup>MC<\/sup> ensuring support and comfort from morning until evening<\/li>\n<li>Intercalated midsole in two-density polyurethane and exterior midsole in thermoplastic polyurethane (TPU): resistant to weather conditions, durable and lightweight, it offers maximum grip<\/li>\n<li>Lenzi's intercalary antiperforation soles: lighter, safer, more flexible, more comfortable, and warmer than steel<\/li>\n<li>They will not disintegrate or detach (since they are injection molded without adhesive or seams)<\/li>\n<li>Anti-slip resistant to heat, oil, acid, and electrical shocks<\/li>\n<li>Molded heel for better fit<\/li>\n<li>Comfortable reclinable EVA seat with XRD<sup>MC<\/sup> in the heel<\/li>\n<li>Approved by CSA<\/li>\n<li>Unisex Boots<\/li>\n<\/ul>\n<\/div>\n<div id=\"accordion--specifications--content\" class=\"accordion__content js-accordion__content\" role=\"region\" hidden=\"\" aria-labelledby=\"accordion-specifications--button\">\n<ul>\n<li>Steel Approved CSA Protective End Cap Class 1<\/li>\n<li>Rubber tip for a longer life<\/li>\n<li>At the test of tempestuous weather, its leather has a thickness of 2.5 mm, a peak in the industry but it 'breathes' for optimal comfort<\/li>\n<li>Internal heel XRD<sup>MC<\/sup> ensuring support and comfort from morning until evening<\/li>\n<li>Intercalated midsole in two-density polyurethane and exterior midsole in thermoplastic polyurethane (TPU): resistant to weather conditions, durable and lightweight, it offers maximum grip<\/li>\n<li>Lenzi's intercalary antiperforation soles: lighter, safer, more flexible, more comfortable, and warmer than steel<\/li>\n<li>They will not disintegrate or detach (since they are injection molded without adhesive or seams)<\/li>\n<li>Anti-slip resistant to heat, oil, acid, and electrical shocks<\/li>\n<li>Molded heel for better fit<\/li>\n<li>Comfortable reclinable EVA seat with XRD<sup>MC<\/sup> in the heel<\/li>\n<li>Approved by CSA<\/li>\n<li>Unisex Boots<\/li>\n<\/ul>\n<\/div>\n<div id=\"accordion--specifications--content\" class=\"accordion__content js-accordion__content\" role=\"region\" hidden=\"\" aria-labelledby=\"accordion-specifications--button\">\n<ul>\n<li>Steel Approved CSA Protective End Cap Class 1<\/li>\n<li>Rubber tip for a longer life<\/li>\n<li>At the test of tempestuous weather, its leather has a thickness of 2.5 mm, a peak in the industry but it 'breathes' for optimal comfort<\/li>\n<li>Internal heel XRD<sup>MC<\/sup> ensuring support and comfort from morning until evening<\/li>\n<li>Intercalated midsole in two-density polyurethane and exterior midsole in thermoplastic polyurethane (TPU): resistant to weather conditions, durable and lightweight, it offers maximum grip<\/li>\n<li>Lenzi's intercalary antiperforation soles: lighter, safer, more flexible, more comfortable, and warmer than steel<\/li>\n<li>They will not disintegrate or detach (since they are injection molded without adhesive or seams)<\/li>\n<li>Anti-slip resistant to heat, oil, acid, and electrical shocks<\/li>\n<li>Molded heel for better fit<\/li>\n<li>Comfortable reclinable EVA seat with XRD<sup>MC<\/sup> in the heel<\/li>\n<li>Approved by CSA<\/li>\n<li>Unisex Boots<\/li>\n<\/ul>\n<\/div>\n<div id=\"accordion--specifications--content\" class=\"accordion__content js-accordion__content\" role=\"region\" hidden=\"\" aria-labelledby=\"accordion-specifications--button\">\n<ul>\n<li>Steel Approved CSA Protective End Cap Class 1<\/li>\n<li>Rubber tip for a longer life<\/li>\n<li>At the test of tempestuous weather, its leather has a thickness of 2.5 mm, a peak in the industry but it 'breathes' for optimal comfort<\/li>\n<li>Internal heel XRD<sup>MC<\/sup> ensuring support and comfort from morning until evening<\/li>\n<li>Intercalated midsole in two-density polyurethane and exterior midsole in thermoplastic polyurethane (TPU): resistant to weather conditions, durable and lightweight, it offers maximum grip<\/li>\n<li>Lenzi's intercalary antiperforation soles: lighter, safer, more flexible, more comfortable, and warmer than steel<\/li>\n<li>They will not disintegrate or detach (since they are injection molded without adhesive or seams)<\/li>\n<li>Anti-slip resistant to heat, oil, acid, and electrical shocks<\/li>\n<li>Molded heel for better fit<\/li>\n<li>Comfortable reclinable EVA seat with XRD<sup>MC<\/sup> in the heel<\/li>\n<li>Approved by CSA<\/li>\n<li>Unisex Boots<\/li>\n<\/ul>\n<\/div>\n<div id=\"accordion--specifications--content\" class=\"accordion__content js-accordion__content\" role=\"region\" hidden=\"\" aria-labelledby=\"accordion-specifications--button\">\n<ul>\n<li>Steel Approved CSA Protective End Cap Class 1<\/li>\n<li>Rubber tip for a longer life<\/li>\n<li>At the test of tempestuous weather, its leather has a thickness of 2.5 mm, a peak in the industry but it 'breathes' for optimal comfort<\/li>\n<li>Internal heel XRD<sup>MC<\/sup> ensuring support and comfort from morning until evening<\/li>\n<li>Intercalated midsole in two-density polyurethane and exterior midsole in thermoplastic polyurethane (TPU): resistant to weather conditions, durable and lightweight, it offers maximum grip<\/li>\n<li>Lenzi's intercalary antiperforation soles: lighter, safer, more flexible, more comfortable, and warmer than steel<\/li>\n<li>They will not disintegrate or detach (since they are injection molded without adhesive or seams)<\/li>\n<li>Anti-slip resistant to heat, oil, acid, and electrical shocks<\/li>\n<li>Molded heel for better fit<\/li>\n<li>Comfortable reclinable EVA seat with XRD<sup>MC<\/sup> in the heel<\/li>\n<li>Approved by CSA<\/li>\n<li>Unisex Boots<\/li>\n<\/ul>\n<\/div>\n<div id=\"accordion--specifications--content\" class=\"accordion__content js-accordion__content\" role=\"region\" hidden=\"\" aria-labelledby=\"accordion-specifications--button\">\n<ul>\n<li>Steel Approved CSA Protective End Cap Class 1<\/li>\n<li>Rubber tip for a longer life<\/li>\n<li>At the test of tempestuous weather, its leather has a thickness of 2.5 mm, a peak in the industry but it 'breathes' for optimal comfort<\/li>\n<li>Internal heel XRD<sup>MC<\/sup> ensuring support and comfort from morning until evening<\/li>\n<li>Intercalated midsole in two-density polyurethane and exterior midsole in thermoplastic polyurethane (TPU): resistant to weather conditions, durable and lightweight, it offers maximum grip<\/li>\n<li>Lenzi's intercalary antiperforation soles: lighter, safer, more flexible, more comfortable, and warmer than steel<\/li>\n<li>They will not disintegrate or detach (since they are injection molded without adhesive or seams)<\/li>\n<li>Anti-slip resistant to heat, oil, acid, and electrical shocks<\/li>\n<li>Molded heel for better fit<\/li>\n<li>Comfortable reclinable EVA seat with XRD<sup>MC<\/sup> in the heel<\/li>\n<li>Approved by CSA<\/li>\n<li>Unisex Boots<\/li>\n<\/ul>\n<\/div>","protected":false},"excerpt":{"rendered":"<p>BLUNDSTONE BOTTILLON DE TRAVAIL &#8211; 162 Le Blundstone bottillon de travail 162 r\u00e9pond \u00e0 tous les crit\u00e8res de s\u00e9curit\u00e9 pour assurer votre protection au travail. Dot\u00e9e d&rsquo;un embout de s\u00e9curit\u00e9 Blundstone en acier, elle garde vos pieds au sec et confortables toute la journ\u00e9e, m\u00eame sur du b\u00e9ton. Flexible, facile \u00e0 enfiler et \u00e0 enlever, [&hellip;]<\/p>","protected":false},"featured_media":15224,"comment_status":"open","ping_status":"closed","template":"","meta":[],"product_cat":[621,602],"product_tag":[260,252,255,242,261,253],"class_list":{"0":"post-30938","1":"product","2":"type-product","3":"status-publish","4":"has-post-thumbnail","6":"product_brand-blundstone","7":"product_cat-bottes-de-travail-6","8":"product_cat-hommes","9":"product_tag-bottillons-de-travail","10":"product_tag-electric-shock-resistant","11":"product_tag-femme","12":"product_tag-homme","13":"product_tag-novago","14":"product_tag-sole-protection","16":"first","17":"instock","18":"taxable","19":"shipping-taxable","20":"purchasable","21":"product-type-variable"},"yoast_head":"<!-- This site is optimized with the Yoast SEO plugin v25.3.1 - https:\/\/yoast.com\/wordpress\/plugins\/seo\/ -->\n<title>BLUNDSTONE BOTTILLON DE TRAVAIL - 162 - Le Magasin Industriel<\/title>\n<meta name=\"description\" content=\"Blundstone bottillon de travail 162 avec protection de l&#039;embout et plaque antiperforation. Ce bottillon est certifi\u00e9 CSA, l\u00e9ger et confortable.\" \/>\n<meta name=\"robots\" content=\"index, follow, max-snippet:-1, max-image-preview:large, max-video-preview:-1\" \/>\n<link rel=\"canonical\" href=\"https:\/\/autravail.ca\/en\/product\/blundstone-bottillon-de-travail-162\/\" \/>\n<meta property=\"og:locale\" content=\"en_US\" \/>\n<meta property=\"og:type\" content=\"article\" \/>\n<meta property=\"og:title\" content=\"BLUNDSTONE BOTTILLON DE TRAVAIL - 162 - Le Magasin Industriel\" \/>\n<meta property=\"og:description\" content=\"Blundstone bottillon de travail 162 avec protection de l&#039;embout et plaque antiperforation. Ce bottillon est certifi\u00e9 CSA, l\u00e9ger et confortable.\" \/>\n<meta property=\"og:url\" content=\"https:\/\/autravail.ca\/en\/product\/blundstone-bottillon-de-travail-162\/\" \/>\n<meta property=\"og:site_name\" content=\"Le Magasin Industriel\" \/>\n<meta property=\"article:publisher\" content=\"https:\/\/www.facebook.com\/lemagasinindustriel\/?locale=fr_FR\" \/>\n<meta property=\"article:modified_time\" content=\"2025-12-05T09:10:54+00:00\" \/>\n<meta property=\"og:image\" content=\"https:\/\/autravail.ca\/wp-content\/uploads\/2025\/05\/B162_A01.jpg\" \/>\n\t<meta property=\"og:image:width\" content=\"1000\" \/>\n\t<meta property=\"og:image:height\" content=\"1000\" \/>\n\t<meta property=\"og:image:type\" content=\"image\/jpeg\" \/>\n<meta name=\"twitter:card\" content=\"summary_large_image\" \/>\n<meta name=\"twitter:label1\" content=\"Est. reading time\" \/>\n\t<meta name=\"twitter:data1\" content=\"8 minutes\" \/>\n<script type=\"application\/ld+json\" class=\"yoast-schema-graph\">{\"@context\":\"https:\/\/schema.org\",\"@graph\":[{\"@type\":\"WebPage\",\"@id\":\"https:\/\/autravail.ca\/product\/blundstone-bottillon-de-travail-162\/\",\"url\":\"https:\/\/autravail.ca\/product\/blundstone-bottillon-de-travail-162\/\",\"name\":\"BLUNDSTONE BOTTILLON DE TRAVAIL - 162 - Le Magasin Industriel\",\"isPartOf\":{\"@id\":\"https:\/\/autravail.ca\/#website\"},\"primaryImageOfPage\":{\"@id\":\"https:\/\/autravail.ca\/product\/blundstone-bottillon-de-travail-162\/#primaryimage\"},\"image\":{\"@id\":\"https:\/\/autravail.ca\/product\/blundstone-bottillon-de-travail-162\/#primaryimage\"},\"thumbnailUrl\":\"https:\/\/autravail.ca\/wp-content\/uploads\/2025\/05\/B162_A01.jpg\",\"datePublished\":\"2025-05-08T06:44:37+00:00\",\"dateModified\":\"2025-12-05T09:10:54+00:00\",\"description\":\"Blundstone bottillon de travail 162 avec protection de l'embout et plaque antiperforation. Ce bottillon est certifi\u00e9 CSA, l\u00e9ger et confortable.\",\"breadcrumb\":{\"@id\":\"https:\/\/autravail.ca\/product\/blundstone-bottillon-de-travail-162\/#breadcrumb\"},\"inLanguage\":\"en-CA\",\"potentialAction\":[{\"@type\":\"ReadAction\",\"target\":[\"https:\/\/autravail.ca\/product\/blundstone-bottillon-de-travail-162\/\"]}]},{\"@type\":\"ImageObject\",\"inLanguage\":\"en-CA\",\"@id\":\"https:\/\/autravail.ca\/product\/blundstone-bottillon-de-travail-162\/#primaryimage\",\"url\":\"https:\/\/autravail.ca\/wp-content\/uploads\/2025\/05\/B162_A01.jpg\",\"contentUrl\":\"https:\/\/autravail.ca\/wp-content\/uploads\/2025\/05\/B162_A01.jpg\",\"width\":1000,\"height\":1000},{\"@type\":\"BreadcrumbList\",\"@id\":\"https:\/\/autravail.ca\/product\/blundstone-bottillon-de-travail-162\/#breadcrumb\",\"itemListElement\":[{\"@type\":\"ListItem\",\"position\":1,\"name\":\"Accueil\",\"item\":\"https:\/\/autravail.ca\/\"},{\"@type\":\"ListItem\",\"position\":2,\"name\":\"Magasin\",\"item\":\"https:\/\/autravail.ca\/en\/shop\/\"},{\"@type\":\"ListItem\",\"position\":3,\"name\":\"BLUNDSTONE BOTTILLON DE TRAVAIL &#8211; 162\"}]},{\"@type\":\"WebSite\",\"@id\":\"https:\/\/autravail.ca\/#website\",\"url\":\"https:\/\/autravail.ca\/\",\"name\":\"Le Magasin Industriel\",\"description\":\"50 ans de tradition de s\u00e9curit\u00e9 au travail\",\"publisher\":{\"@id\":\"https:\/\/autravail.ca\/#organization\"},\"potentialAction\":[{\"@type\":\"SearchAction\",\"target\":{\"@type\":\"EntryPoint\",\"urlTemplate\":\"https:\/\/autravail.ca\/?s={search_term_string}\"},\"query-input\":{\"@type\":\"PropertyValueSpecification\",\"valueRequired\":true,\"valueName\":\"search_term_string\"}}],\"inLanguage\":\"en-CA\"},{\"@type\":\"Organization\",\"@id\":\"https:\/\/autravail.ca\/#organization\",\"name\":\"Le Magasin Industriel\",\"url\":\"https:\/\/autravail.ca\/\",\"logo\":{\"@type\":\"ImageObject\",\"inLanguage\":\"en-CA\",\"@id\":\"https:\/\/autravail.ca\/#\/schema\/logo\/image\/\",\"url\":\"https:\/\/autravail.ca\/wp-content\/uploads\/2025\/05\/cropped-magasin_industriel_120x.avif\",\"contentUrl\":\"https:\/\/autravail.ca\/wp-content\/uploads\/2025\/05\/cropped-magasin_industriel_120x.avif\",\"width\":120,\"height\":24,\"caption\":\"Le Magasin Industriel\"},\"image\":{\"@id\":\"https:\/\/autravail.ca\/#\/schema\/logo\/image\/\"},\"sameAs\":[\"https:\/\/www.facebook.com\/lemagasinindustriel\/?locale=fr_FR\"]}]}<\/script>\n<!-- \/ Yoast SEO plugin. -->","yoast_head_json":{"title":"BLUNDSTONE BOTTILLON DE TRAVAIL - 162 - Le Magasin Industriel","description":"Blundstone bottillon de travail 162 avec protection de l'embout et plaque antiperforation. Ce bottillon est certifi\u00e9 CSA, l\u00e9ger et confortable.","robots":{"index":"index","follow":"follow","max-snippet":"max-snippet:-1","max-image-preview":"max-image-preview:large","max-video-preview":"max-video-preview:-1"},"canonical":"https:\/\/autravail.ca\/en\/product\/blundstone-bottillon-de-travail-162\/","og_locale":"en_US","og_type":"article","og_title":"BLUNDSTONE BOTTILLON DE TRAVAIL - 162 - Le Magasin Industriel","og_description":"Blundstone bottillon de travail 162 avec protection de l'embout et plaque antiperforation. Ce bottillon est certifi\u00e9 CSA, l\u00e9ger et confortable.","og_url":"https:\/\/autravail.ca\/en\/product\/blundstone-bottillon-de-travail-162\/","og_site_name":"Le Magasin Industriel","article_publisher":"https:\/\/www.facebook.com\/lemagasinindustriel\/?locale=fr_FR","article_modified_time":"2025-12-05T09:10:54+00:00","og_image":[{"width":1000,"height":1000,"url":"https:\/\/autravail.ca\/wp-content\/uploads\/2025\/05\/B162_A01.jpg","type":"image\/jpeg"}],"twitter_card":"summary_large_image","twitter_misc":{"Est. reading time":"8 minutes"},"schema":{"@context":"https:\/\/schema.org","@graph":[{"@type":"WebPage","@id":"https:\/\/autravail.ca\/product\/blundstone-bottillon-de-travail-162\/","url":"https:\/\/autravail.ca\/product\/blundstone-bottillon-de-travail-162\/","name":"BLUNDSTONE BOTTILLON DE TRAVAIL - 162 - Le Magasin Industriel","isPartOf":{"@id":"https:\/\/autravail.ca\/#website"},"primaryImageOfPage":{"@id":"https:\/\/autravail.ca\/product\/blundstone-bottillon-de-travail-162\/#primaryimage"},"image":{"@id":"https:\/\/autravail.ca\/product\/blundstone-bottillon-de-travail-162\/#primaryimage"},"thumbnailUrl":"https:\/\/autravail.ca\/wp-content\/uploads\/2025\/05\/B162_A01.jpg","datePublished":"2025-05-08T06:44:37+00:00","dateModified":"2025-12-05T09:10:54+00:00","description":"Blundstone bottillon de travail 162 avec protection de l'embout et plaque antiperforation. Ce bottillon est certifi\u00e9 CSA, l\u00e9ger et confortable.","breadcrumb":{"@id":"https:\/\/autravail.ca\/product\/blundstone-bottillon-de-travail-162\/#breadcrumb"},"inLanguage":"en-CA","potentialAction":[{"@type":"ReadAction","target":["https:\/\/autravail.ca\/product\/blundstone-bottillon-de-travail-162\/"]}]},{"@type":"ImageObject","inLanguage":"en-CA","@id":"https:\/\/autravail.ca\/product\/blundstone-bottillon-de-travail-162\/#primaryimage","url":"https:\/\/autravail.ca\/wp-content\/uploads\/2025\/05\/B162_A01.jpg","contentUrl":"https:\/\/autravail.ca\/wp-content\/uploads\/2025\/05\/B162_A01.jpg","width":1000,"height":1000},{"@type":"BreadcrumbList","@id":"https:\/\/autravail.ca\/product\/blundstone-bottillon-de-travail-162\/#breadcrumb","itemListElement":[{"@type":"ListItem","position":1,"name":"Accueil","item":"https:\/\/autravail.ca\/"},{"@type":"ListItem","position":2,"name":"Magasin","item":"https:\/\/autravail.ca\/en\/shop\/"},{"@type":"ListItem","position":3,"name":"BLUNDSTONE BOTTILLON DE TRAVAIL &#8211; 162"}]},{"@type":"WebSite","@id":"https:\/\/autravail.ca\/#website","url":"https:\/\/autravail.ca\/","name":"Le Magasin Industriel","description":"50 ans de tradition de s\u00e9curit\u00e9 au travail","publisher":{"@id":"https:\/\/autravail.ca\/#organization"},"potentialAction":[{"@type":"SearchAction","target":{"@type":"EntryPoint","urlTemplate":"https:\/\/autravail.ca\/?s={search_term_string}"},"query-input":{"@type":"PropertyValueSpecification","valueRequired":true,"valueName":"search_term_string"}}],"inLanguage":"en-CA"},{"@type":"Organization","@id":"https:\/\/autravail.ca\/#organization","name":"Le Magasin Industriel","url":"https:\/\/autravail.ca\/","logo":{"@type":"ImageObject","inLanguage":"en-CA","@id":"https:\/\/autravail.ca\/#\/schema\/logo\/image\/","url":"https:\/\/autravail.ca\/wp-content\/uploads\/2025\/05\/cropped-magasin_industriel_120x.avif","contentUrl":"https:\/\/autravail.ca\/wp-content\/uploads\/2025\/05\/cropped-magasin_industriel_120x.avif","width":120,"height":24,"caption":"Le Magasin Industriel"},"image":{"@id":"https:\/\/autravail.ca\/#\/schema\/logo\/image\/"},"sameAs":["https:\/\/www.facebook.com\/lemagasinindustriel\/?locale=fr_FR"]}]}},"jetpack_sharing_enabled":true,"_links":{"self":[{"href":"https:\/\/autravail.ca\/en\/wp-json\/wp\/v2\/product\/30938","targetHints":{"allow":["GET"]}}],"collection":[{"href":"https:\/\/autravail.ca\/en\/wp-json\/wp\/v2\/product"}],"about":[{"href":"https:\/\/autravail.ca\/en\/wp-json\/wp\/v2\/types\/product"}],"replies":[{"embeddable":true,"href":"https:\/\/autravail.ca\/en\/wp-json\/wp\/v2\/comments?post=30938"}],"wp:featuredmedia":[{"embeddable":true,"href":"https:\/\/autravail.ca\/en\/wp-json\/wp\/v2\/media\/15224"}],"wp:attachment":[{"href":"https:\/\/autravail.ca\/en\/wp-json\/wp\/v2\/media?parent=30938"}],"wp:term":[{"taxonomy":"product_cat","embeddable":true,"href":"https:\/\/autravail.ca\/en\/wp-json\/wp\/v2\/product_cat?post=30938"},{"taxonomy":"product_tag","embeddable":true,"href":"https:\/\/autravail.ca\/en\/wp-json\/wp\/v2\/product_tag?post=30938"}],"curies":[{"name":"wp","href":"https:\/\/api.w.org\/{rel}","templated":true}]}}