{"id":30936,"date":"2025-05-08T06:44:36","date_gmt":"2025-05-08T06:44:36","guid":{"rendered":"https:\/\/meteoquebec.ca\/?post_type=product&#038;p=30936"},"modified":"2026-02-24T15:24:38","modified_gmt":"2026-02-24T19:24:38","slug":"botte-apex-lace-axml-000","status":"publish","type":"product","link":"https:\/\/autravail.ca\/en\/product\/botte-apex-lace-axml-000\/","title":{"rendered":"Botte Apex Lace &#8211; AXML-000"},"content":{"rendered":"<h3>Botte Apex Lace &#8211; AXML-000<\/h3>\n<p>Botte Apex Lace &#8211; AXML-000 Voici la toute nouvelle collection Apex de The Original Muck Boot Co, con\u00e7ue pour les chasseurs qui n&rsquo;ont peur de rien ou les adeptes d&rsquo;activit\u00e9s de plein air en tous genres qui s&rsquo;aventurent sur des terrains difficiles. La collection Apex convient parfaitement aux longues randonn\u00e9es gr\u00e2ce \u00e0 son agilit\u00e9, son confort et sa protection imperm\u00e9able. La conception 100% imperm\u00e9able associ\u00e9e \u00e0 la doublure respirante en maille prot\u00e8ge bien le pied et offre un bon contr\u00f4le de l&rsquo;humidit\u00e9. Les bottes de la collection vous surprendront par leur l\u00e9g\u00e8ret\u00e9 et leur confort toute la journ\u00e9e. Parfaites pour les terrains difficiles, froids, humides, et surtout DANS LA BOUE.<\/p>\n<h6>Characteristics:<\/h6>\n<ul>\n<li>100% imperm\u00e9able<\/li>\n<li>La doublure en n\u00e9opr\u00e8ne CR Flex-Foam de 4 mm est 100 % imperm\u00e9able et offre des propri\u00e9t\u00e9s exceptionnelles de confort, de flexibilit\u00e9, d&rsquo;absorption des chocs et de r\u00e9tention de la chaleur ; elle s&rsquo;adapte aux contours de votre pied pour r\u00e9sister aux ampoules et au frottement.<\/li>\n<li>Conception \u00e0 lacets pour un ajustement sur mesure<\/li>\n<li>Doublure en maille respirante facilitant la circulation de l&rsquo;air pour am\u00e9liorer le confort et r\u00e9duire la chaleur et l&rsquo;humidit\u00e9.<\/li>\n<li>Assise plantaire double densit\u00e9 avec mousse m\u00e9moire pour un bon amorti<\/li>\n<li>Semelle interm\u00e9diaire en EVA pour un confort l\u00e9ger et pour absorber les chocs<\/li>\n<li>Semelle ext\u00e9rieure en caoutchouc \u00e0 crampons pour une bonne adh\u00e9rence<\/li>\n<li>Premi\u00e8re de propret\u00e9 antimicrobienne bioDEWIX\u2122 avec NZYM\u2122 pour le contr\u00f4le des odeurs et la gestion de l&rsquo;humidit\u00e9.<\/li>\n<li>Languette pour l&rsquo;enfiler et la retirer facilement<\/li>\n<li>Hauteur estim\u00e9e : 15 cm\/ 5,8 po<\/li>\n<li>Estimation de la circonf\u00e9rence maximale du mollet : 25 cm\/ 10 po<\/li>\n<li>Les mesures ont \u00e9t\u00e9 prises \u00e0 partir d&rsquo;une taille 9. Il peut y avoir de l\u00e9g\u00e8res variations en fonction de la taille.<\/li>\n<li>Zone de confort : De z\u00e9ro \u00e0 18\u00b0C \/ 65\u00b0F<\/li>\n<\/ul>\n<p><em><span style=\"color: #fa0b0b;\">Unisex U.S. men's sizes presented. To convert to U.S. women's size, add 2 sizes. Example: 5 U.S. men = 7 U.S. women<\/span><\/em><\/p>\n<p><img decoding=\"async\" class=\"alignnone wp-image-40620\" src=\"https:\/\/autravail.ca\/wp-content\/uploads\/2025\/09\/Jachete-quebec-et-canada.jpg\" alt=\"Logo de l'achat local\" width=\"162\" height=\"139\" \/>Merci d&rsquo;encourager une entreprise 100% d&rsquo;ici!<\/p>\n<p>TS2602H<\/p>","protected":false},"excerpt":{"rendered":"<p>Botte Apex Lace &#8211; AXML-000 Botte Apex Lace &#8211; AXML-000 Voici la toute nouvelle collection Apex de The Original Muck Boot Co, con\u00e7ue pour les chasseurs qui n&rsquo;ont peur de rien ou les adeptes d&rsquo;activit\u00e9s de plein air en tous genres qui s&rsquo;aventurent sur des terrains difficiles. La collection Apex convient parfaitement aux longues randonn\u00e9es [&hellip;]<\/p>","protected":false},"featured_media":15192,"comment_status":"open","ping_status":"closed","template":"","meta":[],"product_cat":[670,602],"product_tag":[242],"class_list":{"0":"post-30936","1":"product","2":"type-product","3":"status-publish","4":"has-post-thumbnail","6":"product_brand-muck","7":"product_cat-bottes-dhiver","8":"product_cat-hommes","9":"product_tag-homme","11":"first","12":"instock","13":"taxable","14":"shipping-taxable","15":"purchasable","16":"product-type-variable"},"yoast_head":"<!-- This site is optimized with the Yoast SEO plugin v25.3.1 - https:\/\/yoast.com\/wordpress\/plugins\/seo\/ -->\n<title>Botte Apex Lace - AXML-000 - Le Magasin Industriel<\/title>\n<meta name=\"description\" content=\"Botte Apex Lace - AXML-000 voici la toute nouvelle collection Apex de The Original Muck Boot Co, con\u00e7ue pour les chasseurs\" \/>\n<meta name=\"robots\" content=\"index, follow, max-snippet:-1, max-image-preview:large, max-video-preview:-1\" \/>\n<link rel=\"canonical\" href=\"https:\/\/autravail.ca\/en\/product\/botte-apex-lace-axml-000\/\" \/>\n<meta property=\"og:locale\" content=\"en_US\" \/>\n<meta property=\"og:type\" content=\"article\" \/>\n<meta property=\"og:title\" content=\"Botte Apex Lace - AXML-000 - Le Magasin Industriel\" \/>\n<meta property=\"og:description\" content=\"Botte Apex Lace - AXML-000 voici la toute nouvelle collection Apex de The Original Muck Boot Co, con\u00e7ue pour les chasseurs\" \/>\n<meta property=\"og:url\" content=\"https:\/\/autravail.ca\/en\/product\/botte-apex-lace-axml-000\/\" \/>\n<meta property=\"og:site_name\" content=\"Le Magasin Industriel\" \/>\n<meta property=\"article:publisher\" content=\"https:\/\/www.facebook.com\/lemagasinindustriel\/?locale=fr_FR\" \/>\n<meta property=\"article:modified_time\" content=\"2026-02-24T19:24:38+00:00\" \/>\n<meta property=\"og:image\" content=\"https:\/\/autravail.ca\/wp-content\/uploads\/2025\/05\/AXML000_A01.jpg\" \/>\n\t<meta property=\"og:image:width\" content=\"800\" \/>\n\t<meta property=\"og:image:height\" content=\"720\" \/>\n\t<meta property=\"og:image:type\" content=\"image\/jpeg\" \/>\n<meta name=\"twitter:card\" content=\"summary_large_image\" \/>\n<meta name=\"twitter:label1\" content=\"Est. reading time\" \/>\n\t<meta name=\"twitter:data1\" content=\"2 minutes\" \/>\n<script type=\"application\/ld+json\" class=\"yoast-schema-graph\">{\"@context\":\"https:\/\/schema.org\",\"@graph\":[{\"@type\":\"WebPage\",\"@id\":\"https:\/\/autravail.ca\/product\/botte-apex-lace-axml-000\/\",\"url\":\"https:\/\/autravail.ca\/product\/botte-apex-lace-axml-000\/\",\"name\":\"Botte Apex Lace - AXML-000 - Le Magasin Industriel\",\"isPartOf\":{\"@id\":\"https:\/\/autravail.ca\/#website\"},\"primaryImageOfPage\":{\"@id\":\"https:\/\/autravail.ca\/product\/botte-apex-lace-axml-000\/#primaryimage\"},\"image\":{\"@id\":\"https:\/\/autravail.ca\/product\/botte-apex-lace-axml-000\/#primaryimage\"},\"thumbnailUrl\":\"https:\/\/autravail.ca\/wp-content\/uploads\/2025\/05\/AXML000_A01.jpg\",\"datePublished\":\"2025-05-08T06:44:36+00:00\",\"dateModified\":\"2026-02-24T19:24:38+00:00\",\"description\":\"Botte Apex Lace - AXML-000 voici la toute nouvelle collection Apex de The Original Muck Boot Co, con\u00e7ue pour les chasseurs\",\"breadcrumb\":{\"@id\":\"https:\/\/autravail.ca\/product\/botte-apex-lace-axml-000\/#breadcrumb\"},\"inLanguage\":\"en-CA\",\"potentialAction\":[{\"@type\":\"ReadAction\",\"target\":[\"https:\/\/autravail.ca\/product\/botte-apex-lace-axml-000\/\"]}]},{\"@type\":\"ImageObject\",\"inLanguage\":\"en-CA\",\"@id\":\"https:\/\/autravail.ca\/product\/botte-apex-lace-axml-000\/#primaryimage\",\"url\":\"https:\/\/autravail.ca\/wp-content\/uploads\/2025\/05\/AXML000_A01.jpg\",\"contentUrl\":\"https:\/\/autravail.ca\/wp-content\/uploads\/2025\/05\/AXML000_A01.jpg\",\"width\":800,\"height\":720,\"caption\":\"Botte Apex Lace - AXML-000\"},{\"@type\":\"BreadcrumbList\",\"@id\":\"https:\/\/autravail.ca\/product\/botte-apex-lace-axml-000\/#breadcrumb\",\"itemListElement\":[{\"@type\":\"ListItem\",\"position\":1,\"name\":\"Accueil\",\"item\":\"https:\/\/autravail.ca\/\"},{\"@type\":\"ListItem\",\"position\":2,\"name\":\"Magasin\",\"item\":\"https:\/\/autravail.ca\/en\/shop\/\"},{\"@type\":\"ListItem\",\"position\":3,\"name\":\"Botte Apex Lace &#8211; AXML-000\"}]},{\"@type\":\"WebSite\",\"@id\":\"https:\/\/autravail.ca\/#website\",\"url\":\"https:\/\/autravail.ca\/\",\"name\":\"Le Magasin Industriel\",\"description\":\"50 ans de tradition de s\u00e9curit\u00e9 au travail\",\"publisher\":{\"@id\":\"https:\/\/autravail.ca\/#organization\"},\"potentialAction\":[{\"@type\":\"SearchAction\",\"target\":{\"@type\":\"EntryPoint\",\"urlTemplate\":\"https:\/\/autravail.ca\/?s={search_term_string}\"},\"query-input\":{\"@type\":\"PropertyValueSpecification\",\"valueRequired\":true,\"valueName\":\"search_term_string\"}}],\"inLanguage\":\"en-CA\"},{\"@type\":\"Organization\",\"@id\":\"https:\/\/autravail.ca\/#organization\",\"name\":\"Le Magasin Industriel\",\"url\":\"https:\/\/autravail.ca\/\",\"logo\":{\"@type\":\"ImageObject\",\"inLanguage\":\"en-CA\",\"@id\":\"https:\/\/autravail.ca\/#\/schema\/logo\/image\/\",\"url\":\"https:\/\/autravail.ca\/wp-content\/uploads\/2025\/05\/cropped-magasin_industriel_120x.avif\",\"contentUrl\":\"https:\/\/autravail.ca\/wp-content\/uploads\/2025\/05\/cropped-magasin_industriel_120x.avif\",\"width\":120,\"height\":24,\"caption\":\"Le Magasin Industriel\"},\"image\":{\"@id\":\"https:\/\/autravail.ca\/#\/schema\/logo\/image\/\"},\"sameAs\":[\"https:\/\/www.facebook.com\/lemagasinindustriel\/?locale=fr_FR\"]}]}<\/script>\n<!-- \/ Yoast SEO plugin. -->","yoast_head_json":{"title":"Botte Apex Lace - AXML-000 - Le Magasin Industriel","description":"Botte Apex Lace - AXML-000 voici la toute nouvelle collection Apex de The Original Muck Boot Co, con\u00e7ue pour les chasseurs","robots":{"index":"index","follow":"follow","max-snippet":"max-snippet:-1","max-image-preview":"max-image-preview:large","max-video-preview":"max-video-preview:-1"},"canonical":"https:\/\/autravail.ca\/en\/product\/botte-apex-lace-axml-000\/","og_locale":"en_US","og_type":"article","og_title":"Botte Apex Lace - AXML-000 - Le Magasin Industriel","og_description":"Botte Apex Lace - AXML-000 voici la toute nouvelle collection Apex de The Original Muck Boot Co, con\u00e7ue pour les chasseurs","og_url":"https:\/\/autravail.ca\/en\/product\/botte-apex-lace-axml-000\/","og_site_name":"Le Magasin Industriel","article_publisher":"https:\/\/www.facebook.com\/lemagasinindustriel\/?locale=fr_FR","article_modified_time":"2026-02-24T19:24:38+00:00","og_image":[{"width":800,"height":720,"url":"https:\/\/autravail.ca\/wp-content\/uploads\/2025\/05\/AXML000_A01.jpg","type":"image\/jpeg"}],"twitter_card":"summary_large_image","twitter_misc":{"Est. reading time":"2 minutes"},"schema":{"@context":"https:\/\/schema.org","@graph":[{"@type":"WebPage","@id":"https:\/\/autravail.ca\/product\/botte-apex-lace-axml-000\/","url":"https:\/\/autravail.ca\/product\/botte-apex-lace-axml-000\/","name":"Botte Apex Lace - AXML-000 - Le Magasin Industriel","isPartOf":{"@id":"https:\/\/autravail.ca\/#website"},"primaryImageOfPage":{"@id":"https:\/\/autravail.ca\/product\/botte-apex-lace-axml-000\/#primaryimage"},"image":{"@id":"https:\/\/autravail.ca\/product\/botte-apex-lace-axml-000\/#primaryimage"},"thumbnailUrl":"https:\/\/autravail.ca\/wp-content\/uploads\/2025\/05\/AXML000_A01.jpg","datePublished":"2025-05-08T06:44:36+00:00","dateModified":"2026-02-24T19:24:38+00:00","description":"Botte Apex Lace - AXML-000 voici la toute nouvelle collection Apex de The Original Muck Boot Co, con\u00e7ue pour les chasseurs","breadcrumb":{"@id":"https:\/\/autravail.ca\/product\/botte-apex-lace-axml-000\/#breadcrumb"},"inLanguage":"en-CA","potentialAction":[{"@type":"ReadAction","target":["https:\/\/autravail.ca\/product\/botte-apex-lace-axml-000\/"]}]},{"@type":"ImageObject","inLanguage":"en-CA","@id":"https:\/\/autravail.ca\/product\/botte-apex-lace-axml-000\/#primaryimage","url":"https:\/\/autravail.ca\/wp-content\/uploads\/2025\/05\/AXML000_A01.jpg","contentUrl":"https:\/\/autravail.ca\/wp-content\/uploads\/2025\/05\/AXML000_A01.jpg","width":800,"height":720,"caption":"Botte Apex Lace - AXML-000"},{"@type":"BreadcrumbList","@id":"https:\/\/autravail.ca\/product\/botte-apex-lace-axml-000\/#breadcrumb","itemListElement":[{"@type":"ListItem","position":1,"name":"Accueil","item":"https:\/\/autravail.ca\/"},{"@type":"ListItem","position":2,"name":"Magasin","item":"https:\/\/autravail.ca\/en\/shop\/"},{"@type":"ListItem","position":3,"name":"Botte Apex Lace &#8211; AXML-000"}]},{"@type":"WebSite","@id":"https:\/\/autravail.ca\/#website","url":"https:\/\/autravail.ca\/","name":"Le Magasin Industriel","description":"50 ans de tradition de s\u00e9curit\u00e9 au travail","publisher":{"@id":"https:\/\/autravail.ca\/#organization"},"potentialAction":[{"@type":"SearchAction","target":{"@type":"EntryPoint","urlTemplate":"https:\/\/autravail.ca\/?s={search_term_string}"},"query-input":{"@type":"PropertyValueSpecification","valueRequired":true,"valueName":"search_term_string"}}],"inLanguage":"en-CA"},{"@type":"Organization","@id":"https:\/\/autravail.ca\/#organization","name":"Le Magasin Industriel","url":"https:\/\/autravail.ca\/","logo":{"@type":"ImageObject","inLanguage":"en-CA","@id":"https:\/\/autravail.ca\/#\/schema\/logo\/image\/","url":"https:\/\/autravail.ca\/wp-content\/uploads\/2025\/05\/cropped-magasin_industriel_120x.avif","contentUrl":"https:\/\/autravail.ca\/wp-content\/uploads\/2025\/05\/cropped-magasin_industriel_120x.avif","width":120,"height":24,"caption":"Le Magasin Industriel"},"image":{"@id":"https:\/\/autravail.ca\/#\/schema\/logo\/image\/"},"sameAs":["https:\/\/www.facebook.com\/lemagasinindustriel\/?locale=fr_FR"]}]}},"jetpack_sharing_enabled":true,"_links":{"self":[{"href":"https:\/\/autravail.ca\/en\/wp-json\/wp\/v2\/product\/30936","targetHints":{"allow":["GET"]}}],"collection":[{"href":"https:\/\/autravail.ca\/en\/wp-json\/wp\/v2\/product"}],"about":[{"href":"https:\/\/autravail.ca\/en\/wp-json\/wp\/v2\/types\/product"}],"replies":[{"embeddable":true,"href":"https:\/\/autravail.ca\/en\/wp-json\/wp\/v2\/comments?post=30936"}],"wp:featuredmedia":[{"embeddable":true,"href":"https:\/\/autravail.ca\/en\/wp-json\/wp\/v2\/media\/15192"}],"wp:attachment":[{"href":"https:\/\/autravail.ca\/en\/wp-json\/wp\/v2\/media?parent=30936"}],"wp:term":[{"taxonomy":"product_cat","embeddable":true,"href":"https:\/\/autravail.ca\/en\/wp-json\/wp\/v2\/product_cat?post=30936"},{"taxonomy":"product_tag","embeddable":true,"href":"https:\/\/autravail.ca\/en\/wp-json\/wp\/v2\/product_tag?post=30936"}],"curies":[{"name":"wp","href":"https:\/\/api.w.org\/{rel}","templated":true}]}}