{"id":30913,"date":"2025-05-08T06:44:11","date_gmt":"2025-05-08T06:44:11","guid":{"rendered":"https:\/\/meteoquebec.ca\/?post_type=product&#038;p=30913"},"modified":"2026-02-24T15:10:39","modified_gmt":"2026-02-24T19:10:39","slug":"botte-dhiver-arctic-asvta-100","status":"publish","type":"product","link":"https:\/\/autravail.ca\/en\/product\/botte-dhiver-arctic-asvta-100\/","title":{"rendered":"Botte d&rsquo;hiver Arctic &#8211; ASVTA-100"},"content":{"rendered":"<h3>Botte d&rsquo;hiver Arctic &#8211; ASVTA-100<\/h3>\n<p>Botte d&rsquo;hiver Arctic &#8211; ASVTA-100. La nouvelle semelle Vibram Arctic Grip All Terrain dot\u00e9e de la nouvelle technologie Vibram XS Trek Evo offre une adh\u00e9rence innovante sur tous les terrains, y compris la glace mouill\u00e9e, la neige, les surfaces mixtes et les sols durs ; b\u00e9n\u00e9ficiez d&rsquo;une adh\u00e9rence sup\u00e9rieure sous toutes les conditions.<\/p>\n<p>L&rsquo;hiver peut \u00eatre impr\u00e9visible, mais vous devriez savoir \u00e0 quoi vous attendre de vos bottes. Voil\u00e0 pourquoi nous avons d\u00e9velopp\u00e9 la Arctic Ice haute avec Arctic Grip. Cette botte de sport haute performance augmente la chaleur de votre pied gr\u00e2ce \u00e0 son chausson en n\u00e9opr\u00e8ne de 8 mm recouvert d&rsquo;une doublure en molleton &#8211; pour une chaleur ultime sous les pires conditions. La conception sur la partie sup\u00e9rieure garde votre botte bien ajust\u00e9e sur la jambe pour garder l&rsquo;air froid \u00e0 l&rsquo;ext\u00e9rieur.<\/p>\n<h6>Characteristics:<\/h6>\n<ul>\n<li>100% imperm\u00e9able<\/li>\n<li>La doublure en n\u00e9opr\u00e8ne CR Flex-Foam de 8 mm est 100 % imperm\u00e9able et offre des propri\u00e9t\u00e9s exceptionnelles de confort, de flexibilit\u00e9, d&rsquo;absorption des chocs et de r\u00e9tention de la chaleur ; elle s&rsquo;adapte aux contours de votre pied pour r\u00e9sister aux ampoules et au frottement.<\/li>\n<li>Doublure en molleton pour plus de chaleur<\/li>\n<li>Semelle interm\u00e9diaire l\u00e9g\u00e8re et amortissante en EVA pour plus de confort<\/li>\n<li>Rev\u00eatement en caoutchouc pour une meilleure protection<\/li>\n<li>Semelle int\u00e9rieure confortable<\/li>\n<li>Premi\u00e8re de propret\u00e9 bioDEWIX\u2122Dry avec NZYM\u2122 pour le contr\u00f4le des odeurs et la gestion de l&rsquo;humidit\u00e9.<\/li>\n<li>Semelle Vibram\u00ae Arctic Grip A.T pour l&rsquo;adh\u00e9rence sur glace mouill\u00e9e et technologie XS Trek Evo pour une durabilit\u00e9 et une adh\u00e9rence am\u00e9lior\u00e9e sur les surfaces humides et s\u00e8ches.<\/li>\n<li>Languette de tirage pour l&rsquo;enfiler et la retirer facilement<\/li>\n<li>Hauteur estim\u00e9e : 43 cm\/ 16,9 po<\/li>\n<li>Estimation de la circonf\u00e9rence maximale du mollet : 38 cm\/ 15 po<\/li>\n<li>Zone de confort : -60\u00b0F \u00e0 30\u00b0F \/ -50\u00b0C \u00e0 -1\u00b0C<\/li>\n<\/ul>\n<p><em><span style=\"color: #fa0b0b;\">Unisex U.S. men's sizes presented. To convert to U.S. women's size, add 2 sizes. Example: 5 U.S. men = 7 U.S. women<\/span><\/em><\/p>\n<p><img decoding=\"async\" class=\"alignnone wp-image-40620\" src=\"https:\/\/autravail.ca\/wp-content\/uploads\/2025\/09\/Jachete-quebec-et-canada.jpg\" alt=\"Logo de l'achat local\" width=\"162\" height=\"139\" \/>Merci d&rsquo;encourager une entreprise 100% d&rsquo;ici!<\/p>\n<p>TS2602H<\/p>","protected":false},"excerpt":{"rendered":"<p>Botte d&rsquo;hiver Arctic &#8211; ASVTA-100 Botte d&rsquo;hiver Arctic &#8211; ASVTA-100. La nouvelle semelle Vibram Arctic Grip All Terrain dot\u00e9e de la nouvelle technologie Vibram XS Trek Evo offre une adh\u00e9rence innovante sur tous les terrains, y compris la glace mouill\u00e9e, la neige, les surfaces mixtes et les sols durs ; b\u00e9n\u00e9ficiez d&rsquo;une adh\u00e9rence sup\u00e9rieure sous [&hellip;]<\/p>","protected":false},"featured_media":15161,"comment_status":"open","ping_status":"closed","template":"","meta":[],"product_cat":[670,633],"product_tag":[255],"class_list":{"0":"post-30913","1":"product","2":"type-product","3":"status-publish","4":"has-post-thumbnail","6":"product_brand-muck","7":"product_cat-bottes-dhiver","8":"product_cat-femmes","9":"product_tag-femme","11":"first","12":"instock","13":"taxable","14":"shipping-taxable","15":"purchasable","16":"product-type-variable"},"yoast_head":"<!-- This site is optimized with the Yoast SEO plugin v25.3.1 - https:\/\/yoast.com\/wordpress\/plugins\/seo\/ -->\n<title>Botte d&#039;hiver Arctic - ASVTA-100 - Le Magasin Industriel<\/title>\n<meta name=\"description\" content=\"Botte d&#039;hiver Arctic - ASVTA-100 semelle Vibram Arctic Grip All Terrain et la nouvelle technologie Vibram XS Trek Evo offre une adh\u00e9rence innovante\" \/>\n<meta name=\"robots\" content=\"index, follow, max-snippet:-1, max-image-preview:large, max-video-preview:-1\" \/>\n<link rel=\"canonical\" href=\"https:\/\/autravail.ca\/en\/product\/botte-dhiver-arctic-asvta-100\/\" \/>\n<meta property=\"og:locale\" content=\"en_US\" \/>\n<meta property=\"og:type\" content=\"article\" \/>\n<meta property=\"og:title\" content=\"Botte d&#039;hiver Arctic - ASVTA-100 - Le Magasin Industriel\" \/>\n<meta property=\"og:description\" content=\"Botte d&#039;hiver Arctic - ASVTA-100 semelle Vibram Arctic Grip All Terrain et la nouvelle technologie Vibram XS Trek Evo offre une adh\u00e9rence innovante\" \/>\n<meta property=\"og:url\" content=\"https:\/\/autravail.ca\/en\/product\/botte-dhiver-arctic-asvta-100\/\" \/>\n<meta property=\"og:site_name\" content=\"Le Magasin Industriel\" \/>\n<meta property=\"article:publisher\" content=\"https:\/\/www.facebook.com\/lemagasinindustriel\/?locale=fr_FR\" \/>\n<meta property=\"article:modified_time\" content=\"2026-02-24T19:10:39+00:00\" \/>\n<meta property=\"og:image\" content=\"https:\/\/autravail.ca\/wp-content\/uploads\/2025\/05\/AS2TV100_A01.jpg\" \/>\n\t<meta property=\"og:image:width\" content=\"800\" \/>\n\t<meta property=\"og:image:height\" content=\"720\" \/>\n\t<meta property=\"og:image:type\" content=\"image\/jpeg\" \/>\n<meta name=\"twitter:card\" content=\"summary_large_image\" \/>\n<meta name=\"twitter:label1\" content=\"Est. reading time\" \/>\n\t<meta name=\"twitter:data1\" content=\"3 minutes\" \/>\n<script type=\"application\/ld+json\" class=\"yoast-schema-graph\">{\"@context\":\"https:\/\/schema.org\",\"@graph\":[{\"@type\":\"WebPage\",\"@id\":\"https:\/\/autravail.ca\/product\/botte-dhiver-arctic-asvta-100\/\",\"url\":\"https:\/\/autravail.ca\/product\/botte-dhiver-arctic-asvta-100\/\",\"name\":\"Botte d'hiver Arctic - ASVTA-100 - Le Magasin Industriel\",\"isPartOf\":{\"@id\":\"https:\/\/autravail.ca\/#website\"},\"primaryImageOfPage\":{\"@id\":\"https:\/\/autravail.ca\/product\/botte-dhiver-arctic-asvta-100\/#primaryimage\"},\"image\":{\"@id\":\"https:\/\/autravail.ca\/product\/botte-dhiver-arctic-asvta-100\/#primaryimage\"},\"thumbnailUrl\":\"https:\/\/autravail.ca\/wp-content\/uploads\/2025\/05\/AS2TV100_A01.jpg\",\"datePublished\":\"2025-05-08T06:44:11+00:00\",\"dateModified\":\"2026-02-24T19:10:39+00:00\",\"description\":\"Botte d'hiver Arctic - ASVTA-100 semelle Vibram Arctic Grip All Terrain et la nouvelle technologie Vibram XS Trek Evo offre une adh\u00e9rence innovante\",\"breadcrumb\":{\"@id\":\"https:\/\/autravail.ca\/product\/botte-dhiver-arctic-asvta-100\/#breadcrumb\"},\"inLanguage\":\"en-CA\",\"potentialAction\":[{\"@type\":\"ReadAction\",\"target\":[\"https:\/\/autravail.ca\/product\/botte-dhiver-arctic-asvta-100\/\"]}]},{\"@type\":\"ImageObject\",\"inLanguage\":\"en-CA\",\"@id\":\"https:\/\/autravail.ca\/product\/botte-dhiver-arctic-asvta-100\/#primaryimage\",\"url\":\"https:\/\/autravail.ca\/wp-content\/uploads\/2025\/05\/AS2TV100_A01.jpg\",\"contentUrl\":\"https:\/\/autravail.ca\/wp-content\/uploads\/2025\/05\/AS2TV100_A01.jpg\",\"width\":800,\"height\":720,\"caption\":\"Botte d'hiver Arctic - ASVTA-100\"},{\"@type\":\"BreadcrumbList\",\"@id\":\"https:\/\/autravail.ca\/product\/botte-dhiver-arctic-asvta-100\/#breadcrumb\",\"itemListElement\":[{\"@type\":\"ListItem\",\"position\":1,\"name\":\"Accueil\",\"item\":\"https:\/\/autravail.ca\/\"},{\"@type\":\"ListItem\",\"position\":2,\"name\":\"Magasin\",\"item\":\"https:\/\/autravail.ca\/en\/shop\/\"},{\"@type\":\"ListItem\",\"position\":3,\"name\":\"Botte d&rsquo;hiver Arctic &#8211; ASVTA-100\"}]},{\"@type\":\"WebSite\",\"@id\":\"https:\/\/autravail.ca\/#website\",\"url\":\"https:\/\/autravail.ca\/\",\"name\":\"Le Magasin Industriel\",\"description\":\"50 ans de tradition de s\u00e9curit\u00e9 au travail\",\"publisher\":{\"@id\":\"https:\/\/autravail.ca\/#organization\"},\"potentialAction\":[{\"@type\":\"SearchAction\",\"target\":{\"@type\":\"EntryPoint\",\"urlTemplate\":\"https:\/\/autravail.ca\/?s={search_term_string}\"},\"query-input\":{\"@type\":\"PropertyValueSpecification\",\"valueRequired\":true,\"valueName\":\"search_term_string\"}}],\"inLanguage\":\"en-CA\"},{\"@type\":\"Organization\",\"@id\":\"https:\/\/autravail.ca\/#organization\",\"name\":\"Le Magasin Industriel\",\"url\":\"https:\/\/autravail.ca\/\",\"logo\":{\"@type\":\"ImageObject\",\"inLanguage\":\"en-CA\",\"@id\":\"https:\/\/autravail.ca\/#\/schema\/logo\/image\/\",\"url\":\"https:\/\/autravail.ca\/wp-content\/uploads\/2025\/05\/cropped-magasin_industriel_120x.avif\",\"contentUrl\":\"https:\/\/autravail.ca\/wp-content\/uploads\/2025\/05\/cropped-magasin_industriel_120x.avif\",\"width\":120,\"height\":24,\"caption\":\"Le Magasin Industriel\"},\"image\":{\"@id\":\"https:\/\/autravail.ca\/#\/schema\/logo\/image\/\"},\"sameAs\":[\"https:\/\/www.facebook.com\/lemagasinindustriel\/?locale=fr_FR\"]}]}<\/script>\n<!-- \/ Yoast SEO plugin. -->","yoast_head_json":{"title":"Botte d'hiver Arctic - ASVTA-100 - Le Magasin Industriel","description":"Botte d'hiver Arctic - ASVTA-100 semelle Vibram Arctic Grip All Terrain et la nouvelle technologie Vibram XS Trek Evo offre une adh\u00e9rence innovante","robots":{"index":"index","follow":"follow","max-snippet":"max-snippet:-1","max-image-preview":"max-image-preview:large","max-video-preview":"max-video-preview:-1"},"canonical":"https:\/\/autravail.ca\/en\/product\/botte-dhiver-arctic-asvta-100\/","og_locale":"en_US","og_type":"article","og_title":"Botte d'hiver Arctic - ASVTA-100 - Le Magasin Industriel","og_description":"Botte d'hiver Arctic - ASVTA-100 semelle Vibram Arctic Grip All Terrain et la nouvelle technologie Vibram XS Trek Evo offre une adh\u00e9rence innovante","og_url":"https:\/\/autravail.ca\/en\/product\/botte-dhiver-arctic-asvta-100\/","og_site_name":"Le Magasin Industriel","article_publisher":"https:\/\/www.facebook.com\/lemagasinindustriel\/?locale=fr_FR","article_modified_time":"2026-02-24T19:10:39+00:00","og_image":[{"width":800,"height":720,"url":"https:\/\/autravail.ca\/wp-content\/uploads\/2025\/05\/AS2TV100_A01.jpg","type":"image\/jpeg"}],"twitter_card":"summary_large_image","twitter_misc":{"Est. reading time":"3 minutes"},"schema":{"@context":"https:\/\/schema.org","@graph":[{"@type":"WebPage","@id":"https:\/\/autravail.ca\/product\/botte-dhiver-arctic-asvta-100\/","url":"https:\/\/autravail.ca\/product\/botte-dhiver-arctic-asvta-100\/","name":"Botte d'hiver Arctic - ASVTA-100 - Le Magasin Industriel","isPartOf":{"@id":"https:\/\/autravail.ca\/#website"},"primaryImageOfPage":{"@id":"https:\/\/autravail.ca\/product\/botte-dhiver-arctic-asvta-100\/#primaryimage"},"image":{"@id":"https:\/\/autravail.ca\/product\/botte-dhiver-arctic-asvta-100\/#primaryimage"},"thumbnailUrl":"https:\/\/autravail.ca\/wp-content\/uploads\/2025\/05\/AS2TV100_A01.jpg","datePublished":"2025-05-08T06:44:11+00:00","dateModified":"2026-02-24T19:10:39+00:00","description":"Botte d'hiver Arctic - ASVTA-100 semelle Vibram Arctic Grip All Terrain et la nouvelle technologie Vibram XS Trek Evo offre une adh\u00e9rence innovante","breadcrumb":{"@id":"https:\/\/autravail.ca\/product\/botte-dhiver-arctic-asvta-100\/#breadcrumb"},"inLanguage":"en-CA","potentialAction":[{"@type":"ReadAction","target":["https:\/\/autravail.ca\/product\/botte-dhiver-arctic-asvta-100\/"]}]},{"@type":"ImageObject","inLanguage":"en-CA","@id":"https:\/\/autravail.ca\/product\/botte-dhiver-arctic-asvta-100\/#primaryimage","url":"https:\/\/autravail.ca\/wp-content\/uploads\/2025\/05\/AS2TV100_A01.jpg","contentUrl":"https:\/\/autravail.ca\/wp-content\/uploads\/2025\/05\/AS2TV100_A01.jpg","width":800,"height":720,"caption":"Botte d'hiver Arctic - ASVTA-100"},{"@type":"BreadcrumbList","@id":"https:\/\/autravail.ca\/product\/botte-dhiver-arctic-asvta-100\/#breadcrumb","itemListElement":[{"@type":"ListItem","position":1,"name":"Accueil","item":"https:\/\/autravail.ca\/"},{"@type":"ListItem","position":2,"name":"Magasin","item":"https:\/\/autravail.ca\/en\/shop\/"},{"@type":"ListItem","position":3,"name":"Botte d&rsquo;hiver Arctic &#8211; ASVTA-100"}]},{"@type":"WebSite","@id":"https:\/\/autravail.ca\/#website","url":"https:\/\/autravail.ca\/","name":"Le Magasin Industriel","description":"50 ans de tradition de s\u00e9curit\u00e9 au travail","publisher":{"@id":"https:\/\/autravail.ca\/#organization"},"potentialAction":[{"@type":"SearchAction","target":{"@type":"EntryPoint","urlTemplate":"https:\/\/autravail.ca\/?s={search_term_string}"},"query-input":{"@type":"PropertyValueSpecification","valueRequired":true,"valueName":"search_term_string"}}],"inLanguage":"en-CA"},{"@type":"Organization","@id":"https:\/\/autravail.ca\/#organization","name":"Le Magasin Industriel","url":"https:\/\/autravail.ca\/","logo":{"@type":"ImageObject","inLanguage":"en-CA","@id":"https:\/\/autravail.ca\/#\/schema\/logo\/image\/","url":"https:\/\/autravail.ca\/wp-content\/uploads\/2025\/05\/cropped-magasin_industriel_120x.avif","contentUrl":"https:\/\/autravail.ca\/wp-content\/uploads\/2025\/05\/cropped-magasin_industriel_120x.avif","width":120,"height":24,"caption":"Le Magasin Industriel"},"image":{"@id":"https:\/\/autravail.ca\/#\/schema\/logo\/image\/"},"sameAs":["https:\/\/www.facebook.com\/lemagasinindustriel\/?locale=fr_FR"]}]}},"jetpack_sharing_enabled":true,"_links":{"self":[{"href":"https:\/\/autravail.ca\/en\/wp-json\/wp\/v2\/product\/30913","targetHints":{"allow":["GET"]}}],"collection":[{"href":"https:\/\/autravail.ca\/en\/wp-json\/wp\/v2\/product"}],"about":[{"href":"https:\/\/autravail.ca\/en\/wp-json\/wp\/v2\/types\/product"}],"replies":[{"embeddable":true,"href":"https:\/\/autravail.ca\/en\/wp-json\/wp\/v2\/comments?post=30913"}],"wp:featuredmedia":[{"embeddable":true,"href":"https:\/\/autravail.ca\/en\/wp-json\/wp\/v2\/media\/15161"}],"wp:attachment":[{"href":"https:\/\/autravail.ca\/en\/wp-json\/wp\/v2\/media?parent=30913"}],"wp:term":[{"taxonomy":"product_cat","embeddable":true,"href":"https:\/\/autravail.ca\/en\/wp-json\/wp\/v2\/product_cat?post=30913"},{"taxonomy":"product_tag","embeddable":true,"href":"https:\/\/autravail.ca\/en\/wp-json\/wp\/v2\/product_tag?post=30913"}],"curies":[{"name":"wp","href":"https:\/\/api.w.org\/{rel}","templated":true}]}}