{"id":30911,"date":"2025-05-08T06:44:10","date_gmt":"2025-05-08T06:44:10","guid":{"rendered":"https:\/\/meteoquebec.ca\/?post_type=product&#038;p=30911"},"modified":"2026-02-24T15:05:07","modified_gmt":"2026-02-24T19:05:07","slug":"botte-arctic-40c-asp-000a","status":"publish","type":"product","link":"https:\/\/autravail.ca\/en\/product\/botte-arctic-40c-asp-000a\/","title":{"rendered":"Botte Arctic -40\u00b0C &#8211; ASP-000A"},"content":{"rendered":"<h3>Botte Arctic -40\u00b0C &#8211; ASP-000A<\/h3>\n<p>Botte Arctic -40\u00b0C &#8211; ASP-000A. La Arctic Sport haute est une botte id\u00e9ale pour les conditions hivernales extr\u00eames. Elle offre une chaleur exceptionnelle gr\u00e2ce \u00e0 sa douce doublure en molleton et son chausson en n\u00e9opr\u00e8ne de 5 mm. Sa conception extensible sur le dessus \u00e9pouse le contour de votre jambe et garde l&rsquo;air froid \u00e0 l&rsquo;ext\u00e9rieur et l&rsquo;air chaud \u00e0 l&rsquo;int\u00e9rieur. Parfaite pour les mollets plus larges. En plus de sa semelle moul\u00e9e en EVA ultraconfortable, la botte est \u00e9galement dot\u00e9e d&rsquo;une mousse thermique de 2 mm pour encore plus de chaleur. La semelle ext\u00e9rieure est robuste et durable, et elle offre une protection efficace dans la boue avec son double renfort sur le dessus du pied, le talon et le tendon d&rsquo;Achille.<\/p>\n<h6>Caraxt\u00e9ristiques:<\/h6>\n<ul>\n<li>100% imperm\u00e9able<\/li>\n<li>La doublure en n\u00e9opr\u00e8ne CR Flex-Foam de 5 mm est 100 % imperm\u00e9able et offre des propri\u00e9t\u00e9s exceptionnelles de confort, de flexibilit\u00e9, d&rsquo;absorption des chocs et de r\u00e9tention de la chaleur ; elle s&rsquo;adapte aux contours de votre pied pour r\u00e9sister aux ampoules et au frottement.<\/li>\n<li>Doublure en molleton pour plus de chaleur<\/li>\n<li>Mousse thermique de 2 mm sous l&rsquo;assise plantaire pour plus de chaleur<\/li>\n<li>Semelle interm\u00e9diaire en EVA l\u00e9g\u00e8re et amortissante pour plus de confort<\/li>\n<li>Semelle ext\u00e9rieure moul\u00e9e MS-1 robuste, solide et durable pour une protection et une stabilit\u00e9 maximales<\/li>\n<li>Languette pour l&rsquo;enfiler et la retirer facilement<\/li>\n<li>Hauteur estim\u00e9e : 42 cm\/ 16,5 po<\/li>\n<li>Estimation de la circonf\u00e9rence maximale du mollet : 42 cm\/ 16,5 po<\/li>\n<li>Zone de confort : -40\u00b0F \u00e0 40\u00b0F \/ -40\u00b0C \u00e0 4\u00b0C<\/li>\n<\/ul>\n<p><em><span style=\"color: #fa0b0b;\">Unisex U.S. men's sizes presented. To convert to U.S. women's size, add 2 sizes. Example: 5 U.S. men = 7 U.S. women<\/span><\/em><\/p>\n<p><img decoding=\"async\" class=\"alignnone wp-image-40620\" src=\"https:\/\/autravail.ca\/wp-content\/uploads\/2025\/09\/Jachete-quebec-et-canada.jpg\" alt=\"Logo de l'achat local\" width=\"162\" height=\"139\" \/>Merci d&rsquo;encourager une entreprise 100% d&rsquo;ici!<\/p>\n<p>TS2602H<\/p>","protected":false},"excerpt":{"rendered":"<p>Botte Arctic -40\u00b0C &#8211; ASP-000A Botte Arctic -40\u00b0C &#8211; ASP-000A. La Arctic Sport haute est une botte id\u00e9ale pour les conditions hivernales extr\u00eames. Elle offre une chaleur exceptionnelle gr\u00e2ce \u00e0 sa douce doublure en molleton et son chausson en n\u00e9opr\u00e8ne de 5 mm. Sa conception extensible sur le dessus \u00e9pouse le contour de votre jambe [&hellip;]<\/p>","protected":false},"featured_media":15141,"comment_status":"open","ping_status":"closed","template":"","meta":[],"product_cat":[670,602],"product_tag":[242],"class_list":{"0":"post-30911","1":"product","2":"type-product","3":"status-publish","4":"has-post-thumbnail","6":"product_brand-muck","7":"product_cat-bottes-dhiver","8":"product_cat-hommes","9":"product_tag-homme","11":"first","12":"instock","13":"taxable","14":"shipping-taxable","15":"purchasable","16":"product-type-variable"},"yoast_head":"<!-- This site is optimized with the Yoast SEO plugin v25.3.1 - https:\/\/yoast.com\/wordpress\/plugins\/seo\/ -->\n<title>Botte Arctic -40\u00b0C - ASP-000A - Le Magasin Industriel<\/title>\n<meta name=\"description\" content=\"Botte Arctic -40\u00b0C - ASP-000A La Arctic Sport haute est une botte id\u00e9ale pour les conditions hivernales extr\u00eames. Elle offre une chaleur exceptionnelle\" \/>\n<meta name=\"robots\" content=\"index, follow, max-snippet:-1, max-image-preview:large, max-video-preview:-1\" \/>\n<link rel=\"canonical\" href=\"https:\/\/autravail.ca\/en\/product\/botte-arctic-40c-asp-000a\/\" \/>\n<meta property=\"og:locale\" content=\"en_US\" \/>\n<meta property=\"og:type\" content=\"article\" \/>\n<meta property=\"og:title\" content=\"Botte Arctic -40\u00b0C - ASP-000A - Le Magasin Industriel\" \/>\n<meta property=\"og:description\" content=\"Botte Arctic -40\u00b0C - ASP-000A La Arctic Sport haute est une botte id\u00e9ale pour les conditions hivernales extr\u00eames. Elle offre une chaleur exceptionnelle\" \/>\n<meta property=\"og:url\" content=\"https:\/\/autravail.ca\/en\/product\/botte-arctic-40c-asp-000a\/\" \/>\n<meta property=\"og:site_name\" content=\"Le Magasin Industriel\" \/>\n<meta property=\"article:publisher\" content=\"https:\/\/www.facebook.com\/lemagasinindustriel\/?locale=fr_FR\" \/>\n<meta property=\"article:modified_time\" content=\"2026-02-24T19:05:07+00:00\" \/>\n<meta property=\"og:image\" content=\"https:\/\/autravail.ca\/wp-content\/uploads\/2025\/05\/ASP000A_A01.jpg\" \/>\n\t<meta property=\"og:image:width\" content=\"800\" \/>\n\t<meta property=\"og:image:height\" content=\"720\" \/>\n\t<meta property=\"og:image:type\" content=\"image\/jpeg\" \/>\n<meta name=\"twitter:card\" content=\"summary_large_image\" \/>\n<meta name=\"twitter:label1\" content=\"Est. reading time\" \/>\n\t<meta name=\"twitter:data1\" content=\"2 minutes\" \/>\n<script type=\"application\/ld+json\" class=\"yoast-schema-graph\">{\"@context\":\"https:\/\/schema.org\",\"@graph\":[{\"@type\":\"WebPage\",\"@id\":\"https:\/\/autravail.ca\/product\/botte-arctic-40c-asp-000a\/\",\"url\":\"https:\/\/autravail.ca\/product\/botte-arctic-40c-asp-000a\/\",\"name\":\"Botte Arctic -40\u00b0C - ASP-000A - Le Magasin Industriel\",\"isPartOf\":{\"@id\":\"https:\/\/autravail.ca\/#website\"},\"primaryImageOfPage\":{\"@id\":\"https:\/\/autravail.ca\/product\/botte-arctic-40c-asp-000a\/#primaryimage\"},\"image\":{\"@id\":\"https:\/\/autravail.ca\/product\/botte-arctic-40c-asp-000a\/#primaryimage\"},\"thumbnailUrl\":\"https:\/\/autravail.ca\/wp-content\/uploads\/2025\/05\/ASP000A_A01.jpg\",\"datePublished\":\"2025-05-08T06:44:10+00:00\",\"dateModified\":\"2026-02-24T19:05:07+00:00\",\"description\":\"Botte Arctic -40\u00b0C - ASP-000A La Arctic Sport haute est une botte id\u00e9ale pour les conditions hivernales extr\u00eames. Elle offre une chaleur exceptionnelle\",\"breadcrumb\":{\"@id\":\"https:\/\/autravail.ca\/product\/botte-arctic-40c-asp-000a\/#breadcrumb\"},\"inLanguage\":\"en-CA\",\"potentialAction\":[{\"@type\":\"ReadAction\",\"target\":[\"https:\/\/autravail.ca\/product\/botte-arctic-40c-asp-000a\/\"]}]},{\"@type\":\"ImageObject\",\"inLanguage\":\"en-CA\",\"@id\":\"https:\/\/autravail.ca\/product\/botte-arctic-40c-asp-000a\/#primaryimage\",\"url\":\"https:\/\/autravail.ca\/wp-content\/uploads\/2025\/05\/ASP000A_A01.jpg\",\"contentUrl\":\"https:\/\/autravail.ca\/wp-content\/uploads\/2025\/05\/ASP000A_A01.jpg\",\"width\":800,\"height\":720,\"caption\":\"Botte Arctic -40\u00b0C - ASP-000A\"},{\"@type\":\"BreadcrumbList\",\"@id\":\"https:\/\/autravail.ca\/product\/botte-arctic-40c-asp-000a\/#breadcrumb\",\"itemListElement\":[{\"@type\":\"ListItem\",\"position\":1,\"name\":\"Accueil\",\"item\":\"https:\/\/autravail.ca\/\"},{\"@type\":\"ListItem\",\"position\":2,\"name\":\"Magasin\",\"item\":\"https:\/\/autravail.ca\/en\/shop\/\"},{\"@type\":\"ListItem\",\"position\":3,\"name\":\"Botte Arctic -40\u00b0C &#8211; ASP-000A\"}]},{\"@type\":\"WebSite\",\"@id\":\"https:\/\/autravail.ca\/#website\",\"url\":\"https:\/\/autravail.ca\/\",\"name\":\"Le Magasin Industriel\",\"description\":\"50 ans de tradition de s\u00e9curit\u00e9 au travail\",\"publisher\":{\"@id\":\"https:\/\/autravail.ca\/#organization\"},\"potentialAction\":[{\"@type\":\"SearchAction\",\"target\":{\"@type\":\"EntryPoint\",\"urlTemplate\":\"https:\/\/autravail.ca\/?s={search_term_string}\"},\"query-input\":{\"@type\":\"PropertyValueSpecification\",\"valueRequired\":true,\"valueName\":\"search_term_string\"}}],\"inLanguage\":\"en-CA\"},{\"@type\":\"Organization\",\"@id\":\"https:\/\/autravail.ca\/#organization\",\"name\":\"Le Magasin Industriel\",\"url\":\"https:\/\/autravail.ca\/\",\"logo\":{\"@type\":\"ImageObject\",\"inLanguage\":\"en-CA\",\"@id\":\"https:\/\/autravail.ca\/#\/schema\/logo\/image\/\",\"url\":\"https:\/\/autravail.ca\/wp-content\/uploads\/2025\/05\/cropped-magasin_industriel_120x.avif\",\"contentUrl\":\"https:\/\/autravail.ca\/wp-content\/uploads\/2025\/05\/cropped-magasin_industriel_120x.avif\",\"width\":120,\"height\":24,\"caption\":\"Le Magasin Industriel\"},\"image\":{\"@id\":\"https:\/\/autravail.ca\/#\/schema\/logo\/image\/\"},\"sameAs\":[\"https:\/\/www.facebook.com\/lemagasinindustriel\/?locale=fr_FR\"]}]}<\/script>\n<!-- \/ Yoast SEO plugin. -->","yoast_head_json":{"title":"Botte Arctic -40\u00b0C - ASP-000A - Le Magasin Industriel","description":"Botte Arctic -40\u00b0C - ASP-000A La Arctic Sport haute est une botte id\u00e9ale pour les conditions hivernales extr\u00eames. Elle offre une chaleur exceptionnelle","robots":{"index":"index","follow":"follow","max-snippet":"max-snippet:-1","max-image-preview":"max-image-preview:large","max-video-preview":"max-video-preview:-1"},"canonical":"https:\/\/autravail.ca\/en\/product\/botte-arctic-40c-asp-000a\/","og_locale":"en_US","og_type":"article","og_title":"Botte Arctic -40\u00b0C - ASP-000A - Le Magasin Industriel","og_description":"Botte Arctic -40\u00b0C - ASP-000A La Arctic Sport haute est une botte id\u00e9ale pour les conditions hivernales extr\u00eames. Elle offre une chaleur exceptionnelle","og_url":"https:\/\/autravail.ca\/en\/product\/botte-arctic-40c-asp-000a\/","og_site_name":"Le Magasin Industriel","article_publisher":"https:\/\/www.facebook.com\/lemagasinindustriel\/?locale=fr_FR","article_modified_time":"2026-02-24T19:05:07+00:00","og_image":[{"width":800,"height":720,"url":"https:\/\/autravail.ca\/wp-content\/uploads\/2025\/05\/ASP000A_A01.jpg","type":"image\/jpeg"}],"twitter_card":"summary_large_image","twitter_misc":{"Est. reading time":"2 minutes"},"schema":{"@context":"https:\/\/schema.org","@graph":[{"@type":"WebPage","@id":"https:\/\/autravail.ca\/product\/botte-arctic-40c-asp-000a\/","url":"https:\/\/autravail.ca\/product\/botte-arctic-40c-asp-000a\/","name":"Botte Arctic -40\u00b0C - ASP-000A - Le Magasin Industriel","isPartOf":{"@id":"https:\/\/autravail.ca\/#website"},"primaryImageOfPage":{"@id":"https:\/\/autravail.ca\/product\/botte-arctic-40c-asp-000a\/#primaryimage"},"image":{"@id":"https:\/\/autravail.ca\/product\/botte-arctic-40c-asp-000a\/#primaryimage"},"thumbnailUrl":"https:\/\/autravail.ca\/wp-content\/uploads\/2025\/05\/ASP000A_A01.jpg","datePublished":"2025-05-08T06:44:10+00:00","dateModified":"2026-02-24T19:05:07+00:00","description":"Botte Arctic -40\u00b0C - ASP-000A La Arctic Sport haute est une botte id\u00e9ale pour les conditions hivernales extr\u00eames. Elle offre une chaleur exceptionnelle","breadcrumb":{"@id":"https:\/\/autravail.ca\/product\/botte-arctic-40c-asp-000a\/#breadcrumb"},"inLanguage":"en-CA","potentialAction":[{"@type":"ReadAction","target":["https:\/\/autravail.ca\/product\/botte-arctic-40c-asp-000a\/"]}]},{"@type":"ImageObject","inLanguage":"en-CA","@id":"https:\/\/autravail.ca\/product\/botte-arctic-40c-asp-000a\/#primaryimage","url":"https:\/\/autravail.ca\/wp-content\/uploads\/2025\/05\/ASP000A_A01.jpg","contentUrl":"https:\/\/autravail.ca\/wp-content\/uploads\/2025\/05\/ASP000A_A01.jpg","width":800,"height":720,"caption":"Botte Arctic -40\u00b0C - ASP-000A"},{"@type":"BreadcrumbList","@id":"https:\/\/autravail.ca\/product\/botte-arctic-40c-asp-000a\/#breadcrumb","itemListElement":[{"@type":"ListItem","position":1,"name":"Accueil","item":"https:\/\/autravail.ca\/"},{"@type":"ListItem","position":2,"name":"Magasin","item":"https:\/\/autravail.ca\/en\/shop\/"},{"@type":"ListItem","position":3,"name":"Botte Arctic -40\u00b0C &#8211; ASP-000A"}]},{"@type":"WebSite","@id":"https:\/\/autravail.ca\/#website","url":"https:\/\/autravail.ca\/","name":"Le Magasin Industriel","description":"50 ans de tradition de s\u00e9curit\u00e9 au travail","publisher":{"@id":"https:\/\/autravail.ca\/#organization"},"potentialAction":[{"@type":"SearchAction","target":{"@type":"EntryPoint","urlTemplate":"https:\/\/autravail.ca\/?s={search_term_string}"},"query-input":{"@type":"PropertyValueSpecification","valueRequired":true,"valueName":"search_term_string"}}],"inLanguage":"en-CA"},{"@type":"Organization","@id":"https:\/\/autravail.ca\/#organization","name":"Le Magasin Industriel","url":"https:\/\/autravail.ca\/","logo":{"@type":"ImageObject","inLanguage":"en-CA","@id":"https:\/\/autravail.ca\/#\/schema\/logo\/image\/","url":"https:\/\/autravail.ca\/wp-content\/uploads\/2025\/05\/cropped-magasin_industriel_120x.avif","contentUrl":"https:\/\/autravail.ca\/wp-content\/uploads\/2025\/05\/cropped-magasin_industriel_120x.avif","width":120,"height":24,"caption":"Le Magasin Industriel"},"image":{"@id":"https:\/\/autravail.ca\/#\/schema\/logo\/image\/"},"sameAs":["https:\/\/www.facebook.com\/lemagasinindustriel\/?locale=fr_FR"]}]}},"jetpack_sharing_enabled":true,"_links":{"self":[{"href":"https:\/\/autravail.ca\/en\/wp-json\/wp\/v2\/product\/30911","targetHints":{"allow":["GET"]}}],"collection":[{"href":"https:\/\/autravail.ca\/en\/wp-json\/wp\/v2\/product"}],"about":[{"href":"https:\/\/autravail.ca\/en\/wp-json\/wp\/v2\/types\/product"}],"replies":[{"embeddable":true,"href":"https:\/\/autravail.ca\/en\/wp-json\/wp\/v2\/comments?post=30911"}],"wp:featuredmedia":[{"embeddable":true,"href":"https:\/\/autravail.ca\/en\/wp-json\/wp\/v2\/media\/15141"}],"wp:attachment":[{"href":"https:\/\/autravail.ca\/en\/wp-json\/wp\/v2\/media?parent=30911"}],"wp:term":[{"taxonomy":"product_cat","embeddable":true,"href":"https:\/\/autravail.ca\/en\/wp-json\/wp\/v2\/product_cat?post=30911"},{"taxonomy":"product_tag","embeddable":true,"href":"https:\/\/autravail.ca\/en\/wp-json\/wp\/v2\/product_tag?post=30911"}],"curies":[{"name":"wp","href":"https:\/\/api.w.org\/{rel}","templated":true}]}}